{"id":1749,"date":"2015-09-25T17:07:36","date_gmt":"2015-09-25T17:07:36","guid":{"rendered":"http:\/\/spanishbreak.com\/barcelona\/?page_id=1749&#038;lang=fr"},"modified":"2025-02-18T14:57:25","modified_gmt":"2025-02-18T14:57:25","slug":"a-propos","status":"publish","type":"page","link":"https:\/\/spanishbreak.com\/barcelona\/fr\/a-propos\/","title":{"rendered":"\u00c0 propos"},"content":{"rendered":"<p>Spanish Break a \u00e9t\u00e9 cr\u00e9\u00e9 en 2005 pour vous aider \u00e0 planifier des enterrements de vie de gar\u00e7on et jeune fille parfaits, activit\u00e9s de groupes ou s\u00e9minaires d\u2019entreprise \u00e0 Barcelone.<\/p>\n<p>Nous sommes fiers de la qualit\u00e9 de nos services, orient\u00e9s vers le client, et\u00a0de la\u00a0flexibilit\u00e9 de nos \u00e9v\u00e9nements que nous organisons.<\/p>\n<p>Nous sommes <strong>bas\u00e9s ici \u00e0 Barcelone<\/strong> et nous connaissons cette ville comme personne. Ceci nous permet de vous offrir des exp\u00e9riences uniques qui correspondent \u00e0 toutes vos attentes\u00a0et pr\u00e9f\u00e9rences. Nous vous offrons une connaissance locale et des conseils\u00a0experts,\u00a0ainsi qu\u2019un accompagnement pour vous assurer que votre \u00e9v\u00e9nement se d\u00e9roule \u00e0 la perfection.<\/p>\n<p>Quelque soit votre envie, nous faisons tout pour transformer votre r\u00eave en r\u00e9alit\u00e9.<\/p>\n<p><iframe loading=\"lazy\" style=\"border: 0;\" src=\"https:\/\/www.google.com\/maps\/embed?pb=!1m18!1m12!1m3!1d4234.09425476189!2d2.161586026183567!3d41.375024164650796!2m3!1f0!2f0!3f0!3m2!1i1024!2i768!4f13.1!3m3!1m2!1s0x12a4a25df4622cd1%3A0x40179eecaded6dc6!2sAv.+del+Para%C5%80lel%2C+91%2C+08015+Barcelona!5e0!3m2!1ses!2ses!4v1449060798432\" width=\"100%\" height=\"250\" frameborder=\"0\" allowfullscreen=\"allowfullscreen\"><\/iframe><\/p>\n<p>T\u00e9l\u00e9phone: +33 680 611 865 (10h00 \u00e0 19h00).<br \/>\nEmail: info@spanishbreak.com<\/p>\n","protected":false},"excerpt":{"rendered":"<p>Spanish Break a \u00e9t\u00e9 cr\u00e9\u00e9 en 2005 pour vous aider \u00e0 planifier des enterrements de vie de gar\u00e7on et jeune fille parfaits, activit\u00e9s de groupes ou s\u00e9minaires d\u2019entreprise \u00e0 Barcelone. Nous sommes fiers de la qualit\u00e9 de nos services, orient\u00e9s vers le client, et\u00a0de la\u00a0flexibilit\u00e9 de nos \u00e9v\u00e9nements que nous organisons. Nous sommes bas\u00e9s ici [&hellip;]<\/p>\n","protected":false},"author":5,"featured_media":0,"parent":0,"menu_order":0,"comment_status":"closed","ping_status":"closed","template":"","meta":{"footnotes":""},"_links":{"self":[{"href":"https:\/\/spanishbreak.com\/barcelona\/fr\/wp-json\/wp\/v2\/pages\/1749"}],"collection":[{"href":"https:\/\/spanishbreak.com\/barcelona\/fr\/wp-json\/wp\/v2\/pages"}],"about":[{"href":"https:\/\/spanishbreak.com\/barcelona\/fr\/wp-json\/wp\/v2\/types\/page"}],"author":[{"embeddable":true,"href":"https:\/\/spanishbreak.com\/barcelona\/fr\/wp-json\/wp\/v2\/users\/5"}],"replies":[{"embeddable":true,"href":"https:\/\/spanishbreak.com\/barcelona\/fr\/wp-json\/wp\/v2\/comments?post=1749"}],"version-history":[{"count":12,"href":"https:\/\/spanishbreak.com\/barcelona\/fr\/wp-json\/wp\/v2\/pages\/1749\/revisions"}],"predecessor-version":[{"id":3346,"href":"https:\/\/spanishbreak.com\/barcelona\/fr\/wp-json\/wp\/v2\/pages\/1749\/revisions\/3346"}],"wp:attachment":[{"href":"https:\/\/spanishbreak.com\/barcelona\/fr\/wp-json\/wp\/v2\/media?parent=1749"}],"curies":[{"name":"wp","href":"https:\/\/api.w.org\/{rel}","templated":true}]}}