{"id":2175,"date":"2015-09-16T10:06:32","date_gmt":"2015-09-16T10:06:32","guid":{"rendered":"http:\/\/spanishbreak.com\/barcelona\/fr\/?page_id=2175"},"modified":"2020-12-14T13:25:36","modified_gmt":"2020-12-14T13:25:36","slug":"moments-inoubliable-barcelone","status":"publish","type":"page","link":"https:\/\/spanishbreak.com\/barcelona\/fr\/","title":{"rendered":"\u00c9v\u00e9nements inoubliables \u00e0 Barcelone !"},"content":{"rendered":"<p>Pour votre prochaine escapade de r\u00eave, vous avez besoin d&rsquo;une ville de r\u00eave. Barcelone regroupe tout. Que vous soyiez un t\u00e9moin \u00e0 la recherche de l&rsquo;EVG le plus fou jamais vu \u00e0 Barcelone, une demoiselle d&rsquo;honneur sur le point d&rsquo;organiser le plus inoubliable&nbsp;des EVJF \u00e0 Barcelone, une coll\u00e8gue qui planifie le s\u00e9minaire d&rsquo;entreprise parfait ou un weekend organis\u00e9 entre amis pour s&rsquo;amuser&nbsp;: nous avons ce qu&rsquo;il vous faut.<br \/>\nSpanishBreak vous donne le pouvoir d&rsquo;organiser votre \u00e9v\u00e9nement de r\u00eave \u00e0 Barcelone, exactement comme vous le souhaitez .<br \/>\nJetez un oeil \u00e0 nos packs qui sont s\u00fbrs de vous garantir d&rsquo;incroyables moments, ou de faire le v\u00f4tre en s\u00e9lectionnant les activit\u00e9s de votre choix. Nous nous occupons du reste.<\/p>\n","protected":false},"excerpt":{"rendered":"<p>Pour votre prochaine escapade de r\u00eave, vous avez besoin d&rsquo;une ville de r\u00eave. Barcelone regroupe tout. Que vous soyiez un t\u00e9moin \u00e0 la recherche de l&rsquo;EVG le plus fou jamais vu \u00e0 Barcelone, une demoiselle d&rsquo;honneur sur le point d&rsquo;organiser le plus inoubliable&nbsp;des EVJF \u00e0 Barcelone, une coll\u00e8gue qui planifie le s\u00e9minaire d&rsquo;entreprise parfait ou [&hellip;]<\/p>\n","protected":false},"author":5,"featured_media":0,"parent":0,"menu_order":0,"comment_status":"open","ping_status":"closed","template":"tpl-home.php","meta":{"footnotes":""},"_links":{"self":[{"href":"https:\/\/spanishbreak.com\/barcelona\/fr\/wp-json\/wp\/v2\/pages\/2175"}],"collection":[{"href":"https:\/\/spanishbreak.com\/barcelona\/fr\/wp-json\/wp\/v2\/pages"}],"about":[{"href":"https:\/\/spanishbreak.com\/barcelona\/fr\/wp-json\/wp\/v2\/types\/page"}],"author":[{"embeddable":true,"href":"https:\/\/spanishbreak.com\/barcelona\/fr\/wp-json\/wp\/v2\/users\/5"}],"replies":[{"embeddable":true,"href":"https:\/\/spanishbreak.com\/barcelona\/fr\/wp-json\/wp\/v2\/comments?post=2175"}],"version-history":[{"count":11,"href":"https:\/\/spanishbreak.com\/barcelona\/fr\/wp-json\/wp\/v2\/pages\/2175\/revisions"}],"predecessor-version":[{"id":3330,"href":"https:\/\/spanishbreak.com\/barcelona\/fr\/wp-json\/wp\/v2\/pages\/2175\/revisions\/3330"}],"wp:attachment":[{"href":"https:\/\/spanishbreak.com\/barcelona\/fr\/wp-json\/wp\/v2\/media?parent=2175"}],"curies":[{"name":"wp","href":"https:\/\/api.w.org\/{rel}","templated":true}]}}