{"id":2188,"date":"2015-09-26T00:41:39","date_gmt":"2015-09-26T00:41:39","guid":{"rendered":"http:\/\/spanishbreak.com\/barcelona\/fr\/?page_id=2188"},"modified":"2016-03-29T10:01:33","modified_gmt":"2016-03-29T10:01:33","slug":"weekend-evjf-a-barcelone","status":"publish","type":"page","link":"https:\/\/spanishbreak.com\/barcelona\/fr\/weekend-evjf-a-barcelone\/","title":{"rendered":"Weekend EVJF \u00e0 Barcelone"},"content":{"rendered":"<p>Le weekend d&rsquo;EVJF&#8230; Quelques mots qui peuvent provoquer la peur dans le coeur de l&rsquo;organisateur, m\u00eame\u00a0s&rsquo;il se sent confiant ! Mais n&rsquo;ayez crainte, nous\u00a0sommes ici pour vous aider dans chaque \u00e9tape et mettons tout en oeuvre pour que la future mari\u00e9e passe l&rsquo;un des meilleurs weekends de sa vie. Si vous pensez d\u00e9j\u00e0 \u00e0 Barcelone comme destination, vous avez d\u00e9j\u00e0 tout gagn\u00e9, cette ville regroupe toutes les envies, peu importe ce que la future mari\u00e9e pr\u00e9f\u00e8re !<\/p>\n<p>Regardez nos \u00e9v\u00e9nements et activit\u00e9s pour \u00e9toffer votre imagination, et vous pouvez vous appuyer sur la connaissance de votre expert local pour vous aider sur le reste.<\/p>\n","protected":false},"excerpt":{"rendered":"<p>Cliquez sur les activit\u00e9s pour avoir plus d&rsquo;informations<\/p>\n","protected":false},"author":5,"featured_media":288,"parent":0,"menu_order":3,"comment_status":"closed","ping_status":"closed","template":"tpl-hen.php","meta":{"footnotes":""},"_links":{"self":[{"href":"https:\/\/spanishbreak.com\/barcelona\/fr\/wp-json\/wp\/v2\/pages\/2188"}],"collection":[{"href":"https:\/\/spanishbreak.com\/barcelona\/fr\/wp-json\/wp\/v2\/pages"}],"about":[{"href":"https:\/\/spanishbreak.com\/barcelona\/fr\/wp-json\/wp\/v2\/types\/page"}],"author":[{"embeddable":true,"href":"https:\/\/spanishbreak.com\/barcelona\/fr\/wp-json\/wp\/v2\/users\/5"}],"replies":[{"embeddable":true,"href":"https:\/\/spanishbreak.com\/barcelona\/fr\/wp-json\/wp\/v2\/comments?post=2188"}],"version-history":[{"count":4,"href":"https:\/\/spanishbreak.com\/barcelona\/fr\/wp-json\/wp\/v2\/pages\/2188\/revisions"}],"predecessor-version":[{"id":2237,"href":"https:\/\/spanishbreak.com\/barcelona\/fr\/wp-json\/wp\/v2\/pages\/2188\/revisions\/2237"}],"wp:featuredmedia":[{"embeddable":true,"href":"https:\/\/spanishbreak.com\/barcelona\/fr\/wp-json\/wp\/v2\/media\/288"}],"wp:attachment":[{"href":"https:\/\/spanishbreak.com\/barcelona\/fr\/wp-json\/wp\/v2\/media?parent=2188"}],"curies":[{"name":"wp","href":"https:\/\/api.w.org\/{rel}","templated":true}]}}