{"id":2190,"date":"2015-09-26T00:41:07","date_gmt":"2015-09-26T00:41:07","guid":{"rendered":"http:\/\/spanishbreak.com\/barcelona\/fr\/?page_id=2190"},"modified":"2016-03-29T09:57:35","modified_gmt":"2016-03-29T09:57:35","slug":"sejour-evg-a-barcelone","status":"publish","type":"page","link":"https:\/\/spanishbreak.com\/barcelona\/fr\/sejour-evg-a-barcelone\/","title":{"rendered":"S\u00e9jour EVG \u00e0 Barcelone"},"content":{"rendered":"<p>L&rsquo;enterrement de vie de gar\u00e7on.<\/p>\n<p>Le dernier gros weekend de libert\u00e9 avant que le futur mari\u00e9 prenne son envol&#8230; La raison parfaite pour pour passer un \u00e9norme et insouciant weekend entre potes !<\/p>\n<p>Barcelone poss\u00e8de tout ce dont un futur mari\u00e9 pourrait avoir besoin : une nourriture incroyable, d&rsquo;excellentes boissons, de superbes plages, le fantastique esprit de f\u00eate espagnol et des activit\u00e9s plus folles les unes que les autres !<\/p>\n<p>Nos connexions avec le business local, les clubs et restaurants, signifient que nous vous mettons en relation avec les meilleurs offres et prix du march\u00e9, afin de vous faire vivre la belle vie de la m\u00e9tropole m\u00e9diterran\u00e9enne pour faire la f\u00eate avec le futur mari\u00e9 ! Nous sommes l\u00e0 \u00e0 chaque \u00e9tape, afin\u00a0de vous assurer\u00a0un weekend inoubliable.<\/p>\n","protected":false},"excerpt":{"rendered":"<p>Cliquez sur les activit\u00e9s pour avoir plus d&rsquo;informations<\/p>\n","protected":false},"author":5,"featured_media":1373,"parent":0,"menu_order":0,"comment_status":"closed","ping_status":"closed","template":"tpl-stag.php","meta":{"footnotes":""},"_links":{"self":[{"href":"https:\/\/spanishbreak.com\/barcelona\/fr\/wp-json\/wp\/v2\/pages\/2190"}],"collection":[{"href":"https:\/\/spanishbreak.com\/barcelona\/fr\/wp-json\/wp\/v2\/pages"}],"about":[{"href":"https:\/\/spanishbreak.com\/barcelona\/fr\/wp-json\/wp\/v2\/types\/page"}],"author":[{"embeddable":true,"href":"https:\/\/spanishbreak.com\/barcelona\/fr\/wp-json\/wp\/v2\/users\/5"}],"replies":[{"embeddable":true,"href":"https:\/\/spanishbreak.com\/barcelona\/fr\/wp-json\/wp\/v2\/comments?post=2190"}],"version-history":[{"count":5,"href":"https:\/\/spanishbreak.com\/barcelona\/fr\/wp-json\/wp\/v2\/pages\/2190\/revisions"}],"predecessor-version":[{"id":2236,"href":"https:\/\/spanishbreak.com\/barcelona\/fr\/wp-json\/wp\/v2\/pages\/2190\/revisions\/2236"}],"wp:featuredmedia":[{"embeddable":true,"href":"https:\/\/spanishbreak.com\/barcelona\/fr\/wp-json\/wp\/v2\/media\/1373"}],"wp:attachment":[{"href":"https:\/\/spanishbreak.com\/barcelona\/fr\/wp-json\/wp\/v2\/media?parent=2190"}],"curies":[{"name":"wp","href":"https:\/\/api.w.org\/{rel}","templated":true}]}}