{"id":2204,"date":"2015-10-13T17:38:37","date_gmt":"2015-10-13T17:38:37","guid":{"rendered":"http:\/\/spanishbreak.com\/barcelona\/fr\/?page_id=2204"},"modified":"2016-03-29T10:31:38","modified_gmt":"2016-03-29T10:31:38","slug":"construisez-votre-propre-evjf-a-barcelone","status":"publish","type":"page","link":"https:\/\/spanishbreak.com\/barcelona\/fr\/weekend-evjf-a-barcelone\/construisez-votre-propre-evjf-a-barcelone\/","title":{"rendered":"Cr\u00e9ez votre propre EVJF \u00e0 Barcelone"},"content":{"rendered":"<p>Le weekend d&rsquo;enterrement de vie de jeune fille&#8230;<\/p>\n<p>Quelques mots qui peuvent provoquer la peur dans le coeur de l&rsquo;organisateur, m\u00eame\u00a0s&rsquo;il se sent confiant ! Mais n&rsquo;ayez crainte, nous\u00a0sommes ici pour vous aider dans chaque \u00e9tape et mettons tout en oeuvre pour que la future mari\u00e9e passe l&rsquo;un des meilleurs weekends de sa vie. Si vous pensez d\u00e9j\u00e0 \u00e0 Barcelone comme destination, vous avez d\u00e9j\u00e0 tout gagn\u00e9, cette ville regroupe toutes les envies, peu importe ce que la future mari\u00e9e pr\u00e9f\u00e8re !<\/p>\n<p>Regardez nos \u00e9v\u00e9nements et activit\u00e9s pour \u00e9toffer votre imagination, et vous pouvez vous appuyer sur la connaissance de votre expert local pour vous aider sur le reste.<\/p>\n","protected":false},"excerpt":{"rendered":"<p>Browse our events and activities to get your imagination flowing, and you can rely on our expert local knowledge to help you with the rest.<\/p>\n","protected":false},"author":5,"featured_media":287,"parent":2188,"menu_order":1,"comment_status":"closed","ping_status":"closed","template":"tpl-hen-build.php","meta":{"footnotes":""},"_links":{"self":[{"href":"https:\/\/spanishbreak.com\/barcelona\/fr\/wp-json\/wp\/v2\/pages\/2204"}],"collection":[{"href":"https:\/\/spanishbreak.com\/barcelona\/fr\/wp-json\/wp\/v2\/pages"}],"about":[{"href":"https:\/\/spanishbreak.com\/barcelona\/fr\/wp-json\/wp\/v2\/types\/page"}],"author":[{"embeddable":true,"href":"https:\/\/spanishbreak.com\/barcelona\/fr\/wp-json\/wp\/v2\/users\/5"}],"replies":[{"embeddable":true,"href":"https:\/\/spanishbreak.com\/barcelona\/fr\/wp-json\/wp\/v2\/comments?post=2204"}],"version-history":[{"count":3,"href":"https:\/\/spanishbreak.com\/barcelona\/fr\/wp-json\/wp\/v2\/pages\/2204\/revisions"}],"predecessor-version":[{"id":2224,"href":"https:\/\/spanishbreak.com\/barcelona\/fr\/wp-json\/wp\/v2\/pages\/2204\/revisions\/2224"}],"up":[{"embeddable":true,"href":"https:\/\/spanishbreak.com\/barcelona\/fr\/wp-json\/wp\/v2\/pages\/2188"}],"wp:featuredmedia":[{"embeddable":true,"href":"https:\/\/spanishbreak.com\/barcelona\/fr\/wp-json\/wp\/v2\/media\/287"}],"wp:attachment":[{"href":"https:\/\/spanishbreak.com\/barcelona\/fr\/wp-json\/wp\/v2\/media?parent=2204"}],"curies":[{"name":"wp","href":"https:\/\/api.w.org\/{rel}","templated":true}]}}