{"id":2206,"date":"2015-10-13T17:38:24","date_gmt":"2015-10-13T17:38:24","guid":{"rendered":"http:\/\/spanishbreak.com\/barcelona\/fr\/?page_id=2206"},"modified":"2016-03-29T10:39:08","modified_gmt":"2016-03-29T10:39:08","slug":"packs-weekend-evjf-a-barcelone","status":"publish","type":"page","link":"https:\/\/spanishbreak.com\/barcelona\/fr\/weekend-evjf-a-barcelone\/packs-weekend-evjf-a-barcelone\/","title":{"rendered":"Packs Weekend EVJF \u00e0 Barcelone"},"content":{"rendered":"<p>Avec ces packs nous vous garantissons que la future mari\u00e9e passera l&rsquo;un des meilleurs weekends de sa vie ! Que la future mari\u00e9e soit une fan de bons plats ou une grande f\u00eatarde, ces packs\u00a0ont \u00e9t\u00e9 pens\u00e9 pour toutes les envies !<\/p>\n<p>&nbsp;<\/p>\n","protected":false},"excerpt":{"rendered":"<p>Regardez nos \u00e9v\u00e9nements et activit\u00e9s pour stimuler votre imagination, et vous pouvez faire confiance \u00e0 notre expertise locale pour vous aider sur le reste.<\/p>\n","protected":false},"author":5,"featured_media":287,"parent":2188,"menu_order":2,"comment_status":"closed","ping_status":"closed","template":"tpl-hen-readymade.php","meta":{"footnotes":""},"_links":{"self":[{"href":"https:\/\/spanishbreak.com\/barcelona\/fr\/wp-json\/wp\/v2\/pages\/2206"}],"collection":[{"href":"https:\/\/spanishbreak.com\/barcelona\/fr\/wp-json\/wp\/v2\/pages"}],"about":[{"href":"https:\/\/spanishbreak.com\/barcelona\/fr\/wp-json\/wp\/v2\/types\/page"}],"author":[{"embeddable":true,"href":"https:\/\/spanishbreak.com\/barcelona\/fr\/wp-json\/wp\/v2\/users\/5"}],"replies":[{"embeddable":true,"href":"https:\/\/spanishbreak.com\/barcelona\/fr\/wp-json\/wp\/v2\/comments?post=2206"}],"version-history":[{"count":3,"href":"https:\/\/spanishbreak.com\/barcelona\/fr\/wp-json\/wp\/v2\/pages\/2206\/revisions"}],"predecessor-version":[{"id":2239,"href":"https:\/\/spanishbreak.com\/barcelona\/fr\/wp-json\/wp\/v2\/pages\/2206\/revisions\/2239"}],"up":[{"embeddable":true,"href":"https:\/\/spanishbreak.com\/barcelona\/fr\/wp-json\/wp\/v2\/pages\/2188"}],"wp:featuredmedia":[{"embeddable":true,"href":"https:\/\/spanishbreak.com\/barcelona\/fr\/wp-json\/wp\/v2\/media\/287"}],"wp:attachment":[{"href":"https:\/\/spanishbreak.com\/barcelona\/fr\/wp-json\/wp\/v2\/media?parent=2206"}],"curies":[{"name":"wp","href":"https:\/\/api.w.org\/{rel}","templated":true}]}}