{"id":2209,"date":"2015-10-13T17:41:17","date_gmt":"2015-10-13T17:41:17","guid":{"rendered":"http:\/\/spanishbreak.com\/barcelona\/fr\/?page_id=2209"},"modified":"2016-03-29T10:28:39","modified_gmt":"2016-03-29T10:28:39","slug":"creez-votre-propre-evg-a-barcelone","status":"publish","type":"page","link":"https:\/\/spanishbreak.com\/barcelona\/fr\/sejour-evg-a-barcelone\/creez-votre-propre-evg-a-barcelone\/","title":{"rendered":"Cr\u00e9ez votre propre EVG \u00e0 Barcelone"},"content":{"rendered":"<p>Votre EVG \u00e0\u00a0Barcelone, comme\u00a0vous le souhaitez.<\/p>\n","protected":false},"excerpt":{"rendered":"<p>Votre EVG \u00e0\u00a0Barcelone, comme\u00a0vous le souhaitez.<\/p>\n","protected":false},"author":5,"featured_media":736,"parent":2190,"menu_order":0,"comment_status":"closed","ping_status":"closed","template":"tpl-stag-build.php","meta":{"footnotes":""},"_links":{"self":[{"href":"https:\/\/spanishbreak.com\/barcelona\/fr\/wp-json\/wp\/v2\/pages\/2209"}],"collection":[{"href":"https:\/\/spanishbreak.com\/barcelona\/fr\/wp-json\/wp\/v2\/pages"}],"about":[{"href":"https:\/\/spanishbreak.com\/barcelona\/fr\/wp-json\/wp\/v2\/types\/page"}],"author":[{"embeddable":true,"href":"https:\/\/spanishbreak.com\/barcelona\/fr\/wp-json\/wp\/v2\/users\/5"}],"replies":[{"embeddable":true,"href":"https:\/\/spanishbreak.com\/barcelona\/fr\/wp-json\/wp\/v2\/comments?post=2209"}],"version-history":[{"count":2,"href":"https:\/\/spanishbreak.com\/barcelona\/fr\/wp-json\/wp\/v2\/pages\/2209\/revisions"}],"predecessor-version":[{"id":2223,"href":"https:\/\/spanishbreak.com\/barcelona\/fr\/wp-json\/wp\/v2\/pages\/2209\/revisions\/2223"}],"up":[{"embeddable":true,"href":"https:\/\/spanishbreak.com\/barcelona\/fr\/wp-json\/wp\/v2\/pages\/2190"}],"wp:featuredmedia":[{"embeddable":true,"href":"https:\/\/spanishbreak.com\/barcelona\/fr\/wp-json\/wp\/v2\/media\/736"}],"wp:attachment":[{"href":"https:\/\/spanishbreak.com\/barcelona\/fr\/wp-json\/wp\/v2\/media?parent=2209"}],"curies":[{"name":"wp","href":"https:\/\/api.w.org\/{rel}","templated":true}]}}