{"id":2211,"date":"2015-10-12T15:11:13","date_gmt":"2015-10-12T15:11:13","guid":{"rendered":"http:\/\/spanishbreak.com\/barcelona\/fr\/?page_id=2211"},"modified":"2016-03-29T10:39:30","modified_gmt":"2016-03-29T10:39:30","slug":"packs-evg-a-barcelone","status":"publish","type":"page","link":"https:\/\/spanishbreak.com\/barcelona\/fr\/sejour-evg-a-barcelone\/packs-evg-a-barcelone\/","title":{"rendered":"Packs EVG \u00e0 Barcelone"},"content":{"rendered":"<p>Le futur mari\u00e9 est-il un f\u00eatard, un fou de sport ou un homme \u00e9l\u00e9gant et sophistiqu\u00e9 ? Peu importe, son bonheur se trouve dans l&rsquo;un de ces packs ! Nous vous avons \u00e9labor\u00e9 des packs correspondant \u00e0 chaque envie pour un EVG de folie \u00e0 Barcelone.<\/p>\n","protected":false},"excerpt":{"rendered":"<p>Regardez nos \u00e9v\u00e9nements et activit\u00e9s pour stimuler votre imagination, et vous pouvez faire confiance \u00e0 notre expertise locale pour vous aider sur le reste.<\/p>\n","protected":false},"author":5,"featured_media":736,"parent":2190,"menu_order":0,"comment_status":"closed","ping_status":"closed","template":"tpl-stag-readymade.php","meta":{"footnotes":""},"_links":{"self":[{"href":"https:\/\/spanishbreak.com\/barcelona\/fr\/wp-json\/wp\/v2\/pages\/2211"}],"collection":[{"href":"https:\/\/spanishbreak.com\/barcelona\/fr\/wp-json\/wp\/v2\/pages"}],"about":[{"href":"https:\/\/spanishbreak.com\/barcelona\/fr\/wp-json\/wp\/v2\/types\/page"}],"author":[{"embeddable":true,"href":"https:\/\/spanishbreak.com\/barcelona\/fr\/wp-json\/wp\/v2\/users\/5"}],"replies":[{"embeddable":true,"href":"https:\/\/spanishbreak.com\/barcelona\/fr\/wp-json\/wp\/v2\/comments?post=2211"}],"version-history":[{"count":2,"href":"https:\/\/spanishbreak.com\/barcelona\/fr\/wp-json\/wp\/v2\/pages\/2211\/revisions"}],"predecessor-version":[{"id":2240,"href":"https:\/\/spanishbreak.com\/barcelona\/fr\/wp-json\/wp\/v2\/pages\/2211\/revisions\/2240"}],"up":[{"embeddable":true,"href":"https:\/\/spanishbreak.com\/barcelona\/fr\/wp-json\/wp\/v2\/pages\/2190"}],"wp:featuredmedia":[{"embeddable":true,"href":"https:\/\/spanishbreak.com\/barcelona\/fr\/wp-json\/wp\/v2\/media\/736"}],"wp:attachment":[{"href":"https:\/\/spanishbreak.com\/barcelona\/fr\/wp-json\/wp\/v2\/media?parent=2211"}],"curies":[{"name":"wp","href":"https:\/\/api.w.org\/{rel}","templated":true}]}}