{"id":2243,"date":"2016-02-22T16:31:04","date_gmt":"2016-02-22T16:31:04","guid":{"rendered":"http:\/\/spanishbreak.com\/barcelona\/fr\/?page_id=2243"},"modified":"2016-03-31T11:56:29","modified_gmt":"2016-03-31T11:56:29","slug":"faqs","status":"publish","type":"page","link":"https:\/\/spanishbreak.com\/barcelona\/fr\/faqs\/","title":{"rendered":"FAQs"},"content":{"rendered":"<h3>Pourquoi\u00a0SpanishBreak ?<\/h3>\n<hr style=\"border-color: grey;\" \/>\n<p><i class=\"fa fa-question-circle\"><\/i><strong>Pourquoi SpanishBreak est-elle la meilleure agence pour moi\u00a0?<\/strong><\/p>\n<div style=\"padding-left: 1em; margin-bottom: 2em;\">\n<p>Il y a cinq raisons fantastiques pour r\u00e9server via SpanishBreak :\u00a0<em>SpanishBreak s&rsquo;est occup\u00e9 \u00e0 merveille de ses clients depuis 10 ans.<\/em><\/p>\n<p>SpanishBreak a \u00e9t\u00e9 cr\u00e9\u00e9 en 2005 pour aider les futur(e)s mari\u00e9(e)s et amis \u00e0 profiter de la magnifique ville de Barcelone.<\/p>\n<p><em>SpanishBreak poss\u00e8de\u00a0une agence locale bas\u00e9e \u00e0 Barcelone.<\/em><\/p>\n<p>Toute l&rsquo;\u00e9quipe de SpanishBreak est bas\u00e9e \u00e0\u00a0Barcelone et sait comment la ville fonctionne. Avec plus de\u00a01700 \u00e9v\u00e9nements organis\u00e9s, SpanishBreak a des relations tr\u00e8s privil\u00e9gi\u00e9es\u00a0avec les meilleurs restaurants, clubs et entreprises.<\/p>\n<p><em>SpanishBreak est\u00a0flexible.<\/em><\/p>\n<p>L&rsquo;\u00e9quipe de SpanishBreak comprend que lorsqu&rsquo;il s&rsquo;agit d&rsquo;organiser un \u00e9v\u00e9nement \u00e0 plusieurs, des impr\u00e9vus peuvent avoir lieu \u00e0 la derni\u00e8re minute. C&rsquo;est pourquoi nous vous offrons la possibilit\u00e9 de faire des ajustements \u00e0 votre itin\u00e9raire jusqu&rsquo;\u00e0 4 semaines avant votre arriv\u00e9e.<\/p>\n<p><em>SpanishBreak peut vous aider lorsque vous \u00eates ici.<\/em><\/p>\n<p>Avec toute l&rsquo;\u00e9quipe bas\u00e9e \u00e0 Barcelone, vous \u00eates assur\u00e9 d&rsquo;une assistance 24h\/24 par un simple appel.\u00a0.<\/p>\n<p><em>SpanishBreak\u00a0vous propose plusieurs\u00a0options de paiement.<\/em><\/p>\n<p>SpanishBreak comprend qu&rsquo;il n&rsquo;est pas toujours facile de proc\u00e9der \u00e0 un paiement en une fois, c&rsquo;est pour cela que nous vous proposons plusieurs options de paiement dont vous pouvez discuter avec votre organisateur de soir\u00e9es.<\/p>\n<\/div>\n<h3 style=\"margin-top: 5em !important;\">R\u00e9servation<\/h3>\n<hr style=\"border-color: grey;\" \/>\n<p><i class=\"fa fa-question-circle\"><\/i><strong>Comment r\u00e9server avec\u00a0SpanishBreak ?<\/strong><\/p>\n<div style=\"padding-left: 1em; margin-bottom: 2em;\">Il y a un processus tr\u00e8s simple pour r\u00e9server avec\u00a0SpanishBreak, qui commence par une acompte initial via notre site internet. Vous serez guid\u00e9 par un de nos experts pour le reste du processus. Si vous souhaitez plus d&rsquo;informations quant aux r\u00e8gles de r\u00e9servation, merci de vous r\u00e9ferrer aux Termes et Conditions.<\/div>\n<p><i class=\"fa fa-question-circle\"><\/i>\u00a0<strong>Quand dois-je effectuer ma r\u00e9servation\u00a0?<\/strong><\/p>\n<div style=\"padding-left: 1em; margin-bottom: 2em;\">Quand il s&rsquo;agit d&rsquo;\u00e9v\u00e9nement, le plus t\u00f4t possible ! Plus vous r\u00e9servez rapidement, plus vous avez des chances d&rsquo;obtenir les meilleurs prix, offres et disponibilit\u00e9s. N&rsquo;h\u00e9sitez pas \u00e0 vous rapprocher d&rsquo;un de nos experts pour en discuter.<\/div>\n<p><i class=\"fa fa-question-circle\"><\/i>\u00a0<strong>Quel genre d&rsquo;acompte est requis\u00a0?<\/strong><\/p>\n<div style=\"padding-left: 1em; margin-bottom: 2em;\">Nous demandons seulement un acompte initial de 50\u20ac pour votre groupe. Apr\u00e8s ce paiement nos experts \u00e9tabliront un itin\u00e9raire vous proposant les meilleurs prix et reviendront vers vous avec un devis mis \u00e0 jour.<\/div>\n<p><i class=\"fa fa-question-circle\"><\/i>\u00a0<strong>Comment puis-je effectuer un paiement \u00e0 SpanishBreak?<\/strong><\/p>\n<div style=\"padding-left: 1em; margin-bottom: 2em;\">Vous pouvez faire un paiement via notre serveur s\u00e9curis\u00e9 en ligne ou par t\u00e9l\u00e9phone. Nous sommes situ\u00e9s \u00e0\u00a0Barcelone, et sommes heureux de pouvoir vous offrir la possibilit\u00e9 de nous payer 50% en esp\u00e8ce lors de votre arriv\u00e9e.<\/div>\n<p><i class=\"fa fa-question-circle\"><\/i>\u00a0<strong>L&rsquo;\u00e9v\u00e9nement approche mais nous n&rsquo;avons toujours rien r\u00e9serv\u00e9 &#8211; comment\u00a0SpanishBreak peut m&rsquo;aider\u00a0?\u00a0<\/strong><\/p>\n<div style=\"padding-left: 1em; margin-bottom: 2em;\">Nous sommes bas\u00e9s\u00a0\u00e0 Barcelone et avons des rapports privil\u00e9gi\u00e9s avec les restaurants, clubs et entreprises d&rsquo;ici. N&rsquo;h\u00e9sitez pas \u00e0 nous contacter dans les plus brefs d\u00e9lais pour voir ce que nous pouvons faire pour vous.<\/div>\n<h3 style=\"margin-top: 5em !important;\">Vols<\/h3>\n<hr style=\"border-color: grey;\" \/>\n<p><i class=\"fa fa-question-circle\"><\/i><strong>\u00a0Est-il possible pour mon groupe de r\u00e9server des billets avec\u00a0SpanishBreak?<\/strong><\/p>\n<div style=\"padding-left: 1em; margin-bottom: 2em;\">Sachant qu&rsquo;il y a toujours dans un groupe diff\u00e9rents arrangements entre les personnes, il est bien plus simple de vous charger de la r\u00e9servation de vos vols. Notre \u00e9quipe est disponible pour vous conseiller et vous aider si besoin.<\/div>\n<h3 style=\"margin-top: 5em !important;\">H\u00e9bergement<\/h3>\n<hr style=\"border-color: grey;\" \/>\n<p><i class=\"fa fa-question-circle\"><\/i>\u00a0<strong>O\u00f9 se situe l&rsquo;h\u00e9bergement\u00a0?<\/strong><\/p>\n<div style=\"padding-left: 1em; margin-bottom: 2em;\">Chez\u00a0SpanishBreak nous avons de tr\u00e8s bons rapports avec les h\u00f4tels, auberges et appartements priv\u00e9s de Barcelone. Tenez nous inform\u00e9 de vos pr\u00e9f\u00e9rences et notre \u00e9quipe se chargera du reste.<\/div>\n<p><i class=\"fa fa-question-circle\"><\/i>\u00a0<strong>Quel type d\u00b4h\u00e9bergement avez-vous?<\/strong><\/p>\n<div style=\"padding-left: 1em; margin-bottom: 2em;\">Nous pouvons vos proposer plusieurs options : appartements, auberges, logements low-cost, h\u00f4tels *** et ****.<\/div>\n<h3 style=\"margin-top: 5em !important;\">Activities<\/h3>\n<hr style=\"border-color: grey;\" \/>\n<p><i class=\"fa fa-question-circle\"><\/i>\u00a0<strong>Qu&rsquo;est ce qui diff\u00e9rencie les activit\u00e9s de\u00a0SpanishBreak \u00e0 celles d&rsquo;autres agences\u00a0?<\/strong><\/p>\n<div style=\"padding-left: 1em; margin-bottom: 2em;\">Nous somes bas\u00e9s \u00e0\u00a0Barcelone donc nous connaissons mieux que personne la ville et les entreprises ! Peu importe votre envie, nous pouvons vous trouver les meilleurs prix selon vos dates et itin\u00e9raires.<\/div>\n<p><i class=\"fa fa-question-circle\"><\/i>\u00a0<strong>Puis-je choisir l&rsquo;heure exacte de mes activit\u00e9s ?<\/strong><\/p>\n<div style=\"padding-left: 1em; margin-bottom: 2em;\">Notre \u00e9quipe fera son maximum\u00a0pour vous assurer d&rsquo;obtenir les heures qui vous arrangent, alors r\u00e9servez le plus t\u00f4t possible ! Un peu de flexibilit\u00e9 vous aidera \u00e0 vous assurer d&rsquo;obtenir les activit\u00e9s de votre choix durant votre weekend.<\/div>\n<h3 style=\"margin-top: 5em !important;\">Autres\u00a0Questions<\/h3>\n<hr style=\"border-color: grey;\" \/>\n<p><i class=\"fa fa-question-circle\"><\/i>\u00a0<strong>Avez-vous des\u00a0Termes et\u00a0Conditions?<\/strong><\/p>\n<div style=\"padding-left: 1em; margin-bottom: 2em;\">Bien entendu\u00a0! Vous pouvez les trouver sur notre site web dans la partie Termes et Conditions.<\/div>\n<p><i class=\"fa fa-question-circle\"><\/i>\u00a0<strong>Quelle sera l&rsquo;assistance et aide propos\u00e9e \u00e0 mon groupe pendant le\u00a0weekend?<\/strong><\/p>\n<div style=\"padding-left: 1em; margin-bottom: 2em;\">Toute l&rsquo;\u00e9quipe\u00a0SpanishBreak est bas\u00e9e \u00e0\u00a0Barcelone et nous sommes fiers de pouvoir vous offrir une assistance 24h\/24 en cas de probl\u00e8me.<\/div>\n","protected":false},"excerpt":{"rendered":"<p>Pourquoi\u00a0SpanishBreak ? Pourquoi SpanishBreak est-elle la meilleure agence pour moi\u00a0? Il y a cinq raisons fantastiques pour r\u00e9server via SpanishBreak :\u00a0SpanishBreak s&rsquo;est occup\u00e9 \u00e0 merveille de ses clients depuis 10 ans. SpanishBreak a \u00e9t\u00e9 cr\u00e9\u00e9 en 2005 pour aider les futur(e)s mari\u00e9(e)s et amis \u00e0 profiter de la magnifique ville de Barcelone. SpanishBreak poss\u00e8de\u00a0une agence [&hellip;]<\/p>\n","protected":false},"author":5,"featured_media":0,"parent":0,"menu_order":0,"comment_status":"closed","ping_status":"closed","template":"","meta":{"footnotes":""},"_links":{"self":[{"href":"https:\/\/spanishbreak.com\/barcelona\/fr\/wp-json\/wp\/v2\/pages\/2243"}],"collection":[{"href":"https:\/\/spanishbreak.com\/barcelona\/fr\/wp-json\/wp\/v2\/pages"}],"about":[{"href":"https:\/\/spanishbreak.com\/barcelona\/fr\/wp-json\/wp\/v2\/types\/page"}],"author":[{"embeddable":true,"href":"https:\/\/spanishbreak.com\/barcelona\/fr\/wp-json\/wp\/v2\/users\/5"}],"replies":[{"embeddable":true,"href":"https:\/\/spanishbreak.com\/barcelona\/fr\/wp-json\/wp\/v2\/comments?post=2243"}],"version-history":[{"count":4,"href":"https:\/\/spanishbreak.com\/barcelona\/fr\/wp-json\/wp\/v2\/pages\/2243\/revisions"}],"predecessor-version":[{"id":2522,"href":"https:\/\/spanishbreak.com\/barcelona\/fr\/wp-json\/wp\/v2\/pages\/2243\/revisions\/2522"}],"wp:attachment":[{"href":"https:\/\/spanishbreak.com\/barcelona\/fr\/wp-json\/wp\/v2\/media?parent=2243"}],"curies":[{"name":"wp","href":"https:\/\/api.w.org\/{rel}","templated":true}]}}