{"id":2245,"date":"2016-02-22T16:09:45","date_gmt":"2016-02-22T16:09:45","guid":{"rendered":"http:\/\/spanishbreak.com\/barcelona\/fr\/?page_id=2245"},"modified":"2019-07-15T17:13:58","modified_gmt":"2019-07-15T17:13:58","slug":"termes-et-conditions","status":"publish","type":"page","link":"https:\/\/spanishbreak.com\/barcelona\/fr\/termes-et-conditions\/","title":{"rendered":"Conditions G\u00e9n\u00e9rales de Ventes"},"content":{"rendered":"<p>&nbsp;<\/p>\n<p style=\"margin-top: 2em !important; font-size: 1.5em; font-weight: bold;\">1. <strong>DEFINITIONS<\/strong><\/p>\n<p>Dans ce document, les pronoms suivants seront utilis\u00e9s de cette mani\u00e8re :<\/p>\n<p>\u00ab\u00a0Vous\u00a0\u00bb et \u00ab\u00a0votre\u00a0\u00bb veut dire toutes les personnes ou les personnes nomm\u00e9es dans la r\u00e9servation, incluant \u00e9galement les personnes ajout\u00e9es ou substitu\u00e9es plus tard, et\/ou la personne ayant sign\u00e9 la r\u00e9servation.<\/p>\n<ul>\n<li>\u00ab\u00a0Nous\u00a0\u00bb veut dire SpanishBreak.<\/li>\n<li>\u00ab\u00a0Prestataires\u00a0\u00bb et \u00ab\u00a0repr\u00e9sentants\u00a0\u00bb veut dire la compagnie ou la personne en charge ou fournissant l\u2019activit\u00e9 ou service pour vous.<\/li>\n<\/ul>\n<p>&nbsp;<\/p>\n<p style=\"margin-top: 2em !important; font-size: 1.5em; font-weight: bold;\">2.<strong>PAIEMENT<\/strong><\/p>\n<p>Un acompte non remboursable est \u00e0 payer au moment de la r\u00e9servation. Il sera de 30% du total de la somme si la r\u00e9servation est effectu\u00e9e plus de 4 semaines avant la date du s\u00e9jour, et de 50% si la r\u00e9servation est demand\u00e9e moins de 4 semaines avant la date de votre arriv\u00e9e \u00e0 Barcelone.<\/p>\n<p>Dans le cas o\u00f9 vous ne payez pas pour le produit sp\u00e9cifi\u00e9 dans les d\u00e9lais pr\u00e9vus par SpanishBreak, nous nous r\u00e9servons le droit d&rsquo;annuler votre r\u00e9servation en votre nom, ou de ne pas confirmer la r\u00e9servation d\u00e9finitive avec l&rsquo;op\u00e9rateur, dans les deux cas sans vous aviser. Si cela se produit, le d\u00e9p\u00f4t initial ne sera pas remboursable et le solde de tout argent suppl\u00e9mentaire que vous avez pay\u00e9 pour le produit Voyage sera trait\u00e9 conform\u00e9ment aux termes et conditions de l&rsquo;op\u00e9rateur et de toute loi applicable.<\/p>\n<p>Tous les paiements par carte de cr\u00e9dit seront soumis \u00e0 des charges de transaction de 2.5% et 3% pour les AMEX. Aucun co\u00fbt suppl\u00e9mentaire pour les paiements avec cartes de d\u00e9bit.<\/p>\n<p><strong>2.1 Option de paiement en esp\u00e8ces<\/strong><\/p>\n<p>En tant que client SpanishBreak, vous pouvez choisir de diviser votre paiement en deux parties : 50% pay\u00e9 avant votre voyage par virement bancaire, et les 50% restants en esp\u00e8ces \u00e0 l&rsquo;arriv\u00e9e.<\/p>\n<p>Merci de noter que si vous choisissez d&rsquo;utiliser ce mode de paiement, aucune modification ne peut \u00eatre faite au prix final. Par exemple, si vous avez r\u00e9serv\u00e9 un week-end pour 10 personnes, mais arriver le 8, vous serez toujours tenus de payer le plein prix initial.<\/p>\n<p style=\"margin-top: 2em !important; font-size: 1.5em; font-weight: bold;\">3. <strong>RAPPELS<\/strong><\/p>\n<p>La r\u00e9ception \/ facture est votre compte finale et aucun autre rappel concernant le paiement sera envoy\u00e9.<\/p>\n<p style=\"margin-top: 2em !important; font-size: 1.5em; font-weight: bold;\">4. <strong>ANNULATIONS\/CHANGEMENTS<\/strong><\/p>\n<p><strong>4.1. <strong>Par vous<\/strong><\/strong><\/p>\n<p>Toutes les annulations doivent \u00eatre transmises par \u00e9crit imm\u00e9diatement. Les frais d\u2019annulation sont les suivants (sauf pour les r\u00e9servations de vol), pourcentages se r\u00e9f\u00e9rents au prix total\u00a0:<\/p>\n<p>Annulation d\u2019une ou plusieurs activit\u00e9s pour tout le groupe\u00a0:<\/p>\n<ul>\n<li>0-28 jours avant la date d\u2019arriv\u00e9e &#8211; 100% retenu<\/li>\n<li>29-70 jours avant la date d\u2019arriv\u00e9e &#8211; 50% retenu<\/li>\n<li>Plus de 71 jours avant la date d\u2019arriv\u00e9e \u2013 30% retenu<\/li>\n<\/ul>\n<p>Annulation d\u2019une ou plusieurs activit\u00e9s pour 1 ou plusieurs membres du groupe\u00a0:<\/p>\n<ul>\n<li>Pas de remboursement possible<\/li>\n<li>Si vous n\u2019avez vers\u00e9 que l\u2019acompte, vous devrez nous payer le solde total des prestations. Le cas \u00e9ch\u00e9ant nous devrons annuler toutes vos activit\u00e9s sans remboursement.<\/li>\n<\/ul>\n<p>Si le paiement int\u00e9gral n&rsquo;a pas \u00e9t\u00e9 effectu\u00e9 \u00e0 la date d&rsquo;\u00e9ch\u00e9ance indiqu\u00e9e, des frais de retard de paiement de 20\u20ac seront ajout\u00e9s \u00e0 votre r\u00e9servation. Les changements de votre r\u00e9servation doivent \u00eatre confirm\u00e9s par \u00e9crit par l\u2019organisateur de l\u2019EVG\/EVJF\u00a0; aucun changement ne peut \u00eatre fait moins de 28 jours avant l\u2019arriv\u00e9e. Toute modification entra\u00eenera des frais d&rsquo;administration de 40\u20ac par r\u00e9servation en plus du co\u00fbt de tous les services suppl\u00e9mentaires n\u00e9cessaires.<\/p>\n<p><strong>4.2. <strong>Par SpanishBreak<\/strong><\/strong><\/p>\n<p>Bien qu&rsquo;il soit peu probable que nous aurions besoin de faire des changements ou annulations nous nous r\u00e9servons le droit de le faire \u00e0 tout moment. La plupart de ces changements seront mineurs et seront ind\u00e9pendants de notre volont\u00e9. Nous vous informerons de ces changements le plus t\u00f4t possible et le cas \u00e9ch\u00e9ant, nous vous offrirons une alternative d&rsquo;un niveau comparable. Nous ne pouvons pas payer les d\u00e9penses, les co\u00fbts ou les pertes subies par vous \u00e0 la suite de toute modification ou annulation. Il peut arriver tr\u00e8s rarement que nous soyons oblig\u00e9s par cas de force majeure, de changer ou annuler imm\u00e9diatement une partie de la r\u00e9servation avant ou apr\u00e8s votre d\u00e9part. Si cette situation se produit, nous ne pourrons pas vous rembourser, sauf si nous obtenons un remboursement de notre fournisseur. En aucun cas nous ne pourrons vous indemniser en plus du remboursement.<\/p>\n<p style=\"margin-top: 2em !important; font-size: 1.5em; font-weight: bold;\">5. FORCE MAJEURE<\/p>\n<p>Sauf indication contraire dans les conditions de r\u00e9servation, nous sommes au regret de ne pas pouvoir accepter la responsabilit\u00e9 ou de payer une indemnit\u00e9 l\u00e0 o\u00f9 l&rsquo;ex\u00e9cution de nos obligations contractuelles est emp\u00each\u00e9e ou affect\u00e9e \u00e0 la suite de \u00ab\u00a0force majeure \u00ab\u00a0. Dans ces conditions de r\u00e9servation, \u00ab\u00a0force majeure\u00a0\u00bb veut dire n\u2019importe quel \u00e9v\u00e9nement, que nous ou le fournisseur du service (s) en question ne pouvait pas, m\u00eame avec toute la diligence requise, pr\u00e9voir ou \u00e9viter. De tels \u00e9v\u00e9nements peuvent inclure la guerre ou de menace de guerre, \u00e9meute, guerre civile, l&rsquo;activit\u00e9 terroriste, conflit du travail, d&rsquo;une catastrophe naturelle ou nucl\u00e9aire, conditions m\u00e9t\u00e9orologiques d\u00e9favorables, le feu et tous les \u00e9v\u00e9nements similaires en dehors de notre contr\u00f4le.<\/p>\n<p><span style=\"font-size: 1.5em; font-weight: bold; line-height: 1.5;\">6. <strong>COMPORTEMENT<\/strong><\/span><\/p>\n<p>Lorsque vous r\u00e9servez avec nous, vous acceptez la responsabilit\u00e9 pour tout dommage ou perte caus\u00e9 par vous ou un membre de votre groupe. Le paiement complet pour tout dommage ou perte doit \u00eatre vers\u00e9e directement au propri\u00e9taire de l&rsquo;\u00e9tablissement ou le directeur ou un autre fournisseur. Si vous ne le faites pas, vous serez responsable de satisfaire toutes les demandes faites par la suite contre nous (avec votre propre et les frais juridiques de l&rsquo;autre partie) \u00e0 la suite de vos actions.<\/p>\n<p>Nous attendons de la part de nos clients d\u2019avoir de la consid\u00e9ration et du respect pour autrui. Si nous consid\u00e9rons que vous ou un membre de votre groupe se met en danger, met en danger, cause des probl\u00e8mes, ou cr\u00e9e des dommages, nous nous donnons le droit d\u2019annuler sans pr\u00e9avis la r\u00e9servation. Dans cette situation, les personnes concern\u00e9es seront demand\u00e9es de quitter l\u2019\u00e9tablissement ou service. Nous n\u2019aurons aucune autre responsabilit\u00e9 envers ces personnes y compris les arrangements de voyage de retour.<\/p>\n<p>Aucun remboursement ne sera effectu\u00e9 et nous ne payons pas les frais encourus \u00e0 la suite de la r\u00e9siliation.<\/p>\n<p style=\"margin-top: 2em !important; font-size: 1.5em; font-weight: bold;\">7. <strong>PLAINTES<\/strong><\/p>\n<p>Dans le cas o\u00f9 vous n&rsquo;\u00eates pas satisfait des services fournis par SpanishBreak ou nos repr\u00e9sentants, vous devez imm\u00e9diatement informer le fournisseur concern\u00e9. En nous avertissant imm\u00e9diatement, nous pouvons toujours essayer d\u2019am\u00e9liorer la situation et corriger la situation. Si votre plainte n\u2019a pas \u00e9t\u00e9 r\u00e9solu ici, vous pouvez toujours nous envoyer un courrier sous 28 jours apr\u00e8s votre retour, \u00a0\u00e0\u00a0 SpanishBreak \u2013 Rambla Catalunya 66, 1\u00aa D-E, 08007, Barcelona, Spain. Nous accuserons r\u00e9ception de votre courrier et nous r\u00e9pondrons \u00e0 toutes les plaintes sous forme \u00e9crite dans les 28 jours. Nous ferons de notre mieux pour r\u00e9soudre votre plainte au plus vite. Aucune r\u00e9clamation ne sera prise en compte si vous l\u2019envoyez plus de 28 jours apr\u00e8s votre retour.<\/p>\n<p style=\"margin-top: 2em !important; font-size: 1.5em; font-weight: bold;\">8. <strong>RESPONSABILITE<\/strong><\/p>\n<p>Les termes et conditions contractuelles des entreprises qui fournissent le transport pour votre voyage seront applicables \u00e0 ce contrat. Ceux-ci peuvent contenir des termes qui peuvent limiter ou exclure votre responsabilit\u00e9 pour certains \u00e9v\u00e9nements.<\/p>\n<p>En ce qui concerne les activit\u00e9s que nous organisons dans le cadre de vos pr\u00e9paratifs de voyage, nous agissons seulement comme agent de r\u00e9servation. Nous excluons donc toute responsabilit\u00e9 pour tout aspect des arrangements d&rsquo;activit\u00e9 et, en particulier, la responsabilit\u00e9 pour toute perte, blessures ou la mort.<\/p>\n<p>Nous d\u00e9clinons toute responsabilit\u00e9 si la non-ex\u00e9cution du contrat\u00a0:<\/p>\n<ul>\n<li>vous est imputable<\/li>\n<li>si elle est imputable \u00e0 un tiers non li\u00e9 \u00e0 l\u2019ex\u00e9cution des services<\/li>\n<li>si elle est imputable \u00e0 des \u00e9v\u00e9nements impr\u00e9visibles hors de notre contr\u00f4le, avec des cons\u00e9quences ne pouvant \u00eatre \u00e9vit\u00e9es, m\u00eame si toute la diligence n\u00e9cessaire a \u00e9t\u00e9 exerc\u00e9e<\/li>\n<li>si elle est imputable \u00e0 des \u00e9v\u00e9nements impr\u00e9vus et in\u00e9vitables<\/li>\n<\/ul>\n<p style=\"margin-top: 2em !important; font-size: 1.5em; font-weight: bold;\">9. <strong>RETARDS<\/strong><\/p>\n<p>Il est de votre responsabilit\u00e9 d\u2019arriver \u00e0 l\u2019heure \u00e0 chaque point de rendez-vous de l\u2019itin\u00e9raire donn\u00e9 par SpanishBreak.<\/p>\n<p>Nous d\u00e9clinons toute responsabilit\u00e9 pour les cons\u00e9quences de retard ou non arriv\u00e9e, et aucun remboursement ne sera possible si vous manquez vos activit\u00e9s. Lorsque l&rsquo;heure d&rsquo;arriv\u00e9e pour votre vol est retard\u00e9 et nous avons organis\u00e9 des transferts d&rsquo;a\u00e9roport, il est de votre responsabilit\u00e9 de contacter le guide \/ fournisseur local donn\u00e9 \u00e0 vous sur vos documents pour l&rsquo;informer de ce retard. Nous nous efforcerons de tenir le transfert pendant une heure, mais si cela est impossible, vous devrez faire vos propres arrangements \u00e0 l&rsquo;arriv\u00e9e et SpanishBreak ne sera pas responsable des co\u00fbts suppl\u00e9mentaires encourus ou remboursement si vous ne l&rsquo;avez pas suivi la proc\u00e9dure ci-dessus. Les arriv\u00e9es et les retards tardifs peuvent affecter la planification du s\u00e9jour. Si vous arrivez en retard, nous ferons de notre mieux pour que les artistes \/ interpr\u00e8tes soient encore disponibles, mais aucune garantie ne peut \u00eatre faite.<\/p>\n<p style=\"margin-top: 2em !important; font-size: 1.5em; font-weight: bold;\">10. <strong>PASSPORTS, VISAS, EXIGENCES DE SANTE ET PERMIS DE CONDUIRE<\/strong><\/p>\n<p>Il est de votre responsabilit\u00e9 de nous fournir des documents valides pour votre voyage y compris les visas.<\/p>\n<p style=\"margin-top: 2em !important; font-size: 1.5em; font-weight: bold;\">11. <strong>ASSURANCE<\/strong><\/p>\n<p>Nous conseillons vivement \u00e0 tous les clients d&rsquo;avoir une assurance Voyage ad\u00e9quate en place d\u00e8s qu&rsquo;une r\u00e9servation est confirm\u00e9e, y compris une couverture pour toutes les activit\u00e9s pr\u00e9vues dans votre week-end. Ceci est votre responsabilit\u00e9 et un formulaire de renonciation d&rsquo;assurance doit \u00eatre sign\u00e9 par vous \u00e0 cet effet. Cependant, il y a un \u00ab\u00a0plan de s\u00e9curit\u00e9\u00a0\u00bb, assurance de protection de paiement obligatoire de 2,60\u20ac + 5% de TVA qui est automatiquement inclus dans le co\u00fbt de votre s\u00e9jour.<\/p>\n<p style=\"margin-top: 2em !important; font-size: 1.5em; font-weight: bold;\">12. <strong>SANTE<\/strong><\/p>\n<p>Avant de voyager \u00e0 l&rsquo;\u00e9tranger, il est conseill\u00e9 d&rsquo;\u00e9tudier les informations fournies dans le D\u00e9pliant \u00ab\u00a0Prot\u00e9gez votre sant\u00e9 \u00e0 l&rsquo;\u00e9tranger\u00a0\u00bb.<\/p>\n<p style=\"margin-top: 2em !important; font-size: 1.5em; font-weight: bold;\">13. <strong>ITINERAIRE<\/strong><\/p>\n<p>Votre itin\u00e9raire final vous sera envoy\u00e9 2 semaines avant votre voyage. Il comprend toutes les informations dont vous aurez besoin\u00a0: adresses, horaires et dates.<\/p>\n","protected":false},"excerpt":{"rendered":"<p>&nbsp; 1. DEFINITIONS Dans ce document, les pronoms suivants seront utilis\u00e9s de cette mani\u00e8re : \u00ab\u00a0Vous\u00a0\u00bb et \u00ab\u00a0votre\u00a0\u00bb veut dire toutes les personnes ou les personnes nomm\u00e9es dans la r\u00e9servation, incluant \u00e9galement les personnes ajout\u00e9es ou substitu\u00e9es plus tard, et\/ou la personne ayant sign\u00e9 la r\u00e9servation. \u00ab\u00a0Nous\u00a0\u00bb veut dire SpanishBreak. \u00ab\u00a0Prestataires\u00a0\u00bb et \u00ab\u00a0repr\u00e9sentants\u00a0\u00bb veut dire [&hellip;]<\/p>\n","protected":false},"author":5,"featured_media":0,"parent":0,"menu_order":0,"comment_status":"closed","ping_status":"closed","template":"","meta":{"footnotes":""},"_links":{"self":[{"href":"https:\/\/spanishbreak.com\/barcelona\/fr\/wp-json\/wp\/v2\/pages\/2245"}],"collection":[{"href":"https:\/\/spanishbreak.com\/barcelona\/fr\/wp-json\/wp\/v2\/pages"}],"about":[{"href":"https:\/\/spanishbreak.com\/barcelona\/fr\/wp-json\/wp\/v2\/types\/page"}],"author":[{"embeddable":true,"href":"https:\/\/spanishbreak.com\/barcelona\/fr\/wp-json\/wp\/v2\/users\/5"}],"replies":[{"embeddable":true,"href":"https:\/\/spanishbreak.com\/barcelona\/fr\/wp-json\/wp\/v2\/comments?post=2245"}],"version-history":[{"count":7,"href":"https:\/\/spanishbreak.com\/barcelona\/fr\/wp-json\/wp\/v2\/pages\/2245\/revisions"}],"predecessor-version":[{"id":3208,"href":"https:\/\/spanishbreak.com\/barcelona\/fr\/wp-json\/wp\/v2\/pages\/2245\/revisions\/3208"}],"wp:attachment":[{"href":"https:\/\/spanishbreak.com\/barcelona\/fr\/wp-json\/wp\/v2\/media?parent=2245"}],"curies":[{"name":"wp","href":"https:\/\/api.w.org\/{rel}","templated":true}]}}