{"id":2247,"date":"2016-03-11T16:46:07","date_gmt":"2016-03-11T16:46:07","guid":{"rendered":"http:\/\/spanishbreak.com\/barcelona\/fr\/?page_id=2247"},"modified":"2016-03-29T16:23:07","modified_gmt":"2016-03-29T16:23:07","slug":"donnees-fiscales","status":"publish","type":"page","link":"https:\/\/spanishbreak.com\/barcelona\/fr\/donnees-fiscales\/","title":{"rendered":"Donn\u00e9es fiscales"},"content":{"rendered":"<p>Organizaci\u00f3n y Direcci\u00f3n de Eventos S.L.<\/p>\n<p><strong>CIF<\/strong>: B65268237<\/p>\n<p><strong>Direcci\u00f3n<\/strong><br \/>\nRambla de Catalunya 66, piso 1 letra D-E<br \/>\n08007 Barcelona<br \/>\nBarcelona<\/p>\n","protected":false},"excerpt":{"rendered":"<p>Organizaci\u00f3n y Direcci\u00f3n de Eventos S.L. CIF: B65268237 Direcci\u00f3n Rambla de Catalunya 66, piso 1 letra D-E 08007 Barcelona Barcelona<\/p>\n","protected":false},"author":5,"featured_media":0,"parent":0,"menu_order":0,"comment_status":"closed","ping_status":"closed","template":"","meta":{"footnotes":""},"_links":{"self":[{"href":"https:\/\/spanishbreak.com\/barcelona\/fr\/wp-json\/wp\/v2\/pages\/2247"}],"collection":[{"href":"https:\/\/spanishbreak.com\/barcelona\/fr\/wp-json\/wp\/v2\/pages"}],"about":[{"href":"https:\/\/spanishbreak.com\/barcelona\/fr\/wp-json\/wp\/v2\/types\/page"}],"author":[{"embeddable":true,"href":"https:\/\/spanishbreak.com\/barcelona\/fr\/wp-json\/wp\/v2\/users\/5"}],"replies":[{"embeddable":true,"href":"https:\/\/spanishbreak.com\/barcelona\/fr\/wp-json\/wp\/v2\/comments?post=2247"}],"version-history":[{"count":3,"href":"https:\/\/spanishbreak.com\/barcelona\/fr\/wp-json\/wp\/v2\/pages\/2247\/revisions"}],"predecessor-version":[{"id":2310,"href":"https:\/\/spanishbreak.com\/barcelona\/fr\/wp-json\/wp\/v2\/pages\/2247\/revisions\/2310"}],"wp:attachment":[{"href":"https:\/\/spanishbreak.com\/barcelona\/fr\/wp-json\/wp\/v2\/media?parent=2247"}],"curies":[{"name":"wp","href":"https:\/\/api.w.org\/{rel}","templated":true}]}}