{"id":2267,"date":"2015-09-16T10:06:32","date_gmt":"2015-09-16T10:06:32","guid":{"rendered":"http:\/\/spanishbreak.com\/barcelona\/it\/?page_id=2267"},"modified":"2016-03-29T14:23:48","modified_gmt":"2016-03-29T14:23:48","slug":"home","status":"publish","type":"page","link":"https:\/\/spanishbreak.com\/barcelona\/it\/","title":{"rendered":"Eventi indimenticabili a Barcellona"},"content":{"rendered":"<p>Per il tuo evento da sogno, hai bisogno di una citt\u00e1 da sogno. Barcellona \u00e8 la citt\u00e1 che fa per te. Se sei il tesimone di nozze e vuoi organizzare il miglior addio al celibato che Barcellona abbia mai visto, se sei la damigella d\u2019onore e vuoi organizzare un weekend pazzesco tra ragazze a Barcellona, se sei un uomo di affari che vuole pianificare un evento aziendale o se sei l\u2019amico festaiolo del gruppo e vuoi sorprendere i tuoi amici con una scappatella in una delle citt\u00e1 pi\u00fa amate al mondo: ci pensiamo noi a renderti la vita pi\u00fa facile!<\/p>\n<p>SpanishBreak ti permette organizzare il tuo viaggio da sogno a Barcellona esattamente come lo vuoi.<\/p>\n<p>Dai un\u2019occhiata ai noostri pacchetti di attivit\u00e1 e offerte e ne rimarrai sorpreso, o puoi sempre montare il tuo evento personalizzato scegliendo le varie attivit\u00e1 che offriamo. Tu scegli, noi pensiamo al resto.<\/p>\n","protected":false},"excerpt":{"rendered":"<p>Per il tuo evento da sogno, hai bisogno di una citt\u00e1 da sogno. Barcellona \u00e8 la citt\u00e1 che fa per te. Se sei il tesimone di nozze e vuoi organizzare il miglior addio al celibato che Barcellona abbia mai visto, se sei la damigella d\u2019onore e vuoi organizzare un weekend pazzesco tra ragazze a Barcellona, [&hellip;]<\/p>\n","protected":false},"author":5,"featured_media":0,"parent":0,"menu_order":0,"comment_status":"open","ping_status":"closed","template":"tpl-home.php","meta":{"footnotes":""},"_links":{"self":[{"href":"https:\/\/spanishbreak.com\/barcelona\/it\/wp-json\/wp\/v2\/pages\/2267"}],"collection":[{"href":"https:\/\/spanishbreak.com\/barcelona\/it\/wp-json\/wp\/v2\/pages"}],"about":[{"href":"https:\/\/spanishbreak.com\/barcelona\/it\/wp-json\/wp\/v2\/types\/page"}],"author":[{"embeddable":true,"href":"https:\/\/spanishbreak.com\/barcelona\/it\/wp-json\/wp\/v2\/users\/5"}],"replies":[{"embeddable":true,"href":"https:\/\/spanishbreak.com\/barcelona\/it\/wp-json\/wp\/v2\/comments?post=2267"}],"version-history":[{"count":1,"href":"https:\/\/spanishbreak.com\/barcelona\/it\/wp-json\/wp\/v2\/pages\/2267\/revisions"}],"predecessor-version":[{"id":2268,"href":"https:\/\/spanishbreak.com\/barcelona\/it\/wp-json\/wp\/v2\/pages\/2267\/revisions\/2268"}],"wp:attachment":[{"href":"https:\/\/spanishbreak.com\/barcelona\/it\/wp-json\/wp\/v2\/media?parent=2267"}],"curies":[{"name":"wp","href":"https:\/\/api.w.org\/{rel}","templated":true}]}}