{"id":2283,"date":"2016-02-22T16:31:04","date_gmt":"2016-02-22T16:31:04","guid":{"rendered":"http:\/\/spanishbreak.com\/barcelona\/it\/?page_id=2283"},"modified":"2016-03-29T16:18:00","modified_gmt":"2016-03-29T16:18:00","slug":"faqs","status":"publish","type":"page","link":"https:\/\/spanishbreak.com\/barcelona\/it\/faqs\/","title":{"rendered":"FAQs"},"content":{"rendered":"<h3>Perch\u00e9\u00a0SpanishBreak?<\/h3>\n<hr style=\"border-color: grey;\" \/>\n<p><i class=\"fa fa-question-circle\"><\/i>\u00a0<strong>Che cosa rende SpanishBreak l\u2019agenzia che fa per me?<\/strong><\/p>\n<div style=\"padding-left: 1em; margin-bottom: 2em;\">\n<p>Ci sono 5 fantistiche ragioni per cui vale la pena prenotare le tue vacanze con SpanishBreak:<\/p>\n<ul>\n<li><em>SpanishBreak \u00e8 da pi\u00fa di 10 anni il miglior raprresentante tra le agenzie di eventi.<\/em><\/li>\n<\/ul>\n<p>SpanishBreak fu fondato nel 2005 per aiutare futuri sposi, future spose e amici a godersi al massimo la magica citt\u00e1 di Barcellona e tutto ci\u00f3 che pu\u00f2 offrire.<\/p>\n<ul>\n<li><em>SpanishBreak \u00e8 un\u2019agenzia locale con base a Barcellona.<\/em><\/li>\n<\/ul>\n<p>L\u2019intero team di SpanishBreak ha sede a Barcellona e conosce perfettamente la citt\u00e1. Con pi\u00fa di 1700 eventi organizzati, SpanishBreak gode dei pi\u00fa stretti contatti con i migliori ristoranti, discoteche e imprese.<\/p>\n<ul>\n<li><em>SpanishBreak \u00e8 flessibile.<\/em><\/li>\n<\/ul>\n<p>Il team di SpanishBreak capisce che organizzare eventi e coordinare le varie persone che participeranno pu\u00f2 comportare cambi dell\u2019ultimo momento. Ecco perch\u00e9 con noi puoi fare adattamenti al tuo itinerario di viaggio fino a 4 settimane prima del tuo arrivo.<\/p>\n<ul>\n<li><em>SpanishBreak ti aiuta mentre sei qua durante il tuo soggiorno.<\/em><\/li>\n<\/ul>\n<p>Con il nostro team al completo qua a Barcellona, puoi veramente stare tranquillo. Il nostro telefono 24h gestito da uno dei nostri esperti ti offrir\u00e1 assistenza durante tutto il tuo soggiorno.<\/p>\n<ul>\n<li><em>SpanishBreak offre vari metodi di pagamento.<\/em><\/li>\n<\/ul>\n<p>SpanishBreak capisce che un unico pagamento non \u00e8 facile da affrontare, per tanto abbiamo diverse opzioni di pagamento che il tuo party planner ti spiegher\u00e1 senza problemi.<\/p>\n<\/div>\n<h3 style=\"margin-top: 5em !important;\">Booking<\/h3>\n<hr style=\"border-color: grey;\" \/>\n<p><i class=\"fa fa-question-circle\"><\/i> <strong>Come prenoto con SpanishBreak?<\/strong><\/p>\n<div style=\"padding-left: 1em; margin-bottom: 2em;\">Prenotare con SpanishBreak \u00e8 veramente semplice: inizia richiedendo un primo preventivo attraverso la nostra pagina web. In seguito sarai guidato durante il resto del processo da uno dei nostri esperti. Se ti piacerebbe ricevere una spiegazione pi\u00fa accurata passo a passo del procedimento di prenotazione lo puoi incontrare nella sezione di Termini e Condizioni.<\/div>\n<p><i class=\"fa fa-question-circle\"><\/i> <strong>Quando dovrei prenotare?<\/strong><\/p>\n<div style=\"padding-left: 1em; margin-bottom: 2em;\">Quando si tratta di eventi e viaggi, giocare in anticipo \u00e8 sempre meglio! Avrai pi\u00f9 possibilit\u00e1 di avere un miglior prezzo, pi\u00fa disponibilit\u00e1 e varie offerte prenotando il prima possibile. Non esitare a contattarci per parlare dei tuoi piani con uno dei nostri esperti!<\/div>\n<p><i class=\"fa fa-question-circle\"><\/i> <strong>\u00c8 necessario pagare un anticipo?<\/strong><\/p>\n<div style=\"padding-left: 1em; margin-bottom: 2em;\">Richiediamo solamente un pagamento anticipato di 50\u20ac per il tuo gruppo. Una volta effetuato questo pagamento i nostri esperti troveranno per te e i tuoi amici il miglior prezzo possibile e ti ricontatteranno con un secondo preventivo pi\u00fa vicino alle vostre esigenze e richieste.<\/div>\n<p><i class=\"fa fa-question-circle\"><\/i> <strong>Come posso pagare SpanishBreak dall\u2019estero?<\/strong><\/p>\n<div style=\"padding-left: 1em; margin-bottom: 2em;\">Puoi effettuare i vari pagamenti tramite il nostro portale online o via telefono. Visto che siamo basati a Barcellona stessa potrete pagare in cash il 50% della quota totale al vostro arrivo per cos\u00ed non dover pagare tutta la cifra intera in una sola volta.<\/div>\n<p><i class=\"fa fa-question-circle\"><\/i> <strong>L\u2019evento \u00e8 imminente e ancora non avete organizzato niente \u2013 come mi pu\u00f3 aiutare SpanishBreak?<\/strong><\/p>\n<div style=\"padding-left: 1em; margin-bottom: 2em;\">Abbiamo base a Barcellona, perci\u00f3 abbiamo stretti contatti con ristoranti, clubs e aziende qua nella stessa citt\u00e1. Non esitare a contattarci nonostante il breve preavviso e vedremo come aiutarti.<\/div>\n<h3 style=\"margin-top: 5em !important;\">Voli<\/h3>\n<hr style=\"border-color: grey;\" \/>\n<p><i class=\"fa fa-question-circle\"><\/i>\u00a0<strong>\u00c8 possibile prenotare il volo direttamente con SpanishBreak?<\/strong><\/p>\n<div style=\"padding-left: 1em; margin-bottom: 2em;\">In ogni gruppo ci sono sempre diverse richieste a seconda delle necessit\u00e1 dei vari membri, sar\u00e1 molto pi\u00fa semplice per voi prenotare ognuno il proprio volo. I nostri esperti sono ovviamente in grado di consigliarvi in caso abbiate bisogno di aiuto o di eventuali informazioni.<\/div>\n<h3 style=\"margin-top: 5em !important;\">Alloggio<\/h3>\n<hr style=\"border-color: grey;\" \/>\n<p><i class=\"fa fa-question-circle\"><\/i>\u00a0<strong>Dove possiamo trovare una buona sistemazione?<\/strong><\/p>\n<div style=\"padding-left: 1em; margin-bottom: 2em;\">A SpanishBreak abbiamo ottime relazioni con hotels, ostelli e con i proprietari di appartamenti privati per tutta Barcellona. In caso tu preferisca stare nel centro o in una zona in particolare fallo sapere al nostro esperto cos\u00ed ti aiuter\u00e1.<\/div>\n<p><i class=\"fa fa-question-circle\"><\/i>\u00a0<strong>Che tipo di alloggi avete?<\/strong><\/p>\n<div style=\"padding-left: 1em; margin-bottom: 2em;\">Abbiamo tantissime e variate opzioni di sistemazioni disponibili. Appartamenti, hotels, opzioni low-cost a 3 e 4 stelle e ostelli.<\/div>\n<h3 style=\"margin-top: 5em !important;\">Attivit\u00e1<\/h3>\n<hr style=\"border-color: grey;\" \/>\n<p><i class=\"fa fa-question-circle\"><\/i>\u00a0<strong>Come le attivit\u00e1 di SpanishBreak ci fanno distinguere dalle altre agenzie?<\/strong><\/p>\n<div style=\"padding-left: 1em; margin-bottom: 2em;\">Siamo basati a Barcellona, quindi conosciamo molto bene la citt\u00e1 e le compagnie con cui lavoriamo! Qualsiasi cosa tu voglia per il tuo evento possiamo ottenerla al miglior prezzo adattandola poi al tuo itinerario e ai vari orari.<\/div>\n<p><i class=\"fa fa-question-circle\"><\/i>\u00a0<strong>Posso scegliere l\u2019ora esatta per le varie attivit\u00e1?<\/strong><\/p>\n<div style=\"padding-left: 1em; margin-bottom: 2em;\">I nostri organizzatori faranno del loro meglio per assicurarti gli orari che preferisci, per\u00f3 assicurati di prenotare il prima possibile per avere cos\u00ed pi\u00fa disponibilit\u00e1. In pi\u00fa con un po\u2019 di flessibilit\u00e1 da ambe parti otterrai tutte le attivit\u00e1 che vuoi per il tuo weekend da sogno.<\/div>\n<h3 style=\"margin-top: 5em !important;\">Altre Domande<\/h3>\n<hr style=\"border-color: grey;\" \/>\n<p><i class=\"fa fa-question-circle\"><\/i>\u00a0<strong>Termini e Condizioni?<\/strong><\/p>\n<div style=\"padding-left: 1em; margin-bottom: 2em;\">Li puoi trovare qua nel nostro sito web, nella sezione Termini e Condizioni.<\/div>\n<p><i class=\"fa fa-question-circle\"><\/i>\u00a0<strong>Che tipo di supporto e assistenza sar\u00e1 data al mio gruppo durante il loro soggiorno?<\/strong><\/p>\n<div style=\"padding-left: 1em; margin-bottom: 2em;\">Tutto il team di SpanishBreak \u00e8 situto a Barcellona e siamo orgogliosi di offrire un\u2019assistenza totale di 24h in caso abbiate qualsiasi tipo di problema.<\/div>\n","protected":false},"excerpt":{"rendered":"<p>Perch\u00e9\u00a0SpanishBreak? \u00a0Che cosa rende SpanishBreak l\u2019agenzia che fa per me? Ci sono 5 fantistiche ragioni per cui vale la pena prenotare le tue vacanze con SpanishBreak: SpanishBreak \u00e8 da pi\u00fa di 10 anni il miglior raprresentante tra le agenzie di eventi. SpanishBreak fu fondato nel 2005 per aiutare futuri sposi, future spose e amici a [&hellip;]<\/p>\n","protected":false},"author":5,"featured_media":0,"parent":0,"menu_order":0,"comment_status":"closed","ping_status":"closed","template":"","meta":{"footnotes":""},"_links":{"self":[{"href":"https:\/\/spanishbreak.com\/barcelona\/it\/wp-json\/wp\/v2\/pages\/2283"}],"collection":[{"href":"https:\/\/spanishbreak.com\/barcelona\/it\/wp-json\/wp\/v2\/pages"}],"about":[{"href":"https:\/\/spanishbreak.com\/barcelona\/it\/wp-json\/wp\/v2\/types\/page"}],"author":[{"embeddable":true,"href":"https:\/\/spanishbreak.com\/barcelona\/it\/wp-json\/wp\/v2\/users\/5"}],"replies":[{"embeddable":true,"href":"https:\/\/spanishbreak.com\/barcelona\/it\/wp-json\/wp\/v2\/comments?post=2283"}],"version-history":[{"count":7,"href":"https:\/\/spanishbreak.com\/barcelona\/it\/wp-json\/wp\/v2\/pages\/2283\/revisions"}],"predecessor-version":[{"id":2309,"href":"https:\/\/spanishbreak.com\/barcelona\/it\/wp-json\/wp\/v2\/pages\/2283\/revisions\/2309"}],"wp:attachment":[{"href":"https:\/\/spanishbreak.com\/barcelona\/it\/wp-json\/wp\/v2\/media?parent=2283"}],"curies":[{"name":"wp","href":"https:\/\/api.w.org\/{rel}","templated":true}]}}