{"id":2287,"date":"2015-09-26T00:42:36","date_gmt":"2015-09-26T00:42:36","guid":{"rendered":"http:\/\/spanishbreak.com\/barcelona\/it\/?page_id=2287"},"modified":"2016-03-29T15:34:23","modified_gmt":"2016-03-29T15:34:23","slug":"privacy","status":"publish","type":"page","link":"https:\/\/spanishbreak.com\/barcelona\/it\/privacy\/","title":{"rendered":"Informativa sulla tutela della privacy"},"content":{"rendered":"<p>A SpanisBreak gestiamo i tuoi dati personali con gran cura. Concedendoceli ci stai dando fiducia, e ti garantiamo che verrano utilizzati della seguente maniera.<\/p>\n<p><strong><em>Informazione personale<\/em><\/strong><br \/>\nPer fornirti i nostri servizi avremo bisgono di raccogliere alcuni dei tuoi dati personali attraverso la pagina web, email e conversazioni telefoniche che eventualmente verranno registrate.<\/p>\n<p>I tuoi dati personali non verranno mai concessi a terzi e la nostra impresa non possieder\u00e1 nessuna informazione finanziaria.<\/p>\n<p><strong>Cancellazione newsletter<\/strong><br \/>\nOffriamo sempre la possibilit\u00e1 di cancellarsi dalla nostra base di dati per non ricevere pi\u00fa nostre emails informative, cos\u00ed terminer\u00e1 la comunicazione con la nostra impresa e sar\u00e1 rimossa ogni tipo di informazione perosnale dai nostri registri.<\/p>\n<p><strong><em>Terzi<\/em><\/strong><br \/>\nDato che lavoriamo con terzi fornitori come hotels e servizi di trasporto, potrebbe essere necessario dover fornire alcuni dei tuoi dati perosnali per finalizzare la prenotazione. Ovviamente verr\u00e1 concessa solamente l\u2019informazione strettamente necessaria per completare la prenotazione.<\/p>\n<p>&nbsp;<\/p>\n","protected":false},"excerpt":{"rendered":"<p>A SpanisBreak gestiamo i tuoi dati personali con gran cura. Concedendoceli ci stai dando fiducia, e ti garantiamo che verrano utilizzati della seguente maniera. Informazione personale Per fornirti i nostri servizi avremo bisgono di raccogliere alcuni dei tuoi dati personali attraverso la pagina web, email e conversazioni telefoniche che eventualmente verranno registrate. I tuoi dati [&hellip;]<\/p>\n","protected":false},"author":5,"featured_media":0,"parent":0,"menu_order":0,"comment_status":"closed","ping_status":"closed","template":"","meta":{"footnotes":""},"_links":{"self":[{"href":"https:\/\/spanishbreak.com\/barcelona\/it\/wp-json\/wp\/v2\/pages\/2287"}],"collection":[{"href":"https:\/\/spanishbreak.com\/barcelona\/it\/wp-json\/wp\/v2\/pages"}],"about":[{"href":"https:\/\/spanishbreak.com\/barcelona\/it\/wp-json\/wp\/v2\/types\/page"}],"author":[{"embeddable":true,"href":"https:\/\/spanishbreak.com\/barcelona\/it\/wp-json\/wp\/v2\/users\/5"}],"replies":[{"embeddable":true,"href":"https:\/\/spanishbreak.com\/barcelona\/it\/wp-json\/wp\/v2\/comments?post=2287"}],"version-history":[{"count":1,"href":"https:\/\/spanishbreak.com\/barcelona\/it\/wp-json\/wp\/v2\/pages\/2287\/revisions"}],"predecessor-version":[{"id":2288,"href":"https:\/\/spanishbreak.com\/barcelona\/it\/wp-json\/wp\/v2\/pages\/2287\/revisions\/2288"}],"wp:attachment":[{"href":"https:\/\/spanishbreak.com\/barcelona\/it\/wp-json\/wp\/v2\/media?parent=2287"}],"curies":[{"name":"wp","href":"https:\/\/api.w.org\/{rel}","templated":true}]}}