{"id":3430,"date":"2022-12-02T09:23:07","date_gmt":"2022-12-02T08:23:07","guid":{"rendered":"https:\/\/spanishbreak.com\/a-propos-de-nous\/"},"modified":"2023-01-25T09:55:37","modified_gmt":"2023-01-25T09:55:37","slug":"a-propos-de-nous","status":"publish","type":"page","link":"https:\/\/spanishbreak.com\/fr\/a-propos-de-nous\/","title":{"rendered":"\u00c0 propos de nous"},"content":{"rendered":"<style>\/*! elementor - v3.10.1 - 17-01-2023 *\/\n.elementor-heading-title{padding:0;margin:0;line-height:1}.elementor-widget-heading .elementor-heading-title[class*=elementor-size-]>a{color:inherit;font-size:inherit;line-height:inherit}.elementor-widget-heading .elementor-heading-title.elementor-size-small{font-size:15px}.elementor-widget-heading .elementor-heading-title.elementor-size-medium{font-size:19px}.elementor-widget-heading .elementor-heading-title.elementor-size-large{font-size:29px}.elementor-widget-heading .elementor-heading-title.elementor-size-xl{font-size:39px}.elementor-widget-heading .elementor-heading-title.elementor-size-xxl{font-size:59px}<\/style>\n<h2>\u00c0 propos de nous<\/h2>\n<p>Spanish Break a \u00e9t\u00e9 fond\u00e9e en 2005 pour vous aider \u00e0 planifier le voyage parfait \u00e0 Barcelone. Que vous envisagiez d&rsquo;organiser un enterrement de vie de gar\u00e7on, un enterrement de vie de jeune fille, une activit\u00e9 de groupe ou un \u00e9v\u00e9nement corporatif, nous ne reculons devant rien pour faire de vos r\u00eaves une r\u00e9alit\u00e9!<\/p>\n<p>Nous sommes une jeune \u00e9quipe d&rsquo;organisateurs de f\u00eates enthousiastes et d&rsquo;experts de Barcelone, bas\u00e9s ici m\u00eame dans la ville que nous aimons et connaissons de fond en comble. Nous rendons les choses amusantes, simples et \u00e9nergiques. La qualit\u00e9, la flexibilit\u00e9 et une approche orient\u00e9e client sont les cl\u00e9s de chaque \u00e9v\u00e9nement que nous organisons. Votre exp\u00e9rience est ce qui compte pour nous!<\/p>\n<h3><strong>Vos experts \u00e0 Barcelone<\/strong><\/h3>\n<p>Parce que toute notre \u00e9quipe est bas\u00e9e ici \u00e0 Barcelone, nous pouvons vous offrir la meilleure exp\u00e9rience possible : nos connaissances, nos liens \u00e9troits avec les entreprises locales et notre pr\u00e9sence dans la ville nous permettent de vous aider \u00e0 chaque \u00e9tape et de vous assurer un voyage incroyable. \u00e0 Barcelone.<\/p>\n<p>Notre \u00e9quipe de planification de f\u00eates est compos\u00e9e de natifs du Royaume-Uni, nous parlons donc votre langue et comprenons votre culture. Si vous avez des questions sur Barcelone, n&rsquo;h\u00e9sitez pas ! Nous aimerions parler avec vous et partager nos histoires sur cette ville incroyable. N&rsquo;h\u00e9sitez pas \u00e0 consulter notre <a href=\"http:\/\/www.spanishbreak.com\/blog\">blog<\/a> ce qui regorge de conseils qui peuvent faire en sorte que votre voyage \u00e0 Barcelone se d\u00e9roule sans encombre !<\/p>\n<p>Peu importe ce que vous d\u00e9sirez, nous travaillons pour transformer votre r\u00eave en r\u00e9alit\u00e9. Que vous veniez \u00e0 Barcelone pour un enterrement de vie de gar\u00e7on, un enterrement de vie de jeune fille, une activit\u00e9 de groupe ou un \u00e9v\u00e9nement d&rsquo;entreprise, nous sommes ravis de vous parler. Consultez nos coordonn\u00e9es ci-dessous!<\/p>\n<style>\/*! elementor - v3.10.1 - 17-01-2023 *\/\n.elementor-widget-image{text-align:center}.elementor-widget-image a{display:inline-block}.elementor-widget-image a img[src$=\".svg\"]{width:48px}.elementor-widget-image img{vertical-align:middle;display:inline-block}<\/style>\n<p>\t\t\t\t\t\t\t\t\t\t\t\t<img fetchpriority=\"high\" decoding=\"async\" width=\"359\" height=\"438\" src=\"https:\/\/spanishbreak.com\/wp-content\/uploads\/2022\/12\/spanishbreak-about.png\" alt=\"\" srcset=\"https:\/\/spanishbreak.com\/wp-content\/uploads\/2022\/12\/spanishbreak-about.png 359w, https:\/\/spanishbreak.com\/wp-content\/uploads\/2022\/12\/spanishbreak-about-246x300.png 246w\" sizes=\"(max-width: 359px) 100vw, 359px\" \/><br \/>\n\t\t\t\t\t\t\t\t\t\t\t\t\t\t\t<img decoding=\"async\" width=\"449\" height=\"135\" src=\"https:\/\/spanishbreak.com\/wp-content\/uploads\/2021\/05\/franja-granate.png\" alt=\"\" srcset=\"https:\/\/spanishbreak.com\/wp-content\/uploads\/2021\/05\/franja-granate.png 449w, https:\/\/spanishbreak.com\/wp-content\/uploads\/2021\/05\/franja-granate-300x90.png 300w\" sizes=\"(max-width: 449px) 100vw, 449px\" \/><br \/>\n\t\t\t\t\t\t\t\t\t\t\t\t\t\t\t<img decoding=\"async\" width=\"852\" height=\"255\" src=\"https:\/\/spanishbreak.com\/wp-content\/uploads\/2021\/05\/franja-azul-G.png\" alt=\"\" srcset=\"https:\/\/spanishbreak.com\/wp-content\/uploads\/2021\/05\/franja-azul-G.png 852w, https:\/\/spanishbreak.com\/wp-content\/uploads\/2021\/05\/franja-azul-G-300x90.png 300w, https:\/\/spanishbreak.com\/wp-content\/uploads\/2021\/05\/franja-azul-G-768x230.png 768w, https:\/\/spanishbreak.com\/wp-content\/uploads\/2021\/05\/franja-azul-G-600x180.png 600w\" sizes=\"(max-width: 852px) 100vw, 852px\" \/>\t\t\t\t\t\t\t\t\t\t\t\t\t\t\t<\/p>\n<style>\/*! elementor - v3.10.1 - 17-01-2023 *\/\n.elementor-widget-google_maps .elementor-widget-container{overflow:hidden}.elementor-widget-google_maps iframe{height:300px}<\/style>\n<p>\t\t\t<iframe loading=\"lazy\"\n\t\t\t\t\tsrc=\"https:\/\/maps.google.com\/maps?q=Av.%20del%20Paralelo%2C%2091&#038;t=m&#038;z=18&#038;output=embed&#038;iwloc=near\"\n\t\t\t\t\ttitle=\"Av. del Paralelo, 91\"\n\t\t\t\t\taria-label=\"Av. del Paralelo, 91\"\n\t\t\t><\/iframe><\/p>\n","protected":false},"excerpt":{"rendered":"<p>\u00c0 propos de nous Spanish Break a \u00e9t\u00e9 fond\u00e9e en 2005 pour vous aider \u00e0 planifier le voyage parfait \u00e0 Barcelone. Que vous envisagiez d&rsquo;organiser un enterrement de vie de gar\u00e7on, un enterrement de vie de jeune fille, une activit\u00e9 de groupe ou un \u00e9v\u00e9nement corporatif, nous ne reculons devant rien pour faire de vos [&hellip;]<\/p>\n","protected":false},"author":1,"featured_media":0,"parent":0,"menu_order":0,"comment_status":"closed","ping_status":"closed","template":"","meta":{"site-sidebar-layout":"no-sidebar","site-content-layout":"page-builder","ast-site-content-layout":"full-width-container","site-content-style":"unboxed","site-sidebar-style":"unboxed","ast-global-header-display":"","ast-banner-title-visibility":"","ast-main-header-display":"","ast-hfb-above-header-display":"","ast-hfb-below-header-display":"","ast-hfb-mobile-header-display":"","site-post-title":"disabled","ast-breadcrumbs-content":"","ast-featured-img":"disabled","footer-sml-layout":"","theme-transparent-header-meta":"default","adv-header-id-meta":"","stick-header-meta":"","header-above-stick-meta":"","header-main-stick-meta":"","header-below-stick-meta":"","astra-migrate-meta-layouts":"default","ast-page-background-enabled":"default","ast-page-background-meta":{"desktop":{"background-color":"var(--ast-global-color-4)","background-image":"","background-repeat":"repeat","background-position":"center center","background-size":"auto","background-attachment":"scroll","background-type":"","background-media":"","overlay-type":"","overlay-color":"","overlay-opacity":"","overlay-gradient":""},"tablet":{"background-color":"","background-image":"","background-repeat":"repeat","background-position":"center center","background-size":"auto","background-attachment":"scroll","background-type":"","background-media":"","overlay-type":"","overlay-color":"","overlay-opacity":"","overlay-gradient":""},"mobile":{"background-color":"","background-image":"","background-repeat":"repeat","background-position":"center center","background-size":"auto","background-attachment":"scroll","background-type":"","background-media":"","overlay-type":"","overlay-color":"","overlay-opacity":"","overlay-gradient":""}},"ast-content-background-meta":{"desktop":{"background-color":"var(--ast-global-color-5)","background-image":"","background-repeat":"repeat","background-position":"center center","background-size":"auto","background-attachment":"scroll","background-type":"","background-media":"","overlay-type":"","overlay-color":"","overlay-opacity":"","overlay-gradient":""},"tablet":{"background-color":"var(--ast-global-color-5)","background-image":"","background-repeat":"repeat","background-position":"center center","background-size":"auto","background-attachment":"scroll","background-type":"","background-media":"","overlay-type":"","overlay-color":"","overlay-opacity":"","overlay-gradient":""},"mobile":{"background-color":"var(--ast-global-color-5)","background-image":"","background-repeat":"repeat","background-position":"center center","background-size":"auto","background-attachment":"scroll","background-type":"","background-media":"","overlay-type":"","overlay-color":"","overlay-opacity":"","overlay-gradient":""}},"footnotes":""},"class_list":["post-3430","page","type-page","status-publish","hentry"],"yoast_head":"<!-- This site is optimized with the Yoast SEO plugin v26.8 - https:\/\/yoast.com\/product\/yoast-seo-wordpress\/ -->\n<title>\u00c0 propos de nous - Spanishbreak<\/title>\n<meta name=\"description\" content=\"\u00c0 propos de nous Spanish Break a \u00e9t\u00e9 fond\u00e9e en 2005 pour vous aider \u00e0 planifier le voyage parfait \u00e0 Barcelone. Que vous envisagiez d&#039;organiser un\" \/>\n<meta name=\"robots\" content=\"index, follow, max-snippet:-1, max-image-preview:large, max-video-preview:-1\" \/>\n<link rel=\"canonical\" href=\"https:\/\/spanishbreak.com\/about-us\/\" \/>\n<meta property=\"og:locale\" content=\"fr_FR\" \/>\n<meta property=\"og:type\" content=\"article\" \/>\n<meta property=\"og:title\" content=\"\u00c0 propos de nous - Spanishbreak\" \/>\n<meta property=\"og:description\" content=\"\u00c0 propos de nous Spanish Break a \u00e9t\u00e9 fond\u00e9e en 2005 pour vous aider \u00e0 planifier le voyage parfait \u00e0 Barcelone. Que vous envisagiez d&#039;organiser un\" \/>\n<meta property=\"og:url\" content=\"https:\/\/spanishbreak.com\/about-us\/\" \/>\n<meta property=\"og:site_name\" content=\"Spanishbreak\" \/>\n<meta property=\"article:publisher\" content=\"https:\/\/www.facebook.com\/spanishbreak\" \/>\n<meta property=\"article:modified_time\" content=\"2023-01-25T09:55:37+00:00\" \/>\n<meta property=\"og:image\" content=\"https:\/\/spanishbreak.com\/wp-content\/uploads\/2022\/12\/spanishbreak-about.png\" \/>\n<meta name=\"twitter:card\" content=\"summary_large_image\" \/>\n<meta name=\"twitter:label1\" content=\"Dur\u00e9e de lecture estim\u00e9e\" \/>\n\t<meta name=\"twitter:data1\" content=\"2 minutes\" \/>\n<script type=\"application\/ld+json\" class=\"yoast-schema-graph\">{\"@context\":\"https:\/\/schema.org\",\"@graph\":[{\"@type\":\"WebPage\",\"@id\":\"https:\/\/spanishbreak.com\/about-us\/\",\"url\":\"https:\/\/spanishbreak.com\/about-us\/\",\"name\":\"\u00c0 propos de nous - Spanishbreak\",\"isPartOf\":{\"@id\":\"https:\/\/spanishbreak.com\/#website\"},\"primaryImageOfPage\":{\"@id\":\"https:\/\/spanishbreak.com\/about-us\/#primaryimage\"},\"image\":{\"@id\":\"https:\/\/spanishbreak.com\/about-us\/#primaryimage\"},\"thumbnailUrl\":\"https:\/\/spanishbreak.com\/wp-content\/uploads\/2022\/12\/spanishbreak-about.png\",\"datePublished\":\"2022-12-02T08:23:07+00:00\",\"dateModified\":\"2023-01-25T09:55:37+00:00\",\"description\":\"\u00c0 propos de nous Spanish Break a \u00e9t\u00e9 fond\u00e9e en 2005 pour vous aider \u00e0 planifier le voyage parfait \u00e0 Barcelone. Que vous envisagiez d'organiser un\",\"breadcrumb\":{\"@id\":\"https:\/\/spanishbreak.com\/about-us\/#breadcrumb\"},\"inLanguage\":\"fr-FR\",\"potentialAction\":[{\"@type\":\"ReadAction\",\"target\":[\"https:\/\/spanishbreak.com\/about-us\/\"]}]},{\"@type\":\"ImageObject\",\"inLanguage\":\"fr-FR\",\"@id\":\"https:\/\/spanishbreak.com\/about-us\/#primaryimage\",\"url\":\"https:\/\/spanishbreak.com\/wp-content\/uploads\/2022\/12\/spanishbreak-about.png\",\"contentUrl\":\"https:\/\/spanishbreak.com\/wp-content\/uploads\/2022\/12\/spanishbreak-about.png\"},{\"@type\":\"BreadcrumbList\",\"@id\":\"https:\/\/spanishbreak.com\/about-us\/#breadcrumb\",\"itemListElement\":[{\"@type\":\"ListItem\",\"position\":1,\"name\":\"Home\",\"item\":\"https:\/\/spanishbreak.com\/\"},{\"@type\":\"ListItem\",\"position\":2,\"name\":\"\u00c0 propos de nous\"}]},{\"@type\":\"WebSite\",\"@id\":\"https:\/\/spanishbreak.com\/#website\",\"url\":\"https:\/\/spanishbreak.com\/\",\"name\":\"Spanish Break\",\"description\":\"Otro sitio realizado con WordPress\",\"publisher\":{\"@id\":\"https:\/\/spanishbreak.com\/#organization\"},\"potentialAction\":[{\"@type\":\"SearchAction\",\"target\":{\"@type\":\"EntryPoint\",\"urlTemplate\":\"https:\/\/spanishbreak.com\/?s={search_term_string}\"},\"query-input\":{\"@type\":\"PropertyValueSpecification\",\"valueRequired\":true,\"valueName\":\"search_term_string\"}}],\"inLanguage\":\"fr-FR\"},{\"@type\":\"Organization\",\"@id\":\"https:\/\/spanishbreak.com\/#organization\",\"name\":\"Spanish Break\",\"url\":\"https:\/\/spanishbreak.com\/\",\"logo\":{\"@type\":\"ImageObject\",\"inLanguage\":\"fr-FR\",\"@id\":\"https:\/\/spanishbreak.com\/#\/schema\/logo\/image\/\",\"url\":\"https:\/\/spanishbreak.com\/wp-content\/uploads\/2024\/03\/logo-spanish-break.png\",\"contentUrl\":\"https:\/\/spanishbreak.com\/wp-content\/uploads\/2024\/03\/logo-spanish-break.png\",\"width\":323,\"height\":37,\"caption\":\"Spanish Break\"},\"image\":{\"@id\":\"https:\/\/spanishbreak.com\/#\/schema\/logo\/image\/\"},\"sameAs\":[\"https:\/\/www.facebook.com\/spanishbreak\",\"https:\/\/www.instagram.com\/spanishbreakbcn\/\"]}]}<\/script>\n<!-- \/ Yoast SEO plugin. -->","yoast_head_json":{"title":"\u00c0 propos de nous - Spanishbreak","description":"\u00c0 propos de nous Spanish Break a \u00e9t\u00e9 fond\u00e9e en 2005 pour vous aider \u00e0 planifier le voyage parfait \u00e0 Barcelone. Que vous envisagiez d'organiser un","robots":{"index":"index","follow":"follow","max-snippet":"max-snippet:-1","max-image-preview":"max-image-preview:large","max-video-preview":"max-video-preview:-1"},"canonical":"https:\/\/spanishbreak.com\/about-us\/","og_locale":"fr_FR","og_type":"article","og_title":"\u00c0 propos de nous - Spanishbreak","og_description":"\u00c0 propos de nous Spanish Break a \u00e9t\u00e9 fond\u00e9e en 2005 pour vous aider \u00e0 planifier le voyage parfait \u00e0 Barcelone. Que vous envisagiez d'organiser un","og_url":"https:\/\/spanishbreak.com\/about-us\/","og_site_name":"Spanishbreak","article_publisher":"https:\/\/www.facebook.com\/spanishbreak","article_modified_time":"2023-01-25T09:55:37+00:00","og_image":[{"url":"https:\/\/spanishbreak.com\/wp-content\/uploads\/2022\/12\/spanishbreak-about.png","type":"","width":"","height":""}],"twitter_card":"summary_large_image","twitter_misc":{"Dur\u00e9e de lecture estim\u00e9e":"2 minutes"},"schema":{"@context":"https:\/\/schema.org","@graph":[{"@type":"WebPage","@id":"https:\/\/spanishbreak.com\/about-us\/","url":"https:\/\/spanishbreak.com\/about-us\/","name":"\u00c0 propos de nous - Spanishbreak","isPartOf":{"@id":"https:\/\/spanishbreak.com\/#website"},"primaryImageOfPage":{"@id":"https:\/\/spanishbreak.com\/about-us\/#primaryimage"},"image":{"@id":"https:\/\/spanishbreak.com\/about-us\/#primaryimage"},"thumbnailUrl":"https:\/\/spanishbreak.com\/wp-content\/uploads\/2022\/12\/spanishbreak-about.png","datePublished":"2022-12-02T08:23:07+00:00","dateModified":"2023-01-25T09:55:37+00:00","description":"\u00c0 propos de nous Spanish Break a \u00e9t\u00e9 fond\u00e9e en 2005 pour vous aider \u00e0 planifier le voyage parfait \u00e0 Barcelone. Que vous envisagiez d'organiser un","breadcrumb":{"@id":"https:\/\/spanishbreak.com\/about-us\/#breadcrumb"},"inLanguage":"fr-FR","potentialAction":[{"@type":"ReadAction","target":["https:\/\/spanishbreak.com\/about-us\/"]}]},{"@type":"ImageObject","inLanguage":"fr-FR","@id":"https:\/\/spanishbreak.com\/about-us\/#primaryimage","url":"https:\/\/spanishbreak.com\/wp-content\/uploads\/2022\/12\/spanishbreak-about.png","contentUrl":"https:\/\/spanishbreak.com\/wp-content\/uploads\/2022\/12\/spanishbreak-about.png"},{"@type":"BreadcrumbList","@id":"https:\/\/spanishbreak.com\/about-us\/#breadcrumb","itemListElement":[{"@type":"ListItem","position":1,"name":"Home","item":"https:\/\/spanishbreak.com\/"},{"@type":"ListItem","position":2,"name":"\u00c0 propos de nous"}]},{"@type":"WebSite","@id":"https:\/\/spanishbreak.com\/#website","url":"https:\/\/spanishbreak.com\/","name":"Spanish Break","description":"Otro sitio realizado con WordPress","publisher":{"@id":"https:\/\/spanishbreak.com\/#organization"},"potentialAction":[{"@type":"SearchAction","target":{"@type":"EntryPoint","urlTemplate":"https:\/\/spanishbreak.com\/?s={search_term_string}"},"query-input":{"@type":"PropertyValueSpecification","valueRequired":true,"valueName":"search_term_string"}}],"inLanguage":"fr-FR"},{"@type":"Organization","@id":"https:\/\/spanishbreak.com\/#organization","name":"Spanish Break","url":"https:\/\/spanishbreak.com\/","logo":{"@type":"ImageObject","inLanguage":"fr-FR","@id":"https:\/\/spanishbreak.com\/#\/schema\/logo\/image\/","url":"https:\/\/spanishbreak.com\/wp-content\/uploads\/2024\/03\/logo-spanish-break.png","contentUrl":"https:\/\/spanishbreak.com\/wp-content\/uploads\/2024\/03\/logo-spanish-break.png","width":323,"height":37,"caption":"Spanish Break"},"image":{"@id":"https:\/\/spanishbreak.com\/#\/schema\/logo\/image\/"},"sameAs":["https:\/\/www.facebook.com\/spanishbreak","https:\/\/www.instagram.com\/spanishbreakbcn\/"]}]}},"_links":{"self":[{"href":"https:\/\/spanishbreak.com\/fr\/wp-json\/wp\/v2\/pages\/3430","targetHints":{"allow":["GET"]}}],"collection":[{"href":"https:\/\/spanishbreak.com\/fr\/wp-json\/wp\/v2\/pages"}],"about":[{"href":"https:\/\/spanishbreak.com\/fr\/wp-json\/wp\/v2\/types\/page"}],"author":[{"embeddable":true,"href":"https:\/\/spanishbreak.com\/fr\/wp-json\/wp\/v2\/users\/1"}],"replies":[{"embeddable":true,"href":"https:\/\/spanishbreak.com\/fr\/wp-json\/wp\/v2\/comments?post=3430"}],"version-history":[{"count":2,"href":"https:\/\/spanishbreak.com\/fr\/wp-json\/wp\/v2\/pages\/3430\/revisions"}],"predecessor-version":[{"id":6482,"href":"https:\/\/spanishbreak.com\/fr\/wp-json\/wp\/v2\/pages\/3430\/revisions\/6482"}],"wp:attachment":[{"href":"https:\/\/spanishbreak.com\/fr\/wp-json\/wp\/v2\/media?parent=3430"}],"curies":[{"name":"wp","href":"https:\/\/api.w.org\/{rel}","templated":true}]}}