{"id":3438,"date":"2022-12-02T17:00:55","date_gmt":"2022-12-02T17:00:55","guid":{"rendered":"https:\/\/spanishbreak.com\/faq\/"},"modified":"2023-03-02T10:05:56","modified_gmt":"2023-03-02T10:05:56","slug":"faq","status":"publish","type":"page","link":"https:\/\/spanishbreak.com\/fr\/faq\/","title":{"rendered":"FAQ"},"content":{"rendered":"\t\t<div data-elementor-type=\"wp-page\" data-elementor-id=\"3438\" class=\"elementor elementor-3438 elementor-2509\" data-elementor-post-type=\"page\">\n\t\t\t\t\t\t<section class=\"elementor-section elementor-top-section elementor-element elementor-element-8369e14 elementor-section-boxed elementor-section-height-default elementor-section-height-default\" data-id=\"8369e14\" data-element_type=\"section\">\n\t\t\t\t\t\t<div class=\"elementor-container elementor-column-gap-default\">\n\t\t\t\t\t<div class=\"elementor-column elementor-col-50 elementor-top-column elementor-element elementor-element-6cde660\" data-id=\"6cde660\" data-element_type=\"column\">\n\t\t\t<div class=\"elementor-widget-wrap elementor-element-populated\">\n\t\t\t\t\t\t<div class=\"elementor-element elementor-element-e45f861 elementor-widget elementor-widget-heading\" data-id=\"e45f861\" data-element_type=\"widget\" data-widget_type=\"heading.default\">\n\t\t\t\t<div class=\"elementor-widget-container\">\n\t\t\t\t\t<h2 class=\"elementor-heading-title elementor-size-default\">FAQ<\/h2>\t\t\t\t<\/div>\n\t\t\t\t<\/div>\n\t\t\t\t<div class=\"elementor-element elementor-element-f07794f elementor-widget elementor-widget-text-editor\" data-id=\"f07794f\" data-element_type=\"widget\" data-widget_type=\"text-editor.default\">\n\t\t\t\t<div class=\"elementor-widget-container\">\n\t\t\t\t\t\t\t\t\t<h3><strong><i>Pourquoi SpanishBreak ?<\/i><\/strong><\/h3><p><i class=\"fa fa-question-circle\"><\/i> <strong>Qu&rsquo;est-ce qui fait de SpanishBreak la meilleure agence pour moi ?<\/strong><\/p><div><p>Il y a cinq raisons fantastiques de r\u00e9server avec SpanishBreak :<\/p><p><em>SpanishBreak \u00e9tonne ses clients depuis plus de 10 ans.<\/em><\/p><p>SpanishBreak a \u00e9t\u00e9 fond\u00e9 en 2005 pour aider les futurs mari\u00e9(e)s et leurs amis \u00e0 profiter du meilleur de Barcelone.<\/p><p><em>SpanishBreak est une agence locale bas\u00e9e \u00e0 Barcelone.<\/em><\/p><p>Toute l&rsquo;\u00e9quipe de SpanishBreak est bas\u00e9e \u00e0 Barcelone et conna\u00eet parfaitement la ville. Avec plus de 1700 \u00e9v\u00e9nements organis\u00e9s \u00e0 ce jour, SpanishBreak entretient des liens \u00e9troits avec les meilleurs restaurants, clubs et entreprises.<\/p><p><em>SpanishBreak est flexible.<\/em><\/p><p>L&rsquo;\u00e9quipe de SpanishBreak comprend que lorsqu&rsquo;il s&rsquo;agit d&rsquo;organiser des personnes et des \u00e9v\u00e9nements, les choses peuvent changer \u00e0 court terme. C&rsquo;est pourquoi vous pouvez apporter des modifications \u00e0 votre itin\u00e9raire jusqu&rsquo;\u00e0 quatre semaines avant votre arriv\u00e9e.<\/p><p><em>SpanishBreak peut vous aider pendant votre s\u00e9jour.<\/em><\/p><p>Toute l&rsquo;\u00e9quipe \u00e9tant bas\u00e9e \u00e0 Barcelone, vous pouvez \u00eatre s\u00fbr qu&rsquo;une assistance 24 heures sur 24 est \u00e0 port\u00e9e de t\u00e9l\u00e9phone pendant votre week-end.<\/p><p><em>SpanishBreak propose de nombreuses options de paiement.<\/em><\/p><p>SpanishBreak comprend que les paiements uniques ne sont jamais amusants, c&rsquo;est pourquoi nous avons diff\u00e9rentes options de paiement disponibles dont vous pouvez discuter avec votre organisateur de f\u00eate.<\/p><\/div>\t\t\t\t\t\t\t\t<\/div>\n\t\t\t\t<\/div>\n\t\t\t\t\t<\/div>\n\t\t<\/div>\n\t\t\t\t<div class=\"elementor-column elementor-col-50 elementor-top-column elementor-element elementor-element-fd7b1fd\" data-id=\"fd7b1fd\" data-element_type=\"column\">\n\t\t\t<div class=\"elementor-widget-wrap elementor-element-populated\">\n\t\t\t\t\t\t<div class=\"elementor-element elementor-element-796e489 elementor-invisible elementor-widget elementor-widget-image\" data-id=\"796e489\" data-element_type=\"widget\" data-settings=\"{&quot;_animation&quot;:&quot;fadeInLeft&quot;}\" data-widget_type=\"image.default\">\n\t\t\t\t<div class=\"elementor-widget-container\">\n\t\t\t\t\t\t\t\t\t\t\t\t\t\t\t<img fetchpriority=\"high\" decoding=\"async\" width=\"852\" height=\"255\" src=\"https:\/\/spanishbreak.com\/wp-content\/uploads\/2021\/05\/franja-azul-G.png\" class=\"attachment-large size-large wp-image-2863\" alt=\"\" srcset=\"https:\/\/spanishbreak.com\/wp-content\/uploads\/2021\/05\/franja-azul-G.png 852w, https:\/\/spanishbreak.com\/wp-content\/uploads\/2021\/05\/franja-azul-G-300x90.png 300w, https:\/\/spanishbreak.com\/wp-content\/uploads\/2021\/05\/franja-azul-G-768x230.png 768w, https:\/\/spanishbreak.com\/wp-content\/uploads\/2021\/05\/franja-azul-G-600x180.png 600w\" sizes=\"(max-width: 852px) 100vw, 852px\" \/>\t\t\t\t\t\t\t\t\t\t\t\t\t\t\t<\/div>\n\t\t\t\t<\/div>\n\t\t\t\t<div class=\"elementor-element elementor-element-b50d7f7 elementor-widget elementor-widget-image\" data-id=\"b50d7f7\" data-element_type=\"widget\" data-widget_type=\"image.default\">\n\t\t\t\t<div class=\"elementor-widget-container\">\n\t\t\t\t\t\t\t\t\t\t\t\t\t\t\t<img decoding=\"async\" width=\"550\" height=\"838\" src=\"https:\/\/spanishbreak.com\/wp-content\/uploads\/2022\/12\/spanishbreak-faqs.jpg\" class=\"attachment-large size-large wp-image-3385\" alt=\"\" srcset=\"https:\/\/spanishbreak.com\/wp-content\/uploads\/2022\/12\/spanishbreak-faqs.jpg 550w, https:\/\/spanishbreak.com\/wp-content\/uploads\/2022\/12\/spanishbreak-faqs-197x300.jpg 197w\" sizes=\"(max-width: 550px) 100vw, 550px\" \/>\t\t\t\t\t\t\t\t\t\t\t\t\t\t\t<\/div>\n\t\t\t\t<\/div>\n\t\t\t\t<div class=\"elementor-element elementor-element-c8a1362 elementor-absolute e-transform elementor-invisible elementor-widget elementor-widget-image\" data-id=\"c8a1362\" data-element_type=\"widget\" data-settings=\"{&quot;_animation&quot;:&quot;slideInRight&quot;,&quot;_animation_delay&quot;:600,&quot;_position&quot;:&quot;absolute&quot;,&quot;_transform_flipY_effect&quot;:&quot;transform&quot;}\" data-widget_type=\"image.default\">\n\t\t\t\t<div class=\"elementor-widget-container\">\n\t\t\t\t\t\t\t\t\t\t\t\t\t\t\t<img decoding=\"async\" width=\"600\" height=\"111\" src=\"https:\/\/spanishbreak.com\/wp-content\/uploads\/2021\/05\/blanco-derecha.png\" class=\"attachment-large size-large wp-image-2862\" alt=\"\" srcset=\"https:\/\/spanishbreak.com\/wp-content\/uploads\/2021\/05\/blanco-derecha.png 600w, https:\/\/spanishbreak.com\/wp-content\/uploads\/2021\/05\/blanco-derecha-300x56.png 300w\" sizes=\"(max-width: 600px) 100vw, 600px\" \/>\t\t\t\t\t\t\t\t\t\t\t\t\t\t\t<\/div>\n\t\t\t\t<\/div>\n\t\t\t\t\t<\/div>\n\t\t<\/div>\n\t\t\t\t\t<\/div>\n\t\t<\/section>\n\t\t\t\t<section class=\"elementor-section elementor-top-section elementor-element elementor-element-10740ea elementor-section-boxed elementor-section-height-default elementor-section-height-default\" data-id=\"10740ea\" data-element_type=\"section\">\n\t\t\t\t\t\t<div class=\"elementor-container elementor-column-gap-default\">\n\t\t\t\t\t<div class=\"elementor-column elementor-col-100 elementor-top-column elementor-element elementor-element-be43032\" data-id=\"be43032\" data-element_type=\"column\">\n\t\t\t<div class=\"elementor-widget-wrap elementor-element-populated\">\n\t\t\t\t\t\t<div class=\"elementor-element elementor-element-8222888 elementor-widget elementor-widget-text-editor\" data-id=\"8222888\" data-element_type=\"widget\" data-widget_type=\"text-editor.default\">\n\t\t\t\t<div class=\"elementor-widget-container\">\n\t\t\t\t\t\t\t\t\t<h3>R\u00e9servation<\/h3>\n<hr>\n<p><i class=\"fa fa-question-circle\"><\/i> <strong>Comment faire une r\u00e9servation avec SpanishBreak ?<\/strong><\/p>\n<div>La r\u00e9servation avec SpanishBreak est un processus simple qui commence par un devis initial sur notre site web. L&rsquo;un de nos planificateurs experts vous guidera tout au long du processus. Si vous souhaitez une explication plus approfondie du processus de r\u00e9servation, veuillez vous reporter aux conditions g\u00e9n\u00e9rales pour un aper\u00e7u \u00e9tape par \u00e9tape.  <\/div>\n<p><i class=\"fa fa-question-circle\"><\/i> <strong>Quand dois-je faire ma r\u00e9servation ?<\/strong><\/p>\n<div>Lorsqu&rsquo;il s&rsquo;agit d&rsquo;\u00e9v\u00e9nements, le plus t\u00f4t possible ! Plus vous r\u00e9servez t\u00f4t, plus vous avez de chances d&rsquo;obtenir les meilleurs prix, offres et disponibilit\u00e9s. N&rsquo;h\u00e9sitez pas \u00e0 nous contacter pour discuter de vos projets avec l&rsquo;un de nos experts !<\/div>\n<p><i class=\"fa fa-question-circle\"><\/i> <strong>Quel type de d\u00e9p\u00f4t est requis ?<\/strong><\/p>\n<div>Nous ne demandons qu&rsquo;un acompte de 50\u20ac pour votre groupe. Une fois ce paiement effectu\u00e9, nos experts se chargeront de trouver les meilleurs prix possibles pour votre groupe et reviendront vers vous avec un devis actualis\u00e9.<\/div>\n<p><i class=\"fa fa-question-circle\"><\/i> <strong>Comment puis-je effectuer des paiements \u00e0 SpanishBreak ?<\/strong><\/p>\n<div>Vous pouvez effectuer des paiements en utilisant notre portail en ligne s\u00e9curis\u00e9 ou par t\u00e9l\u00e9phone. Comme nous sommes situ\u00e9s \u00e0 Barcelone, nous sommes heureux d&rsquo;accepter jusqu&rsquo;\u00e0 50 % de votre paiement en esp\u00e8ces \u00e0 votre arriv\u00e9e, afin d&rsquo;\u00e9viter les gros paiements ponctuels.<\/div>\n<p><i class=\"fa fa-question-circle\"><\/i> <strong>L&rsquo;\u00e9v\u00e9nement doit avoir lieu tr\u00e8s prochainement mais nous n&rsquo;avons rien r\u00e9serv\u00e9. Comment SpanishBreak peut-il m&rsquo;aider ?<\/strong><\/p>\n<div>Nous sommes bas\u00e9s \u00e0 Barcelone et nous avons des liens \u00e9troits avec les restaurants, les clubs et les entreprises de la ville. N&rsquo;h\u00e9sitez pas \u00e0 nous contacter \u00e0 court terme et nous verrons ce que nous pouvons faire pour vous.<\/div>\n<h3>Vols<\/h3>\n<hr>\n<p><i class=\"fa fa-question-circle\"><\/i> <strong>Est-il possible pour mon groupe de r\u00e9server des vols avec SpanishBreak ?<\/strong><\/p>\n<div>\u00c9tant donn\u00e9 qu&rsquo;il y a beaucoup d&rsquo;arrangements diff\u00e9rents entre les membres de chaque groupe, il est beaucoup plus facile pour les groupes d&rsquo;entreprendre la r\u00e9servation de leurs propres vols. Nos experts sont \u00e0 votre disposition pour vous conseiller et vous assister, si vous avez besoin d&rsquo;aide.<\/div>\n<h3>Logement<\/h3>\n<hr>\n<p><i class=\"fa fa-question-circle\"><\/i> <strong>O\u00f9 est situ\u00e9 votre logement ?<\/strong><\/p>\n<div>Chez SpanishBreak, nous avons d&rsquo;excellentes relations avec des h\u00f4tels, des auberges et des propri\u00e9taires d&rsquo;appartements priv\u00e9s dans toute la ville de Barcelone. Que vous souhaitiez s\u00e9journer dans le centre de la ville ou que vous ayez d\u00e9j\u00e0 une pr\u00e9f\u00e9rence particuli\u00e8re, faites-le savoir \u00e0 votre expert en r\u00e9servation.<\/div>\n<p><i class=\"fa fa-question-circle\"><\/i> <strong>Quel est le type de logement dont vous disposez ?<\/strong><\/p>\n<div>Nous proposons de nombreuses options d&rsquo;h\u00e9bergement, allant des appartements, auberges et logements bon march\u00e9 aux h\u00f4tels 3 et 4 \u00e9toiles.<\/div>\n<h3>Activit\u00e9s<\/h3>\n<hr>\n<p><i class=\"fa fa-question-circle\"><\/i> <strong>Qu&rsquo;est-ce qui distingue les activit\u00e9s de SpanishBreak des autres soci\u00e9t\u00e9s d&rsquo;organisation d&rsquo;\u00e9v\u00e9nements ?<\/strong><\/p>\n<div>Nous sommes bas\u00e9s \u00e0 Barcelone et nous connaissons donc parfaitement la ville et les entreprises qui s&rsquo;y trouvent ! Quels que soient vos souhaits pour votre \u00e9v\u00e9nement, nous pouvons nous charger de vous garantir les meilleurs prix en fonction de votre calendrier et de votre itin\u00e9raire.<\/div>\n<p><i class=\"fa fa-question-circle\"><\/i> <strong>Puis-je choisir l&rsquo;heure exacte des activit\u00e9s ?<\/strong><\/p>\n<div>Nos experts en planification feront de leur mieux pour s&rsquo;assurer que vous obtenez les horaires qui vous conviennent, alors assurez-vous de r\u00e9server le plus t\u00f4t possible avant votre date ! Un peu de flexibilit\u00e9 vous permettra \u00e9galement de faire toutes les activit\u00e9s que vous souhaitez pendant votre week-end.<\/div>\n<h3>Autres questions<\/h3>\n<hr>\n<p><i class=\"fa fa-question-circle\"><\/i> <strong>Avez-vous des termes et conditions ?<\/strong><\/p>\n<div>Oui, bien s\u00fbr ! Vous pouvez trouver nos conditions g\u00e9n\u00e9rales ici sur notre site web, dans la section Conditions g\u00e9n\u00e9rales.<\/div>\n<p><i class=\"fa fa-question-circle\"><\/i> <strong>Quel soutien et quelle assistance mon groupe recevra-t-il pendant le week-end ?<\/strong><\/p>\n<div>Toute notre \u00e9quipe SpanishBreak se trouve \u00e0 Barcelone et nous sommes fiers de pouvoir vous offrir une assistance compl\u00e8te 24 heures sur 24 en cas de probl\u00e8me.<\/div>\n\t\t\t\t\t\t\t\t<\/div>\n\t\t\t\t<\/div>\n\t\t\t\t\t<\/div>\n\t\t<\/div>\n\t\t\t\t\t<\/div>\n\t\t<\/section>\n\t\t\t\t<\/div>\n\t\t","protected":false},"excerpt":{"rendered":"<p>FAQ Pourquoi SpanishBreak ? Qu&rsquo;est-ce qui fait de SpanishBreak la meilleure agence pour moi ? Il y a cinq raisons fantastiques de r\u00e9server avec SpanishBreak : SpanishBreak \u00e9tonne ses clients depuis plus de 10 ans. SpanishBreak a \u00e9t\u00e9 fond\u00e9 en 2005 pour aider les futurs mari\u00e9(e)s et leurs amis \u00e0 profiter du meilleur de Barcelone. [&hellip;]<\/p>\n","protected":false},"author":1,"featured_media":0,"parent":0,"menu_order":0,"comment_status":"closed","ping_status":"closed","template":"","meta":{"site-sidebar-layout":"no-sidebar","site-content-layout":"page-builder","ast-site-content-layout":"","site-content-style":"default","site-sidebar-style":"default","ast-global-header-display":"","ast-banner-title-visibility":"","ast-main-header-display":"","ast-hfb-above-header-display":"","ast-hfb-below-header-display":"","ast-hfb-mobile-header-display":"","site-post-title":"disabled","ast-breadcrumbs-content":"","ast-featured-img":"disabled","footer-sml-layout":"","theme-transparent-header-meta":"default","adv-header-id-meta":"","stick-header-meta":"","header-above-stick-meta":"","header-main-stick-meta":"","header-below-stick-meta":"","astra-migrate-meta-layouts":"default","ast-page-background-enabled":"default","ast-page-background-meta":{"desktop":{"background-color":"var(--ast-global-color-4)","background-image":"","background-repeat":"repeat","background-position":"center center","background-size":"auto","background-attachment":"scroll","background-type":"","background-media":"","overlay-type":"","overlay-color":"","overlay-opacity":"","overlay-gradient":""},"tablet":{"background-color":"","background-image":"","background-repeat":"repeat","background-position":"center center","background-size":"auto","background-attachment":"scroll","background-type":"","background-media":"","overlay-type":"","overlay-color":"","overlay-opacity":"","overlay-gradient":""},"mobile":{"background-color":"","background-image":"","background-repeat":"repeat","background-position":"center center","background-size":"auto","background-attachment":"scroll","background-type":"","background-media":"","overlay-type":"","overlay-color":"","overlay-opacity":"","overlay-gradient":""}},"ast-content-background-meta":{"desktop":{"background-color":"var(--ast-global-color-5)","background-image":"","background-repeat":"repeat","background-position":"center center","background-size":"auto","background-attachment":"scroll","background-type":"","background-media":"","overlay-type":"","overlay-color":"","overlay-opacity":"","overlay-gradient":""},"tablet":{"background-color":"var(--ast-global-color-5)","background-image":"","background-repeat":"repeat","background-position":"center center","background-size":"auto","background-attachment":"scroll","background-type":"","background-media":"","overlay-type":"","overlay-color":"","overlay-opacity":"","overlay-gradient":""},"mobile":{"background-color":"var(--ast-global-color-5)","background-image":"","background-repeat":"repeat","background-position":"center center","background-size":"auto","background-attachment":"scroll","background-type":"","background-media":"","overlay-type":"","overlay-color":"","overlay-opacity":"","overlay-gradient":""}},"footnotes":""},"class_list":["post-3438","page","type-page","status-publish","hentry"],"yoast_head":"<!-- This site is optimized with the Yoast SEO plugin v26.8 - https:\/\/yoast.com\/product\/yoast-seo-wordpress\/ -->\n<title>FAQ - Spanishbreak<\/title>\n<meta name=\"description\" content=\"FAQ Pourquoi SpanishBreak ? Qu&#039;est-ce qui fait de SpanishBreak la meilleure agence pour moi ?Il y a cinq raisons fantastiques de r\u00e9server avec\" \/>\n<meta name=\"robots\" content=\"index, follow, max-snippet:-1, max-image-preview:large, max-video-preview:-1\" \/>\n<link rel=\"canonical\" href=\"https:\/\/spanishbreak.com\/faqs\/\" \/>\n<meta property=\"og:locale\" content=\"fr_FR\" \/>\n<meta property=\"og:type\" content=\"article\" \/>\n<meta property=\"og:title\" content=\"FAQ - Spanishbreak\" \/>\n<meta property=\"og:description\" content=\"FAQ Pourquoi SpanishBreak ? Qu&#039;est-ce qui fait de SpanishBreak la meilleure agence pour moi ?Il y a cinq raisons fantastiques de r\u00e9server avec\" \/>\n<meta property=\"og:url\" content=\"https:\/\/spanishbreak.com\/faqs\/\" \/>\n<meta property=\"og:site_name\" content=\"Spanishbreak\" \/>\n<meta property=\"article:publisher\" content=\"https:\/\/www.facebook.com\/spanishbreak\" \/>\n<meta property=\"article:modified_time\" content=\"2023-03-02T10:05:56+00:00\" \/>\n<meta property=\"og:image\" content=\"https:\/\/spanishbreak.com\/wp-content\/uploads\/2021\/05\/franja-azul-G.png\" \/>\n<meta name=\"twitter:card\" content=\"summary_large_image\" \/>\n<meta name=\"twitter:label1\" content=\"Dur\u00e9e de lecture estim\u00e9e\" \/>\n\t<meta name=\"twitter:data1\" content=\"4 minutes\" \/>\n<script type=\"application\/ld+json\" class=\"yoast-schema-graph\">{\"@context\":\"https:\/\/schema.org\",\"@graph\":[{\"@type\":\"WebPage\",\"@id\":\"https:\/\/spanishbreak.com\/faqs\/\",\"url\":\"https:\/\/spanishbreak.com\/faqs\/\",\"name\":\"FAQ - Spanishbreak\",\"isPartOf\":{\"@id\":\"https:\/\/spanishbreak.com\/#website\"},\"primaryImageOfPage\":{\"@id\":\"https:\/\/spanishbreak.com\/faqs\/#primaryimage\"},\"image\":{\"@id\":\"https:\/\/spanishbreak.com\/faqs\/#primaryimage\"},\"thumbnailUrl\":\"https:\/\/spanishbreak.com\/wp-content\/uploads\/2021\/05\/franja-azul-G.png\",\"datePublished\":\"2022-12-02T17:00:55+00:00\",\"dateModified\":\"2023-03-02T10:05:56+00:00\",\"description\":\"FAQ Pourquoi SpanishBreak ? Qu'est-ce qui fait de SpanishBreak la meilleure agence pour moi ?Il y a cinq raisons fantastiques de r\u00e9server avec\",\"breadcrumb\":{\"@id\":\"https:\/\/spanishbreak.com\/faqs\/#breadcrumb\"},\"inLanguage\":\"fr-FR\",\"potentialAction\":[{\"@type\":\"ReadAction\",\"target\":[\"https:\/\/spanishbreak.com\/faqs\/\"]}]},{\"@type\":\"ImageObject\",\"inLanguage\":\"fr-FR\",\"@id\":\"https:\/\/spanishbreak.com\/faqs\/#primaryimage\",\"url\":\"https:\/\/spanishbreak.com\/wp-content\/uploads\/2021\/05\/franja-azul-G.png\",\"contentUrl\":\"https:\/\/spanishbreak.com\/wp-content\/uploads\/2021\/05\/franja-azul-G.png\"},{\"@type\":\"BreadcrumbList\",\"@id\":\"https:\/\/spanishbreak.com\/faqs\/#breadcrumb\",\"itemListElement\":[{\"@type\":\"ListItem\",\"position\":1,\"name\":\"Home\",\"item\":\"https:\/\/spanishbreak.com\/\"},{\"@type\":\"ListItem\",\"position\":2,\"name\":\"FAQ\"}]},{\"@type\":\"WebSite\",\"@id\":\"https:\/\/spanishbreak.com\/#website\",\"url\":\"https:\/\/spanishbreak.com\/\",\"name\":\"Spanish Break\",\"description\":\"Otro sitio realizado con WordPress\",\"publisher\":{\"@id\":\"https:\/\/spanishbreak.com\/#organization\"},\"potentialAction\":[{\"@type\":\"SearchAction\",\"target\":{\"@type\":\"EntryPoint\",\"urlTemplate\":\"https:\/\/spanishbreak.com\/?s={search_term_string}\"},\"query-input\":{\"@type\":\"PropertyValueSpecification\",\"valueRequired\":true,\"valueName\":\"search_term_string\"}}],\"inLanguage\":\"fr-FR\"},{\"@type\":\"Organization\",\"@id\":\"https:\/\/spanishbreak.com\/#organization\",\"name\":\"Spanish Break\",\"url\":\"https:\/\/spanishbreak.com\/\",\"logo\":{\"@type\":\"ImageObject\",\"inLanguage\":\"fr-FR\",\"@id\":\"https:\/\/spanishbreak.com\/#\/schema\/logo\/image\/\",\"url\":\"https:\/\/spanishbreak.com\/wp-content\/uploads\/2024\/03\/logo-spanish-break.png\",\"contentUrl\":\"https:\/\/spanishbreak.com\/wp-content\/uploads\/2024\/03\/logo-spanish-break.png\",\"width\":323,\"height\":37,\"caption\":\"Spanish Break\"},\"image\":{\"@id\":\"https:\/\/spanishbreak.com\/#\/schema\/logo\/image\/\"},\"sameAs\":[\"https:\/\/www.facebook.com\/spanishbreak\",\"https:\/\/www.instagram.com\/spanishbreakbcn\/\"]}]}<\/script>\n<!-- \/ Yoast SEO plugin. -->","yoast_head_json":{"title":"FAQ - Spanishbreak","description":"FAQ Pourquoi SpanishBreak ? Qu'est-ce qui fait de SpanishBreak la meilleure agence pour moi ?Il y a cinq raisons fantastiques de r\u00e9server avec","robots":{"index":"index","follow":"follow","max-snippet":"max-snippet:-1","max-image-preview":"max-image-preview:large","max-video-preview":"max-video-preview:-1"},"canonical":"https:\/\/spanishbreak.com\/faqs\/","og_locale":"fr_FR","og_type":"article","og_title":"FAQ - Spanishbreak","og_description":"FAQ Pourquoi SpanishBreak ? Qu'est-ce qui fait de SpanishBreak la meilleure agence pour moi ?Il y a cinq raisons fantastiques de r\u00e9server avec","og_url":"https:\/\/spanishbreak.com\/faqs\/","og_site_name":"Spanishbreak","article_publisher":"https:\/\/www.facebook.com\/spanishbreak","article_modified_time":"2023-03-02T10:05:56+00:00","og_image":[{"url":"https:\/\/spanishbreak.com\/wp-content\/uploads\/2021\/05\/franja-azul-G.png","type":"","width":"","height":""}],"twitter_card":"summary_large_image","twitter_misc":{"Dur\u00e9e de lecture estim\u00e9e":"4 minutes"},"schema":{"@context":"https:\/\/schema.org","@graph":[{"@type":"WebPage","@id":"https:\/\/spanishbreak.com\/faqs\/","url":"https:\/\/spanishbreak.com\/faqs\/","name":"FAQ - Spanishbreak","isPartOf":{"@id":"https:\/\/spanishbreak.com\/#website"},"primaryImageOfPage":{"@id":"https:\/\/spanishbreak.com\/faqs\/#primaryimage"},"image":{"@id":"https:\/\/spanishbreak.com\/faqs\/#primaryimage"},"thumbnailUrl":"https:\/\/spanishbreak.com\/wp-content\/uploads\/2021\/05\/franja-azul-G.png","datePublished":"2022-12-02T17:00:55+00:00","dateModified":"2023-03-02T10:05:56+00:00","description":"FAQ Pourquoi SpanishBreak ? Qu'est-ce qui fait de SpanishBreak la meilleure agence pour moi ?Il y a cinq raisons fantastiques de r\u00e9server avec","breadcrumb":{"@id":"https:\/\/spanishbreak.com\/faqs\/#breadcrumb"},"inLanguage":"fr-FR","potentialAction":[{"@type":"ReadAction","target":["https:\/\/spanishbreak.com\/faqs\/"]}]},{"@type":"ImageObject","inLanguage":"fr-FR","@id":"https:\/\/spanishbreak.com\/faqs\/#primaryimage","url":"https:\/\/spanishbreak.com\/wp-content\/uploads\/2021\/05\/franja-azul-G.png","contentUrl":"https:\/\/spanishbreak.com\/wp-content\/uploads\/2021\/05\/franja-azul-G.png"},{"@type":"BreadcrumbList","@id":"https:\/\/spanishbreak.com\/faqs\/#breadcrumb","itemListElement":[{"@type":"ListItem","position":1,"name":"Home","item":"https:\/\/spanishbreak.com\/"},{"@type":"ListItem","position":2,"name":"FAQ"}]},{"@type":"WebSite","@id":"https:\/\/spanishbreak.com\/#website","url":"https:\/\/spanishbreak.com\/","name":"Spanish Break","description":"Otro sitio realizado con WordPress","publisher":{"@id":"https:\/\/spanishbreak.com\/#organization"},"potentialAction":[{"@type":"SearchAction","target":{"@type":"EntryPoint","urlTemplate":"https:\/\/spanishbreak.com\/?s={search_term_string}"},"query-input":{"@type":"PropertyValueSpecification","valueRequired":true,"valueName":"search_term_string"}}],"inLanguage":"fr-FR"},{"@type":"Organization","@id":"https:\/\/spanishbreak.com\/#organization","name":"Spanish Break","url":"https:\/\/spanishbreak.com\/","logo":{"@type":"ImageObject","inLanguage":"fr-FR","@id":"https:\/\/spanishbreak.com\/#\/schema\/logo\/image\/","url":"https:\/\/spanishbreak.com\/wp-content\/uploads\/2024\/03\/logo-spanish-break.png","contentUrl":"https:\/\/spanishbreak.com\/wp-content\/uploads\/2024\/03\/logo-spanish-break.png","width":323,"height":37,"caption":"Spanish Break"},"image":{"@id":"https:\/\/spanishbreak.com\/#\/schema\/logo\/image\/"},"sameAs":["https:\/\/www.facebook.com\/spanishbreak","https:\/\/www.instagram.com\/spanishbreakbcn\/"]}]}},"_links":{"self":[{"href":"https:\/\/spanishbreak.com\/fr\/wp-json\/wp\/v2\/pages\/3438","targetHints":{"allow":["GET"]}}],"collection":[{"href":"https:\/\/spanishbreak.com\/fr\/wp-json\/wp\/v2\/pages"}],"about":[{"href":"https:\/\/spanishbreak.com\/fr\/wp-json\/wp\/v2\/types\/page"}],"author":[{"embeddable":true,"href":"https:\/\/spanishbreak.com\/fr\/wp-json\/wp\/v2\/users\/1"}],"replies":[{"embeddable":true,"href":"https:\/\/spanishbreak.com\/fr\/wp-json\/wp\/v2\/comments?post=3438"}],"version-history":[{"count":4,"href":"https:\/\/spanishbreak.com\/fr\/wp-json\/wp\/v2\/pages\/3438\/revisions"}],"predecessor-version":[{"id":4431,"href":"https:\/\/spanishbreak.com\/fr\/wp-json\/wp\/v2\/pages\/3438\/revisions\/4431"}],"wp:attachment":[{"href":"https:\/\/spanishbreak.com\/fr\/wp-json\/wp\/v2\/media?parent=3438"}],"curies":[{"name":"wp","href":"https:\/\/api.w.org\/{rel}","templated":true}]}}