{"id":3440,"date":"2022-12-01T18:50:39","date_gmt":"2022-12-01T18:50:39","guid":{"rendered":"https:\/\/spanishbreak.com\/politique-de-confidentialite\/"},"modified":"2024-04-24T15:46:43","modified_gmt":"2024-04-24T15:46:43","slug":"politique-de-confidentialite","status":"publish","type":"page","link":"https:\/\/spanishbreak.com\/fr\/politique-de-confidentialite\/","title":{"rendered":"Politique de confidentialit\u00e9"},"content":{"rendered":"\t\t<div data-elementor-type=\"wp-page\" data-elementor-id=\"3440\" class=\"elementor elementor-3440 elementor-2471\" data-elementor-post-type=\"page\">\n\t\t\t\t\t\t<section class=\"elementor-section elementor-top-section elementor-element elementor-element-09f704f elementor-section-boxed elementor-section-height-default elementor-section-height-default\" data-id=\"09f704f\" data-element_type=\"section\">\n\t\t\t\t\t\t<div class=\"elementor-container elementor-column-gap-default\">\n\t\t\t\t\t<div class=\"elementor-column elementor-col-100 elementor-top-column elementor-element elementor-element-bfd149d\" data-id=\"bfd149d\" data-element_type=\"column\">\n\t\t\t<div class=\"elementor-widget-wrap elementor-element-populated\">\n\t\t\t\t\t\t<div class=\"elementor-element elementor-element-8578cf1 elementor-widget elementor-widget-heading\" data-id=\"8578cf1\" data-element_type=\"widget\" data-widget_type=\"heading.default\">\n\t\t\t\t<div class=\"elementor-widget-container\">\n\t\t\t\t\t<h2 class=\"elementor-heading-title elementor-size-default\">Politique de confidentialit\u00e9<\/h2>\t\t\t\t<\/div>\n\t\t\t\t<\/div>\n\t\t\t\t\t<\/div>\n\t\t<\/div>\n\t\t\t\t\t<\/div>\n\t\t<\/section>\n\t\t\t\t<section class=\"elementor-section elementor-top-section elementor-element elementor-element-51e6056 elementor-section-boxed elementor-section-height-default elementor-section-height-default\" data-id=\"51e6056\" data-element_type=\"section\">\n\t\t\t\t\t\t<div class=\"elementor-container elementor-column-gap-default\">\n\t\t\t\t\t<div class=\"elementor-column elementor-col-100 elementor-top-column elementor-element elementor-element-3e5c008\" data-id=\"3e5c008\" data-element_type=\"column\">\n\t\t\t<div class=\"elementor-widget-wrap elementor-element-populated\">\n\t\t\t\t\t\t<div class=\"elementor-element elementor-element-a51fc18 elementor-widget elementor-widget-text-editor\" data-id=\"a51fc18\" data-element_type=\"widget\" data-widget_type=\"text-editor.default\">\n\t\t\t\t<div class=\"elementor-widget-container\">\n\t\t\t\t\t\t\t\t\t<p>Chez SpanishBreak, nous traitons vos informations avec le plus grand soin. Nous sommes conscients qu&rsquo;en nous communiquant vos informations personnelles, vous nous faites confiance et nous vous garantissons que vos donn\u00e9es personnelles ne seront jamais utilis\u00e9es autrement que comme indiqu\u00e9 ci-dessous.<\/p>\n<p><strong><em>Information personnelle<\/em><\/strong><br \/>Pour vous fournir nos services, il se peut que nous devions collecter des informations vous concernant \u00e0 diff\u00e9rentes \u00e9tapes du processus de r\u00e9servation par le biais du site web, de courriers \u00e9lectroniques et de conversations t\u00e9l\u00e9phoniques.<\/p>\n<p>Vos informations personnelles ne seront jamais vendues ou lou\u00e9es \u00e0 un tiers et nous ne d\u00e9tenons aucune information financi\u00e8re.<\/p>\n<p><strong><em>D\u00e9sabonnement aux e-mails<\/em><\/strong><br \/>Nous vous offrons toujours la possibilit\u00e9 de vous d\u00e9sabonner des courriels, de mettre fin \u00e0 la communication et de nous demander de supprimer toute information personnelle de nos dossiers.<\/p>\n<p><strong><em>Third Party<\/em><\/strong><br \/>\u00c9tant donn\u00e9 que nous travaillons avec des fournisseurs tiers, tels que des h\u00f4tels et des services de transport, il peut parfois \u00eatre n\u00e9cessaire de fournir certaines de vos informations personnelles pour effectuer des r\u00e9servations. Soyez assur\u00e9 que nous ne fournirons que les informations absolument n\u00e9cessaires pour effectuer les r\u00e9servations.<\/p>\n\t\t\t\t\t\t\t\t<\/div>\n\t\t\t\t<\/div>\n\t\t\t\t\t<\/div>\n\t\t<\/div>\n\t\t\t\t\t<\/div>\n\t\t<\/section>\n\t\t\t\t<\/div>\n\t\t","protected":false},"excerpt":{"rendered":"<p>Politique de confidentialit\u00e9 Chez SpanishBreak, nous traitons vos informations avec le plus grand soin. Nous sommes conscients qu&rsquo;en nous communiquant vos informations personnelles, vous nous faites confiance et nous vous garantissons que vos donn\u00e9es personnelles ne seront jamais utilis\u00e9es autrement que comme indiqu\u00e9 ci-dessous. Information personnellePour vous fournir nos services, il se peut que nous [&hellip;]<\/p>\n","protected":false},"author":1,"featured_media":0,"parent":0,"menu_order":0,"comment_status":"closed","ping_status":"closed","template":"","meta":{"site-sidebar-layout":"no-sidebar","site-content-layout":"page-builder","ast-site-content-layout":"","site-content-style":"default","site-sidebar-style":"default","ast-global-header-display":"","ast-banner-title-visibility":"","ast-main-header-display":"","ast-hfb-above-header-display":"","ast-hfb-below-header-display":"","ast-hfb-mobile-header-display":"","site-post-title":"disabled","ast-breadcrumbs-content":"","ast-featured-img":"disabled","footer-sml-layout":"","theme-transparent-header-meta":"default","adv-header-id-meta":"","stick-header-meta":"","header-above-stick-meta":"","header-main-stick-meta":"","header-below-stick-meta":"","astra-migrate-meta-layouts":"set","ast-page-background-enabled":"default","ast-page-background-meta":{"desktop":{"background-color":"var(--ast-global-color-4)","background-image":"","background-repeat":"repeat","background-position":"center center","background-size":"auto","background-attachment":"scroll","background-type":"","background-media":"","overlay-type":"","overlay-color":"","overlay-opacity":"","overlay-gradient":""},"tablet":{"background-color":"","background-image":"","background-repeat":"repeat","background-position":"center center","background-size":"auto","background-attachment":"scroll","background-type":"","background-media":"","overlay-type":"","overlay-color":"","overlay-opacity":"","overlay-gradient":""},"mobile":{"background-color":"","background-image":"","background-repeat":"repeat","background-position":"center center","background-size":"auto","background-attachment":"scroll","background-type":"","background-media":"","overlay-type":"","overlay-color":"","overlay-opacity":"","overlay-gradient":""}},"ast-content-background-meta":{"desktop":{"background-color":"var(--ast-global-color-5)","background-image":"","background-repeat":"repeat","background-position":"center center","background-size":"auto","background-attachment":"scroll","background-type":"","background-media":"","overlay-type":"","overlay-color":"","overlay-opacity":"","overlay-gradient":""},"tablet":{"background-color":"var(--ast-global-color-5)","background-image":"","background-repeat":"repeat","background-position":"center center","background-size":"auto","background-attachment":"scroll","background-type":"","background-media":"","overlay-type":"","overlay-color":"","overlay-opacity":"","overlay-gradient":""},"mobile":{"background-color":"var(--ast-global-color-5)","background-image":"","background-repeat":"repeat","background-position":"center center","background-size":"auto","background-attachment":"scroll","background-type":"","background-media":"","overlay-type":"","overlay-color":"","overlay-opacity":"","overlay-gradient":""}},"footnotes":""},"class_list":["post-3440","page","type-page","status-publish","hentry"],"yoast_head":"<!-- This site is optimized with the Yoast SEO plugin v26.8 - https:\/\/yoast.com\/product\/yoast-seo-wordpress\/ -->\n<title>Politique de confidentialit\u00e9 - Spanish Break<\/title>\n<meta name=\"description\" content=\"Politique de confidentialit\u00e9 Chez SpanishBreak, nous traitons vos informations avec le plus grand soin. Nous sommes conscients qu&#039;en nous communiquant vos\" \/>\n<meta name=\"robots\" content=\"index, follow, max-snippet:-1, max-image-preview:large, max-video-preview:-1\" \/>\n<link rel=\"canonical\" href=\"https:\/\/spanishbreak.com\/politique-de-confidentialite\/?lang=fr\" \/>\n<meta property=\"og:locale\" content=\"fr_FR\" \/>\n<meta property=\"og:type\" content=\"article\" \/>\n<meta property=\"og:title\" content=\"Politique de confidentialit\u00e9 - Spanish Break\" \/>\n<meta property=\"og:description\" content=\"Politique de confidentialit\u00e9 Chez SpanishBreak, nous traitons vos informations avec le plus grand soin. Nous sommes conscients qu&#039;en nous communiquant vos\" \/>\n<meta property=\"og:url\" content=\"https:\/\/spanishbreak.com\/politique-de-confidentialite\/?lang=fr\" \/>\n<meta property=\"og:site_name\" content=\"Spanishbreak\" \/>\n<meta property=\"article:publisher\" content=\"https:\/\/www.facebook.com\/spanishbreak\" \/>\n<meta property=\"article:modified_time\" content=\"2024-04-24T15:46:43+00:00\" \/>\n<meta name=\"twitter:card\" content=\"summary_large_image\" \/>\n<meta name=\"twitter:label1\" content=\"Dur\u00e9e de lecture estim\u00e9e\" \/>\n\t<meta name=\"twitter:data1\" content=\"1 minute\" \/>\n<script type=\"application\/ld+json\" class=\"yoast-schema-graph\">{\"@context\":\"https:\/\/schema.org\",\"@graph\":[{\"@type\":\"WebPage\",\"@id\":\"https:\/\/spanishbreak.com\/politique-de-confidentialite\/?lang=fr\",\"url\":\"https:\/\/spanishbreak.com\/politique-de-confidentialite\/?lang=fr\",\"name\":\"Politique de confidentialit\u00e9 - Spanish Break\",\"isPartOf\":{\"@id\":\"https:\/\/spanishbreak.com\/#website\"},\"datePublished\":\"2022-12-01T18:50:39+00:00\",\"dateModified\":\"2024-04-24T15:46:43+00:00\",\"description\":\"Politique de confidentialit\u00e9 Chez SpanishBreak, nous traitons vos informations avec le plus grand soin. Nous sommes conscients qu'en nous communiquant vos\",\"breadcrumb\":{\"@id\":\"https:\/\/spanishbreak.com\/politique-de-confidentialite\/?lang=fr#breadcrumb\"},\"inLanguage\":\"fr-FR\",\"potentialAction\":[{\"@type\":\"ReadAction\",\"target\":[\"https:\/\/spanishbreak.com\/politique-de-confidentialite\/?lang=fr\"]}]},{\"@type\":\"BreadcrumbList\",\"@id\":\"https:\/\/spanishbreak.com\/politique-de-confidentialite\/?lang=fr#breadcrumb\",\"itemListElement\":[{\"@type\":\"ListItem\",\"position\":1,\"name\":\"Home\",\"item\":\"https:\/\/spanishbreak.com\/\"},{\"@type\":\"ListItem\",\"position\":2,\"name\":\"Politique de confidentialit\u00e9\"}]},{\"@type\":\"WebSite\",\"@id\":\"https:\/\/spanishbreak.com\/#website\",\"url\":\"https:\/\/spanishbreak.com\/\",\"name\":\"Spanish Break\",\"description\":\"Otro sitio realizado con WordPress\",\"publisher\":{\"@id\":\"https:\/\/spanishbreak.com\/#organization\"},\"potentialAction\":[{\"@type\":\"SearchAction\",\"target\":{\"@type\":\"EntryPoint\",\"urlTemplate\":\"https:\/\/spanishbreak.com\/?s={search_term_string}\"},\"query-input\":{\"@type\":\"PropertyValueSpecification\",\"valueRequired\":true,\"valueName\":\"search_term_string\"}}],\"inLanguage\":\"fr-FR\"},{\"@type\":\"Organization\",\"@id\":\"https:\/\/spanishbreak.com\/#organization\",\"name\":\"Spanish Break\",\"url\":\"https:\/\/spanishbreak.com\/\",\"logo\":{\"@type\":\"ImageObject\",\"inLanguage\":\"fr-FR\",\"@id\":\"https:\/\/spanishbreak.com\/#\/schema\/logo\/image\/\",\"url\":\"https:\/\/spanishbreak.com\/wp-content\/uploads\/2024\/03\/logo-spanish-break.png\",\"contentUrl\":\"https:\/\/spanishbreak.com\/wp-content\/uploads\/2024\/03\/logo-spanish-break.png\",\"width\":323,\"height\":37,\"caption\":\"Spanish Break\"},\"image\":{\"@id\":\"https:\/\/spanishbreak.com\/#\/schema\/logo\/image\/\"},\"sameAs\":[\"https:\/\/www.facebook.com\/spanishbreak\",\"https:\/\/www.instagram.com\/spanishbreakbcn\/\"]}]}<\/script>\n<!-- \/ Yoast SEO plugin. -->","yoast_head_json":{"title":"Politique de confidentialit\u00e9 - Spanish Break","description":"Politique de confidentialit\u00e9 Chez SpanishBreak, nous traitons vos informations avec le plus grand soin. Nous sommes conscients qu'en nous communiquant vos","robots":{"index":"index","follow":"follow","max-snippet":"max-snippet:-1","max-image-preview":"max-image-preview:large","max-video-preview":"max-video-preview:-1"},"canonical":"https:\/\/spanishbreak.com\/politique-de-confidentialite\/?lang=fr","og_locale":"fr_FR","og_type":"article","og_title":"Politique de confidentialit\u00e9 - Spanish Break","og_description":"Politique de confidentialit\u00e9 Chez SpanishBreak, nous traitons vos informations avec le plus grand soin. Nous sommes conscients qu'en nous communiquant vos","og_url":"https:\/\/spanishbreak.com\/politique-de-confidentialite\/?lang=fr","og_site_name":"Spanishbreak","article_publisher":"https:\/\/www.facebook.com\/spanishbreak","article_modified_time":"2024-04-24T15:46:43+00:00","twitter_card":"summary_large_image","twitter_misc":{"Dur\u00e9e de lecture estim\u00e9e":"1 minute"},"schema":{"@context":"https:\/\/schema.org","@graph":[{"@type":"WebPage","@id":"https:\/\/spanishbreak.com\/politique-de-confidentialite\/?lang=fr","url":"https:\/\/spanishbreak.com\/politique-de-confidentialite\/?lang=fr","name":"Politique de confidentialit\u00e9 - Spanish Break","isPartOf":{"@id":"https:\/\/spanishbreak.com\/#website"},"datePublished":"2022-12-01T18:50:39+00:00","dateModified":"2024-04-24T15:46:43+00:00","description":"Politique de confidentialit\u00e9 Chez SpanishBreak, nous traitons vos informations avec le plus grand soin. Nous sommes conscients qu'en nous communiquant vos","breadcrumb":{"@id":"https:\/\/spanishbreak.com\/politique-de-confidentialite\/?lang=fr#breadcrumb"},"inLanguage":"fr-FR","potentialAction":[{"@type":"ReadAction","target":["https:\/\/spanishbreak.com\/politique-de-confidentialite\/?lang=fr"]}]},{"@type":"BreadcrumbList","@id":"https:\/\/spanishbreak.com\/politique-de-confidentialite\/?lang=fr#breadcrumb","itemListElement":[{"@type":"ListItem","position":1,"name":"Home","item":"https:\/\/spanishbreak.com\/"},{"@type":"ListItem","position":2,"name":"Politique de confidentialit\u00e9"}]},{"@type":"WebSite","@id":"https:\/\/spanishbreak.com\/#website","url":"https:\/\/spanishbreak.com\/","name":"Spanish Break","description":"Otro sitio realizado con WordPress","publisher":{"@id":"https:\/\/spanishbreak.com\/#organization"},"potentialAction":[{"@type":"SearchAction","target":{"@type":"EntryPoint","urlTemplate":"https:\/\/spanishbreak.com\/?s={search_term_string}"},"query-input":{"@type":"PropertyValueSpecification","valueRequired":true,"valueName":"search_term_string"}}],"inLanguage":"fr-FR"},{"@type":"Organization","@id":"https:\/\/spanishbreak.com\/#organization","name":"Spanish Break","url":"https:\/\/spanishbreak.com\/","logo":{"@type":"ImageObject","inLanguage":"fr-FR","@id":"https:\/\/spanishbreak.com\/#\/schema\/logo\/image\/","url":"https:\/\/spanishbreak.com\/wp-content\/uploads\/2024\/03\/logo-spanish-break.png","contentUrl":"https:\/\/spanishbreak.com\/wp-content\/uploads\/2024\/03\/logo-spanish-break.png","width":323,"height":37,"caption":"Spanish Break"},"image":{"@id":"https:\/\/spanishbreak.com\/#\/schema\/logo\/image\/"},"sameAs":["https:\/\/www.facebook.com\/spanishbreak","https:\/\/www.instagram.com\/spanishbreakbcn\/"]}]}},"_links":{"self":[{"href":"https:\/\/spanishbreak.com\/fr\/wp-json\/wp\/v2\/pages\/3440","targetHints":{"allow":["GET"]}}],"collection":[{"href":"https:\/\/spanishbreak.com\/fr\/wp-json\/wp\/v2\/pages"}],"about":[{"href":"https:\/\/spanishbreak.com\/fr\/wp-json\/wp\/v2\/types\/page"}],"author":[{"embeddable":true,"href":"https:\/\/spanishbreak.com\/fr\/wp-json\/wp\/v2\/users\/1"}],"replies":[{"embeddable":true,"href":"https:\/\/spanishbreak.com\/fr\/wp-json\/wp\/v2\/comments?post=3440"}],"version-history":[{"count":2,"href":"https:\/\/spanishbreak.com\/fr\/wp-json\/wp\/v2\/pages\/3440\/revisions"}],"predecessor-version":[{"id":6508,"href":"https:\/\/spanishbreak.com\/fr\/wp-json\/wp\/v2\/pages\/3440\/revisions\/6508"}],"wp:attachment":[{"href":"https:\/\/spanishbreak.com\/fr\/wp-json\/wp\/v2\/media?parent=3440"}],"curies":[{"name":"wp","href":"https:\/\/api.w.org\/{rel}","templated":true}]}}