{"id":4157,"date":"2022-10-26T14:40:56","date_gmt":"2022-10-26T12:40:56","guid":{"rendered":"https:\/\/spanishbreak.com\/producto\/hummer-1-hour-city-tour\/"},"modified":"2025-12-16T13:52:12","modified_gmt":"2025-12-16T12:52:12","slug":"hummer-1-hour-city-tour","status":"publish","type":"product","link":"https:\/\/spanishbreak.com\/fr\/product\/hummer-1-hour-city-tour\/","title":{"rendered":"TOUR DE LA VILLE D&rsquo;1 HEURE EN HUMMER \u00c0 BARCELONE"},"content":{"rendered":"<p><strong>Balade en ville en Hummer\u00a0!<\/strong><\/p>\n<p>Cette \u00e9norme b\u00eate fera que votre groupe se sentiracomme des rock stars pendant que vous traverserez Barcelone avec style ! La limousine \u00e9l\u00e9gante et luxueuse est \u00e9quip\u00e9e de si\u00e8ges moelleux, d&rsquo;un \u00e9clairage d&rsquo;ambiance et d&rsquo;enceintes massives, cr\u00e9ant l&rsquo;ambiance parfaite pour votre f\u00eate.<br \/>\nAu cours de la visite, vous passerez devant les lieux de f\u00eate embl\u00e9matiques de Barcelone, faisant tourner les t\u00eates tout le temps ! Avec des bouteilles de cava catalan incluses, vous pourrez siroter avec style tout en profitant du trajet. De plus, n&rsquo;h\u00e9sitez pas \u00e0 vous arr\u00eater en cours de route pour prendre des photos inoubliables \u2013 que ce soit pr\u00e8s des monuments c\u00e9l\u00e8bres ou devant la limousine, vous aurez de nombreuses occasions de capturer ces moments \u00e9piques !<\/p>\n<p>D\u00e9cidez \u00e9galement o\u00f9 vous souhaitez \u00eatre pris en charge et d\u00e9pos\u00e9 (dans laville !), en vous assurant que votre groupe d&rsquo;enterrement de vie de jeune fille ou de gar\u00e7on fasse sensation o\u00f9 que vous arriviez !<\/p>\n","protected":false},"excerpt":{"rendered":"<p>Balade en ville en Hummer\u00a0! Cette \u00e9norme b\u00eate fera que votre groupe se sentiracomme des rock stars pendant que vous traverserez Barcelone avec style ! La limousine \u00e9l\u00e9gante et luxueuse est \u00e9quip\u00e9e de si\u00e8ges moelleux, d&rsquo;un \u00e9clairage d&rsquo;ambiance et d&rsquo;enceintes massives, cr\u00e9ant l&rsquo;ambiance parfaite pour votre f\u00eate. Au cours de la visite, vous passerez devant [&hellip;]<\/p>\n","protected":false},"featured_media":3183,"comment_status":"closed","ping_status":"closed","template":"","meta":{"site-sidebar-layout":"default","site-content-layout":"default","ast-site-content-layout":"default","site-content-style":"default","site-sidebar-style":"default","ast-global-header-display":"","ast-banner-title-visibility":"","ast-main-header-display":"","ast-hfb-above-header-display":"","ast-hfb-below-header-display":"","ast-hfb-mobile-header-display":"","site-post-title":"","ast-breadcrumbs-content":"","ast-featured-img":"","footer-sml-layout":"","theme-transparent-header-meta":"default","adv-header-id-meta":"","stick-header-meta":"","header-above-stick-meta":"","header-main-stick-meta":"","header-below-stick-meta":"","astra-migrate-meta-layouts":"set","ast-page-background-enabled":"default","ast-page-background-meta":{"desktop":{"background-color":"var(--ast-global-color-4)","background-image":"","background-repeat":"repeat","background-position":"center center","background-size":"auto","background-attachment":"scroll","background-type":"","background-media":"","overlay-type":"","overlay-color":"","overlay-opacity":"","overlay-gradient":""},"tablet":{"background-color":"","background-image":"","background-repeat":"repeat","background-position":"center center","background-size":"auto","background-attachment":"scroll","background-type":"","background-media":"","overlay-type":"","overlay-color":"","overlay-opacity":"","overlay-gradient":""},"mobile":{"background-color":"","background-image":"","background-repeat":"repeat","background-position":"center center","background-size":"auto","background-attachment":"scroll","background-type":"","background-media":"","overlay-type":"","overlay-color":"","overlay-opacity":"","overlay-gradient":""}},"ast-content-background-meta":{"desktop":{"background-color":"var(--ast-global-color-5)","background-image":"","background-repeat":"repeat","background-position":"center center","background-size":"auto","background-attachment":"scroll","background-type":"","background-media":"","overlay-type":"","overlay-color":"","overlay-opacity":"","overlay-gradient":""},"tablet":{"background-color":"var(--ast-global-color-5)","background-image":"","background-repeat":"repeat","background-position":"center center","background-size":"auto","background-attachment":"scroll","background-type":"","background-media":"","overlay-type":"","overlay-color":"","overlay-opacity":"","overlay-gradient":""},"mobile":{"background-color":"var(--ast-global-color-5)","background-image":"","background-repeat":"repeat","background-position":"center center","background-size":"auto","background-attachment":"scroll","background-type":"","background-media":"","overlay-type":"","overlay-color":"","overlay-opacity":"","overlay-gradient":""}},"repeater_packs":""},"product_brand":[],"product_cat":[66,67,73],"product_tag":[36,35],"class_list":{"0":"post-4157","1":"product","2":"type-product","3":"status-publish","4":"has-post-thumbnail","6":"product_cat-hen-fr-2","7":"product_cat-luxury-activities","8":"product_cat-stag-fr","9":"product_tag-hen","10":"product_tag-stag","11":"desktop-align-left","12":"tablet-align-left","13":"mobile-align-left","15":"first","16":"instock","17":"shipping-taxable","18":"product-type-simple"},"yoast_head":"<!-- This site is optimized with the Yoast SEO plugin v26.8 - https:\/\/yoast.com\/product\/yoast-seo-wordpress\/ -->\n<title>TOUR DE LA VILLE D&#039;1 HEURE EN HUMMER \u00c0 BARCELONE - D\u00e9couvrez la ville en style<\/title>\n<meta name=\"description\" content=\"Balade en ville en Hummer\u00a0! Cette \u00e9norme b\u00eate fera que votre groupe se sentiracomme des rock stars pendant que vous traverserez Barcelone avec style ! La D\u00e9couvrez la ville en Hummer lors d&#039;une visite d&#039;une heure. Une exp\u00e9rience unique \u00e0 ne pas manquer! #Hummer #tour #ville\" \/>\n<meta name=\"robots\" content=\"index, follow, max-snippet:-1, max-image-preview:large, max-video-preview:-1\" \/>\n<link rel=\"canonical\" href=\"https:\/\/spanishbreak.com\/fr\/product\/hummer-1-hour-city-tour\/\" \/>\n<meta property=\"og:locale\" content=\"fr_FR\" \/>\n<meta property=\"og:type\" content=\"article\" \/>\n<meta property=\"og:title\" content=\"TOUR DE LA VILLE D&#039;1 HEURE EN HUMMER \u00c0 BARCELONE - D\u00e9couvrez la ville en style\" \/>\n<meta property=\"og:description\" content=\"Balade en ville en Hummer\u00a0! Cette \u00e9norme b\u00eate fera que votre groupe se sentiracomme des rock stars pendant que vous traverserez Barcelone avec style ! La D\u00e9couvrez la ville en Hummer lors d&#039;une visite d&#039;une heure. Une exp\u00e9rience unique \u00e0 ne pas manquer! #Hummer #tour #ville\" \/>\n<meta property=\"og:url\" content=\"https:\/\/spanishbreak.com\/fr\/product\/hummer-1-hour-city-tour\/\" \/>\n<meta property=\"og:site_name\" content=\"Spanishbreak\" \/>\n<meta property=\"article:publisher\" content=\"https:\/\/www.facebook.com\/spanishbreak\" \/>\n<meta property=\"article:modified_time\" content=\"2025-12-16T12:52:12+00:00\" \/>\n<meta property=\"og:image\" content=\"https:\/\/spanishbreak.com\/wp-content\/uploads\/2022\/10\/Sesion-limusinas-104.jpg\" \/>\n\t<meta property=\"og:image:width\" content=\"2412\" \/>\n\t<meta property=\"og:image:height\" content=\"1600\" \/>\n\t<meta property=\"og:image:type\" content=\"image\/jpeg\" \/>\n<meta name=\"twitter:card\" content=\"summary_large_image\" \/>\n<meta name=\"twitter:label1\" content=\"Dur\u00e9e de lecture estim\u00e9e\" \/>\n\t<meta name=\"twitter:data1\" content=\"1 minute\" \/>\n<script type=\"application\/ld+json\" class=\"yoast-schema-graph\">{\"@context\":\"https:\/\/schema.org\",\"@graph\":[{\"@type\":[\"WebPage\",\"ItemPage\"],\"@id\":\"https:\/\/spanishbreak.com\/fr\/product\/hummer-1-hour-city-tour\/\",\"url\":\"https:\/\/spanishbreak.com\/fr\/product\/hummer-1-hour-city-tour\/\",\"name\":\"TOUR DE LA VILLE D'1 HEURE EN HUMMER \u00c0 BARCELONE - D\u00e9couvrez la ville en style\",\"isPartOf\":{\"@id\":\"https:\/\/spanishbreak.com\/#website\"},\"primaryImageOfPage\":{\"@id\":\"https:\/\/spanishbreak.com\/fr\/product\/hummer-1-hour-city-tour\/#primaryimage\"},\"image\":{\"@id\":\"https:\/\/spanishbreak.com\/fr\/product\/hummer-1-hour-city-tour\/#primaryimage\"},\"thumbnailUrl\":\"https:\/\/spanishbreak.com\/wp-content\/uploads\/2022\/10\/Sesion-limusinas-104.jpg\",\"datePublished\":\"2022-10-26T12:40:56+00:00\",\"dateModified\":\"2025-12-16T12:52:12+00:00\",\"description\":\"Balade en ville en Hummer\u00a0! Cette \u00e9norme b\u00eate fera que votre groupe se sentiracomme des rock stars pendant que vous traverserez Barcelone avec style ! La D\u00e9couvrez la ville en Hummer lors d'une visite d'une heure. Une exp\u00e9rience unique \u00e0 ne pas manquer! #Hummer #tour #ville\",\"breadcrumb\":{\"@id\":\"https:\/\/spanishbreak.com\/fr\/product\/hummer-1-hour-city-tour\/#breadcrumb\"},\"inLanguage\":\"fr-FR\",\"potentialAction\":[{\"@type\":\"ReadAction\",\"target\":[\"https:\/\/spanishbreak.com\/fr\/product\/hummer-1-hour-city-tour\/\"]}]},{\"@type\":\"ImageObject\",\"inLanguage\":\"fr-FR\",\"@id\":\"https:\/\/spanishbreak.com\/fr\/product\/hummer-1-hour-city-tour\/#primaryimage\",\"url\":\"https:\/\/spanishbreak.com\/wp-content\/uploads\/2022\/10\/Sesion-limusinas-104.jpg\",\"contentUrl\":\"https:\/\/spanishbreak.com\/wp-content\/uploads\/2022\/10\/Sesion-limusinas-104.jpg\",\"width\":2412,\"height\":1600},{\"@type\":\"BreadcrumbList\",\"@id\":\"https:\/\/spanishbreak.com\/fr\/product\/hummer-1-hour-city-tour\/#breadcrumb\",\"itemListElement\":[{\"@type\":\"ListItem\",\"position\":1,\"name\":\"Home\",\"item\":\"https:\/\/spanishbreak.com\/\"},{\"@type\":\"ListItem\",\"position\":2,\"name\":\"Boutique\",\"item\":\"https:\/\/spanishbreak.com\/boutique\/?lang=fr\"},{\"@type\":\"ListItem\",\"position\":3,\"name\":\"TOUR DE LA VILLE D&#8217;1 HEURE EN HUMMER \u00c0 BARCELONE\"}]},{\"@type\":\"WebSite\",\"@id\":\"https:\/\/spanishbreak.com\/#website\",\"url\":\"https:\/\/spanishbreak.com\/\",\"name\":\"Spanish Break\",\"description\":\"Otro sitio realizado con WordPress\",\"publisher\":{\"@id\":\"https:\/\/spanishbreak.com\/#organization\"},\"potentialAction\":[{\"@type\":\"SearchAction\",\"target\":{\"@type\":\"EntryPoint\",\"urlTemplate\":\"https:\/\/spanishbreak.com\/?s={search_term_string}\"},\"query-input\":{\"@type\":\"PropertyValueSpecification\",\"valueRequired\":true,\"valueName\":\"search_term_string\"}}],\"inLanguage\":\"fr-FR\"},{\"@type\":\"Organization\",\"@id\":\"https:\/\/spanishbreak.com\/#organization\",\"name\":\"Spanish Break\",\"url\":\"https:\/\/spanishbreak.com\/\",\"logo\":{\"@type\":\"ImageObject\",\"inLanguage\":\"fr-FR\",\"@id\":\"https:\/\/spanishbreak.com\/#\/schema\/logo\/image\/\",\"url\":\"https:\/\/spanishbreak.com\/wp-content\/uploads\/2024\/03\/logo-spanish-break.png\",\"contentUrl\":\"https:\/\/spanishbreak.com\/wp-content\/uploads\/2024\/03\/logo-spanish-break.png\",\"width\":323,\"height\":37,\"caption\":\"Spanish Break\"},\"image\":{\"@id\":\"https:\/\/spanishbreak.com\/#\/schema\/logo\/image\/\"},\"sameAs\":[\"https:\/\/www.facebook.com\/spanishbreak\",\"https:\/\/www.instagram.com\/spanishbreakbcn\/\"]}]}<\/script>\n<!-- \/ Yoast SEO plugin. -->","yoast_head_json":{"title":"TOUR DE LA VILLE D'1 HEURE EN HUMMER \u00c0 BARCELONE - D\u00e9couvrez la ville en style","description":"Balade en ville en Hummer\u00a0! Cette \u00e9norme b\u00eate fera que votre groupe se sentiracomme des rock stars pendant que vous traverserez Barcelone avec style ! La D\u00e9couvrez la ville en Hummer lors d'une visite d'une heure. Une exp\u00e9rience unique \u00e0 ne pas manquer! #Hummer #tour #ville","robots":{"index":"index","follow":"follow","max-snippet":"max-snippet:-1","max-image-preview":"max-image-preview:large","max-video-preview":"max-video-preview:-1"},"canonical":"https:\/\/spanishbreak.com\/fr\/product\/hummer-1-hour-city-tour\/","og_locale":"fr_FR","og_type":"article","og_title":"TOUR DE LA VILLE D'1 HEURE EN HUMMER \u00c0 BARCELONE - D\u00e9couvrez la ville en style","og_description":"Balade en ville en Hummer\u00a0! Cette \u00e9norme b\u00eate fera que votre groupe se sentiracomme des rock stars pendant que vous traverserez Barcelone avec style ! La D\u00e9couvrez la ville en Hummer lors d'une visite d'une heure. Une exp\u00e9rience unique \u00e0 ne pas manquer! #Hummer #tour #ville","og_url":"https:\/\/spanishbreak.com\/fr\/product\/hummer-1-hour-city-tour\/","og_site_name":"Spanishbreak","article_publisher":"https:\/\/www.facebook.com\/spanishbreak","article_modified_time":"2025-12-16T12:52:12+00:00","og_image":[{"width":2412,"height":1600,"url":"https:\/\/spanishbreak.com\/wp-content\/uploads\/2022\/10\/Sesion-limusinas-104.jpg","type":"image\/jpeg"}],"twitter_card":"summary_large_image","twitter_misc":{"Dur\u00e9e de lecture estim\u00e9e":"1 minute"},"schema":{"@context":"https:\/\/schema.org","@graph":[{"@type":["WebPage","ItemPage"],"@id":"https:\/\/spanishbreak.com\/fr\/product\/hummer-1-hour-city-tour\/","url":"https:\/\/spanishbreak.com\/fr\/product\/hummer-1-hour-city-tour\/","name":"TOUR DE LA VILLE D'1 HEURE EN HUMMER \u00c0 BARCELONE - D\u00e9couvrez la ville en style","isPartOf":{"@id":"https:\/\/spanishbreak.com\/#website"},"primaryImageOfPage":{"@id":"https:\/\/spanishbreak.com\/fr\/product\/hummer-1-hour-city-tour\/#primaryimage"},"image":{"@id":"https:\/\/spanishbreak.com\/fr\/product\/hummer-1-hour-city-tour\/#primaryimage"},"thumbnailUrl":"https:\/\/spanishbreak.com\/wp-content\/uploads\/2022\/10\/Sesion-limusinas-104.jpg","datePublished":"2022-10-26T12:40:56+00:00","dateModified":"2025-12-16T12:52:12+00:00","description":"Balade en ville en Hummer\u00a0! Cette \u00e9norme b\u00eate fera que votre groupe se sentiracomme des rock stars pendant que vous traverserez Barcelone avec style ! La D\u00e9couvrez la ville en Hummer lors d'une visite d'une heure. Une exp\u00e9rience unique \u00e0 ne pas manquer! #Hummer #tour #ville","breadcrumb":{"@id":"https:\/\/spanishbreak.com\/fr\/product\/hummer-1-hour-city-tour\/#breadcrumb"},"inLanguage":"fr-FR","potentialAction":[{"@type":"ReadAction","target":["https:\/\/spanishbreak.com\/fr\/product\/hummer-1-hour-city-tour\/"]}]},{"@type":"ImageObject","inLanguage":"fr-FR","@id":"https:\/\/spanishbreak.com\/fr\/product\/hummer-1-hour-city-tour\/#primaryimage","url":"https:\/\/spanishbreak.com\/wp-content\/uploads\/2022\/10\/Sesion-limusinas-104.jpg","contentUrl":"https:\/\/spanishbreak.com\/wp-content\/uploads\/2022\/10\/Sesion-limusinas-104.jpg","width":2412,"height":1600},{"@type":"BreadcrumbList","@id":"https:\/\/spanishbreak.com\/fr\/product\/hummer-1-hour-city-tour\/#breadcrumb","itemListElement":[{"@type":"ListItem","position":1,"name":"Home","item":"https:\/\/spanishbreak.com\/"},{"@type":"ListItem","position":2,"name":"Boutique","item":"https:\/\/spanishbreak.com\/boutique\/?lang=fr"},{"@type":"ListItem","position":3,"name":"TOUR DE LA VILLE D&#8217;1 HEURE EN HUMMER \u00c0 BARCELONE"}]},{"@type":"WebSite","@id":"https:\/\/spanishbreak.com\/#website","url":"https:\/\/spanishbreak.com\/","name":"Spanish Break","description":"Otro sitio realizado con WordPress","publisher":{"@id":"https:\/\/spanishbreak.com\/#organization"},"potentialAction":[{"@type":"SearchAction","target":{"@type":"EntryPoint","urlTemplate":"https:\/\/spanishbreak.com\/?s={search_term_string}"},"query-input":{"@type":"PropertyValueSpecification","valueRequired":true,"valueName":"search_term_string"}}],"inLanguage":"fr-FR"},{"@type":"Organization","@id":"https:\/\/spanishbreak.com\/#organization","name":"Spanish Break","url":"https:\/\/spanishbreak.com\/","logo":{"@type":"ImageObject","inLanguage":"fr-FR","@id":"https:\/\/spanishbreak.com\/#\/schema\/logo\/image\/","url":"https:\/\/spanishbreak.com\/wp-content\/uploads\/2024\/03\/logo-spanish-break.png","contentUrl":"https:\/\/spanishbreak.com\/wp-content\/uploads\/2024\/03\/logo-spanish-break.png","width":323,"height":37,"caption":"Spanish Break"},"image":{"@id":"https:\/\/spanishbreak.com\/#\/schema\/logo\/image\/"},"sameAs":["https:\/\/www.facebook.com\/spanishbreak","https:\/\/www.instagram.com\/spanishbreakbcn\/"]}]}},"_links":{"self":[{"href":"https:\/\/spanishbreak.com\/fr\/wp-json\/wp\/v2\/product\/4157","targetHints":{"allow":["GET"]}}],"collection":[{"href":"https:\/\/spanishbreak.com\/fr\/wp-json\/wp\/v2\/product"}],"about":[{"href":"https:\/\/spanishbreak.com\/fr\/wp-json\/wp\/v2\/types\/product"}],"replies":[{"embeddable":true,"href":"https:\/\/spanishbreak.com\/fr\/wp-json\/wp\/v2\/comments?post=4157"}],"wp:featuredmedia":[{"embeddable":true,"href":"https:\/\/spanishbreak.com\/fr\/wp-json\/wp\/v2\/media\/3183"}],"wp:attachment":[{"href":"https:\/\/spanishbreak.com\/fr\/wp-json\/wp\/v2\/media?parent=4157"}],"wp:term":[{"taxonomy":"product_brand","embeddable":true,"href":"https:\/\/spanishbreak.com\/fr\/wp-json\/wp\/v2\/product_brand?post=4157"},{"taxonomy":"product_cat","embeddable":true,"href":"https:\/\/spanishbreak.com\/fr\/wp-json\/wp\/v2\/product_cat?post=4157"},{"taxonomy":"product_tag","embeddable":true,"href":"https:\/\/spanishbreak.com\/fr\/wp-json\/wp\/v2\/product_tag?post=4157"}],"curies":[{"name":"wp","href":"https:\/\/api.w.org\/{rel}","templated":true}]}}