{"id":4158,"date":"2022-10-26T14:33:23","date_gmt":"2022-10-26T12:33:23","guid":{"rendered":"https:\/\/spanishbreak.com\/producto\/air-bus-hop-on-hop-off\/"},"modified":"2025-12-17T13:58:57","modified_gmt":"2025-12-17T12:58:57","slug":"air-bus-hop-on-hop-off","status":"publish","type":"product","link":"https:\/\/spanishbreak.com\/fr\/product\/air-bus-hop-on-hop-off\/","title":{"rendered":"TOUR DE BUS EN PLEIN AIR \u00c0 BARCELONE"},"content":{"rendered":"<p><strong>Voir les sites touristiques de Barcelone\u00a0!<\/strong><\/p>\n<p>Si vous cherchez \u00e0 tirer le meilleur parti des sites touristiques lors de votre <strong>EVJF\/EVG \u00e0 Barcelone<\/strong>, vous devriez vous int\u00e9resser au tour de <strong>bus<\/strong><strong> en plein air<\/strong>\u00a0!<\/p>\n<p>Vous verrez tous les sites de la belle m\u00e9tropole m\u00e9diterran\u00e9enne, sans en perdre une miette ! Avec cette excursion, vous ne vous contentez pas d&rsquo;aller d&rsquo;un point A \u00e0 un point B \u2013 vous avez la possibilit\u00e9 de descendre du bus et d&rsquo;aller explorer ce qui attise votre curiosit\u00e9 !<\/p>\n<p>Nous savons que vous serez heureux de pouvoir visiter diff\u00e9rents endroits et vous pouvez le faire comme vous le souhaitez. Aucun probl\u00e8me\u00a0! Avec six points de transfert entre les trois diff\u00e9rents itin\u00e9raires, vous pouvez organiser un itin\u00e9raire qui correspond le mieux \u00e0 vos envies et priorit\u00e9s. Avec un billet vous permettant de monter et descendre \u00e0 volont\u00e9, vous pouvez \u00e9galement voir la ville \u00e0 votre rythme depuis ces bus offrant le wi-fi.<\/p>\n","protected":false},"excerpt":{"rendered":"<p>Voir les sites touristiques de Barcelone\u00a0! Si vous cherchez \u00e0 tirer le meilleur parti des sites touristiques lors de votre EVJF\/EVG \u00e0 Barcelone, vous devriez vous int\u00e9resser au tour de bus en plein air\u00a0! Vous verrez tous les sites de la belle m\u00e9tropole m\u00e9diterran\u00e9enne, sans en perdre une miette ! Avec cette excursion, vous ne [&hellip;]<\/p>\n","protected":false},"featured_media":3220,"comment_status":"closed","ping_status":"closed","template":"","meta":{"site-sidebar-layout":"default","site-content-layout":"default","ast-site-content-layout":"default","site-content-style":"default","site-sidebar-style":"default","ast-global-header-display":"","ast-banner-title-visibility":"","ast-main-header-display":"","ast-hfb-above-header-display":"","ast-hfb-below-header-display":"","ast-hfb-mobile-header-display":"","site-post-title":"","ast-breadcrumbs-content":"","ast-featured-img":"","footer-sml-layout":"","theme-transparent-header-meta":"default","adv-header-id-meta":"","stick-header-meta":"","header-above-stick-meta":"","header-main-stick-meta":"","header-below-stick-meta":"","astra-migrate-meta-layouts":"set","ast-page-background-enabled":"default","ast-page-background-meta":{"desktop":{"background-color":"var(--ast-global-color-4)","background-image":"","background-repeat":"repeat","background-position":"center center","background-size":"auto","background-attachment":"scroll","background-type":"","background-media":"","overlay-type":"","overlay-color":"","overlay-opacity":"","overlay-gradient":""},"tablet":{"background-color":"","background-image":"","background-repeat":"repeat","background-position":"center center","background-size":"auto","background-attachment":"scroll","background-type":"","background-media":"","overlay-type":"","overlay-color":"","overlay-opacity":"","overlay-gradient":""},"mobile":{"background-color":"","background-image":"","background-repeat":"repeat","background-position":"center center","background-size":"auto","background-attachment":"scroll","background-type":"","background-media":"","overlay-type":"","overlay-color":"","overlay-opacity":"","overlay-gradient":""}},"ast-content-background-meta":{"desktop":{"background-color":"var(--ast-global-color-5)","background-image":"","background-repeat":"repeat","background-position":"center center","background-size":"auto","background-attachment":"scroll","background-type":"","background-media":"","overlay-type":"","overlay-color":"","overlay-opacity":"","overlay-gradient":""},"tablet":{"background-color":"var(--ast-global-color-5)","background-image":"","background-repeat":"repeat","background-position":"center center","background-size":"auto","background-attachment":"scroll","background-type":"","background-media":"","overlay-type":"","overlay-color":"","overlay-opacity":"","overlay-gradient":""},"mobile":{"background-color":"var(--ast-global-color-5)","background-image":"","background-repeat":"repeat","background-position":"center center","background-size":"auto","background-attachment":"scroll","background-type":"","background-media":"","overlay-type":"","overlay-color":"","overlay-opacity":"","overlay-gradient":""}},"repeater_packs":""},"product_brand":[],"product_cat":[68,66,73],"product_tag":[36,35],"class_list":{"0":"post-4158","1":"product","2":"type-product","3":"status-publish","4":"has-post-thumbnail","6":"product_cat-day-time-activities","7":"product_cat-hen-fr-2","8":"product_cat-stag-fr","9":"product_tag-hen","10":"product_tag-stag","11":"desktop-align-left","12":"tablet-align-left","13":"mobile-align-left","15":"first","16":"instock","17":"shipping-taxable","18":"product-type-simple"},"yoast_head":"<!-- This site is optimized with the Yoast SEO plugin v26.8 - https:\/\/yoast.com\/product\/yoast-seo-wordpress\/ -->\n<title>TOUR DE BUS EN PLEIN AIR \u00c0 BARCELONE - Reservez et explorez la ville<\/title>\n<meta name=\"description\" content=\"Voir les sites touristiques de Barcelone\u00a0! Si vous cherchez \u00e0 tirer le meilleur parti des sites touristiques lors de votre EVJF\/EVG \u00e0 Barcelone, vous D\u00e9couvrez le meilleur de Barcelone avec la visite en bus a\u00e9rien \u00e0 arr\u00eats multiples. Explorez la ville \u00e0 votre rythme et d\u00e9couvrez toutes les principales attractions.\" \/>\n<meta name=\"robots\" content=\"index, follow, max-snippet:-1, max-image-preview:large, max-video-preview:-1\" \/>\n<link rel=\"canonical\" href=\"https:\/\/spanishbreak.com\/fr\/product\/air-bus-hop-on-hop-off\/\" \/>\n<meta property=\"og:locale\" content=\"fr_FR\" \/>\n<meta property=\"og:type\" content=\"article\" \/>\n<meta property=\"og:title\" content=\"TOUR DE BUS EN PLEIN AIR \u00c0 BARCELONE - Reservez et explorez la ville\" \/>\n<meta property=\"og:description\" content=\"Voir les sites touristiques de Barcelone\u00a0! Si vous cherchez \u00e0 tirer le meilleur parti des sites touristiques lors de votre EVJF\/EVG \u00e0 Barcelone, vous D\u00e9couvrez le meilleur de Barcelone avec la visite en bus a\u00e9rien \u00e0 arr\u00eats multiples. Explorez la ville \u00e0 votre rythme et d\u00e9couvrez toutes les principales attractions.\" \/>\n<meta property=\"og:url\" content=\"https:\/\/spanishbreak.com\/fr\/product\/air-bus-hop-on-hop-off\/\" \/>\n<meta property=\"og:site_name\" content=\"Spanishbreak\" \/>\n<meta property=\"article:publisher\" content=\"https:\/\/www.facebook.com\/spanishbreak\" \/>\n<meta property=\"article:modified_time\" content=\"2025-12-17T12:58:57+00:00\" \/>\n<meta property=\"og:image\" content=\"https:\/\/spanishbreak.com\/wp-content\/uploads\/2022\/10\/x-Depositphotos_10410291_original-scaled.jpg\" \/>\n\t<meta property=\"og:image:width\" content=\"2560\" \/>\n\t<meta property=\"og:image:height\" content=\"1620\" \/>\n\t<meta property=\"og:image:type\" content=\"image\/jpeg\" \/>\n<meta name=\"twitter:card\" content=\"summary_large_image\" \/>\n<meta name=\"twitter:label1\" content=\"Dur\u00e9e de lecture estim\u00e9e\" \/>\n\t<meta name=\"twitter:data1\" content=\"1 minute\" \/>\n<script type=\"application\/ld+json\" class=\"yoast-schema-graph\">{\"@context\":\"https:\/\/schema.org\",\"@graph\":[{\"@type\":[\"WebPage\",\"ItemPage\"],\"@id\":\"https:\/\/spanishbreak.com\/fr\/product\/air-bus-hop-on-hop-off\/\",\"url\":\"https:\/\/spanishbreak.com\/fr\/product\/air-bus-hop-on-hop-off\/\",\"name\":\"TOUR DE BUS EN PLEIN AIR \u00c0 BARCELONE - Reservez et explorez la ville\",\"isPartOf\":{\"@id\":\"https:\/\/spanishbreak.com\/#website\"},\"primaryImageOfPage\":{\"@id\":\"https:\/\/spanishbreak.com\/fr\/product\/air-bus-hop-on-hop-off\/#primaryimage\"},\"image\":{\"@id\":\"https:\/\/spanishbreak.com\/fr\/product\/air-bus-hop-on-hop-off\/#primaryimage\"},\"thumbnailUrl\":\"https:\/\/spanishbreak.com\/wp-content\/uploads\/2022\/10\/x-Depositphotos_10410291_original-scaled.jpg\",\"datePublished\":\"2022-10-26T12:33:23+00:00\",\"dateModified\":\"2025-12-17T12:58:57+00:00\",\"description\":\"Voir les sites touristiques de Barcelone\u00a0! Si vous cherchez \u00e0 tirer le meilleur parti des sites touristiques lors de votre EVJF\/EVG \u00e0 Barcelone, vous D\u00e9couvrez le meilleur de Barcelone avec la visite en bus a\u00e9rien \u00e0 arr\u00eats multiples. Explorez la ville \u00e0 votre rythme et d\u00e9couvrez toutes les principales attractions.\",\"breadcrumb\":{\"@id\":\"https:\/\/spanishbreak.com\/fr\/product\/air-bus-hop-on-hop-off\/#breadcrumb\"},\"inLanguage\":\"fr-FR\",\"potentialAction\":[{\"@type\":\"ReadAction\",\"target\":[\"https:\/\/spanishbreak.com\/fr\/product\/air-bus-hop-on-hop-off\/\"]}]},{\"@type\":\"ImageObject\",\"inLanguage\":\"fr-FR\",\"@id\":\"https:\/\/spanishbreak.com\/fr\/product\/air-bus-hop-on-hop-off\/#primaryimage\",\"url\":\"https:\/\/spanishbreak.com\/wp-content\/uploads\/2022\/10\/x-Depositphotos_10410291_original-scaled.jpg\",\"contentUrl\":\"https:\/\/spanishbreak.com\/wp-content\/uploads\/2022\/10\/x-Depositphotos_10410291_original-scaled.jpg\",\"width\":2560,\"height\":1620},{\"@type\":\"BreadcrumbList\",\"@id\":\"https:\/\/spanishbreak.com\/fr\/product\/air-bus-hop-on-hop-off\/#breadcrumb\",\"itemListElement\":[{\"@type\":\"ListItem\",\"position\":1,\"name\":\"Home\",\"item\":\"https:\/\/spanishbreak.com\/\"},{\"@type\":\"ListItem\",\"position\":2,\"name\":\"Boutique\",\"item\":\"https:\/\/spanishbreak.com\/boutique\/?lang=fr\"},{\"@type\":\"ListItem\",\"position\":3,\"name\":\"TOUR DE BUS EN PLEIN AIR \u00c0 BARCELONE\"}]},{\"@type\":\"WebSite\",\"@id\":\"https:\/\/spanishbreak.com\/#website\",\"url\":\"https:\/\/spanishbreak.com\/\",\"name\":\"Spanish Break\",\"description\":\"Otro sitio realizado con WordPress\",\"publisher\":{\"@id\":\"https:\/\/spanishbreak.com\/#organization\"},\"potentialAction\":[{\"@type\":\"SearchAction\",\"target\":{\"@type\":\"EntryPoint\",\"urlTemplate\":\"https:\/\/spanishbreak.com\/?s={search_term_string}\"},\"query-input\":{\"@type\":\"PropertyValueSpecification\",\"valueRequired\":true,\"valueName\":\"search_term_string\"}}],\"inLanguage\":\"fr-FR\"},{\"@type\":\"Organization\",\"@id\":\"https:\/\/spanishbreak.com\/#organization\",\"name\":\"Spanish Break\",\"url\":\"https:\/\/spanishbreak.com\/\",\"logo\":{\"@type\":\"ImageObject\",\"inLanguage\":\"fr-FR\",\"@id\":\"https:\/\/spanishbreak.com\/#\/schema\/logo\/image\/\",\"url\":\"https:\/\/spanishbreak.com\/wp-content\/uploads\/2024\/03\/logo-spanish-break.png\",\"contentUrl\":\"https:\/\/spanishbreak.com\/wp-content\/uploads\/2024\/03\/logo-spanish-break.png\",\"width\":323,\"height\":37,\"caption\":\"Spanish Break\"},\"image\":{\"@id\":\"https:\/\/spanishbreak.com\/#\/schema\/logo\/image\/\"},\"sameAs\":[\"https:\/\/www.facebook.com\/spanishbreak\",\"https:\/\/www.instagram.com\/spanishbreakbcn\/\"]}]}<\/script>\n<!-- \/ Yoast SEO plugin. -->","yoast_head_json":{"title":"TOUR DE BUS EN PLEIN AIR \u00c0 BARCELONE - Reservez et explorez la ville","description":"Voir les sites touristiques de Barcelone\u00a0! Si vous cherchez \u00e0 tirer le meilleur parti des sites touristiques lors de votre EVJF\/EVG \u00e0 Barcelone, vous D\u00e9couvrez le meilleur de Barcelone avec la visite en bus a\u00e9rien \u00e0 arr\u00eats multiples. Explorez la ville \u00e0 votre rythme et d\u00e9couvrez toutes les principales attractions.","robots":{"index":"index","follow":"follow","max-snippet":"max-snippet:-1","max-image-preview":"max-image-preview:large","max-video-preview":"max-video-preview:-1"},"canonical":"https:\/\/spanishbreak.com\/fr\/product\/air-bus-hop-on-hop-off\/","og_locale":"fr_FR","og_type":"article","og_title":"TOUR DE BUS EN PLEIN AIR \u00c0 BARCELONE - Reservez et explorez la ville","og_description":"Voir les sites touristiques de Barcelone\u00a0! Si vous cherchez \u00e0 tirer le meilleur parti des sites touristiques lors de votre EVJF\/EVG \u00e0 Barcelone, vous D\u00e9couvrez le meilleur de Barcelone avec la visite en bus a\u00e9rien \u00e0 arr\u00eats multiples. Explorez la ville \u00e0 votre rythme et d\u00e9couvrez toutes les principales attractions.","og_url":"https:\/\/spanishbreak.com\/fr\/product\/air-bus-hop-on-hop-off\/","og_site_name":"Spanishbreak","article_publisher":"https:\/\/www.facebook.com\/spanishbreak","article_modified_time":"2025-12-17T12:58:57+00:00","og_image":[{"width":2560,"height":1620,"url":"https:\/\/spanishbreak.com\/wp-content\/uploads\/2022\/10\/x-Depositphotos_10410291_original-scaled.jpg","type":"image\/jpeg"}],"twitter_card":"summary_large_image","twitter_misc":{"Dur\u00e9e de lecture estim\u00e9e":"1 minute"},"schema":{"@context":"https:\/\/schema.org","@graph":[{"@type":["WebPage","ItemPage"],"@id":"https:\/\/spanishbreak.com\/fr\/product\/air-bus-hop-on-hop-off\/","url":"https:\/\/spanishbreak.com\/fr\/product\/air-bus-hop-on-hop-off\/","name":"TOUR DE BUS EN PLEIN AIR \u00c0 BARCELONE - Reservez et explorez la ville","isPartOf":{"@id":"https:\/\/spanishbreak.com\/#website"},"primaryImageOfPage":{"@id":"https:\/\/spanishbreak.com\/fr\/product\/air-bus-hop-on-hop-off\/#primaryimage"},"image":{"@id":"https:\/\/spanishbreak.com\/fr\/product\/air-bus-hop-on-hop-off\/#primaryimage"},"thumbnailUrl":"https:\/\/spanishbreak.com\/wp-content\/uploads\/2022\/10\/x-Depositphotos_10410291_original-scaled.jpg","datePublished":"2022-10-26T12:33:23+00:00","dateModified":"2025-12-17T12:58:57+00:00","description":"Voir les sites touristiques de Barcelone\u00a0! Si vous cherchez \u00e0 tirer le meilleur parti des sites touristiques lors de votre EVJF\/EVG \u00e0 Barcelone, vous D\u00e9couvrez le meilleur de Barcelone avec la visite en bus a\u00e9rien \u00e0 arr\u00eats multiples. Explorez la ville \u00e0 votre rythme et d\u00e9couvrez toutes les principales attractions.","breadcrumb":{"@id":"https:\/\/spanishbreak.com\/fr\/product\/air-bus-hop-on-hop-off\/#breadcrumb"},"inLanguage":"fr-FR","potentialAction":[{"@type":"ReadAction","target":["https:\/\/spanishbreak.com\/fr\/product\/air-bus-hop-on-hop-off\/"]}]},{"@type":"ImageObject","inLanguage":"fr-FR","@id":"https:\/\/spanishbreak.com\/fr\/product\/air-bus-hop-on-hop-off\/#primaryimage","url":"https:\/\/spanishbreak.com\/wp-content\/uploads\/2022\/10\/x-Depositphotos_10410291_original-scaled.jpg","contentUrl":"https:\/\/spanishbreak.com\/wp-content\/uploads\/2022\/10\/x-Depositphotos_10410291_original-scaled.jpg","width":2560,"height":1620},{"@type":"BreadcrumbList","@id":"https:\/\/spanishbreak.com\/fr\/product\/air-bus-hop-on-hop-off\/#breadcrumb","itemListElement":[{"@type":"ListItem","position":1,"name":"Home","item":"https:\/\/spanishbreak.com\/"},{"@type":"ListItem","position":2,"name":"Boutique","item":"https:\/\/spanishbreak.com\/boutique\/?lang=fr"},{"@type":"ListItem","position":3,"name":"TOUR DE BUS EN PLEIN AIR \u00c0 BARCELONE"}]},{"@type":"WebSite","@id":"https:\/\/spanishbreak.com\/#website","url":"https:\/\/spanishbreak.com\/","name":"Spanish Break","description":"Otro sitio realizado con WordPress","publisher":{"@id":"https:\/\/spanishbreak.com\/#organization"},"potentialAction":[{"@type":"SearchAction","target":{"@type":"EntryPoint","urlTemplate":"https:\/\/spanishbreak.com\/?s={search_term_string}"},"query-input":{"@type":"PropertyValueSpecification","valueRequired":true,"valueName":"search_term_string"}}],"inLanguage":"fr-FR"},{"@type":"Organization","@id":"https:\/\/spanishbreak.com\/#organization","name":"Spanish Break","url":"https:\/\/spanishbreak.com\/","logo":{"@type":"ImageObject","inLanguage":"fr-FR","@id":"https:\/\/spanishbreak.com\/#\/schema\/logo\/image\/","url":"https:\/\/spanishbreak.com\/wp-content\/uploads\/2024\/03\/logo-spanish-break.png","contentUrl":"https:\/\/spanishbreak.com\/wp-content\/uploads\/2024\/03\/logo-spanish-break.png","width":323,"height":37,"caption":"Spanish Break"},"image":{"@id":"https:\/\/spanishbreak.com\/#\/schema\/logo\/image\/"},"sameAs":["https:\/\/www.facebook.com\/spanishbreak","https:\/\/www.instagram.com\/spanishbreakbcn\/"]}]}},"_links":{"self":[{"href":"https:\/\/spanishbreak.com\/fr\/wp-json\/wp\/v2\/product\/4158","targetHints":{"allow":["GET"]}}],"collection":[{"href":"https:\/\/spanishbreak.com\/fr\/wp-json\/wp\/v2\/product"}],"about":[{"href":"https:\/\/spanishbreak.com\/fr\/wp-json\/wp\/v2\/types\/product"}],"replies":[{"embeddable":true,"href":"https:\/\/spanishbreak.com\/fr\/wp-json\/wp\/v2\/comments?post=4158"}],"wp:featuredmedia":[{"embeddable":true,"href":"https:\/\/spanishbreak.com\/fr\/wp-json\/wp\/v2\/media\/3220"}],"wp:attachment":[{"href":"https:\/\/spanishbreak.com\/fr\/wp-json\/wp\/v2\/media?parent=4158"}],"wp:term":[{"taxonomy":"product_brand","embeddable":true,"href":"https:\/\/spanishbreak.com\/fr\/wp-json\/wp\/v2\/product_brand?post=4158"},{"taxonomy":"product_cat","embeddable":true,"href":"https:\/\/spanishbreak.com\/fr\/wp-json\/wp\/v2\/product_cat?post=4158"},{"taxonomy":"product_tag","embeddable":true,"href":"https:\/\/spanishbreak.com\/fr\/wp-json\/wp\/v2\/product_tag?post=4158"}],"curies":[{"name":"wp","href":"https:\/\/api.w.org\/{rel}","templated":true}]}}