{"id":4161,"date":"2022-10-26T14:15:31","date_gmt":"2022-10-26T12:15:31","guid":{"rendered":"https:\/\/spanishbreak.com\/producto\/cocktail-mixing-class\/"},"modified":"2025-12-17T14:01:31","modified_gmt":"2025-12-17T13:01:31","slug":"cocktail-mixing-class","status":"publish","type":"product","link":"https:\/\/spanishbreak.com\/fr\/product\/cocktail-mixing-class\/","title":{"rendered":"COURS DE COCKTAILS \u00c0 BARCELONE"},"content":{"rendered":"<p><strong>Apprenez les secrets de la mixologie\u00a0!<\/strong><\/p>\n<p>Quand on parle de boire l&rsquo;ap\u00e9ro, les gens se s\u00e9parent g\u00e9n\u00e9ralement en deux camps\u00a0; ceux qui sont bons pour les boire, et ceux qui sont bons pour les faire\u00a0!<\/p>\n<p>Ce cours de cocktails ludique et rigolo vous aide \u00e0 devenir des expertes en cocktails ! Non seulement vous apprendrez l\u2019histoire incroyable des cocktails et des alcools forts, mais en plus vous apprendrez des techniques de nos barmans incroyablement talentueux. Ils vont utiliser leurs comp\u00e9tences envo\u00fbtantes afin de vous pr\u00e9parer des \u00e9chantillons parfaits de diff\u00e9rents cocktails, puis ils vous montreront tous leurs secrets\u00a0!<\/p>\n<p>C&rsquo;est l\u2019activit\u00e9 parfaite pour commencer une nuit de folie dans la magnifique ville de Barcelone\u00a0! Avec une s\u00e9lection de trois cocktails \u00e0 r\u00e9aliser en plus d\u2019un verre de bienvenue de cava et un shot gratuit, vous serez aussi comp\u00e9tentes que nos barmans!<\/p>\n","protected":false},"excerpt":{"rendered":"<p>Apprenez les secrets de la mixologie\u00a0! Quand on parle de boire l&rsquo;ap\u00e9ro, les gens se s\u00e9parent g\u00e9n\u00e9ralement en deux camps\u00a0; ceux qui sont bons pour les boire, et ceux qui sont bons pour les faire\u00a0! Ce cours de cocktails ludique et rigolo vous aide \u00e0 devenir des expertes en cocktails ! Non seulement vous apprendrez [&hellip;]<\/p>\n","protected":false},"featured_media":4665,"comment_status":"closed","ping_status":"closed","template":"","meta":{"site-sidebar-layout":"default","site-content-layout":"default","ast-site-content-layout":"default","site-content-style":"default","site-sidebar-style":"default","ast-global-header-display":"","ast-banner-title-visibility":"","ast-main-header-display":"","ast-hfb-above-header-display":"","ast-hfb-below-header-display":"","ast-hfb-mobile-header-display":"","site-post-title":"","ast-breadcrumbs-content":"","ast-featured-img":"","footer-sml-layout":"","theme-transparent-header-meta":"default","adv-header-id-meta":"","stick-header-meta":"","header-above-stick-meta":"","header-main-stick-meta":"","header-below-stick-meta":"","astra-migrate-meta-layouts":"set","ast-page-background-enabled":"default","ast-page-background-meta":{"desktop":{"background-color":"var(--ast-global-color-4)","background-image":"","background-repeat":"repeat","background-position":"center center","background-size":"auto","background-attachment":"scroll","background-type":"","background-media":"","overlay-type":"","overlay-color":"","overlay-opacity":"","overlay-gradient":""},"tablet":{"background-color":"","background-image":"","background-repeat":"repeat","background-position":"center center","background-size":"auto","background-attachment":"scroll","background-type":"","background-media":"","overlay-type":"","overlay-color":"","overlay-opacity":"","overlay-gradient":""},"mobile":{"background-color":"","background-image":"","background-repeat":"repeat","background-position":"center center","background-size":"auto","background-attachment":"scroll","background-type":"","background-media":"","overlay-type":"","overlay-color":"","overlay-opacity":"","overlay-gradient":""}},"ast-content-background-meta":{"desktop":{"background-color":"var(--ast-global-color-5)","background-image":"","background-repeat":"repeat","background-position":"center center","background-size":"auto","background-attachment":"scroll","background-type":"","background-media":"","overlay-type":"","overlay-color":"","overlay-opacity":"","overlay-gradient":""},"tablet":{"background-color":"var(--ast-global-color-5)","background-image":"","background-repeat":"repeat","background-position":"center center","background-size":"auto","background-attachment":"scroll","background-type":"","background-media":"","overlay-type":"","overlay-color":"","overlay-opacity":"","overlay-gradient":""},"mobile":{"background-color":"var(--ast-global-color-5)","background-image":"","background-repeat":"repeat","background-position":"center center","background-size":"auto","background-attachment":"scroll","background-type":"","background-media":"","overlay-type":"","overlay-color":"","overlay-opacity":"","overlay-gradient":""}},"repeater_packs":""},"product_brand":[],"product_cat":[66,73],"product_tag":[36,35],"class_list":{"0":"post-4161","1":"product","2":"type-product","3":"status-publish","4":"has-post-thumbnail","6":"product_cat-hen-fr-2","7":"product_cat-stag-fr","8":"product_tag-hen","9":"product_tag-stag","10":"desktop-align-left","11":"tablet-align-left","12":"mobile-align-left","14":"first","15":"instock","16":"shipping-taxable","17":"product-type-simple"},"yoast_head":"<!-- This site is optimized with the Yoast SEO plugin v26.8 - https:\/\/yoast.com\/product\/yoast-seo-wordpress\/ -->\n<title>COURS DE COCKTAILS \u00c0 BARCELONE : apprenez \u00e0 pr\u00e9parer des cocktails \u00e0 Barcelone<\/title>\n<meta name=\"description\" content=\"Apprenez les secrets de la mixologie\u00a0! Quand on parle de boire l&#039;ap\u00e9ro, les gens se s\u00e9parent g\u00e9n\u00e9ralement en deux camps\u00a0; ceux qui sont bons pour les Cours de mixologie pour apprendre \u00e0 pr\u00e9parer des cocktails comme un pro. D\u00e9couvrez les secrets des meilleurs mixologues.\" \/>\n<meta name=\"robots\" content=\"index, follow, max-snippet:-1, max-image-preview:large, max-video-preview:-1\" \/>\n<link rel=\"canonical\" href=\"https:\/\/spanishbreak.com\/fr\/product\/cocktail-mixing-class\/\" \/>\n<meta property=\"og:locale\" content=\"fr_FR\" \/>\n<meta property=\"og:type\" content=\"article\" \/>\n<meta property=\"og:title\" content=\"COURS DE COCKTAILS \u00c0 BARCELONE : apprenez \u00e0 pr\u00e9parer des cocktails \u00e0 Barcelone\" \/>\n<meta property=\"og:description\" content=\"Apprenez les secrets de la mixologie\u00a0! Quand on parle de boire l&#039;ap\u00e9ro, les gens se s\u00e9parent g\u00e9n\u00e9ralement en deux camps\u00a0; ceux qui sont bons pour les Cours de mixologie pour apprendre \u00e0 pr\u00e9parer des cocktails comme un pro. D\u00e9couvrez les secrets des meilleurs mixologues.\" \/>\n<meta property=\"og:url\" content=\"https:\/\/spanishbreak.com\/fr\/product\/cocktail-mixing-class\/\" \/>\n<meta property=\"og:site_name\" content=\"Spanishbreak\" \/>\n<meta property=\"article:publisher\" content=\"https:\/\/www.facebook.com\/spanishbreak\" \/>\n<meta property=\"article:modified_time\" content=\"2025-12-17T13:01:31+00:00\" \/>\n<meta property=\"og:image\" content=\"https:\/\/spanishbreak.com\/wp-content\/uploads\/2023\/03\/Depositphotos_37072083_original-scaled.jpg\" \/>\n\t<meta property=\"og:image:width\" content=\"2560\" \/>\n\t<meta property=\"og:image:height\" content=\"1701\" \/>\n\t<meta property=\"og:image:type\" content=\"image\/jpeg\" \/>\n<meta name=\"twitter:card\" content=\"summary_large_image\" \/>\n<meta name=\"twitter:label1\" content=\"Dur\u00e9e de lecture estim\u00e9e\" \/>\n\t<meta name=\"twitter:data1\" content=\"1 minute\" \/>\n<script type=\"application\/ld+json\" class=\"yoast-schema-graph\">{\"@context\":\"https:\/\/schema.org\",\"@graph\":[{\"@type\":[\"WebPage\",\"ItemPage\"],\"@id\":\"https:\/\/spanishbreak.com\/fr\/product\/cocktail-mixing-class\/\",\"url\":\"https:\/\/spanishbreak.com\/fr\/product\/cocktail-mixing-class\/\",\"name\":\"COURS DE COCKTAILS \u00c0 BARCELONE : apprenez \u00e0 pr\u00e9parer des cocktails \u00e0 Barcelone\",\"isPartOf\":{\"@id\":\"https:\/\/spanishbreak.com\/#website\"},\"primaryImageOfPage\":{\"@id\":\"https:\/\/spanishbreak.com\/fr\/product\/cocktail-mixing-class\/#primaryimage\"},\"image\":{\"@id\":\"https:\/\/spanishbreak.com\/fr\/product\/cocktail-mixing-class\/#primaryimage\"},\"thumbnailUrl\":\"https:\/\/spanishbreak.com\/wp-content\/uploads\/2023\/03\/Depositphotos_37072083_original-scaled.jpg\",\"datePublished\":\"2022-10-26T12:15:31+00:00\",\"dateModified\":\"2025-12-17T13:01:31+00:00\",\"description\":\"Apprenez les secrets de la mixologie\u00a0! Quand on parle de boire l'ap\u00e9ro, les gens se s\u00e9parent g\u00e9n\u00e9ralement en deux camps\u00a0; ceux qui sont bons pour les Cours de mixologie pour apprendre \u00e0 pr\u00e9parer des cocktails comme un pro. D\u00e9couvrez les secrets des meilleurs mixologues.\",\"breadcrumb\":{\"@id\":\"https:\/\/spanishbreak.com\/fr\/product\/cocktail-mixing-class\/#breadcrumb\"},\"inLanguage\":\"fr-FR\",\"potentialAction\":[{\"@type\":\"ReadAction\",\"target\":[\"https:\/\/spanishbreak.com\/fr\/product\/cocktail-mixing-class\/\"]}]},{\"@type\":\"ImageObject\",\"inLanguage\":\"fr-FR\",\"@id\":\"https:\/\/spanishbreak.com\/fr\/product\/cocktail-mixing-class\/#primaryimage\",\"url\":\"https:\/\/spanishbreak.com\/wp-content\/uploads\/2023\/03\/Depositphotos_37072083_original-scaled.jpg\",\"contentUrl\":\"https:\/\/spanishbreak.com\/wp-content\/uploads\/2023\/03\/Depositphotos_37072083_original-scaled.jpg\",\"width\":2560,\"height\":1701,\"caption\":\"Bartender pouring strong alcoholic drink into small glasses on bar, shots\"},{\"@type\":\"BreadcrumbList\",\"@id\":\"https:\/\/spanishbreak.com\/fr\/product\/cocktail-mixing-class\/#breadcrumb\",\"itemListElement\":[{\"@type\":\"ListItem\",\"position\":1,\"name\":\"Home\",\"item\":\"https:\/\/spanishbreak.com\/\"},{\"@type\":\"ListItem\",\"position\":2,\"name\":\"Boutique\",\"item\":\"https:\/\/spanishbreak.com\/boutique\/?lang=fr\"},{\"@type\":\"ListItem\",\"position\":3,\"name\":\"COURS DE COCKTAILS \u00c0 BARCELONE\"}]},{\"@type\":\"WebSite\",\"@id\":\"https:\/\/spanishbreak.com\/#website\",\"url\":\"https:\/\/spanishbreak.com\/\",\"name\":\"Spanish Break\",\"description\":\"Otro sitio realizado con WordPress\",\"publisher\":{\"@id\":\"https:\/\/spanishbreak.com\/#organization\"},\"potentialAction\":[{\"@type\":\"SearchAction\",\"target\":{\"@type\":\"EntryPoint\",\"urlTemplate\":\"https:\/\/spanishbreak.com\/?s={search_term_string}\"},\"query-input\":{\"@type\":\"PropertyValueSpecification\",\"valueRequired\":true,\"valueName\":\"search_term_string\"}}],\"inLanguage\":\"fr-FR\"},{\"@type\":\"Organization\",\"@id\":\"https:\/\/spanishbreak.com\/#organization\",\"name\":\"Spanish Break\",\"url\":\"https:\/\/spanishbreak.com\/\",\"logo\":{\"@type\":\"ImageObject\",\"inLanguage\":\"fr-FR\",\"@id\":\"https:\/\/spanishbreak.com\/#\/schema\/logo\/image\/\",\"url\":\"https:\/\/spanishbreak.com\/wp-content\/uploads\/2024\/03\/logo-spanish-break.png\",\"contentUrl\":\"https:\/\/spanishbreak.com\/wp-content\/uploads\/2024\/03\/logo-spanish-break.png\",\"width\":323,\"height\":37,\"caption\":\"Spanish Break\"},\"image\":{\"@id\":\"https:\/\/spanishbreak.com\/#\/schema\/logo\/image\/\"},\"sameAs\":[\"https:\/\/www.facebook.com\/spanishbreak\",\"https:\/\/www.instagram.com\/spanishbreakbcn\/\"]}]}<\/script>\n<!-- \/ Yoast SEO plugin. -->","yoast_head_json":{"title":"COURS DE COCKTAILS \u00c0 BARCELONE : apprenez \u00e0 pr\u00e9parer des cocktails \u00e0 Barcelone","description":"Apprenez les secrets de la mixologie\u00a0! Quand on parle de boire l'ap\u00e9ro, les gens se s\u00e9parent g\u00e9n\u00e9ralement en deux camps\u00a0; ceux qui sont bons pour les Cours de mixologie pour apprendre \u00e0 pr\u00e9parer des cocktails comme un pro. D\u00e9couvrez les secrets des meilleurs mixologues.","robots":{"index":"index","follow":"follow","max-snippet":"max-snippet:-1","max-image-preview":"max-image-preview:large","max-video-preview":"max-video-preview:-1"},"canonical":"https:\/\/spanishbreak.com\/fr\/product\/cocktail-mixing-class\/","og_locale":"fr_FR","og_type":"article","og_title":"COURS DE COCKTAILS \u00c0 BARCELONE : apprenez \u00e0 pr\u00e9parer des cocktails \u00e0 Barcelone","og_description":"Apprenez les secrets de la mixologie\u00a0! Quand on parle de boire l'ap\u00e9ro, les gens se s\u00e9parent g\u00e9n\u00e9ralement en deux camps\u00a0; ceux qui sont bons pour les Cours de mixologie pour apprendre \u00e0 pr\u00e9parer des cocktails comme un pro. D\u00e9couvrez les secrets des meilleurs mixologues.","og_url":"https:\/\/spanishbreak.com\/fr\/product\/cocktail-mixing-class\/","og_site_name":"Spanishbreak","article_publisher":"https:\/\/www.facebook.com\/spanishbreak","article_modified_time":"2025-12-17T13:01:31+00:00","og_image":[{"width":2560,"height":1701,"url":"https:\/\/spanishbreak.com\/wp-content\/uploads\/2023\/03\/Depositphotos_37072083_original-scaled.jpg","type":"image\/jpeg"}],"twitter_card":"summary_large_image","twitter_misc":{"Dur\u00e9e de lecture estim\u00e9e":"1 minute"},"schema":{"@context":"https:\/\/schema.org","@graph":[{"@type":["WebPage","ItemPage"],"@id":"https:\/\/spanishbreak.com\/fr\/product\/cocktail-mixing-class\/","url":"https:\/\/spanishbreak.com\/fr\/product\/cocktail-mixing-class\/","name":"COURS DE COCKTAILS \u00c0 BARCELONE : apprenez \u00e0 pr\u00e9parer des cocktails \u00e0 Barcelone","isPartOf":{"@id":"https:\/\/spanishbreak.com\/#website"},"primaryImageOfPage":{"@id":"https:\/\/spanishbreak.com\/fr\/product\/cocktail-mixing-class\/#primaryimage"},"image":{"@id":"https:\/\/spanishbreak.com\/fr\/product\/cocktail-mixing-class\/#primaryimage"},"thumbnailUrl":"https:\/\/spanishbreak.com\/wp-content\/uploads\/2023\/03\/Depositphotos_37072083_original-scaled.jpg","datePublished":"2022-10-26T12:15:31+00:00","dateModified":"2025-12-17T13:01:31+00:00","description":"Apprenez les secrets de la mixologie\u00a0! Quand on parle de boire l'ap\u00e9ro, les gens se s\u00e9parent g\u00e9n\u00e9ralement en deux camps\u00a0; ceux qui sont bons pour les Cours de mixologie pour apprendre \u00e0 pr\u00e9parer des cocktails comme un pro. D\u00e9couvrez les secrets des meilleurs mixologues.","breadcrumb":{"@id":"https:\/\/spanishbreak.com\/fr\/product\/cocktail-mixing-class\/#breadcrumb"},"inLanguage":"fr-FR","potentialAction":[{"@type":"ReadAction","target":["https:\/\/spanishbreak.com\/fr\/product\/cocktail-mixing-class\/"]}]},{"@type":"ImageObject","inLanguage":"fr-FR","@id":"https:\/\/spanishbreak.com\/fr\/product\/cocktail-mixing-class\/#primaryimage","url":"https:\/\/spanishbreak.com\/wp-content\/uploads\/2023\/03\/Depositphotos_37072083_original-scaled.jpg","contentUrl":"https:\/\/spanishbreak.com\/wp-content\/uploads\/2023\/03\/Depositphotos_37072083_original-scaled.jpg","width":2560,"height":1701,"caption":"Bartender pouring strong alcoholic drink into small glasses on bar, shots"},{"@type":"BreadcrumbList","@id":"https:\/\/spanishbreak.com\/fr\/product\/cocktail-mixing-class\/#breadcrumb","itemListElement":[{"@type":"ListItem","position":1,"name":"Home","item":"https:\/\/spanishbreak.com\/"},{"@type":"ListItem","position":2,"name":"Boutique","item":"https:\/\/spanishbreak.com\/boutique\/?lang=fr"},{"@type":"ListItem","position":3,"name":"COURS DE COCKTAILS \u00c0 BARCELONE"}]},{"@type":"WebSite","@id":"https:\/\/spanishbreak.com\/#website","url":"https:\/\/spanishbreak.com\/","name":"Spanish Break","description":"Otro sitio realizado con WordPress","publisher":{"@id":"https:\/\/spanishbreak.com\/#organization"},"potentialAction":[{"@type":"SearchAction","target":{"@type":"EntryPoint","urlTemplate":"https:\/\/spanishbreak.com\/?s={search_term_string}"},"query-input":{"@type":"PropertyValueSpecification","valueRequired":true,"valueName":"search_term_string"}}],"inLanguage":"fr-FR"},{"@type":"Organization","@id":"https:\/\/spanishbreak.com\/#organization","name":"Spanish Break","url":"https:\/\/spanishbreak.com\/","logo":{"@type":"ImageObject","inLanguage":"fr-FR","@id":"https:\/\/spanishbreak.com\/#\/schema\/logo\/image\/","url":"https:\/\/spanishbreak.com\/wp-content\/uploads\/2024\/03\/logo-spanish-break.png","contentUrl":"https:\/\/spanishbreak.com\/wp-content\/uploads\/2024\/03\/logo-spanish-break.png","width":323,"height":37,"caption":"Spanish Break"},"image":{"@id":"https:\/\/spanishbreak.com\/#\/schema\/logo\/image\/"},"sameAs":["https:\/\/www.facebook.com\/spanishbreak","https:\/\/www.instagram.com\/spanishbreakbcn\/"]}]}},"_links":{"self":[{"href":"https:\/\/spanishbreak.com\/fr\/wp-json\/wp\/v2\/product\/4161","targetHints":{"allow":["GET"]}}],"collection":[{"href":"https:\/\/spanishbreak.com\/fr\/wp-json\/wp\/v2\/product"}],"about":[{"href":"https:\/\/spanishbreak.com\/fr\/wp-json\/wp\/v2\/types\/product"}],"replies":[{"embeddable":true,"href":"https:\/\/spanishbreak.com\/fr\/wp-json\/wp\/v2\/comments?post=4161"}],"wp:featuredmedia":[{"embeddable":true,"href":"https:\/\/spanishbreak.com\/fr\/wp-json\/wp\/v2\/media\/4665"}],"wp:attachment":[{"href":"https:\/\/spanishbreak.com\/fr\/wp-json\/wp\/v2\/media?parent=4161"}],"wp:term":[{"taxonomy":"product_brand","embeddable":true,"href":"https:\/\/spanishbreak.com\/fr\/wp-json\/wp\/v2\/product_brand?post=4161"},{"taxonomy":"product_cat","embeddable":true,"href":"https:\/\/spanishbreak.com\/fr\/wp-json\/wp\/v2\/product_cat?post=4161"},{"taxonomy":"product_tag","embeddable":true,"href":"https:\/\/spanishbreak.com\/fr\/wp-json\/wp\/v2\/product_tag?post=4161"}],"curies":[{"name":"wp","href":"https:\/\/api.w.org\/{rel}","templated":true}]}}