{"id":4162,"date":"2022-10-26T14:08:28","date_gmt":"2022-10-26T12:08:28","guid":{"rendered":"https:\/\/spanishbreak.com\/producto\/spanish-cooking-class\/"},"modified":"2025-12-17T14:01:57","modified_gmt":"2025-12-17T13:01:57","slug":"spanish-cooking-class","status":"publish","type":"product","link":"https:\/\/spanishbreak.com\/fr\/product\/spanish-cooking-class\/","title":{"rendered":"COURS DE PAELLA \u00c0 BARCELONE"},"content":{"rendered":"<p><strong>Devenez la sp\u00e9cialiste de la succulente Paella espagnole !<\/strong><\/p>\n<p>Vous avez pr\u00e9vu un EVJF incroyable \u00e0 Barcelone, et vous essayez de trouver le souvenir parfait \u00e0 ramener chez vous ?\u00a0Que diriez-vous d\u2019un cours\u00a0de cuisine espagnole\u00a0?! C\u2019est inoubliable, \u00e0 chaque fois vous cuisinerez, vous vous souviendrez de ce bon moment.\u00a0Vous pourrez par la m\u00eame occasion impressionner vos amis qui n&rsquo;auront jamais mang\u00e9 une aussi bonne paella.<\/p>\n<p>Vous serez accueillies par le chef du restaurant, qui vous donnera les instructions pour r\u00e9aliser une excellente paella. Il restera avec vous tout du long de la pr\u00e9paration pour vous donner des conseils.<\/p>\n<p>Ensuite vous pourrez d\u00e9guster votre paella toutes ensemble et \u00e9changer vos impressions !<\/p>\n<p>La paella sera accompagn\u00e9e d&rsquo;une salade mixte en entr\u00e9e, et d&rsquo;un dessert au choix entre une cr\u00e8me catalane, une tarte au chocolat ou une glace.<\/p>\n","protected":false},"excerpt":{"rendered":"<p>Devenez la sp\u00e9cialiste de la succulente Paella espagnole ! Vous avez pr\u00e9vu un EVJF incroyable \u00e0 Barcelone, et vous essayez de trouver le souvenir parfait \u00e0 ramener chez vous ?\u00a0Que diriez-vous d\u2019un cours\u00a0de cuisine espagnole\u00a0?! C\u2019est inoubliable, \u00e0 chaque fois vous cuisinerez, vous vous souviendrez de ce bon moment.\u00a0Vous pourrez par la m\u00eame occasion impressionner [&hellip;]<\/p>\n","protected":false},"featured_media":3199,"comment_status":"closed","ping_status":"closed","template":"","meta":{"site-sidebar-layout":"default","site-content-layout":"default","ast-site-content-layout":"default","site-content-style":"default","site-sidebar-style":"default","ast-global-header-display":"","ast-banner-title-visibility":"","ast-main-header-display":"","ast-hfb-above-header-display":"","ast-hfb-below-header-display":"","ast-hfb-mobile-header-display":"","site-post-title":"","ast-breadcrumbs-content":"","ast-featured-img":"","footer-sml-layout":"","theme-transparent-header-meta":"default","adv-header-id-meta":"","stick-header-meta":"","header-above-stick-meta":"","header-main-stick-meta":"","header-below-stick-meta":"","astra-migrate-meta-layouts":"set","ast-page-background-enabled":"default","ast-page-background-meta":{"desktop":{"background-color":"var(--ast-global-color-4)","background-image":"","background-repeat":"repeat","background-position":"center center","background-size":"auto","background-attachment":"scroll","background-type":"","background-media":"","overlay-type":"","overlay-color":"","overlay-opacity":"","overlay-gradient":""},"tablet":{"background-color":"","background-image":"","background-repeat":"repeat","background-position":"center center","background-size":"auto","background-attachment":"scroll","background-type":"","background-media":"","overlay-type":"","overlay-color":"","overlay-opacity":"","overlay-gradient":""},"mobile":{"background-color":"","background-image":"","background-repeat":"repeat","background-position":"center center","background-size":"auto","background-attachment":"scroll","background-type":"","background-media":"","overlay-type":"","overlay-color":"","overlay-opacity":"","overlay-gradient":""}},"ast-content-background-meta":{"desktop":{"background-color":"var(--ast-global-color-5)","background-image":"","background-repeat":"repeat","background-position":"center center","background-size":"auto","background-attachment":"scroll","background-type":"","background-media":"","overlay-type":"","overlay-color":"","overlay-opacity":"","overlay-gradient":""},"tablet":{"background-color":"var(--ast-global-color-5)","background-image":"","background-repeat":"repeat","background-position":"center center","background-size":"auto","background-attachment":"scroll","background-type":"","background-media":"","overlay-type":"","overlay-color":"","overlay-opacity":"","overlay-gradient":""},"mobile":{"background-color":"var(--ast-global-color-5)","background-image":"","background-repeat":"repeat","background-position":"center center","background-size":"auto","background-attachment":"scroll","background-type":"","background-media":"","overlay-type":"","overlay-color":"","overlay-opacity":"","overlay-gradient":""}},"repeater_packs":""},"product_brand":[],"product_cat":[68,66,73],"product_tag":[36],"class_list":{"0":"post-4162","1":"product","2":"type-product","3":"status-publish","4":"has-post-thumbnail","6":"product_cat-day-time-activities","7":"product_cat-hen-fr-2","8":"product_cat-stag-fr","9":"product_tag-hen","10":"desktop-align-left","11":"tablet-align-left","12":"mobile-align-left","14":"first","15":"instock","16":"shipping-taxable","17":"product-type-simple"},"yoast_head":"<!-- This site is optimized with the Yoast SEO plugin v26.8 - https:\/\/yoast.com\/product\/yoast-seo-wordpress\/ -->\n<title>COURS DE PAELLA \u00c0 BARCELONE<\/title>\n<meta name=\"description\" content=\"Devenez la sp\u00e9cialiste de la succulente Paella espagnole ! Vous avez pr\u00e9vu un EVJF incroyable \u00e0 Barcelone, et vous essayez de trouver le souvenir parfait D\u00e9couvrez notre exp\u00e9rience de cours de paella espagnole dans un cadre authentique \u00e0 Barcelone.\" \/>\n<meta name=\"robots\" content=\"index, follow, max-snippet:-1, max-image-preview:large, max-video-preview:-1\" \/>\n<link rel=\"canonical\" href=\"https:\/\/spanishbreak.com\/fr\/product\/spanish-cooking-class\/\" \/>\n<meta property=\"og:locale\" content=\"fr_FR\" \/>\n<meta property=\"og:type\" content=\"article\" \/>\n<meta property=\"og:title\" content=\"COURS DE PAELLA \u00c0 BARCELONE\" \/>\n<meta property=\"og:description\" content=\"Devenez la sp\u00e9cialiste de la succulente Paella espagnole ! Vous avez pr\u00e9vu un EVJF incroyable \u00e0 Barcelone, et vous essayez de trouver le souvenir parfait D\u00e9couvrez notre exp\u00e9rience de cours de paella espagnole dans un cadre authentique \u00e0 Barcelone.\" \/>\n<meta property=\"og:url\" content=\"https:\/\/spanishbreak.com\/fr\/product\/spanish-cooking-class\/\" \/>\n<meta property=\"og:site_name\" content=\"Spanishbreak\" \/>\n<meta property=\"article:publisher\" content=\"https:\/\/www.facebook.com\/spanishbreak\" \/>\n<meta property=\"article:modified_time\" content=\"2025-12-17T13:01:57+00:00\" \/>\n<meta property=\"og:image\" content=\"https:\/\/spanishbreak.com\/wp-content\/uploads\/2022\/10\/x-Depositphotos_75546253_original-scaled.jpg\" \/>\n\t<meta property=\"og:image:width\" content=\"2560\" \/>\n\t<meta property=\"og:image:height\" content=\"1709\" \/>\n\t<meta property=\"og:image:type\" content=\"image\/jpeg\" \/>\n<meta name=\"twitter:card\" content=\"summary_large_image\" \/>\n<meta name=\"twitter:label1\" content=\"Dur\u00e9e de lecture estim\u00e9e\" \/>\n\t<meta name=\"twitter:data1\" content=\"1 minute\" \/>\n<script type=\"application\/ld+json\" class=\"yoast-schema-graph\">{\"@context\":\"https:\/\/schema.org\",\"@graph\":[{\"@type\":[\"WebPage\",\"ItemPage\"],\"@id\":\"https:\/\/spanishbreak.com\/fr\/product\/spanish-cooking-class\/\",\"url\":\"https:\/\/spanishbreak.com\/fr\/product\/spanish-cooking-class\/\",\"name\":\"COURS DE PAELLA \u00c0 BARCELONE\",\"isPartOf\":{\"@id\":\"https:\/\/spanishbreak.com\/#website\"},\"primaryImageOfPage\":{\"@id\":\"https:\/\/spanishbreak.com\/fr\/product\/spanish-cooking-class\/#primaryimage\"},\"image\":{\"@id\":\"https:\/\/spanishbreak.com\/fr\/product\/spanish-cooking-class\/#primaryimage\"},\"thumbnailUrl\":\"https:\/\/spanishbreak.com\/wp-content\/uploads\/2022\/10\/x-Depositphotos_75546253_original-scaled.jpg\",\"datePublished\":\"2022-10-26T12:08:28+00:00\",\"dateModified\":\"2025-12-17T13:01:57+00:00\",\"description\":\"Devenez la sp\u00e9cialiste de la succulente Paella espagnole ! Vous avez pr\u00e9vu un EVJF incroyable \u00e0 Barcelone, et vous essayez de trouver le souvenir parfait D\u00e9couvrez notre exp\u00e9rience de cours de paella espagnole dans un cadre authentique \u00e0 Barcelone.\",\"breadcrumb\":{\"@id\":\"https:\/\/spanishbreak.com\/fr\/product\/spanish-cooking-class\/#breadcrumb\"},\"inLanguage\":\"fr-FR\",\"potentialAction\":[{\"@type\":\"ReadAction\",\"target\":[\"https:\/\/spanishbreak.com\/fr\/product\/spanish-cooking-class\/\"]}]},{\"@type\":\"ImageObject\",\"inLanguage\":\"fr-FR\",\"@id\":\"https:\/\/spanishbreak.com\/fr\/product\/spanish-cooking-class\/#primaryimage\",\"url\":\"https:\/\/spanishbreak.com\/wp-content\/uploads\/2022\/10\/x-Depositphotos_75546253_original-scaled.jpg\",\"contentUrl\":\"https:\/\/spanishbreak.com\/wp-content\/uploads\/2022\/10\/x-Depositphotos_75546253_original-scaled.jpg\",\"width\":2560,\"height\":1709,\"caption\":\"Closeup of spanish paella with shrimp and mussel in a pan. Selective focus. Small deep of focus.\"},{\"@type\":\"BreadcrumbList\",\"@id\":\"https:\/\/spanishbreak.com\/fr\/product\/spanish-cooking-class\/#breadcrumb\",\"itemListElement\":[{\"@type\":\"ListItem\",\"position\":1,\"name\":\"Home\",\"item\":\"https:\/\/spanishbreak.com\/\"},{\"@type\":\"ListItem\",\"position\":2,\"name\":\"Boutique\",\"item\":\"https:\/\/spanishbreak.com\/boutique\/?lang=fr\"},{\"@type\":\"ListItem\",\"position\":3,\"name\":\"COURS DE PAELLA \u00c0 BARCELONE\"}]},{\"@type\":\"WebSite\",\"@id\":\"https:\/\/spanishbreak.com\/#website\",\"url\":\"https:\/\/spanishbreak.com\/\",\"name\":\"Spanish Break\",\"description\":\"Otro sitio realizado con WordPress\",\"publisher\":{\"@id\":\"https:\/\/spanishbreak.com\/#organization\"},\"potentialAction\":[{\"@type\":\"SearchAction\",\"target\":{\"@type\":\"EntryPoint\",\"urlTemplate\":\"https:\/\/spanishbreak.com\/?s={search_term_string}\"},\"query-input\":{\"@type\":\"PropertyValueSpecification\",\"valueRequired\":true,\"valueName\":\"search_term_string\"}}],\"inLanguage\":\"fr-FR\"},{\"@type\":\"Organization\",\"@id\":\"https:\/\/spanishbreak.com\/#organization\",\"name\":\"Spanish Break\",\"url\":\"https:\/\/spanishbreak.com\/\",\"logo\":{\"@type\":\"ImageObject\",\"inLanguage\":\"fr-FR\",\"@id\":\"https:\/\/spanishbreak.com\/#\/schema\/logo\/image\/\",\"url\":\"https:\/\/spanishbreak.com\/wp-content\/uploads\/2024\/03\/logo-spanish-break.png\",\"contentUrl\":\"https:\/\/spanishbreak.com\/wp-content\/uploads\/2024\/03\/logo-spanish-break.png\",\"width\":323,\"height\":37,\"caption\":\"Spanish Break\"},\"image\":{\"@id\":\"https:\/\/spanishbreak.com\/#\/schema\/logo\/image\/\"},\"sameAs\":[\"https:\/\/www.facebook.com\/spanishbreak\",\"https:\/\/www.instagram.com\/spanishbreakbcn\/\"]}]}<\/script>\n<!-- \/ Yoast SEO plugin. -->","yoast_head_json":{"title":"COURS DE PAELLA \u00c0 BARCELONE","description":"Devenez la sp\u00e9cialiste de la succulente Paella espagnole ! Vous avez pr\u00e9vu un EVJF incroyable \u00e0 Barcelone, et vous essayez de trouver le souvenir parfait D\u00e9couvrez notre exp\u00e9rience de cours de paella espagnole dans un cadre authentique \u00e0 Barcelone.","robots":{"index":"index","follow":"follow","max-snippet":"max-snippet:-1","max-image-preview":"max-image-preview:large","max-video-preview":"max-video-preview:-1"},"canonical":"https:\/\/spanishbreak.com\/fr\/product\/spanish-cooking-class\/","og_locale":"fr_FR","og_type":"article","og_title":"COURS DE PAELLA \u00c0 BARCELONE","og_description":"Devenez la sp\u00e9cialiste de la succulente Paella espagnole ! Vous avez pr\u00e9vu un EVJF incroyable \u00e0 Barcelone, et vous essayez de trouver le souvenir parfait D\u00e9couvrez notre exp\u00e9rience de cours de paella espagnole dans un cadre authentique \u00e0 Barcelone.","og_url":"https:\/\/spanishbreak.com\/fr\/product\/spanish-cooking-class\/","og_site_name":"Spanishbreak","article_publisher":"https:\/\/www.facebook.com\/spanishbreak","article_modified_time":"2025-12-17T13:01:57+00:00","og_image":[{"width":2560,"height":1709,"url":"https:\/\/spanishbreak.com\/wp-content\/uploads\/2022\/10\/x-Depositphotos_75546253_original-scaled.jpg","type":"image\/jpeg"}],"twitter_card":"summary_large_image","twitter_misc":{"Dur\u00e9e de lecture estim\u00e9e":"1 minute"},"schema":{"@context":"https:\/\/schema.org","@graph":[{"@type":["WebPage","ItemPage"],"@id":"https:\/\/spanishbreak.com\/fr\/product\/spanish-cooking-class\/","url":"https:\/\/spanishbreak.com\/fr\/product\/spanish-cooking-class\/","name":"COURS DE PAELLA \u00c0 BARCELONE","isPartOf":{"@id":"https:\/\/spanishbreak.com\/#website"},"primaryImageOfPage":{"@id":"https:\/\/spanishbreak.com\/fr\/product\/spanish-cooking-class\/#primaryimage"},"image":{"@id":"https:\/\/spanishbreak.com\/fr\/product\/spanish-cooking-class\/#primaryimage"},"thumbnailUrl":"https:\/\/spanishbreak.com\/wp-content\/uploads\/2022\/10\/x-Depositphotos_75546253_original-scaled.jpg","datePublished":"2022-10-26T12:08:28+00:00","dateModified":"2025-12-17T13:01:57+00:00","description":"Devenez la sp\u00e9cialiste de la succulente Paella espagnole ! Vous avez pr\u00e9vu un EVJF incroyable \u00e0 Barcelone, et vous essayez de trouver le souvenir parfait D\u00e9couvrez notre exp\u00e9rience de cours de paella espagnole dans un cadre authentique \u00e0 Barcelone.","breadcrumb":{"@id":"https:\/\/spanishbreak.com\/fr\/product\/spanish-cooking-class\/#breadcrumb"},"inLanguage":"fr-FR","potentialAction":[{"@type":"ReadAction","target":["https:\/\/spanishbreak.com\/fr\/product\/spanish-cooking-class\/"]}]},{"@type":"ImageObject","inLanguage":"fr-FR","@id":"https:\/\/spanishbreak.com\/fr\/product\/spanish-cooking-class\/#primaryimage","url":"https:\/\/spanishbreak.com\/wp-content\/uploads\/2022\/10\/x-Depositphotos_75546253_original-scaled.jpg","contentUrl":"https:\/\/spanishbreak.com\/wp-content\/uploads\/2022\/10\/x-Depositphotos_75546253_original-scaled.jpg","width":2560,"height":1709,"caption":"Closeup of spanish paella with shrimp and mussel in a pan. Selective focus. Small deep of focus."},{"@type":"BreadcrumbList","@id":"https:\/\/spanishbreak.com\/fr\/product\/spanish-cooking-class\/#breadcrumb","itemListElement":[{"@type":"ListItem","position":1,"name":"Home","item":"https:\/\/spanishbreak.com\/"},{"@type":"ListItem","position":2,"name":"Boutique","item":"https:\/\/spanishbreak.com\/boutique\/?lang=fr"},{"@type":"ListItem","position":3,"name":"COURS DE PAELLA \u00c0 BARCELONE"}]},{"@type":"WebSite","@id":"https:\/\/spanishbreak.com\/#website","url":"https:\/\/spanishbreak.com\/","name":"Spanish Break","description":"Otro sitio realizado con WordPress","publisher":{"@id":"https:\/\/spanishbreak.com\/#organization"},"potentialAction":[{"@type":"SearchAction","target":{"@type":"EntryPoint","urlTemplate":"https:\/\/spanishbreak.com\/?s={search_term_string}"},"query-input":{"@type":"PropertyValueSpecification","valueRequired":true,"valueName":"search_term_string"}}],"inLanguage":"fr-FR"},{"@type":"Organization","@id":"https:\/\/spanishbreak.com\/#organization","name":"Spanish Break","url":"https:\/\/spanishbreak.com\/","logo":{"@type":"ImageObject","inLanguage":"fr-FR","@id":"https:\/\/spanishbreak.com\/#\/schema\/logo\/image\/","url":"https:\/\/spanishbreak.com\/wp-content\/uploads\/2024\/03\/logo-spanish-break.png","contentUrl":"https:\/\/spanishbreak.com\/wp-content\/uploads\/2024\/03\/logo-spanish-break.png","width":323,"height":37,"caption":"Spanish Break"},"image":{"@id":"https:\/\/spanishbreak.com\/#\/schema\/logo\/image\/"},"sameAs":["https:\/\/www.facebook.com\/spanishbreak","https:\/\/www.instagram.com\/spanishbreakbcn\/"]}]}},"_links":{"self":[{"href":"https:\/\/spanishbreak.com\/fr\/wp-json\/wp\/v2\/product\/4162","targetHints":{"allow":["GET"]}}],"collection":[{"href":"https:\/\/spanishbreak.com\/fr\/wp-json\/wp\/v2\/product"}],"about":[{"href":"https:\/\/spanishbreak.com\/fr\/wp-json\/wp\/v2\/types\/product"}],"replies":[{"embeddable":true,"href":"https:\/\/spanishbreak.com\/fr\/wp-json\/wp\/v2\/comments?post=4162"}],"wp:featuredmedia":[{"embeddable":true,"href":"https:\/\/spanishbreak.com\/fr\/wp-json\/wp\/v2\/media\/3199"}],"wp:attachment":[{"href":"https:\/\/spanishbreak.com\/fr\/wp-json\/wp\/v2\/media?parent=4162"}],"wp:term":[{"taxonomy":"product_brand","embeddable":true,"href":"https:\/\/spanishbreak.com\/fr\/wp-json\/wp\/v2\/product_brand?post=4162"},{"taxonomy":"product_cat","embeddable":true,"href":"https:\/\/spanishbreak.com\/fr\/wp-json\/wp\/v2\/product_cat?post=4162"},{"taxonomy":"product_tag","embeddable":true,"href":"https:\/\/spanishbreak.com\/fr\/wp-json\/wp\/v2\/product_tag?post=4162"}],"curies":[{"name":"wp","href":"https:\/\/api.w.org\/{rel}","templated":true}]}}