{"id":4163,"date":"2024-07-18T14:00:47","date_gmt":"2024-07-18T12:00:47","guid":{"rendered":"https:\/\/spanishbreak.com\/producto\/nude-still-life-drawing\/"},"modified":"2025-12-17T13:27:19","modified_gmt":"2025-12-17T12:27:19","slug":"dessin-modele-nu-masculin-evjf","status":"publish","type":"product","link":"https:\/\/spanishbreak.com\/fr\/product\/dessin-modele-nu-masculin-evjf\/","title":{"rendered":"Cours de Dessin de Nu avec Mod\u00e8le Masculin pour EVJF \u00e0 Barcelone"},"content":{"rendered":"<h2>R\u00e9servez un Cours de Dessin de Nu Artistique avec Mod\u00e8le Masculin pour votre EVJF<\/h2>\n<p>Plongez dans une exp\u00e9rience ludique et artistique avec notre <strong>cours de dessin sur mod\u00e8le masculin<\/strong>, un ajout inoubliable \u00e0 votre enterrement de vie de jeune fille. Cette activit\u00e9 s\u00e9duisante met en sc\u00e8ne un <strong>mod\u00e8le masculin nu<\/strong>, guid\u00e9 par un professeur de dessin expert, et comprenant un d\u00e9licieux verre de cava pour plus de plaisir, ainsi que tout le mat\u00e9riel de dessin n\u00e9cessaire.<\/p>\n<h2>D\u00e9roulement de l&rsquo;Atelier de Dessin Barcelone<\/h2>\n<p>Les 30 premi\u00e8res minutes d\u00e9butent par une br\u00e8ve introduction aux <strong>notions de base du dessin<\/strong>, qui donne le ton cr\u00e9atif de la s\u00e9ance. Alors que les participants s\u2019adonnent \u00e0 des exercices de dessin, le mod\u00e8le ajoute une touche en s\u00e9lectionnant le \u00ab meilleur artiste \u00bb d\u2019entre eux. L\u2019artiste choisi a la possibilit\u00e9 de recevoir un prix de la part du mod\u00e8le \u2013 les options incluent une danse, un massage, ou une pose sp\u00e9ciale.<\/p>\n<h2>Activit\u00e9 Finale : La Mari\u00e9e en Vedette<\/h2>\n<p>Pour couronner la s\u00e9ance, les projecteurs sont braqu\u00e9s sur la future mari\u00e9e, qui pose avec le mod\u00e8le, cr\u00e9ant ainsi un tableau amusant et divertissant. La mari\u00e9e peut \u00e9galement participer \u00e0 l\u2019excitation en posant en sous-v\u00eatements et, pour ajouter une touche de frisson, le mod\u00e8le habillera la mari\u00e9e avec des v\u00eatements BDSM\/f\u00e9tichistes, ce qui donnera lieu \u00e0 une s\u00e9ance de dessin m\u00e9morable et pleine d\u2019humour.<\/p>\n<h2>Points Forts du Cours de Dessin de Nu<\/h2>\n<ul>\n<li><strong>Encadrement Professionnel<\/strong> : Apprenez avec un professeur de dessin exp\u00e9riment\u00e9.<\/li>\n<li><strong>Divertissement Interactif<\/strong> : Profitez des exercices de dessin et des comp\u00e9titions engageantes.<\/li>\n<li><strong>R\u00e9compenses Exclusives<\/strong> : Le meilleur artiste gagne une r\u00e9compense unique du mod\u00e8le.<\/li>\n<li><strong>Ambiance D\u00e9tendue<\/strong> : Savourez une coupe de cava tout en dessinant.<\/li>\n<li><strong>Moments Inoubliables<\/strong> : Cr\u00e9ez des souvenirs m\u00e9morables avec vos amis.<\/li>\n<\/ul>\n<h2>Pourquoi Choisir un Cours de Dessin de Nu \u00e0 Barcelone?<\/h2>\n<p>Les <strong>cours de dessin de nu artistique<\/strong> avec un <strong>mod\u00e8le masculin nu<\/strong> offrent un m\u00e9lange unique de fun, d\u2019art et d\u2019une touche d&rsquo;audace, en faisant l\u2019activit\u00e9 parfaite pour un EVJF. C\u2019est une occasion de sortir de la routine habituelle des f\u00eates et de faire quelque chose de cr\u00e9atif et m\u00e9morable.<\/p>\n<h2>Exp\u00e9rimentez le Meilleur Dessin de Nu \u00e0 Barcelone<\/h2>\n<p>Les <strong>cours de dessin de nu<\/strong> gagnent en popularit\u00e9 \u00e0 <strong>Barcelone<\/strong> et sont parfaits pour les groupes souhaitant c\u00e9l\u00e9brer de mani\u00e8re unique et engageante. Que vous soyez un artiste exp\u00e9riment\u00e9 ou un d\u00e9butant complet, ce <strong>cours de dessin nu<\/strong> offre un environnement d\u00e9tendu et agr\u00e9able pour explorer votre c\u00f4t\u00e9 artistique.<\/p>\n<h2>R\u00e9servez Votre S\u00e9ance de Dessin de Mod\u00e8le Nu Artistique Aujourd&rsquo;hui!<\/h2>\n<p>Ce <strong>cours de dessin de mod\u00e8le nu masculin<\/strong> garantit une soir\u00e9e remplie de rires, de cr\u00e9ativit\u00e9 et de moments inoubliables pour la mari\u00e9e et ses invit\u00e9s. Ne manquez pas cette exp\u00e9rience exceptionnelle \u2013 r\u00e9servez votre s\u00e9ance d\u00e8s maintenant et ajoutez une touche cr\u00e9ative \u00e0 votre EVJF!<\/p>\n","protected":false},"excerpt":{"rendered":"<p>R\u00e9servez un Cours de Dessin de Nu Artistique avec Mod\u00e8le Masculin pour votre EVJF Plongez dans une exp\u00e9rience ludique et artistique avec notre cours de dessin sur mod\u00e8le masculin, un ajout inoubliable \u00e0 votre enterrement de vie de jeune fille. Cette activit\u00e9 s\u00e9duisante met en sc\u00e8ne un mod\u00e8le masculin nu, guid\u00e9 par un professeur de [&hellip;]<\/p>\n","protected":false},"featured_media":3209,"comment_status":"closed","ping_status":"closed","template":"","meta":{"site-sidebar-layout":"default","site-content-layout":"default","ast-site-content-layout":"default","site-content-style":"default","site-sidebar-style":"default","ast-global-header-display":"","ast-banner-title-visibility":"","ast-main-header-display":"","ast-hfb-above-header-display":"","ast-hfb-below-header-display":"","ast-hfb-mobile-header-display":"","site-post-title":"","ast-breadcrumbs-content":"","ast-featured-img":"","footer-sml-layout":"","theme-transparent-header-meta":"default","adv-header-id-meta":"","stick-header-meta":"","header-above-stick-meta":"","header-main-stick-meta":"","header-below-stick-meta":"","astra-migrate-meta-layouts":"set","ast-page-background-enabled":"default","ast-page-background-meta":{"desktop":{"background-color":"var(--ast-global-color-4)","background-image":"","background-repeat":"repeat","background-position":"center center","background-size":"auto","background-attachment":"scroll","background-type":"","background-media":"","overlay-type":"","overlay-color":"","overlay-opacity":"","overlay-gradient":""},"tablet":{"background-color":"","background-image":"","background-repeat":"repeat","background-position":"center center","background-size":"auto","background-attachment":"scroll","background-type":"","background-media":"","overlay-type":"","overlay-color":"","overlay-opacity":"","overlay-gradient":""},"mobile":{"background-color":"","background-image":"","background-repeat":"repeat","background-position":"center center","background-size":"auto","background-attachment":"scroll","background-type":"","background-media":"","overlay-type":"","overlay-color":"","overlay-opacity":"","overlay-gradient":""}},"ast-content-background-meta":{"desktop":{"background-color":"var(--ast-global-color-5)","background-image":"","background-repeat":"repeat","background-position":"center center","background-size":"auto","background-attachment":"scroll","background-type":"","background-media":"","overlay-type":"","overlay-color":"","overlay-opacity":"","overlay-gradient":""},"tablet":{"background-color":"var(--ast-global-color-5)","background-image":"","background-repeat":"repeat","background-position":"center center","background-size":"auto","background-attachment":"scroll","background-type":"","background-media":"","overlay-type":"","overlay-color":"","overlay-opacity":"","overlay-gradient":""},"mobile":{"background-color":"var(--ast-global-color-5)","background-image":"","background-repeat":"repeat","background-position":"center center","background-size":"auto","background-attachment":"scroll","background-type":"","background-media":"","overlay-type":"","overlay-color":"","overlay-opacity":"","overlay-gradient":""}},"repeater_packs":""},"product_brand":[],"product_cat":[68,66,70],"product_tag":[36],"class_list":{"0":"post-4163","1":"product","2":"type-product","3":"status-publish","4":"has-post-thumbnail","6":"product_cat-day-time-activities","7":"product_cat-hen-fr-2","8":"product_cat-newest-fr-2","9":"product_tag-hen","10":"desktop-align-left","11":"tablet-align-left","12":"mobile-align-left","14":"first","15":"instock","16":"shipping-taxable","17":"product-type-simple"},"yoast_head":"<!-- This site is optimized with the Yoast SEO plugin v26.8 - https:\/\/yoast.com\/product\/yoast-seo-wordpress\/ -->\n<title>Cours de Dessin Nu Artistique \u00e0 Barcelone pour EVJF<\/title>\n<meta name=\"description\" content=\"Le cours de dessin de nu artistique avec un mod\u00e8le masculin nu offrent un m\u00e9lange unique d&#039;art et d&#039;audace, en faisant l\u2019activit\u00e9 parfaite pour un EVJF\" \/>\n<meta name=\"robots\" content=\"index, follow, max-snippet:-1, max-image-preview:large, max-video-preview:-1\" \/>\n<link rel=\"canonical\" href=\"https:\/\/spanishbreak.com\/fr\/product\/dessin-modele-nu-masculin-evjf\/\" \/>\n<meta property=\"og:locale\" content=\"fr_FR\" \/>\n<meta property=\"og:type\" content=\"article\" \/>\n<meta property=\"og:title\" content=\"Cours de Dessin Nu Artistique \u00e0 Barcelone pour EVJF\" \/>\n<meta property=\"og:description\" content=\"Le cours de dessin de nu artistique avec un mod\u00e8le masculin nu offrent un m\u00e9lange unique d&#039;art et d&#039;audace, en faisant l\u2019activit\u00e9 parfaite pour un EVJF\" \/>\n<meta property=\"og:url\" content=\"https:\/\/spanishbreak.com\/fr\/product\/dessin-modele-nu-masculin-evjf\/\" \/>\n<meta property=\"og:site_name\" content=\"Spanishbreak\" \/>\n<meta property=\"article:publisher\" content=\"https:\/\/www.facebook.com\/spanishbreak\" \/>\n<meta property=\"article:modified_time\" content=\"2025-12-17T12:27:19+00:00\" \/>\n<meta property=\"og:image\" content=\"https:\/\/spanishbreak.com\/wp-content\/uploads\/2022\/10\/x-Depositphotos_193337532_XL-scaled.jpg\" \/>\n\t<meta property=\"og:image:width\" content=\"2560\" \/>\n\t<meta property=\"og:image:height\" content=\"1662\" \/>\n\t<meta property=\"og:image:type\" content=\"image\/jpeg\" \/>\n<meta name=\"twitter:card\" content=\"summary_large_image\" \/>\n<meta name=\"twitter:label1\" content=\"Dur\u00e9e de lecture estim\u00e9e\" \/>\n\t<meta name=\"twitter:data1\" content=\"3 minutes\" \/>\n<script type=\"application\/ld+json\" class=\"yoast-schema-graph\">{\"@context\":\"https:\/\/schema.org\",\"@graph\":[{\"@type\":[\"WebPage\",\"ItemPage\"],\"@id\":\"https:\/\/spanishbreak.com\/fr\/product\/dessin-modele-nu-masculin-evjf\/\",\"url\":\"https:\/\/spanishbreak.com\/fr\/product\/dessin-modele-nu-masculin-evjf\/\",\"name\":\"Cours de Dessin Nu Artistique \u00e0 Barcelone pour EVJF\",\"isPartOf\":{\"@id\":\"https:\/\/spanishbreak.com\/#website\"},\"primaryImageOfPage\":{\"@id\":\"https:\/\/spanishbreak.com\/fr\/product\/dessin-modele-nu-masculin-evjf\/#primaryimage\"},\"image\":{\"@id\":\"https:\/\/spanishbreak.com\/fr\/product\/dessin-modele-nu-masculin-evjf\/#primaryimage\"},\"thumbnailUrl\":\"https:\/\/spanishbreak.com\/wp-content\/uploads\/2022\/10\/x-Depositphotos_193337532_XL-scaled.jpg\",\"datePublished\":\"2024-07-18T12:00:47+00:00\",\"dateModified\":\"2025-12-17T12:27:19+00:00\",\"description\":\"Le cours de dessin de nu artistique avec un mod\u00e8le masculin nu offrent un m\u00e9lange unique d'art et d'audace, en faisant l\u2019activit\u00e9 parfaite pour un EVJF\",\"breadcrumb\":{\"@id\":\"https:\/\/spanishbreak.com\/fr\/product\/dessin-modele-nu-masculin-evjf\/#breadcrumb\"},\"inLanguage\":\"fr-FR\",\"potentialAction\":[{\"@type\":\"ReadAction\",\"target\":[\"https:\/\/spanishbreak.com\/fr\/product\/dessin-modele-nu-masculin-evjf\/\"]}]},{\"@type\":\"ImageObject\",\"inLanguage\":\"fr-FR\",\"@id\":\"https:\/\/spanishbreak.com\/fr\/product\/dessin-modele-nu-masculin-evjf\/#primaryimage\",\"url\":\"https:\/\/spanishbreak.com\/wp-content\/uploads\/2022\/10\/x-Depositphotos_193337532_XL-scaled.jpg\",\"contentUrl\":\"https:\/\/spanishbreak.com\/wp-content\/uploads\/2022\/10\/x-Depositphotos_193337532_XL-scaled.jpg\",\"width\":2560,\"height\":1662,\"caption\":\"people in art exhibition\"},{\"@type\":\"BreadcrumbList\",\"@id\":\"https:\/\/spanishbreak.com\/fr\/product\/dessin-modele-nu-masculin-evjf\/#breadcrumb\",\"itemListElement\":[{\"@type\":\"ListItem\",\"position\":1,\"name\":\"Home\",\"item\":\"https:\/\/spanishbreak.com\/\"},{\"@type\":\"ListItem\",\"position\":2,\"name\":\"Boutique\",\"item\":\"https:\/\/spanishbreak.com\/boutique\/?lang=fr\"},{\"@type\":\"ListItem\",\"position\":3,\"name\":\"Cours de Dessin de Nu avec Mod\u00e8le Masculin pour EVJF \u00e0 Barcelone\"}]},{\"@type\":\"WebSite\",\"@id\":\"https:\/\/spanishbreak.com\/#website\",\"url\":\"https:\/\/spanishbreak.com\/\",\"name\":\"Spanish Break\",\"description\":\"Otro sitio realizado con WordPress\",\"publisher\":{\"@id\":\"https:\/\/spanishbreak.com\/#organization\"},\"potentialAction\":[{\"@type\":\"SearchAction\",\"target\":{\"@type\":\"EntryPoint\",\"urlTemplate\":\"https:\/\/spanishbreak.com\/?s={search_term_string}\"},\"query-input\":{\"@type\":\"PropertyValueSpecification\",\"valueRequired\":true,\"valueName\":\"search_term_string\"}}],\"inLanguage\":\"fr-FR\"},{\"@type\":\"Organization\",\"@id\":\"https:\/\/spanishbreak.com\/#organization\",\"name\":\"Spanish Break\",\"url\":\"https:\/\/spanishbreak.com\/\",\"logo\":{\"@type\":\"ImageObject\",\"inLanguage\":\"fr-FR\",\"@id\":\"https:\/\/spanishbreak.com\/#\/schema\/logo\/image\/\",\"url\":\"https:\/\/spanishbreak.com\/wp-content\/uploads\/2024\/03\/logo-spanish-break.png\",\"contentUrl\":\"https:\/\/spanishbreak.com\/wp-content\/uploads\/2024\/03\/logo-spanish-break.png\",\"width\":323,\"height\":37,\"caption\":\"Spanish Break\"},\"image\":{\"@id\":\"https:\/\/spanishbreak.com\/#\/schema\/logo\/image\/\"},\"sameAs\":[\"https:\/\/www.facebook.com\/spanishbreak\",\"https:\/\/www.instagram.com\/spanishbreakbcn\/\"]}]}<\/script>\n<!-- \/ Yoast SEO plugin. -->","yoast_head_json":{"title":"Cours de Dessin Nu Artistique \u00e0 Barcelone pour EVJF","description":"Le cours de dessin de nu artistique avec un mod\u00e8le masculin nu offrent un m\u00e9lange unique d'art et d'audace, en faisant l\u2019activit\u00e9 parfaite pour un EVJF","robots":{"index":"index","follow":"follow","max-snippet":"max-snippet:-1","max-image-preview":"max-image-preview:large","max-video-preview":"max-video-preview:-1"},"canonical":"https:\/\/spanishbreak.com\/fr\/product\/dessin-modele-nu-masculin-evjf\/","og_locale":"fr_FR","og_type":"article","og_title":"Cours de Dessin Nu Artistique \u00e0 Barcelone pour EVJF","og_description":"Le cours de dessin de nu artistique avec un mod\u00e8le masculin nu offrent un m\u00e9lange unique d'art et d'audace, en faisant l\u2019activit\u00e9 parfaite pour un EVJF","og_url":"https:\/\/spanishbreak.com\/fr\/product\/dessin-modele-nu-masculin-evjf\/","og_site_name":"Spanishbreak","article_publisher":"https:\/\/www.facebook.com\/spanishbreak","article_modified_time":"2025-12-17T12:27:19+00:00","og_image":[{"width":2560,"height":1662,"url":"https:\/\/spanishbreak.com\/wp-content\/uploads\/2022\/10\/x-Depositphotos_193337532_XL-scaled.jpg","type":"image\/jpeg"}],"twitter_card":"summary_large_image","twitter_misc":{"Dur\u00e9e de lecture estim\u00e9e":"3 minutes"},"schema":{"@context":"https:\/\/schema.org","@graph":[{"@type":["WebPage","ItemPage"],"@id":"https:\/\/spanishbreak.com\/fr\/product\/dessin-modele-nu-masculin-evjf\/","url":"https:\/\/spanishbreak.com\/fr\/product\/dessin-modele-nu-masculin-evjf\/","name":"Cours de Dessin Nu Artistique \u00e0 Barcelone pour EVJF","isPartOf":{"@id":"https:\/\/spanishbreak.com\/#website"},"primaryImageOfPage":{"@id":"https:\/\/spanishbreak.com\/fr\/product\/dessin-modele-nu-masculin-evjf\/#primaryimage"},"image":{"@id":"https:\/\/spanishbreak.com\/fr\/product\/dessin-modele-nu-masculin-evjf\/#primaryimage"},"thumbnailUrl":"https:\/\/spanishbreak.com\/wp-content\/uploads\/2022\/10\/x-Depositphotos_193337532_XL-scaled.jpg","datePublished":"2024-07-18T12:00:47+00:00","dateModified":"2025-12-17T12:27:19+00:00","description":"Le cours de dessin de nu artistique avec un mod\u00e8le masculin nu offrent un m\u00e9lange unique d'art et d'audace, en faisant l\u2019activit\u00e9 parfaite pour un EVJF","breadcrumb":{"@id":"https:\/\/spanishbreak.com\/fr\/product\/dessin-modele-nu-masculin-evjf\/#breadcrumb"},"inLanguage":"fr-FR","potentialAction":[{"@type":"ReadAction","target":["https:\/\/spanishbreak.com\/fr\/product\/dessin-modele-nu-masculin-evjf\/"]}]},{"@type":"ImageObject","inLanguage":"fr-FR","@id":"https:\/\/spanishbreak.com\/fr\/product\/dessin-modele-nu-masculin-evjf\/#primaryimage","url":"https:\/\/spanishbreak.com\/wp-content\/uploads\/2022\/10\/x-Depositphotos_193337532_XL-scaled.jpg","contentUrl":"https:\/\/spanishbreak.com\/wp-content\/uploads\/2022\/10\/x-Depositphotos_193337532_XL-scaled.jpg","width":2560,"height":1662,"caption":"people in art exhibition"},{"@type":"BreadcrumbList","@id":"https:\/\/spanishbreak.com\/fr\/product\/dessin-modele-nu-masculin-evjf\/#breadcrumb","itemListElement":[{"@type":"ListItem","position":1,"name":"Home","item":"https:\/\/spanishbreak.com\/"},{"@type":"ListItem","position":2,"name":"Boutique","item":"https:\/\/spanishbreak.com\/boutique\/?lang=fr"},{"@type":"ListItem","position":3,"name":"Cours de Dessin de Nu avec Mod\u00e8le Masculin pour EVJF \u00e0 Barcelone"}]},{"@type":"WebSite","@id":"https:\/\/spanishbreak.com\/#website","url":"https:\/\/spanishbreak.com\/","name":"Spanish Break","description":"Otro sitio realizado con WordPress","publisher":{"@id":"https:\/\/spanishbreak.com\/#organization"},"potentialAction":[{"@type":"SearchAction","target":{"@type":"EntryPoint","urlTemplate":"https:\/\/spanishbreak.com\/?s={search_term_string}"},"query-input":{"@type":"PropertyValueSpecification","valueRequired":true,"valueName":"search_term_string"}}],"inLanguage":"fr-FR"},{"@type":"Organization","@id":"https:\/\/spanishbreak.com\/#organization","name":"Spanish Break","url":"https:\/\/spanishbreak.com\/","logo":{"@type":"ImageObject","inLanguage":"fr-FR","@id":"https:\/\/spanishbreak.com\/#\/schema\/logo\/image\/","url":"https:\/\/spanishbreak.com\/wp-content\/uploads\/2024\/03\/logo-spanish-break.png","contentUrl":"https:\/\/spanishbreak.com\/wp-content\/uploads\/2024\/03\/logo-spanish-break.png","width":323,"height":37,"caption":"Spanish Break"},"image":{"@id":"https:\/\/spanishbreak.com\/#\/schema\/logo\/image\/"},"sameAs":["https:\/\/www.facebook.com\/spanishbreak","https:\/\/www.instagram.com\/spanishbreakbcn\/"]}]}},"_links":{"self":[{"href":"https:\/\/spanishbreak.com\/fr\/wp-json\/wp\/v2\/product\/4163","targetHints":{"allow":["GET"]}}],"collection":[{"href":"https:\/\/spanishbreak.com\/fr\/wp-json\/wp\/v2\/product"}],"about":[{"href":"https:\/\/spanishbreak.com\/fr\/wp-json\/wp\/v2\/types\/product"}],"replies":[{"embeddable":true,"href":"https:\/\/spanishbreak.com\/fr\/wp-json\/wp\/v2\/comments?post=4163"}],"wp:featuredmedia":[{"embeddable":true,"href":"https:\/\/spanishbreak.com\/fr\/wp-json\/wp\/v2\/media\/3209"}],"wp:attachment":[{"href":"https:\/\/spanishbreak.com\/fr\/wp-json\/wp\/v2\/media?parent=4163"}],"wp:term":[{"taxonomy":"product_brand","embeddable":true,"href":"https:\/\/spanishbreak.com\/fr\/wp-json\/wp\/v2\/product_brand?post=4163"},{"taxonomy":"product_cat","embeddable":true,"href":"https:\/\/spanishbreak.com\/fr\/wp-json\/wp\/v2\/product_cat?post=4163"},{"taxonomy":"product_tag","embeddable":true,"href":"https:\/\/spanishbreak.com\/fr\/wp-json\/wp\/v2\/product_tag?post=4163"}],"curies":[{"name":"wp","href":"https:\/\/api.w.org\/{rel}","templated":true}]}}