{"id":4165,"date":"2022-10-26T13:11:48","date_gmt":"2022-10-26T11:11:48","guid":{"rendered":"https:\/\/spanishbreak.com\/producto\/tapas-tour-with-guide\/"},"modified":"2025-12-17T14:02:27","modified_gmt":"2025-12-17T13:02:27","slug":"tapas-tour-with-guide","status":"publish","type":"product","link":"https:\/\/spanishbreak.com\/fr\/product\/tapas-tour-with-guide\/","title":{"rendered":"TAPAS TOUR AVEC GUIDE \u00c0 BARCELONE"},"content":{"rendered":"<p><strong>Explorez Barcelone, et sa fameuse nourriture espagnole\u00a0!<\/strong><\/p>\n<p>L\u2019Espagne est c\u00e9l\u00e8bre pour ses all\u00e9chantes tapas\u00a0: La nourriture propos\u00e9e d&rsquo;une grande qualit\u00e9 culinaire est un \u00e9l\u00e9ment incontournable de la gastronomie europ\u00e9enne\u00a0!<\/p>\n<p>Mais \u00e0 quoi ressemblent les tapas en Espagne\u00a0? Vous pourrez d\u00e9couvrir lors de votre <strong>EVG \u00e0 Barcelone <\/strong>ce <strong>tour\u00a0de tapas <\/strong>qui ravira vos papilles\u00a0! Votre groupe d\u00e9gustera la c\u00e9l\u00e8bre cuisine espagnole accompagn\u00e9e des boissons de votre choix\u00a0!<\/p>\n<p>\u00c0 travers trois bars vous combinerez le meilleur choix de tapas avec du vin, de la bi\u00e8re ou de la sangria (ou les trois\u00a0!), tout en\u00a0d\u00e9couvrant toujours davantage l\u2019histoire des tapas.<\/p>\n","protected":false},"excerpt":{"rendered":"<p>Explorez Barcelone, et sa fameuse nourriture espagnole\u00a0! L\u2019Espagne est c\u00e9l\u00e8bre pour ses all\u00e9chantes tapas\u00a0: La nourriture propos\u00e9e d&rsquo;une grande qualit\u00e9 culinaire est un \u00e9l\u00e9ment incontournable de la gastronomie europ\u00e9enne\u00a0! Mais \u00e0 quoi ressemblent les tapas en Espagne\u00a0? Vous pourrez d\u00e9couvrir lors de votre EVG \u00e0 Barcelone ce tour\u00a0de tapas qui ravira vos papilles\u00a0! Votre groupe [&hellip;]<\/p>\n","protected":false},"featured_media":3201,"comment_status":"closed","ping_status":"closed","template":"","meta":{"site-sidebar-layout":"default","site-content-layout":"default","ast-site-content-layout":"default","site-content-style":"default","site-sidebar-style":"default","ast-global-header-display":"","ast-banner-title-visibility":"","ast-main-header-display":"","ast-hfb-above-header-display":"","ast-hfb-below-header-display":"","ast-hfb-mobile-header-display":"","site-post-title":"","ast-breadcrumbs-content":"","ast-featured-img":"","footer-sml-layout":"","theme-transparent-header-meta":"default","adv-header-id-meta":"","stick-header-meta":"","header-above-stick-meta":"","header-main-stick-meta":"","header-below-stick-meta":"","astra-migrate-meta-layouts":"set","ast-page-background-enabled":"default","ast-page-background-meta":{"desktop":{"background-color":"var(--ast-global-color-4)","background-image":"","background-repeat":"repeat","background-position":"center center","background-size":"auto","background-attachment":"scroll","background-type":"","background-media":"","overlay-type":"","overlay-color":"","overlay-opacity":"","overlay-gradient":""},"tablet":{"background-color":"","background-image":"","background-repeat":"repeat","background-position":"center center","background-size":"auto","background-attachment":"scroll","background-type":"","background-media":"","overlay-type":"","overlay-color":"","overlay-opacity":"","overlay-gradient":""},"mobile":{"background-color":"","background-image":"","background-repeat":"repeat","background-position":"center center","background-size":"auto","background-attachment":"scroll","background-type":"","background-media":"","overlay-type":"","overlay-color":"","overlay-opacity":"","overlay-gradient":""}},"ast-content-background-meta":{"desktop":{"background-color":"var(--ast-global-color-5)","background-image":"","background-repeat":"repeat","background-position":"center center","background-size":"auto","background-attachment":"scroll","background-type":"","background-media":"","overlay-type":"","overlay-color":"","overlay-opacity":"","overlay-gradient":""},"tablet":{"background-color":"var(--ast-global-color-5)","background-image":"","background-repeat":"repeat","background-position":"center center","background-size":"auto","background-attachment":"scroll","background-type":"","background-media":"","overlay-type":"","overlay-color":"","overlay-opacity":"","overlay-gradient":""},"mobile":{"background-color":"var(--ast-global-color-5)","background-image":"","background-repeat":"repeat","background-position":"center center","background-size":"auto","background-attachment":"scroll","background-type":"","background-media":"","overlay-type":"","overlay-color":"","overlay-opacity":"","overlay-gradient":""}},"repeater_packs":""},"product_brand":[],"product_cat":[66,73],"product_tag":[36,35],"class_list":{"0":"post-4165","1":"product","2":"type-product","3":"status-publish","4":"has-post-thumbnail","6":"product_cat-hen-fr-2","7":"product_cat-stag-fr","8":"product_tag-hen","9":"product_tag-stag","10":"desktop-align-left","11":"tablet-align-left","12":"mobile-align-left","14":"first","15":"instock","16":"shipping-taxable","17":"product-type-simple"},"yoast_head":"<!-- This site is optimized with the Yoast SEO plugin v26.8 - https:\/\/yoast.com\/product\/yoast-seo-wordpress\/ -->\n<title>TAPAS TOUR AVEC GUIDE \u00c0 BARCELONE | Spanish Break<\/title>\n<meta name=\"description\" content=\"Explorez Barcelone, et sa fameuse nourriture espagnole\u00a0! L\u2019Espagne est c\u00e9l\u00e8bre pour ses all\u00e9chantes tapas\u00a0: La nourriture propos\u00e9e d&#039;une grande qualit\u00e9 D\u00e9couvrez les meilleurs tapas de la ville avec un guide comp\u00e9tent qui vous guidera. D\u00e9gustez des plats traditionnels espagnols et plongez-vous dans la culture locale.\" \/>\n<meta name=\"robots\" content=\"index, follow, max-snippet:-1, max-image-preview:large, max-video-preview:-1\" \/>\n<link rel=\"canonical\" href=\"https:\/\/spanishbreak.com\/fr\/product\/tapas-tour-with-guide\/\" \/>\n<meta property=\"og:locale\" content=\"fr_FR\" \/>\n<meta property=\"og:type\" content=\"article\" \/>\n<meta property=\"og:title\" content=\"TAPAS TOUR AVEC GUIDE \u00c0 BARCELONE | Spanish Break\" \/>\n<meta property=\"og:description\" content=\"Explorez Barcelone, et sa fameuse nourriture espagnole\u00a0! L\u2019Espagne est c\u00e9l\u00e8bre pour ses all\u00e9chantes tapas\u00a0: La nourriture propos\u00e9e d&#039;une grande qualit\u00e9 D\u00e9couvrez les meilleurs tapas de la ville avec un guide comp\u00e9tent qui vous guidera. D\u00e9gustez des plats traditionnels espagnols et plongez-vous dans la culture locale.\" \/>\n<meta property=\"og:url\" content=\"https:\/\/spanishbreak.com\/fr\/product\/tapas-tour-with-guide\/\" \/>\n<meta property=\"og:site_name\" content=\"Spanishbreak\" \/>\n<meta property=\"article:publisher\" content=\"https:\/\/www.facebook.com\/spanishbreak\" \/>\n<meta property=\"article:modified_time\" content=\"2025-12-17T13:02:27+00:00\" \/>\n<meta property=\"og:image\" content=\"https:\/\/spanishbreak.com\/wp-content\/uploads\/2022\/10\/Depositphotos_15948963_original-scaled.jpg\" \/>\n\t<meta property=\"og:image:width\" content=\"2560\" \/>\n\t<meta property=\"og:image:height\" content=\"1700\" \/>\n\t<meta property=\"og:image:type\" content=\"image\/jpeg\" \/>\n<meta name=\"twitter:card\" content=\"summary_large_image\" \/>\n<meta name=\"twitter:label1\" content=\"Dur\u00e9e de lecture estim\u00e9e\" \/>\n\t<meta name=\"twitter:data1\" content=\"1 minute\" \/>\n<script type=\"application\/ld+json\" class=\"yoast-schema-graph\">{\"@context\":\"https:\/\/schema.org\",\"@graph\":[{\"@type\":[\"WebPage\",\"ItemPage\"],\"@id\":\"https:\/\/spanishbreak.com\/fr\/product\/tapas-tour-with-guide\/\",\"url\":\"https:\/\/spanishbreak.com\/fr\/product\/tapas-tour-with-guide\/\",\"name\":\"TAPAS TOUR AVEC GUIDE \u00c0 BARCELONE | Spanish Break\",\"isPartOf\":{\"@id\":\"https:\/\/spanishbreak.com\/#website\"},\"primaryImageOfPage\":{\"@id\":\"https:\/\/spanishbreak.com\/fr\/product\/tapas-tour-with-guide\/#primaryimage\"},\"image\":{\"@id\":\"https:\/\/spanishbreak.com\/fr\/product\/tapas-tour-with-guide\/#primaryimage\"},\"thumbnailUrl\":\"https:\/\/spanishbreak.com\/wp-content\/uploads\/2022\/10\/Depositphotos_15948963_original-scaled.jpg\",\"datePublished\":\"2022-10-26T11:11:48+00:00\",\"dateModified\":\"2025-12-17T13:02:27+00:00\",\"description\":\"Explorez Barcelone, et sa fameuse nourriture espagnole\u00a0! L\u2019Espagne est c\u00e9l\u00e8bre pour ses all\u00e9chantes tapas\u00a0: La nourriture propos\u00e9e d'une grande qualit\u00e9 D\u00e9couvrez les meilleurs tapas de la ville avec un guide comp\u00e9tent qui vous guidera. D\u00e9gustez des plats traditionnels espagnols et plongez-vous dans la culture locale.\",\"breadcrumb\":{\"@id\":\"https:\/\/spanishbreak.com\/fr\/product\/tapas-tour-with-guide\/#breadcrumb\"},\"inLanguage\":\"fr-FR\",\"potentialAction\":[{\"@type\":\"ReadAction\",\"target\":[\"https:\/\/spanishbreak.com\/fr\/product\/tapas-tour-with-guide\/\"]}]},{\"@type\":\"ImageObject\",\"inLanguage\":\"fr-FR\",\"@id\":\"https:\/\/spanishbreak.com\/fr\/product\/tapas-tour-with-guide\/#primaryimage\",\"url\":\"https:\/\/spanishbreak.com\/wp-content\/uploads\/2022\/10\/Depositphotos_15948963_original-scaled.jpg\",\"contentUrl\":\"https:\/\/spanishbreak.com\/wp-content\/uploads\/2022\/10\/Depositphotos_15948963_original-scaled.jpg\",\"width\":2560,\"height\":1700,\"caption\":\"some spanish tapas, such as tortilla de patatas, serrano ham and olives\"},{\"@type\":\"BreadcrumbList\",\"@id\":\"https:\/\/spanishbreak.com\/fr\/product\/tapas-tour-with-guide\/#breadcrumb\",\"itemListElement\":[{\"@type\":\"ListItem\",\"position\":1,\"name\":\"Home\",\"item\":\"https:\/\/spanishbreak.com\/\"},{\"@type\":\"ListItem\",\"position\":2,\"name\":\"Boutique\",\"item\":\"https:\/\/spanishbreak.com\/boutique\/?lang=fr\"},{\"@type\":\"ListItem\",\"position\":3,\"name\":\"TAPAS TOUR AVEC GUIDE \u00c0 BARCELONE\"}]},{\"@type\":\"WebSite\",\"@id\":\"https:\/\/spanishbreak.com\/#website\",\"url\":\"https:\/\/spanishbreak.com\/\",\"name\":\"Spanish Break\",\"description\":\"Otro sitio realizado con WordPress\",\"publisher\":{\"@id\":\"https:\/\/spanishbreak.com\/#organization\"},\"potentialAction\":[{\"@type\":\"SearchAction\",\"target\":{\"@type\":\"EntryPoint\",\"urlTemplate\":\"https:\/\/spanishbreak.com\/?s={search_term_string}\"},\"query-input\":{\"@type\":\"PropertyValueSpecification\",\"valueRequired\":true,\"valueName\":\"search_term_string\"}}],\"inLanguage\":\"fr-FR\"},{\"@type\":\"Organization\",\"@id\":\"https:\/\/spanishbreak.com\/#organization\",\"name\":\"Spanish Break\",\"url\":\"https:\/\/spanishbreak.com\/\",\"logo\":{\"@type\":\"ImageObject\",\"inLanguage\":\"fr-FR\",\"@id\":\"https:\/\/spanishbreak.com\/#\/schema\/logo\/image\/\",\"url\":\"https:\/\/spanishbreak.com\/wp-content\/uploads\/2024\/03\/logo-spanish-break.png\",\"contentUrl\":\"https:\/\/spanishbreak.com\/wp-content\/uploads\/2024\/03\/logo-spanish-break.png\",\"width\":323,\"height\":37,\"caption\":\"Spanish Break\"},\"image\":{\"@id\":\"https:\/\/spanishbreak.com\/#\/schema\/logo\/image\/\"},\"sameAs\":[\"https:\/\/www.facebook.com\/spanishbreak\",\"https:\/\/www.instagram.com\/spanishbreakbcn\/\"]}]}<\/script>\n<!-- \/ Yoast SEO plugin. -->","yoast_head_json":{"title":"TAPAS TOUR AVEC GUIDE \u00c0 BARCELONE | Spanish Break","description":"Explorez Barcelone, et sa fameuse nourriture espagnole\u00a0! L\u2019Espagne est c\u00e9l\u00e8bre pour ses all\u00e9chantes tapas\u00a0: La nourriture propos\u00e9e d'une grande qualit\u00e9 D\u00e9couvrez les meilleurs tapas de la ville avec un guide comp\u00e9tent qui vous guidera. D\u00e9gustez des plats traditionnels espagnols et plongez-vous dans la culture locale.","robots":{"index":"index","follow":"follow","max-snippet":"max-snippet:-1","max-image-preview":"max-image-preview:large","max-video-preview":"max-video-preview:-1"},"canonical":"https:\/\/spanishbreak.com\/fr\/product\/tapas-tour-with-guide\/","og_locale":"fr_FR","og_type":"article","og_title":"TAPAS TOUR AVEC GUIDE \u00c0 BARCELONE | Spanish Break","og_description":"Explorez Barcelone, et sa fameuse nourriture espagnole\u00a0! L\u2019Espagne est c\u00e9l\u00e8bre pour ses all\u00e9chantes tapas\u00a0: La nourriture propos\u00e9e d'une grande qualit\u00e9 D\u00e9couvrez les meilleurs tapas de la ville avec un guide comp\u00e9tent qui vous guidera. D\u00e9gustez des plats traditionnels espagnols et plongez-vous dans la culture locale.","og_url":"https:\/\/spanishbreak.com\/fr\/product\/tapas-tour-with-guide\/","og_site_name":"Spanishbreak","article_publisher":"https:\/\/www.facebook.com\/spanishbreak","article_modified_time":"2025-12-17T13:02:27+00:00","og_image":[{"width":2560,"height":1700,"url":"https:\/\/spanishbreak.com\/wp-content\/uploads\/2022\/10\/Depositphotos_15948963_original-scaled.jpg","type":"image\/jpeg"}],"twitter_card":"summary_large_image","twitter_misc":{"Dur\u00e9e de lecture estim\u00e9e":"1 minute"},"schema":{"@context":"https:\/\/schema.org","@graph":[{"@type":["WebPage","ItemPage"],"@id":"https:\/\/spanishbreak.com\/fr\/product\/tapas-tour-with-guide\/","url":"https:\/\/spanishbreak.com\/fr\/product\/tapas-tour-with-guide\/","name":"TAPAS TOUR AVEC GUIDE \u00c0 BARCELONE | Spanish Break","isPartOf":{"@id":"https:\/\/spanishbreak.com\/#website"},"primaryImageOfPage":{"@id":"https:\/\/spanishbreak.com\/fr\/product\/tapas-tour-with-guide\/#primaryimage"},"image":{"@id":"https:\/\/spanishbreak.com\/fr\/product\/tapas-tour-with-guide\/#primaryimage"},"thumbnailUrl":"https:\/\/spanishbreak.com\/wp-content\/uploads\/2022\/10\/Depositphotos_15948963_original-scaled.jpg","datePublished":"2022-10-26T11:11:48+00:00","dateModified":"2025-12-17T13:02:27+00:00","description":"Explorez Barcelone, et sa fameuse nourriture espagnole\u00a0! L\u2019Espagne est c\u00e9l\u00e8bre pour ses all\u00e9chantes tapas\u00a0: La nourriture propos\u00e9e d'une grande qualit\u00e9 D\u00e9couvrez les meilleurs tapas de la ville avec un guide comp\u00e9tent qui vous guidera. D\u00e9gustez des plats traditionnels espagnols et plongez-vous dans la culture locale.","breadcrumb":{"@id":"https:\/\/spanishbreak.com\/fr\/product\/tapas-tour-with-guide\/#breadcrumb"},"inLanguage":"fr-FR","potentialAction":[{"@type":"ReadAction","target":["https:\/\/spanishbreak.com\/fr\/product\/tapas-tour-with-guide\/"]}]},{"@type":"ImageObject","inLanguage":"fr-FR","@id":"https:\/\/spanishbreak.com\/fr\/product\/tapas-tour-with-guide\/#primaryimage","url":"https:\/\/spanishbreak.com\/wp-content\/uploads\/2022\/10\/Depositphotos_15948963_original-scaled.jpg","contentUrl":"https:\/\/spanishbreak.com\/wp-content\/uploads\/2022\/10\/Depositphotos_15948963_original-scaled.jpg","width":2560,"height":1700,"caption":"some spanish tapas, such as tortilla de patatas, serrano ham and olives"},{"@type":"BreadcrumbList","@id":"https:\/\/spanishbreak.com\/fr\/product\/tapas-tour-with-guide\/#breadcrumb","itemListElement":[{"@type":"ListItem","position":1,"name":"Home","item":"https:\/\/spanishbreak.com\/"},{"@type":"ListItem","position":2,"name":"Boutique","item":"https:\/\/spanishbreak.com\/boutique\/?lang=fr"},{"@type":"ListItem","position":3,"name":"TAPAS TOUR AVEC GUIDE \u00c0 BARCELONE"}]},{"@type":"WebSite","@id":"https:\/\/spanishbreak.com\/#website","url":"https:\/\/spanishbreak.com\/","name":"Spanish Break","description":"Otro sitio realizado con WordPress","publisher":{"@id":"https:\/\/spanishbreak.com\/#organization"},"potentialAction":[{"@type":"SearchAction","target":{"@type":"EntryPoint","urlTemplate":"https:\/\/spanishbreak.com\/?s={search_term_string}"},"query-input":{"@type":"PropertyValueSpecification","valueRequired":true,"valueName":"search_term_string"}}],"inLanguage":"fr-FR"},{"@type":"Organization","@id":"https:\/\/spanishbreak.com\/#organization","name":"Spanish Break","url":"https:\/\/spanishbreak.com\/","logo":{"@type":"ImageObject","inLanguage":"fr-FR","@id":"https:\/\/spanishbreak.com\/#\/schema\/logo\/image\/","url":"https:\/\/spanishbreak.com\/wp-content\/uploads\/2024\/03\/logo-spanish-break.png","contentUrl":"https:\/\/spanishbreak.com\/wp-content\/uploads\/2024\/03\/logo-spanish-break.png","width":323,"height":37,"caption":"Spanish Break"},"image":{"@id":"https:\/\/spanishbreak.com\/#\/schema\/logo\/image\/"},"sameAs":["https:\/\/www.facebook.com\/spanishbreak","https:\/\/www.instagram.com\/spanishbreakbcn\/"]}]}},"_links":{"self":[{"href":"https:\/\/spanishbreak.com\/fr\/wp-json\/wp\/v2\/product\/4165","targetHints":{"allow":["GET"]}}],"collection":[{"href":"https:\/\/spanishbreak.com\/fr\/wp-json\/wp\/v2\/product"}],"about":[{"href":"https:\/\/spanishbreak.com\/fr\/wp-json\/wp\/v2\/types\/product"}],"replies":[{"embeddable":true,"href":"https:\/\/spanishbreak.com\/fr\/wp-json\/wp\/v2\/comments?post=4165"}],"wp:featuredmedia":[{"embeddable":true,"href":"https:\/\/spanishbreak.com\/fr\/wp-json\/wp\/v2\/media\/3201"}],"wp:attachment":[{"href":"https:\/\/spanishbreak.com\/fr\/wp-json\/wp\/v2\/media?parent=4165"}],"wp:term":[{"taxonomy":"product_brand","embeddable":true,"href":"https:\/\/spanishbreak.com\/fr\/wp-json\/wp\/v2\/product_brand?post=4165"},{"taxonomy":"product_cat","embeddable":true,"href":"https:\/\/spanishbreak.com\/fr\/wp-json\/wp\/v2\/product_cat?post=4165"},{"taxonomy":"product_tag","embeddable":true,"href":"https:\/\/spanishbreak.com\/fr\/wp-json\/wp\/v2\/product_tag?post=4165"}],"curies":[{"name":"wp","href":"https:\/\/api.w.org\/{rel}","templated":true}]}}