{"id":4175,"date":"2022-10-26T09:26:04","date_gmt":"2022-10-26T07:26:04","guid":{"rendered":"https:\/\/spanishbreak.com\/producto\/hummer-airport-pickup\/"},"modified":"2025-12-17T12:17:13","modified_gmt":"2025-12-17T11:17:13","slug":"hummer-airport-pickup","status":"publish","type":"product","link":"https:\/\/spanishbreak.com\/fr\/product\/hummer-airport-pickup\/","title":{"rendered":"TRANSFERT A\u00c9ROPORT EN HUMMER \u00c0 BARCELONE"},"content":{"rendered":"<p><strong>Commencez votre week-end d\u2019EVG, d&rsquo;EVJF\u00a0avec style\u00a0!<\/strong><\/p>\n<p>D\u00e8s que votre avion touchera le tarmac de l\u2019a\u00e9roport de Barcelone, vous aurez envie de commencer la f\u00eate\u00a0! Nous avons ce qu&rsquo;il vous faut pour vous mettre tout de suite l&rsquo;ambiance lors de votre\u00a0<strong>enterrement de vie de gar\u00e7on, de vie de jeune fille \u00e0 Barcelone !<\/strong><\/p>\n<p>Avec le transfert en Hummer depuis l\u2019a\u00e9roport, vous pouvez commencer la f\u00eate sur les chapeaux de roues\u00a0!<\/p>\n","protected":false},"excerpt":{"rendered":"<p>Commencez votre week-end d\u2019EVG, d&rsquo;EVJF\u00a0avec style\u00a0! D\u00e8s que votre avion touchera le tarmac de l\u2019a\u00e9roport de Barcelone, vous aurez envie de commencer la f\u00eate\u00a0! Nous avons ce qu&rsquo;il vous faut pour vous mettre tout de suite l&rsquo;ambiance lors de votre\u00a0enterrement de vie de gar\u00e7on, de vie de jeune fille \u00e0 Barcelone ! Avec le transfert [&hellip;]<\/p>\n","protected":false},"featured_media":3317,"comment_status":"closed","ping_status":"closed","template":"","meta":{"site-sidebar-layout":"default","site-content-layout":"default","ast-site-content-layout":"default","site-content-style":"default","site-sidebar-style":"default","ast-global-header-display":"","ast-banner-title-visibility":"","ast-main-header-display":"","ast-hfb-above-header-display":"","ast-hfb-below-header-display":"","ast-hfb-mobile-header-display":"","site-post-title":"","ast-breadcrumbs-content":"","ast-featured-img":"","footer-sml-layout":"","theme-transparent-header-meta":"default","adv-header-id-meta":"","stick-header-meta":"","header-above-stick-meta":"","header-main-stick-meta":"","header-below-stick-meta":"","astra-migrate-meta-layouts":"set","ast-page-background-enabled":"default","ast-page-background-meta":{"desktop":{"background-color":"var(--ast-global-color-4)","background-image":"","background-repeat":"repeat","background-position":"center center","background-size":"auto","background-attachment":"scroll","background-type":"","background-media":"","overlay-type":"","overlay-color":"","overlay-opacity":"","overlay-gradient":""},"tablet":{"background-color":"","background-image":"","background-repeat":"repeat","background-position":"center center","background-size":"auto","background-attachment":"scroll","background-type":"","background-media":"","overlay-type":"","overlay-color":"","overlay-opacity":"","overlay-gradient":""},"mobile":{"background-color":"","background-image":"","background-repeat":"repeat","background-position":"center center","background-size":"auto","background-attachment":"scroll","background-type":"","background-media":"","overlay-type":"","overlay-color":"","overlay-opacity":"","overlay-gradient":""}},"ast-content-background-meta":{"desktop":{"background-color":"var(--ast-global-color-5)","background-image":"","background-repeat":"repeat","background-position":"center center","background-size":"auto","background-attachment":"scroll","background-type":"","background-media":"","overlay-type":"","overlay-color":"","overlay-opacity":"","overlay-gradient":""},"tablet":{"background-color":"var(--ast-global-color-5)","background-image":"","background-repeat":"repeat","background-position":"center center","background-size":"auto","background-attachment":"scroll","background-type":"","background-media":"","overlay-type":"","overlay-color":"","overlay-opacity":"","overlay-gradient":""},"mobile":{"background-color":"var(--ast-global-color-5)","background-image":"","background-repeat":"repeat","background-position":"center center","background-size":"auto","background-attachment":"scroll","background-type":"","background-media":"","overlay-type":"","overlay-color":"","overlay-opacity":"","overlay-gradient":""}},"repeater_packs":""},"product_brand":[],"product_cat":[66,67,73],"product_tag":[],"class_list":{"0":"post-4175","1":"product","2":"type-product","3":"status-publish","4":"has-post-thumbnail","6":"product_cat-hen-fr-2","7":"product_cat-luxury-activities","8":"product_cat-stag-fr","9":"desktop-align-left","10":"tablet-align-left","11":"mobile-align-left","13":"first","14":"instock","15":"shipping-taxable","16":"product-type-simple"},"yoast_head":"<!-- This site is optimized with the Yoast SEO plugin v26.8 - https:\/\/yoast.com\/product\/yoast-seo-wordpress\/ -->\n<title>TRANSFERT A\u00c9ROPORT EN HUMMER \u00c0 BARCELONE<\/title>\n<meta name=\"description\" content=\"Commencez votre week-end d\u2019EVG, d&#039;EVJF\u00a0avec style\u00a0! D\u00e8s que votre avion touchera le tarmac de l\u2019a\u00e9roport de Barcelone, vous aurez envie de commencer la Service de transfert \u00e0 l&#039;a\u00e9roport en Hummer. R\u00e9servez d\u00e8s maintenant pour une exp\u00e9rience de luxe inoubliable.\" \/>\n<meta name=\"robots\" content=\"index, follow, max-snippet:-1, max-image-preview:large, max-video-preview:-1\" \/>\n<link rel=\"canonical\" href=\"https:\/\/spanishbreak.com\/fr\/product\/hummer-airport-pickup\/\" \/>\n<meta property=\"og:locale\" content=\"fr_FR\" \/>\n<meta property=\"og:type\" content=\"article\" \/>\n<meta property=\"og:title\" content=\"TRANSFERT A\u00c9ROPORT EN HUMMER \u00c0 BARCELONE\" \/>\n<meta property=\"og:description\" content=\"Commencez votre week-end d\u2019EVG, d&#039;EVJF\u00a0avec style\u00a0! D\u00e8s que votre avion touchera le tarmac de l\u2019a\u00e9roport de Barcelone, vous aurez envie de commencer la Service de transfert \u00e0 l&#039;a\u00e9roport en Hummer. R\u00e9servez d\u00e8s maintenant pour une exp\u00e9rience de luxe inoubliable.\" \/>\n<meta property=\"og:url\" content=\"https:\/\/spanishbreak.com\/fr\/product\/hummer-airport-pickup\/\" \/>\n<meta property=\"og:site_name\" content=\"Spanishbreak\" \/>\n<meta property=\"article:publisher\" content=\"https:\/\/www.facebook.com\/spanishbreak\" \/>\n<meta property=\"article:modified_time\" content=\"2025-12-17T11:17:13+00:00\" \/>\n<meta property=\"og:image\" content=\"https:\/\/spanishbreak.com\/wp-content\/uploads\/2022\/10\/HUMMER-AIRPORT-PICKUP.jpg\" \/>\n\t<meta property=\"og:image:width\" content=\"1500\" \/>\n\t<meta property=\"og:image:height\" content=\"1000\" \/>\n\t<meta property=\"og:image:type\" content=\"image\/jpeg\" \/>\n<meta name=\"twitter:card\" content=\"summary_large_image\" \/>\n<meta name=\"twitter:label1\" content=\"Dur\u00e9e de lecture estim\u00e9e\" \/>\n\t<meta name=\"twitter:data1\" content=\"1 minute\" \/>\n<script type=\"application\/ld+json\" class=\"yoast-schema-graph\">{\"@context\":\"https:\/\/schema.org\",\"@graph\":[{\"@type\":[\"WebPage\",\"ItemPage\"],\"@id\":\"https:\/\/spanishbreak.com\/fr\/product\/hummer-airport-pickup\/\",\"url\":\"https:\/\/spanishbreak.com\/fr\/product\/hummer-airport-pickup\/\",\"name\":\"TRANSFERT A\u00c9ROPORT EN HUMMER \u00c0 BARCELONE\",\"isPartOf\":{\"@id\":\"https:\/\/spanishbreak.com\/#website\"},\"primaryImageOfPage\":{\"@id\":\"https:\/\/spanishbreak.com\/fr\/product\/hummer-airport-pickup\/#primaryimage\"},\"image\":{\"@id\":\"https:\/\/spanishbreak.com\/fr\/product\/hummer-airport-pickup\/#primaryimage\"},\"thumbnailUrl\":\"https:\/\/spanishbreak.com\/wp-content\/uploads\/2022\/10\/HUMMER-AIRPORT-PICKUP.jpg\",\"datePublished\":\"2022-10-26T07:26:04+00:00\",\"dateModified\":\"2025-12-17T11:17:13+00:00\",\"description\":\"Commencez votre week-end d\u2019EVG, d'EVJF\u00a0avec style\u00a0! D\u00e8s que votre avion touchera le tarmac de l\u2019a\u00e9roport de Barcelone, vous aurez envie de commencer la Service de transfert \u00e0 l'a\u00e9roport en Hummer. R\u00e9servez d\u00e8s maintenant pour une exp\u00e9rience de luxe inoubliable.\",\"breadcrumb\":{\"@id\":\"https:\/\/spanishbreak.com\/fr\/product\/hummer-airport-pickup\/#breadcrumb\"},\"inLanguage\":\"fr-FR\",\"potentialAction\":[{\"@type\":\"ReadAction\",\"target\":[\"https:\/\/spanishbreak.com\/fr\/product\/hummer-airport-pickup\/\"]}]},{\"@type\":\"ImageObject\",\"inLanguage\":\"fr-FR\",\"@id\":\"https:\/\/spanishbreak.com\/fr\/product\/hummer-airport-pickup\/#primaryimage\",\"url\":\"https:\/\/spanishbreak.com\/wp-content\/uploads\/2022\/10\/HUMMER-AIRPORT-PICKUP.jpg\",\"contentUrl\":\"https:\/\/spanishbreak.com\/wp-content\/uploads\/2022\/10\/HUMMER-AIRPORT-PICKUP.jpg\",\"width\":1500,\"height\":1000,\"caption\":\"A picture of five girl friends relaxing with facial masks on over white background\"},{\"@type\":\"BreadcrumbList\",\"@id\":\"https:\/\/spanishbreak.com\/fr\/product\/hummer-airport-pickup\/#breadcrumb\",\"itemListElement\":[{\"@type\":\"ListItem\",\"position\":1,\"name\":\"Home\",\"item\":\"https:\/\/spanishbreak.com\/\"},{\"@type\":\"ListItem\",\"position\":2,\"name\":\"Boutique\",\"item\":\"https:\/\/spanishbreak.com\/boutique\/?lang=fr\"},{\"@type\":\"ListItem\",\"position\":3,\"name\":\"TRANSFERT A\u00c9ROPORT EN HUMMER \u00c0 BARCELONE\"}]},{\"@type\":\"WebSite\",\"@id\":\"https:\/\/spanishbreak.com\/#website\",\"url\":\"https:\/\/spanishbreak.com\/\",\"name\":\"Spanish Break\",\"description\":\"Otro sitio realizado con WordPress\",\"publisher\":{\"@id\":\"https:\/\/spanishbreak.com\/#organization\"},\"potentialAction\":[{\"@type\":\"SearchAction\",\"target\":{\"@type\":\"EntryPoint\",\"urlTemplate\":\"https:\/\/spanishbreak.com\/?s={search_term_string}\"},\"query-input\":{\"@type\":\"PropertyValueSpecification\",\"valueRequired\":true,\"valueName\":\"search_term_string\"}}],\"inLanguage\":\"fr-FR\"},{\"@type\":\"Organization\",\"@id\":\"https:\/\/spanishbreak.com\/#organization\",\"name\":\"Spanish Break\",\"url\":\"https:\/\/spanishbreak.com\/\",\"logo\":{\"@type\":\"ImageObject\",\"inLanguage\":\"fr-FR\",\"@id\":\"https:\/\/spanishbreak.com\/#\/schema\/logo\/image\/\",\"url\":\"https:\/\/spanishbreak.com\/wp-content\/uploads\/2024\/03\/logo-spanish-break.png\",\"contentUrl\":\"https:\/\/spanishbreak.com\/wp-content\/uploads\/2024\/03\/logo-spanish-break.png\",\"width\":323,\"height\":37,\"caption\":\"Spanish Break\"},\"image\":{\"@id\":\"https:\/\/spanishbreak.com\/#\/schema\/logo\/image\/\"},\"sameAs\":[\"https:\/\/www.facebook.com\/spanishbreak\",\"https:\/\/www.instagram.com\/spanishbreakbcn\/\"]}]}<\/script>\n<!-- \/ Yoast SEO plugin. -->","yoast_head_json":{"title":"TRANSFERT A\u00c9ROPORT EN HUMMER \u00c0 BARCELONE","description":"Commencez votre week-end d\u2019EVG, d'EVJF\u00a0avec style\u00a0! D\u00e8s que votre avion touchera le tarmac de l\u2019a\u00e9roport de Barcelone, vous aurez envie de commencer la Service de transfert \u00e0 l'a\u00e9roport en Hummer. R\u00e9servez d\u00e8s maintenant pour une exp\u00e9rience de luxe inoubliable.","robots":{"index":"index","follow":"follow","max-snippet":"max-snippet:-1","max-image-preview":"max-image-preview:large","max-video-preview":"max-video-preview:-1"},"canonical":"https:\/\/spanishbreak.com\/fr\/product\/hummer-airport-pickup\/","og_locale":"fr_FR","og_type":"article","og_title":"TRANSFERT A\u00c9ROPORT EN HUMMER \u00c0 BARCELONE","og_description":"Commencez votre week-end d\u2019EVG, d'EVJF\u00a0avec style\u00a0! D\u00e8s que votre avion touchera le tarmac de l\u2019a\u00e9roport de Barcelone, vous aurez envie de commencer la Service de transfert \u00e0 l'a\u00e9roport en Hummer. R\u00e9servez d\u00e8s maintenant pour une exp\u00e9rience de luxe inoubliable.","og_url":"https:\/\/spanishbreak.com\/fr\/product\/hummer-airport-pickup\/","og_site_name":"Spanishbreak","article_publisher":"https:\/\/www.facebook.com\/spanishbreak","article_modified_time":"2025-12-17T11:17:13+00:00","og_image":[{"width":1500,"height":1000,"url":"https:\/\/spanishbreak.com\/wp-content\/uploads\/2022\/10\/HUMMER-AIRPORT-PICKUP.jpg","type":"image\/jpeg"}],"twitter_card":"summary_large_image","twitter_misc":{"Dur\u00e9e de lecture estim\u00e9e":"1 minute"},"schema":{"@context":"https:\/\/schema.org","@graph":[{"@type":["WebPage","ItemPage"],"@id":"https:\/\/spanishbreak.com\/fr\/product\/hummer-airport-pickup\/","url":"https:\/\/spanishbreak.com\/fr\/product\/hummer-airport-pickup\/","name":"TRANSFERT A\u00c9ROPORT EN HUMMER \u00c0 BARCELONE","isPartOf":{"@id":"https:\/\/spanishbreak.com\/#website"},"primaryImageOfPage":{"@id":"https:\/\/spanishbreak.com\/fr\/product\/hummer-airport-pickup\/#primaryimage"},"image":{"@id":"https:\/\/spanishbreak.com\/fr\/product\/hummer-airport-pickup\/#primaryimage"},"thumbnailUrl":"https:\/\/spanishbreak.com\/wp-content\/uploads\/2022\/10\/HUMMER-AIRPORT-PICKUP.jpg","datePublished":"2022-10-26T07:26:04+00:00","dateModified":"2025-12-17T11:17:13+00:00","description":"Commencez votre week-end d\u2019EVG, d'EVJF\u00a0avec style\u00a0! D\u00e8s que votre avion touchera le tarmac de l\u2019a\u00e9roport de Barcelone, vous aurez envie de commencer la Service de transfert \u00e0 l'a\u00e9roport en Hummer. R\u00e9servez d\u00e8s maintenant pour une exp\u00e9rience de luxe inoubliable.","breadcrumb":{"@id":"https:\/\/spanishbreak.com\/fr\/product\/hummer-airport-pickup\/#breadcrumb"},"inLanguage":"fr-FR","potentialAction":[{"@type":"ReadAction","target":["https:\/\/spanishbreak.com\/fr\/product\/hummer-airport-pickup\/"]}]},{"@type":"ImageObject","inLanguage":"fr-FR","@id":"https:\/\/spanishbreak.com\/fr\/product\/hummer-airport-pickup\/#primaryimage","url":"https:\/\/spanishbreak.com\/wp-content\/uploads\/2022\/10\/HUMMER-AIRPORT-PICKUP.jpg","contentUrl":"https:\/\/spanishbreak.com\/wp-content\/uploads\/2022\/10\/HUMMER-AIRPORT-PICKUP.jpg","width":1500,"height":1000,"caption":"A picture of five girl friends relaxing with facial masks on over white background"},{"@type":"BreadcrumbList","@id":"https:\/\/spanishbreak.com\/fr\/product\/hummer-airport-pickup\/#breadcrumb","itemListElement":[{"@type":"ListItem","position":1,"name":"Home","item":"https:\/\/spanishbreak.com\/"},{"@type":"ListItem","position":2,"name":"Boutique","item":"https:\/\/spanishbreak.com\/boutique\/?lang=fr"},{"@type":"ListItem","position":3,"name":"TRANSFERT A\u00c9ROPORT EN HUMMER \u00c0 BARCELONE"}]},{"@type":"WebSite","@id":"https:\/\/spanishbreak.com\/#website","url":"https:\/\/spanishbreak.com\/","name":"Spanish Break","description":"Otro sitio realizado con WordPress","publisher":{"@id":"https:\/\/spanishbreak.com\/#organization"},"potentialAction":[{"@type":"SearchAction","target":{"@type":"EntryPoint","urlTemplate":"https:\/\/spanishbreak.com\/?s={search_term_string}"},"query-input":{"@type":"PropertyValueSpecification","valueRequired":true,"valueName":"search_term_string"}}],"inLanguage":"fr-FR"},{"@type":"Organization","@id":"https:\/\/spanishbreak.com\/#organization","name":"Spanish Break","url":"https:\/\/spanishbreak.com\/","logo":{"@type":"ImageObject","inLanguage":"fr-FR","@id":"https:\/\/spanishbreak.com\/#\/schema\/logo\/image\/","url":"https:\/\/spanishbreak.com\/wp-content\/uploads\/2024\/03\/logo-spanish-break.png","contentUrl":"https:\/\/spanishbreak.com\/wp-content\/uploads\/2024\/03\/logo-spanish-break.png","width":323,"height":37,"caption":"Spanish Break"},"image":{"@id":"https:\/\/spanishbreak.com\/#\/schema\/logo\/image\/"},"sameAs":["https:\/\/www.facebook.com\/spanishbreak","https:\/\/www.instagram.com\/spanishbreakbcn\/"]}]}},"_links":{"self":[{"href":"https:\/\/spanishbreak.com\/fr\/wp-json\/wp\/v2\/product\/4175","targetHints":{"allow":["GET"]}}],"collection":[{"href":"https:\/\/spanishbreak.com\/fr\/wp-json\/wp\/v2\/product"}],"about":[{"href":"https:\/\/spanishbreak.com\/fr\/wp-json\/wp\/v2\/types\/product"}],"replies":[{"embeddable":true,"href":"https:\/\/spanishbreak.com\/fr\/wp-json\/wp\/v2\/comments?post=4175"}],"wp:featuredmedia":[{"embeddable":true,"href":"https:\/\/spanishbreak.com\/fr\/wp-json\/wp\/v2\/media\/3317"}],"wp:attachment":[{"href":"https:\/\/spanishbreak.com\/fr\/wp-json\/wp\/v2\/media?parent=4175"}],"wp:term":[{"taxonomy":"product_brand","embeddable":true,"href":"https:\/\/spanishbreak.com\/fr\/wp-json\/wp\/v2\/product_brand?post=4175"},{"taxonomy":"product_cat","embeddable":true,"href":"https:\/\/spanishbreak.com\/fr\/wp-json\/wp\/v2\/product_cat?post=4175"},{"taxonomy":"product_tag","embeddable":true,"href":"https:\/\/spanishbreak.com\/fr\/wp-json\/wp\/v2\/product_tag?post=4175"}],"curies":[{"name":"wp","href":"https:\/\/api.w.org\/{rel}","templated":true}]}}