{"id":4179,"date":"2022-10-25T16:42:05","date_gmt":"2022-10-25T14:42:05","guid":{"rendered":"https:\/\/spanishbreak.com\/producto\/salsa-tapas-fiesta\/"},"modified":"2025-12-17T15:12:41","modified_gmt":"2025-12-17T14:12:41","slug":"salsa-tapas-fiesta","status":"publish","type":"product","link":"https:\/\/spanishbreak.com\/fr\/product\/salsa-tapas-fiesta\/","title":{"rendered":"SALSA, TAPAS &#038; FIESTA \u00c0 BARCELONE"},"content":{"rendered":"<p><strong>Exp\u00e9rimentez l\u2019esprit m\u00e9diterran\u00e9en de la f\u00eate\u00a0!<\/strong><\/p>\n<p>Au moment m\u00eame o\u00f9 vous et les filles poserez un pied sur le sol catalan pour commencer votre <strong>EVJF \u00e0 Barcelone<\/strong>, vous sentirez l\u2019esprit m\u00e9diterran\u00e9en de la f\u00eate bourdonner dans l\u2019air\u00a0!<\/p>\n<p>Cette activit\u00e9 est parfaite pour faire la f\u00eate comme les espagnoles savent si bien le faire; <strong>salsa, tapas et une f\u00eate de folie !<\/strong> Vous donnerez le coup d\u2019envoi de votre soir\u00e9e avec un cours de salsa priv\u00e9 d\u2019une heure, sous la direction d\u2019un prof sexy\u00a0! Son style d&rsquo;enseignement vous apprendra tout ce que vous devez savoir, et vous laissera quelque peu excit\u00e9es\u00a0!<\/p>\n<p>Pour garder les vibrations espagnoles vous allez vous rendre \u00e0 un d\u00eener de tapas incroyable proposant une vari\u00e9t\u00e9 de tapas.\u00a0Vous aurez une boisson pendant le repas afin de\u00a0vous pr\u00e9parer \u00e0 entrer dans l\u2019une des bo\u00eetes de nuit les plus chaudes de Barcelone, o\u00f9 vous pourrez mettre en pratique vos nouveaux pas de danse\u00a0!<\/p>\n","protected":false},"excerpt":{"rendered":"<p>Exp\u00e9rimentez l\u2019esprit m\u00e9diterran\u00e9en de la f\u00eate\u00a0! Au moment m\u00eame o\u00f9 vous et les filles poserez un pied sur le sol catalan pour commencer votre EVJF \u00e0 Barcelone, vous sentirez l\u2019esprit m\u00e9diterran\u00e9en de la f\u00eate bourdonner dans l\u2019air\u00a0! Cette activit\u00e9 est parfaite pour faire la f\u00eate comme les espagnoles savent si bien le faire; salsa, tapas [&hellip;]<\/p>\n","protected":false},"featured_media":3379,"comment_status":"closed","ping_status":"closed","template":"","meta":{"site-sidebar-layout":"default","site-content-layout":"default","ast-site-content-layout":"default","site-content-style":"default","site-sidebar-style":"default","ast-global-header-display":"","ast-banner-title-visibility":"","ast-main-header-display":"","ast-hfb-above-header-display":"","ast-hfb-below-header-display":"","ast-hfb-mobile-header-display":"","site-post-title":"","ast-breadcrumbs-content":"","ast-featured-img":"","footer-sml-layout":"","theme-transparent-header-meta":"default","adv-header-id-meta":"","stick-header-meta":"","header-above-stick-meta":"","header-main-stick-meta":"","header-below-stick-meta":"","astra-migrate-meta-layouts":"set","ast-page-background-enabled":"default","ast-page-background-meta":{"desktop":{"background-color":"var(--ast-global-color-4)","background-image":"","background-repeat":"repeat","background-position":"center center","background-size":"auto","background-attachment":"scroll","background-type":"","background-media":"","overlay-type":"","overlay-color":"","overlay-opacity":"","overlay-gradient":""},"tablet":{"background-color":"","background-image":"","background-repeat":"repeat","background-position":"center center","background-size":"auto","background-attachment":"scroll","background-type":"","background-media":"","overlay-type":"","overlay-color":"","overlay-opacity":"","overlay-gradient":""},"mobile":{"background-color":"","background-image":"","background-repeat":"repeat","background-position":"center center","background-size":"auto","background-attachment":"scroll","background-type":"","background-media":"","overlay-type":"","overlay-color":"","overlay-opacity":"","overlay-gradient":""}},"ast-content-background-meta":{"desktop":{"background-color":"var(--ast-global-color-5)","background-image":"","background-repeat":"repeat","background-position":"center center","background-size":"auto","background-attachment":"scroll","background-type":"","background-media":"","overlay-type":"","overlay-color":"","overlay-opacity":"","overlay-gradient":""},"tablet":{"background-color":"var(--ast-global-color-5)","background-image":"","background-repeat":"repeat","background-position":"center center","background-size":"auto","background-attachment":"scroll","background-type":"","background-media":"","overlay-type":"","overlay-color":"","overlay-opacity":"","overlay-gradient":""},"mobile":{"background-color":"var(--ast-global-color-5)","background-image":"","background-repeat":"repeat","background-position":"center center","background-size":"auto","background-attachment":"scroll","background-type":"","background-media":"","overlay-type":"","overlay-color":"","overlay-opacity":"","overlay-gradient":""}},"repeater_packs":""},"product_brand":[],"product_cat":[66,71],"product_tag":[36],"class_list":{"0":"post-4179","1":"product","2":"type-product","3":"status-publish","4":"has-post-thumbnail","6":"product_cat-hen-fr-2","7":"product_cat-night_activities-fr-2","8":"product_tag-hen","9":"desktop-align-left","10":"tablet-align-left","11":"mobile-align-left","13":"first","14":"instock","15":"shipping-taxable","16":"product-type-simple"},"yoast_head":"<!-- This site is optimized with the Yoast SEO plugin v26.8 - https:\/\/yoast.com\/product\/yoast-seo-wordpress\/ -->\n<title>SALSA, TAPAS &amp; FIESTA \u00c0 BARCELONE : D\u00e9couvrez les saveurs espagnoles! \u00e0 Barcelone<\/title>\n<meta name=\"description\" content=\"Exp\u00e9rimentez l\u2019esprit m\u00e9diterran\u00e9en de la f\u00eate\u00a0! Au moment m\u00eame o\u00f9 vous et les filles poserez un pied sur le sol catalan pour commencer votre EVJF \u00e0 D\u00e9couvrez notre d\u00e9licieuse sauce pour tapas, parfaite pour animer vos f\u00eates et ravir vos invit\u00e9s. Bon app\u00e9tit!\" \/>\n<meta name=\"robots\" content=\"index, follow, max-snippet:-1, max-image-preview:large, max-video-preview:-1\" \/>\n<link rel=\"canonical\" href=\"https:\/\/spanishbreak.com\/fr\/product\/salsa-tapas-fiesta\/\" \/>\n<meta property=\"og:locale\" content=\"fr_FR\" \/>\n<meta property=\"og:type\" content=\"article\" \/>\n<meta property=\"og:title\" content=\"SALSA, TAPAS &amp; FIESTA \u00c0 BARCELONE : D\u00e9couvrez les saveurs espagnoles! \u00e0 Barcelone\" \/>\n<meta property=\"og:description\" content=\"Exp\u00e9rimentez l\u2019esprit m\u00e9diterran\u00e9en de la f\u00eate\u00a0! Au moment m\u00eame o\u00f9 vous et les filles poserez un pied sur le sol catalan pour commencer votre EVJF \u00e0 D\u00e9couvrez notre d\u00e9licieuse sauce pour tapas, parfaite pour animer vos f\u00eates et ravir vos invit\u00e9s. Bon app\u00e9tit!\" \/>\n<meta property=\"og:url\" content=\"https:\/\/spanishbreak.com\/fr\/product\/salsa-tapas-fiesta\/\" \/>\n<meta property=\"og:site_name\" content=\"Spanishbreak\" \/>\n<meta property=\"article:publisher\" content=\"https:\/\/www.facebook.com\/spanishbreak\" \/>\n<meta property=\"article:modified_time\" content=\"2025-12-17T14:12:41+00:00\" \/>\n<meta property=\"og:image\" content=\"https:\/\/spanishbreak.com\/wp-content\/uploads\/2022\/10\/123-SALSA-TAPAS-FIESTA.jpg\" \/>\n\t<meta property=\"og:image:width\" content=\"1500\" \/>\n\t<meta property=\"og:image:height\" content=\"1000\" \/>\n\t<meta property=\"og:image:type\" content=\"image\/jpeg\" \/>\n<meta name=\"twitter:card\" content=\"summary_large_image\" \/>\n<meta name=\"twitter:label1\" content=\"Dur\u00e9e de lecture estim\u00e9e\" \/>\n\t<meta name=\"twitter:data1\" content=\"1 minute\" \/>\n<script type=\"application\/ld+json\" class=\"yoast-schema-graph\">{\"@context\":\"https:\/\/schema.org\",\"@graph\":[{\"@type\":[\"WebPage\",\"ItemPage\"],\"@id\":\"https:\/\/spanishbreak.com\/fr\/product\/salsa-tapas-fiesta\/\",\"url\":\"https:\/\/spanishbreak.com\/fr\/product\/salsa-tapas-fiesta\/\",\"name\":\"SALSA, TAPAS & FIESTA \u00c0 BARCELONE : D\u00e9couvrez les saveurs espagnoles! \u00e0 Barcelone\",\"isPartOf\":{\"@id\":\"https:\/\/spanishbreak.com\/#website\"},\"primaryImageOfPage\":{\"@id\":\"https:\/\/spanishbreak.com\/fr\/product\/salsa-tapas-fiesta\/#primaryimage\"},\"image\":{\"@id\":\"https:\/\/spanishbreak.com\/fr\/product\/salsa-tapas-fiesta\/#primaryimage\"},\"thumbnailUrl\":\"https:\/\/spanishbreak.com\/wp-content\/uploads\/2022\/10\/123-SALSA-TAPAS-FIESTA.jpg\",\"datePublished\":\"2022-10-25T14:42:05+00:00\",\"dateModified\":\"2025-12-17T14:12:41+00:00\",\"description\":\"Exp\u00e9rimentez l\u2019esprit m\u00e9diterran\u00e9en de la f\u00eate\u00a0! Au moment m\u00eame o\u00f9 vous et les filles poserez un pied sur le sol catalan pour commencer votre EVJF \u00e0 D\u00e9couvrez notre d\u00e9licieuse sauce pour tapas, parfaite pour animer vos f\u00eates et ravir vos invit\u00e9s. Bon app\u00e9tit!\",\"breadcrumb\":{\"@id\":\"https:\/\/spanishbreak.com\/fr\/product\/salsa-tapas-fiesta\/#breadcrumb\"},\"inLanguage\":\"fr-FR\",\"potentialAction\":[{\"@type\":\"ReadAction\",\"target\":[\"https:\/\/spanishbreak.com\/fr\/product\/salsa-tapas-fiesta\/\"]}]},{\"@type\":\"ImageObject\",\"inLanguage\":\"fr-FR\",\"@id\":\"https:\/\/spanishbreak.com\/fr\/product\/salsa-tapas-fiesta\/#primaryimage\",\"url\":\"https:\/\/spanishbreak.com\/wp-content\/uploads\/2022\/10\/123-SALSA-TAPAS-FIESTA.jpg\",\"contentUrl\":\"https:\/\/spanishbreak.com\/wp-content\/uploads\/2022\/10\/123-SALSA-TAPAS-FIESTA.jpg\",\"width\":1500,\"height\":1000,\"caption\":\"A picture of five girl friends relaxing with facial masks on over white background\"},{\"@type\":\"BreadcrumbList\",\"@id\":\"https:\/\/spanishbreak.com\/fr\/product\/salsa-tapas-fiesta\/#breadcrumb\",\"itemListElement\":[{\"@type\":\"ListItem\",\"position\":1,\"name\":\"Home\",\"item\":\"https:\/\/spanishbreak.com\/\"},{\"@type\":\"ListItem\",\"position\":2,\"name\":\"Boutique\",\"item\":\"https:\/\/spanishbreak.com\/boutique\/?lang=fr\"},{\"@type\":\"ListItem\",\"position\":3,\"name\":\"SALSA, TAPAS &#038; FIESTA \u00c0 BARCELONE\"}]},{\"@type\":\"WebSite\",\"@id\":\"https:\/\/spanishbreak.com\/#website\",\"url\":\"https:\/\/spanishbreak.com\/\",\"name\":\"Spanish Break\",\"description\":\"Otro sitio realizado con WordPress\",\"publisher\":{\"@id\":\"https:\/\/spanishbreak.com\/#organization\"},\"potentialAction\":[{\"@type\":\"SearchAction\",\"target\":{\"@type\":\"EntryPoint\",\"urlTemplate\":\"https:\/\/spanishbreak.com\/?s={search_term_string}\"},\"query-input\":{\"@type\":\"PropertyValueSpecification\",\"valueRequired\":true,\"valueName\":\"search_term_string\"}}],\"inLanguage\":\"fr-FR\"},{\"@type\":\"Organization\",\"@id\":\"https:\/\/spanishbreak.com\/#organization\",\"name\":\"Spanish Break\",\"url\":\"https:\/\/spanishbreak.com\/\",\"logo\":{\"@type\":\"ImageObject\",\"inLanguage\":\"fr-FR\",\"@id\":\"https:\/\/spanishbreak.com\/#\/schema\/logo\/image\/\",\"url\":\"https:\/\/spanishbreak.com\/wp-content\/uploads\/2024\/03\/logo-spanish-break.png\",\"contentUrl\":\"https:\/\/spanishbreak.com\/wp-content\/uploads\/2024\/03\/logo-spanish-break.png\",\"width\":323,\"height\":37,\"caption\":\"Spanish Break\"},\"image\":{\"@id\":\"https:\/\/spanishbreak.com\/#\/schema\/logo\/image\/\"},\"sameAs\":[\"https:\/\/www.facebook.com\/spanishbreak\",\"https:\/\/www.instagram.com\/spanishbreakbcn\/\"]}]}<\/script>\n<!-- \/ Yoast SEO plugin. -->","yoast_head_json":{"title":"SALSA, TAPAS & FIESTA \u00c0 BARCELONE : D\u00e9couvrez les saveurs espagnoles! \u00e0 Barcelone","description":"Exp\u00e9rimentez l\u2019esprit m\u00e9diterran\u00e9en de la f\u00eate\u00a0! Au moment m\u00eame o\u00f9 vous et les filles poserez un pied sur le sol catalan pour commencer votre EVJF \u00e0 D\u00e9couvrez notre d\u00e9licieuse sauce pour tapas, parfaite pour animer vos f\u00eates et ravir vos invit\u00e9s. Bon app\u00e9tit!","robots":{"index":"index","follow":"follow","max-snippet":"max-snippet:-1","max-image-preview":"max-image-preview:large","max-video-preview":"max-video-preview:-1"},"canonical":"https:\/\/spanishbreak.com\/fr\/product\/salsa-tapas-fiesta\/","og_locale":"fr_FR","og_type":"article","og_title":"SALSA, TAPAS & FIESTA \u00c0 BARCELONE : D\u00e9couvrez les saveurs espagnoles! \u00e0 Barcelone","og_description":"Exp\u00e9rimentez l\u2019esprit m\u00e9diterran\u00e9en de la f\u00eate\u00a0! Au moment m\u00eame o\u00f9 vous et les filles poserez un pied sur le sol catalan pour commencer votre EVJF \u00e0 D\u00e9couvrez notre d\u00e9licieuse sauce pour tapas, parfaite pour animer vos f\u00eates et ravir vos invit\u00e9s. Bon app\u00e9tit!","og_url":"https:\/\/spanishbreak.com\/fr\/product\/salsa-tapas-fiesta\/","og_site_name":"Spanishbreak","article_publisher":"https:\/\/www.facebook.com\/spanishbreak","article_modified_time":"2025-12-17T14:12:41+00:00","og_image":[{"width":1500,"height":1000,"url":"https:\/\/spanishbreak.com\/wp-content\/uploads\/2022\/10\/123-SALSA-TAPAS-FIESTA.jpg","type":"image\/jpeg"}],"twitter_card":"summary_large_image","twitter_misc":{"Dur\u00e9e de lecture estim\u00e9e":"1 minute"},"schema":{"@context":"https:\/\/schema.org","@graph":[{"@type":["WebPage","ItemPage"],"@id":"https:\/\/spanishbreak.com\/fr\/product\/salsa-tapas-fiesta\/","url":"https:\/\/spanishbreak.com\/fr\/product\/salsa-tapas-fiesta\/","name":"SALSA, TAPAS & FIESTA \u00c0 BARCELONE : D\u00e9couvrez les saveurs espagnoles! \u00e0 Barcelone","isPartOf":{"@id":"https:\/\/spanishbreak.com\/#website"},"primaryImageOfPage":{"@id":"https:\/\/spanishbreak.com\/fr\/product\/salsa-tapas-fiesta\/#primaryimage"},"image":{"@id":"https:\/\/spanishbreak.com\/fr\/product\/salsa-tapas-fiesta\/#primaryimage"},"thumbnailUrl":"https:\/\/spanishbreak.com\/wp-content\/uploads\/2022\/10\/123-SALSA-TAPAS-FIESTA.jpg","datePublished":"2022-10-25T14:42:05+00:00","dateModified":"2025-12-17T14:12:41+00:00","description":"Exp\u00e9rimentez l\u2019esprit m\u00e9diterran\u00e9en de la f\u00eate\u00a0! Au moment m\u00eame o\u00f9 vous et les filles poserez un pied sur le sol catalan pour commencer votre EVJF \u00e0 D\u00e9couvrez notre d\u00e9licieuse sauce pour tapas, parfaite pour animer vos f\u00eates et ravir vos invit\u00e9s. Bon app\u00e9tit!","breadcrumb":{"@id":"https:\/\/spanishbreak.com\/fr\/product\/salsa-tapas-fiesta\/#breadcrumb"},"inLanguage":"fr-FR","potentialAction":[{"@type":"ReadAction","target":["https:\/\/spanishbreak.com\/fr\/product\/salsa-tapas-fiesta\/"]}]},{"@type":"ImageObject","inLanguage":"fr-FR","@id":"https:\/\/spanishbreak.com\/fr\/product\/salsa-tapas-fiesta\/#primaryimage","url":"https:\/\/spanishbreak.com\/wp-content\/uploads\/2022\/10\/123-SALSA-TAPAS-FIESTA.jpg","contentUrl":"https:\/\/spanishbreak.com\/wp-content\/uploads\/2022\/10\/123-SALSA-TAPAS-FIESTA.jpg","width":1500,"height":1000,"caption":"A picture of five girl friends relaxing with facial masks on over white background"},{"@type":"BreadcrumbList","@id":"https:\/\/spanishbreak.com\/fr\/product\/salsa-tapas-fiesta\/#breadcrumb","itemListElement":[{"@type":"ListItem","position":1,"name":"Home","item":"https:\/\/spanishbreak.com\/"},{"@type":"ListItem","position":2,"name":"Boutique","item":"https:\/\/spanishbreak.com\/boutique\/?lang=fr"},{"@type":"ListItem","position":3,"name":"SALSA, TAPAS &#038; FIESTA \u00c0 BARCELONE"}]},{"@type":"WebSite","@id":"https:\/\/spanishbreak.com\/#website","url":"https:\/\/spanishbreak.com\/","name":"Spanish Break","description":"Otro sitio realizado con WordPress","publisher":{"@id":"https:\/\/spanishbreak.com\/#organization"},"potentialAction":[{"@type":"SearchAction","target":{"@type":"EntryPoint","urlTemplate":"https:\/\/spanishbreak.com\/?s={search_term_string}"},"query-input":{"@type":"PropertyValueSpecification","valueRequired":true,"valueName":"search_term_string"}}],"inLanguage":"fr-FR"},{"@type":"Organization","@id":"https:\/\/spanishbreak.com\/#organization","name":"Spanish Break","url":"https:\/\/spanishbreak.com\/","logo":{"@type":"ImageObject","inLanguage":"fr-FR","@id":"https:\/\/spanishbreak.com\/#\/schema\/logo\/image\/","url":"https:\/\/spanishbreak.com\/wp-content\/uploads\/2024\/03\/logo-spanish-break.png","contentUrl":"https:\/\/spanishbreak.com\/wp-content\/uploads\/2024\/03\/logo-spanish-break.png","width":323,"height":37,"caption":"Spanish Break"},"image":{"@id":"https:\/\/spanishbreak.com\/#\/schema\/logo\/image\/"},"sameAs":["https:\/\/www.facebook.com\/spanishbreak","https:\/\/www.instagram.com\/spanishbreakbcn\/"]}]}},"_links":{"self":[{"href":"https:\/\/spanishbreak.com\/fr\/wp-json\/wp\/v2\/product\/4179","targetHints":{"allow":["GET"]}}],"collection":[{"href":"https:\/\/spanishbreak.com\/fr\/wp-json\/wp\/v2\/product"}],"about":[{"href":"https:\/\/spanishbreak.com\/fr\/wp-json\/wp\/v2\/types\/product"}],"replies":[{"embeddable":true,"href":"https:\/\/spanishbreak.com\/fr\/wp-json\/wp\/v2\/comments?post=4179"}],"wp:featuredmedia":[{"embeddable":true,"href":"https:\/\/spanishbreak.com\/fr\/wp-json\/wp\/v2\/media\/3379"}],"wp:attachment":[{"href":"https:\/\/spanishbreak.com\/fr\/wp-json\/wp\/v2\/media?parent=4179"}],"wp:term":[{"taxonomy":"product_brand","embeddable":true,"href":"https:\/\/spanishbreak.com\/fr\/wp-json\/wp\/v2\/product_brand?post=4179"},{"taxonomy":"product_cat","embeddable":true,"href":"https:\/\/spanishbreak.com\/fr\/wp-json\/wp\/v2\/product_cat?post=4179"},{"taxonomy":"product_tag","embeddable":true,"href":"https:\/\/spanishbreak.com\/fr\/wp-json\/wp\/v2\/product_tag?post=4179"}],"curies":[{"name":"wp","href":"https:\/\/api.w.org\/{rel}","templated":true}]}}