{"id":4180,"date":"2022-10-25T15:55:37","date_gmt":"2022-10-25T13:55:37","guid":{"rendered":"https:\/\/spanishbreak.com\/producto\/spanish-paella-meal-nightclub-entrance\/"},"modified":"2025-12-17T15:13:05","modified_gmt":"2025-12-17T14:13:05","slug":"spanish-paella-meal-nightclub-entrance","status":"publish","type":"product","link":"https:\/\/spanishbreak.com\/fr\/product\/spanish-paella-meal-nightclub-entrance\/","title":{"rendered":"PAELLA ESPAGNOLE + ENTR\u00c9E EN BO\u00ceTE DE NUIT \u00c0 BARCELONE"},"content":{"rendered":"<p><strong>Une sortie tr\u00e8s espagnole !<\/strong><\/p>\n<p>Votre groupe a fait tout le chemin jusqu\u2019\u00e0 la c\u00f4te m\u00e9diterran\u00e9enne. Quel meilleur plat pourriez-vous d\u00e9guster pendant votre <strong>EVG\/EVJF \u00e0\u00a0Barcelone<\/strong> qu\u2019une authentique paella espagnole ?<\/p>\n<p>La d\u00e9licieuse paella est connue \u00e0 travers le monde comme le plat national espagnol. Votre groupe va profiter d\u2019une authentique et fra\u00eeche paella dans l\u2019un des meilleurs restaurants de Barcelone, proche des meilleures bo\u00eetes de nuit de la ville. Pour vous pr\u00e9parer \u00e0 votre paella, votre groupe pourra profiter, en entr\u00e9e, d\u2019une s\u00e9lection all\u00e9chante de tapas. Bien s\u00fbr, sangria durant tout le repas !<\/p>\n<p>Apr\u00e8s votre d\u00e9licieux repas, votre groupe pourra se diriger vers l\u2019une des meilleures bo\u00eetes de nuit de Barcelone dont l\u2019entr\u00e9e est incluse.<\/p>\n","protected":false},"excerpt":{"rendered":"<p>Une sortie tr\u00e8s espagnole ! Votre groupe a fait tout le chemin jusqu\u2019\u00e0 la c\u00f4te m\u00e9diterran\u00e9enne. Quel meilleur plat pourriez-vous d\u00e9guster pendant votre EVG\/EVJF \u00e0\u00a0Barcelone qu\u2019une authentique paella espagnole ? La d\u00e9licieuse paella est connue \u00e0 travers le monde comme le plat national espagnol. Votre groupe va profiter d\u2019une authentique et fra\u00eeche paella dans l\u2019un [&hellip;]<\/p>\n","protected":false},"featured_media":3179,"comment_status":"closed","ping_status":"closed","template":"","meta":{"site-sidebar-layout":"default","site-content-layout":"default","ast-site-content-layout":"default","site-content-style":"default","site-sidebar-style":"default","ast-global-header-display":"","ast-banner-title-visibility":"","ast-main-header-display":"","ast-hfb-above-header-display":"","ast-hfb-below-header-display":"","ast-hfb-mobile-header-display":"","site-post-title":"","ast-breadcrumbs-content":"","ast-featured-img":"","footer-sml-layout":"","theme-transparent-header-meta":"default","adv-header-id-meta":"","stick-header-meta":"","header-above-stick-meta":"","header-main-stick-meta":"","header-below-stick-meta":"","astra-migrate-meta-layouts":"set","ast-page-background-enabled":"default","ast-page-background-meta":{"desktop":{"background-color":"var(--ast-global-color-4)","background-image":"","background-repeat":"repeat","background-position":"center center","background-size":"auto","background-attachment":"scroll","background-type":"","background-media":"","overlay-type":"","overlay-color":"","overlay-opacity":"","overlay-gradient":""},"tablet":{"background-color":"","background-image":"","background-repeat":"repeat","background-position":"center center","background-size":"auto","background-attachment":"scroll","background-type":"","background-media":"","overlay-type":"","overlay-color":"","overlay-opacity":"","overlay-gradient":""},"mobile":{"background-color":"","background-image":"","background-repeat":"repeat","background-position":"center center","background-size":"auto","background-attachment":"scroll","background-type":"","background-media":"","overlay-type":"","overlay-color":"","overlay-opacity":"","overlay-gradient":""}},"ast-content-background-meta":{"desktop":{"background-color":"var(--ast-global-color-5)","background-image":"","background-repeat":"repeat","background-position":"center center","background-size":"auto","background-attachment":"scroll","background-type":"","background-media":"","overlay-type":"","overlay-color":"","overlay-opacity":"","overlay-gradient":""},"tablet":{"background-color":"var(--ast-global-color-5)","background-image":"","background-repeat":"repeat","background-position":"center center","background-size":"auto","background-attachment":"scroll","background-type":"","background-media":"","overlay-type":"","overlay-color":"","overlay-opacity":"","overlay-gradient":""},"mobile":{"background-color":"var(--ast-global-color-5)","background-image":"","background-repeat":"repeat","background-position":"center center","background-size":"auto","background-attachment":"scroll","background-type":"","background-media":"","overlay-type":"","overlay-color":"","overlay-opacity":"","overlay-gradient":""}},"repeater_packs":""},"product_brand":[],"product_cat":[66,71,73],"product_tag":[],"class_list":{"0":"post-4180","1":"product","2":"type-product","3":"status-publish","4":"has-post-thumbnail","6":"product_cat-hen-fr-2","7":"product_cat-night_activities-fr-2","8":"product_cat-stag-fr","9":"desktop-align-left","10":"tablet-align-left","11":"mobile-align-left","13":"first","14":"instock","15":"shipping-taxable","16":"product-type-simple"},"yoast_head":"<!-- This site is optimized with the Yoast SEO plugin v26.8 - https:\/\/yoast.com\/product\/yoast-seo-wordpress\/ -->\n<title>PAELLA ESPAGNOLE + ENTR\u00c9E EN BO\u00ceTE DE NUIT \u00c0 BARCELONE<\/title>\n<meta name=\"description\" content=\"Une sortie tr\u00e8s espagnole ! Votre groupe a fait tout le chemin jusqu\u2019\u00e0 la c\u00f4te m\u00e9diterran\u00e9enne. Quel meilleur plat pourriez-vous d\u00e9guster pendant votre D\u00e9couvrez une soir\u00e9e inoubliable avec une d\u00e9licieuse paella espagnole suivie d&#039;une entr\u00e9e en bo\u00eete de nuit \u00e0 Barcelone\" \/>\n<meta name=\"robots\" content=\"index, follow, max-snippet:-1, max-image-preview:large, max-video-preview:-1\" \/>\n<link rel=\"canonical\" href=\"https:\/\/spanishbreak.com\/fr\/product\/spanish-paella-meal-nightclub-entrance\/\" \/>\n<meta property=\"og:locale\" content=\"fr_FR\" \/>\n<meta property=\"og:type\" content=\"article\" \/>\n<meta property=\"og:title\" content=\"PAELLA ESPAGNOLE + ENTR\u00c9E EN BO\u00ceTE DE NUIT \u00c0 BARCELONE\" \/>\n<meta property=\"og:description\" content=\"Une sortie tr\u00e8s espagnole ! Votre groupe a fait tout le chemin jusqu\u2019\u00e0 la c\u00f4te m\u00e9diterran\u00e9enne. Quel meilleur plat pourriez-vous d\u00e9guster pendant votre D\u00e9couvrez une soir\u00e9e inoubliable avec une d\u00e9licieuse paella espagnole suivie d&#039;une entr\u00e9e en bo\u00eete de nuit \u00e0 Barcelone\" \/>\n<meta property=\"og:url\" content=\"https:\/\/spanishbreak.com\/fr\/product\/spanish-paella-meal-nightclub-entrance\/\" \/>\n<meta property=\"og:site_name\" content=\"Spanishbreak\" \/>\n<meta property=\"article:publisher\" content=\"https:\/\/www.facebook.com\/spanishbreak\" \/>\n<meta property=\"article:modified_time\" content=\"2025-12-17T14:13:05+00:00\" \/>\n<meta property=\"og:image\" content=\"https:\/\/spanishbreak.com\/wp-content\/uploads\/2022\/10\/x-Depositphotos_51621303_original-scaled.jpg\" \/>\n\t<meta property=\"og:image:width\" content=\"2560\" \/>\n\t<meta property=\"og:image:height\" content=\"1707\" \/>\n\t<meta property=\"og:image:type\" content=\"image\/jpeg\" \/>\n<meta name=\"twitter:card\" content=\"summary_large_image\" \/>\n<meta name=\"twitter:label1\" content=\"Dur\u00e9e de lecture estim\u00e9e\" \/>\n\t<meta name=\"twitter:data1\" content=\"1 minute\" \/>\n<script type=\"application\/ld+json\" class=\"yoast-schema-graph\">{\"@context\":\"https:\/\/schema.org\",\"@graph\":[{\"@type\":[\"WebPage\",\"ItemPage\"],\"@id\":\"https:\/\/spanishbreak.com\/fr\/product\/spanish-paella-meal-nightclub-entrance\/\",\"url\":\"https:\/\/spanishbreak.com\/fr\/product\/spanish-paella-meal-nightclub-entrance\/\",\"name\":\"PAELLA ESPAGNOLE + ENTR\u00c9E EN BO\u00ceTE DE NUIT \u00c0 BARCELONE\",\"isPartOf\":{\"@id\":\"https:\/\/spanishbreak.com\/#website\"},\"primaryImageOfPage\":{\"@id\":\"https:\/\/spanishbreak.com\/fr\/product\/spanish-paella-meal-nightclub-entrance\/#primaryimage\"},\"image\":{\"@id\":\"https:\/\/spanishbreak.com\/fr\/product\/spanish-paella-meal-nightclub-entrance\/#primaryimage\"},\"thumbnailUrl\":\"https:\/\/spanishbreak.com\/wp-content\/uploads\/2022\/10\/x-Depositphotos_51621303_original-scaled.jpg\",\"datePublished\":\"2022-10-25T13:55:37+00:00\",\"dateModified\":\"2025-12-17T14:13:05+00:00\",\"description\":\"Une sortie tr\u00e8s espagnole ! Votre groupe a fait tout le chemin jusqu\u2019\u00e0 la c\u00f4te m\u00e9diterran\u00e9enne. Quel meilleur plat pourriez-vous d\u00e9guster pendant votre D\u00e9couvrez une soir\u00e9e inoubliable avec une d\u00e9licieuse paella espagnole suivie d'une entr\u00e9e en bo\u00eete de nuit \u00e0 Barcelone\",\"breadcrumb\":{\"@id\":\"https:\/\/spanishbreak.com\/fr\/product\/spanish-paella-meal-nightclub-entrance\/#breadcrumb\"},\"inLanguage\":\"fr-FR\",\"potentialAction\":[{\"@type\":\"ReadAction\",\"target\":[\"https:\/\/spanishbreak.com\/fr\/product\/spanish-paella-meal-nightclub-entrance\/\"]}]},{\"@type\":\"ImageObject\",\"inLanguage\":\"fr-FR\",\"@id\":\"https:\/\/spanishbreak.com\/fr\/product\/spanish-paella-meal-nightclub-entrance\/#primaryimage\",\"url\":\"https:\/\/spanishbreak.com\/wp-content\/uploads\/2022\/10\/x-Depositphotos_51621303_original-scaled.jpg\",\"contentUrl\":\"https:\/\/spanishbreak.com\/wp-content\/uploads\/2022\/10\/x-Depositphotos_51621303_original-scaled.jpg\",\"width\":2560,\"height\":1707,\"caption\":\"Typical spanish seafood paella in traditional pan\"},{\"@type\":\"BreadcrumbList\",\"@id\":\"https:\/\/spanishbreak.com\/fr\/product\/spanish-paella-meal-nightclub-entrance\/#breadcrumb\",\"itemListElement\":[{\"@type\":\"ListItem\",\"position\":1,\"name\":\"Home\",\"item\":\"https:\/\/spanishbreak.com\/\"},{\"@type\":\"ListItem\",\"position\":2,\"name\":\"Boutique\",\"item\":\"https:\/\/spanishbreak.com\/boutique\/?lang=fr\"},{\"@type\":\"ListItem\",\"position\":3,\"name\":\"PAELLA ESPAGNOLE + ENTR\u00c9E EN BO\u00ceTE DE NUIT \u00c0 BARCELONE\"}]},{\"@type\":\"WebSite\",\"@id\":\"https:\/\/spanishbreak.com\/#website\",\"url\":\"https:\/\/spanishbreak.com\/\",\"name\":\"Spanish Break\",\"description\":\"Otro sitio realizado con WordPress\",\"publisher\":{\"@id\":\"https:\/\/spanishbreak.com\/#organization\"},\"potentialAction\":[{\"@type\":\"SearchAction\",\"target\":{\"@type\":\"EntryPoint\",\"urlTemplate\":\"https:\/\/spanishbreak.com\/?s={search_term_string}\"},\"query-input\":{\"@type\":\"PropertyValueSpecification\",\"valueRequired\":true,\"valueName\":\"search_term_string\"}}],\"inLanguage\":\"fr-FR\"},{\"@type\":\"Organization\",\"@id\":\"https:\/\/spanishbreak.com\/#organization\",\"name\":\"Spanish Break\",\"url\":\"https:\/\/spanishbreak.com\/\",\"logo\":{\"@type\":\"ImageObject\",\"inLanguage\":\"fr-FR\",\"@id\":\"https:\/\/spanishbreak.com\/#\/schema\/logo\/image\/\",\"url\":\"https:\/\/spanishbreak.com\/wp-content\/uploads\/2024\/03\/logo-spanish-break.png\",\"contentUrl\":\"https:\/\/spanishbreak.com\/wp-content\/uploads\/2024\/03\/logo-spanish-break.png\",\"width\":323,\"height\":37,\"caption\":\"Spanish Break\"},\"image\":{\"@id\":\"https:\/\/spanishbreak.com\/#\/schema\/logo\/image\/\"},\"sameAs\":[\"https:\/\/www.facebook.com\/spanishbreak\",\"https:\/\/www.instagram.com\/spanishbreakbcn\/\"]}]}<\/script>\n<!-- \/ Yoast SEO plugin. -->","yoast_head_json":{"title":"PAELLA ESPAGNOLE + ENTR\u00c9E EN BO\u00ceTE DE NUIT \u00c0 BARCELONE","description":"Une sortie tr\u00e8s espagnole ! Votre groupe a fait tout le chemin jusqu\u2019\u00e0 la c\u00f4te m\u00e9diterran\u00e9enne. Quel meilleur plat pourriez-vous d\u00e9guster pendant votre D\u00e9couvrez une soir\u00e9e inoubliable avec une d\u00e9licieuse paella espagnole suivie d'une entr\u00e9e en bo\u00eete de nuit \u00e0 Barcelone","robots":{"index":"index","follow":"follow","max-snippet":"max-snippet:-1","max-image-preview":"max-image-preview:large","max-video-preview":"max-video-preview:-1"},"canonical":"https:\/\/spanishbreak.com\/fr\/product\/spanish-paella-meal-nightclub-entrance\/","og_locale":"fr_FR","og_type":"article","og_title":"PAELLA ESPAGNOLE + ENTR\u00c9E EN BO\u00ceTE DE NUIT \u00c0 BARCELONE","og_description":"Une sortie tr\u00e8s espagnole ! Votre groupe a fait tout le chemin jusqu\u2019\u00e0 la c\u00f4te m\u00e9diterran\u00e9enne. Quel meilleur plat pourriez-vous d\u00e9guster pendant votre D\u00e9couvrez une soir\u00e9e inoubliable avec une d\u00e9licieuse paella espagnole suivie d'une entr\u00e9e en bo\u00eete de nuit \u00e0 Barcelone","og_url":"https:\/\/spanishbreak.com\/fr\/product\/spanish-paella-meal-nightclub-entrance\/","og_site_name":"Spanishbreak","article_publisher":"https:\/\/www.facebook.com\/spanishbreak","article_modified_time":"2025-12-17T14:13:05+00:00","og_image":[{"width":2560,"height":1707,"url":"https:\/\/spanishbreak.com\/wp-content\/uploads\/2022\/10\/x-Depositphotos_51621303_original-scaled.jpg","type":"image\/jpeg"}],"twitter_card":"summary_large_image","twitter_misc":{"Dur\u00e9e de lecture estim\u00e9e":"1 minute"},"schema":{"@context":"https:\/\/schema.org","@graph":[{"@type":["WebPage","ItemPage"],"@id":"https:\/\/spanishbreak.com\/fr\/product\/spanish-paella-meal-nightclub-entrance\/","url":"https:\/\/spanishbreak.com\/fr\/product\/spanish-paella-meal-nightclub-entrance\/","name":"PAELLA ESPAGNOLE + ENTR\u00c9E EN BO\u00ceTE DE NUIT \u00c0 BARCELONE","isPartOf":{"@id":"https:\/\/spanishbreak.com\/#website"},"primaryImageOfPage":{"@id":"https:\/\/spanishbreak.com\/fr\/product\/spanish-paella-meal-nightclub-entrance\/#primaryimage"},"image":{"@id":"https:\/\/spanishbreak.com\/fr\/product\/spanish-paella-meal-nightclub-entrance\/#primaryimage"},"thumbnailUrl":"https:\/\/spanishbreak.com\/wp-content\/uploads\/2022\/10\/x-Depositphotos_51621303_original-scaled.jpg","datePublished":"2022-10-25T13:55:37+00:00","dateModified":"2025-12-17T14:13:05+00:00","description":"Une sortie tr\u00e8s espagnole ! Votre groupe a fait tout le chemin jusqu\u2019\u00e0 la c\u00f4te m\u00e9diterran\u00e9enne. Quel meilleur plat pourriez-vous d\u00e9guster pendant votre D\u00e9couvrez une soir\u00e9e inoubliable avec une d\u00e9licieuse paella espagnole suivie d'une entr\u00e9e en bo\u00eete de nuit \u00e0 Barcelone","breadcrumb":{"@id":"https:\/\/spanishbreak.com\/fr\/product\/spanish-paella-meal-nightclub-entrance\/#breadcrumb"},"inLanguage":"fr-FR","potentialAction":[{"@type":"ReadAction","target":["https:\/\/spanishbreak.com\/fr\/product\/spanish-paella-meal-nightclub-entrance\/"]}]},{"@type":"ImageObject","inLanguage":"fr-FR","@id":"https:\/\/spanishbreak.com\/fr\/product\/spanish-paella-meal-nightclub-entrance\/#primaryimage","url":"https:\/\/spanishbreak.com\/wp-content\/uploads\/2022\/10\/x-Depositphotos_51621303_original-scaled.jpg","contentUrl":"https:\/\/spanishbreak.com\/wp-content\/uploads\/2022\/10\/x-Depositphotos_51621303_original-scaled.jpg","width":2560,"height":1707,"caption":"Typical spanish seafood paella in traditional pan"},{"@type":"BreadcrumbList","@id":"https:\/\/spanishbreak.com\/fr\/product\/spanish-paella-meal-nightclub-entrance\/#breadcrumb","itemListElement":[{"@type":"ListItem","position":1,"name":"Home","item":"https:\/\/spanishbreak.com\/"},{"@type":"ListItem","position":2,"name":"Boutique","item":"https:\/\/spanishbreak.com\/boutique\/?lang=fr"},{"@type":"ListItem","position":3,"name":"PAELLA ESPAGNOLE + ENTR\u00c9E EN BO\u00ceTE DE NUIT \u00c0 BARCELONE"}]},{"@type":"WebSite","@id":"https:\/\/spanishbreak.com\/#website","url":"https:\/\/spanishbreak.com\/","name":"Spanish Break","description":"Otro sitio realizado con WordPress","publisher":{"@id":"https:\/\/spanishbreak.com\/#organization"},"potentialAction":[{"@type":"SearchAction","target":{"@type":"EntryPoint","urlTemplate":"https:\/\/spanishbreak.com\/?s={search_term_string}"},"query-input":{"@type":"PropertyValueSpecification","valueRequired":true,"valueName":"search_term_string"}}],"inLanguage":"fr-FR"},{"@type":"Organization","@id":"https:\/\/spanishbreak.com\/#organization","name":"Spanish Break","url":"https:\/\/spanishbreak.com\/","logo":{"@type":"ImageObject","inLanguage":"fr-FR","@id":"https:\/\/spanishbreak.com\/#\/schema\/logo\/image\/","url":"https:\/\/spanishbreak.com\/wp-content\/uploads\/2024\/03\/logo-spanish-break.png","contentUrl":"https:\/\/spanishbreak.com\/wp-content\/uploads\/2024\/03\/logo-spanish-break.png","width":323,"height":37,"caption":"Spanish Break"},"image":{"@id":"https:\/\/spanishbreak.com\/#\/schema\/logo\/image\/"},"sameAs":["https:\/\/www.facebook.com\/spanishbreak","https:\/\/www.instagram.com\/spanishbreakbcn\/"]}]}},"_links":{"self":[{"href":"https:\/\/spanishbreak.com\/fr\/wp-json\/wp\/v2\/product\/4180","targetHints":{"allow":["GET"]}}],"collection":[{"href":"https:\/\/spanishbreak.com\/fr\/wp-json\/wp\/v2\/product"}],"about":[{"href":"https:\/\/spanishbreak.com\/fr\/wp-json\/wp\/v2\/types\/product"}],"replies":[{"embeddable":true,"href":"https:\/\/spanishbreak.com\/fr\/wp-json\/wp\/v2\/comments?post=4180"}],"wp:featuredmedia":[{"embeddable":true,"href":"https:\/\/spanishbreak.com\/fr\/wp-json\/wp\/v2\/media\/3179"}],"wp:attachment":[{"href":"https:\/\/spanishbreak.com\/fr\/wp-json\/wp\/v2\/media?parent=4180"}],"wp:term":[{"taxonomy":"product_brand","embeddable":true,"href":"https:\/\/spanishbreak.com\/fr\/wp-json\/wp\/v2\/product_brand?post=4180"},{"taxonomy":"product_cat","embeddable":true,"href":"https:\/\/spanishbreak.com\/fr\/wp-json\/wp\/v2\/product_cat?post=4180"},{"taxonomy":"product_tag","embeddable":true,"href":"https:\/\/spanishbreak.com\/fr\/wp-json\/wp\/v2\/product_tag?post=4180"}],"curies":[{"name":"wp","href":"https:\/\/api.w.org\/{rel}","templated":true}]}}