{"id":4182,"date":"2022-10-25T15:40:38","date_gmt":"2022-10-25T13:40:38","guid":{"rendered":"https:\/\/spanishbreak.com\/producto\/party-limobus-airport-pickup-sexy-boy\/"},"modified":"2025-12-17T15:14:02","modified_gmt":"2025-12-17T14:14:02","slug":"party-limobus-airport-pickup-sexy-boy","status":"publish","type":"product","link":"https:\/\/spanishbreak.com\/fr\/product\/party-limobus-airport-pickup-sexy-boy\/","title":{"rendered":"F\u00caTE EN LIMOBUS DEPUIS L\u2019A\u00c9ROPORT DE BARCELONE + STRIPTEASEUR"},"content":{"rendered":"<p><strong>Un tour sexy en limobus et que la f\u00eate commence\u00a0!<\/strong><\/p>\n<p>Imaginez ceci\u00a0: vous venez juste de d\u00e9barquer \u00e0 Barcelone, bagage en main et pr\u00eat \u00e0 commencer la f\u00eate aussi vite que possible\u2026 Vous cherchez \u00e0 rejoindre votre logement. Comment combiner tout cela\u00a0?<\/p>\n<p>Avec un transfert depuis l\u2019a\u00e9roport dans un limobus en f\u00eate, bien s\u00fbr\u00a0!<\/p>\n<p>Ce bus est enti\u00e8rement \u00e9quip\u00e9 pour commencer la f\u00eate ! Il a tout ce que vous attendez d\u2019un bus haut de gamme, mais il vient aussi avec des extras <strong>MASSIFS<\/strong> : Enceintes de 3000\u00a0W, deux bars, boules de disco et projecteurs !<\/p>\n<p>Si cela ne suffisait pas, imaginez la t\u00eate de votre amie quand un stripteaseur appara\u00eetra \u00e0 mi-parcours pour donner un v\u00e9ritable spectacle !<\/p>\n","protected":false},"excerpt":{"rendered":"<p>Un tour sexy en limobus et que la f\u00eate commence\u00a0! Imaginez ceci\u00a0: vous venez juste de d\u00e9barquer \u00e0 Barcelone, bagage en main et pr\u00eat \u00e0 commencer la f\u00eate aussi vite que possible\u2026 Vous cherchez \u00e0 rejoindre votre logement. Comment combiner tout cela\u00a0? Avec un transfert depuis l\u2019a\u00e9roport dans un limobus en f\u00eate, bien s\u00fbr\u00a0! Ce [&hellip;]<\/p>\n","protected":false},"featured_media":3354,"comment_status":"closed","ping_status":"closed","template":"","meta":{"site-sidebar-layout":"default","site-content-layout":"default","ast-site-content-layout":"default","site-content-style":"default","site-sidebar-style":"default","ast-global-header-display":"","ast-banner-title-visibility":"","ast-main-header-display":"","ast-hfb-above-header-display":"","ast-hfb-below-header-display":"","ast-hfb-mobile-header-display":"","site-post-title":"","ast-breadcrumbs-content":"","ast-featured-img":"","footer-sml-layout":"","theme-transparent-header-meta":"default","adv-header-id-meta":"","stick-header-meta":"","header-above-stick-meta":"","header-main-stick-meta":"","header-below-stick-meta":"","astra-migrate-meta-layouts":"set","ast-page-background-enabled":"default","ast-page-background-meta":{"desktop":{"background-color":"var(--ast-global-color-4)","background-image":"","background-repeat":"repeat","background-position":"center center","background-size":"auto","background-attachment":"scroll","background-type":"","background-media":"","overlay-type":"","overlay-color":"","overlay-opacity":"","overlay-gradient":""},"tablet":{"background-color":"","background-image":"","background-repeat":"repeat","background-position":"center center","background-size":"auto","background-attachment":"scroll","background-type":"","background-media":"","overlay-type":"","overlay-color":"","overlay-opacity":"","overlay-gradient":""},"mobile":{"background-color":"","background-image":"","background-repeat":"repeat","background-position":"center center","background-size":"auto","background-attachment":"scroll","background-type":"","background-media":"","overlay-type":"","overlay-color":"","overlay-opacity":"","overlay-gradient":""}},"ast-content-background-meta":{"desktop":{"background-color":"var(--ast-global-color-5)","background-image":"","background-repeat":"repeat","background-position":"center center","background-size":"auto","background-attachment":"scroll","background-type":"","background-media":"","overlay-type":"","overlay-color":"","overlay-opacity":"","overlay-gradient":""},"tablet":{"background-color":"var(--ast-global-color-5)","background-image":"","background-repeat":"repeat","background-position":"center center","background-size":"auto","background-attachment":"scroll","background-type":"","background-media":"","overlay-type":"","overlay-color":"","overlay-opacity":"","overlay-gradient":""},"mobile":{"background-color":"var(--ast-global-color-5)","background-image":"","background-repeat":"repeat","background-position":"center center","background-size":"auto","background-attachment":"scroll","background-type":"","background-media":"","overlay-type":"","overlay-color":"","overlay-opacity":"","overlay-gradient":""}},"repeater_packs":""},"product_brand":[],"product_cat":[66,67,74],"product_tag":[],"class_list":{"0":"post-4182","1":"product","2":"type-product","3":"status-publish","4":"has-post-thumbnail","6":"product_cat-hen-fr-2","7":"product_cat-luxury-activities","8":"product_cat-transportation-fr","9":"desktop-align-left","10":"tablet-align-left","11":"mobile-align-left","13":"first","14":"instock","15":"shipping-taxable","16":"product-type-simple"},"yoast_head":"<!-- This site is optimized with the Yoast SEO plugin v26.8 - https:\/\/yoast.com\/product\/yoast-seo-wordpress\/ -->\n<title>F\u00caTE EN LIMOBUS DEPUIS L\u2019A\u00c9ROPORT DE BARCELONE + STRIPTEASEUR<\/title>\n<meta name=\"description\" content=\"Un tour sexy en limobus et que la f\u00eate commence\u00a0! Imaginez ceci\u00a0: vous venez juste de d\u00e9barquer \u00e0 Barcelone, bagage en main et pr\u00eat \u00e0 commencer la f\u00eate Service de transfert en limobus pour l&#039;a\u00e9roport avec ambiance festive. Id\u00e9al pour commencer votre voyage en beaut\u00e9!\" \/>\n<meta name=\"robots\" content=\"index, follow, max-snippet:-1, max-image-preview:large, max-video-preview:-1\" \/>\n<link rel=\"canonical\" href=\"https:\/\/spanishbreak.com\/fr\/product\/party-limobus-airport-pickup-sexy-boy\/\" \/>\n<meta property=\"og:locale\" content=\"fr_FR\" \/>\n<meta property=\"og:type\" content=\"article\" \/>\n<meta property=\"og:title\" content=\"F\u00caTE EN LIMOBUS DEPUIS L\u2019A\u00c9ROPORT DE BARCELONE + STRIPTEASEUR\" \/>\n<meta property=\"og:description\" content=\"Un tour sexy en limobus et que la f\u00eate commence\u00a0! Imaginez ceci\u00a0: vous venez juste de d\u00e9barquer \u00e0 Barcelone, bagage en main et pr\u00eat \u00e0 commencer la f\u00eate Service de transfert en limobus pour l&#039;a\u00e9roport avec ambiance festive. Id\u00e9al pour commencer votre voyage en beaut\u00e9!\" \/>\n<meta property=\"og:url\" content=\"https:\/\/spanishbreak.com\/fr\/product\/party-limobus-airport-pickup-sexy-boy\/\" \/>\n<meta property=\"og:site_name\" content=\"Spanishbreak\" \/>\n<meta property=\"article:publisher\" content=\"https:\/\/www.facebook.com\/spanishbreak\" \/>\n<meta property=\"article:modified_time\" content=\"2025-12-17T14:14:02+00:00\" \/>\n<meta property=\"og:image\" content=\"https:\/\/spanishbreak.com\/wp-content\/uploads\/2022\/10\/PARTY-LIMOBUS-AIRPORT-PICKUP-SEXY-BOY.jpg\" \/>\n\t<meta property=\"og:image:width\" content=\"1500\" \/>\n\t<meta property=\"og:image:height\" content=\"1000\" \/>\n\t<meta property=\"og:image:type\" content=\"image\/jpeg\" \/>\n<meta name=\"twitter:card\" content=\"summary_large_image\" \/>\n<meta name=\"twitter:label1\" content=\"Dur\u00e9e de lecture estim\u00e9e\" \/>\n\t<meta name=\"twitter:data1\" content=\"1 minute\" \/>\n<script type=\"application\/ld+json\" class=\"yoast-schema-graph\">{\"@context\":\"https:\/\/schema.org\",\"@graph\":[{\"@type\":[\"WebPage\",\"ItemPage\"],\"@id\":\"https:\/\/spanishbreak.com\/fr\/product\/party-limobus-airport-pickup-sexy-boy\/\",\"url\":\"https:\/\/spanishbreak.com\/fr\/product\/party-limobus-airport-pickup-sexy-boy\/\",\"name\":\"F\u00caTE EN LIMOBUS DEPUIS L\u2019A\u00c9ROPORT DE BARCELONE + STRIPTEASEUR\",\"isPartOf\":{\"@id\":\"https:\/\/spanishbreak.com\/#website\"},\"primaryImageOfPage\":{\"@id\":\"https:\/\/spanishbreak.com\/fr\/product\/party-limobus-airport-pickup-sexy-boy\/#primaryimage\"},\"image\":{\"@id\":\"https:\/\/spanishbreak.com\/fr\/product\/party-limobus-airport-pickup-sexy-boy\/#primaryimage\"},\"thumbnailUrl\":\"https:\/\/spanishbreak.com\/wp-content\/uploads\/2022\/10\/PARTY-LIMOBUS-AIRPORT-PICKUP-SEXY-BOY.jpg\",\"datePublished\":\"2022-10-25T13:40:38+00:00\",\"dateModified\":\"2025-12-17T14:14:02+00:00\",\"description\":\"Un tour sexy en limobus et que la f\u00eate commence\u00a0! Imaginez ceci\u00a0: vous venez juste de d\u00e9barquer \u00e0 Barcelone, bagage en main et pr\u00eat \u00e0 commencer la f\u00eate Service de transfert en limobus pour l'a\u00e9roport avec ambiance festive. Id\u00e9al pour commencer votre voyage en beaut\u00e9!\",\"breadcrumb\":{\"@id\":\"https:\/\/spanishbreak.com\/fr\/product\/party-limobus-airport-pickup-sexy-boy\/#breadcrumb\"},\"inLanguage\":\"fr-FR\",\"potentialAction\":[{\"@type\":\"ReadAction\",\"target\":[\"https:\/\/spanishbreak.com\/fr\/product\/party-limobus-airport-pickup-sexy-boy\/\"]}]},{\"@type\":\"ImageObject\",\"inLanguage\":\"fr-FR\",\"@id\":\"https:\/\/spanishbreak.com\/fr\/product\/party-limobus-airport-pickup-sexy-boy\/#primaryimage\",\"url\":\"https:\/\/spanishbreak.com\/wp-content\/uploads\/2022\/10\/PARTY-LIMOBUS-AIRPORT-PICKUP-SEXY-BOY.jpg\",\"contentUrl\":\"https:\/\/spanishbreak.com\/wp-content\/uploads\/2022\/10\/PARTY-LIMOBUS-AIRPORT-PICKUP-SEXY-BOY.jpg\",\"width\":1500,\"height\":1000,\"caption\":\"A picture of five girl friends relaxing with facial masks on over white background\"},{\"@type\":\"BreadcrumbList\",\"@id\":\"https:\/\/spanishbreak.com\/fr\/product\/party-limobus-airport-pickup-sexy-boy\/#breadcrumb\",\"itemListElement\":[{\"@type\":\"ListItem\",\"position\":1,\"name\":\"Home\",\"item\":\"https:\/\/spanishbreak.com\/\"},{\"@type\":\"ListItem\",\"position\":2,\"name\":\"Boutique\",\"item\":\"https:\/\/spanishbreak.com\/boutique\/?lang=fr\"},{\"@type\":\"ListItem\",\"position\":3,\"name\":\"F\u00caTE EN LIMOBUS DEPUIS L\u2019A\u00c9ROPORT DE BARCELONE + STRIPTEASEUR\"}]},{\"@type\":\"WebSite\",\"@id\":\"https:\/\/spanishbreak.com\/#website\",\"url\":\"https:\/\/spanishbreak.com\/\",\"name\":\"Spanish Break\",\"description\":\"Otro sitio realizado con WordPress\",\"publisher\":{\"@id\":\"https:\/\/spanishbreak.com\/#organization\"},\"potentialAction\":[{\"@type\":\"SearchAction\",\"target\":{\"@type\":\"EntryPoint\",\"urlTemplate\":\"https:\/\/spanishbreak.com\/?s={search_term_string}\"},\"query-input\":{\"@type\":\"PropertyValueSpecification\",\"valueRequired\":true,\"valueName\":\"search_term_string\"}}],\"inLanguage\":\"fr-FR\"},{\"@type\":\"Organization\",\"@id\":\"https:\/\/spanishbreak.com\/#organization\",\"name\":\"Spanish Break\",\"url\":\"https:\/\/spanishbreak.com\/\",\"logo\":{\"@type\":\"ImageObject\",\"inLanguage\":\"fr-FR\",\"@id\":\"https:\/\/spanishbreak.com\/#\/schema\/logo\/image\/\",\"url\":\"https:\/\/spanishbreak.com\/wp-content\/uploads\/2024\/03\/logo-spanish-break.png\",\"contentUrl\":\"https:\/\/spanishbreak.com\/wp-content\/uploads\/2024\/03\/logo-spanish-break.png\",\"width\":323,\"height\":37,\"caption\":\"Spanish Break\"},\"image\":{\"@id\":\"https:\/\/spanishbreak.com\/#\/schema\/logo\/image\/\"},\"sameAs\":[\"https:\/\/www.facebook.com\/spanishbreak\",\"https:\/\/www.instagram.com\/spanishbreakbcn\/\"]}]}<\/script>\n<!-- \/ Yoast SEO plugin. -->","yoast_head_json":{"title":"F\u00caTE EN LIMOBUS DEPUIS L\u2019A\u00c9ROPORT DE BARCELONE + STRIPTEASEUR","description":"Un tour sexy en limobus et que la f\u00eate commence\u00a0! Imaginez ceci\u00a0: vous venez juste de d\u00e9barquer \u00e0 Barcelone, bagage en main et pr\u00eat \u00e0 commencer la f\u00eate Service de transfert en limobus pour l'a\u00e9roport avec ambiance festive. Id\u00e9al pour commencer votre voyage en beaut\u00e9!","robots":{"index":"index","follow":"follow","max-snippet":"max-snippet:-1","max-image-preview":"max-image-preview:large","max-video-preview":"max-video-preview:-1"},"canonical":"https:\/\/spanishbreak.com\/fr\/product\/party-limobus-airport-pickup-sexy-boy\/","og_locale":"fr_FR","og_type":"article","og_title":"F\u00caTE EN LIMOBUS DEPUIS L\u2019A\u00c9ROPORT DE BARCELONE + STRIPTEASEUR","og_description":"Un tour sexy en limobus et que la f\u00eate commence\u00a0! Imaginez ceci\u00a0: vous venez juste de d\u00e9barquer \u00e0 Barcelone, bagage en main et pr\u00eat \u00e0 commencer la f\u00eate Service de transfert en limobus pour l'a\u00e9roport avec ambiance festive. Id\u00e9al pour commencer votre voyage en beaut\u00e9!","og_url":"https:\/\/spanishbreak.com\/fr\/product\/party-limobus-airport-pickup-sexy-boy\/","og_site_name":"Spanishbreak","article_publisher":"https:\/\/www.facebook.com\/spanishbreak","article_modified_time":"2025-12-17T14:14:02+00:00","og_image":[{"width":1500,"height":1000,"url":"https:\/\/spanishbreak.com\/wp-content\/uploads\/2022\/10\/PARTY-LIMOBUS-AIRPORT-PICKUP-SEXY-BOY.jpg","type":"image\/jpeg"}],"twitter_card":"summary_large_image","twitter_misc":{"Dur\u00e9e de lecture estim\u00e9e":"1 minute"},"schema":{"@context":"https:\/\/schema.org","@graph":[{"@type":["WebPage","ItemPage"],"@id":"https:\/\/spanishbreak.com\/fr\/product\/party-limobus-airport-pickup-sexy-boy\/","url":"https:\/\/spanishbreak.com\/fr\/product\/party-limobus-airport-pickup-sexy-boy\/","name":"F\u00caTE EN LIMOBUS DEPUIS L\u2019A\u00c9ROPORT DE BARCELONE + STRIPTEASEUR","isPartOf":{"@id":"https:\/\/spanishbreak.com\/#website"},"primaryImageOfPage":{"@id":"https:\/\/spanishbreak.com\/fr\/product\/party-limobus-airport-pickup-sexy-boy\/#primaryimage"},"image":{"@id":"https:\/\/spanishbreak.com\/fr\/product\/party-limobus-airport-pickup-sexy-boy\/#primaryimage"},"thumbnailUrl":"https:\/\/spanishbreak.com\/wp-content\/uploads\/2022\/10\/PARTY-LIMOBUS-AIRPORT-PICKUP-SEXY-BOY.jpg","datePublished":"2022-10-25T13:40:38+00:00","dateModified":"2025-12-17T14:14:02+00:00","description":"Un tour sexy en limobus et que la f\u00eate commence\u00a0! Imaginez ceci\u00a0: vous venez juste de d\u00e9barquer \u00e0 Barcelone, bagage en main et pr\u00eat \u00e0 commencer la f\u00eate Service de transfert en limobus pour l'a\u00e9roport avec ambiance festive. Id\u00e9al pour commencer votre voyage en beaut\u00e9!","breadcrumb":{"@id":"https:\/\/spanishbreak.com\/fr\/product\/party-limobus-airport-pickup-sexy-boy\/#breadcrumb"},"inLanguage":"fr-FR","potentialAction":[{"@type":"ReadAction","target":["https:\/\/spanishbreak.com\/fr\/product\/party-limobus-airport-pickup-sexy-boy\/"]}]},{"@type":"ImageObject","inLanguage":"fr-FR","@id":"https:\/\/spanishbreak.com\/fr\/product\/party-limobus-airport-pickup-sexy-boy\/#primaryimage","url":"https:\/\/spanishbreak.com\/wp-content\/uploads\/2022\/10\/PARTY-LIMOBUS-AIRPORT-PICKUP-SEXY-BOY.jpg","contentUrl":"https:\/\/spanishbreak.com\/wp-content\/uploads\/2022\/10\/PARTY-LIMOBUS-AIRPORT-PICKUP-SEXY-BOY.jpg","width":1500,"height":1000,"caption":"A picture of five girl friends relaxing with facial masks on over white background"},{"@type":"BreadcrumbList","@id":"https:\/\/spanishbreak.com\/fr\/product\/party-limobus-airport-pickup-sexy-boy\/#breadcrumb","itemListElement":[{"@type":"ListItem","position":1,"name":"Home","item":"https:\/\/spanishbreak.com\/"},{"@type":"ListItem","position":2,"name":"Boutique","item":"https:\/\/spanishbreak.com\/boutique\/?lang=fr"},{"@type":"ListItem","position":3,"name":"F\u00caTE EN LIMOBUS DEPUIS L\u2019A\u00c9ROPORT DE BARCELONE + STRIPTEASEUR"}]},{"@type":"WebSite","@id":"https:\/\/spanishbreak.com\/#website","url":"https:\/\/spanishbreak.com\/","name":"Spanish Break","description":"Otro sitio realizado con WordPress","publisher":{"@id":"https:\/\/spanishbreak.com\/#organization"},"potentialAction":[{"@type":"SearchAction","target":{"@type":"EntryPoint","urlTemplate":"https:\/\/spanishbreak.com\/?s={search_term_string}"},"query-input":{"@type":"PropertyValueSpecification","valueRequired":true,"valueName":"search_term_string"}}],"inLanguage":"fr-FR"},{"@type":"Organization","@id":"https:\/\/spanishbreak.com\/#organization","name":"Spanish Break","url":"https:\/\/spanishbreak.com\/","logo":{"@type":"ImageObject","inLanguage":"fr-FR","@id":"https:\/\/spanishbreak.com\/#\/schema\/logo\/image\/","url":"https:\/\/spanishbreak.com\/wp-content\/uploads\/2024\/03\/logo-spanish-break.png","contentUrl":"https:\/\/spanishbreak.com\/wp-content\/uploads\/2024\/03\/logo-spanish-break.png","width":323,"height":37,"caption":"Spanish Break"},"image":{"@id":"https:\/\/spanishbreak.com\/#\/schema\/logo\/image\/"},"sameAs":["https:\/\/www.facebook.com\/spanishbreak","https:\/\/www.instagram.com\/spanishbreakbcn\/"]}]}},"_links":{"self":[{"href":"https:\/\/spanishbreak.com\/fr\/wp-json\/wp\/v2\/product\/4182","targetHints":{"allow":["GET"]}}],"collection":[{"href":"https:\/\/spanishbreak.com\/fr\/wp-json\/wp\/v2\/product"}],"about":[{"href":"https:\/\/spanishbreak.com\/fr\/wp-json\/wp\/v2\/types\/product"}],"replies":[{"embeddable":true,"href":"https:\/\/spanishbreak.com\/fr\/wp-json\/wp\/v2\/comments?post=4182"}],"wp:featuredmedia":[{"embeddable":true,"href":"https:\/\/spanishbreak.com\/fr\/wp-json\/wp\/v2\/media\/3354"}],"wp:attachment":[{"href":"https:\/\/spanishbreak.com\/fr\/wp-json\/wp\/v2\/media?parent=4182"}],"wp:term":[{"taxonomy":"product_brand","embeddable":true,"href":"https:\/\/spanishbreak.com\/fr\/wp-json\/wp\/v2\/product_brand?post=4182"},{"taxonomy":"product_cat","embeddable":true,"href":"https:\/\/spanishbreak.com\/fr\/wp-json\/wp\/v2\/product_cat?post=4182"},{"taxonomy":"product_tag","embeddable":true,"href":"https:\/\/spanishbreak.com\/fr\/wp-json\/wp\/v2\/product_tag?post=4182"}],"curies":[{"name":"wp","href":"https:\/\/api.w.org\/{rel}","templated":true}]}}