{"id":4184,"date":"2022-10-25T15:08:36","date_gmt":"2022-10-25T13:08:36","guid":{"rendered":"https:\/\/spanishbreak.com\/producto\/party-limobus-tour\/"},"modified":"2025-12-17T15:14:53","modified_gmt":"2025-12-17T14:14:53","slug":"party-limobus-tour","status":"publish","type":"product","link":"https:\/\/spanishbreak.com\/fr\/product\/party-limobus-tour\/","title":{"rendered":"VIR\u00c9E ET F\u00caTE EN LIMOBUS 1 HEURE \u00c0 BARCELONE"},"content":{"rendered":"<p><strong>Faites la f\u00eate comme il se doit \u00e0 Barcelone\u00a0!<\/strong><\/p>\n<p>Si vous cherchez une fa\u00e7on unique et g\u00e9niale pour aller d\u2019un point A \u00e0 un point B lors de votre <strong>EVG\/EVJF \u00e0 Barcelone<\/strong>, cette<strong>\u00a0vir\u00e9e festive en Limobus <\/strong>est faite pour vous !<\/p>\n<p>Le Limobus est enti\u00e8rement \u00e9quip\u00e9 avec tout ce que vous attendez d\u2019une limousine haut de gamme, mais il vient \u00e9galement avec des extras\u00a0: Enceintes de 3000\u00a0W, deux bars, boules de disco et projecteurs. Avec ce forfait, vous r\u00e9aliserez un trajet d\u2019une heure pendant lequel vous traverserez le centre-ville de Barcelone avec\u00a0de la musique dansante et\u00a0cela vous permettra\u00a0de d\u00e9couvrir tous les recoins de la ville en faisant la f\u00eate\u00a0!<\/p>\n<p>Si vous cherchez \u00e0 offrir \u00e0 votre camarade un trajet particuli\u00e8rement excitant pendant cette f\u00eate en Limobus, vous pouvez ajouter\u00a0un(e) stripteaseur(se) des plus sexy,\u00a0qui va remuer votre ami(e)\u00a0! Entrez en contact avec nous pour plus de d\u00e9tails.<\/p>\n","protected":false},"excerpt":{"rendered":"<p>Faites la f\u00eate comme il se doit \u00e0 Barcelone\u00a0! Si vous cherchez une fa\u00e7on unique et g\u00e9niale pour aller d\u2019un point A \u00e0 un point B lors de votre EVG\/EVJF \u00e0 Barcelone, cette\u00a0vir\u00e9e festive en Limobus est faite pour vous ! Le Limobus est enti\u00e8rement \u00e9quip\u00e9 avec tout ce que vous attendez d\u2019une limousine haut [&hellip;]<\/p>\n","protected":false},"featured_media":3155,"comment_status":"closed","ping_status":"closed","template":"","meta":{"site-sidebar-layout":"default","site-content-layout":"default","ast-site-content-layout":"default","site-content-style":"default","site-sidebar-style":"default","ast-global-header-display":"","ast-banner-title-visibility":"","ast-main-header-display":"","ast-hfb-above-header-display":"","ast-hfb-below-header-display":"","ast-hfb-mobile-header-display":"","site-post-title":"","ast-breadcrumbs-content":"","ast-featured-img":"","footer-sml-layout":"","theme-transparent-header-meta":"default","adv-header-id-meta":"","stick-header-meta":"","header-above-stick-meta":"","header-main-stick-meta":"","header-below-stick-meta":"","astra-migrate-meta-layouts":"set","ast-page-background-enabled":"default","ast-page-background-meta":{"desktop":{"background-color":"var(--ast-global-color-4)","background-image":"","background-repeat":"repeat","background-position":"center center","background-size":"auto","background-attachment":"scroll","background-type":"","background-media":"","overlay-type":"","overlay-color":"","overlay-opacity":"","overlay-gradient":""},"tablet":{"background-color":"","background-image":"","background-repeat":"repeat","background-position":"center center","background-size":"auto","background-attachment":"scroll","background-type":"","background-media":"","overlay-type":"","overlay-color":"","overlay-opacity":"","overlay-gradient":""},"mobile":{"background-color":"","background-image":"","background-repeat":"repeat","background-position":"center center","background-size":"auto","background-attachment":"scroll","background-type":"","background-media":"","overlay-type":"","overlay-color":"","overlay-opacity":"","overlay-gradient":""}},"ast-content-background-meta":{"desktop":{"background-color":"var(--ast-global-color-5)","background-image":"","background-repeat":"repeat","background-position":"center center","background-size":"auto","background-attachment":"scroll","background-type":"","background-media":"","overlay-type":"","overlay-color":"","overlay-opacity":"","overlay-gradient":""},"tablet":{"background-color":"var(--ast-global-color-5)","background-image":"","background-repeat":"repeat","background-position":"center center","background-size":"auto","background-attachment":"scroll","background-type":"","background-media":"","overlay-type":"","overlay-color":"","overlay-opacity":"","overlay-gradient":""},"mobile":{"background-color":"var(--ast-global-color-5)","background-image":"","background-repeat":"repeat","background-position":"center center","background-size":"auto","background-attachment":"scroll","background-type":"","background-media":"","overlay-type":"","overlay-color":"","overlay-opacity":"","overlay-gradient":""}},"repeater_packs":""},"product_brand":[],"product_cat":[66,67,71,73],"product_tag":[36,35],"class_list":{"0":"post-4184","1":"product","2":"type-product","3":"status-publish","4":"has-post-thumbnail","6":"product_cat-hen-fr-2","7":"product_cat-luxury-activities","8":"product_cat-night_activities-fr-2","9":"product_cat-stag-fr","10":"product_tag-hen","11":"product_tag-stag","12":"desktop-align-left","13":"tablet-align-left","14":"mobile-align-left","16":"first","17":"instock","18":"shipping-taxable","19":"product-type-simple"},"yoast_head":"<!-- This site is optimized with the Yoast SEO plugin v26.8 - https:\/\/yoast.com\/product\/yoast-seo-wordpress\/ -->\n<title>VIR\u00c9E ET F\u00caTE EN LIMOBUS 1 HEURE \u00c0 BARCELONE<\/title>\n<meta name=\"description\" content=\"Faites la f\u00eate comme il se doit \u00e0 Barcelone\u00a0! Si vous cherchez une fa\u00e7on unique et g\u00e9niale pour aller d\u2019un point A \u00e0 un point B lors de votre EVG\/EVJF \u00e0\" \/>\n<meta name=\"robots\" content=\"index, follow, max-snippet:-1, max-image-preview:large, max-video-preview:-1\" \/>\n<link rel=\"canonical\" href=\"https:\/\/spanishbreak.com\/fr\/product\/party-limobus-tour\/\" \/>\n<meta property=\"og:locale\" content=\"fr_FR\" \/>\n<meta property=\"og:type\" content=\"article\" \/>\n<meta property=\"og:title\" content=\"VIR\u00c9E ET F\u00caTE EN LIMOBUS 1 HEURE \u00c0 BARCELONE\" \/>\n<meta property=\"og:description\" content=\"Faites la f\u00eate comme il se doit \u00e0 Barcelone\u00a0! Si vous cherchez une fa\u00e7on unique et g\u00e9niale pour aller d\u2019un point A \u00e0 un point B lors de votre EVG\/EVJF \u00e0\" \/>\n<meta property=\"og:url\" content=\"https:\/\/spanishbreak.com\/fr\/product\/party-limobus-tour\/\" \/>\n<meta property=\"og:site_name\" content=\"Spanishbreak\" \/>\n<meta property=\"article:publisher\" content=\"https:\/\/www.facebook.com\/spanishbreak\" \/>\n<meta property=\"article:modified_time\" content=\"2025-12-17T14:14:53+00:00\" \/>\n<meta property=\"og:image\" content=\"https:\/\/spanishbreak.com\/wp-content\/uploads\/2022\/10\/Sesion-limusinas-1-1.jpg\" \/>\n\t<meta property=\"og:image:width\" content=\"1024\" \/>\n\t<meta property=\"og:image:height\" content=\"682\" \/>\n\t<meta property=\"og:image:type\" content=\"image\/jpeg\" \/>\n<meta name=\"twitter:card\" content=\"summary_large_image\" \/>\n<meta name=\"twitter:label1\" content=\"Dur\u00e9e de lecture estim\u00e9e\" \/>\n\t<meta name=\"twitter:data1\" content=\"1 minute\" \/>\n<script type=\"application\/ld+json\" class=\"yoast-schema-graph\">{\"@context\":\"https:\/\/schema.org\",\"@graph\":[{\"@type\":[\"WebPage\",\"ItemPage\"],\"@id\":\"https:\/\/spanishbreak.com\/fr\/product\/party-limobus-tour\/\",\"url\":\"https:\/\/spanishbreak.com\/fr\/product\/party-limobus-tour\/\",\"name\":\"VIR\u00c9E ET F\u00caTE EN LIMOBUS 1 HEURE \u00c0 BARCELONE\",\"isPartOf\":{\"@id\":\"https:\/\/spanishbreak.com\/#website\"},\"primaryImageOfPage\":{\"@id\":\"https:\/\/spanishbreak.com\/fr\/product\/party-limobus-tour\/#primaryimage\"},\"image\":{\"@id\":\"https:\/\/spanishbreak.com\/fr\/product\/party-limobus-tour\/#primaryimage\"},\"thumbnailUrl\":\"https:\/\/spanishbreak.com\/wp-content\/uploads\/2022\/10\/Sesion-limusinas-1-1.jpg\",\"datePublished\":\"2022-10-25T13:08:36+00:00\",\"dateModified\":\"2025-12-17T14:14:53+00:00\",\"description\":\"Faites la f\u00eate comme il se doit \u00e0 Barcelone\u00a0! Si vous cherchez une fa\u00e7on unique et g\u00e9niale pour aller d\u2019un point A \u00e0 un point B lors de votre EVG\/EVJF \u00e0\",\"breadcrumb\":{\"@id\":\"https:\/\/spanishbreak.com\/fr\/product\/party-limobus-tour\/#breadcrumb\"},\"inLanguage\":\"fr-FR\",\"potentialAction\":[{\"@type\":\"ReadAction\",\"target\":[\"https:\/\/spanishbreak.com\/fr\/product\/party-limobus-tour\/\"]}]},{\"@type\":\"ImageObject\",\"inLanguage\":\"fr-FR\",\"@id\":\"https:\/\/spanishbreak.com\/fr\/product\/party-limobus-tour\/#primaryimage\",\"url\":\"https:\/\/spanishbreak.com\/wp-content\/uploads\/2022\/10\/Sesion-limusinas-1-1.jpg\",\"contentUrl\":\"https:\/\/spanishbreak.com\/wp-content\/uploads\/2022\/10\/Sesion-limusinas-1-1.jpg\",\"width\":1024,\"height\":682},{\"@type\":\"BreadcrumbList\",\"@id\":\"https:\/\/spanishbreak.com\/fr\/product\/party-limobus-tour\/#breadcrumb\",\"itemListElement\":[{\"@type\":\"ListItem\",\"position\":1,\"name\":\"Home\",\"item\":\"https:\/\/spanishbreak.com\/\"},{\"@type\":\"ListItem\",\"position\":2,\"name\":\"Boutique\",\"item\":\"https:\/\/spanishbreak.com\/boutique\/?lang=fr\"},{\"@type\":\"ListItem\",\"position\":3,\"name\":\"VIR\u00c9E ET F\u00caTE EN LIMOBUS 1 HEURE \u00c0 BARCELONE\"}]},{\"@type\":\"WebSite\",\"@id\":\"https:\/\/spanishbreak.com\/#website\",\"url\":\"https:\/\/spanishbreak.com\/\",\"name\":\"Spanish Break\",\"description\":\"Otro sitio realizado con WordPress\",\"publisher\":{\"@id\":\"https:\/\/spanishbreak.com\/#organization\"},\"potentialAction\":[{\"@type\":\"SearchAction\",\"target\":{\"@type\":\"EntryPoint\",\"urlTemplate\":\"https:\/\/spanishbreak.com\/?s={search_term_string}\"},\"query-input\":{\"@type\":\"PropertyValueSpecification\",\"valueRequired\":true,\"valueName\":\"search_term_string\"}}],\"inLanguage\":\"fr-FR\"},{\"@type\":\"Organization\",\"@id\":\"https:\/\/spanishbreak.com\/#organization\",\"name\":\"Spanish Break\",\"url\":\"https:\/\/spanishbreak.com\/\",\"logo\":{\"@type\":\"ImageObject\",\"inLanguage\":\"fr-FR\",\"@id\":\"https:\/\/spanishbreak.com\/#\/schema\/logo\/image\/\",\"url\":\"https:\/\/spanishbreak.com\/wp-content\/uploads\/2024\/03\/logo-spanish-break.png\",\"contentUrl\":\"https:\/\/spanishbreak.com\/wp-content\/uploads\/2024\/03\/logo-spanish-break.png\",\"width\":323,\"height\":37,\"caption\":\"Spanish Break\"},\"image\":{\"@id\":\"https:\/\/spanishbreak.com\/#\/schema\/logo\/image\/\"},\"sameAs\":[\"https:\/\/www.facebook.com\/spanishbreak\",\"https:\/\/www.instagram.com\/spanishbreakbcn\/\"]}]}<\/script>\n<!-- \/ Yoast SEO plugin. -->","yoast_head_json":{"title":"VIR\u00c9E ET F\u00caTE EN LIMOBUS 1 HEURE \u00c0 BARCELONE","description":"Faites la f\u00eate comme il se doit \u00e0 Barcelone\u00a0! Si vous cherchez une fa\u00e7on unique et g\u00e9niale pour aller d\u2019un point A \u00e0 un point B lors de votre EVG\/EVJF \u00e0","robots":{"index":"index","follow":"follow","max-snippet":"max-snippet:-1","max-image-preview":"max-image-preview:large","max-video-preview":"max-video-preview:-1"},"canonical":"https:\/\/spanishbreak.com\/fr\/product\/party-limobus-tour\/","og_locale":"fr_FR","og_type":"article","og_title":"VIR\u00c9E ET F\u00caTE EN LIMOBUS 1 HEURE \u00c0 BARCELONE","og_description":"Faites la f\u00eate comme il se doit \u00e0 Barcelone\u00a0! Si vous cherchez une fa\u00e7on unique et g\u00e9niale pour aller d\u2019un point A \u00e0 un point B lors de votre EVG\/EVJF \u00e0","og_url":"https:\/\/spanishbreak.com\/fr\/product\/party-limobus-tour\/","og_site_name":"Spanishbreak","article_publisher":"https:\/\/www.facebook.com\/spanishbreak","article_modified_time":"2025-12-17T14:14:53+00:00","og_image":[{"width":1024,"height":682,"url":"https:\/\/spanishbreak.com\/wp-content\/uploads\/2022\/10\/Sesion-limusinas-1-1.jpg","type":"image\/jpeg"}],"twitter_card":"summary_large_image","twitter_misc":{"Dur\u00e9e de lecture estim\u00e9e":"1 minute"},"schema":{"@context":"https:\/\/schema.org","@graph":[{"@type":["WebPage","ItemPage"],"@id":"https:\/\/spanishbreak.com\/fr\/product\/party-limobus-tour\/","url":"https:\/\/spanishbreak.com\/fr\/product\/party-limobus-tour\/","name":"VIR\u00c9E ET F\u00caTE EN LIMOBUS 1 HEURE \u00c0 BARCELONE","isPartOf":{"@id":"https:\/\/spanishbreak.com\/#website"},"primaryImageOfPage":{"@id":"https:\/\/spanishbreak.com\/fr\/product\/party-limobus-tour\/#primaryimage"},"image":{"@id":"https:\/\/spanishbreak.com\/fr\/product\/party-limobus-tour\/#primaryimage"},"thumbnailUrl":"https:\/\/spanishbreak.com\/wp-content\/uploads\/2022\/10\/Sesion-limusinas-1-1.jpg","datePublished":"2022-10-25T13:08:36+00:00","dateModified":"2025-12-17T14:14:53+00:00","description":"Faites la f\u00eate comme il se doit \u00e0 Barcelone\u00a0! Si vous cherchez une fa\u00e7on unique et g\u00e9niale pour aller d\u2019un point A \u00e0 un point B lors de votre EVG\/EVJF \u00e0","breadcrumb":{"@id":"https:\/\/spanishbreak.com\/fr\/product\/party-limobus-tour\/#breadcrumb"},"inLanguage":"fr-FR","potentialAction":[{"@type":"ReadAction","target":["https:\/\/spanishbreak.com\/fr\/product\/party-limobus-tour\/"]}]},{"@type":"ImageObject","inLanguage":"fr-FR","@id":"https:\/\/spanishbreak.com\/fr\/product\/party-limobus-tour\/#primaryimage","url":"https:\/\/spanishbreak.com\/wp-content\/uploads\/2022\/10\/Sesion-limusinas-1-1.jpg","contentUrl":"https:\/\/spanishbreak.com\/wp-content\/uploads\/2022\/10\/Sesion-limusinas-1-1.jpg","width":1024,"height":682},{"@type":"BreadcrumbList","@id":"https:\/\/spanishbreak.com\/fr\/product\/party-limobus-tour\/#breadcrumb","itemListElement":[{"@type":"ListItem","position":1,"name":"Home","item":"https:\/\/spanishbreak.com\/"},{"@type":"ListItem","position":2,"name":"Boutique","item":"https:\/\/spanishbreak.com\/boutique\/?lang=fr"},{"@type":"ListItem","position":3,"name":"VIR\u00c9E ET F\u00caTE EN LIMOBUS 1 HEURE \u00c0 BARCELONE"}]},{"@type":"WebSite","@id":"https:\/\/spanishbreak.com\/#website","url":"https:\/\/spanishbreak.com\/","name":"Spanish Break","description":"Otro sitio realizado con WordPress","publisher":{"@id":"https:\/\/spanishbreak.com\/#organization"},"potentialAction":[{"@type":"SearchAction","target":{"@type":"EntryPoint","urlTemplate":"https:\/\/spanishbreak.com\/?s={search_term_string}"},"query-input":{"@type":"PropertyValueSpecification","valueRequired":true,"valueName":"search_term_string"}}],"inLanguage":"fr-FR"},{"@type":"Organization","@id":"https:\/\/spanishbreak.com\/#organization","name":"Spanish Break","url":"https:\/\/spanishbreak.com\/","logo":{"@type":"ImageObject","inLanguage":"fr-FR","@id":"https:\/\/spanishbreak.com\/#\/schema\/logo\/image\/","url":"https:\/\/spanishbreak.com\/wp-content\/uploads\/2024\/03\/logo-spanish-break.png","contentUrl":"https:\/\/spanishbreak.com\/wp-content\/uploads\/2024\/03\/logo-spanish-break.png","width":323,"height":37,"caption":"Spanish Break"},"image":{"@id":"https:\/\/spanishbreak.com\/#\/schema\/logo\/image\/"},"sameAs":["https:\/\/www.facebook.com\/spanishbreak","https:\/\/www.instagram.com\/spanishbreakbcn\/"]}]}},"_links":{"self":[{"href":"https:\/\/spanishbreak.com\/fr\/wp-json\/wp\/v2\/product\/4184","targetHints":{"allow":["GET"]}}],"collection":[{"href":"https:\/\/spanishbreak.com\/fr\/wp-json\/wp\/v2\/product"}],"about":[{"href":"https:\/\/spanishbreak.com\/fr\/wp-json\/wp\/v2\/types\/product"}],"replies":[{"embeddable":true,"href":"https:\/\/spanishbreak.com\/fr\/wp-json\/wp\/v2\/comments?post=4184"}],"wp:featuredmedia":[{"embeddable":true,"href":"https:\/\/spanishbreak.com\/fr\/wp-json\/wp\/v2\/media\/3155"}],"wp:attachment":[{"href":"https:\/\/spanishbreak.com\/fr\/wp-json\/wp\/v2\/media?parent=4184"}],"wp:term":[{"taxonomy":"product_brand","embeddable":true,"href":"https:\/\/spanishbreak.com\/fr\/wp-json\/wp\/v2\/product_brand?post=4184"},{"taxonomy":"product_cat","embeddable":true,"href":"https:\/\/spanishbreak.com\/fr\/wp-json\/wp\/v2\/product_cat?post=4184"},{"taxonomy":"product_tag","embeddable":true,"href":"https:\/\/spanishbreak.com\/fr\/wp-json\/wp\/v2\/product_tag?post=4184"}],"curies":[{"name":"wp","href":"https:\/\/api.w.org\/{rel}","templated":true}]}}