{"id":4186,"date":"2022-10-25T14:09:56","date_gmt":"2022-10-25T14:09:56","guid":{"rendered":"https:\/\/spanishbreak.com\/producto\/ice-bar-ice-cocktail-nightclub-entry\/"},"modified":"2025-03-28T11:59:10","modified_gmt":"2025-03-28T11:59:10","slug":"ice-bar-ice-cocktail-nightclub-entry","status":"publish","type":"product","link":"https:\/\/spanishbreak.com\/fr\/product\/ice-bar-ice-cocktail-nightclub-entry\/","title":{"rendered":"ICE BAR + COCKTAIL + ENTR\u00c9E EN BO\u00ceTE DE NUIT \u00c0 BARCELONE"},"content":{"rendered":"<p><strong>Froid comme la glace\u00a0!<\/strong><\/p>\n<p>Un grand <strong>EVG \u00e0 Barcelone <\/strong>doit avoir une activit\u00e9 hors du commun comme <strong>l&rsquo;Ice Bar de Barcelone<\/strong>, le bar le plus cool au monde\u00a0!<\/p>\n<p>Enfilez la veste sp\u00e9ciale et les gants fournis, et dirigez-vous dans le\u00a0bar pour prendre un cocktail de glace (dans des verres de glace, naturellement). Un superbe igloo, un DJ, un \u00e9clairage unique, en une atmosph\u00e8re d&rsquo;inuites au P\u00f4le Nord\u2026 Les -5\u00ba aident aussi\u00a0!<\/p>\n<p>L\u2019endroit est id\u00e9al pour des photos d\u00e9lirantes, et vous aurez acc\u00e8s \u00e0 la terrasse lorsque vous en aurez termin\u00e9 avec le bar de glace. De l\u00e0, vous sentirez un changement de temp\u00e9rature et vous vous dirigez vers l\u2019un des clubs les plus branch\u00e9s de Barcelone\u00a0!<\/p>\n","protected":false},"excerpt":{"rendered":"<p>Froid comme la glace\u00a0! Un grand EVG \u00e0 Barcelone doit avoir une activit\u00e9 hors du commun comme l&rsquo;Ice Bar de Barcelone, le bar le plus cool au monde\u00a0! Enfilez la veste sp\u00e9ciale et les gants fournis, et dirigez-vous dans le\u00a0bar pour prendre un cocktail de glace (dans des verres de glace, naturellement). Un superbe igloo, [&hellip;]<\/p>\n","protected":false},"featured_media":3189,"comment_status":"closed","ping_status":"closed","template":"","meta":{"site-sidebar-layout":"default","site-content-layout":"default","ast-site-content-layout":"default","site-content-style":"default","site-sidebar-style":"default","ast-global-header-display":"","ast-banner-title-visibility":"","ast-main-header-display":"","ast-hfb-above-header-display":"","ast-hfb-below-header-display":"","ast-hfb-mobile-header-display":"","site-post-title":"","ast-breadcrumbs-content":"","ast-featured-img":"","footer-sml-layout":"","theme-transparent-header-meta":"default","adv-header-id-meta":"","stick-header-meta":"","header-above-stick-meta":"","header-main-stick-meta":"","header-below-stick-meta":"","astra-migrate-meta-layouts":"set","ast-page-background-enabled":"default","ast-page-background-meta":{"desktop":{"background-color":"var(--ast-global-color-4)","background-image":"","background-repeat":"repeat","background-position":"center center","background-size":"auto","background-attachment":"scroll","background-type":"","background-media":"","overlay-type":"","overlay-color":"","overlay-opacity":"","overlay-gradient":""},"tablet":{"background-color":"","background-image":"","background-repeat":"repeat","background-position":"center center","background-size":"auto","background-attachment":"scroll","background-type":"","background-media":"","overlay-type":"","overlay-color":"","overlay-opacity":"","overlay-gradient":""},"mobile":{"background-color":"","background-image":"","background-repeat":"repeat","background-position":"center center","background-size":"auto","background-attachment":"scroll","background-type":"","background-media":"","overlay-type":"","overlay-color":"","overlay-opacity":"","overlay-gradient":""}},"ast-content-background-meta":{"desktop":{"background-color":"var(--ast-global-color-5)","background-image":"","background-repeat":"repeat","background-position":"center center","background-size":"auto","background-attachment":"scroll","background-type":"","background-media":"","overlay-type":"","overlay-color":"","overlay-opacity":"","overlay-gradient":""},"tablet":{"background-color":"var(--ast-global-color-5)","background-image":"","background-repeat":"repeat","background-position":"center center","background-size":"auto","background-attachment":"scroll","background-type":"","background-media":"","overlay-type":"","overlay-color":"","overlay-opacity":"","overlay-gradient":""},"mobile":{"background-color":"var(--ast-global-color-5)","background-image":"","background-repeat":"repeat","background-position":"center center","background-size":"auto","background-attachment":"scroll","background-type":"","background-media":"","overlay-type":"","overlay-color":"","overlay-opacity":"","overlay-gradient":""}},"repeater_packs":""},"product_brand":[],"product_cat":[66,71,73],"product_tag":[36,35],"class_list":{"0":"post-4186","1":"product","2":"type-product","3":"status-publish","4":"has-post-thumbnail","6":"product_cat-hen-fr-2","7":"product_cat-night_activities-fr-2","8":"product_cat-stag-fr","9":"product_tag-hen","10":"product_tag-stag","11":"desktop-align-left","12":"tablet-align-left","13":"mobile-align-left","15":"first","16":"instock","17":"shipping-taxable","18":"product-type-simple"},"yoast_head":"<!-- This site is optimized with the Yoast SEO plugin v26.8 - https:\/\/yoast.com\/product\/yoast-seo-wordpress\/ -->\n<title>ICE BAR + COCKTAIL + ENTR\u00c9E EN BO\u00ceTE DE NUIT \u00c0 BARCELONE<\/title>\n<meta name=\"description\" content=\"Froid comme la glace\u00a0! Un grand EVG \u00e0 Barcelone doit avoir une activit\u00e9 hors du commun comme l&#039;Ice Bar de Barcelone, le bar le plus cool au monde\u00a0! Experience the coolest night out in Barcelona with our Ice Bar &amp; Ice Cocktail Nightclub Entry package. Chill out and party in style!\" \/>\n<meta name=\"robots\" content=\"index, follow, max-snippet:-1, max-image-preview:large, max-video-preview:-1\" \/>\n<link rel=\"canonical\" href=\"https:\/\/spanishbreak.com\/fr\/product\/ice-bar-ice-cocktail-nightclub-entry\/\" \/>\n<meta property=\"og:locale\" content=\"fr_FR\" \/>\n<meta property=\"og:type\" content=\"article\" \/>\n<meta property=\"og:title\" content=\"ICE BAR + COCKTAIL + ENTR\u00c9E EN BO\u00ceTE DE NUIT \u00c0 BARCELONE\" \/>\n<meta property=\"og:description\" content=\"Froid comme la glace\u00a0! Un grand EVG \u00e0 Barcelone doit avoir une activit\u00e9 hors du commun comme l&#039;Ice Bar de Barcelone, le bar le plus cool au monde\u00a0! Experience the coolest night out in Barcelona with our Ice Bar &amp; Ice Cocktail Nightclub Entry package. Chill out and party in style!\" \/>\n<meta property=\"og:url\" content=\"https:\/\/spanishbreak.com\/fr\/product\/ice-bar-ice-cocktail-nightclub-entry\/\" \/>\n<meta property=\"og:site_name\" content=\"Spanishbreak\" \/>\n<meta property=\"article:publisher\" content=\"https:\/\/www.facebook.com\/spanishbreak\" \/>\n<meta property=\"article:modified_time\" content=\"2025-03-28T11:59:10+00:00\" \/>\n<meta property=\"og:image\" content=\"https:\/\/spanishbreak.com\/wp-content\/uploads\/2022\/10\/Icebarcelonadj-900x506-1.jpg\" \/>\n\t<meta property=\"og:image:width\" content=\"900\" \/>\n\t<meta property=\"og:image:height\" content=\"506\" \/>\n\t<meta property=\"og:image:type\" content=\"image\/jpeg\" \/>\n<meta name=\"twitter:card\" content=\"summary_large_image\" \/>\n<meta name=\"twitter:label1\" content=\"Dur\u00e9e de lecture estim\u00e9e\" \/>\n\t<meta name=\"twitter:data1\" content=\"1 minute\" \/>\n<script type=\"application\/ld+json\" class=\"yoast-schema-graph\">{\"@context\":\"https:\/\/schema.org\",\"@graph\":[{\"@type\":[\"WebPage\",\"ItemPage\"],\"@id\":\"https:\/\/spanishbreak.com\/fr\/product\/ice-bar-ice-cocktail-nightclub-entry\/\",\"url\":\"https:\/\/spanishbreak.com\/fr\/product\/ice-bar-ice-cocktail-nightclub-entry\/\",\"name\":\"ICE BAR + COCKTAIL + ENTR\u00c9E EN BO\u00ceTE DE NUIT \u00c0 BARCELONE\",\"isPartOf\":{\"@id\":\"https:\/\/spanishbreak.com\/#website\"},\"primaryImageOfPage\":{\"@id\":\"https:\/\/spanishbreak.com\/fr\/product\/ice-bar-ice-cocktail-nightclub-entry\/#primaryimage\"},\"image\":{\"@id\":\"https:\/\/spanishbreak.com\/fr\/product\/ice-bar-ice-cocktail-nightclub-entry\/#primaryimage\"},\"thumbnailUrl\":\"https:\/\/spanishbreak.com\/wp-content\/uploads\/2022\/10\/Icebarcelonadj-900x506-1.jpg\",\"datePublished\":\"2022-10-25T14:09:56+00:00\",\"dateModified\":\"2025-03-28T11:59:10+00:00\",\"description\":\"Froid comme la glace\u00a0! Un grand EVG \u00e0 Barcelone doit avoir une activit\u00e9 hors du commun comme l'Ice Bar de Barcelone, le bar le plus cool au monde\u00a0! Experience the coolest night out in Barcelona with our Ice Bar & Ice Cocktail Nightclub Entry package. Chill out and party in style!\",\"breadcrumb\":{\"@id\":\"https:\/\/spanishbreak.com\/fr\/product\/ice-bar-ice-cocktail-nightclub-entry\/#breadcrumb\"},\"inLanguage\":\"fr-FR\",\"potentialAction\":[{\"@type\":\"ReadAction\",\"target\":[\"https:\/\/spanishbreak.com\/fr\/product\/ice-bar-ice-cocktail-nightclub-entry\/\"]}]},{\"@type\":\"ImageObject\",\"inLanguage\":\"fr-FR\",\"@id\":\"https:\/\/spanishbreak.com\/fr\/product\/ice-bar-ice-cocktail-nightclub-entry\/#primaryimage\",\"url\":\"https:\/\/spanishbreak.com\/wp-content\/uploads\/2022\/10\/Icebarcelonadj-900x506-1.jpg\",\"contentUrl\":\"https:\/\/spanishbreak.com\/wp-content\/uploads\/2022\/10\/Icebarcelonadj-900x506-1.jpg\",\"width\":900,\"height\":506},{\"@type\":\"BreadcrumbList\",\"@id\":\"https:\/\/spanishbreak.com\/fr\/product\/ice-bar-ice-cocktail-nightclub-entry\/#breadcrumb\",\"itemListElement\":[{\"@type\":\"ListItem\",\"position\":1,\"name\":\"Home\",\"item\":\"https:\/\/spanishbreak.com\/\"},{\"@type\":\"ListItem\",\"position\":2,\"name\":\"Boutique\",\"item\":\"https:\/\/spanishbreak.com\/boutique\/?lang=fr\"},{\"@type\":\"ListItem\",\"position\":3,\"name\":\"ICE BAR + COCKTAIL + ENTR\u00c9E EN BO\u00ceTE DE NUIT \u00c0 BARCELONE\"}]},{\"@type\":\"WebSite\",\"@id\":\"https:\/\/spanishbreak.com\/#website\",\"url\":\"https:\/\/spanishbreak.com\/\",\"name\":\"Spanish Break\",\"description\":\"Otro sitio realizado con WordPress\",\"publisher\":{\"@id\":\"https:\/\/spanishbreak.com\/#organization\"},\"potentialAction\":[{\"@type\":\"SearchAction\",\"target\":{\"@type\":\"EntryPoint\",\"urlTemplate\":\"https:\/\/spanishbreak.com\/?s={search_term_string}\"},\"query-input\":{\"@type\":\"PropertyValueSpecification\",\"valueRequired\":true,\"valueName\":\"search_term_string\"}}],\"inLanguage\":\"fr-FR\"},{\"@type\":\"Organization\",\"@id\":\"https:\/\/spanishbreak.com\/#organization\",\"name\":\"Spanish Break\",\"url\":\"https:\/\/spanishbreak.com\/\",\"logo\":{\"@type\":\"ImageObject\",\"inLanguage\":\"fr-FR\",\"@id\":\"https:\/\/spanishbreak.com\/#\/schema\/logo\/image\/\",\"url\":\"https:\/\/spanishbreak.com\/wp-content\/uploads\/2024\/03\/logo-spanish-break.png\",\"contentUrl\":\"https:\/\/spanishbreak.com\/wp-content\/uploads\/2024\/03\/logo-spanish-break.png\",\"width\":323,\"height\":37,\"caption\":\"Spanish Break\"},\"image\":{\"@id\":\"https:\/\/spanishbreak.com\/#\/schema\/logo\/image\/\"},\"sameAs\":[\"https:\/\/www.facebook.com\/spanishbreak\",\"https:\/\/www.instagram.com\/spanishbreakbcn\/\"]}]}<\/script>\n<!-- \/ Yoast SEO plugin. -->","yoast_head_json":{"title":"ICE BAR + COCKTAIL + ENTR\u00c9E EN BO\u00ceTE DE NUIT \u00c0 BARCELONE","description":"Froid comme la glace\u00a0! Un grand EVG \u00e0 Barcelone doit avoir une activit\u00e9 hors du commun comme l'Ice Bar de Barcelone, le bar le plus cool au monde\u00a0! Experience the coolest night out in Barcelona with our Ice Bar & Ice Cocktail Nightclub Entry package. Chill out and party in style!","robots":{"index":"index","follow":"follow","max-snippet":"max-snippet:-1","max-image-preview":"max-image-preview:large","max-video-preview":"max-video-preview:-1"},"canonical":"https:\/\/spanishbreak.com\/fr\/product\/ice-bar-ice-cocktail-nightclub-entry\/","og_locale":"fr_FR","og_type":"article","og_title":"ICE BAR + COCKTAIL + ENTR\u00c9E EN BO\u00ceTE DE NUIT \u00c0 BARCELONE","og_description":"Froid comme la glace\u00a0! Un grand EVG \u00e0 Barcelone doit avoir une activit\u00e9 hors du commun comme l'Ice Bar de Barcelone, le bar le plus cool au monde\u00a0! Experience the coolest night out in Barcelona with our Ice Bar & Ice Cocktail Nightclub Entry package. Chill out and party in style!","og_url":"https:\/\/spanishbreak.com\/fr\/product\/ice-bar-ice-cocktail-nightclub-entry\/","og_site_name":"Spanishbreak","article_publisher":"https:\/\/www.facebook.com\/spanishbreak","article_modified_time":"2025-03-28T11:59:10+00:00","og_image":[{"width":900,"height":506,"url":"https:\/\/spanishbreak.com\/wp-content\/uploads\/2022\/10\/Icebarcelonadj-900x506-1.jpg","type":"image\/jpeg"}],"twitter_card":"summary_large_image","twitter_misc":{"Dur\u00e9e de lecture estim\u00e9e":"1 minute"},"schema":{"@context":"https:\/\/schema.org","@graph":[{"@type":["WebPage","ItemPage"],"@id":"https:\/\/spanishbreak.com\/fr\/product\/ice-bar-ice-cocktail-nightclub-entry\/","url":"https:\/\/spanishbreak.com\/fr\/product\/ice-bar-ice-cocktail-nightclub-entry\/","name":"ICE BAR + COCKTAIL + ENTR\u00c9E EN BO\u00ceTE DE NUIT \u00c0 BARCELONE","isPartOf":{"@id":"https:\/\/spanishbreak.com\/#website"},"primaryImageOfPage":{"@id":"https:\/\/spanishbreak.com\/fr\/product\/ice-bar-ice-cocktail-nightclub-entry\/#primaryimage"},"image":{"@id":"https:\/\/spanishbreak.com\/fr\/product\/ice-bar-ice-cocktail-nightclub-entry\/#primaryimage"},"thumbnailUrl":"https:\/\/spanishbreak.com\/wp-content\/uploads\/2022\/10\/Icebarcelonadj-900x506-1.jpg","datePublished":"2022-10-25T14:09:56+00:00","dateModified":"2025-03-28T11:59:10+00:00","description":"Froid comme la glace\u00a0! Un grand EVG \u00e0 Barcelone doit avoir une activit\u00e9 hors du commun comme l'Ice Bar de Barcelone, le bar le plus cool au monde\u00a0! Experience the coolest night out in Barcelona with our Ice Bar & Ice Cocktail Nightclub Entry package. Chill out and party in style!","breadcrumb":{"@id":"https:\/\/spanishbreak.com\/fr\/product\/ice-bar-ice-cocktail-nightclub-entry\/#breadcrumb"},"inLanguage":"fr-FR","potentialAction":[{"@type":"ReadAction","target":["https:\/\/spanishbreak.com\/fr\/product\/ice-bar-ice-cocktail-nightclub-entry\/"]}]},{"@type":"ImageObject","inLanguage":"fr-FR","@id":"https:\/\/spanishbreak.com\/fr\/product\/ice-bar-ice-cocktail-nightclub-entry\/#primaryimage","url":"https:\/\/spanishbreak.com\/wp-content\/uploads\/2022\/10\/Icebarcelonadj-900x506-1.jpg","contentUrl":"https:\/\/spanishbreak.com\/wp-content\/uploads\/2022\/10\/Icebarcelonadj-900x506-1.jpg","width":900,"height":506},{"@type":"BreadcrumbList","@id":"https:\/\/spanishbreak.com\/fr\/product\/ice-bar-ice-cocktail-nightclub-entry\/#breadcrumb","itemListElement":[{"@type":"ListItem","position":1,"name":"Home","item":"https:\/\/spanishbreak.com\/"},{"@type":"ListItem","position":2,"name":"Boutique","item":"https:\/\/spanishbreak.com\/boutique\/?lang=fr"},{"@type":"ListItem","position":3,"name":"ICE BAR + COCKTAIL + ENTR\u00c9E EN BO\u00ceTE DE NUIT \u00c0 BARCELONE"}]},{"@type":"WebSite","@id":"https:\/\/spanishbreak.com\/#website","url":"https:\/\/spanishbreak.com\/","name":"Spanish Break","description":"Otro sitio realizado con WordPress","publisher":{"@id":"https:\/\/spanishbreak.com\/#organization"},"potentialAction":[{"@type":"SearchAction","target":{"@type":"EntryPoint","urlTemplate":"https:\/\/spanishbreak.com\/?s={search_term_string}"},"query-input":{"@type":"PropertyValueSpecification","valueRequired":true,"valueName":"search_term_string"}}],"inLanguage":"fr-FR"},{"@type":"Organization","@id":"https:\/\/spanishbreak.com\/#organization","name":"Spanish Break","url":"https:\/\/spanishbreak.com\/","logo":{"@type":"ImageObject","inLanguage":"fr-FR","@id":"https:\/\/spanishbreak.com\/#\/schema\/logo\/image\/","url":"https:\/\/spanishbreak.com\/wp-content\/uploads\/2024\/03\/logo-spanish-break.png","contentUrl":"https:\/\/spanishbreak.com\/wp-content\/uploads\/2024\/03\/logo-spanish-break.png","width":323,"height":37,"caption":"Spanish Break"},"image":{"@id":"https:\/\/spanishbreak.com\/#\/schema\/logo\/image\/"},"sameAs":["https:\/\/www.facebook.com\/spanishbreak","https:\/\/www.instagram.com\/spanishbreakbcn\/"]}]}},"_links":{"self":[{"href":"https:\/\/spanishbreak.com\/fr\/wp-json\/wp\/v2\/product\/4186","targetHints":{"allow":["GET"]}}],"collection":[{"href":"https:\/\/spanishbreak.com\/fr\/wp-json\/wp\/v2\/product"}],"about":[{"href":"https:\/\/spanishbreak.com\/fr\/wp-json\/wp\/v2\/types\/product"}],"replies":[{"embeddable":true,"href":"https:\/\/spanishbreak.com\/fr\/wp-json\/wp\/v2\/comments?post=4186"}],"wp:featuredmedia":[{"embeddable":true,"href":"https:\/\/spanishbreak.com\/fr\/wp-json\/wp\/v2\/media\/3189"}],"wp:attachment":[{"href":"https:\/\/spanishbreak.com\/fr\/wp-json\/wp\/v2\/media?parent=4186"}],"wp:term":[{"taxonomy":"product_brand","embeddable":true,"href":"https:\/\/spanishbreak.com\/fr\/wp-json\/wp\/v2\/product_brand?post=4186"},{"taxonomy":"product_cat","embeddable":true,"href":"https:\/\/spanishbreak.com\/fr\/wp-json\/wp\/v2\/product_cat?post=4186"},{"taxonomy":"product_tag","embeddable":true,"href":"https:\/\/spanishbreak.com\/fr\/wp-json\/wp\/v2\/product_tag?post=4186"}],"curies":[{"name":"wp","href":"https:\/\/api.w.org\/{rel}","templated":true}]}}