{"id":4188,"date":"2022-10-25T13:50:34","date_gmt":"2022-10-25T11:50:34","guid":{"rendered":"https:\/\/spanishbreak.com\/producto\/limousine-hummer-1h-sexy-boy-mini-bar-crawl-night-club-entry\/"},"modified":"2025-12-17T15:16:27","modified_gmt":"2025-12-17T14:16:27","slug":"limousine-hummer-1h-sexy-boy-mini-bar-crawl-night-club-entry","status":"publish","type":"product","link":"https:\/\/spanishbreak.com\/fr\/product\/limousine-hummer-1h-sexy-boy-mini-bar-crawl-night-club-entry\/","title":{"rendered":"HUMMER 1H + STRIPTEASEUR + MINI TOURN\u00c9E DES BARS + CLUB \u00c0 BARCELONE"},"content":{"rendered":"<p><strong>Une nuit \u00e0 se souvenir\u00a0!<\/strong><\/p>\n<p>Vous \u00eates assur\u00e9s de vous rappeler cette folle nuit pendant votre <strong>EVJF \u00e0 Barcelone <\/strong>pour toujours\u00a0!<\/p>\n<p>Une limousine Hummer viendra vous r\u00e9cup\u00e9rer dans un lieu convenu d\u2019avance, avec alcool \u00e0 bord ! Vous allez adorer vous balader \u00e0 travers les rues de Barcelone avec des boissons qui coulent \u00e0 flots et la musique \u00e0 fond\u00a0! Le moment pr\u00e9f\u00e9r\u00e9 de votre pote viendra \u00e0 mi-parcours de la balade quand la limousine prendra \u00e0 son bord un stripteaseur qui fera son show \u00e0 l\u2019int\u00e9rieur\u00a0!<\/p>\n<p>Apr\u00e8s cette surprise sexy, vous allez r\u00e9aliser une mini tourn\u00e9e des bars ! Vous irez dans certains des meilleurs bars de Barcelone sur le chemin de l\u2019une des bo\u00eetes de nuit les plus chaudes de Barcelone, o\u00f9 vous pourrez faire la f\u00eate jusqu\u2019au lever de soleil\u00a0!<\/p>\n","protected":false},"excerpt":{"rendered":"<p>Une nuit \u00e0 se souvenir\u00a0! Vous \u00eates assur\u00e9s de vous rappeler cette folle nuit pendant votre EVJF \u00e0 Barcelone pour toujours\u00a0! Une limousine Hummer viendra vous r\u00e9cup\u00e9rer dans un lieu convenu d\u2019avance, avec alcool \u00e0 bord ! Vous allez adorer vous balader \u00e0 travers les rues de Barcelone avec des boissons qui coulent \u00e0 flots [&hellip;]<\/p>\n","protected":false},"featured_media":3387,"comment_status":"closed","ping_status":"closed","template":"","meta":{"site-sidebar-layout":"default","site-content-layout":"default","ast-site-content-layout":"default","site-content-style":"default","site-sidebar-style":"default","ast-global-header-display":"","ast-banner-title-visibility":"","ast-main-header-display":"","ast-hfb-above-header-display":"","ast-hfb-below-header-display":"","ast-hfb-mobile-header-display":"","site-post-title":"","ast-breadcrumbs-content":"","ast-featured-img":"","footer-sml-layout":"","theme-transparent-header-meta":"default","adv-header-id-meta":"","stick-header-meta":"","header-above-stick-meta":"","header-main-stick-meta":"","header-below-stick-meta":"","astra-migrate-meta-layouts":"set","ast-page-background-enabled":"default","ast-page-background-meta":{"desktop":{"background-color":"var(--ast-global-color-4)","background-image":"","background-repeat":"repeat","background-position":"center center","background-size":"auto","background-attachment":"scroll","background-type":"","background-media":"","overlay-type":"","overlay-color":"","overlay-opacity":"","overlay-gradient":""},"tablet":{"background-color":"","background-image":"","background-repeat":"repeat","background-position":"center center","background-size":"auto","background-attachment":"scroll","background-type":"","background-media":"","overlay-type":"","overlay-color":"","overlay-opacity":"","overlay-gradient":""},"mobile":{"background-color":"","background-image":"","background-repeat":"repeat","background-position":"center center","background-size":"auto","background-attachment":"scroll","background-type":"","background-media":"","overlay-type":"","overlay-color":"","overlay-opacity":"","overlay-gradient":""}},"ast-content-background-meta":{"desktop":{"background-color":"var(--ast-global-color-5)","background-image":"","background-repeat":"repeat","background-position":"center center","background-size":"auto","background-attachment":"scroll","background-type":"","background-media":"","overlay-type":"","overlay-color":"","overlay-opacity":"","overlay-gradient":""},"tablet":{"background-color":"var(--ast-global-color-5)","background-image":"","background-repeat":"repeat","background-position":"center center","background-size":"auto","background-attachment":"scroll","background-type":"","background-media":"","overlay-type":"","overlay-color":"","overlay-opacity":"","overlay-gradient":""},"mobile":{"background-color":"var(--ast-global-color-5)","background-image":"","background-repeat":"repeat","background-position":"center center","background-size":"auto","background-attachment":"scroll","background-type":"","background-media":"","overlay-type":"","overlay-color":"","overlay-opacity":"","overlay-gradient":""}},"repeater_packs":""},"product_brand":[],"product_cat":[66,71],"product_tag":[36],"class_list":{"0":"post-4188","1":"product","2":"type-product","3":"status-publish","4":"has-post-thumbnail","6":"product_cat-hen-fr-2","7":"product_cat-night_activities-fr-2","8":"product_tag-hen","9":"desktop-align-left","10":"tablet-align-left","11":"mobile-align-left","13":"first","14":"instock","15":"shipping-taxable","16":"product-type-simple"},"yoast_head":"<!-- This site is optimized with the Yoast SEO plugin v26.8 - https:\/\/yoast.com\/product\/yoast-seo-wordpress\/ -->\n<title>HUMMER 1H + STRIPTEASEUR + MINI TOURN\u00c9E DES BARS + CLUB \u00c0 BARCELONE Limousine Hummer 1h Sexy Boy Mini Bar Crawl Night Club Entr\u00e9e<\/title>\n<meta name=\"description\" content=\"Une nuit \u00e0 se souvenir\u00a0! Vous \u00eates assur\u00e9s de vous rappeler cette folle nuit pendant votre EVJF \u00e0 Barcelone pour toujours\u00a0! Une limousine Hummer viendra Vivez la soir\u00e9e ultime avec notre forfait limousine Hummer! Profitez d\u2019un mini-bar et d\u2019une entr\u00e9e VIP dans les meilleures bo\u00eetes de nuit. R\u00e9servez maintenant!\" \/>\n<meta name=\"robots\" content=\"index, follow, max-snippet:-1, max-image-preview:large, max-video-preview:-1\" \/>\n<link rel=\"canonical\" href=\"https:\/\/spanishbreak.com\/fr\/product\/limousine-hummer-1h-sexy-boy-mini-bar-crawl-night-club-entry\/\" \/>\n<meta property=\"og:locale\" content=\"fr_FR\" \/>\n<meta property=\"og:type\" content=\"article\" \/>\n<meta property=\"og:title\" content=\"HUMMER 1H + STRIPTEASEUR + MINI TOURN\u00c9E DES BARS + CLUB \u00c0 BARCELONE Limousine Hummer 1h Sexy Boy Mini Bar Crawl Night Club Entr\u00e9e\" \/>\n<meta property=\"og:description\" content=\"Une nuit \u00e0 se souvenir\u00a0! Vous \u00eates assur\u00e9s de vous rappeler cette folle nuit pendant votre EVJF \u00e0 Barcelone pour toujours\u00a0! Une limousine Hummer viendra Vivez la soir\u00e9e ultime avec notre forfait limousine Hummer! Profitez d\u2019un mini-bar et d\u2019une entr\u00e9e VIP dans les meilleures bo\u00eetes de nuit. R\u00e9servez maintenant!\" \/>\n<meta property=\"og:url\" content=\"https:\/\/spanishbreak.com\/fr\/product\/limousine-hummer-1h-sexy-boy-mini-bar-crawl-night-club-entry\/\" \/>\n<meta property=\"og:site_name\" content=\"Spanishbreak\" \/>\n<meta property=\"article:publisher\" content=\"https:\/\/www.facebook.com\/spanishbreak\" \/>\n<meta property=\"article:modified_time\" content=\"2025-12-17T14:16:27+00:00\" \/>\n<meta property=\"og:image\" content=\"https:\/\/spanishbreak.com\/wp-content\/uploads\/2022\/10\/1111111LIMOUSINE-HUMMER-1H-SEXY-BOY-MINI-BAR-CRAWL-NIGHT-CLUB-ENTRY.jpg\" \/>\n\t<meta property=\"og:image:width\" content=\"1500\" \/>\n\t<meta property=\"og:image:height\" content=\"1000\" \/>\n\t<meta property=\"og:image:type\" content=\"image\/jpeg\" \/>\n<meta name=\"twitter:card\" content=\"summary_large_image\" \/>\n<meta name=\"twitter:label1\" content=\"Dur\u00e9e de lecture estim\u00e9e\" \/>\n\t<meta name=\"twitter:data1\" content=\"1 minute\" \/>\n<script type=\"application\/ld+json\" class=\"yoast-schema-graph\">{\"@context\":\"https:\/\/schema.org\",\"@graph\":[{\"@type\":[\"WebPage\",\"ItemPage\"],\"@id\":\"https:\/\/spanishbreak.com\/fr\/product\/limousine-hummer-1h-sexy-boy-mini-bar-crawl-night-club-entry\/\",\"url\":\"https:\/\/spanishbreak.com\/fr\/product\/limousine-hummer-1h-sexy-boy-mini-bar-crawl-night-club-entry\/\",\"name\":\"HUMMER 1H + STRIPTEASEUR + MINI TOURN\u00c9E DES BARS + CLUB \u00c0 BARCELONE Limousine Hummer 1h Sexy Boy Mini Bar Crawl Night Club Entr\u00e9e\",\"isPartOf\":{\"@id\":\"https:\/\/spanishbreak.com\/#website\"},\"primaryImageOfPage\":{\"@id\":\"https:\/\/spanishbreak.com\/fr\/product\/limousine-hummer-1h-sexy-boy-mini-bar-crawl-night-club-entry\/#primaryimage\"},\"image\":{\"@id\":\"https:\/\/spanishbreak.com\/fr\/product\/limousine-hummer-1h-sexy-boy-mini-bar-crawl-night-club-entry\/#primaryimage\"},\"thumbnailUrl\":\"https:\/\/spanishbreak.com\/wp-content\/uploads\/2022\/10\/1111111LIMOUSINE-HUMMER-1H-SEXY-BOY-MINI-BAR-CRAWL-NIGHT-CLUB-ENTRY.jpg\",\"datePublished\":\"2022-10-25T11:50:34+00:00\",\"dateModified\":\"2025-12-17T14:16:27+00:00\",\"description\":\"Une nuit \u00e0 se souvenir\u00a0! Vous \u00eates assur\u00e9s de vous rappeler cette folle nuit pendant votre EVJF \u00e0 Barcelone pour toujours\u00a0! Une limousine Hummer viendra Vivez la soir\u00e9e ultime avec notre forfait limousine Hummer! Profitez d\u2019un mini-bar et d\u2019une entr\u00e9e VIP dans les meilleures bo\u00eetes de nuit. R\u00e9servez maintenant!\",\"breadcrumb\":{\"@id\":\"https:\/\/spanishbreak.com\/fr\/product\/limousine-hummer-1h-sexy-boy-mini-bar-crawl-night-club-entry\/#breadcrumb\"},\"inLanguage\":\"fr-FR\",\"potentialAction\":[{\"@type\":\"ReadAction\",\"target\":[\"https:\/\/spanishbreak.com\/fr\/product\/limousine-hummer-1h-sexy-boy-mini-bar-crawl-night-club-entry\/\"]}]},{\"@type\":\"ImageObject\",\"inLanguage\":\"fr-FR\",\"@id\":\"https:\/\/spanishbreak.com\/fr\/product\/limousine-hummer-1h-sexy-boy-mini-bar-crawl-night-club-entry\/#primaryimage\",\"url\":\"https:\/\/spanishbreak.com\/wp-content\/uploads\/2022\/10\/1111111LIMOUSINE-HUMMER-1H-SEXY-BOY-MINI-BAR-CRAWL-NIGHT-CLUB-ENTRY.jpg\",\"contentUrl\":\"https:\/\/spanishbreak.com\/wp-content\/uploads\/2022\/10\/1111111LIMOUSINE-HUMMER-1H-SEXY-BOY-MINI-BAR-CRAWL-NIGHT-CLUB-ENTRY.jpg\",\"width\":1500,\"height\":1000,\"caption\":\"A picture of five girl friends relaxing with facial masks on over white background\"},{\"@type\":\"BreadcrumbList\",\"@id\":\"https:\/\/spanishbreak.com\/fr\/product\/limousine-hummer-1h-sexy-boy-mini-bar-crawl-night-club-entry\/#breadcrumb\",\"itemListElement\":[{\"@type\":\"ListItem\",\"position\":1,\"name\":\"Home\",\"item\":\"https:\/\/spanishbreak.com\/\"},{\"@type\":\"ListItem\",\"position\":2,\"name\":\"Boutique\",\"item\":\"https:\/\/spanishbreak.com\/boutique\/?lang=fr\"},{\"@type\":\"ListItem\",\"position\":3,\"name\":\"HUMMER 1H + STRIPTEASEUR + MINI TOURN\u00c9E DES BARS + CLUB \u00c0 BARCELONE\"}]},{\"@type\":\"WebSite\",\"@id\":\"https:\/\/spanishbreak.com\/#website\",\"url\":\"https:\/\/spanishbreak.com\/\",\"name\":\"Spanish Break\",\"description\":\"Otro sitio realizado con WordPress\",\"publisher\":{\"@id\":\"https:\/\/spanishbreak.com\/#organization\"},\"potentialAction\":[{\"@type\":\"SearchAction\",\"target\":{\"@type\":\"EntryPoint\",\"urlTemplate\":\"https:\/\/spanishbreak.com\/?s={search_term_string}\"},\"query-input\":{\"@type\":\"PropertyValueSpecification\",\"valueRequired\":true,\"valueName\":\"search_term_string\"}}],\"inLanguage\":\"fr-FR\"},{\"@type\":\"Organization\",\"@id\":\"https:\/\/spanishbreak.com\/#organization\",\"name\":\"Spanish Break\",\"url\":\"https:\/\/spanishbreak.com\/\",\"logo\":{\"@type\":\"ImageObject\",\"inLanguage\":\"fr-FR\",\"@id\":\"https:\/\/spanishbreak.com\/#\/schema\/logo\/image\/\",\"url\":\"https:\/\/spanishbreak.com\/wp-content\/uploads\/2024\/03\/logo-spanish-break.png\",\"contentUrl\":\"https:\/\/spanishbreak.com\/wp-content\/uploads\/2024\/03\/logo-spanish-break.png\",\"width\":323,\"height\":37,\"caption\":\"Spanish Break\"},\"image\":{\"@id\":\"https:\/\/spanishbreak.com\/#\/schema\/logo\/image\/\"},\"sameAs\":[\"https:\/\/www.facebook.com\/spanishbreak\",\"https:\/\/www.instagram.com\/spanishbreakbcn\/\"]}]}<\/script>\n<!-- \/ Yoast SEO plugin. -->","yoast_head_json":{"title":"HUMMER 1H + STRIPTEASEUR + MINI TOURN\u00c9E DES BARS + CLUB \u00c0 BARCELONE Limousine Hummer 1h Sexy Boy Mini Bar Crawl Night Club Entr\u00e9e","description":"Une nuit \u00e0 se souvenir\u00a0! Vous \u00eates assur\u00e9s de vous rappeler cette folle nuit pendant votre EVJF \u00e0 Barcelone pour toujours\u00a0! Une limousine Hummer viendra Vivez la soir\u00e9e ultime avec notre forfait limousine Hummer! Profitez d\u2019un mini-bar et d\u2019une entr\u00e9e VIP dans les meilleures bo\u00eetes de nuit. R\u00e9servez maintenant!","robots":{"index":"index","follow":"follow","max-snippet":"max-snippet:-1","max-image-preview":"max-image-preview:large","max-video-preview":"max-video-preview:-1"},"canonical":"https:\/\/spanishbreak.com\/fr\/product\/limousine-hummer-1h-sexy-boy-mini-bar-crawl-night-club-entry\/","og_locale":"fr_FR","og_type":"article","og_title":"HUMMER 1H + STRIPTEASEUR + MINI TOURN\u00c9E DES BARS + CLUB \u00c0 BARCELONE Limousine Hummer 1h Sexy Boy Mini Bar Crawl Night Club Entr\u00e9e","og_description":"Une nuit \u00e0 se souvenir\u00a0! Vous \u00eates assur\u00e9s de vous rappeler cette folle nuit pendant votre EVJF \u00e0 Barcelone pour toujours\u00a0! Une limousine Hummer viendra Vivez la soir\u00e9e ultime avec notre forfait limousine Hummer! Profitez d\u2019un mini-bar et d\u2019une entr\u00e9e VIP dans les meilleures bo\u00eetes de nuit. R\u00e9servez maintenant!","og_url":"https:\/\/spanishbreak.com\/fr\/product\/limousine-hummer-1h-sexy-boy-mini-bar-crawl-night-club-entry\/","og_site_name":"Spanishbreak","article_publisher":"https:\/\/www.facebook.com\/spanishbreak","article_modified_time":"2025-12-17T14:16:27+00:00","og_image":[{"width":1500,"height":1000,"url":"https:\/\/spanishbreak.com\/wp-content\/uploads\/2022\/10\/1111111LIMOUSINE-HUMMER-1H-SEXY-BOY-MINI-BAR-CRAWL-NIGHT-CLUB-ENTRY.jpg","type":"image\/jpeg"}],"twitter_card":"summary_large_image","twitter_misc":{"Dur\u00e9e de lecture estim\u00e9e":"1 minute"},"schema":{"@context":"https:\/\/schema.org","@graph":[{"@type":["WebPage","ItemPage"],"@id":"https:\/\/spanishbreak.com\/fr\/product\/limousine-hummer-1h-sexy-boy-mini-bar-crawl-night-club-entry\/","url":"https:\/\/spanishbreak.com\/fr\/product\/limousine-hummer-1h-sexy-boy-mini-bar-crawl-night-club-entry\/","name":"HUMMER 1H + STRIPTEASEUR + MINI TOURN\u00c9E DES BARS + CLUB \u00c0 BARCELONE Limousine Hummer 1h Sexy Boy Mini Bar Crawl Night Club Entr\u00e9e","isPartOf":{"@id":"https:\/\/spanishbreak.com\/#website"},"primaryImageOfPage":{"@id":"https:\/\/spanishbreak.com\/fr\/product\/limousine-hummer-1h-sexy-boy-mini-bar-crawl-night-club-entry\/#primaryimage"},"image":{"@id":"https:\/\/spanishbreak.com\/fr\/product\/limousine-hummer-1h-sexy-boy-mini-bar-crawl-night-club-entry\/#primaryimage"},"thumbnailUrl":"https:\/\/spanishbreak.com\/wp-content\/uploads\/2022\/10\/1111111LIMOUSINE-HUMMER-1H-SEXY-BOY-MINI-BAR-CRAWL-NIGHT-CLUB-ENTRY.jpg","datePublished":"2022-10-25T11:50:34+00:00","dateModified":"2025-12-17T14:16:27+00:00","description":"Une nuit \u00e0 se souvenir\u00a0! Vous \u00eates assur\u00e9s de vous rappeler cette folle nuit pendant votre EVJF \u00e0 Barcelone pour toujours\u00a0! Une limousine Hummer viendra Vivez la soir\u00e9e ultime avec notre forfait limousine Hummer! Profitez d\u2019un mini-bar et d\u2019une entr\u00e9e VIP dans les meilleures bo\u00eetes de nuit. R\u00e9servez maintenant!","breadcrumb":{"@id":"https:\/\/spanishbreak.com\/fr\/product\/limousine-hummer-1h-sexy-boy-mini-bar-crawl-night-club-entry\/#breadcrumb"},"inLanguage":"fr-FR","potentialAction":[{"@type":"ReadAction","target":["https:\/\/spanishbreak.com\/fr\/product\/limousine-hummer-1h-sexy-boy-mini-bar-crawl-night-club-entry\/"]}]},{"@type":"ImageObject","inLanguage":"fr-FR","@id":"https:\/\/spanishbreak.com\/fr\/product\/limousine-hummer-1h-sexy-boy-mini-bar-crawl-night-club-entry\/#primaryimage","url":"https:\/\/spanishbreak.com\/wp-content\/uploads\/2022\/10\/1111111LIMOUSINE-HUMMER-1H-SEXY-BOY-MINI-BAR-CRAWL-NIGHT-CLUB-ENTRY.jpg","contentUrl":"https:\/\/spanishbreak.com\/wp-content\/uploads\/2022\/10\/1111111LIMOUSINE-HUMMER-1H-SEXY-BOY-MINI-BAR-CRAWL-NIGHT-CLUB-ENTRY.jpg","width":1500,"height":1000,"caption":"A picture of five girl friends relaxing with facial masks on over white background"},{"@type":"BreadcrumbList","@id":"https:\/\/spanishbreak.com\/fr\/product\/limousine-hummer-1h-sexy-boy-mini-bar-crawl-night-club-entry\/#breadcrumb","itemListElement":[{"@type":"ListItem","position":1,"name":"Home","item":"https:\/\/spanishbreak.com\/"},{"@type":"ListItem","position":2,"name":"Boutique","item":"https:\/\/spanishbreak.com\/boutique\/?lang=fr"},{"@type":"ListItem","position":3,"name":"HUMMER 1H + STRIPTEASEUR + MINI TOURN\u00c9E DES BARS + CLUB \u00c0 BARCELONE"}]},{"@type":"WebSite","@id":"https:\/\/spanishbreak.com\/#website","url":"https:\/\/spanishbreak.com\/","name":"Spanish Break","description":"Otro sitio realizado con WordPress","publisher":{"@id":"https:\/\/spanishbreak.com\/#organization"},"potentialAction":[{"@type":"SearchAction","target":{"@type":"EntryPoint","urlTemplate":"https:\/\/spanishbreak.com\/?s={search_term_string}"},"query-input":{"@type":"PropertyValueSpecification","valueRequired":true,"valueName":"search_term_string"}}],"inLanguage":"fr-FR"},{"@type":"Organization","@id":"https:\/\/spanishbreak.com\/#organization","name":"Spanish Break","url":"https:\/\/spanishbreak.com\/","logo":{"@type":"ImageObject","inLanguage":"fr-FR","@id":"https:\/\/spanishbreak.com\/#\/schema\/logo\/image\/","url":"https:\/\/spanishbreak.com\/wp-content\/uploads\/2024\/03\/logo-spanish-break.png","contentUrl":"https:\/\/spanishbreak.com\/wp-content\/uploads\/2024\/03\/logo-spanish-break.png","width":323,"height":37,"caption":"Spanish Break"},"image":{"@id":"https:\/\/spanishbreak.com\/#\/schema\/logo\/image\/"},"sameAs":["https:\/\/www.facebook.com\/spanishbreak","https:\/\/www.instagram.com\/spanishbreakbcn\/"]}]}},"_links":{"self":[{"href":"https:\/\/spanishbreak.com\/fr\/wp-json\/wp\/v2\/product\/4188","targetHints":{"allow":["GET"]}}],"collection":[{"href":"https:\/\/spanishbreak.com\/fr\/wp-json\/wp\/v2\/product"}],"about":[{"href":"https:\/\/spanishbreak.com\/fr\/wp-json\/wp\/v2\/types\/product"}],"replies":[{"embeddable":true,"href":"https:\/\/spanishbreak.com\/fr\/wp-json\/wp\/v2\/comments?post=4188"}],"wp:featuredmedia":[{"embeddable":true,"href":"https:\/\/spanishbreak.com\/fr\/wp-json\/wp\/v2\/media\/3387"}],"wp:attachment":[{"href":"https:\/\/spanishbreak.com\/fr\/wp-json\/wp\/v2\/media?parent=4188"}],"wp:term":[{"taxonomy":"product_brand","embeddable":true,"href":"https:\/\/spanishbreak.com\/fr\/wp-json\/wp\/v2\/product_brand?post=4188"},{"taxonomy":"product_cat","embeddable":true,"href":"https:\/\/spanishbreak.com\/fr\/wp-json\/wp\/v2\/product_cat?post=4188"},{"taxonomy":"product_tag","embeddable":true,"href":"https:\/\/spanishbreak.com\/fr\/wp-json\/wp\/v2\/product_tag?post=4188"}],"curies":[{"name":"wp","href":"https:\/\/api.w.org\/{rel}","templated":true}]}}