{"id":4191,"date":"2022-10-25T13:21:51","date_gmt":"2022-10-25T11:21:51","guid":{"rendered":"https:\/\/spanishbreak.com\/producto\/hen-steak-dinner-stripper-drinks-nightclub\/"},"modified":"2025-12-17T15:17:25","modified_gmt":"2025-12-17T14:17:25","slug":"hen-steak-dinner-stripper-drinks-nightclub","status":"publish","type":"product","link":"https:\/\/spanishbreak.com\/fr\/product\/hen-steak-dinner-stripper-drinks-nightclub\/","title":{"rendered":"D\u00ceNER D&rsquo;EVJF, STRIPTEASEUR, BOISSONS ET BO\u00ceTE DE NUIT \u00c0 BARCELONE"},"content":{"rendered":"<p><strong>Le plus chaud des enterrements de vie de\u00a0jeune fille\u00a0!<\/strong><\/p>\n<p>Vous cherchez une soir\u00e9e de malade pour votre <strong>EVJF \u00e0 Barcelone<\/strong>\u00a0? Vous ne pouvez pas vous tromper avec celle-l\u00e0 : un bon\u00a0<strong>repas, un stripteaseur, de la sangria \u00e0 volont\u00e9 et une entr\u00e9e en bo\u00eete de nuit <\/strong>!<\/p>\n<p>Vous commencerez votre soir\u00e9e quand vous arriverez au restaurant situ\u00e9 dans le centre. Un copieux repas complet vous attendra, qui comprend un bon morceau de steak et autant de sangria que vous le d\u00e9sirez\u00a0!<\/p>\n<p>Alors que votre\u00a0pote d\u00e9guste son repas,\u00a0elle ignore qu\u2019un stripteaseur sexy arrivera au milieu du repas pour lui en mettre plein la vue; un show sexy super-torride par l\u2019un des stripteaseur les plus chauds de Barcelone\u00a0!<\/p>\n<p>Pompettes et de bonne humeur, vous serez pr\u00eates pour vous rendre dans l\u2019une des bo\u00eetes de nuit les plus chaudes de Barcelone, o\u00f9 vous pourrez faire la f\u00eate jusqu\u2019au lever du soleil\u00a0!<\/p>\n","protected":false},"excerpt":{"rendered":"<p>Le plus chaud des enterrements de vie de\u00a0jeune fille\u00a0! Vous cherchez une soir\u00e9e de malade pour votre EVJF \u00e0 Barcelone\u00a0? Vous ne pouvez pas vous tromper avec celle-l\u00e0 : un bon\u00a0repas, un stripteaseur, de la sangria \u00e0 volont\u00e9 et une entr\u00e9e en bo\u00eete de nuit ! Vous commencerez votre soir\u00e9e quand vous arriverez au restaurant [&hellip;]<\/p>\n","protected":false},"featured_media":3312,"comment_status":"closed","ping_status":"closed","template":"","meta":{"site-sidebar-layout":"default","site-content-layout":"default","ast-site-content-layout":"default","site-content-style":"default","site-sidebar-style":"default","ast-global-header-display":"","ast-banner-title-visibility":"","ast-main-header-display":"","ast-hfb-above-header-display":"","ast-hfb-below-header-display":"","ast-hfb-mobile-header-display":"","site-post-title":"","ast-breadcrumbs-content":"","ast-featured-img":"","footer-sml-layout":"","theme-transparent-header-meta":"default","adv-header-id-meta":"","stick-header-meta":"","header-above-stick-meta":"","header-main-stick-meta":"","header-below-stick-meta":"","astra-migrate-meta-layouts":"set","ast-page-background-enabled":"default","ast-page-background-meta":{"desktop":{"background-color":"var(--ast-global-color-4)","background-image":"","background-repeat":"repeat","background-position":"center center","background-size":"auto","background-attachment":"scroll","background-type":"","background-media":"","overlay-type":"","overlay-color":"","overlay-opacity":"","overlay-gradient":""},"tablet":{"background-color":"","background-image":"","background-repeat":"repeat","background-position":"center center","background-size":"auto","background-attachment":"scroll","background-type":"","background-media":"","overlay-type":"","overlay-color":"","overlay-opacity":"","overlay-gradient":""},"mobile":{"background-color":"","background-image":"","background-repeat":"repeat","background-position":"center center","background-size":"auto","background-attachment":"scroll","background-type":"","background-media":"","overlay-type":"","overlay-color":"","overlay-opacity":"","overlay-gradient":""}},"ast-content-background-meta":{"desktop":{"background-color":"var(--ast-global-color-5)","background-image":"","background-repeat":"repeat","background-position":"center center","background-size":"auto","background-attachment":"scroll","background-type":"","background-media":"","overlay-type":"","overlay-color":"","overlay-opacity":"","overlay-gradient":""},"tablet":{"background-color":"var(--ast-global-color-5)","background-image":"","background-repeat":"repeat","background-position":"center center","background-size":"auto","background-attachment":"scroll","background-type":"","background-media":"","overlay-type":"","overlay-color":"","overlay-opacity":"","overlay-gradient":""},"mobile":{"background-color":"var(--ast-global-color-5)","background-image":"","background-repeat":"repeat","background-position":"center center","background-size":"auto","background-attachment":"scroll","background-type":"","background-media":"","overlay-type":"","overlay-color":"","overlay-opacity":"","overlay-gradient":""}},"repeater_packs":""},"product_brand":[],"product_cat":[66,71],"product_tag":[36],"class_list":{"0":"post-4191","1":"product","2":"type-product","3":"status-publish","4":"has-post-thumbnail","6":"product_cat-hen-fr-2","7":"product_cat-night_activities-fr-2","8":"product_tag-hen","9":"desktop-align-left","10":"tablet-align-left","11":"mobile-align-left","13":"first","14":"instock","15":"shipping-taxable","16":"product-type-simple"},"yoast_head":"<!-- This site is optimized with the Yoast SEO plugin v26.8 - https:\/\/yoast.com\/product\/yoast-seo-wordpress\/ -->\n<title>D\u00ceNER D&#039;EVJF, STRIPTEASEUR, BOISSONS ET BO\u00ceTE DE NUIT \u00c0 BARCELONE<\/title>\n<meta name=\"description\" content=\"Le plus chaud des enterrements de vie de\u00a0jeune fille\u00a0! Vous cherchez une soir\u00e9e de malade pour votre EVJF \u00e0 Barcelone\u00a0? Vous ne pouvez pas vous tromper\" \/>\n<meta name=\"robots\" content=\"index, follow, max-snippet:-1, max-image-preview:large, max-video-preview:-1\" \/>\n<link rel=\"canonical\" href=\"https:\/\/spanishbreak.com\/fr\/product\/hen-steak-dinner-stripper-drinks-nightclub\/\" \/>\n<meta property=\"og:locale\" content=\"fr_FR\" \/>\n<meta property=\"og:type\" content=\"article\" \/>\n<meta property=\"og:title\" content=\"D\u00ceNER D&#039;EVJF, STRIPTEASEUR, BOISSONS ET BO\u00ceTE DE NUIT \u00c0 BARCELONE\" \/>\n<meta property=\"og:description\" content=\"Le plus chaud des enterrements de vie de\u00a0jeune fille\u00a0! Vous cherchez une soir\u00e9e de malade pour votre EVJF \u00e0 Barcelone\u00a0? Vous ne pouvez pas vous tromper\" \/>\n<meta property=\"og:url\" content=\"https:\/\/spanishbreak.com\/fr\/product\/hen-steak-dinner-stripper-drinks-nightclub\/\" \/>\n<meta property=\"og:site_name\" content=\"Spanishbreak\" \/>\n<meta property=\"article:publisher\" content=\"https:\/\/www.facebook.com\/spanishbreak\" \/>\n<meta property=\"article:modified_time\" content=\"2025-12-17T14:17:25+00:00\" \/>\n<meta property=\"og:image\" content=\"https:\/\/spanishbreak.com\/wp-content\/uploads\/2022\/10\/HEN-STEAK-DINNER-STRIPPER-DRINKS-NIGHTCLUB.jpg\" \/>\n\t<meta property=\"og:image:width\" content=\"1500\" \/>\n\t<meta property=\"og:image:height\" content=\"1000\" \/>\n\t<meta property=\"og:image:type\" content=\"image\/jpeg\" \/>\n<meta name=\"twitter:card\" content=\"summary_large_image\" \/>\n<meta name=\"twitter:label1\" content=\"Dur\u00e9e de lecture estim\u00e9e\" \/>\n\t<meta name=\"twitter:data1\" content=\"1 minute\" \/>\n<script type=\"application\/ld+json\" class=\"yoast-schema-graph\">{\"@context\":\"https:\/\/schema.org\",\"@graph\":[{\"@type\":[\"WebPage\",\"ItemPage\"],\"@id\":\"https:\/\/spanishbreak.com\/fr\/product\/hen-steak-dinner-stripper-drinks-nightclub\/\",\"url\":\"https:\/\/spanishbreak.com\/fr\/product\/hen-steak-dinner-stripper-drinks-nightclub\/\",\"name\":\"D\u00ceNER D'EVJF, STRIPTEASEUR, BOISSONS ET BO\u00ceTE DE NUIT \u00c0 BARCELONE\",\"isPartOf\":{\"@id\":\"https:\/\/spanishbreak.com\/#website\"},\"primaryImageOfPage\":{\"@id\":\"https:\/\/spanishbreak.com\/fr\/product\/hen-steak-dinner-stripper-drinks-nightclub\/#primaryimage\"},\"image\":{\"@id\":\"https:\/\/spanishbreak.com\/fr\/product\/hen-steak-dinner-stripper-drinks-nightclub\/#primaryimage\"},\"thumbnailUrl\":\"https:\/\/spanishbreak.com\/wp-content\/uploads\/2022\/10\/HEN-STEAK-DINNER-STRIPPER-DRINKS-NIGHTCLUB.jpg\",\"datePublished\":\"2022-10-25T11:21:51+00:00\",\"dateModified\":\"2025-12-17T14:17:25+00:00\",\"description\":\"Le plus chaud des enterrements de vie de\u00a0jeune fille\u00a0! Vous cherchez une soir\u00e9e de malade pour votre EVJF \u00e0 Barcelone\u00a0? Vous ne pouvez pas vous tromper\",\"breadcrumb\":{\"@id\":\"https:\/\/spanishbreak.com\/fr\/product\/hen-steak-dinner-stripper-drinks-nightclub\/#breadcrumb\"},\"inLanguage\":\"fr-FR\",\"potentialAction\":[{\"@type\":\"ReadAction\",\"target\":[\"https:\/\/spanishbreak.com\/fr\/product\/hen-steak-dinner-stripper-drinks-nightclub\/\"]}]},{\"@type\":\"ImageObject\",\"inLanguage\":\"fr-FR\",\"@id\":\"https:\/\/spanishbreak.com\/fr\/product\/hen-steak-dinner-stripper-drinks-nightclub\/#primaryimage\",\"url\":\"https:\/\/spanishbreak.com\/wp-content\/uploads\/2022\/10\/HEN-STEAK-DINNER-STRIPPER-DRINKS-NIGHTCLUB.jpg\",\"contentUrl\":\"https:\/\/spanishbreak.com\/wp-content\/uploads\/2022\/10\/HEN-STEAK-DINNER-STRIPPER-DRINKS-NIGHTCLUB.jpg\",\"width\":1500,\"height\":1000,\"caption\":\"A picture of five girl friends relaxing with facial masks on over white background\"},{\"@type\":\"BreadcrumbList\",\"@id\":\"https:\/\/spanishbreak.com\/fr\/product\/hen-steak-dinner-stripper-drinks-nightclub\/#breadcrumb\",\"itemListElement\":[{\"@type\":\"ListItem\",\"position\":1,\"name\":\"Home\",\"item\":\"https:\/\/spanishbreak.com\/\"},{\"@type\":\"ListItem\",\"position\":2,\"name\":\"Boutique\",\"item\":\"https:\/\/spanishbreak.com\/boutique\/?lang=fr\"},{\"@type\":\"ListItem\",\"position\":3,\"name\":\"D\u00ceNER D&#8217;EVJF, STRIPTEASEUR, BOISSONS ET BO\u00ceTE DE NUIT \u00c0 BARCELONE\"}]},{\"@type\":\"WebSite\",\"@id\":\"https:\/\/spanishbreak.com\/#website\",\"url\":\"https:\/\/spanishbreak.com\/\",\"name\":\"Spanish Break\",\"description\":\"Otro sitio realizado con WordPress\",\"publisher\":{\"@id\":\"https:\/\/spanishbreak.com\/#organization\"},\"potentialAction\":[{\"@type\":\"SearchAction\",\"target\":{\"@type\":\"EntryPoint\",\"urlTemplate\":\"https:\/\/spanishbreak.com\/?s={search_term_string}\"},\"query-input\":{\"@type\":\"PropertyValueSpecification\",\"valueRequired\":true,\"valueName\":\"search_term_string\"}}],\"inLanguage\":\"fr-FR\"},{\"@type\":\"Organization\",\"@id\":\"https:\/\/spanishbreak.com\/#organization\",\"name\":\"Spanish Break\",\"url\":\"https:\/\/spanishbreak.com\/\",\"logo\":{\"@type\":\"ImageObject\",\"inLanguage\":\"fr-FR\",\"@id\":\"https:\/\/spanishbreak.com\/#\/schema\/logo\/image\/\",\"url\":\"https:\/\/spanishbreak.com\/wp-content\/uploads\/2024\/03\/logo-spanish-break.png\",\"contentUrl\":\"https:\/\/spanishbreak.com\/wp-content\/uploads\/2024\/03\/logo-spanish-break.png\",\"width\":323,\"height\":37,\"caption\":\"Spanish Break\"},\"image\":{\"@id\":\"https:\/\/spanishbreak.com\/#\/schema\/logo\/image\/\"},\"sameAs\":[\"https:\/\/www.facebook.com\/spanishbreak\",\"https:\/\/www.instagram.com\/spanishbreakbcn\/\"]}]}<\/script>\n<!-- \/ Yoast SEO plugin. -->","yoast_head_json":{"title":"D\u00ceNER D'EVJF, STRIPTEASEUR, BOISSONS ET BO\u00ceTE DE NUIT \u00c0 BARCELONE","description":"Le plus chaud des enterrements de vie de\u00a0jeune fille\u00a0! Vous cherchez une soir\u00e9e de malade pour votre EVJF \u00e0 Barcelone\u00a0? Vous ne pouvez pas vous tromper","robots":{"index":"index","follow":"follow","max-snippet":"max-snippet:-1","max-image-preview":"max-image-preview:large","max-video-preview":"max-video-preview:-1"},"canonical":"https:\/\/spanishbreak.com\/fr\/product\/hen-steak-dinner-stripper-drinks-nightclub\/","og_locale":"fr_FR","og_type":"article","og_title":"D\u00ceNER D'EVJF, STRIPTEASEUR, BOISSONS ET BO\u00ceTE DE NUIT \u00c0 BARCELONE","og_description":"Le plus chaud des enterrements de vie de\u00a0jeune fille\u00a0! Vous cherchez une soir\u00e9e de malade pour votre EVJF \u00e0 Barcelone\u00a0? Vous ne pouvez pas vous tromper","og_url":"https:\/\/spanishbreak.com\/fr\/product\/hen-steak-dinner-stripper-drinks-nightclub\/","og_site_name":"Spanishbreak","article_publisher":"https:\/\/www.facebook.com\/spanishbreak","article_modified_time":"2025-12-17T14:17:25+00:00","og_image":[{"width":1500,"height":1000,"url":"https:\/\/spanishbreak.com\/wp-content\/uploads\/2022\/10\/HEN-STEAK-DINNER-STRIPPER-DRINKS-NIGHTCLUB.jpg","type":"image\/jpeg"}],"twitter_card":"summary_large_image","twitter_misc":{"Dur\u00e9e de lecture estim\u00e9e":"1 minute"},"schema":{"@context":"https:\/\/schema.org","@graph":[{"@type":["WebPage","ItemPage"],"@id":"https:\/\/spanishbreak.com\/fr\/product\/hen-steak-dinner-stripper-drinks-nightclub\/","url":"https:\/\/spanishbreak.com\/fr\/product\/hen-steak-dinner-stripper-drinks-nightclub\/","name":"D\u00ceNER D'EVJF, STRIPTEASEUR, BOISSONS ET BO\u00ceTE DE NUIT \u00c0 BARCELONE","isPartOf":{"@id":"https:\/\/spanishbreak.com\/#website"},"primaryImageOfPage":{"@id":"https:\/\/spanishbreak.com\/fr\/product\/hen-steak-dinner-stripper-drinks-nightclub\/#primaryimage"},"image":{"@id":"https:\/\/spanishbreak.com\/fr\/product\/hen-steak-dinner-stripper-drinks-nightclub\/#primaryimage"},"thumbnailUrl":"https:\/\/spanishbreak.com\/wp-content\/uploads\/2022\/10\/HEN-STEAK-DINNER-STRIPPER-DRINKS-NIGHTCLUB.jpg","datePublished":"2022-10-25T11:21:51+00:00","dateModified":"2025-12-17T14:17:25+00:00","description":"Le plus chaud des enterrements de vie de\u00a0jeune fille\u00a0! Vous cherchez une soir\u00e9e de malade pour votre EVJF \u00e0 Barcelone\u00a0? Vous ne pouvez pas vous tromper","breadcrumb":{"@id":"https:\/\/spanishbreak.com\/fr\/product\/hen-steak-dinner-stripper-drinks-nightclub\/#breadcrumb"},"inLanguage":"fr-FR","potentialAction":[{"@type":"ReadAction","target":["https:\/\/spanishbreak.com\/fr\/product\/hen-steak-dinner-stripper-drinks-nightclub\/"]}]},{"@type":"ImageObject","inLanguage":"fr-FR","@id":"https:\/\/spanishbreak.com\/fr\/product\/hen-steak-dinner-stripper-drinks-nightclub\/#primaryimage","url":"https:\/\/spanishbreak.com\/wp-content\/uploads\/2022\/10\/HEN-STEAK-DINNER-STRIPPER-DRINKS-NIGHTCLUB.jpg","contentUrl":"https:\/\/spanishbreak.com\/wp-content\/uploads\/2022\/10\/HEN-STEAK-DINNER-STRIPPER-DRINKS-NIGHTCLUB.jpg","width":1500,"height":1000,"caption":"A picture of five girl friends relaxing with facial masks on over white background"},{"@type":"BreadcrumbList","@id":"https:\/\/spanishbreak.com\/fr\/product\/hen-steak-dinner-stripper-drinks-nightclub\/#breadcrumb","itemListElement":[{"@type":"ListItem","position":1,"name":"Home","item":"https:\/\/spanishbreak.com\/"},{"@type":"ListItem","position":2,"name":"Boutique","item":"https:\/\/spanishbreak.com\/boutique\/?lang=fr"},{"@type":"ListItem","position":3,"name":"D\u00ceNER D&#8217;EVJF, STRIPTEASEUR, BOISSONS ET BO\u00ceTE DE NUIT \u00c0 BARCELONE"}]},{"@type":"WebSite","@id":"https:\/\/spanishbreak.com\/#website","url":"https:\/\/spanishbreak.com\/","name":"Spanish Break","description":"Otro sitio realizado con WordPress","publisher":{"@id":"https:\/\/spanishbreak.com\/#organization"},"potentialAction":[{"@type":"SearchAction","target":{"@type":"EntryPoint","urlTemplate":"https:\/\/spanishbreak.com\/?s={search_term_string}"},"query-input":{"@type":"PropertyValueSpecification","valueRequired":true,"valueName":"search_term_string"}}],"inLanguage":"fr-FR"},{"@type":"Organization","@id":"https:\/\/spanishbreak.com\/#organization","name":"Spanish Break","url":"https:\/\/spanishbreak.com\/","logo":{"@type":"ImageObject","inLanguage":"fr-FR","@id":"https:\/\/spanishbreak.com\/#\/schema\/logo\/image\/","url":"https:\/\/spanishbreak.com\/wp-content\/uploads\/2024\/03\/logo-spanish-break.png","contentUrl":"https:\/\/spanishbreak.com\/wp-content\/uploads\/2024\/03\/logo-spanish-break.png","width":323,"height":37,"caption":"Spanish Break"},"image":{"@id":"https:\/\/spanishbreak.com\/#\/schema\/logo\/image\/"},"sameAs":["https:\/\/www.facebook.com\/spanishbreak","https:\/\/www.instagram.com\/spanishbreakbcn\/"]}]}},"_links":{"self":[{"href":"https:\/\/spanishbreak.com\/fr\/wp-json\/wp\/v2\/product\/4191","targetHints":{"allow":["GET"]}}],"collection":[{"href":"https:\/\/spanishbreak.com\/fr\/wp-json\/wp\/v2\/product"}],"about":[{"href":"https:\/\/spanishbreak.com\/fr\/wp-json\/wp\/v2\/types\/product"}],"replies":[{"embeddable":true,"href":"https:\/\/spanishbreak.com\/fr\/wp-json\/wp\/v2\/comments?post=4191"}],"wp:featuredmedia":[{"embeddable":true,"href":"https:\/\/spanishbreak.com\/fr\/wp-json\/wp\/v2\/media\/3312"}],"wp:attachment":[{"href":"https:\/\/spanishbreak.com\/fr\/wp-json\/wp\/v2\/media?parent=4191"}],"wp:term":[{"taxonomy":"product_brand","embeddable":true,"href":"https:\/\/spanishbreak.com\/fr\/wp-json\/wp\/v2\/product_brand?post=4191"},{"taxonomy":"product_cat","embeddable":true,"href":"https:\/\/spanishbreak.com\/fr\/wp-json\/wp\/v2\/product_cat?post=4191"},{"taxonomy":"product_tag","embeddable":true,"href":"https:\/\/spanishbreak.com\/fr\/wp-json\/wp\/v2\/product_tag?post=4191"}],"curies":[{"name":"wp","href":"https:\/\/api.w.org\/{rel}","templated":true}]}}