{"id":4192,"date":"2022-10-25T13:17:39","date_gmt":"2022-10-25T11:17:39","guid":{"rendered":"https:\/\/spanishbreak.com\/producto\/steak-dinner-drinks-nightclub\/"},"modified":"2025-12-17T15:17:54","modified_gmt":"2025-12-17T14:17:54","slug":"steak-dinner-drinks-nightclub","status":"publish","type":"product","link":"https:\/\/spanishbreak.com\/fr\/product\/steak-dinner-drinks-nightclub\/","title":{"rendered":"D\u00ceNER, BOISSONS ET BO\u00ceTE DE NUIT \u00c0 BARCELONE"},"content":{"rendered":"<p><strong>Le plus chaud des enterrements de vie de c\u00e9libataire !<\/strong><\/p>\n<p>Vous cherchez une soir\u00e9e de malade pour votre <strong>EVG\/EVJF \u00e0 Barcelone<\/strong>\u00a0? Vous ne pouvez pas vous tromper avec celle-l\u00e0 : un bon\u00a0<strong>repas, de la sangria \u00e0 volont\u00e9 et une entr\u00e9e en bo\u00eete de nuit <\/strong>!<\/p>\n<p>Vous commencerez votre soir\u00e9e quand vous arriverez au restaurant situ\u00e9 dans le centre. Un copieux repas complet vous attendra, qui comprend un bon morceau de steak et autant de sangria que vous le d\u00e9sirez\u00a0!<\/p>\n<p>Pompette et de bonne humeur, vous serez pr\u00eats pour vous rendre dans l\u2019une des bo\u00eetes de nuit les plus chaudes de Barcelone, o\u00f9 vous pourrez faire la f\u00eate jusqu\u2019au lever du soleil\u00a0!<\/p>\n","protected":false},"excerpt":{"rendered":"<p>Le plus chaud des enterrements de vie de c\u00e9libataire ! Vous cherchez une soir\u00e9e de malade pour votre EVG\/EVJF \u00e0 Barcelone\u00a0? Vous ne pouvez pas vous tromper avec celle-l\u00e0 : un bon\u00a0repas, de la sangria \u00e0 volont\u00e9 et une entr\u00e9e en bo\u00eete de nuit ! Vous commencerez votre soir\u00e9e quand vous arriverez au restaurant situ\u00e9 [&hellip;]<\/p>\n","protected":false},"featured_media":3178,"comment_status":"closed","ping_status":"closed","template":"","meta":{"site-sidebar-layout":"default","site-content-layout":"default","ast-site-content-layout":"default","site-content-style":"default","site-sidebar-style":"default","ast-global-header-display":"","ast-banner-title-visibility":"","ast-main-header-display":"","ast-hfb-above-header-display":"","ast-hfb-below-header-display":"","ast-hfb-mobile-header-display":"","site-post-title":"","ast-breadcrumbs-content":"","ast-featured-img":"","footer-sml-layout":"","theme-transparent-header-meta":"default","adv-header-id-meta":"","stick-header-meta":"","header-above-stick-meta":"","header-main-stick-meta":"","header-below-stick-meta":"","astra-migrate-meta-layouts":"set","ast-page-background-enabled":"default","ast-page-background-meta":{"desktop":{"background-color":"var(--ast-global-color-4)","background-image":"","background-repeat":"repeat","background-position":"center center","background-size":"auto","background-attachment":"scroll","background-type":"","background-media":"","overlay-type":"","overlay-color":"","overlay-opacity":"","overlay-gradient":""},"tablet":{"background-color":"","background-image":"","background-repeat":"repeat","background-position":"center center","background-size":"auto","background-attachment":"scroll","background-type":"","background-media":"","overlay-type":"","overlay-color":"","overlay-opacity":"","overlay-gradient":""},"mobile":{"background-color":"","background-image":"","background-repeat":"repeat","background-position":"center center","background-size":"auto","background-attachment":"scroll","background-type":"","background-media":"","overlay-type":"","overlay-color":"","overlay-opacity":"","overlay-gradient":""}},"ast-content-background-meta":{"desktop":{"background-color":"var(--ast-global-color-5)","background-image":"","background-repeat":"repeat","background-position":"center center","background-size":"auto","background-attachment":"scroll","background-type":"","background-media":"","overlay-type":"","overlay-color":"","overlay-opacity":"","overlay-gradient":""},"tablet":{"background-color":"var(--ast-global-color-5)","background-image":"","background-repeat":"repeat","background-position":"center center","background-size":"auto","background-attachment":"scroll","background-type":"","background-media":"","overlay-type":"","overlay-color":"","overlay-opacity":"","overlay-gradient":""},"mobile":{"background-color":"var(--ast-global-color-5)","background-image":"","background-repeat":"repeat","background-position":"center center","background-size":"auto","background-attachment":"scroll","background-type":"","background-media":"","overlay-type":"","overlay-color":"","overlay-opacity":"","overlay-gradient":""}},"repeater_packs":""},"product_brand":[],"product_cat":[66,71,73],"product_tag":[36,35],"class_list":{"0":"post-4192","1":"product","2":"type-product","3":"status-publish","4":"has-post-thumbnail","6":"product_cat-hen-fr-2","7":"product_cat-night_activities-fr-2","8":"product_cat-stag-fr","9":"product_tag-hen","10":"product_tag-stag","11":"desktop-align-left","12":"tablet-align-left","13":"mobile-align-left","15":"first","16":"instock","17":"shipping-taxable","18":"product-type-simple"},"yoast_head":"<!-- This site is optimized with the Yoast SEO plugin v26.8 - https:\/\/yoast.com\/product\/yoast-seo-wordpress\/ -->\n<title>D\u00ceNER, BOISSONS ET BO\u00ceTE DE NUIT \u00c0 BARCELONE<\/title>\n<meta name=\"description\" content=\"Le plus chaud des enterrements de vie de c\u00e9libataire ! Vous cherchez une soir\u00e9e de malade pour votre EVG\/EVJF \u00e0 Barcelone\u00a0? Vous ne pouvez pas vous\" \/>\n<meta name=\"robots\" content=\"index, follow, max-snippet:-1, max-image-preview:large, max-video-preview:-1\" \/>\n<link rel=\"canonical\" href=\"https:\/\/spanishbreak.com\/fr\/product\/steak-dinner-drinks-nightclub\/\" \/>\n<meta property=\"og:locale\" content=\"fr_FR\" \/>\n<meta property=\"og:type\" content=\"article\" \/>\n<meta property=\"og:title\" content=\"D\u00ceNER, BOISSONS ET BO\u00ceTE DE NUIT \u00c0 BARCELONE\" \/>\n<meta property=\"og:description\" content=\"Le plus chaud des enterrements de vie de c\u00e9libataire ! Vous cherchez une soir\u00e9e de malade pour votre EVG\/EVJF \u00e0 Barcelone\u00a0? Vous ne pouvez pas vous\" \/>\n<meta property=\"og:url\" content=\"https:\/\/spanishbreak.com\/fr\/product\/steak-dinner-drinks-nightclub\/\" \/>\n<meta property=\"og:site_name\" content=\"Spanishbreak\" \/>\n<meta property=\"article:publisher\" content=\"https:\/\/www.facebook.com\/spanishbreak\" \/>\n<meta property=\"article:modified_time\" content=\"2025-12-17T14:17:54+00:00\" \/>\n<meta property=\"og:image\" content=\"https:\/\/spanishbreak.com\/wp-content\/uploads\/2022\/10\/x-Depositphotos_4692448_original-scaled.jpg\" \/>\n\t<meta property=\"og:image:width\" content=\"2560\" \/>\n\t<meta property=\"og:image:height\" content=\"1713\" \/>\n\t<meta property=\"og:image:type\" content=\"image\/jpeg\" \/>\n<meta name=\"twitter:card\" content=\"summary_large_image\" \/>\n<meta name=\"twitter:label1\" content=\"Dur\u00e9e de lecture estim\u00e9e\" \/>\n\t<meta name=\"twitter:data1\" content=\"1 minute\" \/>\n<script type=\"application\/ld+json\" class=\"yoast-schema-graph\">{\"@context\":\"https:\/\/schema.org\",\"@graph\":[{\"@type\":[\"WebPage\",\"ItemPage\"],\"@id\":\"https:\/\/spanishbreak.com\/fr\/product\/steak-dinner-drinks-nightclub\/\",\"url\":\"https:\/\/spanishbreak.com\/fr\/product\/steak-dinner-drinks-nightclub\/\",\"name\":\"D\u00ceNER, BOISSONS ET BO\u00ceTE DE NUIT \u00c0 BARCELONE\",\"isPartOf\":{\"@id\":\"https:\/\/spanishbreak.com\/#website\"},\"primaryImageOfPage\":{\"@id\":\"https:\/\/spanishbreak.com\/fr\/product\/steak-dinner-drinks-nightclub\/#primaryimage\"},\"image\":{\"@id\":\"https:\/\/spanishbreak.com\/fr\/product\/steak-dinner-drinks-nightclub\/#primaryimage\"},\"thumbnailUrl\":\"https:\/\/spanishbreak.com\/wp-content\/uploads\/2022\/10\/x-Depositphotos_4692448_original-scaled.jpg\",\"datePublished\":\"2022-10-25T11:17:39+00:00\",\"dateModified\":\"2025-12-17T14:17:54+00:00\",\"description\":\"Le plus chaud des enterrements de vie de c\u00e9libataire ! Vous cherchez une soir\u00e9e de malade pour votre EVG\/EVJF \u00e0 Barcelone\u00a0? Vous ne pouvez pas vous\",\"breadcrumb\":{\"@id\":\"https:\/\/spanishbreak.com\/fr\/product\/steak-dinner-drinks-nightclub\/#breadcrumb\"},\"inLanguage\":\"fr-FR\",\"potentialAction\":[{\"@type\":\"ReadAction\",\"target\":[\"https:\/\/spanishbreak.com\/fr\/product\/steak-dinner-drinks-nightclub\/\"]}]},{\"@type\":\"ImageObject\",\"inLanguage\":\"fr-FR\",\"@id\":\"https:\/\/spanishbreak.com\/fr\/product\/steak-dinner-drinks-nightclub\/#primaryimage\",\"url\":\"https:\/\/spanishbreak.com\/wp-content\/uploads\/2022\/10\/x-Depositphotos_4692448_original-scaled.jpg\",\"contentUrl\":\"https:\/\/spanishbreak.com\/wp-content\/uploads\/2022\/10\/x-Depositphotos_4692448_original-scaled.jpg\",\"width\":2560,\"height\":1713,\"caption\":\"Grilled beef with tomato\"},{\"@type\":\"BreadcrumbList\",\"@id\":\"https:\/\/spanishbreak.com\/fr\/product\/steak-dinner-drinks-nightclub\/#breadcrumb\",\"itemListElement\":[{\"@type\":\"ListItem\",\"position\":1,\"name\":\"Home\",\"item\":\"https:\/\/spanishbreak.com\/\"},{\"@type\":\"ListItem\",\"position\":2,\"name\":\"Boutique\",\"item\":\"https:\/\/spanishbreak.com\/boutique\/?lang=fr\"},{\"@type\":\"ListItem\",\"position\":3,\"name\":\"D\u00ceNER, BOISSONS ET BO\u00ceTE DE NUIT \u00c0 BARCELONE\"}]},{\"@type\":\"WebSite\",\"@id\":\"https:\/\/spanishbreak.com\/#website\",\"url\":\"https:\/\/spanishbreak.com\/\",\"name\":\"Spanish Break\",\"description\":\"Otro sitio realizado con WordPress\",\"publisher\":{\"@id\":\"https:\/\/spanishbreak.com\/#organization\"},\"potentialAction\":[{\"@type\":\"SearchAction\",\"target\":{\"@type\":\"EntryPoint\",\"urlTemplate\":\"https:\/\/spanishbreak.com\/?s={search_term_string}\"},\"query-input\":{\"@type\":\"PropertyValueSpecification\",\"valueRequired\":true,\"valueName\":\"search_term_string\"}}],\"inLanguage\":\"fr-FR\"},{\"@type\":\"Organization\",\"@id\":\"https:\/\/spanishbreak.com\/#organization\",\"name\":\"Spanish Break\",\"url\":\"https:\/\/spanishbreak.com\/\",\"logo\":{\"@type\":\"ImageObject\",\"inLanguage\":\"fr-FR\",\"@id\":\"https:\/\/spanishbreak.com\/#\/schema\/logo\/image\/\",\"url\":\"https:\/\/spanishbreak.com\/wp-content\/uploads\/2024\/03\/logo-spanish-break.png\",\"contentUrl\":\"https:\/\/spanishbreak.com\/wp-content\/uploads\/2024\/03\/logo-spanish-break.png\",\"width\":323,\"height\":37,\"caption\":\"Spanish Break\"},\"image\":{\"@id\":\"https:\/\/spanishbreak.com\/#\/schema\/logo\/image\/\"},\"sameAs\":[\"https:\/\/www.facebook.com\/spanishbreak\",\"https:\/\/www.instagram.com\/spanishbreakbcn\/\"]}]}<\/script>\n<!-- \/ Yoast SEO plugin. -->","yoast_head_json":{"title":"D\u00ceNER, BOISSONS ET BO\u00ceTE DE NUIT \u00c0 BARCELONE","description":"Le plus chaud des enterrements de vie de c\u00e9libataire ! Vous cherchez une soir\u00e9e de malade pour votre EVG\/EVJF \u00e0 Barcelone\u00a0? Vous ne pouvez pas vous","robots":{"index":"index","follow":"follow","max-snippet":"max-snippet:-1","max-image-preview":"max-image-preview:large","max-video-preview":"max-video-preview:-1"},"canonical":"https:\/\/spanishbreak.com\/fr\/product\/steak-dinner-drinks-nightclub\/","og_locale":"fr_FR","og_type":"article","og_title":"D\u00ceNER, BOISSONS ET BO\u00ceTE DE NUIT \u00c0 BARCELONE","og_description":"Le plus chaud des enterrements de vie de c\u00e9libataire ! Vous cherchez une soir\u00e9e de malade pour votre EVG\/EVJF \u00e0 Barcelone\u00a0? Vous ne pouvez pas vous","og_url":"https:\/\/spanishbreak.com\/fr\/product\/steak-dinner-drinks-nightclub\/","og_site_name":"Spanishbreak","article_publisher":"https:\/\/www.facebook.com\/spanishbreak","article_modified_time":"2025-12-17T14:17:54+00:00","og_image":[{"width":2560,"height":1713,"url":"https:\/\/spanishbreak.com\/wp-content\/uploads\/2022\/10\/x-Depositphotos_4692448_original-scaled.jpg","type":"image\/jpeg"}],"twitter_card":"summary_large_image","twitter_misc":{"Dur\u00e9e de lecture estim\u00e9e":"1 minute"},"schema":{"@context":"https:\/\/schema.org","@graph":[{"@type":["WebPage","ItemPage"],"@id":"https:\/\/spanishbreak.com\/fr\/product\/steak-dinner-drinks-nightclub\/","url":"https:\/\/spanishbreak.com\/fr\/product\/steak-dinner-drinks-nightclub\/","name":"D\u00ceNER, BOISSONS ET BO\u00ceTE DE NUIT \u00c0 BARCELONE","isPartOf":{"@id":"https:\/\/spanishbreak.com\/#website"},"primaryImageOfPage":{"@id":"https:\/\/spanishbreak.com\/fr\/product\/steak-dinner-drinks-nightclub\/#primaryimage"},"image":{"@id":"https:\/\/spanishbreak.com\/fr\/product\/steak-dinner-drinks-nightclub\/#primaryimage"},"thumbnailUrl":"https:\/\/spanishbreak.com\/wp-content\/uploads\/2022\/10\/x-Depositphotos_4692448_original-scaled.jpg","datePublished":"2022-10-25T11:17:39+00:00","dateModified":"2025-12-17T14:17:54+00:00","description":"Le plus chaud des enterrements de vie de c\u00e9libataire ! Vous cherchez une soir\u00e9e de malade pour votre EVG\/EVJF \u00e0 Barcelone\u00a0? Vous ne pouvez pas vous","breadcrumb":{"@id":"https:\/\/spanishbreak.com\/fr\/product\/steak-dinner-drinks-nightclub\/#breadcrumb"},"inLanguage":"fr-FR","potentialAction":[{"@type":"ReadAction","target":["https:\/\/spanishbreak.com\/fr\/product\/steak-dinner-drinks-nightclub\/"]}]},{"@type":"ImageObject","inLanguage":"fr-FR","@id":"https:\/\/spanishbreak.com\/fr\/product\/steak-dinner-drinks-nightclub\/#primaryimage","url":"https:\/\/spanishbreak.com\/wp-content\/uploads\/2022\/10\/x-Depositphotos_4692448_original-scaled.jpg","contentUrl":"https:\/\/spanishbreak.com\/wp-content\/uploads\/2022\/10\/x-Depositphotos_4692448_original-scaled.jpg","width":2560,"height":1713,"caption":"Grilled beef with tomato"},{"@type":"BreadcrumbList","@id":"https:\/\/spanishbreak.com\/fr\/product\/steak-dinner-drinks-nightclub\/#breadcrumb","itemListElement":[{"@type":"ListItem","position":1,"name":"Home","item":"https:\/\/spanishbreak.com\/"},{"@type":"ListItem","position":2,"name":"Boutique","item":"https:\/\/spanishbreak.com\/boutique\/?lang=fr"},{"@type":"ListItem","position":3,"name":"D\u00ceNER, BOISSONS ET BO\u00ceTE DE NUIT \u00c0 BARCELONE"}]},{"@type":"WebSite","@id":"https:\/\/spanishbreak.com\/#website","url":"https:\/\/spanishbreak.com\/","name":"Spanish Break","description":"Otro sitio realizado con WordPress","publisher":{"@id":"https:\/\/spanishbreak.com\/#organization"},"potentialAction":[{"@type":"SearchAction","target":{"@type":"EntryPoint","urlTemplate":"https:\/\/spanishbreak.com\/?s={search_term_string}"},"query-input":{"@type":"PropertyValueSpecification","valueRequired":true,"valueName":"search_term_string"}}],"inLanguage":"fr-FR"},{"@type":"Organization","@id":"https:\/\/spanishbreak.com\/#organization","name":"Spanish Break","url":"https:\/\/spanishbreak.com\/","logo":{"@type":"ImageObject","inLanguage":"fr-FR","@id":"https:\/\/spanishbreak.com\/#\/schema\/logo\/image\/","url":"https:\/\/spanishbreak.com\/wp-content\/uploads\/2024\/03\/logo-spanish-break.png","contentUrl":"https:\/\/spanishbreak.com\/wp-content\/uploads\/2024\/03\/logo-spanish-break.png","width":323,"height":37,"caption":"Spanish Break"},"image":{"@id":"https:\/\/spanishbreak.com\/#\/schema\/logo\/image\/"},"sameAs":["https:\/\/www.facebook.com\/spanishbreak","https:\/\/www.instagram.com\/spanishbreakbcn\/"]}]}},"_links":{"self":[{"href":"https:\/\/spanishbreak.com\/fr\/wp-json\/wp\/v2\/product\/4192","targetHints":{"allow":["GET"]}}],"collection":[{"href":"https:\/\/spanishbreak.com\/fr\/wp-json\/wp\/v2\/product"}],"about":[{"href":"https:\/\/spanishbreak.com\/fr\/wp-json\/wp\/v2\/types\/product"}],"replies":[{"embeddable":true,"href":"https:\/\/spanishbreak.com\/fr\/wp-json\/wp\/v2\/comments?post=4192"}],"wp:featuredmedia":[{"embeddable":true,"href":"https:\/\/spanishbreak.com\/fr\/wp-json\/wp\/v2\/media\/3178"}],"wp:attachment":[{"href":"https:\/\/spanishbreak.com\/fr\/wp-json\/wp\/v2\/media?parent=4192"}],"wp:term":[{"taxonomy":"product_brand","embeddable":true,"href":"https:\/\/spanishbreak.com\/fr\/wp-json\/wp\/v2\/product_brand?post=4192"},{"taxonomy":"product_cat","embeddable":true,"href":"https:\/\/spanishbreak.com\/fr\/wp-json\/wp\/v2\/product_cat?post=4192"},{"taxonomy":"product_tag","embeddable":true,"href":"https:\/\/spanishbreak.com\/fr\/wp-json\/wp\/v2\/product_tag?post=4192"}],"curies":[{"name":"wp","href":"https:\/\/api.w.org\/{rel}","templated":true}]}}