{"id":4194,"date":"2022-10-25T10:33:59","date_gmt":"2022-10-25T08:33:59","guid":{"rendered":"https:\/\/spanishbreak.com\/producto\/the-complete-hen-night-in-barcelona\/"},"modified":"2025-12-17T15:18:39","modified_gmt":"2025-12-17T14:18:39","slug":"the-complete-hen-night-in-barcelona","status":"publish","type":"product","link":"https:\/\/spanishbreak.com\/fr\/product\/the-complete-hen-night-in-barcelona\/","title":{"rendered":"LA NUIT COMPL\u00c8TE D&rsquo;EVJF \u00c0 BARCELONE"},"content":{"rendered":"<p><strong>La nuit d&rsquo;EVJF de r\u00eave !<\/strong><\/p>\n<p>Ce package complet \u00e0 tout ! Votre groupe passera une folle nuit <strong>d&rsquo;enterrement de vie de\u00a0jeune fille\u00a0\u00e0 Barcelone<\/strong>\u00a0avec de la bonne nourriture, arros\u00e9e de boisson, beaucoup de danse et une vilaine surprise pour le mari\u00e9 ! Vous serez accompagn\u00e9 d&rsquo;un guide afin que la soir\u00e9e se passe parfaitement bien.<\/p>\n<p>Votre groupe commencera la f\u00eate par un d\u00e9licieux repas espagnol de 3 plats, dans un super restaurant en centre-ville. La sangria \u00e0 volont\u00e9 vous fera passer un repas extra ! Apr\u00e8s votre repas, la temp\u00e9rature monte d&rsquo;un cran avec une sublime stripteaseuse qui viendra surprendre la mari\u00e9e !<\/p>\n<p>Sur le chemin de la bo\u00eete de nuit, nous vous am\u00e8nerons faire\u00a0une mini tourn\u00e9e des bars, avant d&rsquo;entrer dans l&rsquo;un des clubs les plus chauds de Barcelone jusqu&rsquo;au petit matin.<\/p>\n","protected":false},"excerpt":{"rendered":"<p>La nuit d&rsquo;EVJF de r\u00eave ! Ce package complet \u00e0 tout ! Votre groupe passera une folle nuit d&rsquo;enterrement de vie de\u00a0jeune fille\u00a0\u00e0 Barcelone\u00a0avec de la bonne nourriture, arros\u00e9e de boisson, beaucoup de danse et une vilaine surprise pour le mari\u00e9 ! Vous serez accompagn\u00e9 d&rsquo;un guide afin que la soir\u00e9e se passe parfaitement bien. [&hellip;]<\/p>\n","protected":false},"featured_media":3359,"comment_status":"closed","ping_status":"closed","template":"","meta":{"site-sidebar-layout":"default","site-content-layout":"default","ast-site-content-layout":"default","site-content-style":"default","site-sidebar-style":"default","ast-global-header-display":"","ast-banner-title-visibility":"","ast-main-header-display":"","ast-hfb-above-header-display":"","ast-hfb-below-header-display":"","ast-hfb-mobile-header-display":"","site-post-title":"","ast-breadcrumbs-content":"","ast-featured-img":"","footer-sml-layout":"","theme-transparent-header-meta":"default","adv-header-id-meta":"","stick-header-meta":"","header-above-stick-meta":"","header-main-stick-meta":"","header-below-stick-meta":"","astra-migrate-meta-layouts":"set","ast-page-background-enabled":"default","ast-page-background-meta":{"desktop":{"background-color":"var(--ast-global-color-4)","background-image":"","background-repeat":"repeat","background-position":"center center","background-size":"auto","background-attachment":"scroll","background-type":"","background-media":"","overlay-type":"","overlay-color":"","overlay-opacity":"","overlay-gradient":""},"tablet":{"background-color":"","background-image":"","background-repeat":"repeat","background-position":"center center","background-size":"auto","background-attachment":"scroll","background-type":"","background-media":"","overlay-type":"","overlay-color":"","overlay-opacity":"","overlay-gradient":""},"mobile":{"background-color":"","background-image":"","background-repeat":"repeat","background-position":"center center","background-size":"auto","background-attachment":"scroll","background-type":"","background-media":"","overlay-type":"","overlay-color":"","overlay-opacity":"","overlay-gradient":""}},"ast-content-background-meta":{"desktop":{"background-color":"var(--ast-global-color-5)","background-image":"","background-repeat":"repeat","background-position":"center center","background-size":"auto","background-attachment":"scroll","background-type":"","background-media":"","overlay-type":"","overlay-color":"","overlay-opacity":"","overlay-gradient":""},"tablet":{"background-color":"var(--ast-global-color-5)","background-image":"","background-repeat":"repeat","background-position":"center center","background-size":"auto","background-attachment":"scroll","background-type":"","background-media":"","overlay-type":"","overlay-color":"","overlay-opacity":"","overlay-gradient":""},"mobile":{"background-color":"var(--ast-global-color-5)","background-image":"","background-repeat":"repeat","background-position":"center center","background-size":"auto","background-attachment":"scroll","background-type":"","background-media":"","overlay-type":"","overlay-color":"","overlay-opacity":"","overlay-gradient":""}},"repeater_packs":""},"product_brand":[],"product_cat":[66,71],"product_tag":[36],"class_list":{"0":"post-4194","1":"product","2":"type-product","3":"status-publish","4":"has-post-thumbnail","6":"product_cat-hen-fr-2","7":"product_cat-night_activities-fr-2","8":"product_tag-hen","9":"desktop-align-left","10":"tablet-align-left","11":"mobile-align-left","13":"first","14":"instock","15":"shipping-taxable","16":"product-type-simple"},"yoast_head":"<!-- This site is optimized with the Yoast SEO plugin v26.8 - https:\/\/yoast.com\/product\/yoast-seo-wordpress\/ -->\n<title>LA NUIT COMPL\u00c8TE D&#039;EVJF \u00c0 BARCELONE I Spanish Break<\/title>\n<meta name=\"description\" content=\"La nuit d&#039;EVJF de r\u00eave ! Ce package complet \u00e0 tout ! Votre groupe passera une folle nuit d&#039;enterrement de vie de\u00a0jeune fille\u00a0\u00e0 Barcelone\u00a0avec de la bonne\" \/>\n<meta name=\"robots\" content=\"index, follow, max-snippet:-1, max-image-preview:large, max-video-preview:-1\" \/>\n<link rel=\"canonical\" href=\"https:\/\/spanishbreak.com\/fr\/product\/the-complete-hen-night-in-barcelona\/\" \/>\n<meta property=\"og:locale\" content=\"fr_FR\" \/>\n<meta property=\"og:type\" content=\"article\" \/>\n<meta property=\"og:title\" content=\"LA NUIT COMPL\u00c8TE D&#039;EVJF \u00c0 BARCELONE I Spanish Break\" \/>\n<meta property=\"og:description\" content=\"La nuit d&#039;EVJF de r\u00eave ! Ce package complet \u00e0 tout ! Votre groupe passera une folle nuit d&#039;enterrement de vie de\u00a0jeune fille\u00a0\u00e0 Barcelone\u00a0avec de la bonne\" \/>\n<meta property=\"og:url\" content=\"https:\/\/spanishbreak.com\/fr\/product\/the-complete-hen-night-in-barcelona\/\" \/>\n<meta property=\"og:site_name\" content=\"Spanishbreak\" \/>\n<meta property=\"article:publisher\" content=\"https:\/\/www.facebook.com\/spanishbreak\" \/>\n<meta property=\"article:modified_time\" content=\"2025-12-17T14:18:39+00:00\" \/>\n<meta property=\"og:image\" content=\"https:\/\/spanishbreak.com\/wp-content\/uploads\/2022\/10\/THE-COMPLETE-HEN-NIGHT-IN-BARCELONA.jpg\" \/>\n\t<meta property=\"og:image:width\" content=\"1500\" \/>\n\t<meta property=\"og:image:height\" content=\"1000\" \/>\n\t<meta property=\"og:image:type\" content=\"image\/jpeg\" \/>\n<meta name=\"twitter:card\" content=\"summary_large_image\" \/>\n<meta name=\"twitter:label1\" content=\"Dur\u00e9e de lecture estim\u00e9e\" \/>\n\t<meta name=\"twitter:data1\" content=\"1 minute\" \/>\n<script type=\"application\/ld+json\" class=\"yoast-schema-graph\">{\"@context\":\"https:\/\/schema.org\",\"@graph\":[{\"@type\":[\"WebPage\",\"ItemPage\"],\"@id\":\"https:\/\/spanishbreak.com\/fr\/product\/the-complete-hen-night-in-barcelona\/\",\"url\":\"https:\/\/spanishbreak.com\/fr\/product\/the-complete-hen-night-in-barcelona\/\",\"name\":\"LA NUIT COMPL\u00c8TE D'EVJF \u00c0 BARCELONE I Spanish Break\",\"isPartOf\":{\"@id\":\"https:\/\/spanishbreak.com\/#website\"},\"primaryImageOfPage\":{\"@id\":\"https:\/\/spanishbreak.com\/fr\/product\/the-complete-hen-night-in-barcelona\/#primaryimage\"},\"image\":{\"@id\":\"https:\/\/spanishbreak.com\/fr\/product\/the-complete-hen-night-in-barcelona\/#primaryimage\"},\"thumbnailUrl\":\"https:\/\/spanishbreak.com\/wp-content\/uploads\/2022\/10\/THE-COMPLETE-HEN-NIGHT-IN-BARCELONA.jpg\",\"datePublished\":\"2022-10-25T08:33:59+00:00\",\"dateModified\":\"2025-12-17T14:18:39+00:00\",\"description\":\"La nuit d'EVJF de r\u00eave ! Ce package complet \u00e0 tout ! Votre groupe passera une folle nuit d'enterrement de vie de\u00a0jeune fille\u00a0\u00e0 Barcelone\u00a0avec de la bonne\",\"breadcrumb\":{\"@id\":\"https:\/\/spanishbreak.com\/fr\/product\/the-complete-hen-night-in-barcelona\/#breadcrumb\"},\"inLanguage\":\"fr-FR\",\"potentialAction\":[{\"@type\":\"ReadAction\",\"target\":[\"https:\/\/spanishbreak.com\/fr\/product\/the-complete-hen-night-in-barcelona\/\"]}]},{\"@type\":\"ImageObject\",\"inLanguage\":\"fr-FR\",\"@id\":\"https:\/\/spanishbreak.com\/fr\/product\/the-complete-hen-night-in-barcelona\/#primaryimage\",\"url\":\"https:\/\/spanishbreak.com\/wp-content\/uploads\/2022\/10\/THE-COMPLETE-HEN-NIGHT-IN-BARCELONA.jpg\",\"contentUrl\":\"https:\/\/spanishbreak.com\/wp-content\/uploads\/2022\/10\/THE-COMPLETE-HEN-NIGHT-IN-BARCELONA.jpg\",\"width\":1500,\"height\":1000,\"caption\":\"A picture of five girl friends relaxing with facial masks on over white background\"},{\"@type\":\"BreadcrumbList\",\"@id\":\"https:\/\/spanishbreak.com\/fr\/product\/the-complete-hen-night-in-barcelona\/#breadcrumb\",\"itemListElement\":[{\"@type\":\"ListItem\",\"position\":1,\"name\":\"Home\",\"item\":\"https:\/\/spanishbreak.com\/\"},{\"@type\":\"ListItem\",\"position\":2,\"name\":\"Boutique\",\"item\":\"https:\/\/spanishbreak.com\/boutique\/?lang=fr\"},{\"@type\":\"ListItem\",\"position\":3,\"name\":\"LA NUIT COMPL\u00c8TE D&#8217;EVJF \u00c0 BARCELONE\"}]},{\"@type\":\"WebSite\",\"@id\":\"https:\/\/spanishbreak.com\/#website\",\"url\":\"https:\/\/spanishbreak.com\/\",\"name\":\"Spanish Break\",\"description\":\"Otro sitio realizado con WordPress\",\"publisher\":{\"@id\":\"https:\/\/spanishbreak.com\/#organization\"},\"potentialAction\":[{\"@type\":\"SearchAction\",\"target\":{\"@type\":\"EntryPoint\",\"urlTemplate\":\"https:\/\/spanishbreak.com\/?s={search_term_string}\"},\"query-input\":{\"@type\":\"PropertyValueSpecification\",\"valueRequired\":true,\"valueName\":\"search_term_string\"}}],\"inLanguage\":\"fr-FR\"},{\"@type\":\"Organization\",\"@id\":\"https:\/\/spanishbreak.com\/#organization\",\"name\":\"Spanish Break\",\"url\":\"https:\/\/spanishbreak.com\/\",\"logo\":{\"@type\":\"ImageObject\",\"inLanguage\":\"fr-FR\",\"@id\":\"https:\/\/spanishbreak.com\/#\/schema\/logo\/image\/\",\"url\":\"https:\/\/spanishbreak.com\/wp-content\/uploads\/2024\/03\/logo-spanish-break.png\",\"contentUrl\":\"https:\/\/spanishbreak.com\/wp-content\/uploads\/2024\/03\/logo-spanish-break.png\",\"width\":323,\"height\":37,\"caption\":\"Spanish Break\"},\"image\":{\"@id\":\"https:\/\/spanishbreak.com\/#\/schema\/logo\/image\/\"},\"sameAs\":[\"https:\/\/www.facebook.com\/spanishbreak\",\"https:\/\/www.instagram.com\/spanishbreakbcn\/\"]}]}<\/script>\n<!-- \/ Yoast SEO plugin. -->","yoast_head_json":{"title":"LA NUIT COMPL\u00c8TE D'EVJF \u00c0 BARCELONE I Spanish Break","description":"La nuit d'EVJF de r\u00eave ! Ce package complet \u00e0 tout ! Votre groupe passera une folle nuit d'enterrement de vie de\u00a0jeune fille\u00a0\u00e0 Barcelone\u00a0avec de la bonne","robots":{"index":"index","follow":"follow","max-snippet":"max-snippet:-1","max-image-preview":"max-image-preview:large","max-video-preview":"max-video-preview:-1"},"canonical":"https:\/\/spanishbreak.com\/fr\/product\/the-complete-hen-night-in-barcelona\/","og_locale":"fr_FR","og_type":"article","og_title":"LA NUIT COMPL\u00c8TE D'EVJF \u00c0 BARCELONE I Spanish Break","og_description":"La nuit d'EVJF de r\u00eave ! Ce package complet \u00e0 tout ! Votre groupe passera une folle nuit d'enterrement de vie de\u00a0jeune fille\u00a0\u00e0 Barcelone\u00a0avec de la bonne","og_url":"https:\/\/spanishbreak.com\/fr\/product\/the-complete-hen-night-in-barcelona\/","og_site_name":"Spanishbreak","article_publisher":"https:\/\/www.facebook.com\/spanishbreak","article_modified_time":"2025-12-17T14:18:39+00:00","og_image":[{"width":1500,"height":1000,"url":"https:\/\/spanishbreak.com\/wp-content\/uploads\/2022\/10\/THE-COMPLETE-HEN-NIGHT-IN-BARCELONA.jpg","type":"image\/jpeg"}],"twitter_card":"summary_large_image","twitter_misc":{"Dur\u00e9e de lecture estim\u00e9e":"1 minute"},"schema":{"@context":"https:\/\/schema.org","@graph":[{"@type":["WebPage","ItemPage"],"@id":"https:\/\/spanishbreak.com\/fr\/product\/the-complete-hen-night-in-barcelona\/","url":"https:\/\/spanishbreak.com\/fr\/product\/the-complete-hen-night-in-barcelona\/","name":"LA NUIT COMPL\u00c8TE D'EVJF \u00c0 BARCELONE I Spanish Break","isPartOf":{"@id":"https:\/\/spanishbreak.com\/#website"},"primaryImageOfPage":{"@id":"https:\/\/spanishbreak.com\/fr\/product\/the-complete-hen-night-in-barcelona\/#primaryimage"},"image":{"@id":"https:\/\/spanishbreak.com\/fr\/product\/the-complete-hen-night-in-barcelona\/#primaryimage"},"thumbnailUrl":"https:\/\/spanishbreak.com\/wp-content\/uploads\/2022\/10\/THE-COMPLETE-HEN-NIGHT-IN-BARCELONA.jpg","datePublished":"2022-10-25T08:33:59+00:00","dateModified":"2025-12-17T14:18:39+00:00","description":"La nuit d'EVJF de r\u00eave ! Ce package complet \u00e0 tout ! Votre groupe passera une folle nuit d'enterrement de vie de\u00a0jeune fille\u00a0\u00e0 Barcelone\u00a0avec de la bonne","breadcrumb":{"@id":"https:\/\/spanishbreak.com\/fr\/product\/the-complete-hen-night-in-barcelona\/#breadcrumb"},"inLanguage":"fr-FR","potentialAction":[{"@type":"ReadAction","target":["https:\/\/spanishbreak.com\/fr\/product\/the-complete-hen-night-in-barcelona\/"]}]},{"@type":"ImageObject","inLanguage":"fr-FR","@id":"https:\/\/spanishbreak.com\/fr\/product\/the-complete-hen-night-in-barcelona\/#primaryimage","url":"https:\/\/spanishbreak.com\/wp-content\/uploads\/2022\/10\/THE-COMPLETE-HEN-NIGHT-IN-BARCELONA.jpg","contentUrl":"https:\/\/spanishbreak.com\/wp-content\/uploads\/2022\/10\/THE-COMPLETE-HEN-NIGHT-IN-BARCELONA.jpg","width":1500,"height":1000,"caption":"A picture of five girl friends relaxing with facial masks on over white background"},{"@type":"BreadcrumbList","@id":"https:\/\/spanishbreak.com\/fr\/product\/the-complete-hen-night-in-barcelona\/#breadcrumb","itemListElement":[{"@type":"ListItem","position":1,"name":"Home","item":"https:\/\/spanishbreak.com\/"},{"@type":"ListItem","position":2,"name":"Boutique","item":"https:\/\/spanishbreak.com\/boutique\/?lang=fr"},{"@type":"ListItem","position":3,"name":"LA NUIT COMPL\u00c8TE D&#8217;EVJF \u00c0 BARCELONE"}]},{"@type":"WebSite","@id":"https:\/\/spanishbreak.com\/#website","url":"https:\/\/spanishbreak.com\/","name":"Spanish Break","description":"Otro sitio realizado con WordPress","publisher":{"@id":"https:\/\/spanishbreak.com\/#organization"},"potentialAction":[{"@type":"SearchAction","target":{"@type":"EntryPoint","urlTemplate":"https:\/\/spanishbreak.com\/?s={search_term_string}"},"query-input":{"@type":"PropertyValueSpecification","valueRequired":true,"valueName":"search_term_string"}}],"inLanguage":"fr-FR"},{"@type":"Organization","@id":"https:\/\/spanishbreak.com\/#organization","name":"Spanish Break","url":"https:\/\/spanishbreak.com\/","logo":{"@type":"ImageObject","inLanguage":"fr-FR","@id":"https:\/\/spanishbreak.com\/#\/schema\/logo\/image\/","url":"https:\/\/spanishbreak.com\/wp-content\/uploads\/2024\/03\/logo-spanish-break.png","contentUrl":"https:\/\/spanishbreak.com\/wp-content\/uploads\/2024\/03\/logo-spanish-break.png","width":323,"height":37,"caption":"Spanish Break"},"image":{"@id":"https:\/\/spanishbreak.com\/#\/schema\/logo\/image\/"},"sameAs":["https:\/\/www.facebook.com\/spanishbreak","https:\/\/www.instagram.com\/spanishbreakbcn\/"]}]}},"_links":{"self":[{"href":"https:\/\/spanishbreak.com\/fr\/wp-json\/wp\/v2\/product\/4194","targetHints":{"allow":["GET"]}}],"collection":[{"href":"https:\/\/spanishbreak.com\/fr\/wp-json\/wp\/v2\/product"}],"about":[{"href":"https:\/\/spanishbreak.com\/fr\/wp-json\/wp\/v2\/types\/product"}],"replies":[{"embeddable":true,"href":"https:\/\/spanishbreak.com\/fr\/wp-json\/wp\/v2\/comments?post=4194"}],"wp:featuredmedia":[{"embeddable":true,"href":"https:\/\/spanishbreak.com\/fr\/wp-json\/wp\/v2\/media\/3359"}],"wp:attachment":[{"href":"https:\/\/spanishbreak.com\/fr\/wp-json\/wp\/v2\/media?parent=4194"}],"wp:term":[{"taxonomy":"product_brand","embeddable":true,"href":"https:\/\/spanishbreak.com\/fr\/wp-json\/wp\/v2\/product_brand?post=4194"},{"taxonomy":"product_cat","embeddable":true,"href":"https:\/\/spanishbreak.com\/fr\/wp-json\/wp\/v2\/product_cat?post=4194"},{"taxonomy":"product_tag","embeddable":true,"href":"https:\/\/spanishbreak.com\/fr\/wp-json\/wp\/v2\/product_tag?post=4194"}],"curies":[{"name":"wp","href":"https:\/\/api.w.org\/{rel}","templated":true}]}}