{"id":4195,"date":"2022-10-25T10:31:08","date_gmt":"2022-10-25T08:31:08","guid":{"rendered":"https:\/\/spanishbreak.com\/producto\/stag-dinner-striptease-nightclub\/"},"modified":"2025-12-17T15:19:06","modified_gmt":"2025-12-17T14:19:06","slug":"stag-dinner-striptease-nightclub","status":"publish","type":"product","link":"https:\/\/spanishbreak.com\/fr\/product\/stag-dinner-striptease-nightclub\/","title":{"rendered":"D\u00ceNER + STRIPTEASEUSE + CLUB \u00c0 BARCELONE"},"content":{"rendered":"<p><strong>Une soir\u00e9e compl\u00e8te !<\/strong><\/p>\n<p>Cette nuit va emmener votre <strong>EVG \u00e0 Barcelone <\/strong>dans une soir\u00e9e palpitante qui propose tout ; un d\u00e9licieux repas espagnol et du temps avec des amis au c\u0153ur d\u2019une des meilleures villes nocturnes en Europe.<\/p>\n<p>La nuit commence dans un restaurant espagnol en centre-ville o\u00f9 vous et votre groupe d\u00e9gusterez un d\u00e9licieux repas complet espagnol. Sangria \u00e0 volont\u00e9 tout au long du repas et, quand le moment sera venu, vous pourrez surprendre votre ami avec un striptease !<\/p>\n<p>Apr\u00e8s votre dernier plat et quelques boissons de plus, vous vous pr\u00e9parerez pour une grande nuit de danse, de musique et de boissons dans l\u2019une des bo\u00eetes de nuit les plus branch\u00e9es de Barcelone !<\/p>\n","protected":false},"excerpt":{"rendered":"<p>Une soir\u00e9e compl\u00e8te ! Cette nuit va emmener votre EVG \u00e0 Barcelone dans une soir\u00e9e palpitante qui propose tout ; un d\u00e9licieux repas espagnol et du temps avec des amis au c\u0153ur d\u2019une des meilleures villes nocturnes en Europe. La nuit commence dans un restaurant espagnol en centre-ville o\u00f9 vous et votre groupe d\u00e9gusterez un [&hellip;]<\/p>\n","protected":false},"featured_media":3360,"comment_status":"closed","ping_status":"closed","template":"","meta":{"site-sidebar-layout":"default","site-content-layout":"default","ast-site-content-layout":"default","site-content-style":"default","site-sidebar-style":"default","ast-global-header-display":"","ast-banner-title-visibility":"","ast-main-header-display":"","ast-hfb-above-header-display":"","ast-hfb-below-header-display":"","ast-hfb-mobile-header-display":"","site-post-title":"","ast-breadcrumbs-content":"","ast-featured-img":"","footer-sml-layout":"","theme-transparent-header-meta":"default","adv-header-id-meta":"","stick-header-meta":"","header-above-stick-meta":"","header-main-stick-meta":"","header-below-stick-meta":"","astra-migrate-meta-layouts":"set","ast-page-background-enabled":"default","ast-page-background-meta":{"desktop":{"background-color":"var(--ast-global-color-4)","background-image":"","background-repeat":"repeat","background-position":"center center","background-size":"auto","background-attachment":"scroll","background-type":"","background-media":"","overlay-type":"","overlay-color":"","overlay-opacity":"","overlay-gradient":""},"tablet":{"background-color":"","background-image":"","background-repeat":"repeat","background-position":"center center","background-size":"auto","background-attachment":"scroll","background-type":"","background-media":"","overlay-type":"","overlay-color":"","overlay-opacity":"","overlay-gradient":""},"mobile":{"background-color":"","background-image":"","background-repeat":"repeat","background-position":"center center","background-size":"auto","background-attachment":"scroll","background-type":"","background-media":"","overlay-type":"","overlay-color":"","overlay-opacity":"","overlay-gradient":""}},"ast-content-background-meta":{"desktop":{"background-color":"var(--ast-global-color-5)","background-image":"","background-repeat":"repeat","background-position":"center center","background-size":"auto","background-attachment":"scroll","background-type":"","background-media":"","overlay-type":"","overlay-color":"","overlay-opacity":"","overlay-gradient":""},"tablet":{"background-color":"var(--ast-global-color-5)","background-image":"","background-repeat":"repeat","background-position":"center center","background-size":"auto","background-attachment":"scroll","background-type":"","background-media":"","overlay-type":"","overlay-color":"","overlay-opacity":"","overlay-gradient":""},"mobile":{"background-color":"var(--ast-global-color-5)","background-image":"","background-repeat":"repeat","background-position":"center center","background-size":"auto","background-attachment":"scroll","background-type":"","background-media":"","overlay-type":"","overlay-color":"","overlay-opacity":"","overlay-gradient":""}},"repeater_packs":""},"product_brand":[],"product_cat":[71,73],"product_tag":[35],"class_list":{"0":"post-4195","1":"product","2":"type-product","3":"status-publish","4":"has-post-thumbnail","6":"product_cat-night_activities-fr-2","7":"product_cat-stag-fr","8":"product_tag-stag","9":"desktop-align-left","10":"tablet-align-left","11":"mobile-align-left","13":"first","14":"instock","15":"shipping-taxable","16":"product-type-simple"},"yoast_head":"<!-- This site is optimized with the Yoast SEO plugin v26.8 - https:\/\/yoast.com\/product\/yoast-seo-wordpress\/ -->\n<title>D\u00ceNER + STRIPTEASEUSE + CLUB \u00c0 BARCELONE- EVG Spanish Break<\/title>\n<meta name=\"description\" content=\"Une soir\u00e9e compl\u00e8te ! Cette nuit va emmener votre EVG \u00e0 Barcelone dans une soir\u00e9e palpitante qui propose tout ; un d\u00e9licieux repas espagnol et du temps Vivez la f\u00eate ultime avec notre forfait EVJF &amp; Striptease Nightclub. Profitez d\u2019une nuit de plaisir et d\u2019excitation avec vos filles!\" \/>\n<meta name=\"robots\" content=\"index, follow, max-snippet:-1, max-image-preview:large, max-video-preview:-1\" \/>\n<link rel=\"canonical\" href=\"https:\/\/spanishbreak.com\/fr\/product\/stag-dinner-striptease-nightclub\/\" \/>\n<meta property=\"og:locale\" content=\"fr_FR\" \/>\n<meta property=\"og:type\" content=\"article\" \/>\n<meta property=\"og:title\" content=\"D\u00ceNER + STRIPTEASEUSE + CLUB \u00c0 BARCELONE- EVG Spanish Break\" \/>\n<meta property=\"og:description\" content=\"Une soir\u00e9e compl\u00e8te ! Cette nuit va emmener votre EVG \u00e0 Barcelone dans une soir\u00e9e palpitante qui propose tout ; un d\u00e9licieux repas espagnol et du temps Vivez la f\u00eate ultime avec notre forfait EVJF &amp; Striptease Nightclub. Profitez d\u2019une nuit de plaisir et d\u2019excitation avec vos filles!\" \/>\n<meta property=\"og:url\" content=\"https:\/\/spanishbreak.com\/fr\/product\/stag-dinner-striptease-nightclub\/\" \/>\n<meta property=\"og:site_name\" content=\"Spanishbreak\" \/>\n<meta property=\"article:publisher\" content=\"https:\/\/www.facebook.com\/spanishbreak\" \/>\n<meta property=\"article:modified_time\" content=\"2025-12-17T14:19:06+00:00\" \/>\n<meta property=\"og:image\" content=\"https:\/\/spanishbreak.com\/wp-content\/uploads\/2022\/10\/STAG-DINNER-STRIPTEASE-NIGHTCLUB.jpg\" \/>\n\t<meta property=\"og:image:width\" content=\"1500\" \/>\n\t<meta property=\"og:image:height\" content=\"1000\" \/>\n\t<meta property=\"og:image:type\" content=\"image\/jpeg\" \/>\n<meta name=\"twitter:card\" content=\"summary_large_image\" \/>\n<meta name=\"twitter:label1\" content=\"Dur\u00e9e de lecture estim\u00e9e\" \/>\n\t<meta name=\"twitter:data1\" content=\"1 minute\" \/>\n<script type=\"application\/ld+json\" class=\"yoast-schema-graph\">{\"@context\":\"https:\/\/schema.org\",\"@graph\":[{\"@type\":[\"WebPage\",\"ItemPage\"],\"@id\":\"https:\/\/spanishbreak.com\/fr\/product\/stag-dinner-striptease-nightclub\/\",\"url\":\"https:\/\/spanishbreak.com\/fr\/product\/stag-dinner-striptease-nightclub\/\",\"name\":\"D\u00ceNER + STRIPTEASEUSE + CLUB \u00c0 BARCELONE- EVG Spanish Break\",\"isPartOf\":{\"@id\":\"https:\/\/spanishbreak.com\/#website\"},\"primaryImageOfPage\":{\"@id\":\"https:\/\/spanishbreak.com\/fr\/product\/stag-dinner-striptease-nightclub\/#primaryimage\"},\"image\":{\"@id\":\"https:\/\/spanishbreak.com\/fr\/product\/stag-dinner-striptease-nightclub\/#primaryimage\"},\"thumbnailUrl\":\"https:\/\/spanishbreak.com\/wp-content\/uploads\/2022\/10\/STAG-DINNER-STRIPTEASE-NIGHTCLUB.jpg\",\"datePublished\":\"2022-10-25T08:31:08+00:00\",\"dateModified\":\"2025-12-17T14:19:06+00:00\",\"description\":\"Une soir\u00e9e compl\u00e8te ! Cette nuit va emmener votre EVG \u00e0 Barcelone dans une soir\u00e9e palpitante qui propose tout ; un d\u00e9licieux repas espagnol et du temps Vivez la f\u00eate ultime avec notre forfait EVJF & Striptease Nightclub. Profitez d\u2019une nuit de plaisir et d\u2019excitation avec vos filles!\",\"breadcrumb\":{\"@id\":\"https:\/\/spanishbreak.com\/fr\/product\/stag-dinner-striptease-nightclub\/#breadcrumb\"},\"inLanguage\":\"fr-FR\",\"potentialAction\":[{\"@type\":\"ReadAction\",\"target\":[\"https:\/\/spanishbreak.com\/fr\/product\/stag-dinner-striptease-nightclub\/\"]}]},{\"@type\":\"ImageObject\",\"inLanguage\":\"fr-FR\",\"@id\":\"https:\/\/spanishbreak.com\/fr\/product\/stag-dinner-striptease-nightclub\/#primaryimage\",\"url\":\"https:\/\/spanishbreak.com\/wp-content\/uploads\/2022\/10\/STAG-DINNER-STRIPTEASE-NIGHTCLUB.jpg\",\"contentUrl\":\"https:\/\/spanishbreak.com\/wp-content\/uploads\/2022\/10\/STAG-DINNER-STRIPTEASE-NIGHTCLUB.jpg\",\"width\":1500,\"height\":1000,\"caption\":\"A picture of five girl friends relaxing with facial masks on over white background\"},{\"@type\":\"BreadcrumbList\",\"@id\":\"https:\/\/spanishbreak.com\/fr\/product\/stag-dinner-striptease-nightclub\/#breadcrumb\",\"itemListElement\":[{\"@type\":\"ListItem\",\"position\":1,\"name\":\"Home\",\"item\":\"https:\/\/spanishbreak.com\/\"},{\"@type\":\"ListItem\",\"position\":2,\"name\":\"Boutique\",\"item\":\"https:\/\/spanishbreak.com\/boutique\/?lang=fr\"},{\"@type\":\"ListItem\",\"position\":3,\"name\":\"D\u00ceNER + STRIPTEASEUSE + CLUB \u00c0 BARCELONE\"}]},{\"@type\":\"WebSite\",\"@id\":\"https:\/\/spanishbreak.com\/#website\",\"url\":\"https:\/\/spanishbreak.com\/\",\"name\":\"Spanish Break\",\"description\":\"Otro sitio realizado con WordPress\",\"publisher\":{\"@id\":\"https:\/\/spanishbreak.com\/#organization\"},\"potentialAction\":[{\"@type\":\"SearchAction\",\"target\":{\"@type\":\"EntryPoint\",\"urlTemplate\":\"https:\/\/spanishbreak.com\/?s={search_term_string}\"},\"query-input\":{\"@type\":\"PropertyValueSpecification\",\"valueRequired\":true,\"valueName\":\"search_term_string\"}}],\"inLanguage\":\"fr-FR\"},{\"@type\":\"Organization\",\"@id\":\"https:\/\/spanishbreak.com\/#organization\",\"name\":\"Spanish Break\",\"url\":\"https:\/\/spanishbreak.com\/\",\"logo\":{\"@type\":\"ImageObject\",\"inLanguage\":\"fr-FR\",\"@id\":\"https:\/\/spanishbreak.com\/#\/schema\/logo\/image\/\",\"url\":\"https:\/\/spanishbreak.com\/wp-content\/uploads\/2024\/03\/logo-spanish-break.png\",\"contentUrl\":\"https:\/\/spanishbreak.com\/wp-content\/uploads\/2024\/03\/logo-spanish-break.png\",\"width\":323,\"height\":37,\"caption\":\"Spanish Break\"},\"image\":{\"@id\":\"https:\/\/spanishbreak.com\/#\/schema\/logo\/image\/\"},\"sameAs\":[\"https:\/\/www.facebook.com\/spanishbreak\",\"https:\/\/www.instagram.com\/spanishbreakbcn\/\"]}]}<\/script>\n<!-- \/ Yoast SEO plugin. -->","yoast_head_json":{"title":"D\u00ceNER + STRIPTEASEUSE + CLUB \u00c0 BARCELONE- EVG Spanish Break","description":"Une soir\u00e9e compl\u00e8te ! Cette nuit va emmener votre EVG \u00e0 Barcelone dans une soir\u00e9e palpitante qui propose tout ; un d\u00e9licieux repas espagnol et du temps Vivez la f\u00eate ultime avec notre forfait EVJF & Striptease Nightclub. Profitez d\u2019une nuit de plaisir et d\u2019excitation avec vos filles!","robots":{"index":"index","follow":"follow","max-snippet":"max-snippet:-1","max-image-preview":"max-image-preview:large","max-video-preview":"max-video-preview:-1"},"canonical":"https:\/\/spanishbreak.com\/fr\/product\/stag-dinner-striptease-nightclub\/","og_locale":"fr_FR","og_type":"article","og_title":"D\u00ceNER + STRIPTEASEUSE + CLUB \u00c0 BARCELONE- EVG Spanish Break","og_description":"Une soir\u00e9e compl\u00e8te ! Cette nuit va emmener votre EVG \u00e0 Barcelone dans une soir\u00e9e palpitante qui propose tout ; un d\u00e9licieux repas espagnol et du temps Vivez la f\u00eate ultime avec notre forfait EVJF & Striptease Nightclub. Profitez d\u2019une nuit de plaisir et d\u2019excitation avec vos filles!","og_url":"https:\/\/spanishbreak.com\/fr\/product\/stag-dinner-striptease-nightclub\/","og_site_name":"Spanishbreak","article_publisher":"https:\/\/www.facebook.com\/spanishbreak","article_modified_time":"2025-12-17T14:19:06+00:00","og_image":[{"width":1500,"height":1000,"url":"https:\/\/spanishbreak.com\/wp-content\/uploads\/2022\/10\/STAG-DINNER-STRIPTEASE-NIGHTCLUB.jpg","type":"image\/jpeg"}],"twitter_card":"summary_large_image","twitter_misc":{"Dur\u00e9e de lecture estim\u00e9e":"1 minute"},"schema":{"@context":"https:\/\/schema.org","@graph":[{"@type":["WebPage","ItemPage"],"@id":"https:\/\/spanishbreak.com\/fr\/product\/stag-dinner-striptease-nightclub\/","url":"https:\/\/spanishbreak.com\/fr\/product\/stag-dinner-striptease-nightclub\/","name":"D\u00ceNER + STRIPTEASEUSE + CLUB \u00c0 BARCELONE- EVG Spanish Break","isPartOf":{"@id":"https:\/\/spanishbreak.com\/#website"},"primaryImageOfPage":{"@id":"https:\/\/spanishbreak.com\/fr\/product\/stag-dinner-striptease-nightclub\/#primaryimage"},"image":{"@id":"https:\/\/spanishbreak.com\/fr\/product\/stag-dinner-striptease-nightclub\/#primaryimage"},"thumbnailUrl":"https:\/\/spanishbreak.com\/wp-content\/uploads\/2022\/10\/STAG-DINNER-STRIPTEASE-NIGHTCLUB.jpg","datePublished":"2022-10-25T08:31:08+00:00","dateModified":"2025-12-17T14:19:06+00:00","description":"Une soir\u00e9e compl\u00e8te ! Cette nuit va emmener votre EVG \u00e0 Barcelone dans une soir\u00e9e palpitante qui propose tout ; un d\u00e9licieux repas espagnol et du temps Vivez la f\u00eate ultime avec notre forfait EVJF & Striptease Nightclub. Profitez d\u2019une nuit de plaisir et d\u2019excitation avec vos filles!","breadcrumb":{"@id":"https:\/\/spanishbreak.com\/fr\/product\/stag-dinner-striptease-nightclub\/#breadcrumb"},"inLanguage":"fr-FR","potentialAction":[{"@type":"ReadAction","target":["https:\/\/spanishbreak.com\/fr\/product\/stag-dinner-striptease-nightclub\/"]}]},{"@type":"ImageObject","inLanguage":"fr-FR","@id":"https:\/\/spanishbreak.com\/fr\/product\/stag-dinner-striptease-nightclub\/#primaryimage","url":"https:\/\/spanishbreak.com\/wp-content\/uploads\/2022\/10\/STAG-DINNER-STRIPTEASE-NIGHTCLUB.jpg","contentUrl":"https:\/\/spanishbreak.com\/wp-content\/uploads\/2022\/10\/STAG-DINNER-STRIPTEASE-NIGHTCLUB.jpg","width":1500,"height":1000,"caption":"A picture of five girl friends relaxing with facial masks on over white background"},{"@type":"BreadcrumbList","@id":"https:\/\/spanishbreak.com\/fr\/product\/stag-dinner-striptease-nightclub\/#breadcrumb","itemListElement":[{"@type":"ListItem","position":1,"name":"Home","item":"https:\/\/spanishbreak.com\/"},{"@type":"ListItem","position":2,"name":"Boutique","item":"https:\/\/spanishbreak.com\/boutique\/?lang=fr"},{"@type":"ListItem","position":3,"name":"D\u00ceNER + STRIPTEASEUSE + CLUB \u00c0 BARCELONE"}]},{"@type":"WebSite","@id":"https:\/\/spanishbreak.com\/#website","url":"https:\/\/spanishbreak.com\/","name":"Spanish Break","description":"Otro sitio realizado con WordPress","publisher":{"@id":"https:\/\/spanishbreak.com\/#organization"},"potentialAction":[{"@type":"SearchAction","target":{"@type":"EntryPoint","urlTemplate":"https:\/\/spanishbreak.com\/?s={search_term_string}"},"query-input":{"@type":"PropertyValueSpecification","valueRequired":true,"valueName":"search_term_string"}}],"inLanguage":"fr-FR"},{"@type":"Organization","@id":"https:\/\/spanishbreak.com\/#organization","name":"Spanish Break","url":"https:\/\/spanishbreak.com\/","logo":{"@type":"ImageObject","inLanguage":"fr-FR","@id":"https:\/\/spanishbreak.com\/#\/schema\/logo\/image\/","url":"https:\/\/spanishbreak.com\/wp-content\/uploads\/2024\/03\/logo-spanish-break.png","contentUrl":"https:\/\/spanishbreak.com\/wp-content\/uploads\/2024\/03\/logo-spanish-break.png","width":323,"height":37,"caption":"Spanish Break"},"image":{"@id":"https:\/\/spanishbreak.com\/#\/schema\/logo\/image\/"},"sameAs":["https:\/\/www.facebook.com\/spanishbreak","https:\/\/www.instagram.com\/spanishbreakbcn\/"]}]}},"_links":{"self":[{"href":"https:\/\/spanishbreak.com\/fr\/wp-json\/wp\/v2\/product\/4195","targetHints":{"allow":["GET"]}}],"collection":[{"href":"https:\/\/spanishbreak.com\/fr\/wp-json\/wp\/v2\/product"}],"about":[{"href":"https:\/\/spanishbreak.com\/fr\/wp-json\/wp\/v2\/types\/product"}],"replies":[{"embeddable":true,"href":"https:\/\/spanishbreak.com\/fr\/wp-json\/wp\/v2\/comments?post=4195"}],"wp:featuredmedia":[{"embeddable":true,"href":"https:\/\/spanishbreak.com\/fr\/wp-json\/wp\/v2\/media\/3360"}],"wp:attachment":[{"href":"https:\/\/spanishbreak.com\/fr\/wp-json\/wp\/v2\/media?parent=4195"}],"wp:term":[{"taxonomy":"product_brand","embeddable":true,"href":"https:\/\/spanishbreak.com\/fr\/wp-json\/wp\/v2\/product_brand?post=4195"},{"taxonomy":"product_cat","embeddable":true,"href":"https:\/\/spanishbreak.com\/fr\/wp-json\/wp\/v2\/product_cat?post=4195"},{"taxonomy":"product_tag","embeddable":true,"href":"https:\/\/spanishbreak.com\/fr\/wp-json\/wp\/v2\/product_tag?post=4195"}],"curies":[{"name":"wp","href":"https:\/\/api.w.org\/{rel}","templated":true}]}}