{"id":4197,"date":"2022-10-25T10:06:57","date_gmt":"2022-10-25T10:06:57","guid":{"rendered":"https:\/\/spanishbreak.com\/producto\/stag-dinner-hummer-30-min-striptease-inside-limo-night-club-entry\/"},"modified":"2025-12-17T15:20:02","modified_gmt":"2025-12-17T14:20:02","slug":"stag-dinner-hummer-30-min-striptease-inside-limo-night-club-entry","status":"publish","type":"product","link":"https:\/\/spanishbreak.com\/fr\/product\/stag-dinner-hummer-30-min-striptease-inside-limo-night-club-entry\/","title":{"rendered":"D\u00ceNER + 1H HUMMER + STRIPTEASEUSE + CLUB \u00c0 BARCELONE"},"content":{"rendered":"<p><strong>La nuit qui a tout !<\/strong><\/p>\n<p>Si vous voulez la totale pendant votre <strong>EVG \u00e0 Barcelone<\/strong>, la voici\u00a0!<\/p>\n<p>Vous allez commencer la soir\u00e9e avec un d\u00eener d\u00e9licieux\u00a0 dans l&rsquo;un des meilleurs restaurants situ\u00e9s au centre de Barcelone, o\u00f9 vous partagerez\u00a0 de bons moments accompagn\u00e9s de\u00a0 boissons.<\/p>\n<p>Apr\u00e8s le restaurant, vous vous rendrez en bo\u00eete, mais avec beaucoup du style s&rsquo;il vous pla\u00eet ! Une limousine Hummer avec bouteilles de cava en prime viendra\u00a0 vous chercher pour continuer la soir\u00e9e tout en faisant la f\u00eate. Votre groupe s\u2019\u00e9clatera dans les rues de Barcelone en \u00e9coutant de la super musique. Encore mieux, imaginez le visage de votre pote lorsque la limousine s\u2019arr\u00eatera et qu\u2019une superbe stripteaseuse montera \u00e0 bord pour rendre dingue votre pote\u00a0!<\/p>\n<p>Vous ferez la f\u00eate dans l\u2019un des clubs les plus branch\u00e9s de Barcelone et vous le ferez jusqu\u2019au lever de du soleil\u00a0!<\/p>\n","protected":false},"excerpt":{"rendered":"<p>La nuit qui a tout ! Si vous voulez la totale pendant votre EVG \u00e0 Barcelone, la voici\u00a0! Vous allez commencer la soir\u00e9e avec un d\u00eener d\u00e9licieux\u00a0 dans l&rsquo;un des meilleurs restaurants situ\u00e9s au centre de Barcelone, o\u00f9 vous partagerez\u00a0 de bons moments accompagn\u00e9s de\u00a0 boissons. Apr\u00e8s le restaurant, vous vous rendrez en bo\u00eete, mais [&hellip;]<\/p>\n","protected":false},"featured_media":3382,"comment_status":"closed","ping_status":"closed","template":"","meta":{"site-sidebar-layout":"default","site-content-layout":"default","ast-site-content-layout":"default","site-content-style":"default","site-sidebar-style":"default","ast-global-header-display":"","ast-banner-title-visibility":"","ast-main-header-display":"","ast-hfb-above-header-display":"","ast-hfb-below-header-display":"","ast-hfb-mobile-header-display":"","site-post-title":"","ast-breadcrumbs-content":"","ast-featured-img":"","footer-sml-layout":"","theme-transparent-header-meta":"default","adv-header-id-meta":"","stick-header-meta":"","header-above-stick-meta":"","header-main-stick-meta":"","header-below-stick-meta":"","astra-migrate-meta-layouts":"set","ast-page-background-enabled":"default","ast-page-background-meta":{"desktop":{"background-color":"var(--ast-global-color-4)","background-image":"","background-repeat":"repeat","background-position":"center center","background-size":"auto","background-attachment":"scroll","background-type":"","background-media":"","overlay-type":"","overlay-color":"","overlay-opacity":"","overlay-gradient":""},"tablet":{"background-color":"","background-image":"","background-repeat":"repeat","background-position":"center center","background-size":"auto","background-attachment":"scroll","background-type":"","background-media":"","overlay-type":"","overlay-color":"","overlay-opacity":"","overlay-gradient":""},"mobile":{"background-color":"","background-image":"","background-repeat":"repeat","background-position":"center center","background-size":"auto","background-attachment":"scroll","background-type":"","background-media":"","overlay-type":"","overlay-color":"","overlay-opacity":"","overlay-gradient":""}},"ast-content-background-meta":{"desktop":{"background-color":"var(--ast-global-color-5)","background-image":"","background-repeat":"repeat","background-position":"center center","background-size":"auto","background-attachment":"scroll","background-type":"","background-media":"","overlay-type":"","overlay-color":"","overlay-opacity":"","overlay-gradient":""},"tablet":{"background-color":"var(--ast-global-color-5)","background-image":"","background-repeat":"repeat","background-position":"center center","background-size":"auto","background-attachment":"scroll","background-type":"","background-media":"","overlay-type":"","overlay-color":"","overlay-opacity":"","overlay-gradient":""},"mobile":{"background-color":"var(--ast-global-color-5)","background-image":"","background-repeat":"repeat","background-position":"center center","background-size":"auto","background-attachment":"scroll","background-type":"","background-media":"","overlay-type":"","overlay-color":"","overlay-opacity":"","overlay-gradient":""}},"repeater_packs":""},"product_brand":[],"product_cat":[71,73],"product_tag":[35],"class_list":{"0":"post-4197","1":"product","2":"type-product","3":"status-publish","4":"has-post-thumbnail","6":"product_cat-night_activities-fr-2","7":"product_cat-stag-fr","8":"product_tag-stag","9":"desktop-align-left","10":"tablet-align-left","11":"mobile-align-left","13":"first","14":"instock","15":"shipping-taxable","16":"product-type-simple"},"yoast_head":"<!-- This site is optimized with the Yoast SEO plugin v26.8 - https:\/\/yoast.com\/product\/yoast-seo-wordpress\/ -->\n<title>EVG D\u00eener \u00e0 Barcelone: Hummer, striptease, limousine et nigthclub<\/title>\n<meta name=\"description\" content=\"D\u00eener de cerf avec Hummer, striptease de 30 minutes dans une limousine et entr\u00e9e en bo\u00eete de nuit. Une soir\u00e9e inoubliable \u00e0 partager entre amis.\" \/>\n<meta name=\"robots\" content=\"index, follow, max-snippet:-1, max-image-preview:large, max-video-preview:-1\" \/>\n<link rel=\"canonical\" href=\"https:\/\/spanishbreak.com\/fr\/product\/stag-dinner-hummer-30-min-striptease-inside-limo-night-club-entry\/\" \/>\n<meta property=\"og:locale\" content=\"fr_FR\" \/>\n<meta property=\"og:type\" content=\"article\" \/>\n<meta property=\"og:title\" content=\"EVG D\u00eener \u00e0 Barcelone: Hummer, striptease, limousine et nigthclub\" \/>\n<meta property=\"og:description\" content=\"D\u00eener de cerf avec Hummer, striptease de 30 minutes dans une limousine et entr\u00e9e en bo\u00eete de nuit. Une soir\u00e9e inoubliable \u00e0 partager entre amis.\" \/>\n<meta property=\"og:url\" content=\"https:\/\/spanishbreak.com\/fr\/product\/stag-dinner-hummer-30-min-striptease-inside-limo-night-club-entry\/\" \/>\n<meta property=\"og:site_name\" content=\"Spanishbreak\" \/>\n<meta property=\"article:publisher\" content=\"https:\/\/www.facebook.com\/spanishbreak\" \/>\n<meta property=\"article:modified_time\" content=\"2025-12-17T14:20:02+00:00\" \/>\n<meta property=\"og:image\" content=\"https:\/\/spanishbreak.com\/wp-content\/uploads\/2022\/10\/1234-STAG-DINNER-HUMMER-30-MIN-STRIPTEASE-INSIDE-LIMO-NIGHT-CLUB-ENTRY.jpg\" \/>\n\t<meta property=\"og:image:width\" content=\"1500\" \/>\n\t<meta property=\"og:image:height\" content=\"1000\" \/>\n\t<meta property=\"og:image:type\" content=\"image\/jpeg\" \/>\n<meta name=\"twitter:card\" content=\"summary_large_image\" \/>\n<meta name=\"twitter:label1\" content=\"Dur\u00e9e de lecture estim\u00e9e\" \/>\n\t<meta name=\"twitter:data1\" content=\"1 minute\" \/>\n<script type=\"application\/ld+json\" class=\"yoast-schema-graph\">{\"@context\":\"https:\/\/schema.org\",\"@graph\":[{\"@type\":[\"WebPage\",\"ItemPage\"],\"@id\":\"https:\/\/spanishbreak.com\/fr\/product\/stag-dinner-hummer-30-min-striptease-inside-limo-night-club-entry\/\",\"url\":\"https:\/\/spanishbreak.com\/fr\/product\/stag-dinner-hummer-30-min-striptease-inside-limo-night-club-entry\/\",\"name\":\"EVG D\u00eener \u00e0 Barcelone: Hummer, striptease, limousine et nigthclub\",\"isPartOf\":{\"@id\":\"https:\/\/spanishbreak.com\/#website\"},\"primaryImageOfPage\":{\"@id\":\"https:\/\/spanishbreak.com\/fr\/product\/stag-dinner-hummer-30-min-striptease-inside-limo-night-club-entry\/#primaryimage\"},\"image\":{\"@id\":\"https:\/\/spanishbreak.com\/fr\/product\/stag-dinner-hummer-30-min-striptease-inside-limo-night-club-entry\/#primaryimage\"},\"thumbnailUrl\":\"https:\/\/spanishbreak.com\/wp-content\/uploads\/2022\/10\/1234-STAG-DINNER-HUMMER-30-MIN-STRIPTEASE-INSIDE-LIMO-NIGHT-CLUB-ENTRY.jpg\",\"datePublished\":\"2022-10-25T10:06:57+00:00\",\"dateModified\":\"2025-12-17T14:20:02+00:00\",\"description\":\"D\u00eener de cerf avec Hummer, striptease de 30 minutes dans une limousine et entr\u00e9e en bo\u00eete de nuit. Une soir\u00e9e inoubliable \u00e0 partager entre amis.\",\"breadcrumb\":{\"@id\":\"https:\/\/spanishbreak.com\/fr\/product\/stag-dinner-hummer-30-min-striptease-inside-limo-night-club-entry\/#breadcrumb\"},\"inLanguage\":\"fr-FR\",\"potentialAction\":[{\"@type\":\"ReadAction\",\"target\":[\"https:\/\/spanishbreak.com\/fr\/product\/stag-dinner-hummer-30-min-striptease-inside-limo-night-club-entry\/\"]}]},{\"@type\":\"ImageObject\",\"inLanguage\":\"fr-FR\",\"@id\":\"https:\/\/spanishbreak.com\/fr\/product\/stag-dinner-hummer-30-min-striptease-inside-limo-night-club-entry\/#primaryimage\",\"url\":\"https:\/\/spanishbreak.com\/wp-content\/uploads\/2022\/10\/1234-STAG-DINNER-HUMMER-30-MIN-STRIPTEASE-INSIDE-LIMO-NIGHT-CLUB-ENTRY.jpg\",\"contentUrl\":\"https:\/\/spanishbreak.com\/wp-content\/uploads\/2022\/10\/1234-STAG-DINNER-HUMMER-30-MIN-STRIPTEASE-INSIDE-LIMO-NIGHT-CLUB-ENTRY.jpg\",\"width\":1500,\"height\":1000,\"caption\":\"A picture of five girl friends relaxing with facial masks on over white background\"},{\"@type\":\"BreadcrumbList\",\"@id\":\"https:\/\/spanishbreak.com\/fr\/product\/stag-dinner-hummer-30-min-striptease-inside-limo-night-club-entry\/#breadcrumb\",\"itemListElement\":[{\"@type\":\"ListItem\",\"position\":1,\"name\":\"Home\",\"item\":\"https:\/\/spanishbreak.com\/\"},{\"@type\":\"ListItem\",\"position\":2,\"name\":\"Boutique\",\"item\":\"https:\/\/spanishbreak.com\/boutique\/?lang=fr\"},{\"@type\":\"ListItem\",\"position\":3,\"name\":\"D\u00ceNER + 1H HUMMER + STRIPTEASEUSE + CLUB \u00c0 BARCELONE\"}]},{\"@type\":\"WebSite\",\"@id\":\"https:\/\/spanishbreak.com\/#website\",\"url\":\"https:\/\/spanishbreak.com\/\",\"name\":\"Spanish Break\",\"description\":\"Otro sitio realizado con WordPress\",\"publisher\":{\"@id\":\"https:\/\/spanishbreak.com\/#organization\"},\"potentialAction\":[{\"@type\":\"SearchAction\",\"target\":{\"@type\":\"EntryPoint\",\"urlTemplate\":\"https:\/\/spanishbreak.com\/?s={search_term_string}\"},\"query-input\":{\"@type\":\"PropertyValueSpecification\",\"valueRequired\":true,\"valueName\":\"search_term_string\"}}],\"inLanguage\":\"fr-FR\"},{\"@type\":\"Organization\",\"@id\":\"https:\/\/spanishbreak.com\/#organization\",\"name\":\"Spanish Break\",\"url\":\"https:\/\/spanishbreak.com\/\",\"logo\":{\"@type\":\"ImageObject\",\"inLanguage\":\"fr-FR\",\"@id\":\"https:\/\/spanishbreak.com\/#\/schema\/logo\/image\/\",\"url\":\"https:\/\/spanishbreak.com\/wp-content\/uploads\/2024\/03\/logo-spanish-break.png\",\"contentUrl\":\"https:\/\/spanishbreak.com\/wp-content\/uploads\/2024\/03\/logo-spanish-break.png\",\"width\":323,\"height\":37,\"caption\":\"Spanish Break\"},\"image\":{\"@id\":\"https:\/\/spanishbreak.com\/#\/schema\/logo\/image\/\"},\"sameAs\":[\"https:\/\/www.facebook.com\/spanishbreak\",\"https:\/\/www.instagram.com\/spanishbreakbcn\/\"]}]}<\/script>\n<!-- \/ Yoast SEO plugin. -->","yoast_head_json":{"title":"EVG D\u00eener \u00e0 Barcelone: Hummer, striptease, limousine et nigthclub","description":"D\u00eener de cerf avec Hummer, striptease de 30 minutes dans une limousine et entr\u00e9e en bo\u00eete de nuit. Une soir\u00e9e inoubliable \u00e0 partager entre amis.","robots":{"index":"index","follow":"follow","max-snippet":"max-snippet:-1","max-image-preview":"max-image-preview:large","max-video-preview":"max-video-preview:-1"},"canonical":"https:\/\/spanishbreak.com\/fr\/product\/stag-dinner-hummer-30-min-striptease-inside-limo-night-club-entry\/","og_locale":"fr_FR","og_type":"article","og_title":"EVG D\u00eener \u00e0 Barcelone: Hummer, striptease, limousine et nigthclub","og_description":"D\u00eener de cerf avec Hummer, striptease de 30 minutes dans une limousine et entr\u00e9e en bo\u00eete de nuit. Une soir\u00e9e inoubliable \u00e0 partager entre amis.","og_url":"https:\/\/spanishbreak.com\/fr\/product\/stag-dinner-hummer-30-min-striptease-inside-limo-night-club-entry\/","og_site_name":"Spanishbreak","article_publisher":"https:\/\/www.facebook.com\/spanishbreak","article_modified_time":"2025-12-17T14:20:02+00:00","og_image":[{"width":1500,"height":1000,"url":"https:\/\/spanishbreak.com\/wp-content\/uploads\/2022\/10\/1234-STAG-DINNER-HUMMER-30-MIN-STRIPTEASE-INSIDE-LIMO-NIGHT-CLUB-ENTRY.jpg","type":"image\/jpeg"}],"twitter_card":"summary_large_image","twitter_misc":{"Dur\u00e9e de lecture estim\u00e9e":"1 minute"},"schema":{"@context":"https:\/\/schema.org","@graph":[{"@type":["WebPage","ItemPage"],"@id":"https:\/\/spanishbreak.com\/fr\/product\/stag-dinner-hummer-30-min-striptease-inside-limo-night-club-entry\/","url":"https:\/\/spanishbreak.com\/fr\/product\/stag-dinner-hummer-30-min-striptease-inside-limo-night-club-entry\/","name":"EVG D\u00eener \u00e0 Barcelone: Hummer, striptease, limousine et nigthclub","isPartOf":{"@id":"https:\/\/spanishbreak.com\/#website"},"primaryImageOfPage":{"@id":"https:\/\/spanishbreak.com\/fr\/product\/stag-dinner-hummer-30-min-striptease-inside-limo-night-club-entry\/#primaryimage"},"image":{"@id":"https:\/\/spanishbreak.com\/fr\/product\/stag-dinner-hummer-30-min-striptease-inside-limo-night-club-entry\/#primaryimage"},"thumbnailUrl":"https:\/\/spanishbreak.com\/wp-content\/uploads\/2022\/10\/1234-STAG-DINNER-HUMMER-30-MIN-STRIPTEASE-INSIDE-LIMO-NIGHT-CLUB-ENTRY.jpg","datePublished":"2022-10-25T10:06:57+00:00","dateModified":"2025-12-17T14:20:02+00:00","description":"D\u00eener de cerf avec Hummer, striptease de 30 minutes dans une limousine et entr\u00e9e en bo\u00eete de nuit. Une soir\u00e9e inoubliable \u00e0 partager entre amis.","breadcrumb":{"@id":"https:\/\/spanishbreak.com\/fr\/product\/stag-dinner-hummer-30-min-striptease-inside-limo-night-club-entry\/#breadcrumb"},"inLanguage":"fr-FR","potentialAction":[{"@type":"ReadAction","target":["https:\/\/spanishbreak.com\/fr\/product\/stag-dinner-hummer-30-min-striptease-inside-limo-night-club-entry\/"]}]},{"@type":"ImageObject","inLanguage":"fr-FR","@id":"https:\/\/spanishbreak.com\/fr\/product\/stag-dinner-hummer-30-min-striptease-inside-limo-night-club-entry\/#primaryimage","url":"https:\/\/spanishbreak.com\/wp-content\/uploads\/2022\/10\/1234-STAG-DINNER-HUMMER-30-MIN-STRIPTEASE-INSIDE-LIMO-NIGHT-CLUB-ENTRY.jpg","contentUrl":"https:\/\/spanishbreak.com\/wp-content\/uploads\/2022\/10\/1234-STAG-DINNER-HUMMER-30-MIN-STRIPTEASE-INSIDE-LIMO-NIGHT-CLUB-ENTRY.jpg","width":1500,"height":1000,"caption":"A picture of five girl friends relaxing with facial masks on over white background"},{"@type":"BreadcrumbList","@id":"https:\/\/spanishbreak.com\/fr\/product\/stag-dinner-hummer-30-min-striptease-inside-limo-night-club-entry\/#breadcrumb","itemListElement":[{"@type":"ListItem","position":1,"name":"Home","item":"https:\/\/spanishbreak.com\/"},{"@type":"ListItem","position":2,"name":"Boutique","item":"https:\/\/spanishbreak.com\/boutique\/?lang=fr"},{"@type":"ListItem","position":3,"name":"D\u00ceNER + 1H HUMMER + STRIPTEASEUSE + CLUB \u00c0 BARCELONE"}]},{"@type":"WebSite","@id":"https:\/\/spanishbreak.com\/#website","url":"https:\/\/spanishbreak.com\/","name":"Spanish Break","description":"Otro sitio realizado con WordPress","publisher":{"@id":"https:\/\/spanishbreak.com\/#organization"},"potentialAction":[{"@type":"SearchAction","target":{"@type":"EntryPoint","urlTemplate":"https:\/\/spanishbreak.com\/?s={search_term_string}"},"query-input":{"@type":"PropertyValueSpecification","valueRequired":true,"valueName":"search_term_string"}}],"inLanguage":"fr-FR"},{"@type":"Organization","@id":"https:\/\/spanishbreak.com\/#organization","name":"Spanish Break","url":"https:\/\/spanishbreak.com\/","logo":{"@type":"ImageObject","inLanguage":"fr-FR","@id":"https:\/\/spanishbreak.com\/#\/schema\/logo\/image\/","url":"https:\/\/spanishbreak.com\/wp-content\/uploads\/2024\/03\/logo-spanish-break.png","contentUrl":"https:\/\/spanishbreak.com\/wp-content\/uploads\/2024\/03\/logo-spanish-break.png","width":323,"height":37,"caption":"Spanish Break"},"image":{"@id":"https:\/\/spanishbreak.com\/#\/schema\/logo\/image\/"},"sameAs":["https:\/\/www.facebook.com\/spanishbreak","https:\/\/www.instagram.com\/spanishbreakbcn\/"]}]}},"_links":{"self":[{"href":"https:\/\/spanishbreak.com\/fr\/wp-json\/wp\/v2\/product\/4197","targetHints":{"allow":["GET"]}}],"collection":[{"href":"https:\/\/spanishbreak.com\/fr\/wp-json\/wp\/v2\/product"}],"about":[{"href":"https:\/\/spanishbreak.com\/fr\/wp-json\/wp\/v2\/types\/product"}],"replies":[{"embeddable":true,"href":"https:\/\/spanishbreak.com\/fr\/wp-json\/wp\/v2\/comments?post=4197"}],"wp:featuredmedia":[{"embeddable":true,"href":"https:\/\/spanishbreak.com\/fr\/wp-json\/wp\/v2\/media\/3382"}],"wp:attachment":[{"href":"https:\/\/spanishbreak.com\/fr\/wp-json\/wp\/v2\/media?parent=4197"}],"wp:term":[{"taxonomy":"product_brand","embeddable":true,"href":"https:\/\/spanishbreak.com\/fr\/wp-json\/wp\/v2\/product_brand?post=4197"},{"taxonomy":"product_cat","embeddable":true,"href":"https:\/\/spanishbreak.com\/fr\/wp-json\/wp\/v2\/product_cat?post=4197"},{"taxonomy":"product_tag","embeddable":true,"href":"https:\/\/spanishbreak.com\/fr\/wp-json\/wp\/v2\/product_tag?post=4197"}],"curies":[{"name":"wp","href":"https:\/\/api.w.org\/{rel}","templated":true}]}}