{"id":4201,"date":"2022-10-24T16:35:04","date_gmt":"2022-10-24T14:35:04","guid":{"rendered":"https:\/\/spanishbreak.com\/producto\/dinner-hummer-1-hour-night-club-entry\/"},"modified":"2025-12-17T15:20:36","modified_gmt":"2025-12-17T14:20:36","slug":"dinner-hummer-1-hour-night-club-entry","status":"publish","type":"product","link":"https:\/\/spanishbreak.com\/fr\/product\/dinner-hummer-1-hour-night-club-entry\/","title":{"rendered":"D\u00ceNER + HUMMER 1H + CLUB \u00c0 BARCELONE"},"content":{"rendered":"<p>Si vous cherchez une folle nuit, c\u2019est ce qu\u2019il vous faut\u00a0! Nous nous occupons de tout, afin que vous puissiez vous concentrer sur le meilleur <strong>enterrement de vie de gar\u00e7on possible \u00e0 Barcelone<\/strong>.<\/p>\n<p>Vous\u00a0 commencerez la soir\u00e9e avec un verre de bienvenue \u00e0 l\u2019arriv\u00e9e dans un restaurant du centre-ville. Vos <strong>trois\u00a0d\u00e9licieux plats\u00a0espagnols <\/strong>vous emm\u00e8neront dans un voyage gastronomique \u00e0 travers l\u2019Espagne, et peuvent \u00eatre accompagn\u00e9s par de la <strong>sangria \u00e0 volont\u00e9<\/strong>.<\/p>\n<p>Maintenant, quelle meilleure fa\u00e7on que d\u2019arriver en bo\u00eete de nuit dans une <strong>luxueuse limousine Hummer<\/strong>\u00a0? Le v\u00e9hicule de luxe va vous aider \u00e0 vous \u00e9clater en choisissant les chansons pr\u00e9f\u00e9r\u00e9es du c\u00e9libataire pendant votre croisi\u00e8re \u00e0 travers la ville en direction de l\u2019une des bo\u00eetes de nuit les plus chaudes de Barcelone\u00a0!<\/p>\n<p>Votre nuit va vraiment se lancer quand vous arriverez, ainsi que tous vos amis, dans l&rsquo;<strong>une des meilleures bo\u00eetes de nuit de Barcelone<\/strong>\u00a0!<\/p>\n","protected":false},"excerpt":{"rendered":"<p>Si vous cherchez une folle nuit, c\u2019est ce qu\u2019il vous faut\u00a0! Nous nous occupons de tout, afin que vous puissiez vous concentrer sur le meilleur enterrement de vie de gar\u00e7on possible \u00e0 Barcelone. Vous\u00a0 commencerez la soir\u00e9e avec un verre de bienvenue \u00e0 l\u2019arriv\u00e9e dans un restaurant du centre-ville. Vos trois\u00a0d\u00e9licieux plats\u00a0espagnols vous emm\u00e8neront dans [&hellip;]<\/p>\n","protected":false},"featured_media":3368,"comment_status":"closed","ping_status":"closed","template":"","meta":{"site-sidebar-layout":"default","site-content-layout":"default","ast-site-content-layout":"default","site-content-style":"default","site-sidebar-style":"default","ast-global-header-display":"","ast-banner-title-visibility":"","ast-main-header-display":"","ast-hfb-above-header-display":"","ast-hfb-below-header-display":"","ast-hfb-mobile-header-display":"","site-post-title":"","ast-breadcrumbs-content":"","ast-featured-img":"","footer-sml-layout":"","theme-transparent-header-meta":"default","adv-header-id-meta":"","stick-header-meta":"","header-above-stick-meta":"","header-main-stick-meta":"","header-below-stick-meta":"","astra-migrate-meta-layouts":"set","ast-page-background-enabled":"default","ast-page-background-meta":{"desktop":{"background-color":"var(--ast-global-color-4)","background-image":"","background-repeat":"repeat","background-position":"center center","background-size":"auto","background-attachment":"scroll","background-type":"","background-media":"","overlay-type":"","overlay-color":"","overlay-opacity":"","overlay-gradient":""},"tablet":{"background-color":"","background-image":"","background-repeat":"repeat","background-position":"center center","background-size":"auto","background-attachment":"scroll","background-type":"","background-media":"","overlay-type":"","overlay-color":"","overlay-opacity":"","overlay-gradient":""},"mobile":{"background-color":"","background-image":"","background-repeat":"repeat","background-position":"center center","background-size":"auto","background-attachment":"scroll","background-type":"","background-media":"","overlay-type":"","overlay-color":"","overlay-opacity":"","overlay-gradient":""}},"ast-content-background-meta":{"desktop":{"background-color":"var(--ast-global-color-5)","background-image":"","background-repeat":"repeat","background-position":"center center","background-size":"auto","background-attachment":"scroll","background-type":"","background-media":"","overlay-type":"","overlay-color":"","overlay-opacity":"","overlay-gradient":""},"tablet":{"background-color":"var(--ast-global-color-5)","background-image":"","background-repeat":"repeat","background-position":"center center","background-size":"auto","background-attachment":"scroll","background-type":"","background-media":"","overlay-type":"","overlay-color":"","overlay-opacity":"","overlay-gradient":""},"mobile":{"background-color":"var(--ast-global-color-5)","background-image":"","background-repeat":"repeat","background-position":"center center","background-size":"auto","background-attachment":"scroll","background-type":"","background-media":"","overlay-type":"","overlay-color":"","overlay-opacity":"","overlay-gradient":""}},"repeater_packs":""},"product_brand":[],"product_cat":[66,71,73],"product_tag":[36,35],"class_list":{"0":"post-4201","1":"product","2":"type-product","3":"status-publish","4":"has-post-thumbnail","6":"product_cat-hen-fr-2","7":"product_cat-night_activities-fr-2","8":"product_cat-stag-fr","9":"product_tag-hen","10":"product_tag-stag","11":"desktop-align-left","12":"tablet-align-left","13":"mobile-align-left","15":"first","16":"instock","17":"shipping-taxable","18":"product-type-simple"},"yoast_head":"<!-- This site is optimized with the Yoast SEO plugin v26.8 - https:\/\/yoast.com\/product\/yoast-seo-wordpress\/ -->\n<title>D\u00ceNER + HUMMER 1H + CLUB \u00c0 BARCELONE Pack: D\u00eener, Hummer et Club \u00e0 Barcelone<\/title>\n<meta name=\"description\" content=\"Si vous cherchez une folle nuit, c\u2019est ce qu\u2019il vous faut\u00a0! Nous nous occupons de tout, afin que vous puissiez vous concentrer sur le meilleur enterrement D\u00eener, limousine et entr\u00e9e en bo\u00eete de nuit. Une soir\u00e9e inoubliable \u00e0 partager entre amies.\" \/>\n<meta name=\"robots\" content=\"index, follow, max-snippet:-1, max-image-preview:large, max-video-preview:-1\" \/>\n<link rel=\"canonical\" href=\"https:\/\/spanishbreak.com\/fr\/product\/dinner-hummer-1-hour-night-club-entry\/\" \/>\n<meta property=\"og:locale\" content=\"fr_FR\" \/>\n<meta property=\"og:type\" content=\"article\" \/>\n<meta property=\"og:title\" content=\"D\u00ceNER + HUMMER 1H + CLUB \u00c0 BARCELONE Pack: D\u00eener, Hummer et Club \u00e0 Barcelone\" \/>\n<meta property=\"og:description\" content=\"Si vous cherchez une folle nuit, c\u2019est ce qu\u2019il vous faut\u00a0! Nous nous occupons de tout, afin que vous puissiez vous concentrer sur le meilleur enterrement D\u00eener, limousine et entr\u00e9e en bo\u00eete de nuit. Une soir\u00e9e inoubliable \u00e0 partager entre amies.\" \/>\n<meta property=\"og:url\" content=\"https:\/\/spanishbreak.com\/fr\/product\/dinner-hummer-1-hour-night-club-entry\/\" \/>\n<meta property=\"og:site_name\" content=\"Spanishbreak\" \/>\n<meta property=\"article:publisher\" content=\"https:\/\/www.facebook.com\/spanishbreak\" \/>\n<meta property=\"article:modified_time\" content=\"2025-12-17T14:20:36+00:00\" \/>\n<meta property=\"og:image\" content=\"https:\/\/spanishbreak.com\/wp-content\/uploads\/2022\/10\/DINNER-HUMMER-1-HOUR-NIGHT-CLUB-ENTRY.jpg\" \/>\n\t<meta property=\"og:image:width\" content=\"1500\" \/>\n\t<meta property=\"og:image:height\" content=\"1000\" \/>\n\t<meta property=\"og:image:type\" content=\"image\/jpeg\" \/>\n<meta name=\"twitter:card\" content=\"summary_large_image\" \/>\n<meta name=\"twitter:label1\" content=\"Dur\u00e9e de lecture estim\u00e9e\" \/>\n\t<meta name=\"twitter:data1\" content=\"1 minute\" \/>\n<script type=\"application\/ld+json\" class=\"yoast-schema-graph\">{\"@context\":\"https:\/\/schema.org\",\"@graph\":[{\"@type\":[\"WebPage\",\"ItemPage\"],\"@id\":\"https:\/\/spanishbreak.com\/fr\/product\/dinner-hummer-1-hour-night-club-entry\/\",\"url\":\"https:\/\/spanishbreak.com\/fr\/product\/dinner-hummer-1-hour-night-club-entry\/\",\"name\":\"D\u00ceNER + HUMMER 1H + CLUB \u00c0 BARCELONE Pack: D\u00eener, Hummer et Club \u00e0 Barcelone\",\"isPartOf\":{\"@id\":\"https:\/\/spanishbreak.com\/#website\"},\"primaryImageOfPage\":{\"@id\":\"https:\/\/spanishbreak.com\/fr\/product\/dinner-hummer-1-hour-night-club-entry\/#primaryimage\"},\"image\":{\"@id\":\"https:\/\/spanishbreak.com\/fr\/product\/dinner-hummer-1-hour-night-club-entry\/#primaryimage\"},\"thumbnailUrl\":\"https:\/\/spanishbreak.com\/wp-content\/uploads\/2022\/10\/DINNER-HUMMER-1-HOUR-NIGHT-CLUB-ENTRY.jpg\",\"datePublished\":\"2022-10-24T14:35:04+00:00\",\"dateModified\":\"2025-12-17T14:20:36+00:00\",\"description\":\"Si vous cherchez une folle nuit, c\u2019est ce qu\u2019il vous faut\u00a0! Nous nous occupons de tout, afin que vous puissiez vous concentrer sur le meilleur enterrement D\u00eener, limousine et entr\u00e9e en bo\u00eete de nuit. Une soir\u00e9e inoubliable \u00e0 partager entre amies.\",\"breadcrumb\":{\"@id\":\"https:\/\/spanishbreak.com\/fr\/product\/dinner-hummer-1-hour-night-club-entry\/#breadcrumb\"},\"inLanguage\":\"fr-FR\",\"potentialAction\":[{\"@type\":\"ReadAction\",\"target\":[\"https:\/\/spanishbreak.com\/fr\/product\/dinner-hummer-1-hour-night-club-entry\/\"]}]},{\"@type\":\"ImageObject\",\"inLanguage\":\"fr-FR\",\"@id\":\"https:\/\/spanishbreak.com\/fr\/product\/dinner-hummer-1-hour-night-club-entry\/#primaryimage\",\"url\":\"https:\/\/spanishbreak.com\/wp-content\/uploads\/2022\/10\/DINNER-HUMMER-1-HOUR-NIGHT-CLUB-ENTRY.jpg\",\"contentUrl\":\"https:\/\/spanishbreak.com\/wp-content\/uploads\/2022\/10\/DINNER-HUMMER-1-HOUR-NIGHT-CLUB-ENTRY.jpg\",\"width\":1500,\"height\":1000,\"caption\":\"A picture of five girl friends relaxing with facial masks on over white background\"},{\"@type\":\"BreadcrumbList\",\"@id\":\"https:\/\/spanishbreak.com\/fr\/product\/dinner-hummer-1-hour-night-club-entry\/#breadcrumb\",\"itemListElement\":[{\"@type\":\"ListItem\",\"position\":1,\"name\":\"Home\",\"item\":\"https:\/\/spanishbreak.com\/\"},{\"@type\":\"ListItem\",\"position\":2,\"name\":\"Boutique\",\"item\":\"https:\/\/spanishbreak.com\/boutique\/?lang=fr\"},{\"@type\":\"ListItem\",\"position\":3,\"name\":\"D\u00ceNER + HUMMER 1H + CLUB \u00c0 BARCELONE\"}]},{\"@type\":\"WebSite\",\"@id\":\"https:\/\/spanishbreak.com\/#website\",\"url\":\"https:\/\/spanishbreak.com\/\",\"name\":\"Spanish Break\",\"description\":\"Otro sitio realizado con WordPress\",\"publisher\":{\"@id\":\"https:\/\/spanishbreak.com\/#organization\"},\"potentialAction\":[{\"@type\":\"SearchAction\",\"target\":{\"@type\":\"EntryPoint\",\"urlTemplate\":\"https:\/\/spanishbreak.com\/?s={search_term_string}\"},\"query-input\":{\"@type\":\"PropertyValueSpecification\",\"valueRequired\":true,\"valueName\":\"search_term_string\"}}],\"inLanguage\":\"fr-FR\"},{\"@type\":\"Organization\",\"@id\":\"https:\/\/spanishbreak.com\/#organization\",\"name\":\"Spanish Break\",\"url\":\"https:\/\/spanishbreak.com\/\",\"logo\":{\"@type\":\"ImageObject\",\"inLanguage\":\"fr-FR\",\"@id\":\"https:\/\/spanishbreak.com\/#\/schema\/logo\/image\/\",\"url\":\"https:\/\/spanishbreak.com\/wp-content\/uploads\/2024\/03\/logo-spanish-break.png\",\"contentUrl\":\"https:\/\/spanishbreak.com\/wp-content\/uploads\/2024\/03\/logo-spanish-break.png\",\"width\":323,\"height\":37,\"caption\":\"Spanish Break\"},\"image\":{\"@id\":\"https:\/\/spanishbreak.com\/#\/schema\/logo\/image\/\"},\"sameAs\":[\"https:\/\/www.facebook.com\/spanishbreak\",\"https:\/\/www.instagram.com\/spanishbreakbcn\/\"]}]}<\/script>\n<!-- \/ Yoast SEO plugin. -->","yoast_head_json":{"title":"D\u00ceNER + HUMMER 1H + CLUB \u00c0 BARCELONE Pack: D\u00eener, Hummer et Club \u00e0 Barcelone","description":"Si vous cherchez une folle nuit, c\u2019est ce qu\u2019il vous faut\u00a0! Nous nous occupons de tout, afin que vous puissiez vous concentrer sur le meilleur enterrement D\u00eener, limousine et entr\u00e9e en bo\u00eete de nuit. Une soir\u00e9e inoubliable \u00e0 partager entre amies.","robots":{"index":"index","follow":"follow","max-snippet":"max-snippet:-1","max-image-preview":"max-image-preview:large","max-video-preview":"max-video-preview:-1"},"canonical":"https:\/\/spanishbreak.com\/fr\/product\/dinner-hummer-1-hour-night-club-entry\/","og_locale":"fr_FR","og_type":"article","og_title":"D\u00ceNER + HUMMER 1H + CLUB \u00c0 BARCELONE Pack: D\u00eener, Hummer et Club \u00e0 Barcelone","og_description":"Si vous cherchez une folle nuit, c\u2019est ce qu\u2019il vous faut\u00a0! Nous nous occupons de tout, afin que vous puissiez vous concentrer sur le meilleur enterrement D\u00eener, limousine et entr\u00e9e en bo\u00eete de nuit. Une soir\u00e9e inoubliable \u00e0 partager entre amies.","og_url":"https:\/\/spanishbreak.com\/fr\/product\/dinner-hummer-1-hour-night-club-entry\/","og_site_name":"Spanishbreak","article_publisher":"https:\/\/www.facebook.com\/spanishbreak","article_modified_time":"2025-12-17T14:20:36+00:00","og_image":[{"width":1500,"height":1000,"url":"https:\/\/spanishbreak.com\/wp-content\/uploads\/2022\/10\/DINNER-HUMMER-1-HOUR-NIGHT-CLUB-ENTRY.jpg","type":"image\/jpeg"}],"twitter_card":"summary_large_image","twitter_misc":{"Dur\u00e9e de lecture estim\u00e9e":"1 minute"},"schema":{"@context":"https:\/\/schema.org","@graph":[{"@type":["WebPage","ItemPage"],"@id":"https:\/\/spanishbreak.com\/fr\/product\/dinner-hummer-1-hour-night-club-entry\/","url":"https:\/\/spanishbreak.com\/fr\/product\/dinner-hummer-1-hour-night-club-entry\/","name":"D\u00ceNER + HUMMER 1H + CLUB \u00c0 BARCELONE Pack: D\u00eener, Hummer et Club \u00e0 Barcelone","isPartOf":{"@id":"https:\/\/spanishbreak.com\/#website"},"primaryImageOfPage":{"@id":"https:\/\/spanishbreak.com\/fr\/product\/dinner-hummer-1-hour-night-club-entry\/#primaryimage"},"image":{"@id":"https:\/\/spanishbreak.com\/fr\/product\/dinner-hummer-1-hour-night-club-entry\/#primaryimage"},"thumbnailUrl":"https:\/\/spanishbreak.com\/wp-content\/uploads\/2022\/10\/DINNER-HUMMER-1-HOUR-NIGHT-CLUB-ENTRY.jpg","datePublished":"2022-10-24T14:35:04+00:00","dateModified":"2025-12-17T14:20:36+00:00","description":"Si vous cherchez une folle nuit, c\u2019est ce qu\u2019il vous faut\u00a0! Nous nous occupons de tout, afin que vous puissiez vous concentrer sur le meilleur enterrement D\u00eener, limousine et entr\u00e9e en bo\u00eete de nuit. Une soir\u00e9e inoubliable \u00e0 partager entre amies.","breadcrumb":{"@id":"https:\/\/spanishbreak.com\/fr\/product\/dinner-hummer-1-hour-night-club-entry\/#breadcrumb"},"inLanguage":"fr-FR","potentialAction":[{"@type":"ReadAction","target":["https:\/\/spanishbreak.com\/fr\/product\/dinner-hummer-1-hour-night-club-entry\/"]}]},{"@type":"ImageObject","inLanguage":"fr-FR","@id":"https:\/\/spanishbreak.com\/fr\/product\/dinner-hummer-1-hour-night-club-entry\/#primaryimage","url":"https:\/\/spanishbreak.com\/wp-content\/uploads\/2022\/10\/DINNER-HUMMER-1-HOUR-NIGHT-CLUB-ENTRY.jpg","contentUrl":"https:\/\/spanishbreak.com\/wp-content\/uploads\/2022\/10\/DINNER-HUMMER-1-HOUR-NIGHT-CLUB-ENTRY.jpg","width":1500,"height":1000,"caption":"A picture of five girl friends relaxing with facial masks on over white background"},{"@type":"BreadcrumbList","@id":"https:\/\/spanishbreak.com\/fr\/product\/dinner-hummer-1-hour-night-club-entry\/#breadcrumb","itemListElement":[{"@type":"ListItem","position":1,"name":"Home","item":"https:\/\/spanishbreak.com\/"},{"@type":"ListItem","position":2,"name":"Boutique","item":"https:\/\/spanishbreak.com\/boutique\/?lang=fr"},{"@type":"ListItem","position":3,"name":"D\u00ceNER + HUMMER 1H + CLUB \u00c0 BARCELONE"}]},{"@type":"WebSite","@id":"https:\/\/spanishbreak.com\/#website","url":"https:\/\/spanishbreak.com\/","name":"Spanish Break","description":"Otro sitio realizado con WordPress","publisher":{"@id":"https:\/\/spanishbreak.com\/#organization"},"potentialAction":[{"@type":"SearchAction","target":{"@type":"EntryPoint","urlTemplate":"https:\/\/spanishbreak.com\/?s={search_term_string}"},"query-input":{"@type":"PropertyValueSpecification","valueRequired":true,"valueName":"search_term_string"}}],"inLanguage":"fr-FR"},{"@type":"Organization","@id":"https:\/\/spanishbreak.com\/#organization","name":"Spanish Break","url":"https:\/\/spanishbreak.com\/","logo":{"@type":"ImageObject","inLanguage":"fr-FR","@id":"https:\/\/spanishbreak.com\/#\/schema\/logo\/image\/","url":"https:\/\/spanishbreak.com\/wp-content\/uploads\/2024\/03\/logo-spanish-break.png","contentUrl":"https:\/\/spanishbreak.com\/wp-content\/uploads\/2024\/03\/logo-spanish-break.png","width":323,"height":37,"caption":"Spanish Break"},"image":{"@id":"https:\/\/spanishbreak.com\/#\/schema\/logo\/image\/"},"sameAs":["https:\/\/www.facebook.com\/spanishbreak","https:\/\/www.instagram.com\/spanishbreakbcn\/"]}]}},"_links":{"self":[{"href":"https:\/\/spanishbreak.com\/fr\/wp-json\/wp\/v2\/product\/4201","targetHints":{"allow":["GET"]}}],"collection":[{"href":"https:\/\/spanishbreak.com\/fr\/wp-json\/wp\/v2\/product"}],"about":[{"href":"https:\/\/spanishbreak.com\/fr\/wp-json\/wp\/v2\/types\/product"}],"replies":[{"embeddable":true,"href":"https:\/\/spanishbreak.com\/fr\/wp-json\/wp\/v2\/comments?post=4201"}],"wp:featuredmedia":[{"embeddable":true,"href":"https:\/\/spanishbreak.com\/fr\/wp-json\/wp\/v2\/media\/3368"}],"wp:attachment":[{"href":"https:\/\/spanishbreak.com\/fr\/wp-json\/wp\/v2\/media?parent=4201"}],"wp:term":[{"taxonomy":"product_brand","embeddable":true,"href":"https:\/\/spanishbreak.com\/fr\/wp-json\/wp\/v2\/product_brand?post=4201"},{"taxonomy":"product_cat","embeddable":true,"href":"https:\/\/spanishbreak.com\/fr\/wp-json\/wp\/v2\/product_cat?post=4201"},{"taxonomy":"product_tag","embeddable":true,"href":"https:\/\/spanishbreak.com\/fr\/wp-json\/wp\/v2\/product_tag?post=4201"}],"curies":[{"name":"wp","href":"https:\/\/api.w.org\/{rel}","templated":true}]}}