{"id":4202,"date":"2022-10-24T16:05:28","date_gmt":"2022-10-24T14:05:28","guid":{"rendered":"https:\/\/spanishbreak.com\/producto\/stag-dinner-drinks-nightclub\/"},"modified":"2025-12-17T15:22:08","modified_gmt":"2025-12-17T14:22:08","slug":"stag-dinner-drinks-nightclub","status":"publish","type":"product","link":"https:\/\/spanishbreak.com\/fr\/product\/stag-dinner-drinks-nightclub\/","title":{"rendered":"D\u00ceNER ENTRE MECS + BOISSONS + BO\u00ceTE DE NUIT \u00c0 BARCELONE"},"content":{"rendered":"<p><strong>Une soir\u00e9e de malade entre mecs\u00a0!<\/strong><\/p>\n<p>\u00cates-vous pr\u00eats pour une grosse soir\u00e9e pendant votre <strong>EVG \u00e0 Barcelone ?<\/strong> Vous ne pouvez pas vous tromper avec un incroyable <strong>d\u00eener entre mecs, boissons durant le repas et entr\u00e9e en bo\u00eete de nuit.<\/strong><\/p>\n<p>Vous commencerez votre soir\u00e9e avec un verre de bienvenue quand vous arriverez au restaurant situ\u00e9 dans le centre. Un copieux repas complet vous attendra avec sangria \u00e0 volont\u00e9, afin de vous pr\u00e9parer pour la suite\u00a0!<\/p>\n<p>Apr\u00e8s le repas, vous serez pr\u00eats pour vous rendre dans l\u2019une des bo\u00eetes de nuit les plus chaudes de Barcelone o\u00f9 vous pouvez faire la f\u00eate jusqu\u2019au lever de soleil\u00a0!<\/p>\n","protected":false},"excerpt":{"rendered":"<p>Une soir\u00e9e de malade entre mecs\u00a0! \u00cates-vous pr\u00eats pour une grosse soir\u00e9e pendant votre EVG \u00e0 Barcelone ? Vous ne pouvez pas vous tromper avec un incroyable d\u00eener entre mecs, boissons durant le repas et entr\u00e9e en bo\u00eete de nuit. Vous commencerez votre soir\u00e9e avec un verre de bienvenue quand vous arriverez au restaurant situ\u00e9 [&hellip;]<\/p>\n","protected":false},"featured_media":3369,"comment_status":"closed","ping_status":"closed","template":"","meta":{"site-sidebar-layout":"default","site-content-layout":"default","ast-site-content-layout":"default","site-content-style":"default","site-sidebar-style":"default","ast-global-header-display":"","ast-banner-title-visibility":"","ast-main-header-display":"","ast-hfb-above-header-display":"","ast-hfb-below-header-display":"","ast-hfb-mobile-header-display":"","site-post-title":"","ast-breadcrumbs-content":"","ast-featured-img":"","footer-sml-layout":"","theme-transparent-header-meta":"default","adv-header-id-meta":"","stick-header-meta":"","header-above-stick-meta":"","header-main-stick-meta":"","header-below-stick-meta":"","astra-migrate-meta-layouts":"set","ast-page-background-enabled":"default","ast-page-background-meta":{"desktop":{"background-color":"var(--ast-global-color-4)","background-image":"","background-repeat":"repeat","background-position":"center center","background-size":"auto","background-attachment":"scroll","background-type":"","background-media":"","overlay-type":"","overlay-color":"","overlay-opacity":"","overlay-gradient":""},"tablet":{"background-color":"","background-image":"","background-repeat":"repeat","background-position":"center center","background-size":"auto","background-attachment":"scroll","background-type":"","background-media":"","overlay-type":"","overlay-color":"","overlay-opacity":"","overlay-gradient":""},"mobile":{"background-color":"","background-image":"","background-repeat":"repeat","background-position":"center center","background-size":"auto","background-attachment":"scroll","background-type":"","background-media":"","overlay-type":"","overlay-color":"","overlay-opacity":"","overlay-gradient":""}},"ast-content-background-meta":{"desktop":{"background-color":"var(--ast-global-color-5)","background-image":"","background-repeat":"repeat","background-position":"center center","background-size":"auto","background-attachment":"scroll","background-type":"","background-media":"","overlay-type":"","overlay-color":"","overlay-opacity":"","overlay-gradient":""},"tablet":{"background-color":"var(--ast-global-color-5)","background-image":"","background-repeat":"repeat","background-position":"center center","background-size":"auto","background-attachment":"scroll","background-type":"","background-media":"","overlay-type":"","overlay-color":"","overlay-opacity":"","overlay-gradient":""},"mobile":{"background-color":"var(--ast-global-color-5)","background-image":"","background-repeat":"repeat","background-position":"center center","background-size":"auto","background-attachment":"scroll","background-type":"","background-media":"","overlay-type":"","overlay-color":"","overlay-opacity":"","overlay-gradient":""}},"repeater_packs":""},"product_brand":[],"product_cat":[71,73],"product_tag":[35],"class_list":{"0":"post-4202","1":"product","2":"type-product","3":"status-publish","4":"has-post-thumbnail","6":"product_cat-night_activities-fr-2","7":"product_cat-stag-fr","8":"product_tag-stag","9":"desktop-align-left","10":"tablet-align-left","11":"mobile-align-left","13":"first","14":"instock","15":"shipping-taxable","16":"product-type-simple"},"yoast_head":"<!-- This site is optimized with the Yoast SEO plugin v26.8 - https:\/\/yoast.com\/product\/yoast-seo-wordpress\/ -->\n<title>D\u00ceNER ENTRE MECS + BOISSONS + BO\u00ceTE DE NUIT \u00c0 BARCELONE EVG diner \u00e0 Barcelone<\/title>\n<meta name=\"description\" content=\"Une soir\u00e9e de malade entre mecs\u00a0! \u00cates-vous pr\u00eats pour une grosse soir\u00e9e pendant votre EVG \u00e0 Barcelone ? Vous ne pouvez pas vous tromper avec un diner entre mecs avec boissons et boite de nuit comprises pour une soir\u00e9e inoubliable\" \/>\n<meta name=\"robots\" content=\"index, follow, max-snippet:-1, max-image-preview:large, max-video-preview:-1\" \/>\n<link rel=\"canonical\" href=\"https:\/\/spanishbreak.com\/fr\/product\/stag-dinner-drinks-nightclub\/\" \/>\n<meta property=\"og:locale\" content=\"fr_FR\" \/>\n<meta property=\"og:type\" content=\"article\" \/>\n<meta property=\"og:title\" content=\"D\u00ceNER ENTRE MECS + BOISSONS + BO\u00ceTE DE NUIT \u00c0 BARCELONE EVG diner \u00e0 Barcelone\" \/>\n<meta property=\"og:description\" content=\"Une soir\u00e9e de malade entre mecs\u00a0! \u00cates-vous pr\u00eats pour une grosse soir\u00e9e pendant votre EVG \u00e0 Barcelone ? Vous ne pouvez pas vous tromper avec un diner entre mecs avec boissons et boite de nuit comprises pour une soir\u00e9e inoubliable\" \/>\n<meta property=\"og:url\" content=\"https:\/\/spanishbreak.com\/fr\/product\/stag-dinner-drinks-nightclub\/\" \/>\n<meta property=\"og:site_name\" content=\"Spanishbreak\" \/>\n<meta property=\"article:publisher\" content=\"https:\/\/www.facebook.com\/spanishbreak\" \/>\n<meta property=\"article:modified_time\" content=\"2025-12-17T14:22:08+00:00\" \/>\n<meta property=\"og:image\" content=\"https:\/\/spanishbreak.com\/wp-content\/uploads\/2022\/10\/STAG-DINNER-DRINKS-NIGHTCLUB.jpg\" \/>\n\t<meta property=\"og:image:width\" content=\"1500\" \/>\n\t<meta property=\"og:image:height\" content=\"1000\" \/>\n\t<meta property=\"og:image:type\" content=\"image\/jpeg\" \/>\n<meta name=\"twitter:card\" content=\"summary_large_image\" \/>\n<meta name=\"twitter:label1\" content=\"Dur\u00e9e de lecture estim\u00e9e\" \/>\n\t<meta name=\"twitter:data1\" content=\"1 minute\" \/>\n<script type=\"application\/ld+json\" class=\"yoast-schema-graph\">{\"@context\":\"https:\/\/schema.org\",\"@graph\":[{\"@type\":[\"WebPage\",\"ItemPage\"],\"@id\":\"https:\/\/spanishbreak.com\/fr\/product\/stag-dinner-drinks-nightclub\/\",\"url\":\"https:\/\/spanishbreak.com\/fr\/product\/stag-dinner-drinks-nightclub\/\",\"name\":\"D\u00ceNER ENTRE MECS + BOISSONS + BO\u00ceTE DE NUIT \u00c0 BARCELONE EVG diner \u00e0 Barcelone\",\"isPartOf\":{\"@id\":\"https:\/\/spanishbreak.com\/#website\"},\"primaryImageOfPage\":{\"@id\":\"https:\/\/spanishbreak.com\/fr\/product\/stag-dinner-drinks-nightclub\/#primaryimage\"},\"image\":{\"@id\":\"https:\/\/spanishbreak.com\/fr\/product\/stag-dinner-drinks-nightclub\/#primaryimage\"},\"thumbnailUrl\":\"https:\/\/spanishbreak.com\/wp-content\/uploads\/2022\/10\/STAG-DINNER-DRINKS-NIGHTCLUB.jpg\",\"datePublished\":\"2022-10-24T14:05:28+00:00\",\"dateModified\":\"2025-12-17T14:22:08+00:00\",\"description\":\"Une soir\u00e9e de malade entre mecs\u00a0! \u00cates-vous pr\u00eats pour une grosse soir\u00e9e pendant votre EVG \u00e0 Barcelone ? Vous ne pouvez pas vous tromper avec un diner entre mecs avec boissons et boite de nuit comprises pour une soir\u00e9e inoubliable\",\"breadcrumb\":{\"@id\":\"https:\/\/spanishbreak.com\/fr\/product\/stag-dinner-drinks-nightclub\/#breadcrumb\"},\"inLanguage\":\"fr-FR\",\"potentialAction\":[{\"@type\":\"ReadAction\",\"target\":[\"https:\/\/spanishbreak.com\/fr\/product\/stag-dinner-drinks-nightclub\/\"]}]},{\"@type\":\"ImageObject\",\"inLanguage\":\"fr-FR\",\"@id\":\"https:\/\/spanishbreak.com\/fr\/product\/stag-dinner-drinks-nightclub\/#primaryimage\",\"url\":\"https:\/\/spanishbreak.com\/wp-content\/uploads\/2022\/10\/STAG-DINNER-DRINKS-NIGHTCLUB.jpg\",\"contentUrl\":\"https:\/\/spanishbreak.com\/wp-content\/uploads\/2022\/10\/STAG-DINNER-DRINKS-NIGHTCLUB.jpg\",\"width\":1500,\"height\":1000,\"caption\":\"A picture of five girl friends relaxing with facial masks on over white background\"},{\"@type\":\"BreadcrumbList\",\"@id\":\"https:\/\/spanishbreak.com\/fr\/product\/stag-dinner-drinks-nightclub\/#breadcrumb\",\"itemListElement\":[{\"@type\":\"ListItem\",\"position\":1,\"name\":\"Home\",\"item\":\"https:\/\/spanishbreak.com\/\"},{\"@type\":\"ListItem\",\"position\":2,\"name\":\"Boutique\",\"item\":\"https:\/\/spanishbreak.com\/boutique\/?lang=fr\"},{\"@type\":\"ListItem\",\"position\":3,\"name\":\"D\u00ceNER ENTRE MECS + BOISSONS + BO\u00ceTE DE NUIT \u00c0 BARCELONE\"}]},{\"@type\":\"WebSite\",\"@id\":\"https:\/\/spanishbreak.com\/#website\",\"url\":\"https:\/\/spanishbreak.com\/\",\"name\":\"Spanish Break\",\"description\":\"Otro sitio realizado con WordPress\",\"publisher\":{\"@id\":\"https:\/\/spanishbreak.com\/#organization\"},\"potentialAction\":[{\"@type\":\"SearchAction\",\"target\":{\"@type\":\"EntryPoint\",\"urlTemplate\":\"https:\/\/spanishbreak.com\/?s={search_term_string}\"},\"query-input\":{\"@type\":\"PropertyValueSpecification\",\"valueRequired\":true,\"valueName\":\"search_term_string\"}}],\"inLanguage\":\"fr-FR\"},{\"@type\":\"Organization\",\"@id\":\"https:\/\/spanishbreak.com\/#organization\",\"name\":\"Spanish Break\",\"url\":\"https:\/\/spanishbreak.com\/\",\"logo\":{\"@type\":\"ImageObject\",\"inLanguage\":\"fr-FR\",\"@id\":\"https:\/\/spanishbreak.com\/#\/schema\/logo\/image\/\",\"url\":\"https:\/\/spanishbreak.com\/wp-content\/uploads\/2024\/03\/logo-spanish-break.png\",\"contentUrl\":\"https:\/\/spanishbreak.com\/wp-content\/uploads\/2024\/03\/logo-spanish-break.png\",\"width\":323,\"height\":37,\"caption\":\"Spanish Break\"},\"image\":{\"@id\":\"https:\/\/spanishbreak.com\/#\/schema\/logo\/image\/\"},\"sameAs\":[\"https:\/\/www.facebook.com\/spanishbreak\",\"https:\/\/www.instagram.com\/spanishbreakbcn\/\"]}]}<\/script>\n<!-- \/ Yoast SEO plugin. -->","yoast_head_json":{"title":"D\u00ceNER ENTRE MECS + BOISSONS + BO\u00ceTE DE NUIT \u00c0 BARCELONE EVG diner \u00e0 Barcelone","description":"Une soir\u00e9e de malade entre mecs\u00a0! \u00cates-vous pr\u00eats pour une grosse soir\u00e9e pendant votre EVG \u00e0 Barcelone ? Vous ne pouvez pas vous tromper avec un diner entre mecs avec boissons et boite de nuit comprises pour une soir\u00e9e inoubliable","robots":{"index":"index","follow":"follow","max-snippet":"max-snippet:-1","max-image-preview":"max-image-preview:large","max-video-preview":"max-video-preview:-1"},"canonical":"https:\/\/spanishbreak.com\/fr\/product\/stag-dinner-drinks-nightclub\/","og_locale":"fr_FR","og_type":"article","og_title":"D\u00ceNER ENTRE MECS + BOISSONS + BO\u00ceTE DE NUIT \u00c0 BARCELONE EVG diner \u00e0 Barcelone","og_description":"Une soir\u00e9e de malade entre mecs\u00a0! \u00cates-vous pr\u00eats pour une grosse soir\u00e9e pendant votre EVG \u00e0 Barcelone ? Vous ne pouvez pas vous tromper avec un diner entre mecs avec boissons et boite de nuit comprises pour une soir\u00e9e inoubliable","og_url":"https:\/\/spanishbreak.com\/fr\/product\/stag-dinner-drinks-nightclub\/","og_site_name":"Spanishbreak","article_publisher":"https:\/\/www.facebook.com\/spanishbreak","article_modified_time":"2025-12-17T14:22:08+00:00","og_image":[{"width":1500,"height":1000,"url":"https:\/\/spanishbreak.com\/wp-content\/uploads\/2022\/10\/STAG-DINNER-DRINKS-NIGHTCLUB.jpg","type":"image\/jpeg"}],"twitter_card":"summary_large_image","twitter_misc":{"Dur\u00e9e de lecture estim\u00e9e":"1 minute"},"schema":{"@context":"https:\/\/schema.org","@graph":[{"@type":["WebPage","ItemPage"],"@id":"https:\/\/spanishbreak.com\/fr\/product\/stag-dinner-drinks-nightclub\/","url":"https:\/\/spanishbreak.com\/fr\/product\/stag-dinner-drinks-nightclub\/","name":"D\u00ceNER ENTRE MECS + BOISSONS + BO\u00ceTE DE NUIT \u00c0 BARCELONE EVG diner \u00e0 Barcelone","isPartOf":{"@id":"https:\/\/spanishbreak.com\/#website"},"primaryImageOfPage":{"@id":"https:\/\/spanishbreak.com\/fr\/product\/stag-dinner-drinks-nightclub\/#primaryimage"},"image":{"@id":"https:\/\/spanishbreak.com\/fr\/product\/stag-dinner-drinks-nightclub\/#primaryimage"},"thumbnailUrl":"https:\/\/spanishbreak.com\/wp-content\/uploads\/2022\/10\/STAG-DINNER-DRINKS-NIGHTCLUB.jpg","datePublished":"2022-10-24T14:05:28+00:00","dateModified":"2025-12-17T14:22:08+00:00","description":"Une soir\u00e9e de malade entre mecs\u00a0! \u00cates-vous pr\u00eats pour une grosse soir\u00e9e pendant votre EVG \u00e0 Barcelone ? Vous ne pouvez pas vous tromper avec un diner entre mecs avec boissons et boite de nuit comprises pour une soir\u00e9e inoubliable","breadcrumb":{"@id":"https:\/\/spanishbreak.com\/fr\/product\/stag-dinner-drinks-nightclub\/#breadcrumb"},"inLanguage":"fr-FR","potentialAction":[{"@type":"ReadAction","target":["https:\/\/spanishbreak.com\/fr\/product\/stag-dinner-drinks-nightclub\/"]}]},{"@type":"ImageObject","inLanguage":"fr-FR","@id":"https:\/\/spanishbreak.com\/fr\/product\/stag-dinner-drinks-nightclub\/#primaryimage","url":"https:\/\/spanishbreak.com\/wp-content\/uploads\/2022\/10\/STAG-DINNER-DRINKS-NIGHTCLUB.jpg","contentUrl":"https:\/\/spanishbreak.com\/wp-content\/uploads\/2022\/10\/STAG-DINNER-DRINKS-NIGHTCLUB.jpg","width":1500,"height":1000,"caption":"A picture of five girl friends relaxing with facial masks on over white background"},{"@type":"BreadcrumbList","@id":"https:\/\/spanishbreak.com\/fr\/product\/stag-dinner-drinks-nightclub\/#breadcrumb","itemListElement":[{"@type":"ListItem","position":1,"name":"Home","item":"https:\/\/spanishbreak.com\/"},{"@type":"ListItem","position":2,"name":"Boutique","item":"https:\/\/spanishbreak.com\/boutique\/?lang=fr"},{"@type":"ListItem","position":3,"name":"D\u00ceNER ENTRE MECS + BOISSONS + BO\u00ceTE DE NUIT \u00c0 BARCELONE"}]},{"@type":"WebSite","@id":"https:\/\/spanishbreak.com\/#website","url":"https:\/\/spanishbreak.com\/","name":"Spanish Break","description":"Otro sitio realizado con WordPress","publisher":{"@id":"https:\/\/spanishbreak.com\/#organization"},"potentialAction":[{"@type":"SearchAction","target":{"@type":"EntryPoint","urlTemplate":"https:\/\/spanishbreak.com\/?s={search_term_string}"},"query-input":{"@type":"PropertyValueSpecification","valueRequired":true,"valueName":"search_term_string"}}],"inLanguage":"fr-FR"},{"@type":"Organization","@id":"https:\/\/spanishbreak.com\/#organization","name":"Spanish Break","url":"https:\/\/spanishbreak.com\/","logo":{"@type":"ImageObject","inLanguage":"fr-FR","@id":"https:\/\/spanishbreak.com\/#\/schema\/logo\/image\/","url":"https:\/\/spanishbreak.com\/wp-content\/uploads\/2024\/03\/logo-spanish-break.png","contentUrl":"https:\/\/spanishbreak.com\/wp-content\/uploads\/2024\/03\/logo-spanish-break.png","width":323,"height":37,"caption":"Spanish Break"},"image":{"@id":"https:\/\/spanishbreak.com\/#\/schema\/logo\/image\/"},"sameAs":["https:\/\/www.facebook.com\/spanishbreak","https:\/\/www.instagram.com\/spanishbreakbcn\/"]}]}},"_links":{"self":[{"href":"https:\/\/spanishbreak.com\/fr\/wp-json\/wp\/v2\/product\/4202","targetHints":{"allow":["GET"]}}],"collection":[{"href":"https:\/\/spanishbreak.com\/fr\/wp-json\/wp\/v2\/product"}],"about":[{"href":"https:\/\/spanishbreak.com\/fr\/wp-json\/wp\/v2\/types\/product"}],"replies":[{"embeddable":true,"href":"https:\/\/spanishbreak.com\/fr\/wp-json\/wp\/v2\/comments?post=4202"}],"wp:featuredmedia":[{"embeddable":true,"href":"https:\/\/spanishbreak.com\/fr\/wp-json\/wp\/v2\/media\/3369"}],"wp:attachment":[{"href":"https:\/\/spanishbreak.com\/fr\/wp-json\/wp\/v2\/media?parent=4202"}],"wp:term":[{"taxonomy":"product_brand","embeddable":true,"href":"https:\/\/spanishbreak.com\/fr\/wp-json\/wp\/v2\/product_brand?post=4202"},{"taxonomy":"product_cat","embeddable":true,"href":"https:\/\/spanishbreak.com\/fr\/wp-json\/wp\/v2\/product_cat?post=4202"},{"taxonomy":"product_tag","embeddable":true,"href":"https:\/\/spanishbreak.com\/fr\/wp-json\/wp\/v2\/product_tag?post=4202"}],"curies":[{"name":"wp","href":"https:\/\/api.w.org\/{rel}","templated":true}]}}