{"id":4224,"date":"2022-10-19T13:38:26","date_gmt":"2022-10-19T11:38:26","guid":{"rendered":"https:\/\/spanishbreak.com\/producto\/stag-dominatrix-session\/"},"modified":"2025-12-16T18:14:16","modified_gmt":"2025-12-16T17:14:16","slug":"dominatrice-barcelone-evg","status":"publish","type":"product","link":"https:\/\/spanishbreak.com\/fr\/product\/dominatrice-barcelone-evg\/","title":{"rendered":"Dominatrice \u00e0 Barcelone pour mon EVG"},"content":{"rendered":"<h2>S\u00e9ance de Dominatrice \u00e0 Barcelone pour Votre EVG<\/h2>\n<p>Votre pote vous a-t-il fait de mauvais coups au cours de ces derni\u00e8res ann\u00e9es ? Alors voici votre derni\u00e8re chance pour vous venger !<\/p>\n<h3>Vengeance Ultime pour le Futur Mari\u00e9<\/h3>\n<p>Inscrivez-le pour une <strong>s\u00e9ance de torture<\/strong> par une dominatrice professionnelle. C&rsquo;est aussi hardcore qu&rsquo;il n&rsquo;y para\u00eet.<\/p>\n<h3>D\u00e9roulement de la S\u00e9ance<\/h3>\n<p>Il est n\u00e9cessaire que le futur mari\u00e9 choisisse un <strong>nom de code<\/strong> avant de commencer ! Ensuite, la dominatrice prend le relais et se concentre uniquement sur lui, en appliquant des techniques de <strong>domination intense<\/strong>. Vous pourrez parier combien de temps il r\u00e9sistera \u00e0 cette punition inattendue.<\/p>\n<p>La <strong>Dominatrice<\/strong> se concentrera uniquement sur le futur mari\u00e9 pendant que les autres gar\u00e7ons regarderont et savoureront le go\u00fbt de la torture.<\/p>\n<h3>Pourquoi Choisir une S\u00e9ance de Dominatrice \u00e0 Barcelone pour Votre EVG ?<\/h3>\n<p>Cette s\u00e9ance offre une mani\u00e8re unique et exaltante de rendre votre enterrement de vie de gar\u00e7on inoubliable. C&rsquo;est le m\u00e9lange parfait de fun, de frayeur et de revanche ultime. Que vous cherchiez \u00e0 r\u00e9tablir l&rsquo;\u00e9quilibre ou simplement \u00e0 vous amuser aux d\u00e9pens de votre ami, cette s\u00e9ance de dominatrice promet une exp\u00e9rience hors du commun.<\/p>\n<h3>R\u00e9servez Votre S\u00e9ance Aujourd&rsquo;hui !<\/h3>\n<p>Ne manquez pas l&rsquo;occasion de donner \u00e0 votre pote un <strong>adieu m\u00e9morable<\/strong>. R\u00e9servez d\u00e8s maintenant la <strong>s\u00e9ance de dominatrice<\/strong> et pr\u00e9parez-vous pour une exp\u00e9rience remplie d&rsquo;adr\u00e9naline, de rires et de souvenirs inoubliables.<\/p>\n","protected":false},"excerpt":{"rendered":"<p>S\u00e9ance de Dominatrice \u00e0 Barcelone pour Votre EVG Votre pote vous a-t-il fait de mauvais coups au cours de ces derni\u00e8res ann\u00e9es ? Alors voici votre derni\u00e8re chance pour vous venger ! Vengeance Ultime pour le Futur Mari\u00e9 Inscrivez-le pour une s\u00e9ance de torture par une dominatrice professionnelle. C&rsquo;est aussi hardcore qu&rsquo;il n&rsquo;y para\u00eet. D\u00e9roulement [&hellip;]<\/p>\n","protected":false},"featured_media":3133,"comment_status":"closed","ping_status":"closed","template":"","meta":{"site-sidebar-layout":"default","site-content-layout":"default","ast-site-content-layout":"default","site-content-style":"default","site-sidebar-style":"default","ast-global-header-display":"","ast-banner-title-visibility":"","ast-main-header-display":"","ast-hfb-above-header-display":"","ast-hfb-below-header-display":"","ast-hfb-mobile-header-display":"","site-post-title":"","ast-breadcrumbs-content":"","ast-featured-img":"","footer-sml-layout":"","theme-transparent-header-meta":"default","adv-header-id-meta":"","stick-header-meta":"","header-above-stick-meta":"","header-main-stick-meta":"","header-below-stick-meta":"","astra-migrate-meta-layouts":"set","ast-page-background-enabled":"default","ast-page-background-meta":{"desktop":{"background-color":"var(--ast-global-color-4)","background-image":"","background-repeat":"repeat","background-position":"center center","background-size":"auto","background-attachment":"scroll","background-type":"","background-media":"","overlay-type":"","overlay-color":"","overlay-opacity":"","overlay-gradient":""},"tablet":{"background-color":"","background-image":"","background-repeat":"repeat","background-position":"center center","background-size":"auto","background-attachment":"scroll","background-type":"","background-media":"","overlay-type":"","overlay-color":"","overlay-opacity":"","overlay-gradient":""},"mobile":{"background-color":"","background-image":"","background-repeat":"repeat","background-position":"center center","background-size":"auto","background-attachment":"scroll","background-type":"","background-media":"","overlay-type":"","overlay-color":"","overlay-opacity":"","overlay-gradient":""}},"ast-content-background-meta":{"desktop":{"background-color":"var(--ast-global-color-5)","background-image":"","background-repeat":"repeat","background-position":"center center","background-size":"auto","background-attachment":"scroll","background-type":"","background-media":"","overlay-type":"","overlay-color":"","overlay-opacity":"","overlay-gradient":""},"tablet":{"background-color":"var(--ast-global-color-5)","background-image":"","background-repeat":"repeat","background-position":"center center","background-size":"auto","background-attachment":"scroll","background-type":"","background-media":"","overlay-type":"","overlay-color":"","overlay-opacity":"","overlay-gradient":""},"mobile":{"background-color":"var(--ast-global-color-5)","background-image":"","background-repeat":"repeat","background-position":"center center","background-size":"auto","background-attachment":"scroll","background-type":"","background-media":"","overlay-type":"","overlay-color":"","overlay-opacity":"","overlay-gradient":""}},"repeater_packs":""},"product_brand":[],"product_cat":[73],"product_tag":[35],"class_list":{"0":"post-4224","1":"product","2":"type-product","3":"status-publish","4":"has-post-thumbnail","6":"product_cat-stag-fr","7":"product_tag-stag","8":"desktop-align-left","9":"tablet-align-left","10":"mobile-align-left","12":"first","13":"instock","14":"shipping-taxable","15":"product-type-simple"},"yoast_head":"<!-- This site is optimized with the Yoast SEO plugin v26.8 - https:\/\/yoast.com\/product\/yoast-seo-wordpress\/ -->\n<title>Session de Dominatrice \u00e0 Barcelone pour mon EVG<\/title>\n<meta name=\"description\" content=\"Session de domination parfaite avec une ma\u00eetresse exp\u00e9riment\u00e9e. R\u00e9alisez vos fantasmes les plus sombres avec Stag Dominatrix.\" \/>\n<meta name=\"robots\" content=\"index, follow, max-snippet:-1, max-image-preview:large, max-video-preview:-1\" \/>\n<link rel=\"canonical\" href=\"https:\/\/spanishbreak.com\/fr\/product\/dominatrice-barcelone-evg\/\" \/>\n<meta property=\"og:locale\" content=\"fr_FR\" \/>\n<meta property=\"og:type\" content=\"article\" \/>\n<meta property=\"og:title\" content=\"Session de Dominatrice \u00e0 Barcelone pour mon EVG\" \/>\n<meta property=\"og:description\" content=\"Session de domination parfaite avec une ma\u00eetresse exp\u00e9riment\u00e9e. R\u00e9alisez vos fantasmes les plus sombres avec Stag Dominatrix.\" \/>\n<meta property=\"og:url\" content=\"https:\/\/spanishbreak.com\/fr\/product\/dominatrice-barcelone-evg\/\" \/>\n<meta property=\"og:site_name\" content=\"Spanishbreak\" \/>\n<meta property=\"article:publisher\" content=\"https:\/\/www.facebook.com\/spanishbreak\" \/>\n<meta property=\"article:modified_time\" content=\"2025-12-16T17:14:16+00:00\" \/>\n<meta property=\"og:image\" content=\"https:\/\/spanishbreak.com\/wp-content\/uploads\/2022\/10\/x-Depositphotos_34939637_original-scaled.jpg\" \/>\n\t<meta property=\"og:image:width\" content=\"2560\" \/>\n\t<meta property=\"og:image:height\" content=\"1703\" \/>\n\t<meta property=\"og:image:type\" content=\"image\/jpeg\" \/>\n<meta name=\"twitter:card\" content=\"summary_large_image\" \/>\n<meta name=\"twitter:label1\" content=\"Dur\u00e9e de lecture estim\u00e9e\" \/>\n\t<meta name=\"twitter:data1\" content=\"2 minutes\" \/>\n<script type=\"application\/ld+json\" class=\"yoast-schema-graph\">{\"@context\":\"https:\/\/schema.org\",\"@graph\":[{\"@type\":[\"WebPage\",\"ItemPage\"],\"@id\":\"https:\/\/spanishbreak.com\/fr\/product\/dominatrice-barcelone-evg\/\",\"url\":\"https:\/\/spanishbreak.com\/fr\/product\/dominatrice-barcelone-evg\/\",\"name\":\"Session de Dominatrice \u00e0 Barcelone pour mon EVG\",\"isPartOf\":{\"@id\":\"https:\/\/spanishbreak.com\/#website\"},\"primaryImageOfPage\":{\"@id\":\"https:\/\/spanishbreak.com\/fr\/product\/dominatrice-barcelone-evg\/#primaryimage\"},\"image\":{\"@id\":\"https:\/\/spanishbreak.com\/fr\/product\/dominatrice-barcelone-evg\/#primaryimage\"},\"thumbnailUrl\":\"https:\/\/spanishbreak.com\/wp-content\/uploads\/2022\/10\/x-Depositphotos_34939637_original-scaled.jpg\",\"datePublished\":\"2022-10-19T11:38:26+00:00\",\"dateModified\":\"2025-12-16T17:14:16+00:00\",\"description\":\"Session de domination parfaite avec une ma\u00eetresse exp\u00e9riment\u00e9e. R\u00e9alisez vos fantasmes les plus sombres avec Stag Dominatrix.\",\"breadcrumb\":{\"@id\":\"https:\/\/spanishbreak.com\/fr\/product\/dominatrice-barcelone-evg\/#breadcrumb\"},\"inLanguage\":\"fr-FR\",\"potentialAction\":[{\"@type\":\"ReadAction\",\"target\":[\"https:\/\/spanishbreak.com\/fr\/product\/dominatrice-barcelone-evg\/\"]}]},{\"@type\":\"ImageObject\",\"inLanguage\":\"fr-FR\",\"@id\":\"https:\/\/spanishbreak.com\/fr\/product\/dominatrice-barcelone-evg\/#primaryimage\",\"url\":\"https:\/\/spanishbreak.com\/wp-content\/uploads\/2022\/10\/x-Depositphotos_34939637_original-scaled.jpg\",\"contentUrl\":\"https:\/\/spanishbreak.com\/wp-content\/uploads\/2022\/10\/x-Depositphotos_34939637_original-scaled.jpg\",\"width\":2560,\"height\":1703,\"caption\":\"Half body shot of sexy womans buttocks in black underwears on gray background with a whip in his hand\"},{\"@type\":\"BreadcrumbList\",\"@id\":\"https:\/\/spanishbreak.com\/fr\/product\/dominatrice-barcelone-evg\/#breadcrumb\",\"itemListElement\":[{\"@type\":\"ListItem\",\"position\":1,\"name\":\"Home\",\"item\":\"https:\/\/spanishbreak.com\/\"},{\"@type\":\"ListItem\",\"position\":2,\"name\":\"Boutique\",\"item\":\"https:\/\/spanishbreak.com\/boutique\/?lang=fr\"},{\"@type\":\"ListItem\",\"position\":3,\"name\":\"Dominatrice \u00e0 Barcelone pour mon EVG\"}]},{\"@type\":\"WebSite\",\"@id\":\"https:\/\/spanishbreak.com\/#website\",\"url\":\"https:\/\/spanishbreak.com\/\",\"name\":\"Spanish Break\",\"description\":\"Otro sitio realizado con WordPress\",\"publisher\":{\"@id\":\"https:\/\/spanishbreak.com\/#organization\"},\"potentialAction\":[{\"@type\":\"SearchAction\",\"target\":{\"@type\":\"EntryPoint\",\"urlTemplate\":\"https:\/\/spanishbreak.com\/?s={search_term_string}\"},\"query-input\":{\"@type\":\"PropertyValueSpecification\",\"valueRequired\":true,\"valueName\":\"search_term_string\"}}],\"inLanguage\":\"fr-FR\"},{\"@type\":\"Organization\",\"@id\":\"https:\/\/spanishbreak.com\/#organization\",\"name\":\"Spanish Break\",\"url\":\"https:\/\/spanishbreak.com\/\",\"logo\":{\"@type\":\"ImageObject\",\"inLanguage\":\"fr-FR\",\"@id\":\"https:\/\/spanishbreak.com\/#\/schema\/logo\/image\/\",\"url\":\"https:\/\/spanishbreak.com\/wp-content\/uploads\/2024\/03\/logo-spanish-break.png\",\"contentUrl\":\"https:\/\/spanishbreak.com\/wp-content\/uploads\/2024\/03\/logo-spanish-break.png\",\"width\":323,\"height\":37,\"caption\":\"Spanish Break\"},\"image\":{\"@id\":\"https:\/\/spanishbreak.com\/#\/schema\/logo\/image\/\"},\"sameAs\":[\"https:\/\/www.facebook.com\/spanishbreak\",\"https:\/\/www.instagram.com\/spanishbreakbcn\/\"]}]}<\/script>\n<!-- \/ Yoast SEO plugin. -->","yoast_head_json":{"title":"Session de Dominatrice \u00e0 Barcelone pour mon EVG","description":"Session de domination parfaite avec une ma\u00eetresse exp\u00e9riment\u00e9e. R\u00e9alisez vos fantasmes les plus sombres avec Stag Dominatrix.","robots":{"index":"index","follow":"follow","max-snippet":"max-snippet:-1","max-image-preview":"max-image-preview:large","max-video-preview":"max-video-preview:-1"},"canonical":"https:\/\/spanishbreak.com\/fr\/product\/dominatrice-barcelone-evg\/","og_locale":"fr_FR","og_type":"article","og_title":"Session de Dominatrice \u00e0 Barcelone pour mon EVG","og_description":"Session de domination parfaite avec une ma\u00eetresse exp\u00e9riment\u00e9e. R\u00e9alisez vos fantasmes les plus sombres avec Stag Dominatrix.","og_url":"https:\/\/spanishbreak.com\/fr\/product\/dominatrice-barcelone-evg\/","og_site_name":"Spanishbreak","article_publisher":"https:\/\/www.facebook.com\/spanishbreak","article_modified_time":"2025-12-16T17:14:16+00:00","og_image":[{"width":2560,"height":1703,"url":"https:\/\/spanishbreak.com\/wp-content\/uploads\/2022\/10\/x-Depositphotos_34939637_original-scaled.jpg","type":"image\/jpeg"}],"twitter_card":"summary_large_image","twitter_misc":{"Dur\u00e9e de lecture estim\u00e9e":"2 minutes"},"schema":{"@context":"https:\/\/schema.org","@graph":[{"@type":["WebPage","ItemPage"],"@id":"https:\/\/spanishbreak.com\/fr\/product\/dominatrice-barcelone-evg\/","url":"https:\/\/spanishbreak.com\/fr\/product\/dominatrice-barcelone-evg\/","name":"Session de Dominatrice \u00e0 Barcelone pour mon EVG","isPartOf":{"@id":"https:\/\/spanishbreak.com\/#website"},"primaryImageOfPage":{"@id":"https:\/\/spanishbreak.com\/fr\/product\/dominatrice-barcelone-evg\/#primaryimage"},"image":{"@id":"https:\/\/spanishbreak.com\/fr\/product\/dominatrice-barcelone-evg\/#primaryimage"},"thumbnailUrl":"https:\/\/spanishbreak.com\/wp-content\/uploads\/2022\/10\/x-Depositphotos_34939637_original-scaled.jpg","datePublished":"2022-10-19T11:38:26+00:00","dateModified":"2025-12-16T17:14:16+00:00","description":"Session de domination parfaite avec une ma\u00eetresse exp\u00e9riment\u00e9e. R\u00e9alisez vos fantasmes les plus sombres avec Stag Dominatrix.","breadcrumb":{"@id":"https:\/\/spanishbreak.com\/fr\/product\/dominatrice-barcelone-evg\/#breadcrumb"},"inLanguage":"fr-FR","potentialAction":[{"@type":"ReadAction","target":["https:\/\/spanishbreak.com\/fr\/product\/dominatrice-barcelone-evg\/"]}]},{"@type":"ImageObject","inLanguage":"fr-FR","@id":"https:\/\/spanishbreak.com\/fr\/product\/dominatrice-barcelone-evg\/#primaryimage","url":"https:\/\/spanishbreak.com\/wp-content\/uploads\/2022\/10\/x-Depositphotos_34939637_original-scaled.jpg","contentUrl":"https:\/\/spanishbreak.com\/wp-content\/uploads\/2022\/10\/x-Depositphotos_34939637_original-scaled.jpg","width":2560,"height":1703,"caption":"Half body shot of sexy womans buttocks in black underwears on gray background with a whip in his hand"},{"@type":"BreadcrumbList","@id":"https:\/\/spanishbreak.com\/fr\/product\/dominatrice-barcelone-evg\/#breadcrumb","itemListElement":[{"@type":"ListItem","position":1,"name":"Home","item":"https:\/\/spanishbreak.com\/"},{"@type":"ListItem","position":2,"name":"Boutique","item":"https:\/\/spanishbreak.com\/boutique\/?lang=fr"},{"@type":"ListItem","position":3,"name":"Dominatrice \u00e0 Barcelone pour mon EVG"}]},{"@type":"WebSite","@id":"https:\/\/spanishbreak.com\/#website","url":"https:\/\/spanishbreak.com\/","name":"Spanish Break","description":"Otro sitio realizado con WordPress","publisher":{"@id":"https:\/\/spanishbreak.com\/#organization"},"potentialAction":[{"@type":"SearchAction","target":{"@type":"EntryPoint","urlTemplate":"https:\/\/spanishbreak.com\/?s={search_term_string}"},"query-input":{"@type":"PropertyValueSpecification","valueRequired":true,"valueName":"search_term_string"}}],"inLanguage":"fr-FR"},{"@type":"Organization","@id":"https:\/\/spanishbreak.com\/#organization","name":"Spanish Break","url":"https:\/\/spanishbreak.com\/","logo":{"@type":"ImageObject","inLanguage":"fr-FR","@id":"https:\/\/spanishbreak.com\/#\/schema\/logo\/image\/","url":"https:\/\/spanishbreak.com\/wp-content\/uploads\/2024\/03\/logo-spanish-break.png","contentUrl":"https:\/\/spanishbreak.com\/wp-content\/uploads\/2024\/03\/logo-spanish-break.png","width":323,"height":37,"caption":"Spanish Break"},"image":{"@id":"https:\/\/spanishbreak.com\/#\/schema\/logo\/image\/"},"sameAs":["https:\/\/www.facebook.com\/spanishbreak","https:\/\/www.instagram.com\/spanishbreakbcn\/"]}]}},"_links":{"self":[{"href":"https:\/\/spanishbreak.com\/fr\/wp-json\/wp\/v2\/product\/4224","targetHints":{"allow":["GET"]}}],"collection":[{"href":"https:\/\/spanishbreak.com\/fr\/wp-json\/wp\/v2\/product"}],"about":[{"href":"https:\/\/spanishbreak.com\/fr\/wp-json\/wp\/v2\/types\/product"}],"replies":[{"embeddable":true,"href":"https:\/\/spanishbreak.com\/fr\/wp-json\/wp\/v2\/comments?post=4224"}],"wp:featuredmedia":[{"embeddable":true,"href":"https:\/\/spanishbreak.com\/fr\/wp-json\/wp\/v2\/media\/3133"}],"wp:attachment":[{"href":"https:\/\/spanishbreak.com\/fr\/wp-json\/wp\/v2\/media?parent=4224"}],"wp:term":[{"taxonomy":"product_brand","embeddable":true,"href":"https:\/\/spanishbreak.com\/fr\/wp-json\/wp\/v2\/product_brand?post=4224"},{"taxonomy":"product_cat","embeddable":true,"href":"https:\/\/spanishbreak.com\/fr\/wp-json\/wp\/v2\/product_cat?post=4224"},{"taxonomy":"product_tag","embeddable":true,"href":"https:\/\/spanishbreak.com\/fr\/wp-json\/wp\/v2\/product_tag?post=4224"}],"curies":[{"name":"wp","href":"https:\/\/api.w.org\/{rel}","templated":true}]}}