{"id":4227,"date":"2022-10-19T11:41:02","date_gmt":"2022-10-19T09:41:02","guid":{"rendered":"https:\/\/spanishbreak.com\/producto\/anti-stripper\/"},"modified":"2025-12-17T15:34:36","modified_gmt":"2025-12-17T14:34:36","slug":"anti-stripper","status":"publish","type":"product","link":"https:\/\/spanishbreak.com\/fr\/product\/anti-stripper\/","title":{"rendered":"ANTI-STRIPTEASEUR \u00c0 BARCELONE"},"content":{"rendered":"<p><strong>Un striptease hilarant et inattendu !<\/strong><\/p>\n<p>Le superbe espagnol bronz\u00e9, avec des muscles saillants et les yeux r\u00eaveurs, le tout accompagn\u00e9 d\u2019un temp\u00e9rament fougueux m\u00e9diterran\u00e9en. Bref, le striptease dont votre amie a toujours r\u00eav\u00e9 !<\/p>\n<p>Vous glisserez un bandeau sur ses yeux et elle sera dans un doux suspense\u2026 Imaginez son visage quand elle ouvrira les yeux et verra exactement le contraire de ce qu\u2019elle attendait ! Cet anti-striptease embarrassant est une farce qui va rendre votre amie folle, et ce sera certainement l\u2019un des souvenirs les plus dr\u00f4les de votre enterrement de vie de jeune fille \u00e0 Barcelone !<\/p>\n<p>Notre stripteaseur, pas si muscl\u00e9, viendra au restaurant ou \u00e0 votre h\u00e9bergement se pavaner pendant les\u00a015 minutes de son spectacle tr\u00e8s \u00e9tonnant. Laissez-vous surprendre par son humour, ses regards cisel\u00e9s et son incroyable sens de la mode pour se v\u00eatir !<\/p>\n","protected":false},"excerpt":{"rendered":"<p>Un striptease hilarant et inattendu ! Le superbe espagnol bronz\u00e9, avec des muscles saillants et les yeux r\u00eaveurs, le tout accompagn\u00e9 d\u2019un temp\u00e9rament fougueux m\u00e9diterran\u00e9en. Bref, le striptease dont votre amie a toujours r\u00eav\u00e9 ! Vous glisserez un bandeau sur ses yeux et elle sera dans un doux suspense\u2026 Imaginez son visage quand elle ouvrira [&hellip;]<\/p>\n","protected":false},"featured_media":2920,"comment_status":"closed","ping_status":"closed","template":"","meta":{"site-sidebar-layout":"default","site-content-layout":"default","ast-site-content-layout":"default","site-content-style":"default","site-sidebar-style":"default","ast-global-header-display":"","ast-banner-title-visibility":"","ast-main-header-display":"","ast-hfb-above-header-display":"","ast-hfb-below-header-display":"","ast-hfb-mobile-header-display":"","site-post-title":"","ast-breadcrumbs-content":"","ast-featured-img":"","footer-sml-layout":"","theme-transparent-header-meta":"default","adv-header-id-meta":"","stick-header-meta":"","header-above-stick-meta":"","header-main-stick-meta":"","header-below-stick-meta":"","astra-migrate-meta-layouts":"set","ast-page-background-enabled":"default","ast-page-background-meta":{"desktop":{"background-color":"var(--ast-global-color-4)","background-image":"","background-repeat":"repeat","background-position":"center center","background-size":"auto","background-attachment":"scroll","background-type":"","background-media":"","overlay-type":"","overlay-color":"","overlay-opacity":"","overlay-gradient":""},"tablet":{"background-color":"","background-image":"","background-repeat":"repeat","background-position":"center center","background-size":"auto","background-attachment":"scroll","background-type":"","background-media":"","overlay-type":"","overlay-color":"","overlay-opacity":"","overlay-gradient":""},"mobile":{"background-color":"","background-image":"","background-repeat":"repeat","background-position":"center center","background-size":"auto","background-attachment":"scroll","background-type":"","background-media":"","overlay-type":"","overlay-color":"","overlay-opacity":"","overlay-gradient":""}},"ast-content-background-meta":{"desktop":{"background-color":"var(--ast-global-color-5)","background-image":"","background-repeat":"repeat","background-position":"center center","background-size":"auto","background-attachment":"scroll","background-type":"","background-media":"","overlay-type":"","overlay-color":"","overlay-opacity":"","overlay-gradient":""},"tablet":{"background-color":"var(--ast-global-color-5)","background-image":"","background-repeat":"repeat","background-position":"center center","background-size":"auto","background-attachment":"scroll","background-type":"","background-media":"","overlay-type":"","overlay-color":"","overlay-opacity":"","overlay-gradient":""},"mobile":{"background-color":"var(--ast-global-color-5)","background-image":"","background-repeat":"repeat","background-position":"center center","background-size":"auto","background-attachment":"scroll","background-type":"","background-media":"","overlay-type":"","overlay-color":"","overlay-opacity":"","overlay-gradient":""}},"repeater_packs":""},"product_brand":[],"product_cat":[66,71],"product_tag":[36],"class_list":{"0":"post-4227","1":"product","2":"type-product","3":"status-publish","4":"has-post-thumbnail","6":"product_cat-hen-fr-2","7":"product_cat-night_activities-fr-2","8":"product_tag-hen","9":"desktop-align-left","10":"tablet-align-left","11":"mobile-align-left","13":"first","14":"instock","15":"shipping-taxable","16":"product-type-simple"},"yoast_head":"<!-- This site is optimized with the Yoast SEO plugin v26.8 - https:\/\/yoast.com\/product\/yoast-seo-wordpress\/ -->\n<title>Anti-stripper \u00e0 Barcelone : un spectacle amusant<\/title>\n<meta name=\"description\" content=\"Un striptease hilarant et inattendu ! Le superbe espagnol bronz\u00e9, avec des muscles saillants et les yeux r\u00eaveurs, le tout accompagn\u00e9 d\u2019un temp\u00e9rament Prot\u00e9gez votre peau avec notre cr\u00e8me anti-stripper, formul\u00e9e pour hydrater et apaiser apr\u00e8s l&#039;exposition au soleil.\" \/>\n<meta name=\"robots\" content=\"index, follow, max-snippet:-1, max-image-preview:large, max-video-preview:-1\" \/>\n<link rel=\"canonical\" href=\"https:\/\/spanishbreak.com\/fr\/product\/anti-stripper\/\" \/>\n<meta property=\"og:locale\" content=\"fr_FR\" \/>\n<meta property=\"og:type\" content=\"article\" \/>\n<meta property=\"og:title\" content=\"Anti-stripper \u00e0 Barcelone : un spectacle amusant\" \/>\n<meta property=\"og:description\" content=\"Un striptease hilarant et inattendu ! Le superbe espagnol bronz\u00e9, avec des muscles saillants et les yeux r\u00eaveurs, le tout accompagn\u00e9 d\u2019un temp\u00e9rament Prot\u00e9gez votre peau avec notre cr\u00e8me anti-stripper, formul\u00e9e pour hydrater et apaiser apr\u00e8s l&#039;exposition au soleil.\" \/>\n<meta property=\"og:url\" content=\"https:\/\/spanishbreak.com\/fr\/product\/anti-stripper\/\" \/>\n<meta property=\"og:site_name\" content=\"Spanishbreak\" \/>\n<meta property=\"article:publisher\" content=\"https:\/\/www.facebook.com\/spanishbreak\" \/>\n<meta property=\"article:modified_time\" content=\"2025-12-17T14:34:36+00:00\" \/>\n<meta property=\"og:image\" content=\"https:\/\/spanishbreak.com\/wp-content\/uploads\/2022\/09\/AntiStripper.png\" \/>\n\t<meta property=\"og:image:width\" content=\"768\" \/>\n\t<meta property=\"og:image:height\" content=\"512\" \/>\n\t<meta property=\"og:image:type\" content=\"image\/png\" \/>\n<meta name=\"twitter:card\" content=\"summary_large_image\" \/>\n<meta name=\"twitter:label1\" content=\"Dur\u00e9e de lecture estim\u00e9e\" \/>\n\t<meta name=\"twitter:data1\" content=\"1 minute\" \/>\n<script type=\"application\/ld+json\" class=\"yoast-schema-graph\">{\"@context\":\"https:\/\/schema.org\",\"@graph\":[{\"@type\":[\"WebPage\",\"ItemPage\"],\"@id\":\"https:\/\/spanishbreak.com\/fr\/product\/anti-stripper\/\",\"url\":\"https:\/\/spanishbreak.com\/fr\/product\/anti-stripper\/\",\"name\":\"Anti-stripper \u00e0 Barcelone : un spectacle amusant\",\"isPartOf\":{\"@id\":\"https:\/\/spanishbreak.com\/#website\"},\"primaryImageOfPage\":{\"@id\":\"https:\/\/spanishbreak.com\/fr\/product\/anti-stripper\/#primaryimage\"},\"image\":{\"@id\":\"https:\/\/spanishbreak.com\/fr\/product\/anti-stripper\/#primaryimage\"},\"thumbnailUrl\":\"https:\/\/spanishbreak.com\/wp-content\/uploads\/2022\/09\/AntiStripper.png\",\"datePublished\":\"2022-10-19T09:41:02+00:00\",\"dateModified\":\"2025-12-17T14:34:36+00:00\",\"description\":\"Un striptease hilarant et inattendu ! Le superbe espagnol bronz\u00e9, avec des muscles saillants et les yeux r\u00eaveurs, le tout accompagn\u00e9 d\u2019un temp\u00e9rament Prot\u00e9gez votre peau avec notre cr\u00e8me anti-stripper, formul\u00e9e pour hydrater et apaiser apr\u00e8s l'exposition au soleil.\",\"breadcrumb\":{\"@id\":\"https:\/\/spanishbreak.com\/fr\/product\/anti-stripper\/#breadcrumb\"},\"inLanguage\":\"fr-FR\",\"potentialAction\":[{\"@type\":\"ReadAction\",\"target\":[\"https:\/\/spanishbreak.com\/fr\/product\/anti-stripper\/\"]}]},{\"@type\":\"ImageObject\",\"inLanguage\":\"fr-FR\",\"@id\":\"https:\/\/spanishbreak.com\/fr\/product\/anti-stripper\/#primaryimage\",\"url\":\"https:\/\/spanishbreak.com\/wp-content\/uploads\/2022\/09\/AntiStripper.png\",\"contentUrl\":\"https:\/\/spanishbreak.com\/wp-content\/uploads\/2022\/09\/AntiStripper.png\",\"width\":768,\"height\":512},{\"@type\":\"BreadcrumbList\",\"@id\":\"https:\/\/spanishbreak.com\/fr\/product\/anti-stripper\/#breadcrumb\",\"itemListElement\":[{\"@type\":\"ListItem\",\"position\":1,\"name\":\"Home\",\"item\":\"https:\/\/spanishbreak.com\/\"},{\"@type\":\"ListItem\",\"position\":2,\"name\":\"Boutique\",\"item\":\"https:\/\/spanishbreak.com\/boutique\/?lang=fr\"},{\"@type\":\"ListItem\",\"position\":3,\"name\":\"ANTI-STRIPTEASEUR \u00c0 BARCELONE\"}]},{\"@type\":\"WebSite\",\"@id\":\"https:\/\/spanishbreak.com\/#website\",\"url\":\"https:\/\/spanishbreak.com\/\",\"name\":\"Spanish Break\",\"description\":\"Otro sitio realizado con WordPress\",\"publisher\":{\"@id\":\"https:\/\/spanishbreak.com\/#organization\"},\"potentialAction\":[{\"@type\":\"SearchAction\",\"target\":{\"@type\":\"EntryPoint\",\"urlTemplate\":\"https:\/\/spanishbreak.com\/?s={search_term_string}\"},\"query-input\":{\"@type\":\"PropertyValueSpecification\",\"valueRequired\":true,\"valueName\":\"search_term_string\"}}],\"inLanguage\":\"fr-FR\"},{\"@type\":\"Organization\",\"@id\":\"https:\/\/spanishbreak.com\/#organization\",\"name\":\"Spanish Break\",\"url\":\"https:\/\/spanishbreak.com\/\",\"logo\":{\"@type\":\"ImageObject\",\"inLanguage\":\"fr-FR\",\"@id\":\"https:\/\/spanishbreak.com\/#\/schema\/logo\/image\/\",\"url\":\"https:\/\/spanishbreak.com\/wp-content\/uploads\/2024\/03\/logo-spanish-break.png\",\"contentUrl\":\"https:\/\/spanishbreak.com\/wp-content\/uploads\/2024\/03\/logo-spanish-break.png\",\"width\":323,\"height\":37,\"caption\":\"Spanish Break\"},\"image\":{\"@id\":\"https:\/\/spanishbreak.com\/#\/schema\/logo\/image\/\"},\"sameAs\":[\"https:\/\/www.facebook.com\/spanishbreak\",\"https:\/\/www.instagram.com\/spanishbreakbcn\/\"]}]}<\/script>\n<!-- \/ Yoast SEO plugin. -->","yoast_head_json":{"title":"Anti-stripper \u00e0 Barcelone : un spectacle amusant","description":"Un striptease hilarant et inattendu ! Le superbe espagnol bronz\u00e9, avec des muscles saillants et les yeux r\u00eaveurs, le tout accompagn\u00e9 d\u2019un temp\u00e9rament Prot\u00e9gez votre peau avec notre cr\u00e8me anti-stripper, formul\u00e9e pour hydrater et apaiser apr\u00e8s l'exposition au soleil.","robots":{"index":"index","follow":"follow","max-snippet":"max-snippet:-1","max-image-preview":"max-image-preview:large","max-video-preview":"max-video-preview:-1"},"canonical":"https:\/\/spanishbreak.com\/fr\/product\/anti-stripper\/","og_locale":"fr_FR","og_type":"article","og_title":"Anti-stripper \u00e0 Barcelone : un spectacle amusant","og_description":"Un striptease hilarant et inattendu ! Le superbe espagnol bronz\u00e9, avec des muscles saillants et les yeux r\u00eaveurs, le tout accompagn\u00e9 d\u2019un temp\u00e9rament Prot\u00e9gez votre peau avec notre cr\u00e8me anti-stripper, formul\u00e9e pour hydrater et apaiser apr\u00e8s l'exposition au soleil.","og_url":"https:\/\/spanishbreak.com\/fr\/product\/anti-stripper\/","og_site_name":"Spanishbreak","article_publisher":"https:\/\/www.facebook.com\/spanishbreak","article_modified_time":"2025-12-17T14:34:36+00:00","og_image":[{"width":768,"height":512,"url":"https:\/\/spanishbreak.com\/wp-content\/uploads\/2022\/09\/AntiStripper.png","type":"image\/png"}],"twitter_card":"summary_large_image","twitter_misc":{"Dur\u00e9e de lecture estim\u00e9e":"1 minute"},"schema":{"@context":"https:\/\/schema.org","@graph":[{"@type":["WebPage","ItemPage"],"@id":"https:\/\/spanishbreak.com\/fr\/product\/anti-stripper\/","url":"https:\/\/spanishbreak.com\/fr\/product\/anti-stripper\/","name":"Anti-stripper \u00e0 Barcelone : un spectacle amusant","isPartOf":{"@id":"https:\/\/spanishbreak.com\/#website"},"primaryImageOfPage":{"@id":"https:\/\/spanishbreak.com\/fr\/product\/anti-stripper\/#primaryimage"},"image":{"@id":"https:\/\/spanishbreak.com\/fr\/product\/anti-stripper\/#primaryimage"},"thumbnailUrl":"https:\/\/spanishbreak.com\/wp-content\/uploads\/2022\/09\/AntiStripper.png","datePublished":"2022-10-19T09:41:02+00:00","dateModified":"2025-12-17T14:34:36+00:00","description":"Un striptease hilarant et inattendu ! Le superbe espagnol bronz\u00e9, avec des muscles saillants et les yeux r\u00eaveurs, le tout accompagn\u00e9 d\u2019un temp\u00e9rament Prot\u00e9gez votre peau avec notre cr\u00e8me anti-stripper, formul\u00e9e pour hydrater et apaiser apr\u00e8s l'exposition au soleil.","breadcrumb":{"@id":"https:\/\/spanishbreak.com\/fr\/product\/anti-stripper\/#breadcrumb"},"inLanguage":"fr-FR","potentialAction":[{"@type":"ReadAction","target":["https:\/\/spanishbreak.com\/fr\/product\/anti-stripper\/"]}]},{"@type":"ImageObject","inLanguage":"fr-FR","@id":"https:\/\/spanishbreak.com\/fr\/product\/anti-stripper\/#primaryimage","url":"https:\/\/spanishbreak.com\/wp-content\/uploads\/2022\/09\/AntiStripper.png","contentUrl":"https:\/\/spanishbreak.com\/wp-content\/uploads\/2022\/09\/AntiStripper.png","width":768,"height":512},{"@type":"BreadcrumbList","@id":"https:\/\/spanishbreak.com\/fr\/product\/anti-stripper\/#breadcrumb","itemListElement":[{"@type":"ListItem","position":1,"name":"Home","item":"https:\/\/spanishbreak.com\/"},{"@type":"ListItem","position":2,"name":"Boutique","item":"https:\/\/spanishbreak.com\/boutique\/?lang=fr"},{"@type":"ListItem","position":3,"name":"ANTI-STRIPTEASEUR \u00c0 BARCELONE"}]},{"@type":"WebSite","@id":"https:\/\/spanishbreak.com\/#website","url":"https:\/\/spanishbreak.com\/","name":"Spanish Break","description":"Otro sitio realizado con WordPress","publisher":{"@id":"https:\/\/spanishbreak.com\/#organization"},"potentialAction":[{"@type":"SearchAction","target":{"@type":"EntryPoint","urlTemplate":"https:\/\/spanishbreak.com\/?s={search_term_string}"},"query-input":{"@type":"PropertyValueSpecification","valueRequired":true,"valueName":"search_term_string"}}],"inLanguage":"fr-FR"},{"@type":"Organization","@id":"https:\/\/spanishbreak.com\/#organization","name":"Spanish Break","url":"https:\/\/spanishbreak.com\/","logo":{"@type":"ImageObject","inLanguage":"fr-FR","@id":"https:\/\/spanishbreak.com\/#\/schema\/logo\/image\/","url":"https:\/\/spanishbreak.com\/wp-content\/uploads\/2024\/03\/logo-spanish-break.png","contentUrl":"https:\/\/spanishbreak.com\/wp-content\/uploads\/2024\/03\/logo-spanish-break.png","width":323,"height":37,"caption":"Spanish Break"},"image":{"@id":"https:\/\/spanishbreak.com\/#\/schema\/logo\/image\/"},"sameAs":["https:\/\/www.facebook.com\/spanishbreak","https:\/\/www.instagram.com\/spanishbreakbcn\/"]}]}},"_links":{"self":[{"href":"https:\/\/spanishbreak.com\/fr\/wp-json\/wp\/v2\/product\/4227","targetHints":{"allow":["GET"]}}],"collection":[{"href":"https:\/\/spanishbreak.com\/fr\/wp-json\/wp\/v2\/product"}],"about":[{"href":"https:\/\/spanishbreak.com\/fr\/wp-json\/wp\/v2\/types\/product"}],"replies":[{"embeddable":true,"href":"https:\/\/spanishbreak.com\/fr\/wp-json\/wp\/v2\/comments?post=4227"}],"wp:featuredmedia":[{"embeddable":true,"href":"https:\/\/spanishbreak.com\/fr\/wp-json\/wp\/v2\/media\/2920"}],"wp:attachment":[{"href":"https:\/\/spanishbreak.com\/fr\/wp-json\/wp\/v2\/media?parent=4227"}],"wp:term":[{"taxonomy":"product_brand","embeddable":true,"href":"https:\/\/spanishbreak.com\/fr\/wp-json\/wp\/v2\/product_brand?post=4227"},{"taxonomy":"product_cat","embeddable":true,"href":"https:\/\/spanishbreak.com\/fr\/wp-json\/wp\/v2\/product_cat?post=4227"},{"taxonomy":"product_tag","embeddable":true,"href":"https:\/\/spanishbreak.com\/fr\/wp-json\/wp\/v2\/product_tag?post=4227"}],"curies":[{"name":"wp","href":"https:\/\/api.w.org\/{rel}","templated":true}]}}