{"id":4228,"date":"2022-10-19T11:22:39","date_gmt":"2022-10-19T09:22:39","guid":{"rendered":"https:\/\/spanishbreak.com\/producto\/bar-crawl-tour-nightclub-entry-2\/"},"modified":"2025-12-17T15:35:00","modified_gmt":"2025-12-17T14:35:00","slug":"bar-crawl-tour-nightclub-entry-2","status":"publish","type":"product","link":"https:\/\/spanishbreak.com\/fr\/product\/bar-crawl-tour-nightclub-entry-2\/","title":{"rendered":"TOURN\u00c9E DES BARS + ENTR\u00c9E EN BO\u00ceTE \u00c0 BARCELONE"},"content":{"rendered":"<p><strong>Explorez Barcelone de la meilleure fa\u00e7on\u2026 Avec une tourn\u00e9e des bars\u00a0!<\/strong><\/p>\n<p>Vous souhaitez d\u00e9couvrir le meilleur de ce que Barcelone peut vous offrir pendant un <strong>EVG\/EVJF \u00e0 Barcelone<\/strong>\u00a0? Cette <strong>tourn\u00e9e des bars <\/strong>vous garantit la d\u00e9couverte du meilleur de la ville\u00a0!<\/p>\n<p>Un guide local vous emm\u00e8nera dans les endroits les plus chauds de la ville afin de vous offrir une exp\u00e9rience totale de Barcelone. R\u00e9ductions sur les cocktails, verres gratuits et bars sont le moyen id\u00e9al de se pr\u00e9parer pour l\u2019un des clubs les plus branch\u00e9s de Barcelone, dont vous obtiendrez une entr\u00e9e gratuite\u00a0!<\/p>\n<p>Votre groupe va unir ses forces avec d\u2019autres groupes pour faire la f\u00eate, le moyen id\u00e9al pour sociabiliser et rencontrer d\u2019autres personnes\u00a0! Si vous pr\u00e9f\u00e9rez une tourn\u00e9e de bars privative, nous pouvons aussi l\u2019organiser \u2013 il suffit de nous contacter\u00a0!<\/p>\n","protected":false},"excerpt":{"rendered":"<p>Explorez Barcelone de la meilleure fa\u00e7on\u2026 Avec une tourn\u00e9e des bars\u00a0! Vous souhaitez d\u00e9couvrir le meilleur de ce que Barcelone peut vous offrir pendant un EVG\/EVJF \u00e0 Barcelone\u00a0? Cette tourn\u00e9e des bars vous garantit la d\u00e9couverte du meilleur de la ville\u00a0! Un guide local vous emm\u00e8nera dans les endroits les plus chauds de la ville [&hellip;]<\/p>\n","protected":false},"featured_media":3132,"comment_status":"closed","ping_status":"closed","template":"","meta":{"site-sidebar-layout":"default","site-content-layout":"default","ast-site-content-layout":"default","site-content-style":"default","site-sidebar-style":"default","ast-global-header-display":"","ast-banner-title-visibility":"","ast-main-header-display":"","ast-hfb-above-header-display":"","ast-hfb-below-header-display":"","ast-hfb-mobile-header-display":"","site-post-title":"","ast-breadcrumbs-content":"","ast-featured-img":"","footer-sml-layout":"","theme-transparent-header-meta":"default","adv-header-id-meta":"","stick-header-meta":"","header-above-stick-meta":"","header-main-stick-meta":"","header-below-stick-meta":"","astra-migrate-meta-layouts":"set","ast-page-background-enabled":"default","ast-page-background-meta":{"desktop":{"background-color":"var(--ast-global-color-4)","background-image":"","background-repeat":"repeat","background-position":"center center","background-size":"auto","background-attachment":"scroll","background-type":"","background-media":"","overlay-type":"","overlay-color":"","overlay-opacity":"","overlay-gradient":""},"tablet":{"background-color":"","background-image":"","background-repeat":"repeat","background-position":"center center","background-size":"auto","background-attachment":"scroll","background-type":"","background-media":"","overlay-type":"","overlay-color":"","overlay-opacity":"","overlay-gradient":""},"mobile":{"background-color":"","background-image":"","background-repeat":"repeat","background-position":"center center","background-size":"auto","background-attachment":"scroll","background-type":"","background-media":"","overlay-type":"","overlay-color":"","overlay-opacity":"","overlay-gradient":""}},"ast-content-background-meta":{"desktop":{"background-color":"var(--ast-global-color-5)","background-image":"","background-repeat":"repeat","background-position":"center center","background-size":"auto","background-attachment":"scroll","background-type":"","background-media":"","overlay-type":"","overlay-color":"","overlay-opacity":"","overlay-gradient":""},"tablet":{"background-color":"var(--ast-global-color-5)","background-image":"","background-repeat":"repeat","background-position":"center center","background-size":"auto","background-attachment":"scroll","background-type":"","background-media":"","overlay-type":"","overlay-color":"","overlay-opacity":"","overlay-gradient":""},"mobile":{"background-color":"var(--ast-global-color-5)","background-image":"","background-repeat":"repeat","background-position":"center center","background-size":"auto","background-attachment":"scroll","background-type":"","background-media":"","overlay-type":"","overlay-color":"","overlay-opacity":"","overlay-gradient":""}},"repeater_packs":""},"product_brand":[],"product_cat":[66,71,73],"product_tag":[36,35],"class_list":{"0":"post-4228","1":"product","2":"type-product","3":"status-publish","4":"has-post-thumbnail","6":"product_cat-hen-fr-2","7":"product_cat-night_activities-fr-2","8":"product_cat-stag-fr","9":"product_tag-hen","10":"product_tag-stag","11":"desktop-align-left","12":"tablet-align-left","13":"mobile-align-left","15":"first","16":"instock","17":"shipping-taxable","18":"product-type-simple"},"yoast_head":"<!-- This site is optimized with the Yoast SEO plugin v26.8 - https:\/\/yoast.com\/product\/yoast-seo-wordpress\/ -->\n<title>TOURN\u00c9E DES BARS + ENTR\u00c9E EN BO\u00ceTE \u00c0 BARCELONE- Bar Crawl Tour &amp; Nightclub Forfait d\u2019entr\u00e9e \u00e0 Barcelone<\/title>\n<meta name=\"description\" content=\"Explorez Barcelone de la meilleure fa\u00e7on\u2026 Avec une tourn\u00e9e des bars\u00a0! Vous souhaitez d\u00e9couvrir le meilleur de ce que Barcelone peut vous offrir pendant un Experience the best nightlife in town with our Bar Crawl Tour and Nightclub Entry package. Don&#039;t miss out on the fun! #nightlife #partytime\" \/>\n<meta name=\"robots\" content=\"index, follow, max-snippet:-1, max-image-preview:large, max-video-preview:-1\" \/>\n<link rel=\"canonical\" href=\"https:\/\/spanishbreak.com\/fr\/product\/bar-crawl-tour-nightclub-entry-2\/\" \/>\n<meta property=\"og:locale\" content=\"fr_FR\" \/>\n<meta property=\"og:type\" content=\"article\" \/>\n<meta property=\"og:title\" content=\"TOURN\u00c9E DES BARS + ENTR\u00c9E EN BO\u00ceTE \u00c0 BARCELONE- Bar Crawl Tour &amp; Nightclub Forfait d\u2019entr\u00e9e \u00e0 Barcelone\" \/>\n<meta property=\"og:description\" content=\"Explorez Barcelone de la meilleure fa\u00e7on\u2026 Avec une tourn\u00e9e des bars\u00a0! Vous souhaitez d\u00e9couvrir le meilleur de ce que Barcelone peut vous offrir pendant un Experience the best nightlife in town with our Bar Crawl Tour and Nightclub Entry package. Don&#039;t miss out on the fun! #nightlife #partytime\" \/>\n<meta property=\"og:url\" content=\"https:\/\/spanishbreak.com\/fr\/product\/bar-crawl-tour-nightclub-entry-2\/\" \/>\n<meta property=\"og:site_name\" content=\"Spanishbreak\" \/>\n<meta property=\"article:publisher\" content=\"https:\/\/www.facebook.com\/spanishbreak\" \/>\n<meta property=\"article:modified_time\" content=\"2025-12-17T14:35:00+00:00\" \/>\n<meta property=\"og:image\" content=\"https:\/\/spanishbreak.com\/wp-content\/uploads\/2022\/10\/Depositphotos_72155817_original-scaled.jpg\" \/>\n\t<meta property=\"og:image:width\" content=\"2560\" \/>\n\t<meta property=\"og:image:height\" content=\"1707\" \/>\n\t<meta property=\"og:image:type\" content=\"image\/jpeg\" \/>\n<meta name=\"twitter:card\" content=\"summary_large_image\" \/>\n<meta name=\"twitter:label1\" content=\"Dur\u00e9e de lecture estim\u00e9e\" \/>\n\t<meta name=\"twitter:data1\" content=\"1 minute\" \/>\n<script type=\"application\/ld+json\" class=\"yoast-schema-graph\">{\"@context\":\"https:\/\/schema.org\",\"@graph\":[{\"@type\":[\"WebPage\",\"ItemPage\"],\"@id\":\"https:\/\/spanishbreak.com\/fr\/product\/bar-crawl-tour-nightclub-entry-2\/\",\"url\":\"https:\/\/spanishbreak.com\/fr\/product\/bar-crawl-tour-nightclub-entry-2\/\",\"name\":\"TOURN\u00c9E DES BARS + ENTR\u00c9E EN BO\u00ceTE \u00c0 BARCELONE- Bar Crawl Tour & Nightclub Forfait d\u2019entr\u00e9e \u00e0 Barcelone\",\"isPartOf\":{\"@id\":\"https:\/\/spanishbreak.com\/#website\"},\"primaryImageOfPage\":{\"@id\":\"https:\/\/spanishbreak.com\/fr\/product\/bar-crawl-tour-nightclub-entry-2\/#primaryimage\"},\"image\":{\"@id\":\"https:\/\/spanishbreak.com\/fr\/product\/bar-crawl-tour-nightclub-entry-2\/#primaryimage\"},\"thumbnailUrl\":\"https:\/\/spanishbreak.com\/wp-content\/uploads\/2022\/10\/Depositphotos_72155817_original-scaled.jpg\",\"datePublished\":\"2022-10-19T09:22:39+00:00\",\"dateModified\":\"2025-12-17T14:35:00+00:00\",\"description\":\"Explorez Barcelone de la meilleure fa\u00e7on\u2026 Avec une tourn\u00e9e des bars\u00a0! Vous souhaitez d\u00e9couvrir le meilleur de ce que Barcelone peut vous offrir pendant un Experience the best nightlife in town with our Bar Crawl Tour and Nightclub Entry package. Don't miss out on the fun! #nightlife #partytime\",\"breadcrumb\":{\"@id\":\"https:\/\/spanishbreak.com\/fr\/product\/bar-crawl-tour-nightclub-entry-2\/#breadcrumb\"},\"inLanguage\":\"fr-FR\",\"potentialAction\":[{\"@type\":\"ReadAction\",\"target\":[\"https:\/\/spanishbreak.com\/fr\/product\/bar-crawl-tour-nightclub-entry-2\/\"]}]},{\"@type\":\"ImageObject\",\"inLanguage\":\"fr-FR\",\"@id\":\"https:\/\/spanishbreak.com\/fr\/product\/bar-crawl-tour-nightclub-entry-2\/#primaryimage\",\"url\":\"https:\/\/spanishbreak.com\/wp-content\/uploads\/2022\/10\/Depositphotos_72155817_original-scaled.jpg\",\"contentUrl\":\"https:\/\/spanishbreak.com\/wp-content\/uploads\/2022\/10\/Depositphotos_72155817_original-scaled.jpg\",\"width\":2560,\"height\":1707,\"caption\":\"Happy friends toasting at night party\"},{\"@type\":\"BreadcrumbList\",\"@id\":\"https:\/\/spanishbreak.com\/fr\/product\/bar-crawl-tour-nightclub-entry-2\/#breadcrumb\",\"itemListElement\":[{\"@type\":\"ListItem\",\"position\":1,\"name\":\"Home\",\"item\":\"https:\/\/spanishbreak.com\/\"},{\"@type\":\"ListItem\",\"position\":2,\"name\":\"Boutique\",\"item\":\"https:\/\/spanishbreak.com\/boutique\/?lang=fr\"},{\"@type\":\"ListItem\",\"position\":3,\"name\":\"TOURN\u00c9E DES BARS + ENTR\u00c9E EN BO\u00ceTE \u00c0 BARCELONE\"}]},{\"@type\":\"WebSite\",\"@id\":\"https:\/\/spanishbreak.com\/#website\",\"url\":\"https:\/\/spanishbreak.com\/\",\"name\":\"Spanish Break\",\"description\":\"Otro sitio realizado con WordPress\",\"publisher\":{\"@id\":\"https:\/\/spanishbreak.com\/#organization\"},\"potentialAction\":[{\"@type\":\"SearchAction\",\"target\":{\"@type\":\"EntryPoint\",\"urlTemplate\":\"https:\/\/spanishbreak.com\/?s={search_term_string}\"},\"query-input\":{\"@type\":\"PropertyValueSpecification\",\"valueRequired\":true,\"valueName\":\"search_term_string\"}}],\"inLanguage\":\"fr-FR\"},{\"@type\":\"Organization\",\"@id\":\"https:\/\/spanishbreak.com\/#organization\",\"name\":\"Spanish Break\",\"url\":\"https:\/\/spanishbreak.com\/\",\"logo\":{\"@type\":\"ImageObject\",\"inLanguage\":\"fr-FR\",\"@id\":\"https:\/\/spanishbreak.com\/#\/schema\/logo\/image\/\",\"url\":\"https:\/\/spanishbreak.com\/wp-content\/uploads\/2024\/03\/logo-spanish-break.png\",\"contentUrl\":\"https:\/\/spanishbreak.com\/wp-content\/uploads\/2024\/03\/logo-spanish-break.png\",\"width\":323,\"height\":37,\"caption\":\"Spanish Break\"},\"image\":{\"@id\":\"https:\/\/spanishbreak.com\/#\/schema\/logo\/image\/\"},\"sameAs\":[\"https:\/\/www.facebook.com\/spanishbreak\",\"https:\/\/www.instagram.com\/spanishbreakbcn\/\"]}]}<\/script>\n<!-- \/ Yoast SEO plugin. -->","yoast_head_json":{"title":"TOURN\u00c9E DES BARS + ENTR\u00c9E EN BO\u00ceTE \u00c0 BARCELONE- Bar Crawl Tour & Nightclub Forfait d\u2019entr\u00e9e \u00e0 Barcelone","description":"Explorez Barcelone de la meilleure fa\u00e7on\u2026 Avec une tourn\u00e9e des bars\u00a0! Vous souhaitez d\u00e9couvrir le meilleur de ce que Barcelone peut vous offrir pendant un Experience the best nightlife in town with our Bar Crawl Tour and Nightclub Entry package. Don't miss out on the fun! #nightlife #partytime","robots":{"index":"index","follow":"follow","max-snippet":"max-snippet:-1","max-image-preview":"max-image-preview:large","max-video-preview":"max-video-preview:-1"},"canonical":"https:\/\/spanishbreak.com\/fr\/product\/bar-crawl-tour-nightclub-entry-2\/","og_locale":"fr_FR","og_type":"article","og_title":"TOURN\u00c9E DES BARS + ENTR\u00c9E EN BO\u00ceTE \u00c0 BARCELONE- Bar Crawl Tour & Nightclub Forfait d\u2019entr\u00e9e \u00e0 Barcelone","og_description":"Explorez Barcelone de la meilleure fa\u00e7on\u2026 Avec une tourn\u00e9e des bars\u00a0! Vous souhaitez d\u00e9couvrir le meilleur de ce que Barcelone peut vous offrir pendant un Experience the best nightlife in town with our Bar Crawl Tour and Nightclub Entry package. Don't miss out on the fun! #nightlife #partytime","og_url":"https:\/\/spanishbreak.com\/fr\/product\/bar-crawl-tour-nightclub-entry-2\/","og_site_name":"Spanishbreak","article_publisher":"https:\/\/www.facebook.com\/spanishbreak","article_modified_time":"2025-12-17T14:35:00+00:00","og_image":[{"width":2560,"height":1707,"url":"https:\/\/spanishbreak.com\/wp-content\/uploads\/2022\/10\/Depositphotos_72155817_original-scaled.jpg","type":"image\/jpeg"}],"twitter_card":"summary_large_image","twitter_misc":{"Dur\u00e9e de lecture estim\u00e9e":"1 minute"},"schema":{"@context":"https:\/\/schema.org","@graph":[{"@type":["WebPage","ItemPage"],"@id":"https:\/\/spanishbreak.com\/fr\/product\/bar-crawl-tour-nightclub-entry-2\/","url":"https:\/\/spanishbreak.com\/fr\/product\/bar-crawl-tour-nightclub-entry-2\/","name":"TOURN\u00c9E DES BARS + ENTR\u00c9E EN BO\u00ceTE \u00c0 BARCELONE- Bar Crawl Tour & Nightclub Forfait d\u2019entr\u00e9e \u00e0 Barcelone","isPartOf":{"@id":"https:\/\/spanishbreak.com\/#website"},"primaryImageOfPage":{"@id":"https:\/\/spanishbreak.com\/fr\/product\/bar-crawl-tour-nightclub-entry-2\/#primaryimage"},"image":{"@id":"https:\/\/spanishbreak.com\/fr\/product\/bar-crawl-tour-nightclub-entry-2\/#primaryimage"},"thumbnailUrl":"https:\/\/spanishbreak.com\/wp-content\/uploads\/2022\/10\/Depositphotos_72155817_original-scaled.jpg","datePublished":"2022-10-19T09:22:39+00:00","dateModified":"2025-12-17T14:35:00+00:00","description":"Explorez Barcelone de la meilleure fa\u00e7on\u2026 Avec une tourn\u00e9e des bars\u00a0! Vous souhaitez d\u00e9couvrir le meilleur de ce que Barcelone peut vous offrir pendant un Experience the best nightlife in town with our Bar Crawl Tour and Nightclub Entry package. Don't miss out on the fun! #nightlife #partytime","breadcrumb":{"@id":"https:\/\/spanishbreak.com\/fr\/product\/bar-crawl-tour-nightclub-entry-2\/#breadcrumb"},"inLanguage":"fr-FR","potentialAction":[{"@type":"ReadAction","target":["https:\/\/spanishbreak.com\/fr\/product\/bar-crawl-tour-nightclub-entry-2\/"]}]},{"@type":"ImageObject","inLanguage":"fr-FR","@id":"https:\/\/spanishbreak.com\/fr\/product\/bar-crawl-tour-nightclub-entry-2\/#primaryimage","url":"https:\/\/spanishbreak.com\/wp-content\/uploads\/2022\/10\/Depositphotos_72155817_original-scaled.jpg","contentUrl":"https:\/\/spanishbreak.com\/wp-content\/uploads\/2022\/10\/Depositphotos_72155817_original-scaled.jpg","width":2560,"height":1707,"caption":"Happy friends toasting at night party"},{"@type":"BreadcrumbList","@id":"https:\/\/spanishbreak.com\/fr\/product\/bar-crawl-tour-nightclub-entry-2\/#breadcrumb","itemListElement":[{"@type":"ListItem","position":1,"name":"Home","item":"https:\/\/spanishbreak.com\/"},{"@type":"ListItem","position":2,"name":"Boutique","item":"https:\/\/spanishbreak.com\/boutique\/?lang=fr"},{"@type":"ListItem","position":3,"name":"TOURN\u00c9E DES BARS + ENTR\u00c9E EN BO\u00ceTE \u00c0 BARCELONE"}]},{"@type":"WebSite","@id":"https:\/\/spanishbreak.com\/#website","url":"https:\/\/spanishbreak.com\/","name":"Spanish Break","description":"Otro sitio realizado con WordPress","publisher":{"@id":"https:\/\/spanishbreak.com\/#organization"},"potentialAction":[{"@type":"SearchAction","target":{"@type":"EntryPoint","urlTemplate":"https:\/\/spanishbreak.com\/?s={search_term_string}"},"query-input":{"@type":"PropertyValueSpecification","valueRequired":true,"valueName":"search_term_string"}}],"inLanguage":"fr-FR"},{"@type":"Organization","@id":"https:\/\/spanishbreak.com\/#organization","name":"Spanish Break","url":"https:\/\/spanishbreak.com\/","logo":{"@type":"ImageObject","inLanguage":"fr-FR","@id":"https:\/\/spanishbreak.com\/#\/schema\/logo\/image\/","url":"https:\/\/spanishbreak.com\/wp-content\/uploads\/2024\/03\/logo-spanish-break.png","contentUrl":"https:\/\/spanishbreak.com\/wp-content\/uploads\/2024\/03\/logo-spanish-break.png","width":323,"height":37,"caption":"Spanish Break"},"image":{"@id":"https:\/\/spanishbreak.com\/#\/schema\/logo\/image\/"},"sameAs":["https:\/\/www.facebook.com\/spanishbreak","https:\/\/www.instagram.com\/spanishbreakbcn\/"]}]}},"_links":{"self":[{"href":"https:\/\/spanishbreak.com\/fr\/wp-json\/wp\/v2\/product\/4228","targetHints":{"allow":["GET"]}}],"collection":[{"href":"https:\/\/spanishbreak.com\/fr\/wp-json\/wp\/v2\/product"}],"about":[{"href":"https:\/\/spanishbreak.com\/fr\/wp-json\/wp\/v2\/types\/product"}],"replies":[{"embeddable":true,"href":"https:\/\/spanishbreak.com\/fr\/wp-json\/wp\/v2\/comments?post=4228"}],"wp:featuredmedia":[{"embeddable":true,"href":"https:\/\/spanishbreak.com\/fr\/wp-json\/wp\/v2\/media\/3132"}],"wp:attachment":[{"href":"https:\/\/spanishbreak.com\/fr\/wp-json\/wp\/v2\/media?parent=4228"}],"wp:term":[{"taxonomy":"product_brand","embeddable":true,"href":"https:\/\/spanishbreak.com\/fr\/wp-json\/wp\/v2\/product_brand?post=4228"},{"taxonomy":"product_cat","embeddable":true,"href":"https:\/\/spanishbreak.com\/fr\/wp-json\/wp\/v2\/product_cat?post=4228"},{"taxonomy":"product_tag","embeddable":true,"href":"https:\/\/spanishbreak.com\/fr\/wp-json\/wp\/v2\/product_tag?post=4228"}],"curies":[{"name":"wp","href":"https:\/\/api.w.org\/{rel}","templated":true}]}}