{"id":4229,"date":"2022-10-19T10:58:35","date_gmt":"2022-10-19T08:58:35","guid":{"rendered":"https:\/\/spanishbreak.com\/producto\/lap-dancing-club-entry-drink\/"},"modified":"2025-12-17T15:35:23","modified_gmt":"2025-12-17T14:35:23","slug":"lap-dancing-club-entry-drink","status":"publish","type":"product","link":"https:\/\/spanishbreak.com\/fr\/product\/lap-dancing-club-entry-drink\/","title":{"rendered":"ENTR\u00c9E DANS UN CLUB DE LAP DANCE + 1 BI\u00c8RE \u00c0 BARCELONE"},"content":{"rendered":"<p><strong>Lap dance coquine pour votre EVG !<\/strong><\/p>\n<p>Tout parfait enterrement de vie de gar\u00e7on \u00e0 Barcelone a besoin de divertissements sexy, et ce tour de danse \u00e9poustouflant vous pimentera votre week-end avec certains des plus coquins spectacles adultes que vous n\u2019ayez jamais vu ! Encore mieux, vous serez diverti par quelques-unes des plus belles filles que la M\u00e9diterran\u00e9e ait \u00e0 offrir dans l\u2019un des clubs de Lap Dance les plus sexy de Barcelone !<\/p>\n","protected":false},"excerpt":{"rendered":"<p>Lap dance coquine pour votre EVG ! Tout parfait enterrement de vie de gar\u00e7on \u00e0 Barcelone a besoin de divertissements sexy, et ce tour de danse \u00e9poustouflant vous pimentera votre week-end avec certains des plus coquins spectacles adultes que vous n\u2019ayez jamais vu ! Encore mieux, vous serez diverti par quelques-unes des plus belles filles [&hellip;]<\/p>\n","protected":false},"featured_media":3128,"comment_status":"closed","ping_status":"closed","template":"","meta":{"site-sidebar-layout":"default","site-content-layout":"default","ast-site-content-layout":"default","site-content-style":"default","site-sidebar-style":"default","ast-global-header-display":"","ast-banner-title-visibility":"","ast-main-header-display":"","ast-hfb-above-header-display":"","ast-hfb-below-header-display":"","ast-hfb-mobile-header-display":"","site-post-title":"","ast-breadcrumbs-content":"","ast-featured-img":"","footer-sml-layout":"","theme-transparent-header-meta":"default","adv-header-id-meta":"","stick-header-meta":"","header-above-stick-meta":"","header-main-stick-meta":"","header-below-stick-meta":"","astra-migrate-meta-layouts":"set","ast-page-background-enabled":"default","ast-page-background-meta":{"desktop":{"background-color":"var(--ast-global-color-4)","background-image":"","background-repeat":"repeat","background-position":"center center","background-size":"auto","background-attachment":"scroll","background-type":"","background-media":"","overlay-type":"","overlay-color":"","overlay-opacity":"","overlay-gradient":""},"tablet":{"background-color":"","background-image":"","background-repeat":"repeat","background-position":"center center","background-size":"auto","background-attachment":"scroll","background-type":"","background-media":"","overlay-type":"","overlay-color":"","overlay-opacity":"","overlay-gradient":""},"mobile":{"background-color":"","background-image":"","background-repeat":"repeat","background-position":"center center","background-size":"auto","background-attachment":"scroll","background-type":"","background-media":"","overlay-type":"","overlay-color":"","overlay-opacity":"","overlay-gradient":""}},"ast-content-background-meta":{"desktop":{"background-color":"var(--ast-global-color-5)","background-image":"","background-repeat":"repeat","background-position":"center center","background-size":"auto","background-attachment":"scroll","background-type":"","background-media":"","overlay-type":"","overlay-color":"","overlay-opacity":"","overlay-gradient":""},"tablet":{"background-color":"var(--ast-global-color-5)","background-image":"","background-repeat":"repeat","background-position":"center center","background-size":"auto","background-attachment":"scroll","background-type":"","background-media":"","overlay-type":"","overlay-color":"","overlay-opacity":"","overlay-gradient":""},"mobile":{"background-color":"var(--ast-global-color-5)","background-image":"","background-repeat":"repeat","background-position":"center center","background-size":"auto","background-attachment":"scroll","background-type":"","background-media":"","overlay-type":"","overlay-color":"","overlay-opacity":"","overlay-gradient":""}},"repeater_packs":""},"product_brand":[],"product_cat":[71,73],"product_tag":[35],"class_list":{"0":"post-4229","1":"product","2":"type-product","3":"status-publish","4":"has-post-thumbnail","6":"product_cat-night_activities-fr-2","7":"product_cat-stag-fr","8":"product_tag-stag","9":"desktop-align-left","10":"tablet-align-left","11":"mobile-align-left","13":"first","14":"instock","15":"shipping-taxable","16":"product-type-simple"},"yoast_head":"<!-- This site is optimized with the Yoast SEO plugin v26.8 - https:\/\/yoast.com\/product\/yoast-seo-wordpress\/ -->\n<title>ENTR\u00c9E DANS UN CLUB DE LAP DANCE + 1 BI\u00c8RE \u00c0 BARCELONE<\/title>\n<meta name=\"description\" content=\"Lap dance coquine pour votre EVG ! Tout parfait enterrement de vie de gar\u00e7on \u00e0 Barcelone a besoin de divertissements sexy, et ce tour de danse Entr\u00e9e et bi\u00e8re dans un club de danse exotique \u00e0 Barcelone. Ambiance sensuelle et divertissement garanti. R\u00e9servez maintenant!\" \/>\n<meta name=\"robots\" content=\"index, follow, max-snippet:-1, max-image-preview:large, max-video-preview:-1\" \/>\n<link rel=\"canonical\" href=\"https:\/\/spanishbreak.com\/fr\/product\/lap-dancing-club-entry-drink\/\" \/>\n<meta property=\"og:locale\" content=\"fr_FR\" \/>\n<meta property=\"og:type\" content=\"article\" \/>\n<meta property=\"og:title\" content=\"ENTR\u00c9E DANS UN CLUB DE LAP DANCE + 1 BI\u00c8RE \u00c0 BARCELONE\" \/>\n<meta property=\"og:description\" content=\"Lap dance coquine pour votre EVG ! Tout parfait enterrement de vie de gar\u00e7on \u00e0 Barcelone a besoin de divertissements sexy, et ce tour de danse Entr\u00e9e et bi\u00e8re dans un club de danse exotique \u00e0 Barcelone. Ambiance sensuelle et divertissement garanti. R\u00e9servez maintenant!\" \/>\n<meta property=\"og:url\" content=\"https:\/\/spanishbreak.com\/fr\/product\/lap-dancing-club-entry-drink\/\" \/>\n<meta property=\"og:site_name\" content=\"Spanishbreak\" \/>\n<meta property=\"article:publisher\" content=\"https:\/\/www.facebook.com\/spanishbreak\" \/>\n<meta property=\"article:modified_time\" content=\"2025-12-17T14:35:23+00:00\" \/>\n<meta property=\"og:image\" content=\"https:\/\/spanishbreak.com\/wp-content\/uploads\/2022\/10\/Depositphotos_6847159_original-scaled.jpg\" \/>\n\t<meta property=\"og:image:width\" content=\"2560\" \/>\n\t<meta property=\"og:image:height\" content=\"1524\" \/>\n\t<meta property=\"og:image:type\" content=\"image\/jpeg\" \/>\n<meta name=\"twitter:card\" content=\"summary_large_image\" \/>\n<meta name=\"twitter:label1\" content=\"Dur\u00e9e de lecture estim\u00e9e\" \/>\n\t<meta name=\"twitter:data1\" content=\"1 minute\" \/>\n<script type=\"application\/ld+json\" class=\"yoast-schema-graph\">{\"@context\":\"https:\/\/schema.org\",\"@graph\":[{\"@type\":[\"WebPage\",\"ItemPage\"],\"@id\":\"https:\/\/spanishbreak.com\/fr\/product\/lap-dancing-club-entry-drink\/\",\"url\":\"https:\/\/spanishbreak.com\/fr\/product\/lap-dancing-club-entry-drink\/\",\"name\":\"ENTR\u00c9E DANS UN CLUB DE LAP DANCE + 1 BI\u00c8RE \u00c0 BARCELONE\",\"isPartOf\":{\"@id\":\"https:\/\/spanishbreak.com\/#website\"},\"primaryImageOfPage\":{\"@id\":\"https:\/\/spanishbreak.com\/fr\/product\/lap-dancing-club-entry-drink\/#primaryimage\"},\"image\":{\"@id\":\"https:\/\/spanishbreak.com\/fr\/product\/lap-dancing-club-entry-drink\/#primaryimage\"},\"thumbnailUrl\":\"https:\/\/spanishbreak.com\/wp-content\/uploads\/2022\/10\/Depositphotos_6847159_original-scaled.jpg\",\"datePublished\":\"2022-10-19T08:58:35+00:00\",\"dateModified\":\"2025-12-17T14:35:23+00:00\",\"description\":\"Lap dance coquine pour votre EVG ! Tout parfait enterrement de vie de gar\u00e7on \u00e0 Barcelone a besoin de divertissements sexy, et ce tour de danse Entr\u00e9e et bi\u00e8re dans un club de danse exotique \u00e0 Barcelone. Ambiance sensuelle et divertissement garanti. R\u00e9servez maintenant!\",\"breadcrumb\":{\"@id\":\"https:\/\/spanishbreak.com\/fr\/product\/lap-dancing-club-entry-drink\/#breadcrumb\"},\"inLanguage\":\"fr-FR\",\"potentialAction\":[{\"@type\":\"ReadAction\",\"target\":[\"https:\/\/spanishbreak.com\/fr\/product\/lap-dancing-club-entry-drink\/\"]}]},{\"@type\":\"ImageObject\",\"inLanguage\":\"fr-FR\",\"@id\":\"https:\/\/spanishbreak.com\/fr\/product\/lap-dancing-club-entry-drink\/#primaryimage\",\"url\":\"https:\/\/spanishbreak.com\/wp-content\/uploads\/2022\/10\/Depositphotos_6847159_original-scaled.jpg\",\"contentUrl\":\"https:\/\/spanishbreak.com\/wp-content\/uploads\/2022\/10\/Depositphotos_6847159_original-scaled.jpg\",\"width\":2560,\"height\":1524,\"caption\":\"Silhouette of the naked lady dancing behind the glass\"},{\"@type\":\"BreadcrumbList\",\"@id\":\"https:\/\/spanishbreak.com\/fr\/product\/lap-dancing-club-entry-drink\/#breadcrumb\",\"itemListElement\":[{\"@type\":\"ListItem\",\"position\":1,\"name\":\"Home\",\"item\":\"https:\/\/spanishbreak.com\/\"},{\"@type\":\"ListItem\",\"position\":2,\"name\":\"Boutique\",\"item\":\"https:\/\/spanishbreak.com\/boutique\/?lang=fr\"},{\"@type\":\"ListItem\",\"position\":3,\"name\":\"ENTR\u00c9E DANS UN CLUB DE LAP DANCE + 1 BI\u00c8RE \u00c0 BARCELONE\"}]},{\"@type\":\"WebSite\",\"@id\":\"https:\/\/spanishbreak.com\/#website\",\"url\":\"https:\/\/spanishbreak.com\/\",\"name\":\"Spanish Break\",\"description\":\"Otro sitio realizado con WordPress\",\"publisher\":{\"@id\":\"https:\/\/spanishbreak.com\/#organization\"},\"potentialAction\":[{\"@type\":\"SearchAction\",\"target\":{\"@type\":\"EntryPoint\",\"urlTemplate\":\"https:\/\/spanishbreak.com\/?s={search_term_string}\"},\"query-input\":{\"@type\":\"PropertyValueSpecification\",\"valueRequired\":true,\"valueName\":\"search_term_string\"}}],\"inLanguage\":\"fr-FR\"},{\"@type\":\"Organization\",\"@id\":\"https:\/\/spanishbreak.com\/#organization\",\"name\":\"Spanish Break\",\"url\":\"https:\/\/spanishbreak.com\/\",\"logo\":{\"@type\":\"ImageObject\",\"inLanguage\":\"fr-FR\",\"@id\":\"https:\/\/spanishbreak.com\/#\/schema\/logo\/image\/\",\"url\":\"https:\/\/spanishbreak.com\/wp-content\/uploads\/2024\/03\/logo-spanish-break.png\",\"contentUrl\":\"https:\/\/spanishbreak.com\/wp-content\/uploads\/2024\/03\/logo-spanish-break.png\",\"width\":323,\"height\":37,\"caption\":\"Spanish Break\"},\"image\":{\"@id\":\"https:\/\/spanishbreak.com\/#\/schema\/logo\/image\/\"},\"sameAs\":[\"https:\/\/www.facebook.com\/spanishbreak\",\"https:\/\/www.instagram.com\/spanishbreakbcn\/\"]}]}<\/script>\n<!-- \/ Yoast SEO plugin. -->","yoast_head_json":{"title":"ENTR\u00c9E DANS UN CLUB DE LAP DANCE + 1 BI\u00c8RE \u00c0 BARCELONE","description":"Lap dance coquine pour votre EVG ! Tout parfait enterrement de vie de gar\u00e7on \u00e0 Barcelone a besoin de divertissements sexy, et ce tour de danse Entr\u00e9e et bi\u00e8re dans un club de danse exotique \u00e0 Barcelone. Ambiance sensuelle et divertissement garanti. R\u00e9servez maintenant!","robots":{"index":"index","follow":"follow","max-snippet":"max-snippet:-1","max-image-preview":"max-image-preview:large","max-video-preview":"max-video-preview:-1"},"canonical":"https:\/\/spanishbreak.com\/fr\/product\/lap-dancing-club-entry-drink\/","og_locale":"fr_FR","og_type":"article","og_title":"ENTR\u00c9E DANS UN CLUB DE LAP DANCE + 1 BI\u00c8RE \u00c0 BARCELONE","og_description":"Lap dance coquine pour votre EVG ! Tout parfait enterrement de vie de gar\u00e7on \u00e0 Barcelone a besoin de divertissements sexy, et ce tour de danse Entr\u00e9e et bi\u00e8re dans un club de danse exotique \u00e0 Barcelone. Ambiance sensuelle et divertissement garanti. R\u00e9servez maintenant!","og_url":"https:\/\/spanishbreak.com\/fr\/product\/lap-dancing-club-entry-drink\/","og_site_name":"Spanishbreak","article_publisher":"https:\/\/www.facebook.com\/spanishbreak","article_modified_time":"2025-12-17T14:35:23+00:00","og_image":[{"width":2560,"height":1524,"url":"https:\/\/spanishbreak.com\/wp-content\/uploads\/2022\/10\/Depositphotos_6847159_original-scaled.jpg","type":"image\/jpeg"}],"twitter_card":"summary_large_image","twitter_misc":{"Dur\u00e9e de lecture estim\u00e9e":"1 minute"},"schema":{"@context":"https:\/\/schema.org","@graph":[{"@type":["WebPage","ItemPage"],"@id":"https:\/\/spanishbreak.com\/fr\/product\/lap-dancing-club-entry-drink\/","url":"https:\/\/spanishbreak.com\/fr\/product\/lap-dancing-club-entry-drink\/","name":"ENTR\u00c9E DANS UN CLUB DE LAP DANCE + 1 BI\u00c8RE \u00c0 BARCELONE","isPartOf":{"@id":"https:\/\/spanishbreak.com\/#website"},"primaryImageOfPage":{"@id":"https:\/\/spanishbreak.com\/fr\/product\/lap-dancing-club-entry-drink\/#primaryimage"},"image":{"@id":"https:\/\/spanishbreak.com\/fr\/product\/lap-dancing-club-entry-drink\/#primaryimage"},"thumbnailUrl":"https:\/\/spanishbreak.com\/wp-content\/uploads\/2022\/10\/Depositphotos_6847159_original-scaled.jpg","datePublished":"2022-10-19T08:58:35+00:00","dateModified":"2025-12-17T14:35:23+00:00","description":"Lap dance coquine pour votre EVG ! Tout parfait enterrement de vie de gar\u00e7on \u00e0 Barcelone a besoin de divertissements sexy, et ce tour de danse Entr\u00e9e et bi\u00e8re dans un club de danse exotique \u00e0 Barcelone. Ambiance sensuelle et divertissement garanti. R\u00e9servez maintenant!","breadcrumb":{"@id":"https:\/\/spanishbreak.com\/fr\/product\/lap-dancing-club-entry-drink\/#breadcrumb"},"inLanguage":"fr-FR","potentialAction":[{"@type":"ReadAction","target":["https:\/\/spanishbreak.com\/fr\/product\/lap-dancing-club-entry-drink\/"]}]},{"@type":"ImageObject","inLanguage":"fr-FR","@id":"https:\/\/spanishbreak.com\/fr\/product\/lap-dancing-club-entry-drink\/#primaryimage","url":"https:\/\/spanishbreak.com\/wp-content\/uploads\/2022\/10\/Depositphotos_6847159_original-scaled.jpg","contentUrl":"https:\/\/spanishbreak.com\/wp-content\/uploads\/2022\/10\/Depositphotos_6847159_original-scaled.jpg","width":2560,"height":1524,"caption":"Silhouette of the naked lady dancing behind the glass"},{"@type":"BreadcrumbList","@id":"https:\/\/spanishbreak.com\/fr\/product\/lap-dancing-club-entry-drink\/#breadcrumb","itemListElement":[{"@type":"ListItem","position":1,"name":"Home","item":"https:\/\/spanishbreak.com\/"},{"@type":"ListItem","position":2,"name":"Boutique","item":"https:\/\/spanishbreak.com\/boutique\/?lang=fr"},{"@type":"ListItem","position":3,"name":"ENTR\u00c9E DANS UN CLUB DE LAP DANCE + 1 BI\u00c8RE \u00c0 BARCELONE"}]},{"@type":"WebSite","@id":"https:\/\/spanishbreak.com\/#website","url":"https:\/\/spanishbreak.com\/","name":"Spanish Break","description":"Otro sitio realizado con WordPress","publisher":{"@id":"https:\/\/spanishbreak.com\/#organization"},"potentialAction":[{"@type":"SearchAction","target":{"@type":"EntryPoint","urlTemplate":"https:\/\/spanishbreak.com\/?s={search_term_string}"},"query-input":{"@type":"PropertyValueSpecification","valueRequired":true,"valueName":"search_term_string"}}],"inLanguage":"fr-FR"},{"@type":"Organization","@id":"https:\/\/spanishbreak.com\/#organization","name":"Spanish Break","url":"https:\/\/spanishbreak.com\/","logo":{"@type":"ImageObject","inLanguage":"fr-FR","@id":"https:\/\/spanishbreak.com\/#\/schema\/logo\/image\/","url":"https:\/\/spanishbreak.com\/wp-content\/uploads\/2024\/03\/logo-spanish-break.png","contentUrl":"https:\/\/spanishbreak.com\/wp-content\/uploads\/2024\/03\/logo-spanish-break.png","width":323,"height":37,"caption":"Spanish Break"},"image":{"@id":"https:\/\/spanishbreak.com\/#\/schema\/logo\/image\/"},"sameAs":["https:\/\/www.facebook.com\/spanishbreak","https:\/\/www.instagram.com\/spanishbreakbcn\/"]}]}},"_links":{"self":[{"href":"https:\/\/spanishbreak.com\/fr\/wp-json\/wp\/v2\/product\/4229","targetHints":{"allow":["GET"]}}],"collection":[{"href":"https:\/\/spanishbreak.com\/fr\/wp-json\/wp\/v2\/product"}],"about":[{"href":"https:\/\/spanishbreak.com\/fr\/wp-json\/wp\/v2\/types\/product"}],"replies":[{"embeddable":true,"href":"https:\/\/spanishbreak.com\/fr\/wp-json\/wp\/v2\/comments?post=4229"}],"wp:featuredmedia":[{"embeddable":true,"href":"https:\/\/spanishbreak.com\/fr\/wp-json\/wp\/v2\/media\/3128"}],"wp:attachment":[{"href":"https:\/\/spanishbreak.com\/fr\/wp-json\/wp\/v2\/media?parent=4229"}],"wp:term":[{"taxonomy":"product_brand","embeddable":true,"href":"https:\/\/spanishbreak.com\/fr\/wp-json\/wp\/v2\/product_brand?post=4229"},{"taxonomy":"product_cat","embeddable":true,"href":"https:\/\/spanishbreak.com\/fr\/wp-json\/wp\/v2\/product_cat?post=4229"},{"taxonomy":"product_tag","embeddable":true,"href":"https:\/\/spanishbreak.com\/fr\/wp-json\/wp\/v2\/product_tag?post=4229"}],"curies":[{"name":"wp","href":"https:\/\/api.w.org\/{rel}","templated":true}]}}