{"id":4231,"date":"2022-10-19T10:27:24","date_gmt":"2022-10-19T08:27:24","guid":{"rendered":"https:\/\/spanishbreak.com\/producto\/guest-list-nightclub-entry\/"},"modified":"2025-12-17T12:52:28","modified_gmt":"2025-12-17T11:52:28","slug":"guest-list-nightclub-entry","status":"publish","type":"product","link":"https:\/\/spanishbreak.com\/fr\/product\/guest-list-nightclub-entry\/","title":{"rendered":"ENTR\u00c9E EN BO\u00ceTE DE NUIT EN GUEST LIST \u00e0 Barcelone"},"content":{"rendered":"<p><strong>F\u00eate dans l\u2019un des clubs les plus chauds de Barcelone !<\/strong><\/p>\n<p>Barcelone est connue pour ses bo\u00eetes de nuit et son ambiance de folie ! Assurez-vous que votre EVG\/EVJF \u00e0 Barcelone se passe sans accroc avec une entr\u00e9e en guest list dans l&rsquo;une des bo\u00eetes propos\u00e9es.<\/p>\n<p>Pour vous assurer la meilleure soir\u00e9e, nous n\u2019avons s\u00e9lectionn\u00e9 que le meilleur et avons fait la liste des plus grands clubs de Barcelone.<\/p>\n","protected":false},"excerpt":{"rendered":"<p>F\u00eate dans l\u2019un des clubs les plus chauds de Barcelone ! Barcelone est connue pour ses bo\u00eetes de nuit et son ambiance de folie ! Assurez-vous que votre EVG\/EVJF \u00e0 Barcelone se passe sans accroc avec une entr\u00e9e en guest list dans l&rsquo;une des bo\u00eetes propos\u00e9es. Pour vous assurer la meilleure soir\u00e9e, nous n\u2019avons s\u00e9lectionn\u00e9 [&hellip;]<\/p>\n","protected":false},"featured_media":3123,"comment_status":"closed","ping_status":"closed","template":"","meta":{"site-sidebar-layout":"default","site-content-layout":"default","ast-site-content-layout":"default","site-content-style":"default","site-sidebar-style":"default","ast-global-header-display":"","ast-banner-title-visibility":"","ast-main-header-display":"","ast-hfb-above-header-display":"","ast-hfb-below-header-display":"","ast-hfb-mobile-header-display":"","site-post-title":"","ast-breadcrumbs-content":"","ast-featured-img":"","footer-sml-layout":"","theme-transparent-header-meta":"default","adv-header-id-meta":"","stick-header-meta":"","header-above-stick-meta":"","header-main-stick-meta":"","header-below-stick-meta":"","astra-migrate-meta-layouts":"set","ast-page-background-enabled":"default","ast-page-background-meta":{"desktop":{"background-color":"var(--ast-global-color-4)","background-image":"","background-repeat":"repeat","background-position":"center center","background-size":"auto","background-attachment":"scroll","background-type":"","background-media":"","overlay-type":"","overlay-color":"","overlay-opacity":"","overlay-gradient":""},"tablet":{"background-color":"","background-image":"","background-repeat":"repeat","background-position":"center center","background-size":"auto","background-attachment":"scroll","background-type":"","background-media":"","overlay-type":"","overlay-color":"","overlay-opacity":"","overlay-gradient":""},"mobile":{"background-color":"","background-image":"","background-repeat":"repeat","background-position":"center center","background-size":"auto","background-attachment":"scroll","background-type":"","background-media":"","overlay-type":"","overlay-color":"","overlay-opacity":"","overlay-gradient":""}},"ast-content-background-meta":{"desktop":{"background-color":"var(--ast-global-color-5)","background-image":"","background-repeat":"repeat","background-position":"center center","background-size":"auto","background-attachment":"scroll","background-type":"","background-media":"","overlay-type":"","overlay-color":"","overlay-opacity":"","overlay-gradient":""},"tablet":{"background-color":"var(--ast-global-color-5)","background-image":"","background-repeat":"repeat","background-position":"center center","background-size":"auto","background-attachment":"scroll","background-type":"","background-media":"","overlay-type":"","overlay-color":"","overlay-opacity":"","overlay-gradient":""},"mobile":{"background-color":"var(--ast-global-color-5)","background-image":"","background-repeat":"repeat","background-position":"center center","background-size":"auto","background-attachment":"scroll","background-type":"","background-media":"","overlay-type":"","overlay-color":"","overlay-opacity":"","overlay-gradient":""}},"repeater_packs":""},"product_brand":[],"product_cat":[66,71,73],"product_tag":[36,35],"class_list":{"0":"post-4231","1":"product","2":"type-product","3":"status-publish","4":"has-post-thumbnail","6":"product_cat-hen-fr-2","7":"product_cat-night_activities-fr-2","8":"product_cat-stag-fr","9":"product_tag-hen","10":"product_tag-stag","11":"desktop-align-left","12":"tablet-align-left","13":"mobile-align-left","15":"first","16":"instock","17":"shipping-taxable","18":"product-type-simple"},"yoast_head":"<!-- This site is optimized with the Yoast SEO plugin v26.8 - https:\/\/yoast.com\/product\/yoast-seo-wordpress\/ -->\n<title>ENTR\u00c9E EN BO\u00ceTE DE NUIT EN GUEST LIST \u00e0 Barcelone<\/title>\n<meta name=\"description\" content=\"F\u00eate dans l\u2019un des clubs les plus chauds de Barcelone ! Barcelone est connue pour ses bo\u00eetes de nuit et son ambiance de folie ! Assurez-vous que votre Acc\u00e8s VIP aux bo\u00eetes de nuit les plus branch\u00e9es de la ville. Profitez d&#039;une soir\u00e9e inoubliable avec notre liste d&#039;invit\u00e9s.\" \/>\n<meta name=\"robots\" content=\"index, follow, max-snippet:-1, max-image-preview:large, max-video-preview:-1\" \/>\n<link rel=\"canonical\" href=\"https:\/\/spanishbreak.com\/fr\/product\/guest-list-nightclub-entry\/\" \/>\n<meta property=\"og:locale\" content=\"fr_FR\" \/>\n<meta property=\"og:type\" content=\"article\" \/>\n<meta property=\"og:title\" content=\"ENTR\u00c9E EN BO\u00ceTE DE NUIT EN GUEST LIST \u00e0 Barcelone\" \/>\n<meta property=\"og:description\" content=\"F\u00eate dans l\u2019un des clubs les plus chauds de Barcelone ! Barcelone est connue pour ses bo\u00eetes de nuit et son ambiance de folie ! Assurez-vous que votre Acc\u00e8s VIP aux bo\u00eetes de nuit les plus branch\u00e9es de la ville. Profitez d&#039;une soir\u00e9e inoubliable avec notre liste d&#039;invit\u00e9s.\" \/>\n<meta property=\"og:url\" content=\"https:\/\/spanishbreak.com\/fr\/product\/guest-list-nightclub-entry\/\" \/>\n<meta property=\"og:site_name\" content=\"Spanishbreak\" \/>\n<meta property=\"article:publisher\" content=\"https:\/\/www.facebook.com\/spanishbreak\" \/>\n<meta property=\"article:modified_time\" content=\"2025-12-17T11:52:28+00:00\" \/>\n<meta property=\"og:image\" content=\"https:\/\/spanishbreak.com\/wp-content\/uploads\/2022\/10\/david-jackson-m7sg0rvJhq4-unsplash-scaled.jpg\" \/>\n\t<meta property=\"og:image:width\" content=\"2560\" \/>\n\t<meta property=\"og:image:height\" content=\"1696\" \/>\n\t<meta property=\"og:image:type\" content=\"image\/jpeg\" \/>\n<meta name=\"twitter:card\" content=\"summary_large_image\" \/>\n<meta name=\"twitter:label1\" content=\"Dur\u00e9e de lecture estim\u00e9e\" \/>\n\t<meta name=\"twitter:data1\" content=\"1 minute\" \/>\n<script type=\"application\/ld+json\" class=\"yoast-schema-graph\">{\"@context\":\"https:\/\/schema.org\",\"@graph\":[{\"@type\":[\"WebPage\",\"ItemPage\"],\"@id\":\"https:\/\/spanishbreak.com\/fr\/product\/guest-list-nightclub-entry\/\",\"url\":\"https:\/\/spanishbreak.com\/fr\/product\/guest-list-nightclub-entry\/\",\"name\":\"ENTR\u00c9E EN BO\u00ceTE DE NUIT EN GUEST LIST \u00e0 Barcelone\",\"isPartOf\":{\"@id\":\"https:\/\/spanishbreak.com\/#website\"},\"primaryImageOfPage\":{\"@id\":\"https:\/\/spanishbreak.com\/fr\/product\/guest-list-nightclub-entry\/#primaryimage\"},\"image\":{\"@id\":\"https:\/\/spanishbreak.com\/fr\/product\/guest-list-nightclub-entry\/#primaryimage\"},\"thumbnailUrl\":\"https:\/\/spanishbreak.com\/wp-content\/uploads\/2022\/10\/david-jackson-m7sg0rvJhq4-unsplash-scaled.jpg\",\"datePublished\":\"2022-10-19T08:27:24+00:00\",\"dateModified\":\"2025-12-17T11:52:28+00:00\",\"description\":\"F\u00eate dans l\u2019un des clubs les plus chauds de Barcelone ! Barcelone est connue pour ses bo\u00eetes de nuit et son ambiance de folie ! Assurez-vous que votre Acc\u00e8s VIP aux bo\u00eetes de nuit les plus branch\u00e9es de la ville. Profitez d'une soir\u00e9e inoubliable avec notre liste d'invit\u00e9s.\",\"breadcrumb\":{\"@id\":\"https:\/\/spanishbreak.com\/fr\/product\/guest-list-nightclub-entry\/#breadcrumb\"},\"inLanguage\":\"fr-FR\",\"potentialAction\":[{\"@type\":\"ReadAction\",\"target\":[\"https:\/\/spanishbreak.com\/fr\/product\/guest-list-nightclub-entry\/\"]}]},{\"@type\":\"ImageObject\",\"inLanguage\":\"fr-FR\",\"@id\":\"https:\/\/spanishbreak.com\/fr\/product\/guest-list-nightclub-entry\/#primaryimage\",\"url\":\"https:\/\/spanishbreak.com\/wp-content\/uploads\/2022\/10\/david-jackson-m7sg0rvJhq4-unsplash-scaled.jpg\",\"contentUrl\":\"https:\/\/spanishbreak.com\/wp-content\/uploads\/2022\/10\/david-jackson-m7sg0rvJhq4-unsplash-scaled.jpg\",\"width\":2560,\"height\":1696},{\"@type\":\"BreadcrumbList\",\"@id\":\"https:\/\/spanishbreak.com\/fr\/product\/guest-list-nightclub-entry\/#breadcrumb\",\"itemListElement\":[{\"@type\":\"ListItem\",\"position\":1,\"name\":\"Home\",\"item\":\"https:\/\/spanishbreak.com\/\"},{\"@type\":\"ListItem\",\"position\":2,\"name\":\"Boutique\",\"item\":\"https:\/\/spanishbreak.com\/boutique\/?lang=fr\"},{\"@type\":\"ListItem\",\"position\":3,\"name\":\"ENTR\u00c9E EN BO\u00ceTE DE NUIT EN GUEST LIST \u00e0 Barcelone\"}]},{\"@type\":\"WebSite\",\"@id\":\"https:\/\/spanishbreak.com\/#website\",\"url\":\"https:\/\/spanishbreak.com\/\",\"name\":\"Spanish Break\",\"description\":\"Otro sitio realizado con WordPress\",\"publisher\":{\"@id\":\"https:\/\/spanishbreak.com\/#organization\"},\"potentialAction\":[{\"@type\":\"SearchAction\",\"target\":{\"@type\":\"EntryPoint\",\"urlTemplate\":\"https:\/\/spanishbreak.com\/?s={search_term_string}\"},\"query-input\":{\"@type\":\"PropertyValueSpecification\",\"valueRequired\":true,\"valueName\":\"search_term_string\"}}],\"inLanguage\":\"fr-FR\"},{\"@type\":\"Organization\",\"@id\":\"https:\/\/spanishbreak.com\/#organization\",\"name\":\"Spanish Break\",\"url\":\"https:\/\/spanishbreak.com\/\",\"logo\":{\"@type\":\"ImageObject\",\"inLanguage\":\"fr-FR\",\"@id\":\"https:\/\/spanishbreak.com\/#\/schema\/logo\/image\/\",\"url\":\"https:\/\/spanishbreak.com\/wp-content\/uploads\/2024\/03\/logo-spanish-break.png\",\"contentUrl\":\"https:\/\/spanishbreak.com\/wp-content\/uploads\/2024\/03\/logo-spanish-break.png\",\"width\":323,\"height\":37,\"caption\":\"Spanish Break\"},\"image\":{\"@id\":\"https:\/\/spanishbreak.com\/#\/schema\/logo\/image\/\"},\"sameAs\":[\"https:\/\/www.facebook.com\/spanishbreak\",\"https:\/\/www.instagram.com\/spanishbreakbcn\/\"]}]}<\/script>\n<!-- \/ Yoast SEO plugin. -->","yoast_head_json":{"title":"ENTR\u00c9E EN BO\u00ceTE DE NUIT EN GUEST LIST \u00e0 Barcelone","description":"F\u00eate dans l\u2019un des clubs les plus chauds de Barcelone ! Barcelone est connue pour ses bo\u00eetes de nuit et son ambiance de folie ! Assurez-vous que votre Acc\u00e8s VIP aux bo\u00eetes de nuit les plus branch\u00e9es de la ville. Profitez d'une soir\u00e9e inoubliable avec notre liste d'invit\u00e9s.","robots":{"index":"index","follow":"follow","max-snippet":"max-snippet:-1","max-image-preview":"max-image-preview:large","max-video-preview":"max-video-preview:-1"},"canonical":"https:\/\/spanishbreak.com\/fr\/product\/guest-list-nightclub-entry\/","og_locale":"fr_FR","og_type":"article","og_title":"ENTR\u00c9E EN BO\u00ceTE DE NUIT EN GUEST LIST \u00e0 Barcelone","og_description":"F\u00eate dans l\u2019un des clubs les plus chauds de Barcelone ! Barcelone est connue pour ses bo\u00eetes de nuit et son ambiance de folie ! Assurez-vous que votre Acc\u00e8s VIP aux bo\u00eetes de nuit les plus branch\u00e9es de la ville. Profitez d'une soir\u00e9e inoubliable avec notre liste d'invit\u00e9s.","og_url":"https:\/\/spanishbreak.com\/fr\/product\/guest-list-nightclub-entry\/","og_site_name":"Spanishbreak","article_publisher":"https:\/\/www.facebook.com\/spanishbreak","article_modified_time":"2025-12-17T11:52:28+00:00","og_image":[{"width":2560,"height":1696,"url":"https:\/\/spanishbreak.com\/wp-content\/uploads\/2022\/10\/david-jackson-m7sg0rvJhq4-unsplash-scaled.jpg","type":"image\/jpeg"}],"twitter_card":"summary_large_image","twitter_misc":{"Dur\u00e9e de lecture estim\u00e9e":"1 minute"},"schema":{"@context":"https:\/\/schema.org","@graph":[{"@type":["WebPage","ItemPage"],"@id":"https:\/\/spanishbreak.com\/fr\/product\/guest-list-nightclub-entry\/","url":"https:\/\/spanishbreak.com\/fr\/product\/guest-list-nightclub-entry\/","name":"ENTR\u00c9E EN BO\u00ceTE DE NUIT EN GUEST LIST \u00e0 Barcelone","isPartOf":{"@id":"https:\/\/spanishbreak.com\/#website"},"primaryImageOfPage":{"@id":"https:\/\/spanishbreak.com\/fr\/product\/guest-list-nightclub-entry\/#primaryimage"},"image":{"@id":"https:\/\/spanishbreak.com\/fr\/product\/guest-list-nightclub-entry\/#primaryimage"},"thumbnailUrl":"https:\/\/spanishbreak.com\/wp-content\/uploads\/2022\/10\/david-jackson-m7sg0rvJhq4-unsplash-scaled.jpg","datePublished":"2022-10-19T08:27:24+00:00","dateModified":"2025-12-17T11:52:28+00:00","description":"F\u00eate dans l\u2019un des clubs les plus chauds de Barcelone ! Barcelone est connue pour ses bo\u00eetes de nuit et son ambiance de folie ! Assurez-vous que votre Acc\u00e8s VIP aux bo\u00eetes de nuit les plus branch\u00e9es de la ville. Profitez d'une soir\u00e9e inoubliable avec notre liste d'invit\u00e9s.","breadcrumb":{"@id":"https:\/\/spanishbreak.com\/fr\/product\/guest-list-nightclub-entry\/#breadcrumb"},"inLanguage":"fr-FR","potentialAction":[{"@type":"ReadAction","target":["https:\/\/spanishbreak.com\/fr\/product\/guest-list-nightclub-entry\/"]}]},{"@type":"ImageObject","inLanguage":"fr-FR","@id":"https:\/\/spanishbreak.com\/fr\/product\/guest-list-nightclub-entry\/#primaryimage","url":"https:\/\/spanishbreak.com\/wp-content\/uploads\/2022\/10\/david-jackson-m7sg0rvJhq4-unsplash-scaled.jpg","contentUrl":"https:\/\/spanishbreak.com\/wp-content\/uploads\/2022\/10\/david-jackson-m7sg0rvJhq4-unsplash-scaled.jpg","width":2560,"height":1696},{"@type":"BreadcrumbList","@id":"https:\/\/spanishbreak.com\/fr\/product\/guest-list-nightclub-entry\/#breadcrumb","itemListElement":[{"@type":"ListItem","position":1,"name":"Home","item":"https:\/\/spanishbreak.com\/"},{"@type":"ListItem","position":2,"name":"Boutique","item":"https:\/\/spanishbreak.com\/boutique\/?lang=fr"},{"@type":"ListItem","position":3,"name":"ENTR\u00c9E EN BO\u00ceTE DE NUIT EN GUEST LIST \u00e0 Barcelone"}]},{"@type":"WebSite","@id":"https:\/\/spanishbreak.com\/#website","url":"https:\/\/spanishbreak.com\/","name":"Spanish Break","description":"Otro sitio realizado con WordPress","publisher":{"@id":"https:\/\/spanishbreak.com\/#organization"},"potentialAction":[{"@type":"SearchAction","target":{"@type":"EntryPoint","urlTemplate":"https:\/\/spanishbreak.com\/?s={search_term_string}"},"query-input":{"@type":"PropertyValueSpecification","valueRequired":true,"valueName":"search_term_string"}}],"inLanguage":"fr-FR"},{"@type":"Organization","@id":"https:\/\/spanishbreak.com\/#organization","name":"Spanish Break","url":"https:\/\/spanishbreak.com\/","logo":{"@type":"ImageObject","inLanguage":"fr-FR","@id":"https:\/\/spanishbreak.com\/#\/schema\/logo\/image\/","url":"https:\/\/spanishbreak.com\/wp-content\/uploads\/2024\/03\/logo-spanish-break.png","contentUrl":"https:\/\/spanishbreak.com\/wp-content\/uploads\/2024\/03\/logo-spanish-break.png","width":323,"height":37,"caption":"Spanish Break"},"image":{"@id":"https:\/\/spanishbreak.com\/#\/schema\/logo\/image\/"},"sameAs":["https:\/\/www.facebook.com\/spanishbreak","https:\/\/www.instagram.com\/spanishbreakbcn\/"]}]}},"_links":{"self":[{"href":"https:\/\/spanishbreak.com\/fr\/wp-json\/wp\/v2\/product\/4231","targetHints":{"allow":["GET"]}}],"collection":[{"href":"https:\/\/spanishbreak.com\/fr\/wp-json\/wp\/v2\/product"}],"about":[{"href":"https:\/\/spanishbreak.com\/fr\/wp-json\/wp\/v2\/types\/product"}],"replies":[{"embeddable":true,"href":"https:\/\/spanishbreak.com\/fr\/wp-json\/wp\/v2\/comments?post=4231"}],"wp:featuredmedia":[{"embeddable":true,"href":"https:\/\/spanishbreak.com\/fr\/wp-json\/wp\/v2\/media\/3123"}],"wp:attachment":[{"href":"https:\/\/spanishbreak.com\/fr\/wp-json\/wp\/v2\/media?parent=4231"}],"wp:term":[{"taxonomy":"product_brand","embeddable":true,"href":"https:\/\/spanishbreak.com\/fr\/wp-json\/wp\/v2\/product_brand?post=4231"},{"taxonomy":"product_cat","embeddable":true,"href":"https:\/\/spanishbreak.com\/fr\/wp-json\/wp\/v2\/product_cat?post=4231"},{"taxonomy":"product_tag","embeddable":true,"href":"https:\/\/spanishbreak.com\/fr\/wp-json\/wp\/v2\/product_tag?post=4231"}],"curies":[{"name":"wp","href":"https:\/\/api.w.org\/{rel}","templated":true}]}}