{"id":4237,"date":"2022-10-17T13:21:34","date_gmt":"2022-10-17T13:21:34","guid":{"rendered":"https:\/\/spanishbreak.com\/producto\/hotel-3\/"},"modified":"2024-07-25T09:50:22","modified_gmt":"2024-07-25T09:50:22","slug":"hotel-3","status":"publish","type":"product","link":"https:\/\/spanishbreak.com\/fr\/product\/hotel-3\/","title":{"rendered":"H\u00d4TEL 3* \u00c0 BARCELONE"},"content":{"rendered":"<p>Maintenant que\u00a0vos vols sont r\u00e9serv\u00e9s et vos excursions ont \u00e9t\u00e9 organis\u00e9es\u2026, il vous suffit de trouver votre <strong>h\u00e9bergement \u00e0 Barcelone<\/strong>. Ne craignez rien, \u00e7a nous conna\u00eet\u00a0!<\/p>\n<p>Nous avons des liens avec un vaste r\u00e9seau d\u2019h\u00e9bergements 3 \u00e9toiles \u00e0 Barcelone, donc vous pouvez \u00eatre s\u00fbrs de trouver exactement ce que vous recherchez. En g\u00e9n\u00e9ral, tous les h\u00f4tels ont les\u00a0caract\u00e9ristiques\u00a0principales que vous recherchez\u00a0:<\/p>\n<ul>\n<li>Acc\u00e8s wi-fi illimit\u00e9<\/li>\n<li>Air climatis\u00e9 pour la chaleur des mois d\u2019\u00e9t\u00e9<\/li>\n<li>Situ\u00e9 en centre-ville<\/li>\n<li>Bars dans l\u2019h\u00f4tel<\/li>\n<li>Proche des transports en commun: m\u00e9tro et bus<\/li>\n<li>Flexibilit\u00e9 pour le check-in et le check-out<\/li>\n<\/ul>\n","protected":false},"excerpt":{"rendered":"<p>Maintenant que\u00a0vos vols sont r\u00e9serv\u00e9s et vos excursions ont \u00e9t\u00e9 organis\u00e9es\u2026, il vous suffit de trouver votre h\u00e9bergement \u00e0 Barcelone. Ne craignez rien, \u00e7a nous conna\u00eet\u00a0! Nous avons des liens avec un vaste r\u00e9seau d\u2019h\u00e9bergements 3 \u00e9toiles \u00e0 Barcelone, donc vous pouvez \u00eatre s\u00fbrs de trouver exactement ce que vous recherchez. En g\u00e9n\u00e9ral, tous les [&hellip;]<\/p>\n","protected":false},"featured_media":2905,"comment_status":"closed","ping_status":"closed","template":"","meta":{"site-sidebar-layout":"default","site-content-layout":"default","ast-site-content-layout":"default","site-content-style":"default","site-sidebar-style":"default","ast-global-header-display":"","ast-banner-title-visibility":"","ast-main-header-display":"","ast-hfb-above-header-display":"","ast-hfb-below-header-display":"","ast-hfb-mobile-header-display":"","site-post-title":"","ast-breadcrumbs-content":"","ast-featured-img":"","footer-sml-layout":"","theme-transparent-header-meta":"default","adv-header-id-meta":"","stick-header-meta":"","header-above-stick-meta":"","header-main-stick-meta":"","header-below-stick-meta":"","astra-migrate-meta-layouts":"set","ast-page-background-enabled":"default","ast-page-background-meta":{"desktop":{"background-color":"var(--ast-global-color-4)","background-image":"","background-repeat":"repeat","background-position":"center center","background-size":"auto","background-attachment":"scroll","background-type":"","background-media":"","overlay-type":"","overlay-color":"","overlay-opacity":"","overlay-gradient":""},"tablet":{"background-color":"","background-image":"","background-repeat":"repeat","background-position":"center center","background-size":"auto","background-attachment":"scroll","background-type":"","background-media":"","overlay-type":"","overlay-color":"","overlay-opacity":"","overlay-gradient":""},"mobile":{"background-color":"","background-image":"","background-repeat":"repeat","background-position":"center center","background-size":"auto","background-attachment":"scroll","background-type":"","background-media":"","overlay-type":"","overlay-color":"","overlay-opacity":"","overlay-gradient":""}},"ast-content-background-meta":{"desktop":{"background-color":"var(--ast-global-color-5)","background-image":"","background-repeat":"repeat","background-position":"center center","background-size":"auto","background-attachment":"scroll","background-type":"","background-media":"","overlay-type":"","overlay-color":"","overlay-opacity":"","overlay-gradient":""},"tablet":{"background-color":"var(--ast-global-color-5)","background-image":"","background-repeat":"repeat","background-position":"center center","background-size":"auto","background-attachment":"scroll","background-type":"","background-media":"","overlay-type":"","overlay-color":"","overlay-opacity":"","overlay-gradient":""},"mobile":{"background-color":"var(--ast-global-color-5)","background-image":"","background-repeat":"repeat","background-position":"center center","background-size":"auto","background-attachment":"scroll","background-type":"","background-media":"","overlay-type":"","overlay-color":"","overlay-opacity":"","overlay-gradient":""}},"repeater_packs":""},"product_brand":[],"product_cat":[69,66,73],"product_tag":[36,35],"class_list":{"0":"post-4237","1":"product","2":"type-product","3":"status-publish","4":"has-post-thumbnail","6":"product_cat-accommodation-fr","7":"product_cat-hen-fr-2","8":"product_cat-stag-fr","9":"product_tag-hen","10":"product_tag-stag","11":"desktop-align-left","12":"tablet-align-left","13":"mobile-align-left","15":"first","16":"instock","17":"shipping-taxable","18":"product-type-simple"},"yoast_head":"<!-- This site is optimized with the Yoast SEO plugin v26.8 - https:\/\/yoast.com\/product\/yoast-seo-wordpress\/ -->\n<title>H\u00d4TEL 3* \u00c0 BARCELONE - R\u00e9servez votre s\u00e9jour d\u00e8s maintenant<\/title>\n<meta name=\"description\" content=\"Maintenant que\u00a0vos vols sont r\u00e9serv\u00e9s et vos excursions ont \u00e9t\u00e9 organis\u00e9es\u2026, il vous suffit de trouver votre h\u00e9bergement \u00e0 Barcelone. Ne craignez rien, \u00e7a D\u00e9couvrez notre h\u00f4tel 3 \u00e9toiles id\u00e9alement situ\u00e9 pour un s\u00e9jour inoubliable \u00e0 prix abordable. R\u00e9servez d\u00e8s maintenant!\" \/>\n<meta name=\"robots\" content=\"index, follow, max-snippet:-1, max-image-preview:large, max-video-preview:-1\" \/>\n<link rel=\"canonical\" href=\"https:\/\/spanishbreak.com\/product\/hotel-3\/\" \/>\n<meta property=\"og:locale\" content=\"fr_FR\" \/>\n<meta property=\"og:type\" content=\"article\" \/>\n<meta property=\"og:title\" content=\"H\u00d4TEL 3* \u00c0 BARCELONE - R\u00e9servez votre s\u00e9jour d\u00e8s maintenant\" \/>\n<meta property=\"og:description\" content=\"Maintenant que\u00a0vos vols sont r\u00e9serv\u00e9s et vos excursions ont \u00e9t\u00e9 organis\u00e9es\u2026, il vous suffit de trouver votre h\u00e9bergement \u00e0 Barcelone. Ne craignez rien, \u00e7a D\u00e9couvrez notre h\u00f4tel 3 \u00e9toiles id\u00e9alement situ\u00e9 pour un s\u00e9jour inoubliable \u00e0 prix abordable. R\u00e9servez d\u00e8s maintenant!\" \/>\n<meta property=\"og:url\" content=\"https:\/\/spanishbreak.com\/product\/hotel-3\/\" \/>\n<meta property=\"og:site_name\" content=\"Spanishbreak\" \/>\n<meta property=\"article:publisher\" content=\"https:\/\/www.facebook.com\/spanishbreak\" \/>\n<meta property=\"article:modified_time\" content=\"2024-07-25T09:50:22+00:00\" \/>\n<meta property=\"og:image\" content=\"https:\/\/spanishbreak.com\/wp-content\/uploads\/2022\/09\/Hotel-3-.png\" \/>\n\t<meta property=\"og:image:width\" content=\"768\" \/>\n\t<meta property=\"og:image:height\" content=\"512\" \/>\n\t<meta property=\"og:image:type\" content=\"image\/png\" \/>\n<meta name=\"twitter:card\" content=\"summary_large_image\" \/>\n<meta name=\"twitter:label1\" content=\"Dur\u00e9e de lecture estim\u00e9e\" \/>\n\t<meta name=\"twitter:data1\" content=\"1 minute\" \/>\n<script type=\"application\/ld+json\" class=\"yoast-schema-graph\">{\"@context\":\"https:\/\/schema.org\",\"@graph\":[{\"@type\":[\"WebPage\",\"ItemPage\"],\"@id\":\"https:\/\/spanishbreak.com\/product\/hotel-3\/\",\"url\":\"https:\/\/spanishbreak.com\/product\/hotel-3\/\",\"name\":\"H\u00d4TEL 3* \u00c0 BARCELONE - R\u00e9servez votre s\u00e9jour d\u00e8s maintenant\",\"isPartOf\":{\"@id\":\"https:\/\/spanishbreak.com\/#website\"},\"primaryImageOfPage\":{\"@id\":\"https:\/\/spanishbreak.com\/product\/hotel-3\/#primaryimage\"},\"image\":{\"@id\":\"https:\/\/spanishbreak.com\/product\/hotel-3\/#primaryimage\"},\"thumbnailUrl\":\"https:\/\/spanishbreak.com\/wp-content\/uploads\/2022\/09\/Hotel-3-.png\",\"datePublished\":\"2022-10-17T13:21:34+00:00\",\"dateModified\":\"2024-07-25T09:50:22+00:00\",\"description\":\"Maintenant que\u00a0vos vols sont r\u00e9serv\u00e9s et vos excursions ont \u00e9t\u00e9 organis\u00e9es\u2026, il vous suffit de trouver votre h\u00e9bergement \u00e0 Barcelone. Ne craignez rien, \u00e7a D\u00e9couvrez notre h\u00f4tel 3 \u00e9toiles id\u00e9alement situ\u00e9 pour un s\u00e9jour inoubliable \u00e0 prix abordable. R\u00e9servez d\u00e8s maintenant!\",\"breadcrumb\":{\"@id\":\"https:\/\/spanishbreak.com\/product\/hotel-3\/#breadcrumb\"},\"inLanguage\":\"fr-FR\",\"potentialAction\":[{\"@type\":\"ReadAction\",\"target\":[\"https:\/\/spanishbreak.com\/product\/hotel-3\/\"]}]},{\"@type\":\"ImageObject\",\"inLanguage\":\"fr-FR\",\"@id\":\"https:\/\/spanishbreak.com\/product\/hotel-3\/#primaryimage\",\"url\":\"https:\/\/spanishbreak.com\/wp-content\/uploads\/2022\/09\/Hotel-3-.png\",\"contentUrl\":\"https:\/\/spanishbreak.com\/wp-content\/uploads\/2022\/09\/Hotel-3-.png\",\"width\":768,\"height\":512},{\"@type\":\"BreadcrumbList\",\"@id\":\"https:\/\/spanishbreak.com\/product\/hotel-3\/#breadcrumb\",\"itemListElement\":[{\"@type\":\"ListItem\",\"position\":1,\"name\":\"Home\",\"item\":\"https:\/\/spanishbreak.com\/\"},{\"@type\":\"ListItem\",\"position\":2,\"name\":\"Boutique\",\"item\":\"https:\/\/spanishbreak.com\/boutique\/?lang=fr\"},{\"@type\":\"ListItem\",\"position\":3,\"name\":\"H\u00d4TEL 3* \u00c0 BARCELONE\"}]},{\"@type\":\"WebSite\",\"@id\":\"https:\/\/spanishbreak.com\/#website\",\"url\":\"https:\/\/spanishbreak.com\/\",\"name\":\"Spanish Break\",\"description\":\"Otro sitio realizado con WordPress\",\"publisher\":{\"@id\":\"https:\/\/spanishbreak.com\/#organization\"},\"potentialAction\":[{\"@type\":\"SearchAction\",\"target\":{\"@type\":\"EntryPoint\",\"urlTemplate\":\"https:\/\/spanishbreak.com\/?s={search_term_string}\"},\"query-input\":{\"@type\":\"PropertyValueSpecification\",\"valueRequired\":true,\"valueName\":\"search_term_string\"}}],\"inLanguage\":\"fr-FR\"},{\"@type\":\"Organization\",\"@id\":\"https:\/\/spanishbreak.com\/#organization\",\"name\":\"Spanish Break\",\"url\":\"https:\/\/spanishbreak.com\/\",\"logo\":{\"@type\":\"ImageObject\",\"inLanguage\":\"fr-FR\",\"@id\":\"https:\/\/spanishbreak.com\/#\/schema\/logo\/image\/\",\"url\":\"https:\/\/spanishbreak.com\/wp-content\/uploads\/2024\/03\/logo-spanish-break.png\",\"contentUrl\":\"https:\/\/spanishbreak.com\/wp-content\/uploads\/2024\/03\/logo-spanish-break.png\",\"width\":323,\"height\":37,\"caption\":\"Spanish Break\"},\"image\":{\"@id\":\"https:\/\/spanishbreak.com\/#\/schema\/logo\/image\/\"},\"sameAs\":[\"https:\/\/www.facebook.com\/spanishbreak\",\"https:\/\/www.instagram.com\/spanishbreakbcn\/\"]}]}<\/script>\n<!-- \/ Yoast SEO plugin. -->","yoast_head_json":{"title":"H\u00d4TEL 3* \u00c0 BARCELONE - R\u00e9servez votre s\u00e9jour d\u00e8s maintenant","description":"Maintenant que\u00a0vos vols sont r\u00e9serv\u00e9s et vos excursions ont \u00e9t\u00e9 organis\u00e9es\u2026, il vous suffit de trouver votre h\u00e9bergement \u00e0 Barcelone. Ne craignez rien, \u00e7a D\u00e9couvrez notre h\u00f4tel 3 \u00e9toiles id\u00e9alement situ\u00e9 pour un s\u00e9jour inoubliable \u00e0 prix abordable. R\u00e9servez d\u00e8s maintenant!","robots":{"index":"index","follow":"follow","max-snippet":"max-snippet:-1","max-image-preview":"max-image-preview:large","max-video-preview":"max-video-preview:-1"},"canonical":"https:\/\/spanishbreak.com\/product\/hotel-3\/","og_locale":"fr_FR","og_type":"article","og_title":"H\u00d4TEL 3* \u00c0 BARCELONE - R\u00e9servez votre s\u00e9jour d\u00e8s maintenant","og_description":"Maintenant que\u00a0vos vols sont r\u00e9serv\u00e9s et vos excursions ont \u00e9t\u00e9 organis\u00e9es\u2026, il vous suffit de trouver votre h\u00e9bergement \u00e0 Barcelone. Ne craignez rien, \u00e7a D\u00e9couvrez notre h\u00f4tel 3 \u00e9toiles id\u00e9alement situ\u00e9 pour un s\u00e9jour inoubliable \u00e0 prix abordable. R\u00e9servez d\u00e8s maintenant!","og_url":"https:\/\/spanishbreak.com\/product\/hotel-3\/","og_site_name":"Spanishbreak","article_publisher":"https:\/\/www.facebook.com\/spanishbreak","article_modified_time":"2024-07-25T09:50:22+00:00","og_image":[{"width":768,"height":512,"url":"https:\/\/spanishbreak.com\/wp-content\/uploads\/2022\/09\/Hotel-3-.png","type":"image\/png"}],"twitter_card":"summary_large_image","twitter_misc":{"Dur\u00e9e de lecture estim\u00e9e":"1 minute"},"schema":{"@context":"https:\/\/schema.org","@graph":[{"@type":["WebPage","ItemPage"],"@id":"https:\/\/spanishbreak.com\/product\/hotel-3\/","url":"https:\/\/spanishbreak.com\/product\/hotel-3\/","name":"H\u00d4TEL 3* \u00c0 BARCELONE - R\u00e9servez votre s\u00e9jour d\u00e8s maintenant","isPartOf":{"@id":"https:\/\/spanishbreak.com\/#website"},"primaryImageOfPage":{"@id":"https:\/\/spanishbreak.com\/product\/hotel-3\/#primaryimage"},"image":{"@id":"https:\/\/spanishbreak.com\/product\/hotel-3\/#primaryimage"},"thumbnailUrl":"https:\/\/spanishbreak.com\/wp-content\/uploads\/2022\/09\/Hotel-3-.png","datePublished":"2022-10-17T13:21:34+00:00","dateModified":"2024-07-25T09:50:22+00:00","description":"Maintenant que\u00a0vos vols sont r\u00e9serv\u00e9s et vos excursions ont \u00e9t\u00e9 organis\u00e9es\u2026, il vous suffit de trouver votre h\u00e9bergement \u00e0 Barcelone. Ne craignez rien, \u00e7a D\u00e9couvrez notre h\u00f4tel 3 \u00e9toiles id\u00e9alement situ\u00e9 pour un s\u00e9jour inoubliable \u00e0 prix abordable. R\u00e9servez d\u00e8s maintenant!","breadcrumb":{"@id":"https:\/\/spanishbreak.com\/product\/hotel-3\/#breadcrumb"},"inLanguage":"fr-FR","potentialAction":[{"@type":"ReadAction","target":["https:\/\/spanishbreak.com\/product\/hotel-3\/"]}]},{"@type":"ImageObject","inLanguage":"fr-FR","@id":"https:\/\/spanishbreak.com\/product\/hotel-3\/#primaryimage","url":"https:\/\/spanishbreak.com\/wp-content\/uploads\/2022\/09\/Hotel-3-.png","contentUrl":"https:\/\/spanishbreak.com\/wp-content\/uploads\/2022\/09\/Hotel-3-.png","width":768,"height":512},{"@type":"BreadcrumbList","@id":"https:\/\/spanishbreak.com\/product\/hotel-3\/#breadcrumb","itemListElement":[{"@type":"ListItem","position":1,"name":"Home","item":"https:\/\/spanishbreak.com\/"},{"@type":"ListItem","position":2,"name":"Boutique","item":"https:\/\/spanishbreak.com\/boutique\/?lang=fr"},{"@type":"ListItem","position":3,"name":"H\u00d4TEL 3* \u00c0 BARCELONE"}]},{"@type":"WebSite","@id":"https:\/\/spanishbreak.com\/#website","url":"https:\/\/spanishbreak.com\/","name":"Spanish Break","description":"Otro sitio realizado con WordPress","publisher":{"@id":"https:\/\/spanishbreak.com\/#organization"},"potentialAction":[{"@type":"SearchAction","target":{"@type":"EntryPoint","urlTemplate":"https:\/\/spanishbreak.com\/?s={search_term_string}"},"query-input":{"@type":"PropertyValueSpecification","valueRequired":true,"valueName":"search_term_string"}}],"inLanguage":"fr-FR"},{"@type":"Organization","@id":"https:\/\/spanishbreak.com\/#organization","name":"Spanish Break","url":"https:\/\/spanishbreak.com\/","logo":{"@type":"ImageObject","inLanguage":"fr-FR","@id":"https:\/\/spanishbreak.com\/#\/schema\/logo\/image\/","url":"https:\/\/spanishbreak.com\/wp-content\/uploads\/2024\/03\/logo-spanish-break.png","contentUrl":"https:\/\/spanishbreak.com\/wp-content\/uploads\/2024\/03\/logo-spanish-break.png","width":323,"height":37,"caption":"Spanish Break"},"image":{"@id":"https:\/\/spanishbreak.com\/#\/schema\/logo\/image\/"},"sameAs":["https:\/\/www.facebook.com\/spanishbreak","https:\/\/www.instagram.com\/spanishbreakbcn\/"]}]}},"_links":{"self":[{"href":"https:\/\/spanishbreak.com\/fr\/wp-json\/wp\/v2\/product\/4237","targetHints":{"allow":["GET"]}}],"collection":[{"href":"https:\/\/spanishbreak.com\/fr\/wp-json\/wp\/v2\/product"}],"about":[{"href":"https:\/\/spanishbreak.com\/fr\/wp-json\/wp\/v2\/types\/product"}],"replies":[{"embeddable":true,"href":"https:\/\/spanishbreak.com\/fr\/wp-json\/wp\/v2\/comments?post=4237"}],"wp:featuredmedia":[{"embeddable":true,"href":"https:\/\/spanishbreak.com\/fr\/wp-json\/wp\/v2\/media\/2905"}],"wp:attachment":[{"href":"https:\/\/spanishbreak.com\/fr\/wp-json\/wp\/v2\/media?parent=4237"}],"wp:term":[{"taxonomy":"product_brand","embeddable":true,"href":"https:\/\/spanishbreak.com\/fr\/wp-json\/wp\/v2\/product_brand?post=4237"},{"taxonomy":"product_cat","embeddable":true,"href":"https:\/\/spanishbreak.com\/fr\/wp-json\/wp\/v2\/product_cat?post=4237"},{"taxonomy":"product_tag","embeddable":true,"href":"https:\/\/spanishbreak.com\/fr\/wp-json\/wp\/v2\/product_tag?post=4237"}],"curies":[{"name":"wp","href":"https:\/\/api.w.org\/{rel}","templated":true}]}}