{"id":4239,"date":"2022-10-17T11:59:57","date_gmt":"2022-10-17T11:59:57","guid":{"rendered":"https:\/\/spanishbreak.com\/producto\/low-cost-accomodation\/"},"modified":"2025-02-03T15:47:36","modified_gmt":"2025-02-03T15:47:36","slug":"low-cost-accomodation","status":"publish","type":"product","link":"https:\/\/spanishbreak.com\/fr\/product\/low-cost-accomodation\/","title":{"rendered":"AUBERGE LOW-COST \u00c0 BARCELONE"},"content":{"rendered":"<p>Maintenant que vos vols sont r\u00e9serv\u00e9s et vos excursions ont \u00e9t\u00e9 organis\u00e9es\u2026, il vous suffit de trouver votre <strong>auberge \u00e0 Barcelone<\/strong>. Ne craignez rien, \u00e7a nous conna\u00eet\u00a0!<\/p>\n<p>Nous avons des contacts avec un vaste r\u00e9seau d\u2019h\u00e9bergements bon march\u00e9 \u00e0 Barcelone, donc vous pouvez \u00eatre s\u00fbrs de trouver exactement ce que vous recherchez. Comme c\u2019est une ville dynamique et f\u00eatarde, vous aurez des options sans pr\u00e9c\u00e9dent en ce qui concerne le choix de votre h\u00e9bergement.<\/p>\n<p>Notre vaste reseau d&rsquo;auberges satisfera tous les crit\u00e8res que vous cherchez :<\/p>\n<ul>\n<li>Plusieurs lits dans chaque chambre<\/li>\n<li>Salle de bain commune<\/li>\n<li>Centre ville<\/li>\n<li>Acc\u00e8s wifi illimit\u00e9<\/li>\n<li>Proche des r\u00e9seaux de m\u00e9tro et de bus<\/li>\n<\/ul>\n","protected":false},"excerpt":{"rendered":"<p>Maintenant que vos vols sont r\u00e9serv\u00e9s et vos excursions ont \u00e9t\u00e9 organis\u00e9es\u2026, il vous suffit de trouver votre auberge \u00e0 Barcelone. Ne craignez rien, \u00e7a nous conna\u00eet\u00a0! Nous avons des contacts avec un vaste r\u00e9seau d\u2019h\u00e9bergements bon march\u00e9 \u00e0 Barcelone, donc vous pouvez \u00eatre s\u00fbrs de trouver exactement ce que vous recherchez. Comme c\u2019est une [&hellip;]<\/p>\n","protected":false},"featured_media":3044,"comment_status":"closed","ping_status":"closed","template":"","meta":{"site-sidebar-layout":"default","site-content-layout":"default","ast-site-content-layout":"default","site-content-style":"default","site-sidebar-style":"default","ast-global-header-display":"","ast-banner-title-visibility":"","ast-main-header-display":"","ast-hfb-above-header-display":"","ast-hfb-below-header-display":"","ast-hfb-mobile-header-display":"","site-post-title":"","ast-breadcrumbs-content":"","ast-featured-img":"","footer-sml-layout":"","theme-transparent-header-meta":"default","adv-header-id-meta":"","stick-header-meta":"","header-above-stick-meta":"","header-main-stick-meta":"","header-below-stick-meta":"","astra-migrate-meta-layouts":"set","ast-page-background-enabled":"default","ast-page-background-meta":{"desktop":{"background-color":"var(--ast-global-color-4)","background-image":"","background-repeat":"repeat","background-position":"center center","background-size":"auto","background-attachment":"scroll","background-type":"","background-media":"","overlay-type":"","overlay-color":"","overlay-opacity":"","overlay-gradient":""},"tablet":{"background-color":"","background-image":"","background-repeat":"repeat","background-position":"center center","background-size":"auto","background-attachment":"scroll","background-type":"","background-media":"","overlay-type":"","overlay-color":"","overlay-opacity":"","overlay-gradient":""},"mobile":{"background-color":"","background-image":"","background-repeat":"repeat","background-position":"center center","background-size":"auto","background-attachment":"scroll","background-type":"","background-media":"","overlay-type":"","overlay-color":"","overlay-opacity":"","overlay-gradient":""}},"ast-content-background-meta":{"desktop":{"background-color":"var(--ast-global-color-5)","background-image":"","background-repeat":"repeat","background-position":"center center","background-size":"auto","background-attachment":"scroll","background-type":"","background-media":"","overlay-type":"","overlay-color":"","overlay-opacity":"","overlay-gradient":""},"tablet":{"background-color":"var(--ast-global-color-5)","background-image":"","background-repeat":"repeat","background-position":"center center","background-size":"auto","background-attachment":"scroll","background-type":"","background-media":"","overlay-type":"","overlay-color":"","overlay-opacity":"","overlay-gradient":""},"mobile":{"background-color":"var(--ast-global-color-5)","background-image":"","background-repeat":"repeat","background-position":"center center","background-size":"auto","background-attachment":"scroll","background-type":"","background-media":"","overlay-type":"","overlay-color":"","overlay-opacity":"","overlay-gradient":""}},"repeater_packs":""},"product_brand":[],"product_cat":[69,66,73],"product_tag":[36,35],"class_list":{"0":"post-4239","1":"product","2":"type-product","3":"status-publish","4":"has-post-thumbnail","6":"product_cat-accommodation-fr","7":"product_cat-hen-fr-2","8":"product_cat-stag-fr","9":"product_tag-hen","10":"product_tag-stag","11":"desktop-align-left","12":"tablet-align-left","13":"mobile-align-left","15":"first","16":"instock","17":"shipping-taxable","18":"product-type-simple"},"yoast_head":"<!-- This site is optimized with the Yoast SEO plugin v26.8 - https:\/\/yoast.com\/product\/yoast-seo-wordpress\/ -->\n<title>AUBERGE LOW-COST \u00e0 Barcelone - R\u00e9servez d\u00e8s maintenant!<\/title>\n<meta name=\"description\" content=\"Maintenant que vos vols sont r\u00e9serv\u00e9s et vos excursions ont \u00e9t\u00e9 organis\u00e9es\u2026, il vous suffit de trouver votre auberge \u00e0 Barcelone. Ne craignez rien, \u00e7a\" \/>\n<meta name=\"robots\" content=\"index, follow, max-snippet:-1, max-image-preview:large, max-video-preview:-1\" \/>\n<link rel=\"canonical\" href=\"https:\/\/spanishbreak.com\/fr\/product\/low-cost-accomodation\/\" \/>\n<meta property=\"og:locale\" content=\"fr_FR\" \/>\n<meta property=\"og:type\" content=\"article\" \/>\n<meta property=\"og:title\" content=\"AUBERGE LOW-COST \u00e0 Barcelone - R\u00e9servez d\u00e8s maintenant!\" \/>\n<meta property=\"og:description\" content=\"Maintenant que vos vols sont r\u00e9serv\u00e9s et vos excursions ont \u00e9t\u00e9 organis\u00e9es\u2026, il vous suffit de trouver votre auberge \u00e0 Barcelone. Ne craignez rien, \u00e7a\" \/>\n<meta property=\"og:url\" content=\"https:\/\/spanishbreak.com\/fr\/product\/low-cost-accomodation\/\" \/>\n<meta property=\"og:site_name\" content=\"Spanishbreak\" \/>\n<meta property=\"article:publisher\" content=\"https:\/\/www.facebook.com\/spanishbreak\" \/>\n<meta property=\"article:modified_time\" content=\"2025-02-03T15:47:36+00:00\" \/>\n<meta property=\"og:image\" content=\"https:\/\/spanishbreak.com\/wp-content\/uploads\/2022\/10\/Hostal-.png\" \/>\n\t<meta property=\"og:image:width\" content=\"768\" \/>\n\t<meta property=\"og:image:height\" content=\"512\" \/>\n\t<meta property=\"og:image:type\" content=\"image\/png\" \/>\n<meta name=\"twitter:card\" content=\"summary_large_image\" \/>\n<meta name=\"twitter:label1\" content=\"Dur\u00e9e de lecture estim\u00e9e\" \/>\n\t<meta name=\"twitter:data1\" content=\"1 minute\" \/>\n<script type=\"application\/ld+json\" class=\"yoast-schema-graph\">{\"@context\":\"https:\/\/schema.org\",\"@graph\":[{\"@type\":[\"WebPage\",\"ItemPage\"],\"@id\":\"https:\/\/spanishbreak.com\/fr\/product\/low-cost-accomodation\/\",\"url\":\"https:\/\/spanishbreak.com\/fr\/product\/low-cost-accomodation\/\",\"name\":\"AUBERGE LOW-COST \u00e0 Barcelone - R\u00e9servez d\u00e8s maintenant!\",\"isPartOf\":{\"@id\":\"https:\/\/spanishbreak.com\/#website\"},\"primaryImageOfPage\":{\"@id\":\"https:\/\/spanishbreak.com\/fr\/product\/low-cost-accomodation\/#primaryimage\"},\"image\":{\"@id\":\"https:\/\/spanishbreak.com\/fr\/product\/low-cost-accomodation\/#primaryimage\"},\"thumbnailUrl\":\"https:\/\/spanishbreak.com\/wp-content\/uploads\/2022\/10\/Hostal-.png\",\"datePublished\":\"2022-10-17T11:59:57+00:00\",\"dateModified\":\"2025-02-03T15:47:36+00:00\",\"description\":\"Maintenant que vos vols sont r\u00e9serv\u00e9s et vos excursions ont \u00e9t\u00e9 organis\u00e9es\u2026, il vous suffit de trouver votre auberge \u00e0 Barcelone. Ne craignez rien, \u00e7a\",\"breadcrumb\":{\"@id\":\"https:\/\/spanishbreak.com\/fr\/product\/low-cost-accomodation\/#breadcrumb\"},\"inLanguage\":\"fr-FR\",\"potentialAction\":[{\"@type\":\"ReadAction\",\"target\":[\"https:\/\/spanishbreak.com\/fr\/product\/low-cost-accomodation\/\"]}]},{\"@type\":\"ImageObject\",\"inLanguage\":\"fr-FR\",\"@id\":\"https:\/\/spanishbreak.com\/fr\/product\/low-cost-accomodation\/#primaryimage\",\"url\":\"https:\/\/spanishbreak.com\/wp-content\/uploads\/2022\/10\/Hostal-.png\",\"contentUrl\":\"https:\/\/spanishbreak.com\/wp-content\/uploads\/2022\/10\/Hostal-.png\",\"width\":768,\"height\":512},{\"@type\":\"BreadcrumbList\",\"@id\":\"https:\/\/spanishbreak.com\/fr\/product\/low-cost-accomodation\/#breadcrumb\",\"itemListElement\":[{\"@type\":\"ListItem\",\"position\":1,\"name\":\"Home\",\"item\":\"https:\/\/spanishbreak.com\/\"},{\"@type\":\"ListItem\",\"position\":2,\"name\":\"Boutique\",\"item\":\"https:\/\/spanishbreak.com\/boutique\/?lang=fr\"},{\"@type\":\"ListItem\",\"position\":3,\"name\":\"AUBERGE LOW-COST \u00c0 BARCELONE\"}]},{\"@type\":\"WebSite\",\"@id\":\"https:\/\/spanishbreak.com\/#website\",\"url\":\"https:\/\/spanishbreak.com\/\",\"name\":\"Spanish Break\",\"description\":\"Otro sitio realizado con WordPress\",\"publisher\":{\"@id\":\"https:\/\/spanishbreak.com\/#organization\"},\"potentialAction\":[{\"@type\":\"SearchAction\",\"target\":{\"@type\":\"EntryPoint\",\"urlTemplate\":\"https:\/\/spanishbreak.com\/?s={search_term_string}\"},\"query-input\":{\"@type\":\"PropertyValueSpecification\",\"valueRequired\":true,\"valueName\":\"search_term_string\"}}],\"inLanguage\":\"fr-FR\"},{\"@type\":\"Organization\",\"@id\":\"https:\/\/spanishbreak.com\/#organization\",\"name\":\"Spanish Break\",\"url\":\"https:\/\/spanishbreak.com\/\",\"logo\":{\"@type\":\"ImageObject\",\"inLanguage\":\"fr-FR\",\"@id\":\"https:\/\/spanishbreak.com\/#\/schema\/logo\/image\/\",\"url\":\"https:\/\/spanishbreak.com\/wp-content\/uploads\/2024\/03\/logo-spanish-break.png\",\"contentUrl\":\"https:\/\/spanishbreak.com\/wp-content\/uploads\/2024\/03\/logo-spanish-break.png\",\"width\":323,\"height\":37,\"caption\":\"Spanish Break\"},\"image\":{\"@id\":\"https:\/\/spanishbreak.com\/#\/schema\/logo\/image\/\"},\"sameAs\":[\"https:\/\/www.facebook.com\/spanishbreak\",\"https:\/\/www.instagram.com\/spanishbreakbcn\/\"]}]}<\/script>\n<!-- \/ Yoast SEO plugin. -->","yoast_head_json":{"title":"AUBERGE LOW-COST \u00e0 Barcelone - R\u00e9servez d\u00e8s maintenant!","description":"Maintenant que vos vols sont r\u00e9serv\u00e9s et vos excursions ont \u00e9t\u00e9 organis\u00e9es\u2026, il vous suffit de trouver votre auberge \u00e0 Barcelone. Ne craignez rien, \u00e7a","robots":{"index":"index","follow":"follow","max-snippet":"max-snippet:-1","max-image-preview":"max-image-preview:large","max-video-preview":"max-video-preview:-1"},"canonical":"https:\/\/spanishbreak.com\/fr\/product\/low-cost-accomodation\/","og_locale":"fr_FR","og_type":"article","og_title":"AUBERGE LOW-COST \u00e0 Barcelone - R\u00e9servez d\u00e8s maintenant!","og_description":"Maintenant que vos vols sont r\u00e9serv\u00e9s et vos excursions ont \u00e9t\u00e9 organis\u00e9es\u2026, il vous suffit de trouver votre auberge \u00e0 Barcelone. Ne craignez rien, \u00e7a","og_url":"https:\/\/spanishbreak.com\/fr\/product\/low-cost-accomodation\/","og_site_name":"Spanishbreak","article_publisher":"https:\/\/www.facebook.com\/spanishbreak","article_modified_time":"2025-02-03T15:47:36+00:00","og_image":[{"width":768,"height":512,"url":"https:\/\/spanishbreak.com\/wp-content\/uploads\/2022\/10\/Hostal-.png","type":"image\/png"}],"twitter_card":"summary_large_image","twitter_misc":{"Dur\u00e9e de lecture estim\u00e9e":"1 minute"},"schema":{"@context":"https:\/\/schema.org","@graph":[{"@type":["WebPage","ItemPage"],"@id":"https:\/\/spanishbreak.com\/fr\/product\/low-cost-accomodation\/","url":"https:\/\/spanishbreak.com\/fr\/product\/low-cost-accomodation\/","name":"AUBERGE LOW-COST \u00e0 Barcelone - R\u00e9servez d\u00e8s maintenant!","isPartOf":{"@id":"https:\/\/spanishbreak.com\/#website"},"primaryImageOfPage":{"@id":"https:\/\/spanishbreak.com\/fr\/product\/low-cost-accomodation\/#primaryimage"},"image":{"@id":"https:\/\/spanishbreak.com\/fr\/product\/low-cost-accomodation\/#primaryimage"},"thumbnailUrl":"https:\/\/spanishbreak.com\/wp-content\/uploads\/2022\/10\/Hostal-.png","datePublished":"2022-10-17T11:59:57+00:00","dateModified":"2025-02-03T15:47:36+00:00","description":"Maintenant que vos vols sont r\u00e9serv\u00e9s et vos excursions ont \u00e9t\u00e9 organis\u00e9es\u2026, il vous suffit de trouver votre auberge \u00e0 Barcelone. Ne craignez rien, \u00e7a","breadcrumb":{"@id":"https:\/\/spanishbreak.com\/fr\/product\/low-cost-accomodation\/#breadcrumb"},"inLanguage":"fr-FR","potentialAction":[{"@type":"ReadAction","target":["https:\/\/spanishbreak.com\/fr\/product\/low-cost-accomodation\/"]}]},{"@type":"ImageObject","inLanguage":"fr-FR","@id":"https:\/\/spanishbreak.com\/fr\/product\/low-cost-accomodation\/#primaryimage","url":"https:\/\/spanishbreak.com\/wp-content\/uploads\/2022\/10\/Hostal-.png","contentUrl":"https:\/\/spanishbreak.com\/wp-content\/uploads\/2022\/10\/Hostal-.png","width":768,"height":512},{"@type":"BreadcrumbList","@id":"https:\/\/spanishbreak.com\/fr\/product\/low-cost-accomodation\/#breadcrumb","itemListElement":[{"@type":"ListItem","position":1,"name":"Home","item":"https:\/\/spanishbreak.com\/"},{"@type":"ListItem","position":2,"name":"Boutique","item":"https:\/\/spanishbreak.com\/boutique\/?lang=fr"},{"@type":"ListItem","position":3,"name":"AUBERGE LOW-COST \u00c0 BARCELONE"}]},{"@type":"WebSite","@id":"https:\/\/spanishbreak.com\/#website","url":"https:\/\/spanishbreak.com\/","name":"Spanish Break","description":"Otro sitio realizado con WordPress","publisher":{"@id":"https:\/\/spanishbreak.com\/#organization"},"potentialAction":[{"@type":"SearchAction","target":{"@type":"EntryPoint","urlTemplate":"https:\/\/spanishbreak.com\/?s={search_term_string}"},"query-input":{"@type":"PropertyValueSpecification","valueRequired":true,"valueName":"search_term_string"}}],"inLanguage":"fr-FR"},{"@type":"Organization","@id":"https:\/\/spanishbreak.com\/#organization","name":"Spanish Break","url":"https:\/\/spanishbreak.com\/","logo":{"@type":"ImageObject","inLanguage":"fr-FR","@id":"https:\/\/spanishbreak.com\/#\/schema\/logo\/image\/","url":"https:\/\/spanishbreak.com\/wp-content\/uploads\/2024\/03\/logo-spanish-break.png","contentUrl":"https:\/\/spanishbreak.com\/wp-content\/uploads\/2024\/03\/logo-spanish-break.png","width":323,"height":37,"caption":"Spanish Break"},"image":{"@id":"https:\/\/spanishbreak.com\/#\/schema\/logo\/image\/"},"sameAs":["https:\/\/www.facebook.com\/spanishbreak","https:\/\/www.instagram.com\/spanishbreakbcn\/"]}]}},"_links":{"self":[{"href":"https:\/\/spanishbreak.com\/fr\/wp-json\/wp\/v2\/product\/4239","targetHints":{"allow":["GET"]}}],"collection":[{"href":"https:\/\/spanishbreak.com\/fr\/wp-json\/wp\/v2\/product"}],"about":[{"href":"https:\/\/spanishbreak.com\/fr\/wp-json\/wp\/v2\/types\/product"}],"replies":[{"embeddable":true,"href":"https:\/\/spanishbreak.com\/fr\/wp-json\/wp\/v2\/comments?post=4239"}],"wp:featuredmedia":[{"embeddable":true,"href":"https:\/\/spanishbreak.com\/fr\/wp-json\/wp\/v2\/media\/3044"}],"wp:attachment":[{"href":"https:\/\/spanishbreak.com\/fr\/wp-json\/wp\/v2\/media?parent=4239"}],"wp:term":[{"taxonomy":"product_brand","embeddable":true,"href":"https:\/\/spanishbreak.com\/fr\/wp-json\/wp\/v2\/product_brand?post=4239"},{"taxonomy":"product_cat","embeddable":true,"href":"https:\/\/spanishbreak.com\/fr\/wp-json\/wp\/v2\/product_cat?post=4239"},{"taxonomy":"product_tag","embeddable":true,"href":"https:\/\/spanishbreak.com\/fr\/wp-json\/wp\/v2\/product_tag?post=4239"}],"curies":[{"name":"wp","href":"https:\/\/api.w.org\/{rel}","templated":true}]}}