{"id":4240,"date":"2022-10-17T11:51:29","date_gmt":"2022-10-17T11:51:29","guid":{"rendered":"https:\/\/spanishbreak.com\/producto\/central-apartments\/"},"modified":"2023-03-02T12:06:41","modified_gmt":"2023-03-02T12:06:41","slug":"central-apartments","status":"publish","type":"product","link":"https:\/\/spanishbreak.com\/fr\/product\/central-apartments\/","title":{"rendered":"APPARTEMENT CENTRE VILLE"},"content":{"rendered":"<p>Maintenant que vos vols sont r\u00e9serv\u00e9s et vos excursions ont \u00e9t\u00e9 organis\u00e9es\u2026, il vous suffit de trouver votre <strong>location \u00e0 court terme dans Barcelone<\/strong>. Ne craignez rien, \u00e7a nous conna\u00eet\u00a0!<\/p>\n<p>R\u00e9server un appartement \u00e0 Barcelone signifie que vous pouvez passer plus de temps avec votre groupe et de profiter d\u2019une meilleure intimit\u00e9. Notre vaste r\u00e9seau d\u2019appartements de standing situ\u00e9s dans le centre de Barcelone ravira votre groupe, et vous serez s\u00fbrs de trouver ce que vous recherchez.<\/p>\n<p>En g\u00e9n\u00e9ral, l\u2019ensemble de nos appartements au centre de Barcelone incluent tout ce dont vous aurez besoin, c&rsquo;est-\u00e0-dire :<\/p>\n<ul>\n<li>Acc\u00e8s wi-fi illimit\u00e9<\/li>\n<li>Air climatis\u00e9 pour la chaleur des mois d\u2019\u00e9t\u00e9<\/li>\n<li>Situ\u00e9 en centre-ville<\/li>\n<li>Proche des transports en commun : m\u00e9tro et bus<\/li>\n<li>Flexibilit\u00e9 pour le check-in et le check-out<\/li>\n<\/ul>\n","protected":false},"excerpt":{"rendered":"<p>Maintenant que vos vols sont r\u00e9serv\u00e9s et vos excursions ont \u00e9t\u00e9 organis\u00e9es\u2026, il vous suffit de trouver votre location \u00e0 court terme dans Barcelone. Ne craignez rien, \u00e7a nous conna\u00eet\u00a0! R\u00e9server un appartement \u00e0 Barcelone signifie que vous pouvez passer plus de temps avec votre groupe et de profiter d\u2019une meilleure intimit\u00e9. Notre vaste r\u00e9seau [&hellip;]<\/p>\n","protected":false},"featured_media":3254,"comment_status":"closed","ping_status":"closed","template":"","meta":{"site-sidebar-layout":"default","site-content-layout":"default","ast-site-content-layout":"default","site-content-style":"default","site-sidebar-style":"default","ast-global-header-display":"","ast-banner-title-visibility":"","ast-main-header-display":"","ast-hfb-above-header-display":"","ast-hfb-below-header-display":"","ast-hfb-mobile-header-display":"","site-post-title":"","ast-breadcrumbs-content":"","ast-featured-img":"","footer-sml-layout":"","theme-transparent-header-meta":"default","adv-header-id-meta":"","stick-header-meta":"","header-above-stick-meta":"","header-main-stick-meta":"","header-below-stick-meta":"","astra-migrate-meta-layouts":"default","ast-page-background-enabled":"default","ast-page-background-meta":{"desktop":{"background-color":"var(--ast-global-color-4)","background-image":"","background-repeat":"repeat","background-position":"center center","background-size":"auto","background-attachment":"scroll","background-type":"","background-media":"","overlay-type":"","overlay-color":"","overlay-opacity":"","overlay-gradient":""},"tablet":{"background-color":"","background-image":"","background-repeat":"repeat","background-position":"center center","background-size":"auto","background-attachment":"scroll","background-type":"","background-media":"","overlay-type":"","overlay-color":"","overlay-opacity":"","overlay-gradient":""},"mobile":{"background-color":"","background-image":"","background-repeat":"repeat","background-position":"center center","background-size":"auto","background-attachment":"scroll","background-type":"","background-media":"","overlay-type":"","overlay-color":"","overlay-opacity":"","overlay-gradient":""}},"ast-content-background-meta":{"desktop":{"background-color":"var(--ast-global-color-5)","background-image":"","background-repeat":"repeat","background-position":"center center","background-size":"auto","background-attachment":"scroll","background-type":"","background-media":"","overlay-type":"","overlay-color":"","overlay-opacity":"","overlay-gradient":""},"tablet":{"background-color":"var(--ast-global-color-5)","background-image":"","background-repeat":"repeat","background-position":"center center","background-size":"auto","background-attachment":"scroll","background-type":"","background-media":"","overlay-type":"","overlay-color":"","overlay-opacity":"","overlay-gradient":""},"mobile":{"background-color":"var(--ast-global-color-5)","background-image":"","background-repeat":"repeat","background-position":"center center","background-size":"auto","background-attachment":"scroll","background-type":"","background-media":"","overlay-type":"","overlay-color":"","overlay-opacity":"","overlay-gradient":""}},"repeater_packs":""},"product_brand":[],"product_cat":[69,66,73],"product_tag":[36,35],"class_list":{"0":"post-4240","1":"product","2":"type-product","3":"status-publish","4":"has-post-thumbnail","6":"product_cat-accommodation-fr","7":"product_cat-hen-fr-2","8":"product_cat-stag-fr","9":"product_tag-hen","10":"product_tag-stag","11":"desktop-align-left","12":"tablet-align-left","13":"mobile-align-left","15":"first","16":"instock","17":"shipping-taxable","18":"product-type-simple"},"yoast_head":"<!-- This site is optimized with the Yoast SEO plugin v26.8 - https:\/\/yoast.com\/product\/yoast-seo-wordpress\/ -->\n<title>Appartements pour amis dans le centre de Barcelone<\/title>\n<meta name=\"description\" content=\"Maintenant que vos vols sont r\u00e9serv\u00e9s et vos excursions ont \u00e9t\u00e9 organis\u00e9es\u2026, il vous suffit de trouver votre location \u00e0 court terme dans Barcelone. Ne\" \/>\n<meta name=\"robots\" content=\"index, follow, max-snippet:-1, max-image-preview:large, max-video-preview:-1\" \/>\n<link rel=\"canonical\" href=\"https:\/\/spanishbreak.com\/product\/central-apartments\/\" \/>\n<meta property=\"og:locale\" content=\"fr_FR\" \/>\n<meta property=\"og:type\" content=\"article\" \/>\n<meta property=\"og:title\" content=\"Appartements pour amis dans le centre de Barcelone\" \/>\n<meta property=\"og:description\" content=\"Maintenant que vos vols sont r\u00e9serv\u00e9s et vos excursions ont \u00e9t\u00e9 organis\u00e9es\u2026, il vous suffit de trouver votre location \u00e0 court terme dans Barcelone. Ne\" \/>\n<meta property=\"og:url\" content=\"https:\/\/spanishbreak.com\/product\/central-apartments\/\" \/>\n<meta property=\"og:site_name\" content=\"Spanishbreak\" \/>\n<meta property=\"article:publisher\" content=\"https:\/\/www.facebook.com\/spanishbreak\" \/>\n<meta property=\"article:modified_time\" content=\"2023-03-02T12:06:41+00:00\" \/>\n<meta property=\"og:image\" content=\"https:\/\/spanishbreak.com\/wp-content\/uploads\/2022\/10\/apart-1.jpg\" \/>\n\t<meta property=\"og:image:width\" content=\"700\" \/>\n\t<meta property=\"og:image:height\" content=\"449\" \/>\n\t<meta property=\"og:image:type\" content=\"image\/jpeg\" \/>\n<meta name=\"twitter:card\" content=\"summary_large_image\" \/>\n<meta name=\"twitter:label1\" content=\"Dur\u00e9e de lecture estim\u00e9e\" \/>\n\t<meta name=\"twitter:data1\" content=\"1 minute\" \/>\n<script type=\"application\/ld+json\" class=\"yoast-schema-graph\">{\"@context\":\"https:\/\/schema.org\",\"@graph\":[{\"@type\":[\"WebPage\",\"ItemPage\"],\"@id\":\"https:\/\/spanishbreak.com\/product\/central-apartments\/\",\"url\":\"https:\/\/spanishbreak.com\/product\/central-apartments\/\",\"name\":\"Appartements pour amis dans le centre de Barcelone\",\"isPartOf\":{\"@id\":\"https:\/\/spanishbreak.com\/#website\"},\"primaryImageOfPage\":{\"@id\":\"https:\/\/spanishbreak.com\/product\/central-apartments\/#primaryimage\"},\"image\":{\"@id\":\"https:\/\/spanishbreak.com\/product\/central-apartments\/#primaryimage\"},\"thumbnailUrl\":\"https:\/\/spanishbreak.com\/wp-content\/uploads\/2022\/10\/apart-1.jpg\",\"datePublished\":\"2022-10-17T11:51:29+00:00\",\"dateModified\":\"2023-03-02T12:06:41+00:00\",\"description\":\"Maintenant que vos vols sont r\u00e9serv\u00e9s et vos excursions ont \u00e9t\u00e9 organis\u00e9es\u2026, il vous suffit de trouver votre location \u00e0 court terme dans Barcelone. Ne\",\"breadcrumb\":{\"@id\":\"https:\/\/spanishbreak.com\/product\/central-apartments\/#breadcrumb\"},\"inLanguage\":\"fr-FR\",\"potentialAction\":[{\"@type\":\"ReadAction\",\"target\":[\"https:\/\/spanishbreak.com\/product\/central-apartments\/\"]}]},{\"@type\":\"ImageObject\",\"inLanguage\":\"fr-FR\",\"@id\":\"https:\/\/spanishbreak.com\/product\/central-apartments\/#primaryimage\",\"url\":\"https:\/\/spanishbreak.com\/wp-content\/uploads\/2022\/10\/apart-1.jpg\",\"contentUrl\":\"https:\/\/spanishbreak.com\/wp-content\/uploads\/2022\/10\/apart-1.jpg\",\"width\":700,\"height\":449},{\"@type\":\"BreadcrumbList\",\"@id\":\"https:\/\/spanishbreak.com\/product\/central-apartments\/#breadcrumb\",\"itemListElement\":[{\"@type\":\"ListItem\",\"position\":1,\"name\":\"Home\",\"item\":\"https:\/\/spanishbreak.com\/\"},{\"@type\":\"ListItem\",\"position\":2,\"name\":\"Boutique\",\"item\":\"https:\/\/spanishbreak.com\/boutique\/?lang=fr\"},{\"@type\":\"ListItem\",\"position\":3,\"name\":\"APPARTEMENT CENTRE VILLE\"}]},{\"@type\":\"WebSite\",\"@id\":\"https:\/\/spanishbreak.com\/#website\",\"url\":\"https:\/\/spanishbreak.com\/\",\"name\":\"Spanish Break\",\"description\":\"Otro sitio realizado con WordPress\",\"publisher\":{\"@id\":\"https:\/\/spanishbreak.com\/#organization\"},\"potentialAction\":[{\"@type\":\"SearchAction\",\"target\":{\"@type\":\"EntryPoint\",\"urlTemplate\":\"https:\/\/spanishbreak.com\/?s={search_term_string}\"},\"query-input\":{\"@type\":\"PropertyValueSpecification\",\"valueRequired\":true,\"valueName\":\"search_term_string\"}}],\"inLanguage\":\"fr-FR\"},{\"@type\":\"Organization\",\"@id\":\"https:\/\/spanishbreak.com\/#organization\",\"name\":\"Spanish Break\",\"url\":\"https:\/\/spanishbreak.com\/\",\"logo\":{\"@type\":\"ImageObject\",\"inLanguage\":\"fr-FR\",\"@id\":\"https:\/\/spanishbreak.com\/#\/schema\/logo\/image\/\",\"url\":\"https:\/\/spanishbreak.com\/wp-content\/uploads\/2024\/03\/logo-spanish-break.png\",\"contentUrl\":\"https:\/\/spanishbreak.com\/wp-content\/uploads\/2024\/03\/logo-spanish-break.png\",\"width\":323,\"height\":37,\"caption\":\"Spanish Break\"},\"image\":{\"@id\":\"https:\/\/spanishbreak.com\/#\/schema\/logo\/image\/\"},\"sameAs\":[\"https:\/\/www.facebook.com\/spanishbreak\",\"https:\/\/www.instagram.com\/spanishbreakbcn\/\"]}]}<\/script>\n<!-- \/ Yoast SEO plugin. -->","yoast_head_json":{"title":"Appartements pour amis dans le centre de Barcelone","description":"Maintenant que vos vols sont r\u00e9serv\u00e9s et vos excursions ont \u00e9t\u00e9 organis\u00e9es\u2026, il vous suffit de trouver votre location \u00e0 court terme dans Barcelone. Ne","robots":{"index":"index","follow":"follow","max-snippet":"max-snippet:-1","max-image-preview":"max-image-preview:large","max-video-preview":"max-video-preview:-1"},"canonical":"https:\/\/spanishbreak.com\/product\/central-apartments\/","og_locale":"fr_FR","og_type":"article","og_title":"Appartements pour amis dans le centre de Barcelone","og_description":"Maintenant que vos vols sont r\u00e9serv\u00e9s et vos excursions ont \u00e9t\u00e9 organis\u00e9es\u2026, il vous suffit de trouver votre location \u00e0 court terme dans Barcelone. Ne","og_url":"https:\/\/spanishbreak.com\/product\/central-apartments\/","og_site_name":"Spanishbreak","article_publisher":"https:\/\/www.facebook.com\/spanishbreak","article_modified_time":"2023-03-02T12:06:41+00:00","og_image":[{"width":700,"height":449,"url":"https:\/\/spanishbreak.com\/wp-content\/uploads\/2022\/10\/apart-1.jpg","type":"image\/jpeg"}],"twitter_card":"summary_large_image","twitter_misc":{"Dur\u00e9e de lecture estim\u00e9e":"1 minute"},"schema":{"@context":"https:\/\/schema.org","@graph":[{"@type":["WebPage","ItemPage"],"@id":"https:\/\/spanishbreak.com\/product\/central-apartments\/","url":"https:\/\/spanishbreak.com\/product\/central-apartments\/","name":"Appartements pour amis dans le centre de Barcelone","isPartOf":{"@id":"https:\/\/spanishbreak.com\/#website"},"primaryImageOfPage":{"@id":"https:\/\/spanishbreak.com\/product\/central-apartments\/#primaryimage"},"image":{"@id":"https:\/\/spanishbreak.com\/product\/central-apartments\/#primaryimage"},"thumbnailUrl":"https:\/\/spanishbreak.com\/wp-content\/uploads\/2022\/10\/apart-1.jpg","datePublished":"2022-10-17T11:51:29+00:00","dateModified":"2023-03-02T12:06:41+00:00","description":"Maintenant que vos vols sont r\u00e9serv\u00e9s et vos excursions ont \u00e9t\u00e9 organis\u00e9es\u2026, il vous suffit de trouver votre location \u00e0 court terme dans Barcelone. Ne","breadcrumb":{"@id":"https:\/\/spanishbreak.com\/product\/central-apartments\/#breadcrumb"},"inLanguage":"fr-FR","potentialAction":[{"@type":"ReadAction","target":["https:\/\/spanishbreak.com\/product\/central-apartments\/"]}]},{"@type":"ImageObject","inLanguage":"fr-FR","@id":"https:\/\/spanishbreak.com\/product\/central-apartments\/#primaryimage","url":"https:\/\/spanishbreak.com\/wp-content\/uploads\/2022\/10\/apart-1.jpg","contentUrl":"https:\/\/spanishbreak.com\/wp-content\/uploads\/2022\/10\/apart-1.jpg","width":700,"height":449},{"@type":"BreadcrumbList","@id":"https:\/\/spanishbreak.com\/product\/central-apartments\/#breadcrumb","itemListElement":[{"@type":"ListItem","position":1,"name":"Home","item":"https:\/\/spanishbreak.com\/"},{"@type":"ListItem","position":2,"name":"Boutique","item":"https:\/\/spanishbreak.com\/boutique\/?lang=fr"},{"@type":"ListItem","position":3,"name":"APPARTEMENT CENTRE VILLE"}]},{"@type":"WebSite","@id":"https:\/\/spanishbreak.com\/#website","url":"https:\/\/spanishbreak.com\/","name":"Spanish Break","description":"Otro sitio realizado con WordPress","publisher":{"@id":"https:\/\/spanishbreak.com\/#organization"},"potentialAction":[{"@type":"SearchAction","target":{"@type":"EntryPoint","urlTemplate":"https:\/\/spanishbreak.com\/?s={search_term_string}"},"query-input":{"@type":"PropertyValueSpecification","valueRequired":true,"valueName":"search_term_string"}}],"inLanguage":"fr-FR"},{"@type":"Organization","@id":"https:\/\/spanishbreak.com\/#organization","name":"Spanish Break","url":"https:\/\/spanishbreak.com\/","logo":{"@type":"ImageObject","inLanguage":"fr-FR","@id":"https:\/\/spanishbreak.com\/#\/schema\/logo\/image\/","url":"https:\/\/spanishbreak.com\/wp-content\/uploads\/2024\/03\/logo-spanish-break.png","contentUrl":"https:\/\/spanishbreak.com\/wp-content\/uploads\/2024\/03\/logo-spanish-break.png","width":323,"height":37,"caption":"Spanish Break"},"image":{"@id":"https:\/\/spanishbreak.com\/#\/schema\/logo\/image\/"},"sameAs":["https:\/\/www.facebook.com\/spanishbreak","https:\/\/www.instagram.com\/spanishbreakbcn\/"]}]}},"_links":{"self":[{"href":"https:\/\/spanishbreak.com\/fr\/wp-json\/wp\/v2\/product\/4240","targetHints":{"allow":["GET"]}}],"collection":[{"href":"https:\/\/spanishbreak.com\/fr\/wp-json\/wp\/v2\/product"}],"about":[{"href":"https:\/\/spanishbreak.com\/fr\/wp-json\/wp\/v2\/types\/product"}],"replies":[{"embeddable":true,"href":"https:\/\/spanishbreak.com\/fr\/wp-json\/wp\/v2\/comments?post=4240"}],"wp:featuredmedia":[{"embeddable":true,"href":"https:\/\/spanishbreak.com\/fr\/wp-json\/wp\/v2\/media\/3254"}],"wp:attachment":[{"href":"https:\/\/spanishbreak.com\/fr\/wp-json\/wp\/v2\/media?parent=4240"}],"wp:term":[{"taxonomy":"product_brand","embeddable":true,"href":"https:\/\/spanishbreak.com\/fr\/wp-json\/wp\/v2\/product_brand?post=4240"},{"taxonomy":"product_cat","embeddable":true,"href":"https:\/\/spanishbreak.com\/fr\/wp-json\/wp\/v2\/product_cat?post=4240"},{"taxonomy":"product_tag","embeddable":true,"href":"https:\/\/spanishbreak.com\/fr\/wp-json\/wp\/v2\/product_tag?post=4240"}],"curies":[{"name":"wp","href":"https:\/\/api.w.org\/{rel}","templated":true}]}}