{"id":4244,"date":"2022-10-14T14:39:07","date_gmt":"2022-10-14T12:39:07","guid":{"rendered":"https:\/\/spanishbreak.com\/producto\/treasure-hunt\/"},"modified":"2025-12-17T15:41:09","modified_gmt":"2025-12-17T14:41:09","slug":"treasure-hunt","status":"publish","type":"product","link":"https:\/\/spanishbreak.com\/fr\/product\/treasure-hunt\/","title":{"rendered":"CHASSE AU TR\u00c9SOR \u00c0 BARCELONE"},"content":{"rendered":"<p><strong>Sortez vos cartes aux tr\u00e9sors et trouvez de l\u2019or\u00a0!<\/strong><\/p>\n<p>Matin comme apr\u00e8s-midi, cette <strong>chasse au tr\u00e9sor <\/strong>est parfaite pour d\u00e9conner avec vos amis\u00a0!<\/p>\n<p>Votre mission (si vous l\u2019acceptez :)) consiste \u00e0 compl\u00e9ter une s\u00e9rie de t\u00e2ches difficiles\u00a0afin de gagner un prix g\u00e9nial pour le groupe. Ensemble, vous allez utiliser votre intelligence pour d\u00e9chiffrer des questions crypt\u00e9es, naviguer dans la ville et surmonter les d\u00e9fis de cette chasse au tr\u00e9sor\u00a0!<\/p>\n<p>Bien s\u00fbr, le ou la\u00a0futur(e) mari\u00e9(e) sera votre agent super sp\u00e9cial(e) et r\u00e9alisera des t\u00e2ches sp\u00e9ciales afin de finir la mission\u00a0!<\/p>\n<p>La chasse au tr\u00e9sor vous m\u00e8nera \u00e0 travers toute la ville et c\u2019est un outil formidable pour connaitre les rues dans lesquelles vous allez passer votre s\u00e9jour !<\/p>\n","protected":false},"excerpt":{"rendered":"<p>Sortez vos cartes aux tr\u00e9sors et trouvez de l\u2019or\u00a0! Matin comme apr\u00e8s-midi, cette chasse au tr\u00e9sor est parfaite pour d\u00e9conner avec vos amis\u00a0! Votre mission (si vous l\u2019acceptez :)) consiste \u00e0 compl\u00e9ter une s\u00e9rie de t\u00e2ches difficiles\u00a0afin de gagner un prix g\u00e9nial pour le groupe. Ensemble, vous allez utiliser votre intelligence pour d\u00e9chiffrer des questions [&hellip;]<\/p>\n","protected":false},"featured_media":3271,"comment_status":"closed","ping_status":"closed","template":"","meta":{"site-sidebar-layout":"default","site-content-layout":"default","ast-site-content-layout":"default","site-content-style":"default","site-sidebar-style":"default","ast-global-header-display":"","ast-banner-title-visibility":"","ast-main-header-display":"","ast-hfb-above-header-display":"","ast-hfb-below-header-display":"","ast-hfb-mobile-header-display":"","site-post-title":"","ast-breadcrumbs-content":"","ast-featured-img":"","footer-sml-layout":"","theme-transparent-header-meta":"default","adv-header-id-meta":"","stick-header-meta":"","header-above-stick-meta":"","header-main-stick-meta":"","header-below-stick-meta":"","astra-migrate-meta-layouts":"set","ast-page-background-enabled":"default","ast-page-background-meta":{"desktop":{"background-color":"var(--ast-global-color-4)","background-image":"","background-repeat":"repeat","background-position":"center center","background-size":"auto","background-attachment":"scroll","background-type":"","background-media":"","overlay-type":"","overlay-color":"","overlay-opacity":"","overlay-gradient":""},"tablet":{"background-color":"","background-image":"","background-repeat":"repeat","background-position":"center center","background-size":"auto","background-attachment":"scroll","background-type":"","background-media":"","overlay-type":"","overlay-color":"","overlay-opacity":"","overlay-gradient":""},"mobile":{"background-color":"","background-image":"","background-repeat":"repeat","background-position":"center center","background-size":"auto","background-attachment":"scroll","background-type":"","background-media":"","overlay-type":"","overlay-color":"","overlay-opacity":"","overlay-gradient":""}},"ast-content-background-meta":{"desktop":{"background-color":"var(--ast-global-color-5)","background-image":"","background-repeat":"repeat","background-position":"center center","background-size":"auto","background-attachment":"scroll","background-type":"","background-media":"","overlay-type":"","overlay-color":"","overlay-opacity":"","overlay-gradient":""},"tablet":{"background-color":"var(--ast-global-color-5)","background-image":"","background-repeat":"repeat","background-position":"center center","background-size":"auto","background-attachment":"scroll","background-type":"","background-media":"","overlay-type":"","overlay-color":"","overlay-opacity":"","overlay-gradient":""},"mobile":{"background-color":"var(--ast-global-color-5)","background-image":"","background-repeat":"repeat","background-position":"center center","background-size":"auto","background-attachment":"scroll","background-type":"","background-media":"","overlay-type":"","overlay-color":"","overlay-opacity":"","overlay-gradient":""}},"repeater_packs":""},"product_brand":[],"product_cat":[68,66,73],"product_tag":[],"class_list":{"0":"post-4244","1":"product","2":"type-product","3":"status-publish","4":"has-post-thumbnail","6":"product_cat-day-time-activities","7":"product_cat-hen-fr-2","8":"product_cat-stag-fr","9":"desktop-align-left","10":"tablet-align-left","11":"mobile-align-left","13":"first","14":"instock","15":"shipping-taxable","16":"product-type-simple"},"yoast_head":"<!-- This site is optimized with the Yoast SEO plugin v26.8 - https:\/\/yoast.com\/product\/yoast-seo-wordpress\/ -->\n<title>Chasse au Tr\u00e9sor \u00e0 Barcelona pour EVJF &amp; EVG<\/title>\n<meta name=\"description\" content=\"Sortez vos cartes aux tr\u00e9sors et trouvez de l\u2019or\u00a0! Matin comme apr\u00e8s-midi, cette chasse au tr\u00e9sor est parfaite pour d\u00e9conner avec vos amis\u00a0! Votre mission Partez \u00e0 la chasse au tr\u00e9sor \u00e0 travers les rues de la ville avec ce jeu d&#039;aventure interactif avec vos amis\" \/>\n<meta name=\"robots\" content=\"index, follow, max-snippet:-1, max-image-preview:large, max-video-preview:-1\" \/>\n<link rel=\"canonical\" href=\"https:\/\/spanishbreak.com\/fr\/product\/treasure-hunt\/\" \/>\n<meta property=\"og:locale\" content=\"fr_FR\" \/>\n<meta property=\"og:type\" content=\"article\" \/>\n<meta property=\"og:title\" content=\"Chasse au Tr\u00e9sor \u00e0 Barcelona pour EVJF &amp; EVG\" \/>\n<meta property=\"og:description\" content=\"Sortez vos cartes aux tr\u00e9sors et trouvez de l\u2019or\u00a0! Matin comme apr\u00e8s-midi, cette chasse au tr\u00e9sor est parfaite pour d\u00e9conner avec vos amis\u00a0! Votre mission Partez \u00e0 la chasse au tr\u00e9sor \u00e0 travers les rues de la ville avec ce jeu d&#039;aventure interactif avec vos amis\" \/>\n<meta property=\"og:url\" content=\"https:\/\/spanishbreak.com\/fr\/product\/treasure-hunt\/\" \/>\n<meta property=\"og:site_name\" content=\"Spanishbreak\" \/>\n<meta property=\"article:publisher\" content=\"https:\/\/www.facebook.com\/spanishbreak\" \/>\n<meta property=\"article:modified_time\" content=\"2025-12-17T14:41:09+00:00\" \/>\n<meta property=\"og:image\" content=\"https:\/\/spanishbreak.com\/wp-content\/uploads\/2022\/10\/treasure-hunt1.jpeg\" \/>\n\t<meta property=\"og:image:width\" content=\"400\" \/>\n\t<meta property=\"og:image:height\" content=\"300\" \/>\n\t<meta property=\"og:image:type\" content=\"image\/jpeg\" \/>\n<meta name=\"twitter:card\" content=\"summary_large_image\" \/>\n<meta name=\"twitter:label1\" content=\"Dur\u00e9e de lecture estim\u00e9e\" \/>\n\t<meta name=\"twitter:data1\" content=\"1 minute\" \/>\n<script type=\"application\/ld+json\" class=\"yoast-schema-graph\">{\"@context\":\"https:\/\/schema.org\",\"@graph\":[{\"@type\":[\"WebPage\",\"ItemPage\"],\"@id\":\"https:\/\/spanishbreak.com\/fr\/product\/treasure-hunt\/\",\"url\":\"https:\/\/spanishbreak.com\/fr\/product\/treasure-hunt\/\",\"name\":\"Chasse au Tr\u00e9sor \u00e0 Barcelona pour EVJF & EVG\",\"isPartOf\":{\"@id\":\"https:\/\/spanishbreak.com\/#website\"},\"primaryImageOfPage\":{\"@id\":\"https:\/\/spanishbreak.com\/fr\/product\/treasure-hunt\/#primaryimage\"},\"image\":{\"@id\":\"https:\/\/spanishbreak.com\/fr\/product\/treasure-hunt\/#primaryimage\"},\"thumbnailUrl\":\"https:\/\/spanishbreak.com\/wp-content\/uploads\/2022\/10\/treasure-hunt1.jpeg\",\"datePublished\":\"2022-10-14T12:39:07+00:00\",\"dateModified\":\"2025-12-17T14:41:09+00:00\",\"description\":\"Sortez vos cartes aux tr\u00e9sors et trouvez de l\u2019or\u00a0! Matin comme apr\u00e8s-midi, cette chasse au tr\u00e9sor est parfaite pour d\u00e9conner avec vos amis\u00a0! Votre mission Partez \u00e0 la chasse au tr\u00e9sor \u00e0 travers les rues de la ville avec ce jeu d'aventure interactif avec vos amis\",\"breadcrumb\":{\"@id\":\"https:\/\/spanishbreak.com\/fr\/product\/treasure-hunt\/#breadcrumb\"},\"inLanguage\":\"fr-FR\",\"potentialAction\":[{\"@type\":\"ReadAction\",\"target\":[\"https:\/\/spanishbreak.com\/fr\/product\/treasure-hunt\/\"]}]},{\"@type\":\"ImageObject\",\"inLanguage\":\"fr-FR\",\"@id\":\"https:\/\/spanishbreak.com\/fr\/product\/treasure-hunt\/#primaryimage\",\"url\":\"https:\/\/spanishbreak.com\/wp-content\/uploads\/2022\/10\/treasure-hunt1.jpeg\",\"contentUrl\":\"https:\/\/spanishbreak.com\/wp-content\/uploads\/2022\/10\/treasure-hunt1.jpeg\",\"width\":400,\"height\":300},{\"@type\":\"BreadcrumbList\",\"@id\":\"https:\/\/spanishbreak.com\/fr\/product\/treasure-hunt\/#breadcrumb\",\"itemListElement\":[{\"@type\":\"ListItem\",\"position\":1,\"name\":\"Home\",\"item\":\"https:\/\/spanishbreak.com\/\"},{\"@type\":\"ListItem\",\"position\":2,\"name\":\"Boutique\",\"item\":\"https:\/\/spanishbreak.com\/boutique\/?lang=fr\"},{\"@type\":\"ListItem\",\"position\":3,\"name\":\"CHASSE AU TR\u00c9SOR \u00c0 BARCELONE\"}]},{\"@type\":\"WebSite\",\"@id\":\"https:\/\/spanishbreak.com\/#website\",\"url\":\"https:\/\/spanishbreak.com\/\",\"name\":\"Spanish Break\",\"description\":\"Otro sitio realizado con WordPress\",\"publisher\":{\"@id\":\"https:\/\/spanishbreak.com\/#organization\"},\"potentialAction\":[{\"@type\":\"SearchAction\",\"target\":{\"@type\":\"EntryPoint\",\"urlTemplate\":\"https:\/\/spanishbreak.com\/?s={search_term_string}\"},\"query-input\":{\"@type\":\"PropertyValueSpecification\",\"valueRequired\":true,\"valueName\":\"search_term_string\"}}],\"inLanguage\":\"fr-FR\"},{\"@type\":\"Organization\",\"@id\":\"https:\/\/spanishbreak.com\/#organization\",\"name\":\"Spanish Break\",\"url\":\"https:\/\/spanishbreak.com\/\",\"logo\":{\"@type\":\"ImageObject\",\"inLanguage\":\"fr-FR\",\"@id\":\"https:\/\/spanishbreak.com\/#\/schema\/logo\/image\/\",\"url\":\"https:\/\/spanishbreak.com\/wp-content\/uploads\/2024\/03\/logo-spanish-break.png\",\"contentUrl\":\"https:\/\/spanishbreak.com\/wp-content\/uploads\/2024\/03\/logo-spanish-break.png\",\"width\":323,\"height\":37,\"caption\":\"Spanish Break\"},\"image\":{\"@id\":\"https:\/\/spanishbreak.com\/#\/schema\/logo\/image\/\"},\"sameAs\":[\"https:\/\/www.facebook.com\/spanishbreak\",\"https:\/\/www.instagram.com\/spanishbreakbcn\/\"]}]}<\/script>\n<!-- \/ Yoast SEO plugin. -->","yoast_head_json":{"title":"Chasse au Tr\u00e9sor \u00e0 Barcelona pour EVJF & EVG","description":"Sortez vos cartes aux tr\u00e9sors et trouvez de l\u2019or\u00a0! Matin comme apr\u00e8s-midi, cette chasse au tr\u00e9sor est parfaite pour d\u00e9conner avec vos amis\u00a0! Votre mission Partez \u00e0 la chasse au tr\u00e9sor \u00e0 travers les rues de la ville avec ce jeu d'aventure interactif avec vos amis","robots":{"index":"index","follow":"follow","max-snippet":"max-snippet:-1","max-image-preview":"max-image-preview:large","max-video-preview":"max-video-preview:-1"},"canonical":"https:\/\/spanishbreak.com\/fr\/product\/treasure-hunt\/","og_locale":"fr_FR","og_type":"article","og_title":"Chasse au Tr\u00e9sor \u00e0 Barcelona pour EVJF & EVG","og_description":"Sortez vos cartes aux tr\u00e9sors et trouvez de l\u2019or\u00a0! Matin comme apr\u00e8s-midi, cette chasse au tr\u00e9sor est parfaite pour d\u00e9conner avec vos amis\u00a0! Votre mission Partez \u00e0 la chasse au tr\u00e9sor \u00e0 travers les rues de la ville avec ce jeu d'aventure interactif avec vos amis","og_url":"https:\/\/spanishbreak.com\/fr\/product\/treasure-hunt\/","og_site_name":"Spanishbreak","article_publisher":"https:\/\/www.facebook.com\/spanishbreak","article_modified_time":"2025-12-17T14:41:09+00:00","og_image":[{"width":400,"height":300,"url":"https:\/\/spanishbreak.com\/wp-content\/uploads\/2022\/10\/treasure-hunt1.jpeg","type":"image\/jpeg"}],"twitter_card":"summary_large_image","twitter_misc":{"Dur\u00e9e de lecture estim\u00e9e":"1 minute"},"schema":{"@context":"https:\/\/schema.org","@graph":[{"@type":["WebPage","ItemPage"],"@id":"https:\/\/spanishbreak.com\/fr\/product\/treasure-hunt\/","url":"https:\/\/spanishbreak.com\/fr\/product\/treasure-hunt\/","name":"Chasse au Tr\u00e9sor \u00e0 Barcelona pour EVJF & EVG","isPartOf":{"@id":"https:\/\/spanishbreak.com\/#website"},"primaryImageOfPage":{"@id":"https:\/\/spanishbreak.com\/fr\/product\/treasure-hunt\/#primaryimage"},"image":{"@id":"https:\/\/spanishbreak.com\/fr\/product\/treasure-hunt\/#primaryimage"},"thumbnailUrl":"https:\/\/spanishbreak.com\/wp-content\/uploads\/2022\/10\/treasure-hunt1.jpeg","datePublished":"2022-10-14T12:39:07+00:00","dateModified":"2025-12-17T14:41:09+00:00","description":"Sortez vos cartes aux tr\u00e9sors et trouvez de l\u2019or\u00a0! Matin comme apr\u00e8s-midi, cette chasse au tr\u00e9sor est parfaite pour d\u00e9conner avec vos amis\u00a0! Votre mission Partez \u00e0 la chasse au tr\u00e9sor \u00e0 travers les rues de la ville avec ce jeu d'aventure interactif avec vos amis","breadcrumb":{"@id":"https:\/\/spanishbreak.com\/fr\/product\/treasure-hunt\/#breadcrumb"},"inLanguage":"fr-FR","potentialAction":[{"@type":"ReadAction","target":["https:\/\/spanishbreak.com\/fr\/product\/treasure-hunt\/"]}]},{"@type":"ImageObject","inLanguage":"fr-FR","@id":"https:\/\/spanishbreak.com\/fr\/product\/treasure-hunt\/#primaryimage","url":"https:\/\/spanishbreak.com\/wp-content\/uploads\/2022\/10\/treasure-hunt1.jpeg","contentUrl":"https:\/\/spanishbreak.com\/wp-content\/uploads\/2022\/10\/treasure-hunt1.jpeg","width":400,"height":300},{"@type":"BreadcrumbList","@id":"https:\/\/spanishbreak.com\/fr\/product\/treasure-hunt\/#breadcrumb","itemListElement":[{"@type":"ListItem","position":1,"name":"Home","item":"https:\/\/spanishbreak.com\/"},{"@type":"ListItem","position":2,"name":"Boutique","item":"https:\/\/spanishbreak.com\/boutique\/?lang=fr"},{"@type":"ListItem","position":3,"name":"CHASSE AU TR\u00c9SOR \u00c0 BARCELONE"}]},{"@type":"WebSite","@id":"https:\/\/spanishbreak.com\/#website","url":"https:\/\/spanishbreak.com\/","name":"Spanish Break","description":"Otro sitio realizado con WordPress","publisher":{"@id":"https:\/\/spanishbreak.com\/#organization"},"potentialAction":[{"@type":"SearchAction","target":{"@type":"EntryPoint","urlTemplate":"https:\/\/spanishbreak.com\/?s={search_term_string}"},"query-input":{"@type":"PropertyValueSpecification","valueRequired":true,"valueName":"search_term_string"}}],"inLanguage":"fr-FR"},{"@type":"Organization","@id":"https:\/\/spanishbreak.com\/#organization","name":"Spanish Break","url":"https:\/\/spanishbreak.com\/","logo":{"@type":"ImageObject","inLanguage":"fr-FR","@id":"https:\/\/spanishbreak.com\/#\/schema\/logo\/image\/","url":"https:\/\/spanishbreak.com\/wp-content\/uploads\/2024\/03\/logo-spanish-break.png","contentUrl":"https:\/\/spanishbreak.com\/wp-content\/uploads\/2024\/03\/logo-spanish-break.png","width":323,"height":37,"caption":"Spanish Break"},"image":{"@id":"https:\/\/spanishbreak.com\/#\/schema\/logo\/image\/"},"sameAs":["https:\/\/www.facebook.com\/spanishbreak","https:\/\/www.instagram.com\/spanishbreakbcn\/"]}]}},"_links":{"self":[{"href":"https:\/\/spanishbreak.com\/fr\/wp-json\/wp\/v2\/product\/4244","targetHints":{"allow":["GET"]}}],"collection":[{"href":"https:\/\/spanishbreak.com\/fr\/wp-json\/wp\/v2\/product"}],"about":[{"href":"https:\/\/spanishbreak.com\/fr\/wp-json\/wp\/v2\/types\/product"}],"replies":[{"embeddable":true,"href":"https:\/\/spanishbreak.com\/fr\/wp-json\/wp\/v2\/comments?post=4244"}],"wp:featuredmedia":[{"embeddable":true,"href":"https:\/\/spanishbreak.com\/fr\/wp-json\/wp\/v2\/media\/3271"}],"wp:attachment":[{"href":"https:\/\/spanishbreak.com\/fr\/wp-json\/wp\/v2\/media?parent=4244"}],"wp:term":[{"taxonomy":"product_brand","embeddable":true,"href":"https:\/\/spanishbreak.com\/fr\/wp-json\/wp\/v2\/product_brand?post=4244"},{"taxonomy":"product_cat","embeddable":true,"href":"https:\/\/spanishbreak.com\/fr\/wp-json\/wp\/v2\/product_cat?post=4244"},{"taxonomy":"product_tag","embeddable":true,"href":"https:\/\/spanishbreak.com\/fr\/wp-json\/wp\/v2\/product_tag?post=4244"}],"curies":[{"name":"wp","href":"https:\/\/api.w.org\/{rel}","templated":true}]}}