{"id":4245,"date":"2024-07-10T14:00:39","date_gmt":"2024-07-10T12:00:39","guid":{"rendered":"https:\/\/spanishbreak.com\/producto\/luxury-spa-experience\/"},"modified":"2025-12-17T12:38:08","modified_gmt":"2025-12-17T11:38:08","slug":"spa-barcelone","status":"publish","type":"product","link":"https:\/\/spanishbreak.com\/fr\/product\/spa-barcelone\/","title":{"rendered":"Spa \u00e0 Barcelone"},"content":{"rendered":"<h2><strong>Meilleur exp\u00e9rience Spa \u00e0 Barcelone<\/strong><\/h2>\n<p>Le.a futur.e mari\u00e9.e adore prendre du bon temps en se faisant dorloter et en prenant soin de lui\/elle? Si oui, ce moment de relaxation dans un <strong>Spa <\/strong>est l\u2019activit\u00e9 parfaite pour son EVG\/<strong><a href=\"https:\/\/spanishbreak.com\/evjf-barcelone\/?lang=fr\">EVJF \u00e0 Barcelone<\/a> !<\/strong><\/p>\n<h3>D\u00e9tails de l&rsquo;exp\u00e9rience avec Circuit Thermal \u00e0 Barcelone<\/h3>\n<p>Vous serez accueillies dans le spa avec un\u00a0<strong>d\u00e9licieux verre de cava<\/strong>, avant de commencer votre s\u00e9ance de 50 minutes sur un circuit thermal.<\/p>\n<p>Et comme si cela ne suffisait pas, vous pouvez ajouter <strong>15 ou 30 minutes de massage<\/strong> ! Vous avez la possibilit\u00e9 de choisir soit un massage vivifiant et \u00e9nergisant soit un relaxant. Quoi de mieux que ce massage juste apr\u00e8s le circuit thermal qui vous maintiendra en forme pendant des semaines ?<\/p>\n<h3>Suppl\u00e9mentaire: Combinez cette activit\u00e9 avec un brunch<\/h3>\n<p>Commencez par un brunch gourmand sous forme de buffet avec une vari\u00e9t\u00e9 de viennoiseries, de fruits, de fromages, de charcuteries et de plats chauds, il y en aura pour tous les go\u00fbts ! Profitez \u00e9galement d\u2019une s\u00e9lection de jus de fruits naturels pour reprendre des forces pour la journ\u00e9e.<\/p>\n<p>Une fois vos papilles \u00e9veill\u00e9es, relaxez-vous dans un somptueux spa avec un acc\u00e8s de 90 minutes. Profitez du circuit thermal incluant:<\/p>\n<ul>\n<li>La piscine chauff\u00e9e<\/li>\n<li>Le bain \u00e0 remous<\/li>\n<li>Le sauna<\/li>\n<li>Le hammam<\/li>\n<li>La douche sensorielle<\/li>\n<li>La fontaine glac\u00e9e.<\/li>\n<\/ul>\n<p>Plus d&rsquo;informations: <a href=\"https:\/\/spanishbreak.com\/producto\/spa-brunch-langfr\/?lang=fr\">Spa &amp; Brunch<\/a><\/p>\n<h2>R\u00e9servez d\u00e8s maintenant votre <strong>exp\u00e9rience de spa<\/strong><\/h2>\n<p>Faites du week-end de votre ami.e un jour inoubliable \u00e0 Barcelone. <strong>D\u00e9connectez-vous de votre routine<\/strong> et profitez d\u2019un moment intime et extr\u00eamement agr\u00e9able entre ami.e.s. Offrez-vous des traitements exclusifs dans notre spa et cr\u00e9ez des souvenirs imp\u00e9rissables.<\/p>\n<p>R\u00e9servez d\u00e8s maintenant votre <strong>exp\u00e9rience de spa <\/strong>et transformez votre c\u00e9l\u00e9bration en un oasis de tranquillit\u00e9 et de luxe !<\/p>\n","protected":false},"excerpt":{"rendered":"<p>Meilleur exp\u00e9rience Spa \u00e0 Barcelone Le.a futur.e mari\u00e9.e adore prendre du bon temps en se faisant dorloter et en prenant soin de lui\/elle? Si oui, ce moment de relaxation dans un Spa est l\u2019activit\u00e9 parfaite pour son EVG\/EVJF \u00e0 Barcelone ! D\u00e9tails de l&rsquo;exp\u00e9rience avec Circuit Thermal \u00e0 Barcelone Vous serez accueillies dans le spa [&hellip;]<\/p>\n","protected":false},"featured_media":3109,"comment_status":"closed","ping_status":"closed","template":"","meta":{"site-sidebar-layout":"default","site-content-layout":"default","ast-site-content-layout":"default","site-content-style":"default","site-sidebar-style":"default","ast-global-header-display":"","ast-banner-title-visibility":"","ast-main-header-display":"","ast-hfb-above-header-display":"","ast-hfb-below-header-display":"","ast-hfb-mobile-header-display":"","site-post-title":"","ast-breadcrumbs-content":"","ast-featured-img":"","footer-sml-layout":"","theme-transparent-header-meta":"default","adv-header-id-meta":"","stick-header-meta":"","header-above-stick-meta":"","header-main-stick-meta":"","header-below-stick-meta":"","astra-migrate-meta-layouts":"set","ast-page-background-enabled":"default","ast-page-background-meta":{"desktop":{"background-color":"var(--ast-global-color-4)","background-image":"","background-repeat":"repeat","background-position":"center center","background-size":"auto","background-attachment":"scroll","background-type":"","background-media":"","overlay-type":"","overlay-color":"","overlay-opacity":"","overlay-gradient":""},"tablet":{"background-color":"","background-image":"","background-repeat":"repeat","background-position":"center center","background-size":"auto","background-attachment":"scroll","background-type":"","background-media":"","overlay-type":"","overlay-color":"","overlay-opacity":"","overlay-gradient":""},"mobile":{"background-color":"","background-image":"","background-repeat":"repeat","background-position":"center center","background-size":"auto","background-attachment":"scroll","background-type":"","background-media":"","overlay-type":"","overlay-color":"","overlay-opacity":"","overlay-gradient":""}},"ast-content-background-meta":{"desktop":{"background-color":"var(--ast-global-color-5)","background-image":"","background-repeat":"repeat","background-position":"center center","background-size":"auto","background-attachment":"scroll","background-type":"","background-media":"","overlay-type":"","overlay-color":"","overlay-opacity":"","overlay-gradient":""},"tablet":{"background-color":"var(--ast-global-color-5)","background-image":"","background-repeat":"repeat","background-position":"center center","background-size":"auto","background-attachment":"scroll","background-type":"","background-media":"","overlay-type":"","overlay-color":"","overlay-opacity":"","overlay-gradient":""},"mobile":{"background-color":"var(--ast-global-color-5)","background-image":"","background-repeat":"repeat","background-position":"center center","background-size":"auto","background-attachment":"scroll","background-type":"","background-media":"","overlay-type":"","overlay-color":"","overlay-opacity":"","overlay-gradient":""}},"repeater_packs":""},"product_brand":[],"product_cat":[68,66,70,73],"product_tag":[],"class_list":{"0":"post-4245","1":"product","2":"type-product","3":"status-publish","4":"has-post-thumbnail","6":"product_cat-day-time-activities","7":"product_cat-hen-fr-2","8":"product_cat-newest-fr-2","9":"product_cat-stag-fr","10":"desktop-align-left","11":"tablet-align-left","12":"mobile-align-left","14":"first","15":"instock","16":"shipping-taxable","17":"product-type-simple"},"yoast_head":"<!-- This site is optimized with the Yoast SEO plugin v26.8 - https:\/\/yoast.com\/product\/yoast-seo-wordpress\/ -->\n<title>Spa \u00e0 Barcelone pour EVJF\/EVG<\/title>\n<meta name=\"description\" content=\"Offrez-vous une relaxation ultime dans un spa luxueux. Profitez de soins revitalisants, d&#039;un cadre serein et haut de gamme pour une \u00e9vasion paisible.\" \/>\n<meta name=\"robots\" content=\"index, follow, max-snippet:-1, max-image-preview:large, max-video-preview:-1\" \/>\n<link rel=\"canonical\" href=\"https:\/\/spanishbreak.com\/fr\/product\/spa-barcelone\/\" \/>\n<meta property=\"og:locale\" content=\"fr_FR\" \/>\n<meta property=\"og:type\" content=\"article\" \/>\n<meta property=\"og:title\" content=\"Spa \u00e0 Barcelone pour EVJF\/EVG\" \/>\n<meta property=\"og:description\" content=\"Offrez-vous une relaxation ultime dans un spa luxueux. Profitez de soins revitalisants, d&#039;un cadre serein et haut de gamme pour une \u00e9vasion paisible.\" \/>\n<meta property=\"og:url\" content=\"https:\/\/spanishbreak.com\/fr\/product\/spa-barcelone\/\" \/>\n<meta property=\"og:site_name\" content=\"Spanishbreak\" \/>\n<meta property=\"article:publisher\" content=\"https:\/\/www.facebook.com\/spanishbreak\" \/>\n<meta property=\"article:modified_time\" content=\"2025-12-17T11:38:08+00:00\" \/>\n<meta property=\"og:image\" content=\"https:\/\/spanishbreak.com\/wp-content\/uploads\/2022\/10\/Depositphotos_3784487_original-scaled.jpg\" \/>\n\t<meta property=\"og:image:width\" content=\"2560\" \/>\n\t<meta property=\"og:image:height\" content=\"1703\" \/>\n\t<meta property=\"og:image:type\" content=\"image\/jpeg\" \/>\n<meta name=\"twitter:card\" content=\"summary_large_image\" \/>\n<meta name=\"twitter:label1\" content=\"Dur\u00e9e de lecture estim\u00e9e\" \/>\n\t<meta name=\"twitter:data1\" content=\"2 minutes\" \/>\n<script type=\"application\/ld+json\" class=\"yoast-schema-graph\">{\"@context\":\"https:\/\/schema.org\",\"@graph\":[{\"@type\":[\"WebPage\",\"ItemPage\"],\"@id\":\"https:\/\/spanishbreak.com\/fr\/product\/spa-barcelone\/\",\"url\":\"https:\/\/spanishbreak.com\/fr\/product\/spa-barcelone\/\",\"name\":\"Spa \u00e0 Barcelone pour EVJF\/EVG\",\"isPartOf\":{\"@id\":\"https:\/\/spanishbreak.com\/#website\"},\"primaryImageOfPage\":{\"@id\":\"https:\/\/spanishbreak.com\/fr\/product\/spa-barcelone\/#primaryimage\"},\"image\":{\"@id\":\"https:\/\/spanishbreak.com\/fr\/product\/spa-barcelone\/#primaryimage\"},\"thumbnailUrl\":\"https:\/\/spanishbreak.com\/wp-content\/uploads\/2022\/10\/Depositphotos_3784487_original-scaled.jpg\",\"datePublished\":\"2024-07-10T12:00:39+00:00\",\"dateModified\":\"2025-12-17T11:38:08+00:00\",\"description\":\"Offrez-vous une relaxation ultime dans un spa luxueux. Profitez de soins revitalisants, d'un cadre serein et haut de gamme pour une \u00e9vasion paisible.\",\"breadcrumb\":{\"@id\":\"https:\/\/spanishbreak.com\/fr\/product\/spa-barcelone\/#breadcrumb\"},\"inLanguage\":\"fr-FR\",\"potentialAction\":[{\"@type\":\"ReadAction\",\"target\":[\"https:\/\/spanishbreak.com\/fr\/product\/spa-barcelone\/\"]}]},{\"@type\":\"ImageObject\",\"inLanguage\":\"fr-FR\",\"@id\":\"https:\/\/spanishbreak.com\/fr\/product\/spa-barcelone\/#primaryimage\",\"url\":\"https:\/\/spanishbreak.com\/wp-content\/uploads\/2022\/10\/Depositphotos_3784487_original-scaled.jpg\",\"contentUrl\":\"https:\/\/spanishbreak.com\/wp-content\/uploads\/2022\/10\/Depositphotos_3784487_original-scaled.jpg\",\"width\":2560,\"height\":1703,\"caption\":\"High angle portrait of an attractive female getting recreation massage of head\"},{\"@type\":\"BreadcrumbList\",\"@id\":\"https:\/\/spanishbreak.com\/fr\/product\/spa-barcelone\/#breadcrumb\",\"itemListElement\":[{\"@type\":\"ListItem\",\"position\":1,\"name\":\"Home\",\"item\":\"https:\/\/spanishbreak.com\/\"},{\"@type\":\"ListItem\",\"position\":2,\"name\":\"Boutique\",\"item\":\"https:\/\/spanishbreak.com\/boutique\/?lang=fr\"},{\"@type\":\"ListItem\",\"position\":3,\"name\":\"Spa \u00e0 Barcelone\"}]},{\"@type\":\"WebSite\",\"@id\":\"https:\/\/spanishbreak.com\/#website\",\"url\":\"https:\/\/spanishbreak.com\/\",\"name\":\"Spanish Break\",\"description\":\"Otro sitio realizado con WordPress\",\"publisher\":{\"@id\":\"https:\/\/spanishbreak.com\/#organization\"},\"potentialAction\":[{\"@type\":\"SearchAction\",\"target\":{\"@type\":\"EntryPoint\",\"urlTemplate\":\"https:\/\/spanishbreak.com\/?s={search_term_string}\"},\"query-input\":{\"@type\":\"PropertyValueSpecification\",\"valueRequired\":true,\"valueName\":\"search_term_string\"}}],\"inLanguage\":\"fr-FR\"},{\"@type\":\"Organization\",\"@id\":\"https:\/\/spanishbreak.com\/#organization\",\"name\":\"Spanish Break\",\"url\":\"https:\/\/spanishbreak.com\/\",\"logo\":{\"@type\":\"ImageObject\",\"inLanguage\":\"fr-FR\",\"@id\":\"https:\/\/spanishbreak.com\/#\/schema\/logo\/image\/\",\"url\":\"https:\/\/spanishbreak.com\/wp-content\/uploads\/2024\/03\/logo-spanish-break.png\",\"contentUrl\":\"https:\/\/spanishbreak.com\/wp-content\/uploads\/2024\/03\/logo-spanish-break.png\",\"width\":323,\"height\":37,\"caption\":\"Spanish Break\"},\"image\":{\"@id\":\"https:\/\/spanishbreak.com\/#\/schema\/logo\/image\/\"},\"sameAs\":[\"https:\/\/www.facebook.com\/spanishbreak\",\"https:\/\/www.instagram.com\/spanishbreakbcn\/\"]}]}<\/script>\n<!-- \/ Yoast SEO plugin. -->","yoast_head_json":{"title":"Spa \u00e0 Barcelone pour EVJF\/EVG","description":"Offrez-vous une relaxation ultime dans un spa luxueux. Profitez de soins revitalisants, d'un cadre serein et haut de gamme pour une \u00e9vasion paisible.","robots":{"index":"index","follow":"follow","max-snippet":"max-snippet:-1","max-image-preview":"max-image-preview:large","max-video-preview":"max-video-preview:-1"},"canonical":"https:\/\/spanishbreak.com\/fr\/product\/spa-barcelone\/","og_locale":"fr_FR","og_type":"article","og_title":"Spa \u00e0 Barcelone pour EVJF\/EVG","og_description":"Offrez-vous une relaxation ultime dans un spa luxueux. Profitez de soins revitalisants, d'un cadre serein et haut de gamme pour une \u00e9vasion paisible.","og_url":"https:\/\/spanishbreak.com\/fr\/product\/spa-barcelone\/","og_site_name":"Spanishbreak","article_publisher":"https:\/\/www.facebook.com\/spanishbreak","article_modified_time":"2025-12-17T11:38:08+00:00","og_image":[{"width":2560,"height":1703,"url":"https:\/\/spanishbreak.com\/wp-content\/uploads\/2022\/10\/Depositphotos_3784487_original-scaled.jpg","type":"image\/jpeg"}],"twitter_card":"summary_large_image","twitter_misc":{"Dur\u00e9e de lecture estim\u00e9e":"2 minutes"},"schema":{"@context":"https:\/\/schema.org","@graph":[{"@type":["WebPage","ItemPage"],"@id":"https:\/\/spanishbreak.com\/fr\/product\/spa-barcelone\/","url":"https:\/\/spanishbreak.com\/fr\/product\/spa-barcelone\/","name":"Spa \u00e0 Barcelone pour EVJF\/EVG","isPartOf":{"@id":"https:\/\/spanishbreak.com\/#website"},"primaryImageOfPage":{"@id":"https:\/\/spanishbreak.com\/fr\/product\/spa-barcelone\/#primaryimage"},"image":{"@id":"https:\/\/spanishbreak.com\/fr\/product\/spa-barcelone\/#primaryimage"},"thumbnailUrl":"https:\/\/spanishbreak.com\/wp-content\/uploads\/2022\/10\/Depositphotos_3784487_original-scaled.jpg","datePublished":"2024-07-10T12:00:39+00:00","dateModified":"2025-12-17T11:38:08+00:00","description":"Offrez-vous une relaxation ultime dans un spa luxueux. Profitez de soins revitalisants, d'un cadre serein et haut de gamme pour une \u00e9vasion paisible.","breadcrumb":{"@id":"https:\/\/spanishbreak.com\/fr\/product\/spa-barcelone\/#breadcrumb"},"inLanguage":"fr-FR","potentialAction":[{"@type":"ReadAction","target":["https:\/\/spanishbreak.com\/fr\/product\/spa-barcelone\/"]}]},{"@type":"ImageObject","inLanguage":"fr-FR","@id":"https:\/\/spanishbreak.com\/fr\/product\/spa-barcelone\/#primaryimage","url":"https:\/\/spanishbreak.com\/wp-content\/uploads\/2022\/10\/Depositphotos_3784487_original-scaled.jpg","contentUrl":"https:\/\/spanishbreak.com\/wp-content\/uploads\/2022\/10\/Depositphotos_3784487_original-scaled.jpg","width":2560,"height":1703,"caption":"High angle portrait of an attractive female getting recreation massage of head"},{"@type":"BreadcrumbList","@id":"https:\/\/spanishbreak.com\/fr\/product\/spa-barcelone\/#breadcrumb","itemListElement":[{"@type":"ListItem","position":1,"name":"Home","item":"https:\/\/spanishbreak.com\/"},{"@type":"ListItem","position":2,"name":"Boutique","item":"https:\/\/spanishbreak.com\/boutique\/?lang=fr"},{"@type":"ListItem","position":3,"name":"Spa \u00e0 Barcelone"}]},{"@type":"WebSite","@id":"https:\/\/spanishbreak.com\/#website","url":"https:\/\/spanishbreak.com\/","name":"Spanish Break","description":"Otro sitio realizado con WordPress","publisher":{"@id":"https:\/\/spanishbreak.com\/#organization"},"potentialAction":[{"@type":"SearchAction","target":{"@type":"EntryPoint","urlTemplate":"https:\/\/spanishbreak.com\/?s={search_term_string}"},"query-input":{"@type":"PropertyValueSpecification","valueRequired":true,"valueName":"search_term_string"}}],"inLanguage":"fr-FR"},{"@type":"Organization","@id":"https:\/\/spanishbreak.com\/#organization","name":"Spanish Break","url":"https:\/\/spanishbreak.com\/","logo":{"@type":"ImageObject","inLanguage":"fr-FR","@id":"https:\/\/spanishbreak.com\/#\/schema\/logo\/image\/","url":"https:\/\/spanishbreak.com\/wp-content\/uploads\/2024\/03\/logo-spanish-break.png","contentUrl":"https:\/\/spanishbreak.com\/wp-content\/uploads\/2024\/03\/logo-spanish-break.png","width":323,"height":37,"caption":"Spanish Break"},"image":{"@id":"https:\/\/spanishbreak.com\/#\/schema\/logo\/image\/"},"sameAs":["https:\/\/www.facebook.com\/spanishbreak","https:\/\/www.instagram.com\/spanishbreakbcn\/"]}]}},"_links":{"self":[{"href":"https:\/\/spanishbreak.com\/fr\/wp-json\/wp\/v2\/product\/4245","targetHints":{"allow":["GET"]}}],"collection":[{"href":"https:\/\/spanishbreak.com\/fr\/wp-json\/wp\/v2\/product"}],"about":[{"href":"https:\/\/spanishbreak.com\/fr\/wp-json\/wp\/v2\/types\/product"}],"replies":[{"embeddable":true,"href":"https:\/\/spanishbreak.com\/fr\/wp-json\/wp\/v2\/comments?post=4245"}],"wp:featuredmedia":[{"embeddable":true,"href":"https:\/\/spanishbreak.com\/fr\/wp-json\/wp\/v2\/media\/3109"}],"wp:attachment":[{"href":"https:\/\/spanishbreak.com\/fr\/wp-json\/wp\/v2\/media?parent=4245"}],"wp:term":[{"taxonomy":"product_brand","embeddable":true,"href":"https:\/\/spanishbreak.com\/fr\/wp-json\/wp\/v2\/product_brand?post=4245"},{"taxonomy":"product_cat","embeddable":true,"href":"https:\/\/spanishbreak.com\/fr\/wp-json\/wp\/v2\/product_cat?post=4245"},{"taxonomy":"product_tag","embeddable":true,"href":"https:\/\/spanishbreak.com\/fr\/wp-json\/wp\/v2\/product_tag?post=4245"}],"curies":[{"name":"wp","href":"https:\/\/api.w.org\/{rel}","templated":true}]}}