{"id":4246,"date":"2022-10-14T13:34:09","date_gmt":"2022-10-14T11:34:09","guid":{"rendered":"https:\/\/spanishbreak.com\/producto\/outdoor-photo-session\/"},"modified":"2025-12-17T15:41:30","modified_gmt":"2025-12-17T14:41:30","slug":"outdoor-photo-session","status":"publish","type":"product","link":"https:\/\/spanishbreak.com\/fr\/product\/outdoor-photo-session\/","title":{"rendered":"SESSION PHOTO EN EXT\u00c9RIEUR \u00e0 Barcelone"},"content":{"rendered":"<p><strong>Capturer de beaux moments ensemble !<\/strong><\/p>\n<p>Il n\u2019y a rien de meilleur que de se retrouver\u00a0entre filles\u00a0et de profiter d\u2019un voyage unique dans votre vie ! Il est certain que vous passerez ensemble un moment exceptionnel, \u00e0 partager tant de rires et \u00e0 se construire tant de souvenirs inoubliables.<\/p>\n<p>Avec cette s\u00e9ance de photos en ext\u00e9rieur, vous pouvez garder pour toujours le souvenir de votre incroyable <strong>EVJF \u00e0 Barcelone<\/strong> ! Vous aurez toutes un look incroyable sous le beau soleil de Barcelone et cette s\u00e9ance de photos d\u2019une heure pour vous et les filles aura lieu dans les plus beaux endroits de Barcelone !<\/p>\n<p>Notre photographe sp\u00e9cialis\u00e9 capturera ces d\u00e9tails qui font\u00a0de chacune d\u2019entre vous quelqu\u2019un de sp\u00e9cial, puis se concentrera sur le traitement des couleurs. Une fois pr\u00eates, elles vous seront envoy\u00e9s directement \u2013 facile \u00e0 partager avec les autres filles pour se rappeler des bons moments !<\/p>\n","protected":false},"excerpt":{"rendered":"<p>Capturer de beaux moments ensemble ! Il n\u2019y a rien de meilleur que de se retrouver\u00a0entre filles\u00a0et de profiter d\u2019un voyage unique dans votre vie ! Il est certain que vous passerez ensemble un moment exceptionnel, \u00e0 partager tant de rires et \u00e0 se construire tant de souvenirs inoubliables. Avec cette s\u00e9ance de photos en [&hellip;]<\/p>\n","protected":false},"featured_media":3283,"comment_status":"closed","ping_status":"closed","template":"","meta":{"site-sidebar-layout":"default","site-content-layout":"default","ast-site-content-layout":"default","site-content-style":"default","site-sidebar-style":"default","ast-global-header-display":"","ast-banner-title-visibility":"","ast-main-header-display":"","ast-hfb-above-header-display":"","ast-hfb-below-header-display":"","ast-hfb-mobile-header-display":"","site-post-title":"","ast-breadcrumbs-content":"","ast-featured-img":"","footer-sml-layout":"","theme-transparent-header-meta":"default","adv-header-id-meta":"","stick-header-meta":"","header-above-stick-meta":"","header-main-stick-meta":"","header-below-stick-meta":"","astra-migrate-meta-layouts":"set","ast-page-background-enabled":"default","ast-page-background-meta":{"desktop":{"background-color":"var(--ast-global-color-4)","background-image":"","background-repeat":"repeat","background-position":"center center","background-size":"auto","background-attachment":"scroll","background-type":"","background-media":"","overlay-type":"","overlay-color":"","overlay-opacity":"","overlay-gradient":""},"tablet":{"background-color":"","background-image":"","background-repeat":"repeat","background-position":"center center","background-size":"auto","background-attachment":"scroll","background-type":"","background-media":"","overlay-type":"","overlay-color":"","overlay-opacity":"","overlay-gradient":""},"mobile":{"background-color":"","background-image":"","background-repeat":"repeat","background-position":"center center","background-size":"auto","background-attachment":"scroll","background-type":"","background-media":"","overlay-type":"","overlay-color":"","overlay-opacity":"","overlay-gradient":""}},"ast-content-background-meta":{"desktop":{"background-color":"var(--ast-global-color-5)","background-image":"","background-repeat":"repeat","background-position":"center center","background-size":"auto","background-attachment":"scroll","background-type":"","background-media":"","overlay-type":"","overlay-color":"","overlay-opacity":"","overlay-gradient":""},"tablet":{"background-color":"var(--ast-global-color-5)","background-image":"","background-repeat":"repeat","background-position":"center center","background-size":"auto","background-attachment":"scroll","background-type":"","background-media":"","overlay-type":"","overlay-color":"","overlay-opacity":"","overlay-gradient":""},"mobile":{"background-color":"var(--ast-global-color-5)","background-image":"","background-repeat":"repeat","background-position":"center center","background-size":"auto","background-attachment":"scroll","background-type":"","background-media":"","overlay-type":"","overlay-color":"","overlay-opacity":"","overlay-gradient":""}},"repeater_packs":""},"product_brand":[],"product_cat":[68,66],"product_tag":[36],"class_list":{"0":"post-4246","1":"product","2":"type-product","3":"status-publish","4":"has-post-thumbnail","6":"product_cat-day-time-activities","7":"product_cat-hen-fr-2","8":"product_tag-hen","9":"desktop-align-left","10":"tablet-align-left","11":"mobile-align-left","13":"first","14":"instock","15":"shipping-taxable","16":"product-type-simple"},"yoast_head":"<!-- This site is optimized with the Yoast SEO plugin v26.8 - https:\/\/yoast.com\/product\/yoast-seo-wordpress\/ -->\n<title>SESSION PHOTO EN EXT\u00c9RIEUR \u00e0 Barcelone - R\u00e9servez maintenant<\/title>\n<meta name=\"description\" content=\"Capturer de beaux moments ensemble ! Il n\u2019y a rien de meilleur que de se retrouver\u00a0entre filles\u00a0et de profiter d\u2019un voyage unique dans votre vie ! Il est S\u00e9ance photo en ext\u00e9rieur pour capturer vos plus beaux moments. R\u00e9servez d\u00e8s maintenant!\" \/>\n<meta name=\"robots\" content=\"index, follow, max-snippet:-1, max-image-preview:large, max-video-preview:-1\" \/>\n<link rel=\"canonical\" href=\"https:\/\/spanishbreak.com\/fr\/product\/outdoor-photo-session\/\" \/>\n<meta property=\"og:locale\" content=\"fr_FR\" \/>\n<meta property=\"og:type\" content=\"article\" \/>\n<meta property=\"og:title\" content=\"SESSION PHOTO EN EXT\u00c9RIEUR \u00e0 Barcelone - R\u00e9servez maintenant\" \/>\n<meta property=\"og:description\" content=\"Capturer de beaux moments ensemble ! Il n\u2019y a rien de meilleur que de se retrouver\u00a0entre filles\u00a0et de profiter d\u2019un voyage unique dans votre vie ! Il est S\u00e9ance photo en ext\u00e9rieur pour capturer vos plus beaux moments. R\u00e9servez d\u00e8s maintenant!\" \/>\n<meta property=\"og:url\" content=\"https:\/\/spanishbreak.com\/fr\/product\/outdoor-photo-session\/\" \/>\n<meta property=\"og:site_name\" content=\"Spanishbreak\" \/>\n<meta property=\"article:publisher\" content=\"https:\/\/www.facebook.com\/spanishbreak\" \/>\n<meta property=\"article:modified_time\" content=\"2025-12-17T14:41:30+00:00\" \/>\n<meta property=\"og:image\" content=\"https:\/\/spanishbreak.com\/wp-content\/uploads\/2022\/10\/image00013.jpeg\" \/>\n\t<meta property=\"og:image:width\" content=\"2172\" \/>\n\t<meta property=\"og:image:height\" content=\"1448\" \/>\n\t<meta property=\"og:image:type\" content=\"image\/jpeg\" \/>\n<meta name=\"twitter:card\" content=\"summary_large_image\" \/>\n<meta name=\"twitter:label1\" content=\"Dur\u00e9e de lecture estim\u00e9e\" \/>\n\t<meta name=\"twitter:data1\" content=\"1 minute\" \/>\n<script type=\"application\/ld+json\" class=\"yoast-schema-graph\">{\"@context\":\"https:\/\/schema.org\",\"@graph\":[{\"@type\":[\"WebPage\",\"ItemPage\"],\"@id\":\"https:\/\/spanishbreak.com\/fr\/product\/outdoor-photo-session\/\",\"url\":\"https:\/\/spanishbreak.com\/fr\/product\/outdoor-photo-session\/\",\"name\":\"SESSION PHOTO EN EXT\u00c9RIEUR \u00e0 Barcelone - R\u00e9servez maintenant\",\"isPartOf\":{\"@id\":\"https:\/\/spanishbreak.com\/#website\"},\"primaryImageOfPage\":{\"@id\":\"https:\/\/spanishbreak.com\/fr\/product\/outdoor-photo-session\/#primaryimage\"},\"image\":{\"@id\":\"https:\/\/spanishbreak.com\/fr\/product\/outdoor-photo-session\/#primaryimage\"},\"thumbnailUrl\":\"https:\/\/spanishbreak.com\/wp-content\/uploads\/2022\/10\/image00013.jpeg\",\"datePublished\":\"2022-10-14T11:34:09+00:00\",\"dateModified\":\"2025-12-17T14:41:30+00:00\",\"description\":\"Capturer de beaux moments ensemble ! Il n\u2019y a rien de meilleur que de se retrouver\u00a0entre filles\u00a0et de profiter d\u2019un voyage unique dans votre vie ! Il est S\u00e9ance photo en ext\u00e9rieur pour capturer vos plus beaux moments. R\u00e9servez d\u00e8s maintenant!\",\"breadcrumb\":{\"@id\":\"https:\/\/spanishbreak.com\/fr\/product\/outdoor-photo-session\/#breadcrumb\"},\"inLanguage\":\"fr-FR\",\"potentialAction\":[{\"@type\":\"ReadAction\",\"target\":[\"https:\/\/spanishbreak.com\/fr\/product\/outdoor-photo-session\/\"]}]},{\"@type\":\"ImageObject\",\"inLanguage\":\"fr-FR\",\"@id\":\"https:\/\/spanishbreak.com\/fr\/product\/outdoor-photo-session\/#primaryimage\",\"url\":\"https:\/\/spanishbreak.com\/wp-content\/uploads\/2022\/10\/image00013.jpeg\",\"contentUrl\":\"https:\/\/spanishbreak.com\/wp-content\/uploads\/2022\/10\/image00013.jpeg\",\"width\":2172,\"height\":1448},{\"@type\":\"BreadcrumbList\",\"@id\":\"https:\/\/spanishbreak.com\/fr\/product\/outdoor-photo-session\/#breadcrumb\",\"itemListElement\":[{\"@type\":\"ListItem\",\"position\":1,\"name\":\"Home\",\"item\":\"https:\/\/spanishbreak.com\/\"},{\"@type\":\"ListItem\",\"position\":2,\"name\":\"Boutique\",\"item\":\"https:\/\/spanishbreak.com\/boutique\/?lang=fr\"},{\"@type\":\"ListItem\",\"position\":3,\"name\":\"SESSION PHOTO EN EXT\u00c9RIEUR \u00e0 Barcelone\"}]},{\"@type\":\"WebSite\",\"@id\":\"https:\/\/spanishbreak.com\/#website\",\"url\":\"https:\/\/spanishbreak.com\/\",\"name\":\"Spanish Break\",\"description\":\"Otro sitio realizado con WordPress\",\"publisher\":{\"@id\":\"https:\/\/spanishbreak.com\/#organization\"},\"potentialAction\":[{\"@type\":\"SearchAction\",\"target\":{\"@type\":\"EntryPoint\",\"urlTemplate\":\"https:\/\/spanishbreak.com\/?s={search_term_string}\"},\"query-input\":{\"@type\":\"PropertyValueSpecification\",\"valueRequired\":true,\"valueName\":\"search_term_string\"}}],\"inLanguage\":\"fr-FR\"},{\"@type\":\"Organization\",\"@id\":\"https:\/\/spanishbreak.com\/#organization\",\"name\":\"Spanish Break\",\"url\":\"https:\/\/spanishbreak.com\/\",\"logo\":{\"@type\":\"ImageObject\",\"inLanguage\":\"fr-FR\",\"@id\":\"https:\/\/spanishbreak.com\/#\/schema\/logo\/image\/\",\"url\":\"https:\/\/spanishbreak.com\/wp-content\/uploads\/2024\/03\/logo-spanish-break.png\",\"contentUrl\":\"https:\/\/spanishbreak.com\/wp-content\/uploads\/2024\/03\/logo-spanish-break.png\",\"width\":323,\"height\":37,\"caption\":\"Spanish Break\"},\"image\":{\"@id\":\"https:\/\/spanishbreak.com\/#\/schema\/logo\/image\/\"},\"sameAs\":[\"https:\/\/www.facebook.com\/spanishbreak\",\"https:\/\/www.instagram.com\/spanishbreakbcn\/\"]}]}<\/script>\n<!-- \/ Yoast SEO plugin. -->","yoast_head_json":{"title":"SESSION PHOTO EN EXT\u00c9RIEUR \u00e0 Barcelone - R\u00e9servez maintenant","description":"Capturer de beaux moments ensemble ! Il n\u2019y a rien de meilleur que de se retrouver\u00a0entre filles\u00a0et de profiter d\u2019un voyage unique dans votre vie ! Il est S\u00e9ance photo en ext\u00e9rieur pour capturer vos plus beaux moments. R\u00e9servez d\u00e8s maintenant!","robots":{"index":"index","follow":"follow","max-snippet":"max-snippet:-1","max-image-preview":"max-image-preview:large","max-video-preview":"max-video-preview:-1"},"canonical":"https:\/\/spanishbreak.com\/fr\/product\/outdoor-photo-session\/","og_locale":"fr_FR","og_type":"article","og_title":"SESSION PHOTO EN EXT\u00c9RIEUR \u00e0 Barcelone - R\u00e9servez maintenant","og_description":"Capturer de beaux moments ensemble ! Il n\u2019y a rien de meilleur que de se retrouver\u00a0entre filles\u00a0et de profiter d\u2019un voyage unique dans votre vie ! Il est S\u00e9ance photo en ext\u00e9rieur pour capturer vos plus beaux moments. R\u00e9servez d\u00e8s maintenant!","og_url":"https:\/\/spanishbreak.com\/fr\/product\/outdoor-photo-session\/","og_site_name":"Spanishbreak","article_publisher":"https:\/\/www.facebook.com\/spanishbreak","article_modified_time":"2025-12-17T14:41:30+00:00","og_image":[{"width":2172,"height":1448,"url":"https:\/\/spanishbreak.com\/wp-content\/uploads\/2022\/10\/image00013.jpeg","type":"image\/jpeg"}],"twitter_card":"summary_large_image","twitter_misc":{"Dur\u00e9e de lecture estim\u00e9e":"1 minute"},"schema":{"@context":"https:\/\/schema.org","@graph":[{"@type":["WebPage","ItemPage"],"@id":"https:\/\/spanishbreak.com\/fr\/product\/outdoor-photo-session\/","url":"https:\/\/spanishbreak.com\/fr\/product\/outdoor-photo-session\/","name":"SESSION PHOTO EN EXT\u00c9RIEUR \u00e0 Barcelone - R\u00e9servez maintenant","isPartOf":{"@id":"https:\/\/spanishbreak.com\/#website"},"primaryImageOfPage":{"@id":"https:\/\/spanishbreak.com\/fr\/product\/outdoor-photo-session\/#primaryimage"},"image":{"@id":"https:\/\/spanishbreak.com\/fr\/product\/outdoor-photo-session\/#primaryimage"},"thumbnailUrl":"https:\/\/spanishbreak.com\/wp-content\/uploads\/2022\/10\/image00013.jpeg","datePublished":"2022-10-14T11:34:09+00:00","dateModified":"2025-12-17T14:41:30+00:00","description":"Capturer de beaux moments ensemble ! Il n\u2019y a rien de meilleur que de se retrouver\u00a0entre filles\u00a0et de profiter d\u2019un voyage unique dans votre vie ! Il est S\u00e9ance photo en ext\u00e9rieur pour capturer vos plus beaux moments. R\u00e9servez d\u00e8s maintenant!","breadcrumb":{"@id":"https:\/\/spanishbreak.com\/fr\/product\/outdoor-photo-session\/#breadcrumb"},"inLanguage":"fr-FR","potentialAction":[{"@type":"ReadAction","target":["https:\/\/spanishbreak.com\/fr\/product\/outdoor-photo-session\/"]}]},{"@type":"ImageObject","inLanguage":"fr-FR","@id":"https:\/\/spanishbreak.com\/fr\/product\/outdoor-photo-session\/#primaryimage","url":"https:\/\/spanishbreak.com\/wp-content\/uploads\/2022\/10\/image00013.jpeg","contentUrl":"https:\/\/spanishbreak.com\/wp-content\/uploads\/2022\/10\/image00013.jpeg","width":2172,"height":1448},{"@type":"BreadcrumbList","@id":"https:\/\/spanishbreak.com\/fr\/product\/outdoor-photo-session\/#breadcrumb","itemListElement":[{"@type":"ListItem","position":1,"name":"Home","item":"https:\/\/spanishbreak.com\/"},{"@type":"ListItem","position":2,"name":"Boutique","item":"https:\/\/spanishbreak.com\/boutique\/?lang=fr"},{"@type":"ListItem","position":3,"name":"SESSION PHOTO EN EXT\u00c9RIEUR \u00e0 Barcelone"}]},{"@type":"WebSite","@id":"https:\/\/spanishbreak.com\/#website","url":"https:\/\/spanishbreak.com\/","name":"Spanish Break","description":"Otro sitio realizado con WordPress","publisher":{"@id":"https:\/\/spanishbreak.com\/#organization"},"potentialAction":[{"@type":"SearchAction","target":{"@type":"EntryPoint","urlTemplate":"https:\/\/spanishbreak.com\/?s={search_term_string}"},"query-input":{"@type":"PropertyValueSpecification","valueRequired":true,"valueName":"search_term_string"}}],"inLanguage":"fr-FR"},{"@type":"Organization","@id":"https:\/\/spanishbreak.com\/#organization","name":"Spanish Break","url":"https:\/\/spanishbreak.com\/","logo":{"@type":"ImageObject","inLanguage":"fr-FR","@id":"https:\/\/spanishbreak.com\/#\/schema\/logo\/image\/","url":"https:\/\/spanishbreak.com\/wp-content\/uploads\/2024\/03\/logo-spanish-break.png","contentUrl":"https:\/\/spanishbreak.com\/wp-content\/uploads\/2024\/03\/logo-spanish-break.png","width":323,"height":37,"caption":"Spanish Break"},"image":{"@id":"https:\/\/spanishbreak.com\/#\/schema\/logo\/image\/"},"sameAs":["https:\/\/www.facebook.com\/spanishbreak","https:\/\/www.instagram.com\/spanishbreakbcn\/"]}]}},"_links":{"self":[{"href":"https:\/\/spanishbreak.com\/fr\/wp-json\/wp\/v2\/product\/4246","targetHints":{"allow":["GET"]}}],"collection":[{"href":"https:\/\/spanishbreak.com\/fr\/wp-json\/wp\/v2\/product"}],"about":[{"href":"https:\/\/spanishbreak.com\/fr\/wp-json\/wp\/v2\/types\/product"}],"replies":[{"embeddable":true,"href":"https:\/\/spanishbreak.com\/fr\/wp-json\/wp\/v2\/comments?post=4246"}],"wp:featuredmedia":[{"embeddable":true,"href":"https:\/\/spanishbreak.com\/fr\/wp-json\/wp\/v2\/media\/3283"}],"wp:attachment":[{"href":"https:\/\/spanishbreak.com\/fr\/wp-json\/wp\/v2\/media?parent=4246"}],"wp:term":[{"taxonomy":"product_brand","embeddable":true,"href":"https:\/\/spanishbreak.com\/fr\/wp-json\/wp\/v2\/product_brand?post=4246"},{"taxonomy":"product_cat","embeddable":true,"href":"https:\/\/spanishbreak.com\/fr\/wp-json\/wp\/v2\/product_cat?post=4246"},{"taxonomy":"product_tag","embeddable":true,"href":"https:\/\/spanishbreak.com\/fr\/wp-json\/wp\/v2\/product_tag?post=4246"}],"curies":[{"name":"wp","href":"https:\/\/api.w.org\/{rel}","templated":true}]}}