{"id":4249,"date":"2022-10-14T11:34:26","date_gmt":"2022-10-14T09:34:26","guid":{"rendered":"https:\/\/spanishbreak.com\/producto\/a-real-poker-night-experience\/"},"modified":"2025-12-17T15:42:18","modified_gmt":"2025-12-17T14:42:18","slug":"a-real-poker-night-experience-langfr","status":"publish","type":"product","link":"https:\/\/spanishbreak.com\/fr\/product\/a-real-poker-night-experience-langfr\/","title":{"rendered":"L&rsquo;EXP\u00c9RIENCE D&rsquo;UNE VRAIE NUIT DE POKER \u00e0 Barcelone"},"content":{"rendered":"<p><strong>Prenez la main<\/strong><strong>\u00a0!<\/strong><\/p>\n<p>Vous n\u2019arrivez pas \u00e0 vous mettre d\u2019accord afin de savoir qui est le meilleur joueur de poker\u00a0? Quel meilleur moment pour r\u00e9pondre \u00e0 cette question que pendant un <strong>enterrement de vie de gar\u00e7on \u00e0 Barcelone, <\/strong>au cours <strong>d\u2019une vraie nuit de poker<\/strong>, avec une table de poker professionnelle, jetons et cartes, et un service de croupier ?<\/p>\n<p>L\u2019\u00e9chauffement parfait pour votre EVG \u00e0 Barcelone. Votre groupe sera accueilli \u00e0 un tournoi de poker, avec \u00e0 un verre de bienvenue.<\/p>\n<p>N\u2019oubliez pas votre carte d\u2019identit\u00e9 et habillez-vous pour l\u2019occasion\u2026<\/p>\n","protected":false},"excerpt":{"rendered":"<p>Prenez la main\u00a0! Vous n\u2019arrivez pas \u00e0 vous mettre d\u2019accord afin de savoir qui est le meilleur joueur de poker\u00a0? Quel meilleur moment pour r\u00e9pondre \u00e0 cette question que pendant un enterrement de vie de gar\u00e7on \u00e0 Barcelone, au cours d\u2019une vraie nuit de poker, avec une table de poker professionnelle, jetons et cartes, et [&hellip;]<\/p>\n","protected":false},"featured_media":3101,"comment_status":"closed","ping_status":"closed","template":"","meta":{"site-sidebar-layout":"default","site-content-layout":"default","ast-site-content-layout":"default","site-content-style":"default","site-sidebar-style":"default","ast-global-header-display":"","ast-banner-title-visibility":"","ast-main-header-display":"","ast-hfb-above-header-display":"","ast-hfb-below-header-display":"","ast-hfb-mobile-header-display":"","site-post-title":"","ast-breadcrumbs-content":"","ast-featured-img":"","footer-sml-layout":"","theme-transparent-header-meta":"default","adv-header-id-meta":"","stick-header-meta":"","header-above-stick-meta":"","header-main-stick-meta":"","header-below-stick-meta":"","astra-migrate-meta-layouts":"set","ast-page-background-enabled":"default","ast-page-background-meta":{"desktop":{"background-color":"var(--ast-global-color-4)","background-image":"","background-repeat":"repeat","background-position":"center center","background-size":"auto","background-attachment":"scroll","background-type":"","background-media":"","overlay-type":"","overlay-color":"","overlay-opacity":"","overlay-gradient":""},"tablet":{"background-color":"","background-image":"","background-repeat":"repeat","background-position":"center center","background-size":"auto","background-attachment":"scroll","background-type":"","background-media":"","overlay-type":"","overlay-color":"","overlay-opacity":"","overlay-gradient":""},"mobile":{"background-color":"","background-image":"","background-repeat":"repeat","background-position":"center center","background-size":"auto","background-attachment":"scroll","background-type":"","background-media":"","overlay-type":"","overlay-color":"","overlay-opacity":"","overlay-gradient":""}},"ast-content-background-meta":{"desktop":{"background-color":"var(--ast-global-color-5)","background-image":"","background-repeat":"repeat","background-position":"center center","background-size":"auto","background-attachment":"scroll","background-type":"","background-media":"","overlay-type":"","overlay-color":"","overlay-opacity":"","overlay-gradient":""},"tablet":{"background-color":"var(--ast-global-color-5)","background-image":"","background-repeat":"repeat","background-position":"center center","background-size":"auto","background-attachment":"scroll","background-type":"","background-media":"","overlay-type":"","overlay-color":"","overlay-opacity":"","overlay-gradient":""},"mobile":{"background-color":"var(--ast-global-color-5)","background-image":"","background-repeat":"repeat","background-position":"center center","background-size":"auto","background-attachment":"scroll","background-type":"","background-media":"","overlay-type":"","overlay-color":"","overlay-opacity":"","overlay-gradient":""}},"repeater_packs":""},"product_brand":[],"product_cat":[71,73],"product_tag":[35],"class_list":{"0":"post-4249","1":"product","2":"type-product","3":"status-publish","4":"has-post-thumbnail","6":"product_cat-night_activities-fr-2","7":"product_cat-stag-fr","8":"product_tag-stag","9":"desktop-align-left","10":"tablet-align-left","11":"mobile-align-left","13":"first","14":"instock","15":"shipping-taxable","16":"product-type-simple"},"yoast_head":"<!-- This site is optimized with the Yoast SEO plugin v26.8 - https:\/\/yoast.com\/product\/yoast-seo-wordpress\/ -->\n<title>L&#039;EXP\u00c9RIENCE D&#039;UNE VRAIE NUIT DE POKER \u00e0 Barcelone - Spanish Break<\/title>\n<meta name=\"description\" content=\"Prenez la main\u00a0! Vous n\u2019arrivez pas \u00e0 vous mettre d\u2019accord afin de savoir qui est le meilleur joueur de poker\u00a0? Quel meilleur moment pour r\u00e9pondre \u00e0 cette Vivez une v\u00e9ritable exp\u00e9rience de soir\u00e9e poker avec ce produit de haute qualit\u00e9. Parfait pour une soir\u00e9e entre amis !\" \/>\n<meta name=\"robots\" content=\"index, follow, max-snippet:-1, max-image-preview:large, max-video-preview:-1\" \/>\n<link rel=\"canonical\" href=\"https:\/\/spanishbreak.com\/fr\/product\/a-real-poker-night-experience-langfr\/\" \/>\n<meta property=\"og:locale\" content=\"fr_FR\" \/>\n<meta property=\"og:type\" content=\"article\" \/>\n<meta property=\"og:title\" content=\"L&#039;EXP\u00c9RIENCE D&#039;UNE VRAIE NUIT DE POKER \u00e0 Barcelone - Spanish Break\" \/>\n<meta property=\"og:description\" content=\"Prenez la main\u00a0! Vous n\u2019arrivez pas \u00e0 vous mettre d\u2019accord afin de savoir qui est le meilleur joueur de poker\u00a0? Quel meilleur moment pour r\u00e9pondre \u00e0 cette Vivez une v\u00e9ritable exp\u00e9rience de soir\u00e9e poker avec ce produit de haute qualit\u00e9. Parfait pour une soir\u00e9e entre amis !\" \/>\n<meta property=\"og:url\" content=\"https:\/\/spanishbreak.com\/fr\/product\/a-real-poker-night-experience-langfr\/\" \/>\n<meta property=\"og:site_name\" content=\"Spanishbreak\" \/>\n<meta property=\"article:publisher\" content=\"https:\/\/www.facebook.com\/spanishbreak\" \/>\n<meta property=\"article:modified_time\" content=\"2025-12-17T14:42:18+00:00\" \/>\n<meta property=\"og:image\" content=\"https:\/\/spanishbreak.com\/wp-content\/uploads\/2022\/10\/Poker_Night-Experience_2-1024x1024.png\" \/>\n\t<meta property=\"og:image:width\" content=\"1024\" \/>\n\t<meta property=\"og:image:height\" content=\"1024\" \/>\n\t<meta property=\"og:image:type\" content=\"image\/png\" \/>\n<meta name=\"twitter:card\" content=\"summary_large_image\" \/>\n<meta name=\"twitter:label1\" content=\"Dur\u00e9e de lecture estim\u00e9e\" \/>\n\t<meta name=\"twitter:data1\" content=\"1 minute\" \/>\n<script type=\"application\/ld+json\" class=\"yoast-schema-graph\">{\"@context\":\"https:\/\/schema.org\",\"@graph\":[{\"@type\":[\"WebPage\",\"ItemPage\"],\"@id\":\"https:\/\/spanishbreak.com\/fr\/product\/a-real-poker-night-experience-langfr\/\",\"url\":\"https:\/\/spanishbreak.com\/fr\/product\/a-real-poker-night-experience-langfr\/\",\"name\":\"L'EXP\u00c9RIENCE D'UNE VRAIE NUIT DE POKER \u00e0 Barcelone - Spanish Break\",\"isPartOf\":{\"@id\":\"https:\/\/spanishbreak.com\/#website\"},\"primaryImageOfPage\":{\"@id\":\"https:\/\/spanishbreak.com\/fr\/product\/a-real-poker-night-experience-langfr\/#primaryimage\"},\"image\":{\"@id\":\"https:\/\/spanishbreak.com\/fr\/product\/a-real-poker-night-experience-langfr\/#primaryimage\"},\"thumbnailUrl\":\"https:\/\/spanishbreak.com\/wp-content\/uploads\/2022\/10\/Poker_Night-Experience_2.png\",\"datePublished\":\"2022-10-14T09:34:26+00:00\",\"dateModified\":\"2025-12-17T14:42:18+00:00\",\"description\":\"Prenez la main\u00a0! Vous n\u2019arrivez pas \u00e0 vous mettre d\u2019accord afin de savoir qui est le meilleur joueur de poker\u00a0? Quel meilleur moment pour r\u00e9pondre \u00e0 cette Vivez une v\u00e9ritable exp\u00e9rience de soir\u00e9e poker avec ce produit de haute qualit\u00e9. Parfait pour une soir\u00e9e entre amis !\",\"breadcrumb\":{\"@id\":\"https:\/\/spanishbreak.com\/fr\/product\/a-real-poker-night-experience-langfr\/#breadcrumb\"},\"inLanguage\":\"fr-FR\",\"potentialAction\":[{\"@type\":\"ReadAction\",\"target\":[\"https:\/\/spanishbreak.com\/fr\/product\/a-real-poker-night-experience-langfr\/\"]}]},{\"@type\":\"ImageObject\",\"inLanguage\":\"fr-FR\",\"@id\":\"https:\/\/spanishbreak.com\/fr\/product\/a-real-poker-night-experience-langfr\/#primaryimage\",\"url\":\"https:\/\/spanishbreak.com\/wp-content\/uploads\/2022\/10\/Poker_Night-Experience_2.png\",\"contentUrl\":\"https:\/\/spanishbreak.com\/wp-content\/uploads\/2022\/10\/Poker_Night-Experience_2.png\",\"width\":1636,\"height\":1636},{\"@type\":\"BreadcrumbList\",\"@id\":\"https:\/\/spanishbreak.com\/fr\/product\/a-real-poker-night-experience-langfr\/#breadcrumb\",\"itemListElement\":[{\"@type\":\"ListItem\",\"position\":1,\"name\":\"Home\",\"item\":\"https:\/\/spanishbreak.com\/\"},{\"@type\":\"ListItem\",\"position\":2,\"name\":\"Boutique\",\"item\":\"https:\/\/spanishbreak.com\/boutique\/?lang=fr\"},{\"@type\":\"ListItem\",\"position\":3,\"name\":\"L&#8217;EXP\u00c9RIENCE D&#8217;UNE VRAIE NUIT DE POKER \u00e0 Barcelone\"}]},{\"@type\":\"WebSite\",\"@id\":\"https:\/\/spanishbreak.com\/#website\",\"url\":\"https:\/\/spanishbreak.com\/\",\"name\":\"Spanish Break\",\"description\":\"Otro sitio realizado con WordPress\",\"publisher\":{\"@id\":\"https:\/\/spanishbreak.com\/#organization\"},\"potentialAction\":[{\"@type\":\"SearchAction\",\"target\":{\"@type\":\"EntryPoint\",\"urlTemplate\":\"https:\/\/spanishbreak.com\/?s={search_term_string}\"},\"query-input\":{\"@type\":\"PropertyValueSpecification\",\"valueRequired\":true,\"valueName\":\"search_term_string\"}}],\"inLanguage\":\"fr-FR\"},{\"@type\":\"Organization\",\"@id\":\"https:\/\/spanishbreak.com\/#organization\",\"name\":\"Spanish Break\",\"url\":\"https:\/\/spanishbreak.com\/\",\"logo\":{\"@type\":\"ImageObject\",\"inLanguage\":\"fr-FR\",\"@id\":\"https:\/\/spanishbreak.com\/#\/schema\/logo\/image\/\",\"url\":\"https:\/\/spanishbreak.com\/wp-content\/uploads\/2024\/03\/logo-spanish-break.png\",\"contentUrl\":\"https:\/\/spanishbreak.com\/wp-content\/uploads\/2024\/03\/logo-spanish-break.png\",\"width\":323,\"height\":37,\"caption\":\"Spanish Break\"},\"image\":{\"@id\":\"https:\/\/spanishbreak.com\/#\/schema\/logo\/image\/\"},\"sameAs\":[\"https:\/\/www.facebook.com\/spanishbreak\",\"https:\/\/www.instagram.com\/spanishbreakbcn\/\"]}]}<\/script>\n<!-- \/ Yoast SEO plugin. -->","yoast_head_json":{"title":"L'EXP\u00c9RIENCE D'UNE VRAIE NUIT DE POKER \u00e0 Barcelone - Spanish Break","description":"Prenez la main\u00a0! Vous n\u2019arrivez pas \u00e0 vous mettre d\u2019accord afin de savoir qui est le meilleur joueur de poker\u00a0? Quel meilleur moment pour r\u00e9pondre \u00e0 cette Vivez une v\u00e9ritable exp\u00e9rience de soir\u00e9e poker avec ce produit de haute qualit\u00e9. Parfait pour une soir\u00e9e entre amis !","robots":{"index":"index","follow":"follow","max-snippet":"max-snippet:-1","max-image-preview":"max-image-preview:large","max-video-preview":"max-video-preview:-1"},"canonical":"https:\/\/spanishbreak.com\/fr\/product\/a-real-poker-night-experience-langfr\/","og_locale":"fr_FR","og_type":"article","og_title":"L'EXP\u00c9RIENCE D'UNE VRAIE NUIT DE POKER \u00e0 Barcelone - Spanish Break","og_description":"Prenez la main\u00a0! Vous n\u2019arrivez pas \u00e0 vous mettre d\u2019accord afin de savoir qui est le meilleur joueur de poker\u00a0? Quel meilleur moment pour r\u00e9pondre \u00e0 cette Vivez une v\u00e9ritable exp\u00e9rience de soir\u00e9e poker avec ce produit de haute qualit\u00e9. Parfait pour une soir\u00e9e entre amis !","og_url":"https:\/\/spanishbreak.com\/fr\/product\/a-real-poker-night-experience-langfr\/","og_site_name":"Spanishbreak","article_publisher":"https:\/\/www.facebook.com\/spanishbreak","article_modified_time":"2025-12-17T14:42:18+00:00","og_image":[{"width":1024,"height":1024,"url":"https:\/\/spanishbreak.com\/wp-content\/uploads\/2022\/10\/Poker_Night-Experience_2-1024x1024.png","type":"image\/png"}],"twitter_card":"summary_large_image","twitter_misc":{"Dur\u00e9e de lecture estim\u00e9e":"1 minute"},"schema":{"@context":"https:\/\/schema.org","@graph":[{"@type":["WebPage","ItemPage"],"@id":"https:\/\/spanishbreak.com\/fr\/product\/a-real-poker-night-experience-langfr\/","url":"https:\/\/spanishbreak.com\/fr\/product\/a-real-poker-night-experience-langfr\/","name":"L'EXP\u00c9RIENCE D'UNE VRAIE NUIT DE POKER \u00e0 Barcelone - Spanish Break","isPartOf":{"@id":"https:\/\/spanishbreak.com\/#website"},"primaryImageOfPage":{"@id":"https:\/\/spanishbreak.com\/fr\/product\/a-real-poker-night-experience-langfr\/#primaryimage"},"image":{"@id":"https:\/\/spanishbreak.com\/fr\/product\/a-real-poker-night-experience-langfr\/#primaryimage"},"thumbnailUrl":"https:\/\/spanishbreak.com\/wp-content\/uploads\/2022\/10\/Poker_Night-Experience_2.png","datePublished":"2022-10-14T09:34:26+00:00","dateModified":"2025-12-17T14:42:18+00:00","description":"Prenez la main\u00a0! Vous n\u2019arrivez pas \u00e0 vous mettre d\u2019accord afin de savoir qui est le meilleur joueur de poker\u00a0? Quel meilleur moment pour r\u00e9pondre \u00e0 cette Vivez une v\u00e9ritable exp\u00e9rience de soir\u00e9e poker avec ce produit de haute qualit\u00e9. Parfait pour une soir\u00e9e entre amis !","breadcrumb":{"@id":"https:\/\/spanishbreak.com\/fr\/product\/a-real-poker-night-experience-langfr\/#breadcrumb"},"inLanguage":"fr-FR","potentialAction":[{"@type":"ReadAction","target":["https:\/\/spanishbreak.com\/fr\/product\/a-real-poker-night-experience-langfr\/"]}]},{"@type":"ImageObject","inLanguage":"fr-FR","@id":"https:\/\/spanishbreak.com\/fr\/product\/a-real-poker-night-experience-langfr\/#primaryimage","url":"https:\/\/spanishbreak.com\/wp-content\/uploads\/2022\/10\/Poker_Night-Experience_2.png","contentUrl":"https:\/\/spanishbreak.com\/wp-content\/uploads\/2022\/10\/Poker_Night-Experience_2.png","width":1636,"height":1636},{"@type":"BreadcrumbList","@id":"https:\/\/spanishbreak.com\/fr\/product\/a-real-poker-night-experience-langfr\/#breadcrumb","itemListElement":[{"@type":"ListItem","position":1,"name":"Home","item":"https:\/\/spanishbreak.com\/"},{"@type":"ListItem","position":2,"name":"Boutique","item":"https:\/\/spanishbreak.com\/boutique\/?lang=fr"},{"@type":"ListItem","position":3,"name":"L&#8217;EXP\u00c9RIENCE D&#8217;UNE VRAIE NUIT DE POKER \u00e0 Barcelone"}]},{"@type":"WebSite","@id":"https:\/\/spanishbreak.com\/#website","url":"https:\/\/spanishbreak.com\/","name":"Spanish Break","description":"Otro sitio realizado con WordPress","publisher":{"@id":"https:\/\/spanishbreak.com\/#organization"},"potentialAction":[{"@type":"SearchAction","target":{"@type":"EntryPoint","urlTemplate":"https:\/\/spanishbreak.com\/?s={search_term_string}"},"query-input":{"@type":"PropertyValueSpecification","valueRequired":true,"valueName":"search_term_string"}}],"inLanguage":"fr-FR"},{"@type":"Organization","@id":"https:\/\/spanishbreak.com\/#organization","name":"Spanish Break","url":"https:\/\/spanishbreak.com\/","logo":{"@type":"ImageObject","inLanguage":"fr-FR","@id":"https:\/\/spanishbreak.com\/#\/schema\/logo\/image\/","url":"https:\/\/spanishbreak.com\/wp-content\/uploads\/2024\/03\/logo-spanish-break.png","contentUrl":"https:\/\/spanishbreak.com\/wp-content\/uploads\/2024\/03\/logo-spanish-break.png","width":323,"height":37,"caption":"Spanish Break"},"image":{"@id":"https:\/\/spanishbreak.com\/#\/schema\/logo\/image\/"},"sameAs":["https:\/\/www.facebook.com\/spanishbreak","https:\/\/www.instagram.com\/spanishbreakbcn\/"]}]}},"_links":{"self":[{"href":"https:\/\/spanishbreak.com\/fr\/wp-json\/wp\/v2\/product\/4249","targetHints":{"allow":["GET"]}}],"collection":[{"href":"https:\/\/spanishbreak.com\/fr\/wp-json\/wp\/v2\/product"}],"about":[{"href":"https:\/\/spanishbreak.com\/fr\/wp-json\/wp\/v2\/types\/product"}],"replies":[{"embeddable":true,"href":"https:\/\/spanishbreak.com\/fr\/wp-json\/wp\/v2\/comments?post=4249"}],"wp:featuredmedia":[{"embeddable":true,"href":"https:\/\/spanishbreak.com\/fr\/wp-json\/wp\/v2\/media\/3101"}],"wp:attachment":[{"href":"https:\/\/spanishbreak.com\/fr\/wp-json\/wp\/v2\/media?parent=4249"}],"wp:term":[{"taxonomy":"product_brand","embeddable":true,"href":"https:\/\/spanishbreak.com\/fr\/wp-json\/wp\/v2\/product_brand?post=4249"},{"taxonomy":"product_cat","embeddable":true,"href":"https:\/\/spanishbreak.com\/fr\/wp-json\/wp\/v2\/product_cat?post=4249"},{"taxonomy":"product_tag","embeddable":true,"href":"https:\/\/spanishbreak.com\/fr\/wp-json\/wp\/v2\/product_tag?post=4249"}],"curies":[{"name":"wp","href":"https:\/\/api.w.org\/{rel}","templated":true}]}}