{"id":4252,"date":"2022-10-13T15:30:50","date_gmt":"2022-10-13T13:30:50","guid":{"rendered":"https:\/\/spanishbreak.com\/producto\/1252\/"},"modified":"2025-12-17T15:42:34","modified_gmt":"2025-12-17T14:42:34","slug":"1252","status":"publish","type":"product","link":"https:\/\/spanishbreak.com\/fr\/product\/1252\/","title":{"rendered":"PARACHUTE ASCENSIONNEL \u00e0 Barcelone"},"content":{"rendered":"<p><strong>Terre, air et mer !<\/strong><\/p>\n<p>Si vous cherchez quelque chose de vraiment sp\u00e9cial pour votre <strong>EVG\/EVJF \u00e0 Barcelone<\/strong>, pensez \u00e0 faire l\u2019exp\u00e9rience du parachute ascensionnel !<\/p>\n<p>Tout commencera sur un bateau, avant de vous envoler dans les airs o\u00f9 vous pourrez profiter de l\u2019incroyable vue sur Barcelone. Le m\u00e9lange d\u2019adr\u00e9naline et de paix est vraiment excitant et c\u2019est une chose dont vous vous souviendrez pour toujours \u2013 n\u2019oubliez pas votre appareil photo pour\u00a0prendre la t\u00eate de votre ami quand il ne touchera plus terre !<\/p>\n<p>Vous atteindrez une hauteur d\u2019environ 70 \u00e0 90 m\u00e8tres,\u00a0le tout\u00a0en totale\u00a0s\u00e9curit\u00e9 et vous n\u2019aurez m\u00eame pas \u00e0 vous mouiller si vous le d\u00e9sirez !<\/p>\n","protected":false},"excerpt":{"rendered":"<p>Terre, air et mer ! Si vous cherchez quelque chose de vraiment sp\u00e9cial pour votre EVG\/EVJF \u00e0 Barcelone, pensez \u00e0 faire l\u2019exp\u00e9rience du parachute ascensionnel ! Tout commencera sur un bateau, avant de vous envoler dans les airs o\u00f9 vous pourrez profiter de l\u2019incroyable vue sur Barcelone. Le m\u00e9lange d\u2019adr\u00e9naline et de paix est vraiment [&hellip;]<\/p>\n","protected":false},"featured_media":3084,"comment_status":"closed","ping_status":"closed","template":"","meta":{"site-sidebar-layout":"default","site-content-layout":"default","ast-site-content-layout":"default","site-content-style":"default","site-sidebar-style":"default","ast-global-header-display":"","ast-banner-title-visibility":"","ast-main-header-display":"","ast-hfb-above-header-display":"","ast-hfb-below-header-display":"","ast-hfb-mobile-header-display":"","site-post-title":"","ast-breadcrumbs-content":"","ast-featured-img":"","footer-sml-layout":"","theme-transparent-header-meta":"default","adv-header-id-meta":"","stick-header-meta":"","header-above-stick-meta":"","header-main-stick-meta":"","header-below-stick-meta":"","astra-migrate-meta-layouts":"set","ast-page-background-enabled":"default","ast-page-background-meta":{"desktop":{"background-color":"var(--ast-global-color-4)","background-image":"","background-repeat":"repeat","background-position":"center center","background-size":"auto","background-attachment":"scroll","background-type":"","background-media":"","overlay-type":"","overlay-color":"","overlay-opacity":"","overlay-gradient":""},"tablet":{"background-color":"","background-image":"","background-repeat":"repeat","background-position":"center center","background-size":"auto","background-attachment":"scroll","background-type":"","background-media":"","overlay-type":"","overlay-color":"","overlay-opacity":"","overlay-gradient":""},"mobile":{"background-color":"","background-image":"","background-repeat":"repeat","background-position":"center center","background-size":"auto","background-attachment":"scroll","background-type":"","background-media":"","overlay-type":"","overlay-color":"","overlay-opacity":"","overlay-gradient":""}},"ast-content-background-meta":{"desktop":{"background-color":"var(--ast-global-color-5)","background-image":"","background-repeat":"repeat","background-position":"center center","background-size":"auto","background-attachment":"scroll","background-type":"","background-media":"","overlay-type":"","overlay-color":"","overlay-opacity":"","overlay-gradient":""},"tablet":{"background-color":"var(--ast-global-color-5)","background-image":"","background-repeat":"repeat","background-position":"center center","background-size":"auto","background-attachment":"scroll","background-type":"","background-media":"","overlay-type":"","overlay-color":"","overlay-opacity":"","overlay-gradient":""},"mobile":{"background-color":"var(--ast-global-color-5)","background-image":"","background-repeat":"repeat","background-position":"center center","background-size":"auto","background-attachment":"scroll","background-type":"","background-media":"","overlay-type":"","overlay-color":"","overlay-opacity":"","overlay-gradient":""}},"repeater_packs":""},"product_brand":[],"product_cat":[68,66,73],"product_tag":[36,35],"class_list":{"0":"post-4252","1":"product","2":"type-product","3":"status-publish","4":"has-post-thumbnail","6":"product_cat-day-time-activities","7":"product_cat-hen-fr-2","8":"product_cat-stag-fr","9":"product_tag-hen","10":"product_tag-stag","11":"desktop-align-left","12":"tablet-align-left","13":"mobile-align-left","15":"first","16":"instock","17":"shipping-taxable","18":"product-type-simple"},"yoast_head":"<!-- This site is optimized with the Yoast SEO plugin v26.8 - https:\/\/yoast.com\/product\/yoast-seo-wordpress\/ -->\n<title>PARACHUTE ASCENSIONNEL \u00e0 Barcelone : Adr\u00e9naline !<\/title>\n<meta name=\"description\" content=\"Terre, air et mer ! Si vous cherchez quelque chose de vraiment sp\u00e9cial pour votre EVG\/EVJF \u00e0 Barcelone, pensez \u00e0 faire l\u2019exp\u00e9rience du parachute Exp\u00e9rimentez le parachute ascensionnel pour votre EVG\/EVJF \u00e0 Barcelone. Montez \u00e0 90m d&#039;altitude en toute s\u00e9curit\u00e9 et capturez des vues \u00e9poustouflantes\" \/>\n<meta name=\"robots\" content=\"index, follow, max-snippet:-1, max-image-preview:large, max-video-preview:-1\" \/>\n<link rel=\"canonical\" href=\"https:\/\/spanishbreak.com\/fr\/product\/1252\/\" \/>\n<meta property=\"og:locale\" content=\"fr_FR\" \/>\n<meta property=\"og:type\" content=\"article\" \/>\n<meta property=\"og:title\" content=\"PARACHUTE ASCENSIONNEL \u00e0 Barcelone : Adr\u00e9naline !\" \/>\n<meta property=\"og:description\" content=\"Terre, air et mer ! Si vous cherchez quelque chose de vraiment sp\u00e9cial pour votre EVG\/EVJF \u00e0 Barcelone, pensez \u00e0 faire l\u2019exp\u00e9rience du parachute Exp\u00e9rimentez le parachute ascensionnel pour votre EVG\/EVJF \u00e0 Barcelone. Montez \u00e0 90m d&#039;altitude en toute s\u00e9curit\u00e9 et capturez des vues \u00e9poustouflantes\" \/>\n<meta property=\"og:url\" content=\"https:\/\/spanishbreak.com\/fr\/product\/1252\/\" \/>\n<meta property=\"og:site_name\" content=\"Spanishbreak\" \/>\n<meta property=\"article:publisher\" content=\"https:\/\/www.facebook.com\/spanishbreak\" \/>\n<meta property=\"article:modified_time\" content=\"2025-12-17T14:42:34+00:00\" \/>\n<meta property=\"og:image\" content=\"https:\/\/spanishbreak.com\/wp-content\/uploads\/2022\/10\/parachute-barcelona.jpg\" \/>\n\t<meta property=\"og:image:width\" content=\"1000\" \/>\n\t<meta property=\"og:image:height\" content=\"1000\" \/>\n\t<meta property=\"og:image:type\" content=\"image\/jpeg\" \/>\n<meta name=\"twitter:card\" content=\"summary_large_image\" \/>\n<meta name=\"twitter:label1\" content=\"Dur\u00e9e de lecture estim\u00e9e\" \/>\n\t<meta name=\"twitter:data1\" content=\"1 minute\" \/>\n<script type=\"application\/ld+json\" class=\"yoast-schema-graph\">{\"@context\":\"https:\/\/schema.org\",\"@graph\":[{\"@type\":[\"WebPage\",\"ItemPage\"],\"@id\":\"https:\/\/spanishbreak.com\/fr\/product\/1252\/\",\"url\":\"https:\/\/spanishbreak.com\/fr\/product\/1252\/\",\"name\":\"PARACHUTE ASCENSIONNEL \u00e0 Barcelone : Adr\u00e9naline !\",\"isPartOf\":{\"@id\":\"https:\/\/spanishbreak.com\/#website\"},\"primaryImageOfPage\":{\"@id\":\"https:\/\/spanishbreak.com\/fr\/product\/1252\/#primaryimage\"},\"image\":{\"@id\":\"https:\/\/spanishbreak.com\/fr\/product\/1252\/#primaryimage\"},\"thumbnailUrl\":\"https:\/\/spanishbreak.com\/wp-content\/uploads\/2022\/10\/parachute-barcelona.jpg\",\"datePublished\":\"2022-10-13T13:30:50+00:00\",\"dateModified\":\"2025-12-17T14:42:34+00:00\",\"description\":\"Terre, air et mer ! Si vous cherchez quelque chose de vraiment sp\u00e9cial pour votre EVG\/EVJF \u00e0 Barcelone, pensez \u00e0 faire l\u2019exp\u00e9rience du parachute Exp\u00e9rimentez le parachute ascensionnel pour votre EVG\/EVJF \u00e0 Barcelone. Montez \u00e0 90m d'altitude en toute s\u00e9curit\u00e9 et capturez des vues \u00e9poustouflantes\",\"breadcrumb\":{\"@id\":\"https:\/\/spanishbreak.com\/fr\/product\/1252\/#breadcrumb\"},\"inLanguage\":\"fr-FR\",\"potentialAction\":[{\"@type\":\"ReadAction\",\"target\":[\"https:\/\/spanishbreak.com\/fr\/product\/1252\/\"]}]},{\"@type\":\"ImageObject\",\"inLanguage\":\"fr-FR\",\"@id\":\"https:\/\/spanishbreak.com\/fr\/product\/1252\/#primaryimage\",\"url\":\"https:\/\/spanishbreak.com\/wp-content\/uploads\/2022\/10\/parachute-barcelona.jpg\",\"contentUrl\":\"https:\/\/spanishbreak.com\/wp-content\/uploads\/2022\/10\/parachute-barcelona.jpg\",\"width\":1000,\"height\":1000},{\"@type\":\"BreadcrumbList\",\"@id\":\"https:\/\/spanishbreak.com\/fr\/product\/1252\/#breadcrumb\",\"itemListElement\":[{\"@type\":\"ListItem\",\"position\":1,\"name\":\"Home\",\"item\":\"https:\/\/spanishbreak.com\/\"},{\"@type\":\"ListItem\",\"position\":2,\"name\":\"Boutique\",\"item\":\"https:\/\/spanishbreak.com\/boutique\/?lang=fr\"},{\"@type\":\"ListItem\",\"position\":3,\"name\":\"PARACHUTE ASCENSIONNEL \u00e0 Barcelone\"}]},{\"@type\":\"WebSite\",\"@id\":\"https:\/\/spanishbreak.com\/#website\",\"url\":\"https:\/\/spanishbreak.com\/\",\"name\":\"Spanish Break\",\"description\":\"Otro sitio realizado con WordPress\",\"publisher\":{\"@id\":\"https:\/\/spanishbreak.com\/#organization\"},\"potentialAction\":[{\"@type\":\"SearchAction\",\"target\":{\"@type\":\"EntryPoint\",\"urlTemplate\":\"https:\/\/spanishbreak.com\/?s={search_term_string}\"},\"query-input\":{\"@type\":\"PropertyValueSpecification\",\"valueRequired\":true,\"valueName\":\"search_term_string\"}}],\"inLanguage\":\"fr-FR\"},{\"@type\":\"Organization\",\"@id\":\"https:\/\/spanishbreak.com\/#organization\",\"name\":\"Spanish Break\",\"url\":\"https:\/\/spanishbreak.com\/\",\"logo\":{\"@type\":\"ImageObject\",\"inLanguage\":\"fr-FR\",\"@id\":\"https:\/\/spanishbreak.com\/#\/schema\/logo\/image\/\",\"url\":\"https:\/\/spanishbreak.com\/wp-content\/uploads\/2024\/03\/logo-spanish-break.png\",\"contentUrl\":\"https:\/\/spanishbreak.com\/wp-content\/uploads\/2024\/03\/logo-spanish-break.png\",\"width\":323,\"height\":37,\"caption\":\"Spanish Break\"},\"image\":{\"@id\":\"https:\/\/spanishbreak.com\/#\/schema\/logo\/image\/\"},\"sameAs\":[\"https:\/\/www.facebook.com\/spanishbreak\",\"https:\/\/www.instagram.com\/spanishbreakbcn\/\"]}]}<\/script>\n<!-- \/ Yoast SEO plugin. -->","yoast_head_json":{"title":"PARACHUTE ASCENSIONNEL \u00e0 Barcelone : Adr\u00e9naline !","description":"Terre, air et mer ! Si vous cherchez quelque chose de vraiment sp\u00e9cial pour votre EVG\/EVJF \u00e0 Barcelone, pensez \u00e0 faire l\u2019exp\u00e9rience du parachute Exp\u00e9rimentez le parachute ascensionnel pour votre EVG\/EVJF \u00e0 Barcelone. Montez \u00e0 90m d'altitude en toute s\u00e9curit\u00e9 et capturez des vues \u00e9poustouflantes","robots":{"index":"index","follow":"follow","max-snippet":"max-snippet:-1","max-image-preview":"max-image-preview:large","max-video-preview":"max-video-preview:-1"},"canonical":"https:\/\/spanishbreak.com\/fr\/product\/1252\/","og_locale":"fr_FR","og_type":"article","og_title":"PARACHUTE ASCENSIONNEL \u00e0 Barcelone : Adr\u00e9naline !","og_description":"Terre, air et mer ! Si vous cherchez quelque chose de vraiment sp\u00e9cial pour votre EVG\/EVJF \u00e0 Barcelone, pensez \u00e0 faire l\u2019exp\u00e9rience du parachute Exp\u00e9rimentez le parachute ascensionnel pour votre EVG\/EVJF \u00e0 Barcelone. Montez \u00e0 90m d'altitude en toute s\u00e9curit\u00e9 et capturez des vues \u00e9poustouflantes","og_url":"https:\/\/spanishbreak.com\/fr\/product\/1252\/","og_site_name":"Spanishbreak","article_publisher":"https:\/\/www.facebook.com\/spanishbreak","article_modified_time":"2025-12-17T14:42:34+00:00","og_image":[{"width":1000,"height":1000,"url":"https:\/\/spanishbreak.com\/wp-content\/uploads\/2022\/10\/parachute-barcelona.jpg","type":"image\/jpeg"}],"twitter_card":"summary_large_image","twitter_misc":{"Dur\u00e9e de lecture estim\u00e9e":"1 minute"},"schema":{"@context":"https:\/\/schema.org","@graph":[{"@type":["WebPage","ItemPage"],"@id":"https:\/\/spanishbreak.com\/fr\/product\/1252\/","url":"https:\/\/spanishbreak.com\/fr\/product\/1252\/","name":"PARACHUTE ASCENSIONNEL \u00e0 Barcelone : Adr\u00e9naline !","isPartOf":{"@id":"https:\/\/spanishbreak.com\/#website"},"primaryImageOfPage":{"@id":"https:\/\/spanishbreak.com\/fr\/product\/1252\/#primaryimage"},"image":{"@id":"https:\/\/spanishbreak.com\/fr\/product\/1252\/#primaryimage"},"thumbnailUrl":"https:\/\/spanishbreak.com\/wp-content\/uploads\/2022\/10\/parachute-barcelona.jpg","datePublished":"2022-10-13T13:30:50+00:00","dateModified":"2025-12-17T14:42:34+00:00","description":"Terre, air et mer ! Si vous cherchez quelque chose de vraiment sp\u00e9cial pour votre EVG\/EVJF \u00e0 Barcelone, pensez \u00e0 faire l\u2019exp\u00e9rience du parachute Exp\u00e9rimentez le parachute ascensionnel pour votre EVG\/EVJF \u00e0 Barcelone. Montez \u00e0 90m d'altitude en toute s\u00e9curit\u00e9 et capturez des vues \u00e9poustouflantes","breadcrumb":{"@id":"https:\/\/spanishbreak.com\/fr\/product\/1252\/#breadcrumb"},"inLanguage":"fr-FR","potentialAction":[{"@type":"ReadAction","target":["https:\/\/spanishbreak.com\/fr\/product\/1252\/"]}]},{"@type":"ImageObject","inLanguage":"fr-FR","@id":"https:\/\/spanishbreak.com\/fr\/product\/1252\/#primaryimage","url":"https:\/\/spanishbreak.com\/wp-content\/uploads\/2022\/10\/parachute-barcelona.jpg","contentUrl":"https:\/\/spanishbreak.com\/wp-content\/uploads\/2022\/10\/parachute-barcelona.jpg","width":1000,"height":1000},{"@type":"BreadcrumbList","@id":"https:\/\/spanishbreak.com\/fr\/product\/1252\/#breadcrumb","itemListElement":[{"@type":"ListItem","position":1,"name":"Home","item":"https:\/\/spanishbreak.com\/"},{"@type":"ListItem","position":2,"name":"Boutique","item":"https:\/\/spanishbreak.com\/boutique\/?lang=fr"},{"@type":"ListItem","position":3,"name":"PARACHUTE ASCENSIONNEL \u00e0 Barcelone"}]},{"@type":"WebSite","@id":"https:\/\/spanishbreak.com\/#website","url":"https:\/\/spanishbreak.com\/","name":"Spanish Break","description":"Otro sitio realizado con WordPress","publisher":{"@id":"https:\/\/spanishbreak.com\/#organization"},"potentialAction":[{"@type":"SearchAction","target":{"@type":"EntryPoint","urlTemplate":"https:\/\/spanishbreak.com\/?s={search_term_string}"},"query-input":{"@type":"PropertyValueSpecification","valueRequired":true,"valueName":"search_term_string"}}],"inLanguage":"fr-FR"},{"@type":"Organization","@id":"https:\/\/spanishbreak.com\/#organization","name":"Spanish Break","url":"https:\/\/spanishbreak.com\/","logo":{"@type":"ImageObject","inLanguage":"fr-FR","@id":"https:\/\/spanishbreak.com\/#\/schema\/logo\/image\/","url":"https:\/\/spanishbreak.com\/wp-content\/uploads\/2024\/03\/logo-spanish-break.png","contentUrl":"https:\/\/spanishbreak.com\/wp-content\/uploads\/2024\/03\/logo-spanish-break.png","width":323,"height":37,"caption":"Spanish Break"},"image":{"@id":"https:\/\/spanishbreak.com\/#\/schema\/logo\/image\/"},"sameAs":["https:\/\/www.facebook.com\/spanishbreak","https:\/\/www.instagram.com\/spanishbreakbcn\/"]}]}},"_links":{"self":[{"href":"https:\/\/spanishbreak.com\/fr\/wp-json\/wp\/v2\/product\/4252","targetHints":{"allow":["GET"]}}],"collection":[{"href":"https:\/\/spanishbreak.com\/fr\/wp-json\/wp\/v2\/product"}],"about":[{"href":"https:\/\/spanishbreak.com\/fr\/wp-json\/wp\/v2\/types\/product"}],"replies":[{"embeddable":true,"href":"https:\/\/spanishbreak.com\/fr\/wp-json\/wp\/v2\/comments?post=4252"}],"wp:featuredmedia":[{"embeddable":true,"href":"https:\/\/spanishbreak.com\/fr\/wp-json\/wp\/v2\/media\/3084"}],"wp:attachment":[{"href":"https:\/\/spanishbreak.com\/fr\/wp-json\/wp\/v2\/media?parent=4252"}],"wp:term":[{"taxonomy":"product_brand","embeddable":true,"href":"https:\/\/spanishbreak.com\/fr\/wp-json\/wp\/v2\/product_brand?post=4252"},{"taxonomy":"product_cat","embeddable":true,"href":"https:\/\/spanishbreak.com\/fr\/wp-json\/wp\/v2\/product_cat?post=4252"},{"taxonomy":"product_tag","embeddable":true,"href":"https:\/\/spanishbreak.com\/fr\/wp-json\/wp\/v2\/product_tag?post=4252"}],"curies":[{"name":"wp","href":"https:\/\/api.w.org\/{rel}","templated":true}]}}